{"id":9511,"date":"2025-10-02T11:16:10","date_gmt":"2025-10-02T11:16:10","guid":{"rendered":"http:\/\/dekornik.com\/product\/border-wide-blue-yellow\/"},"modified":"2026-04-07T14:23:14","modified_gmt":"2026-04-07T14:23:14","slug":"border-wide-blue-yellow","status":"publish","type":"product","link":"https:\/\/dekornik.com\/pl\/produkt\/border-wide-blue-yellow\/","title":{"rendered":"Border Wide Blue Yellow"},"content":{"rendered":"<p>Bordery to idealne rozwi\u0105zanie dla tych, kt\u00f3rzy chc\u0105 odmieni\u0107 pok\u00f3j dziecka w 30 minut.<\/p>\n<p>To niezbyt wysokie pasy, kt\u00f3re \u015bwietnie sprawdz\u0105 si\u0119 jako:<\/p>\n<ul>\n<li>dekoracja przy suficie,<\/li>\n<li>dekoracja nad listw\u0105 przypod\u0142ogow\u0105,<\/li>\n<li>kolorowy akcent w po\u0142owie wysoko\u015bci \u015bciany,<\/li>\n<li>urozmaicenie tapety (np. przez doklejenie borderu u g\u00f3ry lub na dole),<\/li>\n<li>wyko\u0144czenie \u015bciany malowanej do po\u0142owy,<\/li>\n<li>pas nad panelami \u015bciennymi.<\/li>\n<\/ul>\n<p>Bordery s\u0105 wykonane z tego samego materia\u0142u co nasze tapety, dzi\u0119ki czemu idealnie pasuj\u0105 do pozosta\u0142ych produkt\u00f3w Dekornik.<\/p>\n<p>Monta\u017c border\u00f3w: na klej do tapet.<\/p>\n<p><strong>SZCZEG\u00d3\u0141Y TECHNICZNE:<\/strong><br \/>Szeroko\u015b\u0107: 100 cm<br \/>Wysoko\u015b\u0107: 25 cm<\/p>\n<p>Zajrzyj te\u017c na nasz Instagram \u2014 znajdziesz tam mn\u00f3stwo inspiracji, jak wykorzysta\u0107 bordery Dekornik!<\/p>\n","protected":false},"excerpt":{"rendered":"<p>Czasem wystarczy jeden detal, aby pok\u00f3j dziecka nabra\u0142 zupe\u0142nie nowego charakteru \u2014 i w\u0142a\u015bnie tak dzia\u0142aj\u0105 nasze bordery!<\/p>\n<p>Miodowy, przes\u0142odki \u017c\u00f3\u0142ty z lekko zgaszonym b\u0142\u0119kitem to pi\u0119kne, s\u0142oneczne po\u0142\u0105czenie. \u015awietnie sprawdza si\u0119 pod sufitem, w po\u0142owie \u015bciany albo jako wyko\u0144czenie przy lamperii. To prosty spos\u00f3b, aby domkn\u0105\u0107 aran\u017cacj\u0119 i sp\u00f3jnie po\u0142\u0105czy\u0107 kolory we wn\u0119trzu.<\/p>\n","protected":false},"featured_media":9512,"comment_status":"open","ping_status":"closed","template":"","meta":{"inline_featured_image":false},"product_brand":[],"product_cat":[605,237],"product_tag":[695,696,707,723,734,747,753,759],"class_list":{"0":"post-9511","1":"product","2":"type-product","3":"status-publish","4":"has-post-thumbnail","6":"product_cat-bordery","7":"product_cat-tapety","8":"product_tag-ceiling-edge-idea-pl","9":"product_tag-classic-check-pl","10":"product_tag-easy-diy-refresh-pl","11":"product_tag-mid-wall-stripe-idea-pl","12":"product_tag-pairs-with-borders-pl","13":"product_tag-skirting-edge-idea-pl","14":"product_tag-stripe-rhythm-pl","15":"product_tag-wainscoting-match-pl","17":"first","18":"instock","19":"sale","20":"taxable","21":"shipping-taxable","22":"purchasable","23":"product-type-simple"},"yoast_head":"<!-- This site is optimized with the Yoast SEO plugin v27.3 - https:\/\/yoast.com\/product\/yoast-seo-wordpress\/ -->\n<title>Transform Kids Rooms with Blue Yellow Wall Border Decor<\/title>\n<meta name=\"description\" content=\"Transform a child&#039;s room in 30 mins with our Blue Yellow wall border. Perfect for ceiling, skirting, or mid-height decor. Shop durable, stylish kids room borders!\" \/>\n<meta name=\"robots\" content=\"index, follow, max-snippet:-1, max-image-preview:large, max-video-preview:-1\" \/>\n<link rel=\"canonical\" href=\"https:\/\/dekornik.com\/pl\/produkt\/border-wide-blue-yellow\/\" \/>\n<meta property=\"og:locale\" content=\"pl_PL\" \/>\n<meta property=\"og:type\" content=\"article\" \/>\n<meta property=\"og:title\" content=\"Transform Kids Rooms with Blue Yellow Wall Border Decor\" \/>\n<meta property=\"og:description\" content=\"Transform a child&#039;s room in 30 mins with our Blue Yellow wall border. Perfect for ceiling, skirting, or mid-height decor. Shop durable, stylish kids room borders!\" \/>\n<meta property=\"og:url\" content=\"https:\/\/dekornik.com\/pl\/produkt\/border-wide-blue-yellow\/\" \/>\n<meta property=\"og:site_name\" content=\"Dekornik\" \/>\n<meta property=\"article:publisher\" content=\"https:\/\/www.facebook.com\/DEKORNIK\/\" \/>\n<meta property=\"article:modified_time\" content=\"2026-04-07T14:23:14+00:00\" \/>\n<meta property=\"og:image\" content=\"https:\/\/dekornik.com\/wp-content\/uploads\/2025\/10\/DEKO.BORD_yellow.jpg\" \/>\n\t<meta property=\"og:image:width\" content=\"1000\" \/>\n\t<meta property=\"og:image:height\" content=\"1000\" \/>\n\t<meta property=\"og:image:type\" content=\"image\/jpeg\" \/>\n<script type=\"application\/ld+json\" class=\"yoast-schema-graph\">{\"@context\":\"https:\\\/\\\/schema.org\",\"@graph\":[{\"@type\":\"WebPage\",\"@id\":\"https:\\\/\\\/dekornik.com\\\/pl\\\/produkt\\\/border-wide-blue-yellow\\\/\",\"url\":\"https:\\\/\\\/dekornik.com\\\/pl\\\/produkt\\\/border-wide-blue-yellow\\\/\",\"name\":\"Transform Kids Rooms with Blue Yellow Wall Border Decor\",\"isPartOf\":{\"@id\":\"https:\\\/\\\/dekornik.com\\\/pl\\\/#website\"},\"primaryImageOfPage\":{\"@id\":\"https:\\\/\\\/dekornik.com\\\/pl\\\/produkt\\\/border-wide-blue-yellow\\\/#primaryimage\"},\"image\":{\"@id\":\"https:\\\/\\\/dekornik.com\\\/pl\\\/produkt\\\/border-wide-blue-yellow\\\/#primaryimage\"},\"thumbnailUrl\":\"https:\\\/\\\/dekornik.com\\\/wp-content\\\/uploads\\\/2025\\\/10\\\/DEKO.BORD_yellow.jpg\",\"datePublished\":\"2025-10-02T11:16:10+00:00\",\"dateModified\":\"2026-04-07T14:23:14+00:00\",\"description\":\"Transform a child's room in 30 mins with our Blue Yellow wall border. Perfect for ceiling, skirting, or mid-height decor. Shop durable, stylish kids room borders!\",\"breadcrumb\":{\"@id\":\"https:\\\/\\\/dekornik.com\\\/pl\\\/produkt\\\/border-wide-blue-yellow\\\/#breadcrumb\"},\"inLanguage\":\"pl-PL\",\"potentialAction\":[{\"@type\":\"ReadAction\",\"target\":[\"https:\\\/\\\/dekornik.com\\\/pl\\\/produkt\\\/border-wide-blue-yellow\\\/\"]}]},{\"@type\":\"ImageObject\",\"inLanguage\":\"pl-PL\",\"@id\":\"https:\\\/\\\/dekornik.com\\\/pl\\\/produkt\\\/border-wide-blue-yellow\\\/#primaryimage\",\"url\":\"https:\\\/\\\/dekornik.com\\\/wp-content\\\/uploads\\\/2025\\\/10\\\/DEKO.BORD_yellow.jpg\",\"contentUrl\":\"https:\\\/\\\/dekornik.com\\\/wp-content\\\/uploads\\\/2025\\\/10\\\/DEKO.BORD_yellow.jpg\",\"width\":1000,\"height\":1000},{\"@type\":\"BreadcrumbList\",\"@id\":\"https:\\\/\\\/dekornik.com\\\/pl\\\/produkt\\\/border-wide-blue-yellow\\\/#breadcrumb\",\"itemListElement\":[{\"@type\":\"ListItem\",\"position\":1,\"name\":\"Home\",\"item\":\"https:\\\/\\\/dekornik.com\\\/pl\\\/\"},{\"@type\":\"ListItem\",\"position\":2,\"name\":\"Sklep\",\"item\":\"https:\\\/\\\/dekornik.com\\\/pl\\\/sklep\\\/\"},{\"@type\":\"ListItem\",\"position\":3,\"name\":\"Border Wide Blue Yellow\"}]},{\"@type\":\"WebSite\",\"@id\":\"https:\\\/\\\/dekornik.com\\\/pl\\\/#website\",\"url\":\"https:\\\/\\\/dekornik.com\\\/pl\\\/\",\"name\":\"Dekornik\",\"description\":\"Your little one will love it\\\\!\",\"publisher\":{\"@id\":\"https:\\\/\\\/dekornik.com\\\/pl\\\/#organization\"},\"potentialAction\":[{\"@type\":\"SearchAction\",\"target\":{\"@type\":\"EntryPoint\",\"urlTemplate\":\"https:\\\/\\\/dekornik.com\\\/pl\\\/?s={search_term_string}\"},\"query-input\":{\"@type\":\"PropertyValueSpecification\",\"valueRequired\":true,\"valueName\":\"search_term_string\"}}],\"inLanguage\":\"pl-PL\"},{\"@type\":\"Organization\",\"@id\":\"https:\\\/\\\/dekornik.com\\\/pl\\\/#organization\",\"name\":\"Dekornik sp. z o.o.\",\"url\":\"https:\\\/\\\/dekornik.com\\\/pl\\\/\",\"logo\":{\"@type\":\"ImageObject\",\"inLanguage\":\"pl-PL\",\"@id\":\"https:\\\/\\\/dekornik.com\\\/pl\\\/#\\\/schema\\\/logo\\\/image\\\/\",\"url\":\"http:\\\/\\\/dekornik.com\\\/wp-content\\\/uploads\\\/2026\\\/01\\\/logo_dekornik-01-1.svg\",\"contentUrl\":\"http:\\\/\\\/dekornik.com\\\/wp-content\\\/uploads\\\/2026\\\/01\\\/logo_dekornik-01-1.svg\",\"width\":\"1024\",\"height\":\"1024\",\"caption\":\"Dekornik sp. z o.o.\"},\"image\":{\"@id\":\"https:\\\/\\\/dekornik.com\\\/pl\\\/#\\\/schema\\\/logo\\\/image\\\/\"},\"sameAs\":[\"https:\\\/\\\/www.facebook.com\\\/DEKORNIK\\\/\",\"https:\\\/\\\/instagram.com\\\/dekornik\",\"https:\\\/\\\/www.pinterest.com\\\/dekornikcom\\\/\"]}]}<\/script>\n<!-- \/ Yoast SEO plugin. -->","yoast_head_json":{"title":"Transform Kids Rooms with Blue Yellow Wall Border Decor","description":"Transform a child's room in 30 mins with our Blue Yellow wall border. Perfect for ceiling, skirting, or mid-height decor. Shop durable, stylish kids room borders!","robots":{"index":"index","follow":"follow","max-snippet":"max-snippet:-1","max-image-preview":"max-image-preview:large","max-video-preview":"max-video-preview:-1"},"canonical":"https:\/\/dekornik.com\/pl\/produkt\/border-wide-blue-yellow\/","og_locale":"pl_PL","og_type":"article","og_title":"Transform Kids Rooms with Blue Yellow Wall Border Decor","og_description":"Transform a child's room in 30 mins with our Blue Yellow wall border. Perfect for ceiling, skirting, or mid-height decor. Shop durable, stylish kids room borders!","og_url":"https:\/\/dekornik.com\/pl\/produkt\/border-wide-blue-yellow\/","og_site_name":"Dekornik","article_publisher":"https:\/\/www.facebook.com\/DEKORNIK\/","article_modified_time":"2026-04-07T14:23:14+00:00","og_image":[{"width":1000,"height":1000,"url":"https:\/\/dekornik.com\/wp-content\/uploads\/2025\/10\/DEKO.BORD_yellow.jpg","type":"image\/jpeg"}],"schema":{"@context":"https:\/\/schema.org","@graph":[{"@type":"WebPage","@id":"https:\/\/dekornik.com\/pl\/produkt\/border-wide-blue-yellow\/","url":"https:\/\/dekornik.com\/pl\/produkt\/border-wide-blue-yellow\/","name":"Transform Kids Rooms with Blue Yellow Wall Border Decor","isPartOf":{"@id":"https:\/\/dekornik.com\/pl\/#website"},"primaryImageOfPage":{"@id":"https:\/\/dekornik.com\/pl\/produkt\/border-wide-blue-yellow\/#primaryimage"},"image":{"@id":"https:\/\/dekornik.com\/pl\/produkt\/border-wide-blue-yellow\/#primaryimage"},"thumbnailUrl":"https:\/\/dekornik.com\/wp-content\/uploads\/2025\/10\/DEKO.BORD_yellow.jpg","datePublished":"2025-10-02T11:16:10+00:00","dateModified":"2026-04-07T14:23:14+00:00","description":"Transform a child's room in 30 mins with our Blue Yellow wall border. Perfect for ceiling, skirting, or mid-height decor. Shop durable, stylish kids room borders!","breadcrumb":{"@id":"https:\/\/dekornik.com\/pl\/produkt\/border-wide-blue-yellow\/#breadcrumb"},"inLanguage":"pl-PL","potentialAction":[{"@type":"ReadAction","target":["https:\/\/dekornik.com\/pl\/produkt\/border-wide-blue-yellow\/"]}]},{"@type":"ImageObject","inLanguage":"pl-PL","@id":"https:\/\/dekornik.com\/pl\/produkt\/border-wide-blue-yellow\/#primaryimage","url":"https:\/\/dekornik.com\/wp-content\/uploads\/2025\/10\/DEKO.BORD_yellow.jpg","contentUrl":"https:\/\/dekornik.com\/wp-content\/uploads\/2025\/10\/DEKO.BORD_yellow.jpg","width":1000,"height":1000},{"@type":"BreadcrumbList","@id":"https:\/\/dekornik.com\/pl\/produkt\/border-wide-blue-yellow\/#breadcrumb","itemListElement":[{"@type":"ListItem","position":1,"name":"Home","item":"https:\/\/dekornik.com\/pl\/"},{"@type":"ListItem","position":2,"name":"Sklep","item":"https:\/\/dekornik.com\/pl\/sklep\/"},{"@type":"ListItem","position":3,"name":"Border Wide Blue Yellow"}]},{"@type":"WebSite","@id":"https:\/\/dekornik.com\/pl\/#website","url":"https:\/\/dekornik.com\/pl\/","name":"Dekornik","description":"Your little one will love it\\!","publisher":{"@id":"https:\/\/dekornik.com\/pl\/#organization"},"potentialAction":[{"@type":"SearchAction","target":{"@type":"EntryPoint","urlTemplate":"https:\/\/dekornik.com\/pl\/?s={search_term_string}"},"query-input":{"@type":"PropertyValueSpecification","valueRequired":true,"valueName":"search_term_string"}}],"inLanguage":"pl-PL"},{"@type":"Organization","@id":"https:\/\/dekornik.com\/pl\/#organization","name":"Dekornik sp. z o.o.","url":"https:\/\/dekornik.com\/pl\/","logo":{"@type":"ImageObject","inLanguage":"pl-PL","@id":"https:\/\/dekornik.com\/pl\/#\/schema\/logo\/image\/","url":"http:\/\/dekornik.com\/wp-content\/uploads\/2026\/01\/logo_dekornik-01-1.svg","contentUrl":"http:\/\/dekornik.com\/wp-content\/uploads\/2026\/01\/logo_dekornik-01-1.svg","width":"1024","height":"1024","caption":"Dekornik sp. z o.o."},"image":{"@id":"https:\/\/dekornik.com\/pl\/#\/schema\/logo\/image\/"},"sameAs":["https:\/\/www.facebook.com\/DEKORNIK\/","https:\/\/instagram.com\/dekornik","https:\/\/www.pinterest.com\/dekornikcom\/"]}]}},"_links":{"self":[{"href":"https:\/\/dekornik.com\/pl\/wp-json\/wp\/v2\/product\/9511","targetHints":{"allow":["GET"]}}],"collection":[{"href":"https:\/\/dekornik.com\/pl\/wp-json\/wp\/v2\/product"}],"about":[{"href":"https:\/\/dekornik.com\/pl\/wp-json\/wp\/v2\/types\/product"}],"replies":[{"embeddable":true,"href":"https:\/\/dekornik.com\/pl\/wp-json\/wp\/v2\/comments?post=9511"}],"wp:featuredmedia":[{"embeddable":true,"href":"https:\/\/dekornik.com\/pl\/wp-json\/wp\/v2\/media\/9512"}],"wp:attachment":[{"href":"https:\/\/dekornik.com\/pl\/wp-json\/wp\/v2\/media?parent=9511"}],"wp:term":[{"taxonomy":"product_brand","embeddable":true,"href":"https:\/\/dekornik.com\/pl\/wp-json\/wp\/v2\/product_brand?post=9511"},{"taxonomy":"product_cat","embeddable":true,"href":"https:\/\/dekornik.com\/pl\/wp-json\/wp\/v2\/product_cat?post=9511"},{"taxonomy":"product_tag","embeddable":true,"href":"https:\/\/dekornik.com\/pl\/wp-json\/wp\/v2\/product_tag?post=9511"}],"curies":[{"name":"wp","href":"https:\/\/api.w.org\/{rel}","templated":true}]}}