{"id":9480,"date":"2025-10-02T11:16:17","date_gmt":"2025-10-02T11:16:17","guid":{"rendered":"http:\/\/dekornik.com\/product\/check-maxi-beige-blue-red-wallpaper\/"},"modified":"2026-04-02T10:42:23","modified_gmt":"2026-04-02T10:42:23","slug":"check-maxi-beige-blue-red-wallpaper","status":"publish","type":"product","link":"https:\/\/dekornik.com\/pl\/produkt\/check-maxi-beige-blue-red-wallpaper\/","title":{"rendered":"Check Maxi Beige Blue Red Tapeta"},"content":{"rendered":"<p>Fantastyczna, klasyczna i majestatyczna krata w delikatnych kolorach. \u015awietny wz\u00f3r na ca\u0142\u0105 \u015bcian\u0119 \u2014 taki, kt\u00f3rego nie trzeba si\u0119 obawia\u0107. Pokusili\u015bmy si\u0119 te\u017c o realizacj\u0119 z panelami i bia\u0142\u0105 lamperi\u0105 \u2014 wygl\u0105da r\u00f3wnie pi\u0119knie!<\/p>\n<p>Krata z niebieskimi i czerwonymi pasami o szeroko\u015bci 10 cm na be\u017cowym tle. Ca\u0142y panel ma a\u017c 100 cm szeroko\u015bci (patrz TECHNICZNIE poni\u017cej), co sprawia, \u017ce wz\u00f3r nie jest g\u0119sty. Jest po prostu 100% klasyczny.<\/p>\n<p><strong>TECHNICZNIE:<\/strong><\/p>\n<p>Tapeta podzielona jest na pasy:<\/p>\n<ul>\n<li>Wysoko\u015b\u0107: 280 cm<\/li>\n<li>Szeroko\u015b\u0107: 100 cm<\/li>\n<li>Mamy tak\u017ce opcj\u0119 140 cm na wysoko\u015b\u0107, dla wszystkich, kt\u00f3rzy lubi\u0105 lamperi\u0119 i chc\u0105 tapet\u0119 jedynie od po\u0142owy \u015bciany.<\/li>\n<\/ul>\n<p>Cena dotyczy jednego pasa.<\/p>\n<p>Te pasy pasuj\u0105 do wi\u0119kszo\u015bci standardowych mieszka\u0144 \u2013 maj\u0105 dodatkowe 20 cm d\u0142ugo\u015bci, wi\u0119c bez problemu przytniesz je do wysoko\u015bci swojej \u015bciany.<\/p>\n<p>Zamawianie tapet w pasach jest szybkie i wygodne. Wystarczy zmierzy\u0107 \u015bcian\u0119 i dobra\u0107 odpowiedni\u0105 liczb\u0119 pas\u00f3w \u2013 bez skomplikowanych oblicze\u0144. Trudno tu o pomy\u0142k\u0119.<\/p>\n<p>Dodatkowo powtarzalny wz\u00f3r \u2013 identyczny na ka\u017cdym pasie \u2013 u\u0142atwia precyzyjne \u0142\u0105czenie od sufitu, dzi\u0119ki czemu materia\u0142 wykorzystujesz niemal w ca\u0142o\u015bci i niewiele si\u0119 marnuje!<\/p>\n","protected":false},"excerpt":{"rendered":"<p>Majestatyczna krata w be\u017cowo-niebiesko-czerwonej tonacji z pasami o szeroko\u015bci 10 cm. Panel 100 cm daje wzorowi przestrze\u0144 \u2014 efekt jest klasyczny i elegancki, bez wra\u017cenia &#8222;za du\u017co&#8221;.<\/p>\n<p>Sprawdzi si\u0119 na ca\u0142ej \u015bcianie, ale \u015bwietnie wygl\u0105da te\u017c w duecie z panelami lub bia\u0142\u0105 lamperi\u0105.<\/p>\n<p>Drukowana na matowym papierze Dekornik \u2014 ekologicznym, grubym 190g\/m2, i bezpiecznym dla dzieci.<\/p>\n","protected":false},"featured_media":9481,"comment_status":"open","ping_status":"closed","template":"","meta":{"inline_featured_image":false},"product_brand":[],"product_cat":[402,401,405,404,387,237,400,390],"product_tag":[691,696,727,736,744,748,750,751,753,755],"class_list":{"0":"post-9480","1":"product","2":"type-product","3":"status-publish","4":"has-post-thumbnail","6":"product_cat-dla-chlopcow","7":"product_cat-dla-dziewczynek","8":"product_cat-dla-rodzicow","9":"product_cat-kolorowy-pokoj-malucha","10":"product_cat-kratka","11":"product_cat-tapety","12":"product_cat-vintage-pl","13":"product_cat-ziemiste-tony","14":"product_tag-big-kid-approved-pl","15":"product_tag-classic-check-pl","16":"product_tag-modern-classic-pl","17":"product_tag-parent-space-friendly-pl","18":"product_tag-retro-charm-pl","19":"product_tag-soft-grid-pl","20":"product_tag-starry-sparkle-pl","21":"product_tag-statement-wall-pl","22":"product_tag-stripe-rhythm-pl","23":"product_tag-toddler-energy-pl","25":"first","26":"instock","27":"sale","28":"taxable","29":"shipping-taxable","30":"purchasable","31":"product-type-variable","32":"has-default-attributes"},"yoast_head":"<!-- This site is optimized with the Yoast SEO plugin v27.3 - https:\/\/yoast.com\/product\/yoast-seo-wordpress\/ -->\n<title>Classic Beige Blue Red Maxi Checkered Wallpaper<\/title>\n<meta name=\"description\" content=\"Transform your home with classic Beige Blue Red Maxi Checkered Wallpaper. Easy-to-install 100cm stripes simplify decorating &amp; reduce waste. Add timeless charm!\" \/>\n<meta name=\"robots\" content=\"index, follow, max-snippet:-1, max-image-preview:large, max-video-preview:-1\" \/>\n<link rel=\"canonical\" href=\"https:\/\/dekornik.com\/pl\/produkt\/check-maxi-beige-blue-red-wallpaper\/\" \/>\n<meta property=\"og:locale\" content=\"pl_PL\" \/>\n<meta property=\"og:type\" content=\"article\" \/>\n<meta property=\"og:title\" content=\"Classic Beige Blue Red Maxi Checkered Wallpaper\" \/>\n<meta property=\"og:description\" content=\"Transform your home with classic Beige Blue Red Maxi Checkered Wallpaper. Easy-to-install 100cm stripes simplify decorating &amp; reduce waste. Add timeless charm!\" \/>\n<meta property=\"og:url\" content=\"https:\/\/dekornik.com\/pl\/produkt\/check-maxi-beige-blue-red-wallpaper\/\" \/>\n<meta property=\"og:site_name\" content=\"Dekornik\" \/>\n<meta property=\"article:publisher\" content=\"https:\/\/www.facebook.com\/DEKORNIK\/\" \/>\n<meta property=\"article:modified_time\" content=\"2026-04-02T10:42:23+00:00\" \/>\n<meta property=\"og:image\" content=\"https:\/\/dekornik.com\/wp-content\/uploads\/2025\/10\/DEKO.TAP_.542-_check-maxi-beige-blue-red__100x280_26432599-5972-4f0e-a738-b18623d60edb.jpg\" \/>\n\t<meta property=\"og:image:width\" content=\"1000\" \/>\n\t<meta property=\"og:image:height\" content=\"1000\" \/>\n\t<meta property=\"og:image:type\" content=\"image\/jpeg\" \/>\n<script type=\"application\/ld+json\" class=\"yoast-schema-graph\">{\"@context\":\"https:\\\/\\\/schema.org\",\"@graph\":[{\"@type\":\"WebPage\",\"@id\":\"https:\\\/\\\/dekornik.com\\\/pl\\\/produkt\\\/check-maxi-beige-blue-red-wallpaper\\\/\",\"url\":\"https:\\\/\\\/dekornik.com\\\/pl\\\/produkt\\\/check-maxi-beige-blue-red-wallpaper\\\/\",\"name\":\"Classic Beige Blue Red Maxi Checkered Wallpaper\",\"isPartOf\":{\"@id\":\"https:\\\/\\\/dekornik.com\\\/pl\\\/#website\"},\"primaryImageOfPage\":{\"@id\":\"https:\\\/\\\/dekornik.com\\\/pl\\\/produkt\\\/check-maxi-beige-blue-red-wallpaper\\\/#primaryimage\"},\"image\":{\"@id\":\"https:\\\/\\\/dekornik.com\\\/pl\\\/produkt\\\/check-maxi-beige-blue-red-wallpaper\\\/#primaryimage\"},\"thumbnailUrl\":\"https:\\\/\\\/dekornik.com\\\/wp-content\\\/uploads\\\/2025\\\/10\\\/DEKO.TAP_.542-_check-maxi-beige-blue-red__100x280_26432599-5972-4f0e-a738-b18623d60edb.jpg\",\"datePublished\":\"2025-10-02T11:16:17+00:00\",\"dateModified\":\"2026-04-02T10:42:23+00:00\",\"description\":\"Transform your home with classic Beige Blue Red Maxi Checkered Wallpaper. Easy-to-install 100cm stripes simplify decorating & reduce waste. Add timeless charm!\",\"breadcrumb\":{\"@id\":\"https:\\\/\\\/dekornik.com\\\/pl\\\/produkt\\\/check-maxi-beige-blue-red-wallpaper\\\/#breadcrumb\"},\"inLanguage\":\"pl-PL\",\"potentialAction\":[{\"@type\":\"ReadAction\",\"target\":[\"https:\\\/\\\/dekornik.com\\\/pl\\\/produkt\\\/check-maxi-beige-blue-red-wallpaper\\\/\"]}]},{\"@type\":\"ImageObject\",\"inLanguage\":\"pl-PL\",\"@id\":\"https:\\\/\\\/dekornik.com\\\/pl\\\/produkt\\\/check-maxi-beige-blue-red-wallpaper\\\/#primaryimage\",\"url\":\"https:\\\/\\\/dekornik.com\\\/wp-content\\\/uploads\\\/2025\\\/10\\\/DEKO.TAP_.542-_check-maxi-beige-blue-red__100x280_26432599-5972-4f0e-a738-b18623d60edb.jpg\",\"contentUrl\":\"https:\\\/\\\/dekornik.com\\\/wp-content\\\/uploads\\\/2025\\\/10\\\/DEKO.TAP_.542-_check-maxi-beige-blue-red__100x280_26432599-5972-4f0e-a738-b18623d60edb.jpg\",\"width\":1000,\"height\":1000},{\"@type\":\"BreadcrumbList\",\"@id\":\"https:\\\/\\\/dekornik.com\\\/pl\\\/produkt\\\/check-maxi-beige-blue-red-wallpaper\\\/#breadcrumb\",\"itemListElement\":[{\"@type\":\"ListItem\",\"position\":1,\"name\":\"Home\",\"item\":\"https:\\\/\\\/dekornik.com\\\/pl\\\/\"},{\"@type\":\"ListItem\",\"position\":2,\"name\":\"Sklep\",\"item\":\"https:\\\/\\\/dekornik.com\\\/pl\\\/sklep\\\/\"},{\"@type\":\"ListItem\",\"position\":3,\"name\":\"Check Maxi Beige Blue Red Tapeta\"}]},{\"@type\":\"WebSite\",\"@id\":\"https:\\\/\\\/dekornik.com\\\/pl\\\/#website\",\"url\":\"https:\\\/\\\/dekornik.com\\\/pl\\\/\",\"name\":\"Dekornik\",\"description\":\"Your little one will love it\\\\!\",\"publisher\":{\"@id\":\"https:\\\/\\\/dekornik.com\\\/pl\\\/#organization\"},\"potentialAction\":[{\"@type\":\"SearchAction\",\"target\":{\"@type\":\"EntryPoint\",\"urlTemplate\":\"https:\\\/\\\/dekornik.com\\\/pl\\\/?s={search_term_string}\"},\"query-input\":{\"@type\":\"PropertyValueSpecification\",\"valueRequired\":true,\"valueName\":\"search_term_string\"}}],\"inLanguage\":\"pl-PL\"},{\"@type\":\"Organization\",\"@id\":\"https:\\\/\\\/dekornik.com\\\/pl\\\/#organization\",\"name\":\"Dekornik sp. z o.o.\",\"url\":\"https:\\\/\\\/dekornik.com\\\/pl\\\/\",\"logo\":{\"@type\":\"ImageObject\",\"inLanguage\":\"pl-PL\",\"@id\":\"https:\\\/\\\/dekornik.com\\\/pl\\\/#\\\/schema\\\/logo\\\/image\\\/\",\"url\":\"http:\\\/\\\/dekornik.com\\\/wp-content\\\/uploads\\\/2026\\\/01\\\/logo_dekornik-01-1.svg\",\"contentUrl\":\"http:\\\/\\\/dekornik.com\\\/wp-content\\\/uploads\\\/2026\\\/01\\\/logo_dekornik-01-1.svg\",\"width\":\"1024\",\"height\":\"1024\",\"caption\":\"Dekornik sp. z o.o.\"},\"image\":{\"@id\":\"https:\\\/\\\/dekornik.com\\\/pl\\\/#\\\/schema\\\/logo\\\/image\\\/\"},\"sameAs\":[\"https:\\\/\\\/www.facebook.com\\\/DEKORNIK\\\/\",\"https:\\\/\\\/instagram.com\\\/dekornik\",\"https:\\\/\\\/www.pinterest.com\\\/dekornikcom\\\/\"]}]}<\/script>\n<!-- \/ Yoast SEO plugin. -->","yoast_head_json":{"title":"Classic Beige Blue Red Maxi Checkered Wallpaper","description":"Transform your home with classic Beige Blue Red Maxi Checkered Wallpaper. Easy-to-install 100cm stripes simplify decorating & reduce waste. Add timeless charm!","robots":{"index":"index","follow":"follow","max-snippet":"max-snippet:-1","max-image-preview":"max-image-preview:large","max-video-preview":"max-video-preview:-1"},"canonical":"https:\/\/dekornik.com\/pl\/produkt\/check-maxi-beige-blue-red-wallpaper\/","og_locale":"pl_PL","og_type":"article","og_title":"Classic Beige Blue Red Maxi Checkered Wallpaper","og_description":"Transform your home with classic Beige Blue Red Maxi Checkered Wallpaper. Easy-to-install 100cm stripes simplify decorating & reduce waste. Add timeless charm!","og_url":"https:\/\/dekornik.com\/pl\/produkt\/check-maxi-beige-blue-red-wallpaper\/","og_site_name":"Dekornik","article_publisher":"https:\/\/www.facebook.com\/DEKORNIK\/","article_modified_time":"2026-04-02T10:42:23+00:00","og_image":[{"width":1000,"height":1000,"url":"https:\/\/dekornik.com\/wp-content\/uploads\/2025\/10\/DEKO.TAP_.542-_check-maxi-beige-blue-red__100x280_26432599-5972-4f0e-a738-b18623d60edb.jpg","type":"image\/jpeg"}],"schema":{"@context":"https:\/\/schema.org","@graph":[{"@type":"WebPage","@id":"https:\/\/dekornik.com\/pl\/produkt\/check-maxi-beige-blue-red-wallpaper\/","url":"https:\/\/dekornik.com\/pl\/produkt\/check-maxi-beige-blue-red-wallpaper\/","name":"Classic Beige Blue Red Maxi Checkered Wallpaper","isPartOf":{"@id":"https:\/\/dekornik.com\/pl\/#website"},"primaryImageOfPage":{"@id":"https:\/\/dekornik.com\/pl\/produkt\/check-maxi-beige-blue-red-wallpaper\/#primaryimage"},"image":{"@id":"https:\/\/dekornik.com\/pl\/produkt\/check-maxi-beige-blue-red-wallpaper\/#primaryimage"},"thumbnailUrl":"https:\/\/dekornik.com\/wp-content\/uploads\/2025\/10\/DEKO.TAP_.542-_check-maxi-beige-blue-red__100x280_26432599-5972-4f0e-a738-b18623d60edb.jpg","datePublished":"2025-10-02T11:16:17+00:00","dateModified":"2026-04-02T10:42:23+00:00","description":"Transform your home with classic Beige Blue Red Maxi Checkered Wallpaper. Easy-to-install 100cm stripes simplify decorating & reduce waste. Add timeless charm!","breadcrumb":{"@id":"https:\/\/dekornik.com\/pl\/produkt\/check-maxi-beige-blue-red-wallpaper\/#breadcrumb"},"inLanguage":"pl-PL","potentialAction":[{"@type":"ReadAction","target":["https:\/\/dekornik.com\/pl\/produkt\/check-maxi-beige-blue-red-wallpaper\/"]}]},{"@type":"ImageObject","inLanguage":"pl-PL","@id":"https:\/\/dekornik.com\/pl\/produkt\/check-maxi-beige-blue-red-wallpaper\/#primaryimage","url":"https:\/\/dekornik.com\/wp-content\/uploads\/2025\/10\/DEKO.TAP_.542-_check-maxi-beige-blue-red__100x280_26432599-5972-4f0e-a738-b18623d60edb.jpg","contentUrl":"https:\/\/dekornik.com\/wp-content\/uploads\/2025\/10\/DEKO.TAP_.542-_check-maxi-beige-blue-red__100x280_26432599-5972-4f0e-a738-b18623d60edb.jpg","width":1000,"height":1000},{"@type":"BreadcrumbList","@id":"https:\/\/dekornik.com\/pl\/produkt\/check-maxi-beige-blue-red-wallpaper\/#breadcrumb","itemListElement":[{"@type":"ListItem","position":1,"name":"Home","item":"https:\/\/dekornik.com\/pl\/"},{"@type":"ListItem","position":2,"name":"Sklep","item":"https:\/\/dekornik.com\/pl\/sklep\/"},{"@type":"ListItem","position":3,"name":"Check Maxi Beige Blue Red Tapeta"}]},{"@type":"WebSite","@id":"https:\/\/dekornik.com\/pl\/#website","url":"https:\/\/dekornik.com\/pl\/","name":"Dekornik","description":"Your little one will love it\\!","publisher":{"@id":"https:\/\/dekornik.com\/pl\/#organization"},"potentialAction":[{"@type":"SearchAction","target":{"@type":"EntryPoint","urlTemplate":"https:\/\/dekornik.com\/pl\/?s={search_term_string}"},"query-input":{"@type":"PropertyValueSpecification","valueRequired":true,"valueName":"search_term_string"}}],"inLanguage":"pl-PL"},{"@type":"Organization","@id":"https:\/\/dekornik.com\/pl\/#organization","name":"Dekornik sp. z o.o.","url":"https:\/\/dekornik.com\/pl\/","logo":{"@type":"ImageObject","inLanguage":"pl-PL","@id":"https:\/\/dekornik.com\/pl\/#\/schema\/logo\/image\/","url":"http:\/\/dekornik.com\/wp-content\/uploads\/2026\/01\/logo_dekornik-01-1.svg","contentUrl":"http:\/\/dekornik.com\/wp-content\/uploads\/2026\/01\/logo_dekornik-01-1.svg","width":"1024","height":"1024","caption":"Dekornik sp. z o.o."},"image":{"@id":"https:\/\/dekornik.com\/pl\/#\/schema\/logo\/image\/"},"sameAs":["https:\/\/www.facebook.com\/DEKORNIK\/","https:\/\/instagram.com\/dekornik","https:\/\/www.pinterest.com\/dekornikcom\/"]}]}},"_links":{"self":[{"href":"https:\/\/dekornik.com\/pl\/wp-json\/wp\/v2\/product\/9480","targetHints":{"allow":["GET"]}}],"collection":[{"href":"https:\/\/dekornik.com\/pl\/wp-json\/wp\/v2\/product"}],"about":[{"href":"https:\/\/dekornik.com\/pl\/wp-json\/wp\/v2\/types\/product"}],"replies":[{"embeddable":true,"href":"https:\/\/dekornik.com\/pl\/wp-json\/wp\/v2\/comments?post=9480"}],"wp:featuredmedia":[{"embeddable":true,"href":"https:\/\/dekornik.com\/pl\/wp-json\/wp\/v2\/media\/9481"}],"wp:attachment":[{"href":"https:\/\/dekornik.com\/pl\/wp-json\/wp\/v2\/media?parent=9480"}],"wp:term":[{"taxonomy":"product_brand","embeddable":true,"href":"https:\/\/dekornik.com\/pl\/wp-json\/wp\/v2\/product_brand?post=9480"},{"taxonomy":"product_cat","embeddable":true,"href":"https:\/\/dekornik.com\/pl\/wp-json\/wp\/v2\/product_cat?post=9480"},{"taxonomy":"product_tag","embeddable":true,"href":"https:\/\/dekornik.com\/pl\/wp-json\/wp\/v2\/product_tag?post=9480"}],"curies":[{"name":"wp","href":"https:\/\/api.w.org\/{rel}","templated":true}]}}