{"id":9229,"date":"2025-10-02T11:16:57","date_gmt":"2025-10-02T11:16:57","guid":{"rendered":"http:\/\/dekornik.com\/product\/check-classic-gray-wallpaper\/"},"modified":"2026-04-03T18:40:58","modified_gmt":"2026-04-03T18:40:58","slug":"check-classic-gray-wallpaper","status":"publish","type":"product","link":"https:\/\/dekornik.com\/pl\/produkt\/check-classic-gray-wallpaper\/","title":{"rendered":"Check Classic Gray Tapeta"},"content":{"rendered":"<p>Uniwersalna szara kratka \u2014 szczeg\u00f3lnie ceniona we Francji! W po\u0142\u0105czeniu z bia\u0142\u0105 lamperi\u0105 lub dowolnym pastelowym kolorem tworzy idealn\u0105 kombinacj\u0119. Nie wiesz, kt\u00f3ry kolor wybra\u0107? Polecamy szary, be\u017cowy lub jasnoniebieski \u2014 z tymi odcieniami zawsze trafisz w dziesi\u0105tk\u0119!<\/p>\n<p>Kratka ma wielko\u015b\u0107: 8,5 cm<\/p>\n<p><strong>TECHNICZNIE:<\/strong><\/p>\n<p>Tapeta podzielona jest na pasy:<br \/>\n\u2022 Wysoko\u015b\u0107: 280 cm<br \/>\n\u2022 Szeroko\u015b\u0107: 50 cm<br \/>\n\u2022 Mamy tak\u017ce opcj\u0119 140 cm na wysoko\u015b\u0107, dla wszystkich, kt\u00f3rzy lubi\u0105 lamperi\u0119 i chc\u0105 tapet\u0119 jedynie od po\u0142owy \u015bciany.<\/p>\n<p>Cena dotyczy jednego pasa.<\/p>\n<p>Te pasy pasuj\u0105 do wi\u0119kszo\u015bci standardowych mieszka\u0144 \u2013 maj\u0105 dodatkowe 20 cm d\u0142ugo\u015bci, wi\u0119c bez problemu przytniesz je do wysoko\u015bci swojej \u015bciany.<\/p>\n<p>Zamawianie tapet w pasach jest szybkie i wygodne. Wystarczy zmierzy\u0107 \u015bcian\u0119 i dobra\u0107 odpowiedni\u0105 liczb\u0119 pas\u00f3w \u2013 bez skomplikowanych oblicze\u0144. Trudno tu o pomy\u0142k\u0119.<\/p>\n<p>W\u0105skie pasy sprawiaj\u0105, \u017ce tapeta niemal idealnie dopasowuje si\u0119 do szeroko\u015bci \u015bciany. Dodatkowo powtarzalny wz\u00f3r \u2013 identyczny na ka\u017cdym pasie \u2013 u\u0142atwia precyzyjne \u0142\u0105czenie od sufitu, dzi\u0119ki czemu materia\u0142 wykorzystujesz niemal w ca\u0142o\u015bci i niewiele si\u0119 marnuje!<\/p>\n","protected":false},"excerpt":{"rendered":"<p>Uniwersalna szara kratka (8,5 cm) \u2014 prawdziwy hit we Francji! Doskonale wygl\u0105da z bia\u0142\u0105 lamperi\u0105 lub pastelowymi odcieniami. Szary, be\u017c czy jasnoniebieski \u2014 zawsze trafiony wyb\u00f3r!<\/p>\n<p>Pi\u0119knie prezentuje si\u0119 na jednej \u015bcianie akcentowej lub w ca\u0142ym pokoju.<\/p>\n<p>Drukowana na matowym papierze Dekornik \u2014 ekologicznym, grubym 190g\/m2, i bezpiecznym dla dzieci.<\/p>\n","protected":false},"featured_media":9230,"comment_status":"open","ping_status":"closed","template":"","meta":{"inline_featured_image":false},"product_brand":[],"product_cat":[403,402,405,387,398,237],"product_tag":[691,696,727,731,736,748,750,751,753,760],"class_list":{"0":"post-9229","1":"product","2":"type-product","3":"status-publish","4":"has-post-thumbnail","6":"product_cat-delikatny-pokoj-dzieciecy","7":"product_cat-dla-chlopcow","8":"product_cat-dla-rodzicow","9":"product_cat-kratka","10":"product_cat-pastele","11":"product_cat-tapety","12":"product_tag-big-kid-approved-pl","13":"product_tag-classic-check-pl","14":"product_tag-modern-classic-pl","15":"product_tag-nursery-calm-pl","16":"product_tag-parent-space-friendly-pl","17":"product_tag-soft-grid-pl","18":"product_tag-starry-sparkle-pl","19":"product_tag-statement-wall-pl","20":"product_tag-stripe-rhythm-pl","21":"product_tag-whimsical-details-pl","23":"first","24":"instock","25":"sale","26":"taxable","27":"shipping-taxable","28":"purchasable","29":"product-type-variable","30":"has-default-attributes"},"yoast_head":"<!-- This site is optimized with the Yoast SEO plugin v27.3 - https:\/\/yoast.com\/product\/yoast-seo-wordpress\/ -->\n<title>Check Classic Gray Tapeta - Dekornik<\/title>\n<meta name=\"robots\" content=\"index, follow, max-snippet:-1, max-image-preview:large, max-video-preview:-1\" \/>\n<link rel=\"canonical\" href=\"https:\/\/dekornik.com\/pl\/produkt\/check-classic-gray-wallpaper\/\" \/>\n<meta property=\"og:locale\" content=\"pl_PL\" \/>\n<meta property=\"og:type\" content=\"article\" \/>\n<meta property=\"og:title\" content=\"Check Classic Gray Tapeta - Dekornik\" \/>\n<meta property=\"og:description\" content=\"Uniwersalna szara kratka (8,5 cm) \u2014 prawdziwy hit we Francji! Doskonale wygl\u0105da z bia\u0142\u0105 lamperi\u0105 lub pastelowymi odcieniami. Szary, be\u017c czy jasnoniebieski \u2014 zawsze trafiony wyb\u00f3r! Pi\u0119knie prezentuje si\u0119 na jednej \u015bcianie akcentowej lub w ca\u0142ym pokoju. Drukowana na matowym papierze Dekornik \u2014 ekologicznym, grubym 190g\/m2, i bezpiecznym dla dzieci.\" \/>\n<meta property=\"og:url\" content=\"https:\/\/dekornik.com\/pl\/produkt\/check-classic-gray-wallpaper\/\" \/>\n<meta property=\"og:site_name\" content=\"Dekornik\" \/>\n<meta property=\"article:publisher\" content=\"https:\/\/www.facebook.com\/DEKORNIK\/\" \/>\n<meta property=\"article:modified_time\" content=\"2026-04-03T18:40:58+00:00\" \/>\n<meta property=\"og:image\" content=\"https:\/\/dekornik.com\/wp-content\/uploads\/2025\/10\/kratka_szara.jpg\" \/>\n\t<meta property=\"og:image:width\" content=\"905\" \/>\n\t<meta property=\"og:image:height\" content=\"905\" \/>\n\t<meta property=\"og:image:type\" content=\"image\/jpeg\" \/>\n<script type=\"application\/ld+json\" class=\"yoast-schema-graph\">{\"@context\":\"https:\\\/\\\/schema.org\",\"@graph\":[{\"@type\":\"WebPage\",\"@id\":\"https:\\\/\\\/dekornik.com\\\/pl\\\/produkt\\\/check-classic-gray-wallpaper\\\/\",\"url\":\"https:\\\/\\\/dekornik.com\\\/pl\\\/produkt\\\/check-classic-gray-wallpaper\\\/\",\"name\":\"Check Classic Gray Tapeta - Dekornik\",\"isPartOf\":{\"@id\":\"https:\\\/\\\/dekornik.com\\\/pl\\\/#website\"},\"primaryImageOfPage\":{\"@id\":\"https:\\\/\\\/dekornik.com\\\/pl\\\/produkt\\\/check-classic-gray-wallpaper\\\/#primaryimage\"},\"image\":{\"@id\":\"https:\\\/\\\/dekornik.com\\\/pl\\\/produkt\\\/check-classic-gray-wallpaper\\\/#primaryimage\"},\"thumbnailUrl\":\"https:\\\/\\\/dekornik.com\\\/wp-content\\\/uploads\\\/2025\\\/10\\\/kratka_szara.jpg\",\"datePublished\":\"2025-10-02T11:16:57+00:00\",\"dateModified\":\"2026-04-03T18:40:58+00:00\",\"breadcrumb\":{\"@id\":\"https:\\\/\\\/dekornik.com\\\/pl\\\/produkt\\\/check-classic-gray-wallpaper\\\/#breadcrumb\"},\"inLanguage\":\"pl-PL\",\"potentialAction\":[{\"@type\":\"ReadAction\",\"target\":[\"https:\\\/\\\/dekornik.com\\\/pl\\\/produkt\\\/check-classic-gray-wallpaper\\\/\"]}]},{\"@type\":\"ImageObject\",\"inLanguage\":\"pl-PL\",\"@id\":\"https:\\\/\\\/dekornik.com\\\/pl\\\/produkt\\\/check-classic-gray-wallpaper\\\/#primaryimage\",\"url\":\"https:\\\/\\\/dekornik.com\\\/wp-content\\\/uploads\\\/2025\\\/10\\\/kratka_szara.jpg\",\"contentUrl\":\"https:\\\/\\\/dekornik.com\\\/wp-content\\\/uploads\\\/2025\\\/10\\\/kratka_szara.jpg\",\"width\":905,\"height\":905},{\"@type\":\"BreadcrumbList\",\"@id\":\"https:\\\/\\\/dekornik.com\\\/pl\\\/produkt\\\/check-classic-gray-wallpaper\\\/#breadcrumb\",\"itemListElement\":[{\"@type\":\"ListItem\",\"position\":1,\"name\":\"Home\",\"item\":\"https:\\\/\\\/dekornik.com\\\/pl\\\/\"},{\"@type\":\"ListItem\",\"position\":2,\"name\":\"Sklep\",\"item\":\"https:\\\/\\\/dekornik.com\\\/pl\\\/sklep\\\/\"},{\"@type\":\"ListItem\",\"position\":3,\"name\":\"Check Classic Gray Tapeta\"}]},{\"@type\":\"WebSite\",\"@id\":\"https:\\\/\\\/dekornik.com\\\/pl\\\/#website\",\"url\":\"https:\\\/\\\/dekornik.com\\\/pl\\\/\",\"name\":\"Dekornik\",\"description\":\"Your little one will love it\\\\!\",\"publisher\":{\"@id\":\"https:\\\/\\\/dekornik.com\\\/pl\\\/#organization\"},\"potentialAction\":[{\"@type\":\"SearchAction\",\"target\":{\"@type\":\"EntryPoint\",\"urlTemplate\":\"https:\\\/\\\/dekornik.com\\\/pl\\\/?s={search_term_string}\"},\"query-input\":{\"@type\":\"PropertyValueSpecification\",\"valueRequired\":true,\"valueName\":\"search_term_string\"}}],\"inLanguage\":\"pl-PL\"},{\"@type\":\"Organization\",\"@id\":\"https:\\\/\\\/dekornik.com\\\/pl\\\/#organization\",\"name\":\"Dekornik sp. z o.o.\",\"url\":\"https:\\\/\\\/dekornik.com\\\/pl\\\/\",\"logo\":{\"@type\":\"ImageObject\",\"inLanguage\":\"pl-PL\",\"@id\":\"https:\\\/\\\/dekornik.com\\\/pl\\\/#\\\/schema\\\/logo\\\/image\\\/\",\"url\":\"http:\\\/\\\/dekornik.com\\\/wp-content\\\/uploads\\\/2026\\\/01\\\/logo_dekornik-01-1.svg\",\"contentUrl\":\"http:\\\/\\\/dekornik.com\\\/wp-content\\\/uploads\\\/2026\\\/01\\\/logo_dekornik-01-1.svg\",\"width\":\"1024\",\"height\":\"1024\",\"caption\":\"Dekornik sp. z o.o.\"},\"image\":{\"@id\":\"https:\\\/\\\/dekornik.com\\\/pl\\\/#\\\/schema\\\/logo\\\/image\\\/\"},\"sameAs\":[\"https:\\\/\\\/www.facebook.com\\\/DEKORNIK\\\/\",\"https:\\\/\\\/instagram.com\\\/dekornik\",\"https:\\\/\\\/www.pinterest.com\\\/dekornikcom\\\/\"]}]}<\/script>\n<!-- \/ Yoast SEO plugin. -->","yoast_head_json":{"title":"Check Classic Gray Tapeta - Dekornik","robots":{"index":"index","follow":"follow","max-snippet":"max-snippet:-1","max-image-preview":"max-image-preview:large","max-video-preview":"max-video-preview:-1"},"canonical":"https:\/\/dekornik.com\/pl\/produkt\/check-classic-gray-wallpaper\/","og_locale":"pl_PL","og_type":"article","og_title":"Check Classic Gray Tapeta - Dekornik","og_description":"Uniwersalna szara kratka (8,5 cm) \u2014 prawdziwy hit we Francji! Doskonale wygl\u0105da z bia\u0142\u0105 lamperi\u0105 lub pastelowymi odcieniami. Szary, be\u017c czy jasnoniebieski \u2014 zawsze trafiony wyb\u00f3r! Pi\u0119knie prezentuje si\u0119 na jednej \u015bcianie akcentowej lub w ca\u0142ym pokoju. Drukowana na matowym papierze Dekornik \u2014 ekologicznym, grubym 190g\/m2, i bezpiecznym dla dzieci.","og_url":"https:\/\/dekornik.com\/pl\/produkt\/check-classic-gray-wallpaper\/","og_site_name":"Dekornik","article_publisher":"https:\/\/www.facebook.com\/DEKORNIK\/","article_modified_time":"2026-04-03T18:40:58+00:00","og_image":[{"width":905,"height":905,"url":"https:\/\/dekornik.com\/wp-content\/uploads\/2025\/10\/kratka_szara.jpg","type":"image\/jpeg"}],"schema":{"@context":"https:\/\/schema.org","@graph":[{"@type":"WebPage","@id":"https:\/\/dekornik.com\/pl\/produkt\/check-classic-gray-wallpaper\/","url":"https:\/\/dekornik.com\/pl\/produkt\/check-classic-gray-wallpaper\/","name":"Check Classic Gray Tapeta - Dekornik","isPartOf":{"@id":"https:\/\/dekornik.com\/pl\/#website"},"primaryImageOfPage":{"@id":"https:\/\/dekornik.com\/pl\/produkt\/check-classic-gray-wallpaper\/#primaryimage"},"image":{"@id":"https:\/\/dekornik.com\/pl\/produkt\/check-classic-gray-wallpaper\/#primaryimage"},"thumbnailUrl":"https:\/\/dekornik.com\/wp-content\/uploads\/2025\/10\/kratka_szara.jpg","datePublished":"2025-10-02T11:16:57+00:00","dateModified":"2026-04-03T18:40:58+00:00","breadcrumb":{"@id":"https:\/\/dekornik.com\/pl\/produkt\/check-classic-gray-wallpaper\/#breadcrumb"},"inLanguage":"pl-PL","potentialAction":[{"@type":"ReadAction","target":["https:\/\/dekornik.com\/pl\/produkt\/check-classic-gray-wallpaper\/"]}]},{"@type":"ImageObject","inLanguage":"pl-PL","@id":"https:\/\/dekornik.com\/pl\/produkt\/check-classic-gray-wallpaper\/#primaryimage","url":"https:\/\/dekornik.com\/wp-content\/uploads\/2025\/10\/kratka_szara.jpg","contentUrl":"https:\/\/dekornik.com\/wp-content\/uploads\/2025\/10\/kratka_szara.jpg","width":905,"height":905},{"@type":"BreadcrumbList","@id":"https:\/\/dekornik.com\/pl\/produkt\/check-classic-gray-wallpaper\/#breadcrumb","itemListElement":[{"@type":"ListItem","position":1,"name":"Home","item":"https:\/\/dekornik.com\/pl\/"},{"@type":"ListItem","position":2,"name":"Sklep","item":"https:\/\/dekornik.com\/pl\/sklep\/"},{"@type":"ListItem","position":3,"name":"Check Classic Gray Tapeta"}]},{"@type":"WebSite","@id":"https:\/\/dekornik.com\/pl\/#website","url":"https:\/\/dekornik.com\/pl\/","name":"Dekornik","description":"Your little one will love it\\!","publisher":{"@id":"https:\/\/dekornik.com\/pl\/#organization"},"potentialAction":[{"@type":"SearchAction","target":{"@type":"EntryPoint","urlTemplate":"https:\/\/dekornik.com\/pl\/?s={search_term_string}"},"query-input":{"@type":"PropertyValueSpecification","valueRequired":true,"valueName":"search_term_string"}}],"inLanguage":"pl-PL"},{"@type":"Organization","@id":"https:\/\/dekornik.com\/pl\/#organization","name":"Dekornik sp. z o.o.","url":"https:\/\/dekornik.com\/pl\/","logo":{"@type":"ImageObject","inLanguage":"pl-PL","@id":"https:\/\/dekornik.com\/pl\/#\/schema\/logo\/image\/","url":"http:\/\/dekornik.com\/wp-content\/uploads\/2026\/01\/logo_dekornik-01-1.svg","contentUrl":"http:\/\/dekornik.com\/wp-content\/uploads\/2026\/01\/logo_dekornik-01-1.svg","width":"1024","height":"1024","caption":"Dekornik sp. z o.o."},"image":{"@id":"https:\/\/dekornik.com\/pl\/#\/schema\/logo\/image\/"},"sameAs":["https:\/\/www.facebook.com\/DEKORNIK\/","https:\/\/instagram.com\/dekornik","https:\/\/www.pinterest.com\/dekornikcom\/"]}]}},"_links":{"self":[{"href":"https:\/\/dekornik.com\/pl\/wp-json\/wp\/v2\/product\/9229","targetHints":{"allow":["GET"]}}],"collection":[{"href":"https:\/\/dekornik.com\/pl\/wp-json\/wp\/v2\/product"}],"about":[{"href":"https:\/\/dekornik.com\/pl\/wp-json\/wp\/v2\/types\/product"}],"replies":[{"embeddable":true,"href":"https:\/\/dekornik.com\/pl\/wp-json\/wp\/v2\/comments?post=9229"}],"wp:featuredmedia":[{"embeddable":true,"href":"https:\/\/dekornik.com\/pl\/wp-json\/wp\/v2\/media\/9230"}],"wp:attachment":[{"href":"https:\/\/dekornik.com\/pl\/wp-json\/wp\/v2\/media?parent=9229"}],"wp:term":[{"taxonomy":"product_brand","embeddable":true,"href":"https:\/\/dekornik.com\/pl\/wp-json\/wp\/v2\/product_brand?post=9229"},{"taxonomy":"product_cat","embeddable":true,"href":"https:\/\/dekornik.com\/pl\/wp-json\/wp\/v2\/product_cat?post=9229"},{"taxonomy":"product_tag","embeddable":true,"href":"https:\/\/dekornik.com\/pl\/wp-json\/wp\/v2\/product_tag?post=9229"}],"curies":[{"name":"wp","href":"https:\/\/api.w.org\/{rel}","templated":true}]}}