{"id":9133,"date":"2025-10-02T11:17:31","date_gmt":"2025-10-02T11:17:31","guid":{"rendered":"http:\/\/dekornik.com\/product\/savanna-wonderland-set-1\/"},"modified":"2026-04-08T20:41:06","modified_gmt":"2026-04-08T20:41:06","slug":"savanna-wonderland-zestaw-naklejek-1","status":"publish","type":"product","link":"https:\/\/dekornik.com\/pl\/produkt\/savanna-wonderland-zestaw-naklejek-1\/","title":{"rendered":"Savanna Wonderland zestaw naklejek"},"content":{"rendered":"<p>Kolekcja Savanna Adventure to zestaw bajkowych zwierz\u0105t: \u017cyrafa, lemur, tata lew z synkiem, s\u0142o\u0144, tukan, a nawet r\u00f3\u017cowy flaming. Przepi\u0119kne postacie autorstwa Kasi Goraj-Str\u00f3\u017cy\u0144skiej b\u0119d\u0105 idealnym uzupe\u0142nieniem ka\u017cdego dzieci\u0119cego pokoju. Pobudzaj\u0105 wyobra\u017ani\u0119, dope\u0142niaj\u0105 aran\u017cacj\u0119 i pozwalaj\u0105 tworzy\u0107 historie bez ko\u0144ca!<\/p>\n<p>Zwierz\u0119ta wyst\u0119puj\u0105 w delikatnych pastelowych odcieniach, aby pasowa\u0142y do ka\u017cdego wn\u0119trza. Zale\u017ca\u0142o nam te\u017c, by by\u0142y bardziej realistyczne \u2013 niczym ilustracje z album\u00f3w botanicznych. Dzi\u0119ki temu \u015bwietnie sprawdz\u0105 si\u0119 nie tylko w przytulnych pokojach maluszk\u00f3w, ale tak\u017ce w pokojach 5-6-latk\u00f3w, rozwijaj\u0105c ciekawo\u015b\u0107 \u015bwiata przyrody i\u2026 mi\u0142o\u015b\u0107 do zwierz\u0105t.<\/p>\n<p>Baw si\u0119 dobrze i ucz jednocze\u015bnie!<\/p>\n<p><strong>INFORMACJE TECHNICZNE:<\/strong><\/p>\n<p>Arkusz S ma wymiary 70 cm x 70 cm, a poszczeg\u00f3lne zwierz\u0119ta mierz\u0105:<br \/>\u017cyrafa: 48 cm<br \/>s\u0142o\u0144: 34 cm<br \/>flaming: 20 cm<br \/>du\u017cy lew: 26 cm<br \/>ma\u0142y lew: 16 cm<br \/>stru\u015b: 26 cm<br \/>lemur: 12 cm<br \/>tukan: 14 cm<\/p>\n<p>Arkusz L ma wymiary 100 cm x 100 cm, a poszczeg\u00f3lne zwierz\u0119ta mierz\u0105:<br \/>\u017cyrafa: 67 cm<br \/>s\u0142o\u0144: 49 cm<br \/>flaming: 27 cm<br \/>du\u017cy lew: 37 cm<br \/>ma\u0142y lew: 24 cm<br \/>stru\u015b: 37 cm<br \/>lemur: 16 cm<br \/>tukan: 20 cm<\/p>\n<p>Naklejki wykonane s\u0105 z materia\u0142u o mocnym, akrylowym kleju z funkcj\u0105 blokowania t\u0142a, co oznacza, \u017ce \u017caden kolor \u015bciany nie przebija przez sticker. Delikatna, niemal niewyczuwalna struktura materia\u0142u zapewnia wyj\u0105tkow\u0105 reprodukcj\u0119 kolor\u00f3w, dzi\u0119ki czemu zwierz\u0119ta wygl\u0105daj\u0105 jak \u017cywe.<\/p>\n<p>Materia\u0142 jest bardzo \u0142atwy w aplikacji, ma mocny klej, ale nie tak agresywny jak w foliach reklamowych. Powierzchnia naklejki jest lekko strukturalna i mo\u017cna j\u0105 delikatnie zarysowa\u0107, cho\u0107 nie jest to takie \u0142atwe. \ud83d\ude42<\/p>\n<p>Naklejki nie wymagaj\u0105 dodatkowej folii transportowej \u2013 dzi\u0119ki w\u0142a\u015bciwo\u015bciom materia\u0142u aplikacja jest prosta i intuicyjna.<\/p>\n<p>Przed przyklejeniem przygotuj dok\u0142adnie \u015bcian\u0119, oczyszczaj\u0105c j\u0105 z kurzu i t\u0142uszczu. Naklejki mo\u017cna aplikowa\u0107 dopiero po ok. 20 dniach od ostatniego malowania.<\/p>\n","protected":false},"excerpt":{"rendered":"<p>Kolekcja Savanna Adventure przedstawia urocze, bajkowe zwierz\u0119ta: \u017cyraf\u0119, lemura, lwa z m\u0142odym, s\u0142onia, tukana oraz r\u00f3\u017cowego flaminga. Te pi\u0119knie zilustrowane postacie autorstwa Kasi Goraj-Str\u00f3\u017cy\u0144skiej wnios\u0105 do pokoju dzieci\u0119cego wyj\u0105tkowy klimat, rozwijaj\u0105 wyobra\u017ani\u0119 i zach\u0119caj\u0105 do opowiadania w\u0142asnych, nieko\u0144cz\u0105cych si\u0119 historii.<\/p>\n<p>To szybki spos\u00f3b na dekoracj\u0119 bez decyzji o tapecie \u2014 idealny do mieszka\u0144 wynajmowanych i szybkich metamorfoz. \u0141atwo \u0142\u0105cz\u0105 si\u0119 z g\u0142adkimi tekstyliami i meblami z naturalnego drewna. Drukowane na specjalnym, tkanym materiale poliestrowym przeznaczonym do dekoracji \u015bcian (sprawdzona baza naklejek Dekornik!).<\/p>\n","protected":false},"featured_media":9134,"comment_status":"open","ping_status":"closed","template":"","meta":{"inline_featured_image":false},"product_brand":[],"product_cat":[785,287],"product_tag":[701,707,735,738,743,745,754],"class_list":{"0":"post-9133","1":"product","2":"type-product","3":"status-publish","4":"has-post-thumbnail","6":"product_cat-naklejki","7":"product_cat-naklejki-scienne","8":"product_tag-corner-framing-pl","9":"product_tag-easy-diy-refresh-pl","10":"product_tag-pairs-with-wall-decals-pl","11":"product_tag-photo-ready-backdrop-pl","12":"product_tag-rental-friendly-idea-pl","13":"product_tag-savanna-safari-pl","14":"product_tag-tiny-hearts-pl","16":"first","17":"instock","18":"sale","19":"taxable","20":"shipping-taxable","21":"purchasable","22":"product-type-variable"},"yoast_head":"<!-- This site is optimized with the Yoast SEO plugin v27.3 - https:\/\/yoast.com\/product\/yoast-seo-wordpress\/ -->\n<title>Savanna Wonderland zestaw naklejek - Dekornik<\/title>\n<meta name=\"robots\" content=\"index, follow, max-snippet:-1, max-image-preview:large, max-video-preview:-1\" \/>\n<link rel=\"canonical\" href=\"https:\/\/dekornik.com\/pl\/produkt\/savanna-wonderland-zestaw-naklejek-1\/\" \/>\n<meta property=\"og:locale\" content=\"pl_PL\" \/>\n<meta property=\"og:type\" content=\"article\" \/>\n<meta property=\"og:title\" content=\"Savanna Wonderland zestaw naklejek - Dekornik\" \/>\n<meta property=\"og:description\" content=\"Kolekcja Savanna Adventure przedstawia urocze, bajkowe zwierz\u0119ta: \u017cyraf\u0119, lemura, lwa z m\u0142odym, s\u0142onia, tukana oraz r\u00f3\u017cowego flaminga. Te pi\u0119knie zilustrowane postacie autorstwa Kasi Goraj-Str\u00f3\u017cy\u0144skiej wnios\u0105 do pokoju dzieci\u0119cego wyj\u0105tkowy klimat, rozwijaj\u0105 wyobra\u017ani\u0119 i zach\u0119caj\u0105 do opowiadania w\u0142asnych, nieko\u0144cz\u0105cych si\u0119 historii.To szybki spos\u00f3b na dekoracj\u0119 bez decyzji o tapecie \u2014 idealny do mieszka\u0144 wynajmowanych i szybkich metamorfoz. \u0141atwo \u0142\u0105cz\u0105 si\u0119 z g\u0142adkimi tekstyliami i meblami z naturalnego drewna. Drukowane na specjalnym, tkanym materiale poliestrowym przeznaczonym do dekoracji \u015bcian (sprawdzona baza naklejek Dekornik!).\" \/>\n<meta property=\"og:url\" content=\"https:\/\/dekornik.com\/pl\/produkt\/savanna-wonderland-zestaw-naklejek-1\/\" \/>\n<meta property=\"og:site_name\" content=\"Dekornik\" \/>\n<meta property=\"article:publisher\" content=\"https:\/\/www.facebook.com\/DEKORNIK\/\" \/>\n<meta property=\"article:modified_time\" content=\"2026-04-08T20:41:06+00:00\" \/>\n<meta property=\"og:image\" content=\"https:\/\/dekornik.com\/wp-content\/uploads\/2025\/08\/DEKO.NNM_203afd3f-079b-406f-8354-a5a74df91006.jpg\" \/>\n\t<meta property=\"og:image:width\" content=\"1200\" \/>\n\t<meta property=\"og:image:height\" content=\"1200\" \/>\n\t<meta property=\"og:image:type\" content=\"image\/jpeg\" \/>\n<script type=\"application\/ld+json\" class=\"yoast-schema-graph\">{\"@context\":\"https:\\\/\\\/schema.org\",\"@graph\":[{\"@type\":\"WebPage\",\"@id\":\"https:\\\/\\\/dekornik.com\\\/pl\\\/produkt\\\/savanna-wonderland-zestaw-naklejek-1\\\/\",\"url\":\"https:\\\/\\\/dekornik.com\\\/pl\\\/produkt\\\/savanna-wonderland-zestaw-naklejek-1\\\/\",\"name\":\"Savanna Wonderland zestaw naklejek - Dekornik\",\"isPartOf\":{\"@id\":\"https:\\\/\\\/dekornik.com\\\/pl\\\/#website\"},\"primaryImageOfPage\":{\"@id\":\"https:\\\/\\\/dekornik.com\\\/pl\\\/produkt\\\/savanna-wonderland-zestaw-naklejek-1\\\/#primaryimage\"},\"image\":{\"@id\":\"https:\\\/\\\/dekornik.com\\\/pl\\\/produkt\\\/savanna-wonderland-zestaw-naklejek-1\\\/#primaryimage\"},\"thumbnailUrl\":\"https:\\\/\\\/dekornik.com\\\/wp-content\\\/uploads\\\/2025\\\/08\\\/DEKO.NNM_203afd3f-079b-406f-8354-a5a74df91006.jpg\",\"datePublished\":\"2025-10-02T11:17:31+00:00\",\"dateModified\":\"2026-04-08T20:41:06+00:00\",\"breadcrumb\":{\"@id\":\"https:\\\/\\\/dekornik.com\\\/pl\\\/produkt\\\/savanna-wonderland-zestaw-naklejek-1\\\/#breadcrumb\"},\"inLanguage\":\"pl-PL\",\"potentialAction\":[{\"@type\":\"ReadAction\",\"target\":[\"https:\\\/\\\/dekornik.com\\\/pl\\\/produkt\\\/savanna-wonderland-zestaw-naklejek-1\\\/\"]}]},{\"@type\":\"ImageObject\",\"inLanguage\":\"pl-PL\",\"@id\":\"https:\\\/\\\/dekornik.com\\\/pl\\\/produkt\\\/savanna-wonderland-zestaw-naklejek-1\\\/#primaryimage\",\"url\":\"https:\\\/\\\/dekornik.com\\\/wp-content\\\/uploads\\\/2025\\\/08\\\/DEKO.NNM_203afd3f-079b-406f-8354-a5a74df91006.jpg\",\"contentUrl\":\"https:\\\/\\\/dekornik.com\\\/wp-content\\\/uploads\\\/2025\\\/08\\\/DEKO.NNM_203afd3f-079b-406f-8354-a5a74df91006.jpg\",\"width\":1200,\"height\":1200},{\"@type\":\"BreadcrumbList\",\"@id\":\"https:\\\/\\\/dekornik.com\\\/pl\\\/produkt\\\/savanna-wonderland-zestaw-naklejek-1\\\/#breadcrumb\",\"itemListElement\":[{\"@type\":\"ListItem\",\"position\":1,\"name\":\"Home\",\"item\":\"https:\\\/\\\/dekornik.com\\\/pl\\\/\"},{\"@type\":\"ListItem\",\"position\":2,\"name\":\"Sklep\",\"item\":\"https:\\\/\\\/dekornik.com\\\/pl\\\/sklep\\\/\"},{\"@type\":\"ListItem\",\"position\":3,\"name\":\"Savanna Wonderland zestaw naklejek\"}]},{\"@type\":\"WebSite\",\"@id\":\"https:\\\/\\\/dekornik.com\\\/pl\\\/#website\",\"url\":\"https:\\\/\\\/dekornik.com\\\/pl\\\/\",\"name\":\"Dekornik\",\"description\":\"Your little one will love it\\\\!\",\"publisher\":{\"@id\":\"https:\\\/\\\/dekornik.com\\\/pl\\\/#organization\"},\"potentialAction\":[{\"@type\":\"SearchAction\",\"target\":{\"@type\":\"EntryPoint\",\"urlTemplate\":\"https:\\\/\\\/dekornik.com\\\/pl\\\/?s={search_term_string}\"},\"query-input\":{\"@type\":\"PropertyValueSpecification\",\"valueRequired\":true,\"valueName\":\"search_term_string\"}}],\"inLanguage\":\"pl-PL\"},{\"@type\":\"Organization\",\"@id\":\"https:\\\/\\\/dekornik.com\\\/pl\\\/#organization\",\"name\":\"Dekornik sp. z o.o.\",\"url\":\"https:\\\/\\\/dekornik.com\\\/pl\\\/\",\"logo\":{\"@type\":\"ImageObject\",\"inLanguage\":\"pl-PL\",\"@id\":\"https:\\\/\\\/dekornik.com\\\/pl\\\/#\\\/schema\\\/logo\\\/image\\\/\",\"url\":\"http:\\\/\\\/dekornik.com\\\/wp-content\\\/uploads\\\/2026\\\/01\\\/logo_dekornik-01-1.svg\",\"contentUrl\":\"http:\\\/\\\/dekornik.com\\\/wp-content\\\/uploads\\\/2026\\\/01\\\/logo_dekornik-01-1.svg\",\"width\":\"1024\",\"height\":\"1024\",\"caption\":\"Dekornik sp. z o.o.\"},\"image\":{\"@id\":\"https:\\\/\\\/dekornik.com\\\/pl\\\/#\\\/schema\\\/logo\\\/image\\\/\"},\"sameAs\":[\"https:\\\/\\\/www.facebook.com\\\/DEKORNIK\\\/\",\"https:\\\/\\\/instagram.com\\\/dekornik\",\"https:\\\/\\\/www.pinterest.com\\\/dekornikcom\\\/\"]}]}<\/script>\n<!-- \/ Yoast SEO plugin. -->","yoast_head_json":{"title":"Savanna Wonderland zestaw naklejek - Dekornik","robots":{"index":"index","follow":"follow","max-snippet":"max-snippet:-1","max-image-preview":"max-image-preview:large","max-video-preview":"max-video-preview:-1"},"canonical":"https:\/\/dekornik.com\/pl\/produkt\/savanna-wonderland-zestaw-naklejek-1\/","og_locale":"pl_PL","og_type":"article","og_title":"Savanna Wonderland zestaw naklejek - Dekornik","og_description":"Kolekcja Savanna Adventure przedstawia urocze, bajkowe zwierz\u0119ta: \u017cyraf\u0119, lemura, lwa z m\u0142odym, s\u0142onia, tukana oraz r\u00f3\u017cowego flaminga. Te pi\u0119knie zilustrowane postacie autorstwa Kasi Goraj-Str\u00f3\u017cy\u0144skiej wnios\u0105 do pokoju dzieci\u0119cego wyj\u0105tkowy klimat, rozwijaj\u0105 wyobra\u017ani\u0119 i zach\u0119caj\u0105 do opowiadania w\u0142asnych, nieko\u0144cz\u0105cych si\u0119 historii.To szybki spos\u00f3b na dekoracj\u0119 bez decyzji o tapecie \u2014 idealny do mieszka\u0144 wynajmowanych i szybkich metamorfoz. \u0141atwo \u0142\u0105cz\u0105 si\u0119 z g\u0142adkimi tekstyliami i meblami z naturalnego drewna. Drukowane na specjalnym, tkanym materiale poliestrowym przeznaczonym do dekoracji \u015bcian (sprawdzona baza naklejek Dekornik!).","og_url":"https:\/\/dekornik.com\/pl\/produkt\/savanna-wonderland-zestaw-naklejek-1\/","og_site_name":"Dekornik","article_publisher":"https:\/\/www.facebook.com\/DEKORNIK\/","article_modified_time":"2026-04-08T20:41:06+00:00","og_image":[{"width":1200,"height":1200,"url":"https:\/\/dekornik.com\/wp-content\/uploads\/2025\/08\/DEKO.NNM_203afd3f-079b-406f-8354-a5a74df91006.jpg","type":"image\/jpeg"}],"schema":{"@context":"https:\/\/schema.org","@graph":[{"@type":"WebPage","@id":"https:\/\/dekornik.com\/pl\/produkt\/savanna-wonderland-zestaw-naklejek-1\/","url":"https:\/\/dekornik.com\/pl\/produkt\/savanna-wonderland-zestaw-naklejek-1\/","name":"Savanna Wonderland zestaw naklejek - Dekornik","isPartOf":{"@id":"https:\/\/dekornik.com\/pl\/#website"},"primaryImageOfPage":{"@id":"https:\/\/dekornik.com\/pl\/produkt\/savanna-wonderland-zestaw-naklejek-1\/#primaryimage"},"image":{"@id":"https:\/\/dekornik.com\/pl\/produkt\/savanna-wonderland-zestaw-naklejek-1\/#primaryimage"},"thumbnailUrl":"https:\/\/dekornik.com\/wp-content\/uploads\/2025\/08\/DEKO.NNM_203afd3f-079b-406f-8354-a5a74df91006.jpg","datePublished":"2025-10-02T11:17:31+00:00","dateModified":"2026-04-08T20:41:06+00:00","breadcrumb":{"@id":"https:\/\/dekornik.com\/pl\/produkt\/savanna-wonderland-zestaw-naklejek-1\/#breadcrumb"},"inLanguage":"pl-PL","potentialAction":[{"@type":"ReadAction","target":["https:\/\/dekornik.com\/pl\/produkt\/savanna-wonderland-zestaw-naklejek-1\/"]}]},{"@type":"ImageObject","inLanguage":"pl-PL","@id":"https:\/\/dekornik.com\/pl\/produkt\/savanna-wonderland-zestaw-naklejek-1\/#primaryimage","url":"https:\/\/dekornik.com\/wp-content\/uploads\/2025\/08\/DEKO.NNM_203afd3f-079b-406f-8354-a5a74df91006.jpg","contentUrl":"https:\/\/dekornik.com\/wp-content\/uploads\/2025\/08\/DEKO.NNM_203afd3f-079b-406f-8354-a5a74df91006.jpg","width":1200,"height":1200},{"@type":"BreadcrumbList","@id":"https:\/\/dekornik.com\/pl\/produkt\/savanna-wonderland-zestaw-naklejek-1\/#breadcrumb","itemListElement":[{"@type":"ListItem","position":1,"name":"Home","item":"https:\/\/dekornik.com\/pl\/"},{"@type":"ListItem","position":2,"name":"Sklep","item":"https:\/\/dekornik.com\/pl\/sklep\/"},{"@type":"ListItem","position":3,"name":"Savanna Wonderland zestaw naklejek"}]},{"@type":"WebSite","@id":"https:\/\/dekornik.com\/pl\/#website","url":"https:\/\/dekornik.com\/pl\/","name":"Dekornik","description":"Your little one will love it\\!","publisher":{"@id":"https:\/\/dekornik.com\/pl\/#organization"},"potentialAction":[{"@type":"SearchAction","target":{"@type":"EntryPoint","urlTemplate":"https:\/\/dekornik.com\/pl\/?s={search_term_string}"},"query-input":{"@type":"PropertyValueSpecification","valueRequired":true,"valueName":"search_term_string"}}],"inLanguage":"pl-PL"},{"@type":"Organization","@id":"https:\/\/dekornik.com\/pl\/#organization","name":"Dekornik sp. z o.o.","url":"https:\/\/dekornik.com\/pl\/","logo":{"@type":"ImageObject","inLanguage":"pl-PL","@id":"https:\/\/dekornik.com\/pl\/#\/schema\/logo\/image\/","url":"http:\/\/dekornik.com\/wp-content\/uploads\/2026\/01\/logo_dekornik-01-1.svg","contentUrl":"http:\/\/dekornik.com\/wp-content\/uploads\/2026\/01\/logo_dekornik-01-1.svg","width":"1024","height":"1024","caption":"Dekornik sp. z o.o."},"image":{"@id":"https:\/\/dekornik.com\/pl\/#\/schema\/logo\/image\/"},"sameAs":["https:\/\/www.facebook.com\/DEKORNIK\/","https:\/\/instagram.com\/dekornik","https:\/\/www.pinterest.com\/dekornikcom\/"]}]}},"_links":{"self":[{"href":"https:\/\/dekornik.com\/pl\/wp-json\/wp\/v2\/product\/9133","targetHints":{"allow":["GET"]}}],"collection":[{"href":"https:\/\/dekornik.com\/pl\/wp-json\/wp\/v2\/product"}],"about":[{"href":"https:\/\/dekornik.com\/pl\/wp-json\/wp\/v2\/types\/product"}],"replies":[{"embeddable":true,"href":"https:\/\/dekornik.com\/pl\/wp-json\/wp\/v2\/comments?post=9133"}],"wp:featuredmedia":[{"embeddable":true,"href":"https:\/\/dekornik.com\/pl\/wp-json\/wp\/v2\/media\/9134"}],"wp:attachment":[{"href":"https:\/\/dekornik.com\/pl\/wp-json\/wp\/v2\/media?parent=9133"}],"wp:term":[{"taxonomy":"product_brand","embeddable":true,"href":"https:\/\/dekornik.com\/pl\/wp-json\/wp\/v2\/product_brand?post=9133"},{"taxonomy":"product_cat","embeddable":true,"href":"https:\/\/dekornik.com\/pl\/wp-json\/wp\/v2\/product_cat?post=9133"},{"taxonomy":"product_tag","embeddable":true,"href":"https:\/\/dekornik.com\/pl\/wp-json\/wp\/v2\/product_tag?post=9133"}],"curies":[{"name":"wp","href":"https:\/\/api.w.org\/{rel}","templated":true}]}}