{"id":9127,"date":"2025-10-02T11:17:32","date_gmt":"2025-10-02T11:17:32","guid":{"rendered":"http:\/\/dekornik.com\/product\/bedding-sleepy-animals-100x135cm-1\/"},"modified":"2026-04-04T20:12:44","modified_gmt":"2026-04-04T20:12:44","slug":"bedding-sleepy-animals-100x135cm-1","status":"publish","type":"product","link":"https:\/\/dekornik.com\/pl\/produkt\/bedding-sleepy-animals-100x135cm-1\/","title":{"rendered":"Sleepy Animals 100\u00d7135 cm Po\u015bciel"},"content":{"rendered":"<p>Przepi\u0119kne po\u015bciele \u2014 nasz projekt, nad kt\u00f3rym pracowali\u015bmy ponad rok! Postawili\u015bmy sobie za cel, \u017ceby te po\u015bciele by\u0142y wyj\u0105tkowe. I s\u0105. Materia\u0142, nadruk, kolor, forma \u2014 wszystko jest taaaak PI\u0118KNE.<\/p>\n<p>Wybrali\u015bmy 7 naszych najpopularniejszych wzor\u00f3w tapet i przenie\u015bli\u015bmy je na po\u015bciele!<\/p>\n<p>Poszewki s\u0105 uszyte z materia\u0142u z nadrukiem oraz z jednokolorowego materia\u0142u dobranego kolorystycznie do wzoru. Dzi\u0119ki temu mo\u017cesz mie\u0107 po\u015bciel w \u015bpi\u0105ce zwierz\u0105tka lub jednokolorow\u0105 w jasnym be\u017cu \u2014 w zale\u017cno\u015bci od tego, kt\u00f3r\u0105 stron\u0119 ko\u0142dry u\u0142o\u017cysz na g\u00f3rze. W zestawie znajdziesz r\u00f3wnie\u017c jednokolorow\u0105 poszewk\u0119 na poduszk\u0119 w pasuj\u0105cym kolorze.<\/p>\n<p>Zar\u00f3wno ko\u0142dry, jak i poduszki s\u0105 wi\u0105zane na kokardy i troczki. Uczynili\u015bmy z tego punkt honoru, bo je\u015bli znacie ju\u017c nasz\u0105 mark\u0119, wiecie, \u017ce nie uznajemy niebezpiecznych element\u00f3w \u2014 ani w zabawkach ze sklejki, ani w po\u015bcielach. Dlatego te po\u015bciele nie maj\u0105 suwak\u00f3w, guzik\u00f3w, zatrzask\u00f3w. Nic nie mo\u017ce zadrapa\u0107 maluszka, odpa\u015b\u0107 ani zosta\u0107 oderwane. Po prostu nad\u0142o\u017cyli\u015bmy troch\u0119 materia\u0142u, tak aby pi\u0119knie zawija\u0142 i zabezpiecza\u0142 wype\u0142nienie (20 cm zawini\u0119tego do \u015brodka materia\u0142u), a na koniec wi\u0105\u017cemy kokardy, kt\u00f3re dodaj\u0105 retro looku.<\/p>\n<p><strong>TECHNICZNIE:<\/strong><\/p>\n<p>\u2022 Ko\u0142dra: 100\u00d7135 cm<br \/>\n\u2022 Poduszka: 60\u00d740 cm<\/p>\n<p>Oba elementy s\u0105 bez wype\u0142nienia.<\/p>\n<p>Bardzo starali\u015bmy si\u0119 znale\u017a\u0107 NAJLEPSZY materia\u0142, kt\u00f3ry nie tylko wydob\u0119dzie pi\u0119kne kolory naszych wzor\u00f3w, ale b\u0119dzie te\u017c przyjazny dla dzieci. Szukali\u015bmy materia\u0142u, kt\u00f3ry nie spierze si\u0119 i nie skurczy po kilku praniach. Starali\u015bmy si\u0119 te\u017c dobra\u0107 materia\u0142y z nadrukiem do jednokolorowej tkaniny (na wewn\u0119trzn\u0105 stron\u0119 po\u015bcieli), \u017ceby kolorystycznie idealnie do siebie pasowa\u0142y.<\/p>\n<p>W efekcie mamy dwa materia\u0142y: jednokolorow\u0105 bawe\u0142n\u0119 i bawe\u0142n\u0119 z nadrukiem. Oba to 100% bawe\u0142na, bezpieczna dla dzieci i niemowl\u0105t. Materia\u0142y posiadaj\u0105 certyfikat OEKO-TEX, kt\u00f3ry gwarantuje jako\u015b\u0107 i bezpiecze\u0144stwo.<\/p>\n<p><strong>MATERIA\u0141:<\/strong><\/p>\n<p>Po\u015bciel ma gramatur\u0119 135 g\/m\u00b2 i jest super mi\u0119kka i przyjemna w dotyku.<br \/>\nNadaje si\u0119 do prania w pralce w niskich temperaturach (30 stopni).<br \/>\nPo\u015bciel wyko\u0144czona jest wi\u0105zaniami (znajduj\u0105 si\u0119 na dole poszewki na ko\u0142dr\u0119 i na kr\u00f3tszym boku poduszki). Po\u015bciel ma dodatkow\u0105 wewn\u0119trzn\u0105 zak\u0142adk\u0119 25 cm, dzi\u0119ki czemu ko\u0142dra nie wypada nawet podczas bardzo chaotycznej nocy!<br \/>\nNie ma guzik\u00f3w, suwak\u00f3w ani innych drobnych element\u00f3w, kt\u00f3re dzieci mog\u0142yby w\u0142o\u017cy\u0107 do buzi.<\/p>\n<p><strong>ROZMIAR:<\/strong><\/p>\n<p>Zestaw zawiera poszewk\u0119 na ko\u0142dr\u0119 (z nadrukiem z jednej strony i jednokolorow\u0105 z drugiej) o wymiarach 100\u00d7135 cm \u2014 najpopularniejszy rozmiar pasuj\u0105cy do \u0142\u00f3\u017ceczka 140\u00d770 cm \u2014 oraz poduszk\u0119 (jednokolorow\u0105): 60\u00d740 cm.<\/p>\n","protected":false},"excerpt":{"rendered":"<p>Po\u015bciel Sleepy Animals \u2014 \u015bpi\u0105ce zwierz\u0105tka na dobranoc! Jasny be\u017c z jednej strony, urocze \u015bpi\u0105ce zwierz\u0105tka z drugiej. <\/p>\n<p>100% bawe\u0142na z certyfikatem OEKO-TEX, wi\u0105zana na kokardy (bez suwak\u00f3w \u2014 bezpieczna!). <\/p>\n<p>Zestaw: ko\u0142dra 100\u00d7135 cm + poduszka 60\u00d740 cm (bez wype\u0142nienia).<\/p>\n<p>Idealna do \u0142\u00f3\u017ceczka 140\u00d770 cm!<\/p>\n","protected":false},"featured_media":9128,"comment_status":"open","ping_status":"closed","template":"","meta":{"inline_featured_image":false},"product_brand":[],"product_cat":[273],"product_tag":[697,702,713,719,733,737,746],"class_list":{"0":"post-9127","1":"product","2":"type-product","3":"status-publish","4":"has-post-thumbnail","6":"product_cat-posciel","7":"product_tag-clean-background-pl","8":"product_tag-cozy-mood-pl","9":"product_tag-giftable-pl","10":"product_tag-made-to-last-vibe-pl","11":"product_tag-pairs-with-bedding-pl","12":"product_tag-pattern-layering-pl","13":"product_tag-simple-styling-pl","15":"first","16":"instock","17":"sale","18":"taxable","19":"shipping-taxable","20":"purchasable","21":"product-type-simple"},"yoast_head":"<!-- This site is optimized with the Yoast SEO plugin v27.3 - https:\/\/yoast.com\/product\/yoast-seo-wordpress\/ -->\n<title>Sleepy Animals 100\u00d7135 cm Po\u015bciel - Dekornik<\/title>\n<meta name=\"robots\" content=\"index, follow, max-snippet:-1, max-image-preview:large, max-video-preview:-1\" \/>\n<link rel=\"canonical\" href=\"https:\/\/dekornik.com\/pl\/produkt\/bedding-sleepy-animals-100x135cm-1\/\" \/>\n<meta property=\"og:locale\" content=\"pl_PL\" \/>\n<meta property=\"og:type\" content=\"article\" \/>\n<meta property=\"og:title\" content=\"Sleepy Animals 100\u00d7135 cm Po\u015bciel - Dekornik\" \/>\n<meta property=\"og:description\" content=\"Po\u015bciel Sleepy Animals \u2014 \u015bpi\u0105ce zwierz\u0105tka na dobranoc! Jasny be\u017c z jednej strony, urocze \u015bpi\u0105ce zwierz\u0105tka z drugiej.  100% bawe\u0142na z certyfikatem OEKO-TEX, wi\u0105zana na kokardy (bez suwak\u00f3w \u2014 bezpieczna!).  Zestaw: ko\u0142dra 100\u00d7135 cm + poduszka 60\u00d740 cm (bez wype\u0142nienia). Idealna do \u0142\u00f3\u017ceczka 140\u00d770 cm!\" \/>\n<meta property=\"og:url\" content=\"https:\/\/dekornik.com\/pl\/produkt\/bedding-sleepy-animals-100x135cm-1\/\" \/>\n<meta property=\"og:site_name\" content=\"Dekornik\" \/>\n<meta property=\"article:publisher\" content=\"https:\/\/www.facebook.com\/DEKORNIK\/\" \/>\n<meta property=\"article:modified_time\" content=\"2026-04-04T20:12:44+00:00\" \/>\n<meta property=\"og:image\" content=\"https:\/\/dekornik.com\/wp-content\/uploads\/2025\/10\/fot27_612dfeb5-90e6-4718-9fb1-52a3eba920af.jpg\" \/>\n\t<meta property=\"og:image:width\" content=\"1200\" \/>\n\t<meta property=\"og:image:height\" content=\"1200\" \/>\n\t<meta property=\"og:image:type\" content=\"image\/jpeg\" \/>\n<script type=\"application\/ld+json\" class=\"yoast-schema-graph\">{\"@context\":\"https:\\\/\\\/schema.org\",\"@graph\":[{\"@type\":\"WebPage\",\"@id\":\"https:\\\/\\\/dekornik.com\\\/pl\\\/produkt\\\/bedding-sleepy-animals-100x135cm-1\\\/\",\"url\":\"https:\\\/\\\/dekornik.com\\\/pl\\\/produkt\\\/bedding-sleepy-animals-100x135cm-1\\\/\",\"name\":\"Sleepy Animals 100\u00d7135 cm Po\u015bciel - Dekornik\",\"isPartOf\":{\"@id\":\"https:\\\/\\\/dekornik.com\\\/pl\\\/#website\"},\"primaryImageOfPage\":{\"@id\":\"https:\\\/\\\/dekornik.com\\\/pl\\\/produkt\\\/bedding-sleepy-animals-100x135cm-1\\\/#primaryimage\"},\"image\":{\"@id\":\"https:\\\/\\\/dekornik.com\\\/pl\\\/produkt\\\/bedding-sleepy-animals-100x135cm-1\\\/#primaryimage\"},\"thumbnailUrl\":\"https:\\\/\\\/dekornik.com\\\/wp-content\\\/uploads\\\/2025\\\/10\\\/fot27_612dfeb5-90e6-4718-9fb1-52a3eba920af.jpg\",\"datePublished\":\"2025-10-02T11:17:32+00:00\",\"dateModified\":\"2026-04-04T20:12:44+00:00\",\"breadcrumb\":{\"@id\":\"https:\\\/\\\/dekornik.com\\\/pl\\\/produkt\\\/bedding-sleepy-animals-100x135cm-1\\\/#breadcrumb\"},\"inLanguage\":\"pl-PL\",\"potentialAction\":[{\"@type\":\"ReadAction\",\"target\":[\"https:\\\/\\\/dekornik.com\\\/pl\\\/produkt\\\/bedding-sleepy-animals-100x135cm-1\\\/\"]}]},{\"@type\":\"ImageObject\",\"inLanguage\":\"pl-PL\",\"@id\":\"https:\\\/\\\/dekornik.com\\\/pl\\\/produkt\\\/bedding-sleepy-animals-100x135cm-1\\\/#primaryimage\",\"url\":\"https:\\\/\\\/dekornik.com\\\/wp-content\\\/uploads\\\/2025\\\/10\\\/fot27_612dfeb5-90e6-4718-9fb1-52a3eba920af.jpg\",\"contentUrl\":\"https:\\\/\\\/dekornik.com\\\/wp-content\\\/uploads\\\/2025\\\/10\\\/fot27_612dfeb5-90e6-4718-9fb1-52a3eba920af.jpg\",\"width\":1200,\"height\":1200},{\"@type\":\"BreadcrumbList\",\"@id\":\"https:\\\/\\\/dekornik.com\\\/pl\\\/produkt\\\/bedding-sleepy-animals-100x135cm-1\\\/#breadcrumb\",\"itemListElement\":[{\"@type\":\"ListItem\",\"position\":1,\"name\":\"Home\",\"item\":\"https:\\\/\\\/dekornik.com\\\/pl\\\/\"},{\"@type\":\"ListItem\",\"position\":2,\"name\":\"Sklep\",\"item\":\"https:\\\/\\\/dekornik.com\\\/pl\\\/sklep\\\/\"},{\"@type\":\"ListItem\",\"position\":3,\"name\":\"Sleepy Animals 100\u00d7135 cm Po\u015bciel\"}]},{\"@type\":\"WebSite\",\"@id\":\"https:\\\/\\\/dekornik.com\\\/pl\\\/#website\",\"url\":\"https:\\\/\\\/dekornik.com\\\/pl\\\/\",\"name\":\"Dekornik\",\"description\":\"Your little one will love it\\\\!\",\"publisher\":{\"@id\":\"https:\\\/\\\/dekornik.com\\\/pl\\\/#organization\"},\"potentialAction\":[{\"@type\":\"SearchAction\",\"target\":{\"@type\":\"EntryPoint\",\"urlTemplate\":\"https:\\\/\\\/dekornik.com\\\/pl\\\/?s={search_term_string}\"},\"query-input\":{\"@type\":\"PropertyValueSpecification\",\"valueRequired\":true,\"valueName\":\"search_term_string\"}}],\"inLanguage\":\"pl-PL\"},{\"@type\":\"Organization\",\"@id\":\"https:\\\/\\\/dekornik.com\\\/pl\\\/#organization\",\"name\":\"Dekornik sp. z o.o.\",\"url\":\"https:\\\/\\\/dekornik.com\\\/pl\\\/\",\"logo\":{\"@type\":\"ImageObject\",\"inLanguage\":\"pl-PL\",\"@id\":\"https:\\\/\\\/dekornik.com\\\/pl\\\/#\\\/schema\\\/logo\\\/image\\\/\",\"url\":\"http:\\\/\\\/dekornik.com\\\/wp-content\\\/uploads\\\/2026\\\/01\\\/logo_dekornik-01-1.svg\",\"contentUrl\":\"http:\\\/\\\/dekornik.com\\\/wp-content\\\/uploads\\\/2026\\\/01\\\/logo_dekornik-01-1.svg\",\"width\":\"1024\",\"height\":\"1024\",\"caption\":\"Dekornik sp. z o.o.\"},\"image\":{\"@id\":\"https:\\\/\\\/dekornik.com\\\/pl\\\/#\\\/schema\\\/logo\\\/image\\\/\"},\"sameAs\":[\"https:\\\/\\\/www.facebook.com\\\/DEKORNIK\\\/\",\"https:\\\/\\\/instagram.com\\\/dekornik\",\"https:\\\/\\\/www.pinterest.com\\\/dekornikcom\\\/\"]}]}<\/script>\n<!-- \/ Yoast SEO plugin. -->","yoast_head_json":{"title":"Sleepy Animals 100\u00d7135 cm Po\u015bciel - Dekornik","robots":{"index":"index","follow":"follow","max-snippet":"max-snippet:-1","max-image-preview":"max-image-preview:large","max-video-preview":"max-video-preview:-1"},"canonical":"https:\/\/dekornik.com\/pl\/produkt\/bedding-sleepy-animals-100x135cm-1\/","og_locale":"pl_PL","og_type":"article","og_title":"Sleepy Animals 100\u00d7135 cm Po\u015bciel - Dekornik","og_description":"Po\u015bciel Sleepy Animals \u2014 \u015bpi\u0105ce zwierz\u0105tka na dobranoc! Jasny be\u017c z jednej strony, urocze \u015bpi\u0105ce zwierz\u0105tka z drugiej.  100% bawe\u0142na z certyfikatem OEKO-TEX, wi\u0105zana na kokardy (bez suwak\u00f3w \u2014 bezpieczna!).  Zestaw: ko\u0142dra 100\u00d7135 cm + poduszka 60\u00d740 cm (bez wype\u0142nienia). Idealna do \u0142\u00f3\u017ceczka 140\u00d770 cm!","og_url":"https:\/\/dekornik.com\/pl\/produkt\/bedding-sleepy-animals-100x135cm-1\/","og_site_name":"Dekornik","article_publisher":"https:\/\/www.facebook.com\/DEKORNIK\/","article_modified_time":"2026-04-04T20:12:44+00:00","og_image":[{"width":1200,"height":1200,"url":"https:\/\/dekornik.com\/wp-content\/uploads\/2025\/10\/fot27_612dfeb5-90e6-4718-9fb1-52a3eba920af.jpg","type":"image\/jpeg"}],"schema":{"@context":"https:\/\/schema.org","@graph":[{"@type":"WebPage","@id":"https:\/\/dekornik.com\/pl\/produkt\/bedding-sleepy-animals-100x135cm-1\/","url":"https:\/\/dekornik.com\/pl\/produkt\/bedding-sleepy-animals-100x135cm-1\/","name":"Sleepy Animals 100\u00d7135 cm Po\u015bciel - Dekornik","isPartOf":{"@id":"https:\/\/dekornik.com\/pl\/#website"},"primaryImageOfPage":{"@id":"https:\/\/dekornik.com\/pl\/produkt\/bedding-sleepy-animals-100x135cm-1\/#primaryimage"},"image":{"@id":"https:\/\/dekornik.com\/pl\/produkt\/bedding-sleepy-animals-100x135cm-1\/#primaryimage"},"thumbnailUrl":"https:\/\/dekornik.com\/wp-content\/uploads\/2025\/10\/fot27_612dfeb5-90e6-4718-9fb1-52a3eba920af.jpg","datePublished":"2025-10-02T11:17:32+00:00","dateModified":"2026-04-04T20:12:44+00:00","breadcrumb":{"@id":"https:\/\/dekornik.com\/pl\/produkt\/bedding-sleepy-animals-100x135cm-1\/#breadcrumb"},"inLanguage":"pl-PL","potentialAction":[{"@type":"ReadAction","target":["https:\/\/dekornik.com\/pl\/produkt\/bedding-sleepy-animals-100x135cm-1\/"]}]},{"@type":"ImageObject","inLanguage":"pl-PL","@id":"https:\/\/dekornik.com\/pl\/produkt\/bedding-sleepy-animals-100x135cm-1\/#primaryimage","url":"https:\/\/dekornik.com\/wp-content\/uploads\/2025\/10\/fot27_612dfeb5-90e6-4718-9fb1-52a3eba920af.jpg","contentUrl":"https:\/\/dekornik.com\/wp-content\/uploads\/2025\/10\/fot27_612dfeb5-90e6-4718-9fb1-52a3eba920af.jpg","width":1200,"height":1200},{"@type":"BreadcrumbList","@id":"https:\/\/dekornik.com\/pl\/produkt\/bedding-sleepy-animals-100x135cm-1\/#breadcrumb","itemListElement":[{"@type":"ListItem","position":1,"name":"Home","item":"https:\/\/dekornik.com\/pl\/"},{"@type":"ListItem","position":2,"name":"Sklep","item":"https:\/\/dekornik.com\/pl\/sklep\/"},{"@type":"ListItem","position":3,"name":"Sleepy Animals 100\u00d7135 cm Po\u015bciel"}]},{"@type":"WebSite","@id":"https:\/\/dekornik.com\/pl\/#website","url":"https:\/\/dekornik.com\/pl\/","name":"Dekornik","description":"Your little one will love it\\!","publisher":{"@id":"https:\/\/dekornik.com\/pl\/#organization"},"potentialAction":[{"@type":"SearchAction","target":{"@type":"EntryPoint","urlTemplate":"https:\/\/dekornik.com\/pl\/?s={search_term_string}"},"query-input":{"@type":"PropertyValueSpecification","valueRequired":true,"valueName":"search_term_string"}}],"inLanguage":"pl-PL"},{"@type":"Organization","@id":"https:\/\/dekornik.com\/pl\/#organization","name":"Dekornik sp. z o.o.","url":"https:\/\/dekornik.com\/pl\/","logo":{"@type":"ImageObject","inLanguage":"pl-PL","@id":"https:\/\/dekornik.com\/pl\/#\/schema\/logo\/image\/","url":"http:\/\/dekornik.com\/wp-content\/uploads\/2026\/01\/logo_dekornik-01-1.svg","contentUrl":"http:\/\/dekornik.com\/wp-content\/uploads\/2026\/01\/logo_dekornik-01-1.svg","width":"1024","height":"1024","caption":"Dekornik sp. z o.o."},"image":{"@id":"https:\/\/dekornik.com\/pl\/#\/schema\/logo\/image\/"},"sameAs":["https:\/\/www.facebook.com\/DEKORNIK\/","https:\/\/instagram.com\/dekornik","https:\/\/www.pinterest.com\/dekornikcom\/"]}]}},"_links":{"self":[{"href":"https:\/\/dekornik.com\/pl\/wp-json\/wp\/v2\/product\/9127","targetHints":{"allow":["GET"]}}],"collection":[{"href":"https:\/\/dekornik.com\/pl\/wp-json\/wp\/v2\/product"}],"about":[{"href":"https:\/\/dekornik.com\/pl\/wp-json\/wp\/v2\/types\/product"}],"replies":[{"embeddable":true,"href":"https:\/\/dekornik.com\/pl\/wp-json\/wp\/v2\/comments?post=9127"}],"wp:featuredmedia":[{"embeddable":true,"href":"https:\/\/dekornik.com\/pl\/wp-json\/wp\/v2\/media\/9128"}],"wp:attachment":[{"href":"https:\/\/dekornik.com\/pl\/wp-json\/wp\/v2\/media?parent=9127"}],"wp:term":[{"taxonomy":"product_brand","embeddable":true,"href":"https:\/\/dekornik.com\/pl\/wp-json\/wp\/v2\/product_brand?post=9127"},{"taxonomy":"product_cat","embeddable":true,"href":"https:\/\/dekornik.com\/pl\/wp-json\/wp\/v2\/product_cat?post=9127"},{"taxonomy":"product_tag","embeddable":true,"href":"https:\/\/dekornik.com\/pl\/wp-json\/wp\/v2\/product_tag?post=9127"}],"curies":[{"name":"wp","href":"https:\/\/api.w.org\/{rel}","templated":true}]}}