{"id":9098,"date":"2025-10-02T11:17:42","date_gmt":"2025-10-02T11:17:42","guid":{"rendered":"http:\/\/dekornik.com\/product\/secret-paradise-neutral-wallpaper-1\/"},"modified":"2026-04-02T21:28:49","modified_gmt":"2026-04-02T21:28:49","slug":"secret-paradise-neutral-wallpaper-1","status":"publish","type":"product","link":"https:\/\/dekornik.com\/pl\/produkt\/secret-paradise-neutral-wallpaper-1\/","title":{"rendered":"Secret Paradise Neutral Tapeta"},"content":{"rendered":"<p>Ta pi\u0119kna tapeta d\u0142ugo czeka\u0142a na sw\u00f3j czas \u2014 i w ko\u0144cu sta\u0142a si\u0119 bestsellerem! Niekt\u00f3rym kojarzy si\u0119 z tajemniczym ogrodem, a innym\u2026 z chru\u015bniakiem!<\/p>\n<p>G\u0119sty, wyj\u0105tkowy wz\u00f3r na szaro-be\u017cowym tle jest bardzo neutralny, bez mocnych kontrast\u00f3w \u2014 idealny dla mi\u0142o\u015bnik\u00f3w motyw\u00f3w botanicznych, kt\u00f3rzy nie chc\u0105 wprowadza\u0107 dodatkowego koloru do pokoju. Tapeta pi\u0119knie prezentuje si\u0119 w pokojach dziewczynek z meblami z naturalnego drewna.<\/p>\n<p>Wymiary element\u00f3w:<br \/>\n\u2022 Najwi\u0119ksze kwiaty: do 20 cm<br \/>\n\u2022 Ptaszki: od 15 do 26 cm<\/p>\n<p><strong>TECHNICZNIE:<\/strong><\/p>\n<p>Tapeta podzielona jest na pasy:<br \/>\n\u2022 Wysoko\u015b\u0107: 280 cm<br \/>\n\u2022 Szeroko\u015b\u0107: 100 cm<br \/>\n\u2022 Mamy tak\u017ce opcj\u0119 140 cm na wysoko\u015b\u0107, dla wszystkich, kt\u00f3rzy lubi\u0105 lamperi\u0119 i chc\u0105 tapet\u0119 jedynie od po\u0142owy \u015bciany.<\/p>\n<p>Cena dotyczy jednego pasa.<\/p>\n<p>Te pasy pasuj\u0105 do wi\u0119kszo\u015bci standardowych mieszka\u0144 \u2013 maj\u0105 dodatkowe 20 cm d\u0142ugo\u015bci, wi\u0119c bez problemu przytniesz je do wysoko\u015bci swojej \u015bciany.<\/p>\n<p>Zamawianie tapet w pasach jest szybkie i wygodne. Wystarczy zmierzy\u0107 \u015bcian\u0119 i dobra\u0107 odpowiedni\u0105 liczb\u0119 pas\u00f3w \u2013 bez skomplikowanych oblicze\u0144. Trudno tu o pomy\u0142k\u0119.<\/p>\n","protected":false},"excerpt":{"rendered":"<p>G\u0119sty, botaniczny wz\u00f3r na szaro-be\u017cowym tle \u2014 tajemniczy ogr\u00f3d bez kontrastu i dodatkowych kolor\u00f3w. Nasz bestseller, idealny do pokoj\u00f3w z naturalnymi meblami. Kwiaty do 20 cm, ptaszki 15\u201326 cm.<\/p>\n<p>Pi\u0119knie prezentuje si\u0119 na jednej \u015bcianie akcentowej lub w ca\u0142ym pokoju.<\/p>\n<p>Drukowana na matowym papierze Dekornik \u2014 ekologicznym, grubym 190g\/m2, i bezpiecznym dla dzieci.<\/p>\n","protected":false},"featured_media":9099,"comment_status":"open","ping_status":"closed","template":"","meta":{"inline_featured_image":false},"product_brand":[],"product_cat":[404,392,385,237,390],"product_tag":[692,711,715,724,734,750,751,753,755,760],"class_list":{"0":"post-9098","1":"product","2":"type-product","3":"status-publish","4":"has-post-thumbnail","6":"product_cat-kolorowy-pokoj-malucha","7":"product_cat-kwiatowe","8":"product_cat-ptaki","9":"product_cat-tapety","10":"product_cat-ziemiste-tony","11":"product_tag-bird-flight-pl","12":"product_tag-floral-bouquet-pl","13":"product_tag-hand-drawn-look-pl","14":"product_tag-mini-florals-pl","15":"product_tag-pairs-with-borders-pl","16":"product_tag-starry-sparkle-pl","17":"product_tag-statement-wall-pl","18":"product_tag-stripe-rhythm-pl","19":"product_tag-toddler-energy-pl","20":"product_tag-whimsical-details-pl","22":"first","23":"instock","24":"sale","25":"taxable","26":"shipping-taxable","27":"purchasable","28":"product-type-variable","29":"has-default-attributes"},"yoast_head":"<!-- This site is optimized with the Yoast SEO plugin v27.3 - https:\/\/yoast.com\/product\/yoast-seo-wordpress\/ -->\n<title>Secret Paradise Neutral Tapeta - Dekornik<\/title>\n<meta name=\"robots\" content=\"index, follow, max-snippet:-1, max-image-preview:large, max-video-preview:-1\" \/>\n<link rel=\"canonical\" href=\"https:\/\/dekornik.com\/pl\/produkt\/secret-paradise-neutral-wallpaper-1\/\" \/>\n<meta property=\"og:locale\" content=\"pl_PL\" \/>\n<meta property=\"og:type\" content=\"article\" \/>\n<meta property=\"og:title\" content=\"Secret Paradise Neutral Tapeta - Dekornik\" \/>\n<meta property=\"og:description\" content=\"G\u0119sty, botaniczny wz\u00f3r na szaro-be\u017cowym tle \u2014 tajemniczy ogr\u00f3d bez kontrastu i dodatkowych kolor\u00f3w. Nasz bestseller, idealny do pokoj\u00f3w z naturalnymi meblami. Kwiaty do 20 cm, ptaszki 15\u201326 cm. Pi\u0119knie prezentuje si\u0119 na jednej \u015bcianie akcentowej lub w ca\u0142ym pokoju. Drukowana na matowym papierze Dekornik \u2014 ekologicznym, grubym 190g\/m2, i bezpiecznym dla dzieci.\" \/>\n<meta property=\"og:url\" content=\"https:\/\/dekornik.com\/pl\/produkt\/secret-paradise-neutral-wallpaper-1\/\" \/>\n<meta property=\"og:site_name\" content=\"Dekornik\" \/>\n<meta property=\"article:publisher\" content=\"https:\/\/www.facebook.com\/DEKORNIK\/\" \/>\n<meta property=\"article:modified_time\" content=\"2026-04-02T21:28:49+00:00\" \/>\n<meta property=\"og:image\" content=\"https:\/\/dekornik.com\/wp-content\/uploads\/2025\/10\/DEKO.TAP_.199-secret_paradise-neutral-100x280_1122009919905_76620a40-f8fc-4249-9c8f-a467e8cd6fe7.jpg\" \/>\n\t<meta property=\"og:image:width\" content=\"1000\" \/>\n\t<meta property=\"og:image:height\" content=\"1000\" \/>\n\t<meta property=\"og:image:type\" content=\"image\/jpeg\" \/>\n<script type=\"application\/ld+json\" class=\"yoast-schema-graph\">{\"@context\":\"https:\\\/\\\/schema.org\",\"@graph\":[{\"@type\":\"WebPage\",\"@id\":\"https:\\\/\\\/dekornik.com\\\/pl\\\/produkt\\\/secret-paradise-neutral-wallpaper-1\\\/\",\"url\":\"https:\\\/\\\/dekornik.com\\\/pl\\\/produkt\\\/secret-paradise-neutral-wallpaper-1\\\/\",\"name\":\"Secret Paradise Neutral Tapeta - Dekornik\",\"isPartOf\":{\"@id\":\"https:\\\/\\\/dekornik.com\\\/pl\\\/#website\"},\"primaryImageOfPage\":{\"@id\":\"https:\\\/\\\/dekornik.com\\\/pl\\\/produkt\\\/secret-paradise-neutral-wallpaper-1\\\/#primaryimage\"},\"image\":{\"@id\":\"https:\\\/\\\/dekornik.com\\\/pl\\\/produkt\\\/secret-paradise-neutral-wallpaper-1\\\/#primaryimage\"},\"thumbnailUrl\":\"https:\\\/\\\/dekornik.com\\\/wp-content\\\/uploads\\\/2025\\\/10\\\/DEKO.TAP_.199-secret_paradise-neutral-100x280_1122009919905_76620a40-f8fc-4249-9c8f-a467e8cd6fe7.jpg\",\"datePublished\":\"2025-10-02T11:17:42+00:00\",\"dateModified\":\"2026-04-02T21:28:49+00:00\",\"breadcrumb\":{\"@id\":\"https:\\\/\\\/dekornik.com\\\/pl\\\/produkt\\\/secret-paradise-neutral-wallpaper-1\\\/#breadcrumb\"},\"inLanguage\":\"pl-PL\",\"potentialAction\":[{\"@type\":\"ReadAction\",\"target\":[\"https:\\\/\\\/dekornik.com\\\/pl\\\/produkt\\\/secret-paradise-neutral-wallpaper-1\\\/\"]}]},{\"@type\":\"ImageObject\",\"inLanguage\":\"pl-PL\",\"@id\":\"https:\\\/\\\/dekornik.com\\\/pl\\\/produkt\\\/secret-paradise-neutral-wallpaper-1\\\/#primaryimage\",\"url\":\"https:\\\/\\\/dekornik.com\\\/wp-content\\\/uploads\\\/2025\\\/10\\\/DEKO.TAP_.199-secret_paradise-neutral-100x280_1122009919905_76620a40-f8fc-4249-9c8f-a467e8cd6fe7.jpg\",\"contentUrl\":\"https:\\\/\\\/dekornik.com\\\/wp-content\\\/uploads\\\/2025\\\/10\\\/DEKO.TAP_.199-secret_paradise-neutral-100x280_1122009919905_76620a40-f8fc-4249-9c8f-a467e8cd6fe7.jpg\",\"width\":1000,\"height\":1000,\"caption\":\"Secret Paradise Neutral Wallpaper\"},{\"@type\":\"BreadcrumbList\",\"@id\":\"https:\\\/\\\/dekornik.com\\\/pl\\\/produkt\\\/secret-paradise-neutral-wallpaper-1\\\/#breadcrumb\",\"itemListElement\":[{\"@type\":\"ListItem\",\"position\":1,\"name\":\"Home\",\"item\":\"https:\\\/\\\/dekornik.com\\\/pl\\\/\"},{\"@type\":\"ListItem\",\"position\":2,\"name\":\"Sklep\",\"item\":\"https:\\\/\\\/dekornik.com\\\/pl\\\/sklep\\\/\"},{\"@type\":\"ListItem\",\"position\":3,\"name\":\"Secret Paradise Neutral Tapeta\"}]},{\"@type\":\"WebSite\",\"@id\":\"https:\\\/\\\/dekornik.com\\\/pl\\\/#website\",\"url\":\"https:\\\/\\\/dekornik.com\\\/pl\\\/\",\"name\":\"Dekornik\",\"description\":\"Your little one will love it\\\\!\",\"publisher\":{\"@id\":\"https:\\\/\\\/dekornik.com\\\/pl\\\/#organization\"},\"potentialAction\":[{\"@type\":\"SearchAction\",\"target\":{\"@type\":\"EntryPoint\",\"urlTemplate\":\"https:\\\/\\\/dekornik.com\\\/pl\\\/?s={search_term_string}\"},\"query-input\":{\"@type\":\"PropertyValueSpecification\",\"valueRequired\":true,\"valueName\":\"search_term_string\"}}],\"inLanguage\":\"pl-PL\"},{\"@type\":\"Organization\",\"@id\":\"https:\\\/\\\/dekornik.com\\\/pl\\\/#organization\",\"name\":\"Dekornik sp. z o.o.\",\"url\":\"https:\\\/\\\/dekornik.com\\\/pl\\\/\",\"logo\":{\"@type\":\"ImageObject\",\"inLanguage\":\"pl-PL\",\"@id\":\"https:\\\/\\\/dekornik.com\\\/pl\\\/#\\\/schema\\\/logo\\\/image\\\/\",\"url\":\"http:\\\/\\\/dekornik.com\\\/wp-content\\\/uploads\\\/2026\\\/01\\\/logo_dekornik-01-1.svg\",\"contentUrl\":\"http:\\\/\\\/dekornik.com\\\/wp-content\\\/uploads\\\/2026\\\/01\\\/logo_dekornik-01-1.svg\",\"width\":\"1024\",\"height\":\"1024\",\"caption\":\"Dekornik sp. z o.o.\"},\"image\":{\"@id\":\"https:\\\/\\\/dekornik.com\\\/pl\\\/#\\\/schema\\\/logo\\\/image\\\/\"},\"sameAs\":[\"https:\\\/\\\/www.facebook.com\\\/DEKORNIK\\\/\",\"https:\\\/\\\/instagram.com\\\/dekornik\",\"https:\\\/\\\/www.pinterest.com\\\/dekornikcom\\\/\"]}]}<\/script>\n<!-- \/ Yoast SEO plugin. -->","yoast_head_json":{"title":"Secret Paradise Neutral Tapeta - Dekornik","robots":{"index":"index","follow":"follow","max-snippet":"max-snippet:-1","max-image-preview":"max-image-preview:large","max-video-preview":"max-video-preview:-1"},"canonical":"https:\/\/dekornik.com\/pl\/produkt\/secret-paradise-neutral-wallpaper-1\/","og_locale":"pl_PL","og_type":"article","og_title":"Secret Paradise Neutral Tapeta - Dekornik","og_description":"G\u0119sty, botaniczny wz\u00f3r na szaro-be\u017cowym tle \u2014 tajemniczy ogr\u00f3d bez kontrastu i dodatkowych kolor\u00f3w. Nasz bestseller, idealny do pokoj\u00f3w z naturalnymi meblami. Kwiaty do 20 cm, ptaszki 15\u201326 cm. Pi\u0119knie prezentuje si\u0119 na jednej \u015bcianie akcentowej lub w ca\u0142ym pokoju. Drukowana na matowym papierze Dekornik \u2014 ekologicznym, grubym 190g\/m2, i bezpiecznym dla dzieci.","og_url":"https:\/\/dekornik.com\/pl\/produkt\/secret-paradise-neutral-wallpaper-1\/","og_site_name":"Dekornik","article_publisher":"https:\/\/www.facebook.com\/DEKORNIK\/","article_modified_time":"2026-04-02T21:28:49+00:00","og_image":[{"width":1000,"height":1000,"url":"https:\/\/dekornik.com\/wp-content\/uploads\/2025\/10\/DEKO.TAP_.199-secret_paradise-neutral-100x280_1122009919905_76620a40-f8fc-4249-9c8f-a467e8cd6fe7.jpg","type":"image\/jpeg"}],"schema":{"@context":"https:\/\/schema.org","@graph":[{"@type":"WebPage","@id":"https:\/\/dekornik.com\/pl\/produkt\/secret-paradise-neutral-wallpaper-1\/","url":"https:\/\/dekornik.com\/pl\/produkt\/secret-paradise-neutral-wallpaper-1\/","name":"Secret Paradise Neutral Tapeta - Dekornik","isPartOf":{"@id":"https:\/\/dekornik.com\/pl\/#website"},"primaryImageOfPage":{"@id":"https:\/\/dekornik.com\/pl\/produkt\/secret-paradise-neutral-wallpaper-1\/#primaryimage"},"image":{"@id":"https:\/\/dekornik.com\/pl\/produkt\/secret-paradise-neutral-wallpaper-1\/#primaryimage"},"thumbnailUrl":"https:\/\/dekornik.com\/wp-content\/uploads\/2025\/10\/DEKO.TAP_.199-secret_paradise-neutral-100x280_1122009919905_76620a40-f8fc-4249-9c8f-a467e8cd6fe7.jpg","datePublished":"2025-10-02T11:17:42+00:00","dateModified":"2026-04-02T21:28:49+00:00","breadcrumb":{"@id":"https:\/\/dekornik.com\/pl\/produkt\/secret-paradise-neutral-wallpaper-1\/#breadcrumb"},"inLanguage":"pl-PL","potentialAction":[{"@type":"ReadAction","target":["https:\/\/dekornik.com\/pl\/produkt\/secret-paradise-neutral-wallpaper-1\/"]}]},{"@type":"ImageObject","inLanguage":"pl-PL","@id":"https:\/\/dekornik.com\/pl\/produkt\/secret-paradise-neutral-wallpaper-1\/#primaryimage","url":"https:\/\/dekornik.com\/wp-content\/uploads\/2025\/10\/DEKO.TAP_.199-secret_paradise-neutral-100x280_1122009919905_76620a40-f8fc-4249-9c8f-a467e8cd6fe7.jpg","contentUrl":"https:\/\/dekornik.com\/wp-content\/uploads\/2025\/10\/DEKO.TAP_.199-secret_paradise-neutral-100x280_1122009919905_76620a40-f8fc-4249-9c8f-a467e8cd6fe7.jpg","width":1000,"height":1000,"caption":"Secret Paradise Neutral Wallpaper"},{"@type":"BreadcrumbList","@id":"https:\/\/dekornik.com\/pl\/produkt\/secret-paradise-neutral-wallpaper-1\/#breadcrumb","itemListElement":[{"@type":"ListItem","position":1,"name":"Home","item":"https:\/\/dekornik.com\/pl\/"},{"@type":"ListItem","position":2,"name":"Sklep","item":"https:\/\/dekornik.com\/pl\/sklep\/"},{"@type":"ListItem","position":3,"name":"Secret Paradise Neutral Tapeta"}]},{"@type":"WebSite","@id":"https:\/\/dekornik.com\/pl\/#website","url":"https:\/\/dekornik.com\/pl\/","name":"Dekornik","description":"Your little one will love it\\!","publisher":{"@id":"https:\/\/dekornik.com\/pl\/#organization"},"potentialAction":[{"@type":"SearchAction","target":{"@type":"EntryPoint","urlTemplate":"https:\/\/dekornik.com\/pl\/?s={search_term_string}"},"query-input":{"@type":"PropertyValueSpecification","valueRequired":true,"valueName":"search_term_string"}}],"inLanguage":"pl-PL"},{"@type":"Organization","@id":"https:\/\/dekornik.com\/pl\/#organization","name":"Dekornik sp. z o.o.","url":"https:\/\/dekornik.com\/pl\/","logo":{"@type":"ImageObject","inLanguage":"pl-PL","@id":"https:\/\/dekornik.com\/pl\/#\/schema\/logo\/image\/","url":"http:\/\/dekornik.com\/wp-content\/uploads\/2026\/01\/logo_dekornik-01-1.svg","contentUrl":"http:\/\/dekornik.com\/wp-content\/uploads\/2026\/01\/logo_dekornik-01-1.svg","width":"1024","height":"1024","caption":"Dekornik sp. z o.o."},"image":{"@id":"https:\/\/dekornik.com\/pl\/#\/schema\/logo\/image\/"},"sameAs":["https:\/\/www.facebook.com\/DEKORNIK\/","https:\/\/instagram.com\/dekornik","https:\/\/www.pinterest.com\/dekornikcom\/"]}]}},"_links":{"self":[{"href":"https:\/\/dekornik.com\/pl\/wp-json\/wp\/v2\/product\/9098","targetHints":{"allow":["GET"]}}],"collection":[{"href":"https:\/\/dekornik.com\/pl\/wp-json\/wp\/v2\/product"}],"about":[{"href":"https:\/\/dekornik.com\/pl\/wp-json\/wp\/v2\/types\/product"}],"replies":[{"embeddable":true,"href":"https:\/\/dekornik.com\/pl\/wp-json\/wp\/v2\/comments?post=9098"}],"wp:featuredmedia":[{"embeddable":true,"href":"https:\/\/dekornik.com\/pl\/wp-json\/wp\/v2\/media\/9099"}],"wp:attachment":[{"href":"https:\/\/dekornik.com\/pl\/wp-json\/wp\/v2\/media?parent=9098"}],"wp:term":[{"taxonomy":"product_brand","embeddable":true,"href":"https:\/\/dekornik.com\/pl\/wp-json\/wp\/v2\/product_brand?post=9098"},{"taxonomy":"product_cat","embeddable":true,"href":"https:\/\/dekornik.com\/pl\/wp-json\/wp\/v2\/product_cat?post=9098"},{"taxonomy":"product_tag","embeddable":true,"href":"https:\/\/dekornik.com\/pl\/wp-json\/wp\/v2\/product_tag?post=9098"}],"curies":[{"name":"wp","href":"https:\/\/api.w.org\/{rel}","templated":true}]}}