{"id":9090,"date":"2025-10-02T11:17:44","date_gmt":"2025-10-02T11:17:44","guid":{"rendered":"http:\/\/dekornik.com\/product\/birds-and-beige-spring-wallpaper-1\/"},"modified":"2026-04-02T10:41:20","modified_gmt":"2026-04-02T10:41:20","slug":"birds-and-beige-spring-wallpaper-1","status":"publish","type":"product","link":"https:\/\/dekornik.com\/pl\/produkt\/birds-and-beige-spring-wallpaper-1\/","title":{"rendered":"Birds and Beige Spring Tapeta"},"content":{"rendered":"<p>Ma\u0142e, urocze stworzonka mi\u0119dzy kwitn\u0105cymi ga\u0142\u0105zkami.<\/p>\n<p>Bardzo klasyczny, a jednocze\u015bnie niewinny wz\u00f3r. Dost\u0119pny w dw\u00f3ch kolorach: be\u017cowym \u2013 idealnym do pokoj\u00f3w dzieci\u0119cych i zielonym \u2013 pasuj\u0105cym nawet do salonu czy sypialni. To dekoracja na lata, uniwersalna zar\u00f3wno we wzorze, jak i w kolorystyce.<\/p>\n<p><strong>TECHNICZNIE:<\/strong><\/p>\n<p>Tapeta podzielona jest na pasy:<\/p>\n<ul>\n<li>Wysoko\u015b\u0107: 280 cm<\/li>\n<li>Szeroko\u015b\u0107: 50 cm<\/li>\n<li>Mamy tak\u017ce opcj\u0119 140 cm na wysoko\u015b\u0107, dla wszystkich, kt\u00f3rzy lubi\u0105 lamperi\u0119 i chc\u0105 tapet\u0119 jedynie od po\u0142owy \u015bciany.<\/li>\n<\/ul>\n<p>Cena dotyczy jednego pasa.<\/p>\n<p>Te pasy pasuj\u0105 do wi\u0119kszo\u015bci standardowych mieszka\u0144 &#8211; maj\u0105 dodatkowe 20 cm d\u0142ugo\u015bci, wi\u0119c bez problemu przytniesz je do wysoko\u015bci swojej \u015bciany. Zamawianie tapet w pasach jest szybkie i wygodne. Wystarczy zmierzy\u0107 \u015bcian\u0119 i dobra\u0107 odpowiedni\u0105 liczb\u0119 pas\u00f3w &#8211; bez skomplikowanych oblicze\u0144. Trudno tu o pomy\u0142k\u0119.<\/p>\n<p>Pasy tapet sprawiaj\u0105, \u017ce tapeta niemal idealnie dopasowuje si\u0119 do szeroko\u015bci \u015bciany. Dodatkowo powtarzalny wz\u00f3r &#8211; identyczny na ka\u017cdym pasie &#8211; u\u0142atwia precyzyjne \u0142\u0105czenie od sufitu, dzi\u0119ki czemu materia\u0142 wykorzystujesz niemal w ca\u0142o\u015bci i niewiele si\u0119 marnuje!<\/p>\n","protected":false},"excerpt":{"rendered":"<div class=\"entry-content\">\n<p>Klasyczny wz\u00f3r ptaszk\u00f3w i kwitn\u0105cych ga\u0142\u0105zek w dw\u00f3ch wersjach kolorystycznych. Wersja be\u017cowa idealnie pasuje do pokoj\u00f3w dzieci\u0119cych, zielona \u015bwietnie sprawdzi si\u0119 nawet w salonie czy sypialni.<\/p>\n<p>To tapeta, kt\u00f3r\u0105 wybierasz na lata \u2014 jej uniwersalny charakter sprawia, \u017ce nie nudzi si\u0119 po kilku miesi\u0105cach, tylko ro\u015bnie razem z wn\u0119trzem.<\/p>\n<p>Drukowana na matowym papierze Dekornik \u2014 ekologicznym, grubym 190g\/m2, i bezpiecznym dla dzieci.<\/p>\n<\/div>\n","protected":false},"featured_media":9091,"comment_status":"open","ping_status":"closed","template":"","meta":{"inline_featured_image":false},"product_brand":[],"product_cat":[401,404,388,385,237,395,390,384],"product_tag":[687,692,712,715,717,722,724,750,753,755],"class_list":{"0":"post-9090","1":"product","2":"type-product","3":"status-publish","4":"has-post-thumbnail","6":"product_cat-dla-dziewczynek","7":"product_cat-kolorowy-pokoj-malucha","8":"product_cat-las-i-dzungla","9":"product_cat-ptaki","10":"product_cat-tapety","11":"product_cat-urocza-laka","12":"product_cat-ziemiste-tony","13":"product_cat-zwierzeta","14":"product_tag-animal-friends-pl","15":"product_tag-bird-flight-pl","16":"product_tag-forest-adventure-pl","17":"product_tag-hand-drawn-look-pl","18":"product_tag-jungle-mood-pl","19":"product_tag-meadow-story-pl","20":"product_tag-mini-florals-pl","21":"product_tag-starry-sparkle-pl","22":"product_tag-stripe-rhythm-pl","23":"product_tag-toddler-energy-pl","25":"first","26":"instock","27":"sale","28":"taxable","29":"shipping-taxable","30":"purchasable","31":"product-type-variable","32":"has-default-attributes"},"yoast_head":"<!-- This site is optimized with the Yoast SEO plugin v27.3 - https:\/\/yoast.com\/product\/yoast-seo-wordpress\/ -->\n<title>Birds and Beige Spring Tapeta - Dekornik<\/title>\n<meta name=\"robots\" content=\"index, follow, max-snippet:-1, max-image-preview:large, max-video-preview:-1\" \/>\n<link rel=\"canonical\" href=\"https:\/\/dekornik.com\/pl\/produkt\/birds-and-beige-spring-wallpaper-1\/\" \/>\n<meta property=\"og:locale\" content=\"pl_PL\" \/>\n<meta property=\"og:type\" content=\"article\" \/>\n<meta property=\"og:title\" content=\"Birds and Beige Spring Tapeta - Dekornik\" \/>\n<meta property=\"og:description\" content=\"Klasyczny wz\u00f3r ptaszk\u00f3w i kwitn\u0105cych ga\u0142\u0105zek w dw\u00f3ch wersjach kolorystycznych. Wersja be\u017cowa idealnie pasuje do pokoj\u00f3w dzieci\u0119cych, zielona \u015bwietnie sprawdzi si\u0119 nawet w salonie czy sypialni. To tapeta, kt\u00f3r\u0105 wybierasz na lata \u2014 jej uniwersalny charakter sprawia, \u017ce nie nudzi si\u0119 po kilku miesi\u0105cach, tylko ro\u015bnie razem z wn\u0119trzem. Drukowana na matowym papierze Dekornik \u2014 ekologicznym, grubym 190g\/m2, i bezpiecznym dla dzieci.\" \/>\n<meta property=\"og:url\" content=\"https:\/\/dekornik.com\/pl\/produkt\/birds-and-beige-spring-wallpaper-1\/\" \/>\n<meta property=\"og:site_name\" content=\"Dekornik\" \/>\n<meta property=\"article:publisher\" content=\"https:\/\/www.facebook.com\/DEKORNIK\/\" \/>\n<meta property=\"article:modified_time\" content=\"2026-04-02T10:41:20+00:00\" \/>\n<meta property=\"og:image\" content=\"https:\/\/dekornik.com\/wp-content\/uploads\/2025\/10\/DEKO.TAP_.358_birds_spring_wallpaper-1_125871d2-b31e-4c51-80be-9debdaca5af2.jpg\" \/>\n\t<meta property=\"og:image:width\" content=\"1000\" \/>\n\t<meta property=\"og:image:height\" content=\"1000\" \/>\n\t<meta property=\"og:image:type\" content=\"image\/jpeg\" \/>\n<script type=\"application\/ld+json\" class=\"yoast-schema-graph\">{\"@context\":\"https:\\\/\\\/schema.org\",\"@graph\":[{\"@type\":\"WebPage\",\"@id\":\"https:\\\/\\\/dekornik.com\\\/pl\\\/produkt\\\/birds-and-beige-spring-wallpaper-1\\\/\",\"url\":\"https:\\\/\\\/dekornik.com\\\/pl\\\/produkt\\\/birds-and-beige-spring-wallpaper-1\\\/\",\"name\":\"Birds and Beige Spring Tapeta - Dekornik\",\"isPartOf\":{\"@id\":\"https:\\\/\\\/dekornik.com\\\/pl\\\/#website\"},\"primaryImageOfPage\":{\"@id\":\"https:\\\/\\\/dekornik.com\\\/pl\\\/produkt\\\/birds-and-beige-spring-wallpaper-1\\\/#primaryimage\"},\"image\":{\"@id\":\"https:\\\/\\\/dekornik.com\\\/pl\\\/produkt\\\/birds-and-beige-spring-wallpaper-1\\\/#primaryimage\"},\"thumbnailUrl\":\"https:\\\/\\\/dekornik.com\\\/wp-content\\\/uploads\\\/2025\\\/10\\\/DEKO.TAP_.358_birds_spring_wallpaper-1_125871d2-b31e-4c51-80be-9debdaca5af2.jpg\",\"datePublished\":\"2025-10-02T11:17:44+00:00\",\"dateModified\":\"2026-04-02T10:41:20+00:00\",\"breadcrumb\":{\"@id\":\"https:\\\/\\\/dekornik.com\\\/pl\\\/produkt\\\/birds-and-beige-spring-wallpaper-1\\\/#breadcrumb\"},\"inLanguage\":\"pl-PL\",\"potentialAction\":[{\"@type\":\"ReadAction\",\"target\":[\"https:\\\/\\\/dekornik.com\\\/pl\\\/produkt\\\/birds-and-beige-spring-wallpaper-1\\\/\"]}]},{\"@type\":\"ImageObject\",\"inLanguage\":\"pl-PL\",\"@id\":\"https:\\\/\\\/dekornik.com\\\/pl\\\/produkt\\\/birds-and-beige-spring-wallpaper-1\\\/#primaryimage\",\"url\":\"https:\\\/\\\/dekornik.com\\\/wp-content\\\/uploads\\\/2025\\\/10\\\/DEKO.TAP_.358_birds_spring_wallpaper-1_125871d2-b31e-4c51-80be-9debdaca5af2.jpg\",\"contentUrl\":\"https:\\\/\\\/dekornik.com\\\/wp-content\\\/uploads\\\/2025\\\/10\\\/DEKO.TAP_.358_birds_spring_wallpaper-1_125871d2-b31e-4c51-80be-9debdaca5af2.jpg\",\"width\":1000,\"height\":1000,\"caption\":\"Dekornik Wallpaper Birds spring\"},{\"@type\":\"BreadcrumbList\",\"@id\":\"https:\\\/\\\/dekornik.com\\\/pl\\\/produkt\\\/birds-and-beige-spring-wallpaper-1\\\/#breadcrumb\",\"itemListElement\":[{\"@type\":\"ListItem\",\"position\":1,\"name\":\"Home\",\"item\":\"https:\\\/\\\/dekornik.com\\\/pl\\\/\"},{\"@type\":\"ListItem\",\"position\":2,\"name\":\"Sklep\",\"item\":\"https:\\\/\\\/dekornik.com\\\/pl\\\/sklep\\\/\"},{\"@type\":\"ListItem\",\"position\":3,\"name\":\"Birds and Beige Spring Tapeta\"}]},{\"@type\":\"WebSite\",\"@id\":\"https:\\\/\\\/dekornik.com\\\/pl\\\/#website\",\"url\":\"https:\\\/\\\/dekornik.com\\\/pl\\\/\",\"name\":\"Dekornik\",\"description\":\"Your little one will love it\\\\!\",\"publisher\":{\"@id\":\"https:\\\/\\\/dekornik.com\\\/pl\\\/#organization\"},\"potentialAction\":[{\"@type\":\"SearchAction\",\"target\":{\"@type\":\"EntryPoint\",\"urlTemplate\":\"https:\\\/\\\/dekornik.com\\\/pl\\\/?s={search_term_string}\"},\"query-input\":{\"@type\":\"PropertyValueSpecification\",\"valueRequired\":true,\"valueName\":\"search_term_string\"}}],\"inLanguage\":\"pl-PL\"},{\"@type\":\"Organization\",\"@id\":\"https:\\\/\\\/dekornik.com\\\/pl\\\/#organization\",\"name\":\"Dekornik sp. z o.o.\",\"url\":\"https:\\\/\\\/dekornik.com\\\/pl\\\/\",\"logo\":{\"@type\":\"ImageObject\",\"inLanguage\":\"pl-PL\",\"@id\":\"https:\\\/\\\/dekornik.com\\\/pl\\\/#\\\/schema\\\/logo\\\/image\\\/\",\"url\":\"http:\\\/\\\/dekornik.com\\\/wp-content\\\/uploads\\\/2026\\\/01\\\/logo_dekornik-01-1.svg\",\"contentUrl\":\"http:\\\/\\\/dekornik.com\\\/wp-content\\\/uploads\\\/2026\\\/01\\\/logo_dekornik-01-1.svg\",\"width\":\"1024\",\"height\":\"1024\",\"caption\":\"Dekornik sp. z o.o.\"},\"image\":{\"@id\":\"https:\\\/\\\/dekornik.com\\\/pl\\\/#\\\/schema\\\/logo\\\/image\\\/\"},\"sameAs\":[\"https:\\\/\\\/www.facebook.com\\\/DEKORNIK\\\/\",\"https:\\\/\\\/instagram.com\\\/dekornik\",\"https:\\\/\\\/www.pinterest.com\\\/dekornikcom\\\/\"]}]}<\/script>\n<!-- \/ Yoast SEO plugin. -->","yoast_head_json":{"title":"Birds and Beige Spring Tapeta - Dekornik","robots":{"index":"index","follow":"follow","max-snippet":"max-snippet:-1","max-image-preview":"max-image-preview:large","max-video-preview":"max-video-preview:-1"},"canonical":"https:\/\/dekornik.com\/pl\/produkt\/birds-and-beige-spring-wallpaper-1\/","og_locale":"pl_PL","og_type":"article","og_title":"Birds and Beige Spring Tapeta - Dekornik","og_description":"Klasyczny wz\u00f3r ptaszk\u00f3w i kwitn\u0105cych ga\u0142\u0105zek w dw\u00f3ch wersjach kolorystycznych. Wersja be\u017cowa idealnie pasuje do pokoj\u00f3w dzieci\u0119cych, zielona \u015bwietnie sprawdzi si\u0119 nawet w salonie czy sypialni. To tapeta, kt\u00f3r\u0105 wybierasz na lata \u2014 jej uniwersalny charakter sprawia, \u017ce nie nudzi si\u0119 po kilku miesi\u0105cach, tylko ro\u015bnie razem z wn\u0119trzem. Drukowana na matowym papierze Dekornik \u2014 ekologicznym, grubym 190g\/m2, i bezpiecznym dla dzieci.","og_url":"https:\/\/dekornik.com\/pl\/produkt\/birds-and-beige-spring-wallpaper-1\/","og_site_name":"Dekornik","article_publisher":"https:\/\/www.facebook.com\/DEKORNIK\/","article_modified_time":"2026-04-02T10:41:20+00:00","og_image":[{"width":1000,"height":1000,"url":"https:\/\/dekornik.com\/wp-content\/uploads\/2025\/10\/DEKO.TAP_.358_birds_spring_wallpaper-1_125871d2-b31e-4c51-80be-9debdaca5af2.jpg","type":"image\/jpeg"}],"schema":{"@context":"https:\/\/schema.org","@graph":[{"@type":"WebPage","@id":"https:\/\/dekornik.com\/pl\/produkt\/birds-and-beige-spring-wallpaper-1\/","url":"https:\/\/dekornik.com\/pl\/produkt\/birds-and-beige-spring-wallpaper-1\/","name":"Birds and Beige Spring Tapeta - Dekornik","isPartOf":{"@id":"https:\/\/dekornik.com\/pl\/#website"},"primaryImageOfPage":{"@id":"https:\/\/dekornik.com\/pl\/produkt\/birds-and-beige-spring-wallpaper-1\/#primaryimage"},"image":{"@id":"https:\/\/dekornik.com\/pl\/produkt\/birds-and-beige-spring-wallpaper-1\/#primaryimage"},"thumbnailUrl":"https:\/\/dekornik.com\/wp-content\/uploads\/2025\/10\/DEKO.TAP_.358_birds_spring_wallpaper-1_125871d2-b31e-4c51-80be-9debdaca5af2.jpg","datePublished":"2025-10-02T11:17:44+00:00","dateModified":"2026-04-02T10:41:20+00:00","breadcrumb":{"@id":"https:\/\/dekornik.com\/pl\/produkt\/birds-and-beige-spring-wallpaper-1\/#breadcrumb"},"inLanguage":"pl-PL","potentialAction":[{"@type":"ReadAction","target":["https:\/\/dekornik.com\/pl\/produkt\/birds-and-beige-spring-wallpaper-1\/"]}]},{"@type":"ImageObject","inLanguage":"pl-PL","@id":"https:\/\/dekornik.com\/pl\/produkt\/birds-and-beige-spring-wallpaper-1\/#primaryimage","url":"https:\/\/dekornik.com\/wp-content\/uploads\/2025\/10\/DEKO.TAP_.358_birds_spring_wallpaper-1_125871d2-b31e-4c51-80be-9debdaca5af2.jpg","contentUrl":"https:\/\/dekornik.com\/wp-content\/uploads\/2025\/10\/DEKO.TAP_.358_birds_spring_wallpaper-1_125871d2-b31e-4c51-80be-9debdaca5af2.jpg","width":1000,"height":1000,"caption":"Dekornik Wallpaper Birds spring"},{"@type":"BreadcrumbList","@id":"https:\/\/dekornik.com\/pl\/produkt\/birds-and-beige-spring-wallpaper-1\/#breadcrumb","itemListElement":[{"@type":"ListItem","position":1,"name":"Home","item":"https:\/\/dekornik.com\/pl\/"},{"@type":"ListItem","position":2,"name":"Sklep","item":"https:\/\/dekornik.com\/pl\/sklep\/"},{"@type":"ListItem","position":3,"name":"Birds and Beige Spring Tapeta"}]},{"@type":"WebSite","@id":"https:\/\/dekornik.com\/pl\/#website","url":"https:\/\/dekornik.com\/pl\/","name":"Dekornik","description":"Your little one will love it\\!","publisher":{"@id":"https:\/\/dekornik.com\/pl\/#organization"},"potentialAction":[{"@type":"SearchAction","target":{"@type":"EntryPoint","urlTemplate":"https:\/\/dekornik.com\/pl\/?s={search_term_string}"},"query-input":{"@type":"PropertyValueSpecification","valueRequired":true,"valueName":"search_term_string"}}],"inLanguage":"pl-PL"},{"@type":"Organization","@id":"https:\/\/dekornik.com\/pl\/#organization","name":"Dekornik sp. z o.o.","url":"https:\/\/dekornik.com\/pl\/","logo":{"@type":"ImageObject","inLanguage":"pl-PL","@id":"https:\/\/dekornik.com\/pl\/#\/schema\/logo\/image\/","url":"http:\/\/dekornik.com\/wp-content\/uploads\/2026\/01\/logo_dekornik-01-1.svg","contentUrl":"http:\/\/dekornik.com\/wp-content\/uploads\/2026\/01\/logo_dekornik-01-1.svg","width":"1024","height":"1024","caption":"Dekornik sp. z o.o."},"image":{"@id":"https:\/\/dekornik.com\/pl\/#\/schema\/logo\/image\/"},"sameAs":["https:\/\/www.facebook.com\/DEKORNIK\/","https:\/\/instagram.com\/dekornik","https:\/\/www.pinterest.com\/dekornikcom\/"]}]}},"_links":{"self":[{"href":"https:\/\/dekornik.com\/pl\/wp-json\/wp\/v2\/product\/9090","targetHints":{"allow":["GET"]}}],"collection":[{"href":"https:\/\/dekornik.com\/pl\/wp-json\/wp\/v2\/product"}],"about":[{"href":"https:\/\/dekornik.com\/pl\/wp-json\/wp\/v2\/types\/product"}],"replies":[{"embeddable":true,"href":"https:\/\/dekornik.com\/pl\/wp-json\/wp\/v2\/comments?post=9090"}],"wp:featuredmedia":[{"embeddable":true,"href":"https:\/\/dekornik.com\/pl\/wp-json\/wp\/v2\/media\/9091"}],"wp:attachment":[{"href":"https:\/\/dekornik.com\/pl\/wp-json\/wp\/v2\/media?parent=9090"}],"wp:term":[{"taxonomy":"product_brand","embeddable":true,"href":"https:\/\/dekornik.com\/pl\/wp-json\/wp\/v2\/product_brand?post=9090"},{"taxonomy":"product_cat","embeddable":true,"href":"https:\/\/dekornik.com\/pl\/wp-json\/wp\/v2\/product_cat?post=9090"},{"taxonomy":"product_tag","embeddable":true,"href":"https:\/\/dekornik.com\/pl\/wp-json\/wp\/v2\/product_tag?post=9090"}],"curies":[{"name":"wp","href":"https:\/\/api.w.org\/{rel}","templated":true}]}}