{"id":9032,"date":"2025-10-02T11:17:59","date_gmt":"2025-10-02T11:17:59","guid":{"rendered":"http:\/\/dekornik.com\/product\/dogs-are-the-best-wallstickers\/"},"modified":"2026-04-08T16:21:09","modified_gmt":"2026-04-08T16:21:09","slug":"dogs-are-the-best-zestaw-naklejek","status":"publish","type":"product","link":"https:\/\/dekornik.com\/pl\/produkt\/dogs-are-the-best-zestaw-naklejek\/","title":{"rendered":"Dogs are the best zestaw naklejek"},"content":{"rendered":"<p>Kto nie kocha ps\u00f3w? A dzieci? One je po prostu uwielbiaj\u0105! Przygotowali\u015bmy zestaw najpopularniejszych ras, kt\u00f3re z \u0142atwo\u015bci\u0105 skradn\u0105 serce zar\u00f3wno Twoje, jak i Twojego dziecka!<\/p>\n<p><strong>INFORMACJE TECHNICZNE:<\/strong><\/p>\n<p>&nbsp;<\/p>\n<p>najwi\u0119kszy pies: Black Mongrel Vasco \u2013 21 \u00d7 50 cm<br \/>najmniejszy pies: Jack Russell Terrier Jacky \u2013 17 \u00d7 17 cm<br \/>rozmiar arkusza: 90 \u00d7 115 cm<\/p>\n<p>Pieski s\u0105 nieco mniejsze ni\u017c w rzeczywisto\u015bci, ale ca\u0142y zestaw pozwala efektownie ozdobi\u0107 nawet du\u017c\u0105 \u015bcian\u0119 w pokoju. Co wi\u0119cej, ich rozmiar jest dwukrotnie wi\u0119kszy ni\u017c w naszej tapecie Dogs.<\/p>\n<p>Naklejki wykonane s\u0105 z wysokiej jako\u015bci materia\u0142u z mocnym, akrylowym klejem oraz funkcj\u0105 block-out, dzi\u0119ki kt\u00f3rej kolor \u015bciany nie prze\u015bwituje przez grafik\u0119.<\/p>\n<p>Powierzchnia naklejek ma delikatn\u0105, prawie niewyczuwaln\u0105 struktur\u0119, kt\u00f3ra zapewnia doskona\u0142e odwzorowanie kolor\u00f3w \u2013 zw\u0142aszcza w przypadku zwierz\u0105t. Dzi\u0119ki temu pieski wygl\u0105daj\u0105 niezwykle realistycznie, niemal jak \u017cywe.<\/p>\n<p>Materia\u0142 jest \u0142atwy w aplikacji \u2013 klej dobrze trzyma, ale nie jest zbyt agresywny, jak w przypadku folii reklamowych. Daje to mo\u017cliwo\u015b\u0107 spokojnego dopasowania naklejki podczas przyklejania. Delikatna struktura powierzchni sprawia, \u017ce mo\u017cna j\u0105 zarysowa\u0107, cho\u0107 wymaga to u\u017cycia si\u0142y.<\/p>\n<p>Dodatkowym u\u0142atwieniem jest brak folii transportowej, kt\u00f3ra w tradycyjnych naklejkach by\u0142a konieczna. W tym przypadku proces aplikacji jest prostszy i bardziej intuicyjny.<\/p>\n<p>Uwaga: przed przyklejeniem nale\u017cy odpowiednio przygotowa\u0107 \u015bcian\u0119 \u2013 powinna by\u0107 czysta, sucha i odt\u0142uszczona. Naklejki mo\u017cna aplikowa\u0107 dopiero po oko\u0142o 20 dniach od ostatniego malowania.<\/p>\n","protected":false},"excerpt":{"rendered":"<p>Dogs Are the Best to naklejki \u015bcienne w ciep\u0142ej, przyjaznej kolorystyce, zaprojektowane do radosnego pokoju dzieci\u0119cego. Pe\u0142ne uroczych piesk\u00f3w, wprowadzaj\u0105 do wn\u0119trza rado\u015b\u0107, przytulno\u015b\u0107 i odrobin\u0119 psiej energii!<\/p>\n<p>To szybki spos\u00f3b na dekoracj\u0119 bez decyzji o tapecie \u2014 idealny do mieszka\u0144 wynajmowanych i szybkich metamorfoz. \u0141atwo \u0142\u0105cz\u0105 si\u0119 z g\u0142adkimi tekstyliami i meblami z naturalnego drewna. Drukowane na specjalnym, tkanym materiale poliestrowym przeznaczonym do dekoracji \u015bcian (sprawdzona baza naklejek Dekornik!).<\/p>\n","protected":false},"featured_media":9033,"comment_status":"open","ping_status":"closed","template":"","meta":{"inline_featured_image":false},"product_brand":[],"product_cat":[785,287],"product_tag":[701,707,735,738,743,746,754],"class_list":{"0":"post-9032","1":"product","2":"type-product","3":"status-publish","4":"has-post-thumbnail","6":"product_cat-naklejki","7":"product_cat-naklejki-scienne","8":"product_tag-corner-framing-pl","9":"product_tag-easy-diy-refresh-pl","10":"product_tag-pairs-with-wall-decals-pl","11":"product_tag-photo-ready-backdrop-pl","12":"product_tag-rental-friendly-idea-pl","13":"product_tag-simple-styling-pl","14":"product_tag-tiny-hearts-pl","16":"first","17":"instock","18":"sale","19":"taxable","20":"shipping-taxable","21":"purchasable","22":"product-type-simple"},"yoast_head":"<!-- This site is optimized with the Yoast SEO plugin v27.3 - https:\/\/yoast.com\/product\/yoast-seo-wordpress\/ -->\n<title>Dogs are the best zestaw naklejek - Dekornik<\/title>\n<meta name=\"robots\" content=\"index, follow, max-snippet:-1, max-image-preview:large, max-video-preview:-1\" \/>\n<link rel=\"canonical\" href=\"https:\/\/dekornik.com\/pl\/produkt\/dogs-are-the-best-zestaw-naklejek\/\" \/>\n<meta property=\"og:locale\" content=\"pl_PL\" \/>\n<meta property=\"og:type\" content=\"article\" \/>\n<meta property=\"og:title\" content=\"Dogs are the best zestaw naklejek - Dekornik\" \/>\n<meta property=\"og:description\" content=\"Dogs Are the Best to naklejki \u015bcienne w ciep\u0142ej, przyjaznej kolorystyce, zaprojektowane do radosnego pokoju dzieci\u0119cego. Pe\u0142ne uroczych piesk\u00f3w, wprowadzaj\u0105 do wn\u0119trza rado\u015b\u0107, przytulno\u015b\u0107 i odrobin\u0119 psiej energii!To szybki spos\u00f3b na dekoracj\u0119 bez decyzji o tapecie \u2014 idealny do mieszka\u0144 wynajmowanych i szybkich metamorfoz. \u0141atwo \u0142\u0105cz\u0105 si\u0119 z g\u0142adkimi tekstyliami i meblami z naturalnego drewna. Drukowane na specjalnym, tkanym materiale poliestrowym przeznaczonym do dekoracji \u015bcian (sprawdzona baza naklejek Dekornik!).\" \/>\n<meta property=\"og:url\" content=\"https:\/\/dekornik.com\/pl\/produkt\/dogs-are-the-best-zestaw-naklejek\/\" \/>\n<meta property=\"og:site_name\" content=\"Dekornik\" \/>\n<meta property=\"article:publisher\" content=\"https:\/\/www.facebook.com\/DEKORNIK\/\" \/>\n<meta property=\"article:modified_time\" content=\"2026-04-08T16:21:09+00:00\" \/>\n<meta property=\"og:image\" content=\"https:\/\/dekornik.com\/wp-content\/uploads\/2025\/08\/dogs_packshot.jpg\" \/>\n\t<meta property=\"og:image:width\" content=\"1000\" \/>\n\t<meta property=\"og:image:height\" content=\"1000\" \/>\n\t<meta property=\"og:image:type\" content=\"image\/jpeg\" \/>\n<script type=\"application\/ld+json\" class=\"yoast-schema-graph\">{\"@context\":\"https:\\\/\\\/schema.org\",\"@graph\":[{\"@type\":\"WebPage\",\"@id\":\"https:\\\/\\\/dekornik.com\\\/pl\\\/produkt\\\/dogs-are-the-best-zestaw-naklejek\\\/\",\"url\":\"https:\\\/\\\/dekornik.com\\\/pl\\\/produkt\\\/dogs-are-the-best-zestaw-naklejek\\\/\",\"name\":\"Dogs are the best zestaw naklejek - Dekornik\",\"isPartOf\":{\"@id\":\"https:\\\/\\\/dekornik.com\\\/pl\\\/#website\"},\"primaryImageOfPage\":{\"@id\":\"https:\\\/\\\/dekornik.com\\\/pl\\\/produkt\\\/dogs-are-the-best-zestaw-naklejek\\\/#primaryimage\"},\"image\":{\"@id\":\"https:\\\/\\\/dekornik.com\\\/pl\\\/produkt\\\/dogs-are-the-best-zestaw-naklejek\\\/#primaryimage\"},\"thumbnailUrl\":\"https:\\\/\\\/dekornik.com\\\/wp-content\\\/uploads\\\/2025\\\/08\\\/dogs_packshot.jpg\",\"datePublished\":\"2025-10-02T11:17:59+00:00\",\"dateModified\":\"2026-04-08T16:21:09+00:00\",\"breadcrumb\":{\"@id\":\"https:\\\/\\\/dekornik.com\\\/pl\\\/produkt\\\/dogs-are-the-best-zestaw-naklejek\\\/#breadcrumb\"},\"inLanguage\":\"pl-PL\",\"potentialAction\":[{\"@type\":\"ReadAction\",\"target\":[\"https:\\\/\\\/dekornik.com\\\/pl\\\/produkt\\\/dogs-are-the-best-zestaw-naklejek\\\/\"]}]},{\"@type\":\"ImageObject\",\"inLanguage\":\"pl-PL\",\"@id\":\"https:\\\/\\\/dekornik.com\\\/pl\\\/produkt\\\/dogs-are-the-best-zestaw-naklejek\\\/#primaryimage\",\"url\":\"https:\\\/\\\/dekornik.com\\\/wp-content\\\/uploads\\\/2025\\\/08\\\/dogs_packshot.jpg\",\"contentUrl\":\"https:\\\/\\\/dekornik.com\\\/wp-content\\\/uploads\\\/2025\\\/08\\\/dogs_packshot.jpg\",\"width\":1000,\"height\":1000,\"caption\":\"Dogs Are The Best Wallstickers\"},{\"@type\":\"BreadcrumbList\",\"@id\":\"https:\\\/\\\/dekornik.com\\\/pl\\\/produkt\\\/dogs-are-the-best-zestaw-naklejek\\\/#breadcrumb\",\"itemListElement\":[{\"@type\":\"ListItem\",\"position\":1,\"name\":\"Home\",\"item\":\"https:\\\/\\\/dekornik.com\\\/pl\\\/\"},{\"@type\":\"ListItem\",\"position\":2,\"name\":\"Sklep\",\"item\":\"https:\\\/\\\/dekornik.com\\\/pl\\\/sklep\\\/\"},{\"@type\":\"ListItem\",\"position\":3,\"name\":\"Dogs are the best zestaw naklejek\"}]},{\"@type\":\"WebSite\",\"@id\":\"https:\\\/\\\/dekornik.com\\\/pl\\\/#website\",\"url\":\"https:\\\/\\\/dekornik.com\\\/pl\\\/\",\"name\":\"Dekornik\",\"description\":\"Your little one will love it\\\\!\",\"publisher\":{\"@id\":\"https:\\\/\\\/dekornik.com\\\/pl\\\/#organization\"},\"potentialAction\":[{\"@type\":\"SearchAction\",\"target\":{\"@type\":\"EntryPoint\",\"urlTemplate\":\"https:\\\/\\\/dekornik.com\\\/pl\\\/?s={search_term_string}\"},\"query-input\":{\"@type\":\"PropertyValueSpecification\",\"valueRequired\":true,\"valueName\":\"search_term_string\"}}],\"inLanguage\":\"pl-PL\"},{\"@type\":\"Organization\",\"@id\":\"https:\\\/\\\/dekornik.com\\\/pl\\\/#organization\",\"name\":\"Dekornik sp. z o.o.\",\"url\":\"https:\\\/\\\/dekornik.com\\\/pl\\\/\",\"logo\":{\"@type\":\"ImageObject\",\"inLanguage\":\"pl-PL\",\"@id\":\"https:\\\/\\\/dekornik.com\\\/pl\\\/#\\\/schema\\\/logo\\\/image\\\/\",\"url\":\"http:\\\/\\\/dekornik.com\\\/wp-content\\\/uploads\\\/2026\\\/01\\\/logo_dekornik-01-1.svg\",\"contentUrl\":\"http:\\\/\\\/dekornik.com\\\/wp-content\\\/uploads\\\/2026\\\/01\\\/logo_dekornik-01-1.svg\",\"width\":\"1024\",\"height\":\"1024\",\"caption\":\"Dekornik sp. z o.o.\"},\"image\":{\"@id\":\"https:\\\/\\\/dekornik.com\\\/pl\\\/#\\\/schema\\\/logo\\\/image\\\/\"},\"sameAs\":[\"https:\\\/\\\/www.facebook.com\\\/DEKORNIK\\\/\",\"https:\\\/\\\/instagram.com\\\/dekornik\",\"https:\\\/\\\/www.pinterest.com\\\/dekornikcom\\\/\"]}]}<\/script>\n<!-- \/ Yoast SEO plugin. -->","yoast_head_json":{"title":"Dogs are the best zestaw naklejek - Dekornik","robots":{"index":"index","follow":"follow","max-snippet":"max-snippet:-1","max-image-preview":"max-image-preview:large","max-video-preview":"max-video-preview:-1"},"canonical":"https:\/\/dekornik.com\/pl\/produkt\/dogs-are-the-best-zestaw-naklejek\/","og_locale":"pl_PL","og_type":"article","og_title":"Dogs are the best zestaw naklejek - Dekornik","og_description":"Dogs Are the Best to naklejki \u015bcienne w ciep\u0142ej, przyjaznej kolorystyce, zaprojektowane do radosnego pokoju dzieci\u0119cego. Pe\u0142ne uroczych piesk\u00f3w, wprowadzaj\u0105 do wn\u0119trza rado\u015b\u0107, przytulno\u015b\u0107 i odrobin\u0119 psiej energii!To szybki spos\u00f3b na dekoracj\u0119 bez decyzji o tapecie \u2014 idealny do mieszka\u0144 wynajmowanych i szybkich metamorfoz. \u0141atwo \u0142\u0105cz\u0105 si\u0119 z g\u0142adkimi tekstyliami i meblami z naturalnego drewna. Drukowane na specjalnym, tkanym materiale poliestrowym przeznaczonym do dekoracji \u015bcian (sprawdzona baza naklejek Dekornik!).","og_url":"https:\/\/dekornik.com\/pl\/produkt\/dogs-are-the-best-zestaw-naklejek\/","og_site_name":"Dekornik","article_publisher":"https:\/\/www.facebook.com\/DEKORNIK\/","article_modified_time":"2026-04-08T16:21:09+00:00","og_image":[{"width":1000,"height":1000,"url":"https:\/\/dekornik.com\/wp-content\/uploads\/2025\/08\/dogs_packshot.jpg","type":"image\/jpeg"}],"schema":{"@context":"https:\/\/schema.org","@graph":[{"@type":"WebPage","@id":"https:\/\/dekornik.com\/pl\/produkt\/dogs-are-the-best-zestaw-naklejek\/","url":"https:\/\/dekornik.com\/pl\/produkt\/dogs-are-the-best-zestaw-naklejek\/","name":"Dogs are the best zestaw naklejek - Dekornik","isPartOf":{"@id":"https:\/\/dekornik.com\/pl\/#website"},"primaryImageOfPage":{"@id":"https:\/\/dekornik.com\/pl\/produkt\/dogs-are-the-best-zestaw-naklejek\/#primaryimage"},"image":{"@id":"https:\/\/dekornik.com\/pl\/produkt\/dogs-are-the-best-zestaw-naklejek\/#primaryimage"},"thumbnailUrl":"https:\/\/dekornik.com\/wp-content\/uploads\/2025\/08\/dogs_packshot.jpg","datePublished":"2025-10-02T11:17:59+00:00","dateModified":"2026-04-08T16:21:09+00:00","breadcrumb":{"@id":"https:\/\/dekornik.com\/pl\/produkt\/dogs-are-the-best-zestaw-naklejek\/#breadcrumb"},"inLanguage":"pl-PL","potentialAction":[{"@type":"ReadAction","target":["https:\/\/dekornik.com\/pl\/produkt\/dogs-are-the-best-zestaw-naklejek\/"]}]},{"@type":"ImageObject","inLanguage":"pl-PL","@id":"https:\/\/dekornik.com\/pl\/produkt\/dogs-are-the-best-zestaw-naklejek\/#primaryimage","url":"https:\/\/dekornik.com\/wp-content\/uploads\/2025\/08\/dogs_packshot.jpg","contentUrl":"https:\/\/dekornik.com\/wp-content\/uploads\/2025\/08\/dogs_packshot.jpg","width":1000,"height":1000,"caption":"Dogs Are The Best Wallstickers"},{"@type":"BreadcrumbList","@id":"https:\/\/dekornik.com\/pl\/produkt\/dogs-are-the-best-zestaw-naklejek\/#breadcrumb","itemListElement":[{"@type":"ListItem","position":1,"name":"Home","item":"https:\/\/dekornik.com\/pl\/"},{"@type":"ListItem","position":2,"name":"Sklep","item":"https:\/\/dekornik.com\/pl\/sklep\/"},{"@type":"ListItem","position":3,"name":"Dogs are the best zestaw naklejek"}]},{"@type":"WebSite","@id":"https:\/\/dekornik.com\/pl\/#website","url":"https:\/\/dekornik.com\/pl\/","name":"Dekornik","description":"Your little one will love it\\!","publisher":{"@id":"https:\/\/dekornik.com\/pl\/#organization"},"potentialAction":[{"@type":"SearchAction","target":{"@type":"EntryPoint","urlTemplate":"https:\/\/dekornik.com\/pl\/?s={search_term_string}"},"query-input":{"@type":"PropertyValueSpecification","valueRequired":true,"valueName":"search_term_string"}}],"inLanguage":"pl-PL"},{"@type":"Organization","@id":"https:\/\/dekornik.com\/pl\/#organization","name":"Dekornik sp. z o.o.","url":"https:\/\/dekornik.com\/pl\/","logo":{"@type":"ImageObject","inLanguage":"pl-PL","@id":"https:\/\/dekornik.com\/pl\/#\/schema\/logo\/image\/","url":"http:\/\/dekornik.com\/wp-content\/uploads\/2026\/01\/logo_dekornik-01-1.svg","contentUrl":"http:\/\/dekornik.com\/wp-content\/uploads\/2026\/01\/logo_dekornik-01-1.svg","width":"1024","height":"1024","caption":"Dekornik sp. z o.o."},"image":{"@id":"https:\/\/dekornik.com\/pl\/#\/schema\/logo\/image\/"},"sameAs":["https:\/\/www.facebook.com\/DEKORNIK\/","https:\/\/instagram.com\/dekornik","https:\/\/www.pinterest.com\/dekornikcom\/"]}]}},"_links":{"self":[{"href":"https:\/\/dekornik.com\/pl\/wp-json\/wp\/v2\/product\/9032","targetHints":{"allow":["GET"]}}],"collection":[{"href":"https:\/\/dekornik.com\/pl\/wp-json\/wp\/v2\/product"}],"about":[{"href":"https:\/\/dekornik.com\/pl\/wp-json\/wp\/v2\/types\/product"}],"replies":[{"embeddable":true,"href":"https:\/\/dekornik.com\/pl\/wp-json\/wp\/v2\/comments?post=9032"}],"wp:featuredmedia":[{"embeddable":true,"href":"https:\/\/dekornik.com\/pl\/wp-json\/wp\/v2\/media\/9033"}],"wp:attachment":[{"href":"https:\/\/dekornik.com\/pl\/wp-json\/wp\/v2\/media?parent=9032"}],"wp:term":[{"taxonomy":"product_brand","embeddable":true,"href":"https:\/\/dekornik.com\/pl\/wp-json\/wp\/v2\/product_brand?post=9032"},{"taxonomy":"product_cat","embeddable":true,"href":"https:\/\/dekornik.com\/pl\/wp-json\/wp\/v2\/product_cat?post=9032"},{"taxonomy":"product_tag","embeddable":true,"href":"https:\/\/dekornik.com\/pl\/wp-json\/wp\/v2\/product_tag?post=9032"}],"curies":[{"name":"wp","href":"https:\/\/api.w.org\/{rel}","templated":true}]}}