{"id":9030,"date":"2025-10-02T11:18:01","date_gmt":"2025-10-02T11:18:01","guid":{"rendered":"http:\/\/dekornik.com\/product\/savanna-botanics-plants-template-1\/"},"modified":"2026-04-08T20:36:10","modified_gmt":"2026-04-08T20:36:10","slug":"savanna-botanics-plants-template-1","status":"publish","type":"product","link":"https:\/\/dekornik.com\/pl\/produkt\/savanna-botanics-plants-template-1\/","title":{"rendered":"Savanna Botanics Plants"},"content":{"rendered":"<p>Kolekcja przepi\u0119knych baobab\u00f3w, aloes\u00f3w, palm, wzg\u00f3rz i krzew\u00f3w w wyj\u0105tkowo delikatnych odcieniach zieleni, szaro\u015bci i b\u0142\u0119kitu. To propozycja dla tych, kt\u00f3rzy nie chc\u0105 przyt\u0142acza\u0107 naklejek ze zwierz\u0119tami, a jedynie uzupe\u0142ni\u0107 je ro\u015blinnymi akcentami w harmonijnym, botanicznym tle.<\/p>\n<p><strong>INFORMACJE TECHNICZNE:<\/strong><\/p>\n<p>Rozmiar szablonu: 87 \u00d7 100 cm<br \/>Drzewo po lewej: 25 \u00d7 52 cm<br \/>Drzewo w \u015brodku: 45 \u00d7 55 cm<br \/>Drzewo po prawej: 35 \u00d7 75 cm<br \/>Palmy i g\u00f3ry: 56 \u00d7 45 cm<br \/>Krzewy: oko\u0142o 15\u201318 cm<\/p>\n<p>Naklejki wykonane s\u0105 z materia\u0142u o mocnym, akrylowym kleju i funkcji \u201eblock-out\u201d, dzi\u0119ki czemu \u017caden kolor \u015bciany nie przebija przez grafik\u0119. Materia\u0142 ma delikatn\u0105, niemal niewyczuwaln\u0105 struktur\u0119, kt\u00f3ra jednocze\u015bnie pozwala na wyra\u017ane, \u017cywe odwzorowanie kolor\u00f3w \u2013 ro\u015bliny wygl\u0105daj\u0105 jak prawdziwe!<\/p>\n<p>Naklejki s\u0105 bardzo \u0142atwe w aplikacji, maj\u0105 mocny klej, ale nie tak agresywny jak w reklamowych foliach, kt\u00f3re przyklejaj\u0105 si\u0119 od razu.<\/p>\n<p>Powierzchnia naklejki ma delikatn\u0105 struktur\u0119, dzi\u0119ki czemu mo\u017cna j\u0105 zarysowa\u0107, cho\u0107 nie jest to takie \u0142atwe. \ud83d\ude42<\/p>\n<p>Naklejki nie wymagaj\u0105 dodatkowej folii transportowej, kt\u00f3ra wcze\u015bniej by\u0142a standardem przy produkcji wszystkich naklejek. Dzi\u0119ki w\u0142a\u015bciwo\u015bciom naszego materia\u0142u aplikacja jest prosta i szybka, bez tego cz\u0119sto zb\u0119dnego etapu.<\/p>\n<p>Przed przyklejeniem naklejki dok\u0142adnie przygotuj \u015bcian\u0119 \u2013 usu\u0144 kurz i t\u0142uste zabrudzenia. Naklejki mo\u017cna aplikowa\u0107 dopiero po oko\u0142o 20 dniach od ostatniego malowania, aby zapewni\u0107 najlepsz\u0105 przyczepno\u015b\u0107.<\/p>\n","protected":false},"excerpt":{"rendered":"<p>Zestaw subtelnych ro\u015blinnych motyw\u00f3w \u2013 baobaby, aloesy, krzewy i niewielkie pag\u00f3rki w delikatnych tonacjach zieleni i szaro\u015bci.<\/p>\n<p>To szybki spos\u00f3b na dekoracj\u0119 bez decyzji o tapecie \u2014 idealny do mieszka\u0144 wynajmowanych i szybkich metamorfoz. \u0141atwo \u0142\u0105cz\u0105 si\u0119 z g\u0142adkimi tekstyliami i meblami z naturalnego drewna. Drukowane na specjalnym, tkanym materiale poliestrowym przeznaczonym do dekoracji \u015bcian (sprawdzona baza naklejek Dekornik!).<\/p>\n","protected":false},"featured_media":9031,"comment_status":"open","ping_status":"closed","template":"","meta":{"inline_featured_image":false},"product_brand":[],"product_cat":[785,287],"product_tag":[701,707,711,717,735,738,743,745],"class_list":{"0":"post-9030","1":"product","2":"type-product","3":"status-publish","4":"has-post-thumbnail","6":"product_cat-naklejki","7":"product_cat-naklejki-scienne","8":"product_tag-corner-framing-pl","9":"product_tag-easy-diy-refresh-pl","10":"product_tag-floral-bouquet-pl","11":"product_tag-jungle-mood-pl","12":"product_tag-pairs-with-wall-decals-pl","13":"product_tag-photo-ready-backdrop-pl","14":"product_tag-rental-friendly-idea-pl","15":"product_tag-savanna-safari-pl","17":"first","18":"instock","19":"sale","20":"taxable","21":"shipping-taxable","22":"purchasable","23":"product-type-simple"},"yoast_head":"<!-- This site is optimized with the Yoast SEO plugin v27.3 - https:\/\/yoast.com\/product\/yoast-seo-wordpress\/ -->\n<title>Savanna Botanics Plants - Dekornik<\/title>\n<meta name=\"robots\" content=\"index, follow, max-snippet:-1, max-image-preview:large, max-video-preview:-1\" \/>\n<link rel=\"canonical\" href=\"https:\/\/dekornik.com\/pl\/produkt\/savanna-botanics-plants-template-1\/\" \/>\n<meta property=\"og:locale\" content=\"pl_PL\" \/>\n<meta property=\"og:type\" content=\"article\" \/>\n<meta property=\"og:title\" content=\"Savanna Botanics Plants - Dekornik\" \/>\n<meta property=\"og:description\" content=\"Zestaw subtelnych ro\u015blinnych motyw\u00f3w \u2013 baobaby, aloesy, krzewy i niewielkie pag\u00f3rki w delikatnych tonacjach zieleni i szaro\u015bci.To szybki spos\u00f3b na dekoracj\u0119 bez decyzji o tapecie \u2014 idealny do mieszka\u0144 wynajmowanych i szybkich metamorfoz. \u0141atwo \u0142\u0105cz\u0105 si\u0119 z g\u0142adkimi tekstyliami i meblami z naturalnego drewna. Drukowane na specjalnym, tkanym materiale poliestrowym przeznaczonym do dekoracji \u015bcian (sprawdzona baza naklejek Dekornik!).\" \/>\n<meta property=\"og:url\" content=\"https:\/\/dekornik.com\/pl\/produkt\/savanna-botanics-plants-template-1\/\" \/>\n<meta property=\"og:site_name\" content=\"Dekornik\" \/>\n<meta property=\"article:publisher\" content=\"https:\/\/www.facebook.com\/DEKORNIK\/\" \/>\n<meta property=\"article:modified_time\" content=\"2026-04-08T20:36:10+00:00\" \/>\n<meta property=\"og:image\" content=\"https:\/\/dekornik.com\/wp-content\/uploads\/2025\/08\/DODATKI_savanna_1200_cd5585ca-4961-402e-8b5f-166d1299563a.jpg\" \/>\n\t<meta property=\"og:image:width\" content=\"1200\" \/>\n\t<meta property=\"og:image:height\" content=\"1200\" \/>\n\t<meta property=\"og:image:type\" content=\"image\/jpeg\" \/>\n<script type=\"application\/ld+json\" class=\"yoast-schema-graph\">{\"@context\":\"https:\\\/\\\/schema.org\",\"@graph\":[{\"@type\":\"WebPage\",\"@id\":\"https:\\\/\\\/dekornik.com\\\/pl\\\/produkt\\\/savanna-botanics-plants-template-1\\\/\",\"url\":\"https:\\\/\\\/dekornik.com\\\/pl\\\/produkt\\\/savanna-botanics-plants-template-1\\\/\",\"name\":\"Savanna Botanics Plants - Dekornik\",\"isPartOf\":{\"@id\":\"https:\\\/\\\/dekornik.com\\\/pl\\\/#website\"},\"primaryImageOfPage\":{\"@id\":\"https:\\\/\\\/dekornik.com\\\/pl\\\/produkt\\\/savanna-botanics-plants-template-1\\\/#primaryimage\"},\"image\":{\"@id\":\"https:\\\/\\\/dekornik.com\\\/pl\\\/produkt\\\/savanna-botanics-plants-template-1\\\/#primaryimage\"},\"thumbnailUrl\":\"https:\\\/\\\/dekornik.com\\\/wp-content\\\/uploads\\\/2025\\\/08\\\/DODATKI_savanna_1200_cd5585ca-4961-402e-8b5f-166d1299563a.jpg\",\"datePublished\":\"2025-10-02T11:18:01+00:00\",\"dateModified\":\"2026-04-08T20:36:10+00:00\",\"breadcrumb\":{\"@id\":\"https:\\\/\\\/dekornik.com\\\/pl\\\/produkt\\\/savanna-botanics-plants-template-1\\\/#breadcrumb\"},\"inLanguage\":\"pl-PL\",\"potentialAction\":[{\"@type\":\"ReadAction\",\"target\":[\"https:\\\/\\\/dekornik.com\\\/pl\\\/produkt\\\/savanna-botanics-plants-template-1\\\/\"]}]},{\"@type\":\"ImageObject\",\"inLanguage\":\"pl-PL\",\"@id\":\"https:\\\/\\\/dekornik.com\\\/pl\\\/produkt\\\/savanna-botanics-plants-template-1\\\/#primaryimage\",\"url\":\"https:\\\/\\\/dekornik.com\\\/wp-content\\\/uploads\\\/2025\\\/08\\\/DODATKI_savanna_1200_cd5585ca-4961-402e-8b5f-166d1299563a.jpg\",\"contentUrl\":\"https:\\\/\\\/dekornik.com\\\/wp-content\\\/uploads\\\/2025\\\/08\\\/DODATKI_savanna_1200_cd5585ca-4961-402e-8b5f-166d1299563a.jpg\",\"width\":1200,\"height\":1200},{\"@type\":\"BreadcrumbList\",\"@id\":\"https:\\\/\\\/dekornik.com\\\/pl\\\/produkt\\\/savanna-botanics-plants-template-1\\\/#breadcrumb\",\"itemListElement\":[{\"@type\":\"ListItem\",\"position\":1,\"name\":\"Home\",\"item\":\"https:\\\/\\\/dekornik.com\\\/pl\\\/\"},{\"@type\":\"ListItem\",\"position\":2,\"name\":\"Sklep\",\"item\":\"https:\\\/\\\/dekornik.com\\\/pl\\\/sklep\\\/\"},{\"@type\":\"ListItem\",\"position\":3,\"name\":\"Savanna Botanics Plants\"}]},{\"@type\":\"WebSite\",\"@id\":\"https:\\\/\\\/dekornik.com\\\/pl\\\/#website\",\"url\":\"https:\\\/\\\/dekornik.com\\\/pl\\\/\",\"name\":\"Dekornik\",\"description\":\"Your little one will love it\\\\!\",\"publisher\":{\"@id\":\"https:\\\/\\\/dekornik.com\\\/pl\\\/#organization\"},\"potentialAction\":[{\"@type\":\"SearchAction\",\"target\":{\"@type\":\"EntryPoint\",\"urlTemplate\":\"https:\\\/\\\/dekornik.com\\\/pl\\\/?s={search_term_string}\"},\"query-input\":{\"@type\":\"PropertyValueSpecification\",\"valueRequired\":true,\"valueName\":\"search_term_string\"}}],\"inLanguage\":\"pl-PL\"},{\"@type\":\"Organization\",\"@id\":\"https:\\\/\\\/dekornik.com\\\/pl\\\/#organization\",\"name\":\"Dekornik sp. z o.o.\",\"url\":\"https:\\\/\\\/dekornik.com\\\/pl\\\/\",\"logo\":{\"@type\":\"ImageObject\",\"inLanguage\":\"pl-PL\",\"@id\":\"https:\\\/\\\/dekornik.com\\\/pl\\\/#\\\/schema\\\/logo\\\/image\\\/\",\"url\":\"http:\\\/\\\/dekornik.com\\\/wp-content\\\/uploads\\\/2026\\\/01\\\/logo_dekornik-01-1.svg\",\"contentUrl\":\"http:\\\/\\\/dekornik.com\\\/wp-content\\\/uploads\\\/2026\\\/01\\\/logo_dekornik-01-1.svg\",\"width\":\"1024\",\"height\":\"1024\",\"caption\":\"Dekornik sp. z o.o.\"},\"image\":{\"@id\":\"https:\\\/\\\/dekornik.com\\\/pl\\\/#\\\/schema\\\/logo\\\/image\\\/\"},\"sameAs\":[\"https:\\\/\\\/www.facebook.com\\\/DEKORNIK\\\/\",\"https:\\\/\\\/instagram.com\\\/dekornik\",\"https:\\\/\\\/www.pinterest.com\\\/dekornikcom\\\/\"]}]}<\/script>\n<!-- \/ Yoast SEO plugin. -->","yoast_head_json":{"title":"Savanna Botanics Plants - Dekornik","robots":{"index":"index","follow":"follow","max-snippet":"max-snippet:-1","max-image-preview":"max-image-preview:large","max-video-preview":"max-video-preview:-1"},"canonical":"https:\/\/dekornik.com\/pl\/produkt\/savanna-botanics-plants-template-1\/","og_locale":"pl_PL","og_type":"article","og_title":"Savanna Botanics Plants - Dekornik","og_description":"Zestaw subtelnych ro\u015blinnych motyw\u00f3w \u2013 baobaby, aloesy, krzewy i niewielkie pag\u00f3rki w delikatnych tonacjach zieleni i szaro\u015bci.To szybki spos\u00f3b na dekoracj\u0119 bez decyzji o tapecie \u2014 idealny do mieszka\u0144 wynajmowanych i szybkich metamorfoz. \u0141atwo \u0142\u0105cz\u0105 si\u0119 z g\u0142adkimi tekstyliami i meblami z naturalnego drewna. Drukowane na specjalnym, tkanym materiale poliestrowym przeznaczonym do dekoracji \u015bcian (sprawdzona baza naklejek Dekornik!).","og_url":"https:\/\/dekornik.com\/pl\/produkt\/savanna-botanics-plants-template-1\/","og_site_name":"Dekornik","article_publisher":"https:\/\/www.facebook.com\/DEKORNIK\/","article_modified_time":"2026-04-08T20:36:10+00:00","og_image":[{"width":1200,"height":1200,"url":"https:\/\/dekornik.com\/wp-content\/uploads\/2025\/08\/DODATKI_savanna_1200_cd5585ca-4961-402e-8b5f-166d1299563a.jpg","type":"image\/jpeg"}],"schema":{"@context":"https:\/\/schema.org","@graph":[{"@type":"WebPage","@id":"https:\/\/dekornik.com\/pl\/produkt\/savanna-botanics-plants-template-1\/","url":"https:\/\/dekornik.com\/pl\/produkt\/savanna-botanics-plants-template-1\/","name":"Savanna Botanics Plants - Dekornik","isPartOf":{"@id":"https:\/\/dekornik.com\/pl\/#website"},"primaryImageOfPage":{"@id":"https:\/\/dekornik.com\/pl\/produkt\/savanna-botanics-plants-template-1\/#primaryimage"},"image":{"@id":"https:\/\/dekornik.com\/pl\/produkt\/savanna-botanics-plants-template-1\/#primaryimage"},"thumbnailUrl":"https:\/\/dekornik.com\/wp-content\/uploads\/2025\/08\/DODATKI_savanna_1200_cd5585ca-4961-402e-8b5f-166d1299563a.jpg","datePublished":"2025-10-02T11:18:01+00:00","dateModified":"2026-04-08T20:36:10+00:00","breadcrumb":{"@id":"https:\/\/dekornik.com\/pl\/produkt\/savanna-botanics-plants-template-1\/#breadcrumb"},"inLanguage":"pl-PL","potentialAction":[{"@type":"ReadAction","target":["https:\/\/dekornik.com\/pl\/produkt\/savanna-botanics-plants-template-1\/"]}]},{"@type":"ImageObject","inLanguage":"pl-PL","@id":"https:\/\/dekornik.com\/pl\/produkt\/savanna-botanics-plants-template-1\/#primaryimage","url":"https:\/\/dekornik.com\/wp-content\/uploads\/2025\/08\/DODATKI_savanna_1200_cd5585ca-4961-402e-8b5f-166d1299563a.jpg","contentUrl":"https:\/\/dekornik.com\/wp-content\/uploads\/2025\/08\/DODATKI_savanna_1200_cd5585ca-4961-402e-8b5f-166d1299563a.jpg","width":1200,"height":1200},{"@type":"BreadcrumbList","@id":"https:\/\/dekornik.com\/pl\/produkt\/savanna-botanics-plants-template-1\/#breadcrumb","itemListElement":[{"@type":"ListItem","position":1,"name":"Home","item":"https:\/\/dekornik.com\/pl\/"},{"@type":"ListItem","position":2,"name":"Sklep","item":"https:\/\/dekornik.com\/pl\/sklep\/"},{"@type":"ListItem","position":3,"name":"Savanna Botanics Plants"}]},{"@type":"WebSite","@id":"https:\/\/dekornik.com\/pl\/#website","url":"https:\/\/dekornik.com\/pl\/","name":"Dekornik","description":"Your little one will love it\\!","publisher":{"@id":"https:\/\/dekornik.com\/pl\/#organization"},"potentialAction":[{"@type":"SearchAction","target":{"@type":"EntryPoint","urlTemplate":"https:\/\/dekornik.com\/pl\/?s={search_term_string}"},"query-input":{"@type":"PropertyValueSpecification","valueRequired":true,"valueName":"search_term_string"}}],"inLanguage":"pl-PL"},{"@type":"Organization","@id":"https:\/\/dekornik.com\/pl\/#organization","name":"Dekornik sp. z o.o.","url":"https:\/\/dekornik.com\/pl\/","logo":{"@type":"ImageObject","inLanguage":"pl-PL","@id":"https:\/\/dekornik.com\/pl\/#\/schema\/logo\/image\/","url":"http:\/\/dekornik.com\/wp-content\/uploads\/2026\/01\/logo_dekornik-01-1.svg","contentUrl":"http:\/\/dekornik.com\/wp-content\/uploads\/2026\/01\/logo_dekornik-01-1.svg","width":"1024","height":"1024","caption":"Dekornik sp. z o.o."},"image":{"@id":"https:\/\/dekornik.com\/pl\/#\/schema\/logo\/image\/"},"sameAs":["https:\/\/www.facebook.com\/DEKORNIK\/","https:\/\/instagram.com\/dekornik","https:\/\/www.pinterest.com\/dekornikcom\/"]}]}},"_links":{"self":[{"href":"https:\/\/dekornik.com\/pl\/wp-json\/wp\/v2\/product\/9030","targetHints":{"allow":["GET"]}}],"collection":[{"href":"https:\/\/dekornik.com\/pl\/wp-json\/wp\/v2\/product"}],"about":[{"href":"https:\/\/dekornik.com\/pl\/wp-json\/wp\/v2\/types\/product"}],"replies":[{"embeddable":true,"href":"https:\/\/dekornik.com\/pl\/wp-json\/wp\/v2\/comments?post=9030"}],"wp:featuredmedia":[{"embeddable":true,"href":"https:\/\/dekornik.com\/pl\/wp-json\/wp\/v2\/media\/9031"}],"wp:attachment":[{"href":"https:\/\/dekornik.com\/pl\/wp-json\/wp\/v2\/media?parent=9030"}],"wp:term":[{"taxonomy":"product_brand","embeddable":true,"href":"https:\/\/dekornik.com\/pl\/wp-json\/wp\/v2\/product_brand?post=9030"},{"taxonomy":"product_cat","embeddable":true,"href":"https:\/\/dekornik.com\/pl\/wp-json\/wp\/v2\/product_cat?post=9030"},{"taxonomy":"product_tag","embeddable":true,"href":"https:\/\/dekornik.com\/pl\/wp-json\/wp\/v2\/product_tag?post=9030"}],"curies":[{"name":"wp","href":"https:\/\/api.w.org\/{rel}","templated":true}]}}