{"id":9022,"date":"2025-10-02T11:18:01","date_gmt":"2025-10-02T11:18:01","guid":{"rendered":"http:\/\/dekornik.com\/product\/maya-stripes-wide-blue-wallpaper\/"},"modified":"2026-04-03T16:02:05","modified_gmt":"2026-04-03T16:02:05","slug":"maya-stripes-wide-blue-wallpaper","status":"publish","type":"product","link":"https:\/\/dekornik.com\/pl\/produkt\/maya-stripes-wide-blue-wallpaper\/","title":{"rendered":"Maya Stripes Wide Blue Tapeta"},"content":{"rendered":"<p>To po\u0142\u0105czenie kolorystyczne naszej klasycznej tapety w pasy stworzy\u0142a Maja Bohosiewicz! Baza to pastelowy, jasny odcie\u0144 niebieskiego \u2014 bez fioletowego podtonu. Szerokie pasy przeplataj\u0105 si\u0119 z cienkim, szlachetnym burgundem.<\/p>\n<p>Tapeta z szerokimi pasami, wz\u00f3r inspirowany nasz\u0105 kolekcj\u0105 podr\u00f3\u017cnicz\u0105 Chic Saint Tropez Stripes. Elegancka i ponadczasowa, podobnie jak jej \u201esiostra&#8221;! Pasuje do r\u00f3\u017cnych styl\u00f3w wn\u0119trz \u2014 zar\u00f3wno do pokoju ch\u0142opca (m\u0142odszego i starszego), nad ko\u0142ysk\u0105 w pokoju noworodka, jak i w przedpokoju czy salonie.<\/p>\n<p><strong>TECHNICZNIE:<\/strong><\/p>\n<p>Tapeta podzielona jest na pasy:<br \/>\n\u2022 Wysoko\u015b\u0107: 280 cm<br \/>\n\u2022 Szeroko\u015b\u0107: 50 cm<br \/>\n\u2022 Mamy tak\u017ce opcj\u0119 140 cm na wysoko\u015b\u0107, dla wszystkich, kt\u00f3rzy lubi\u0105 lamperi\u0119 i chc\u0105 tapet\u0119 jedynie od po\u0142owy \u015bciany.<\/p>\n<p>Cena dotyczy jednego pasa.<\/p>\n<p>Te pasy pasuj\u0105 do wi\u0119kszo\u015bci standardowych mieszka\u0144 \u2013 maj\u0105 dodatkowe 20 cm d\u0142ugo\u015bci, wi\u0119c bez problemu przytniesz je do wysoko\u015bci swojej \u015bciany.<\/p>\n<p>Zamawianie tapet w pasach jest szybkie i wygodne. Wystarczy zmierzy\u0107 \u015bcian\u0119 i dobra\u0107 odpowiedni\u0105 liczb\u0119 pas\u00f3w \u2013 bez skomplikowanych oblicze\u0144. Trudno tu o pomy\u0142k\u0119.<\/p>\n<p>W\u0105skie pasy sprawiaj\u0105, \u017ce tapeta niemal idealnie dopasowuje si\u0119 do szeroko\u015bci \u015bciany. Dodatkowo powtarzalny wz\u00f3r \u2013 identyczny na ka\u017cdym pasie \u2013 u\u0142atwia precyzyjne \u0142\u0105czenie od sufitu, dzi\u0119ki czemu materia\u0142 wykorzystujesz niemal w ca\u0142o\u015bci i niewiele si\u0119 marnuje!<\/p>\n","protected":false},"excerpt":{"rendered":"<p>Pastelowy niebieski (bez fioletu!) i szlachetny burgund w szerokich pasach \u2014 tapeta inspirowana Maj\u0105 Bohosiewicz! Elegancka, ponadczasowa i uniwersalna, pasuje wsz\u0119dzie \u2014 od pokoju ch\u0142opca po salon!<\/p>\n<p>Pi\u0119knie prezentuje si\u0119 na jednej \u015bcianie akcentowej lub w ca\u0142ym pokoju.<\/p>\n<p>Drukowana na matowym papierze Dekornik \u2014 ekologicznym, grubym 190g\/m2, i bezpiecznym dla dzieci.<\/p>\n","protected":false},"featured_media":9023,"comment_status":"open","ping_status":"closed","template":"","meta":{"inline_featured_image":false},"product_brand":[],"product_cat":[405,393,237,386],"product_tag":[727,734,735,736,750,751,753,755,758,760],"class_list":{"0":"post-9022","1":"product","2":"type-product","3":"status-publish","4":"has-post-thumbnail","6":"product_cat-dla-rodzicow","7":"product_cat-paski","8":"product_cat-tapety","9":"product_cat-zywe-kolory","10":"product_tag-modern-classic-pl","11":"product_tag-pairs-with-borders-pl","12":"product_tag-pairs-with-wall-decals-pl","13":"product_tag-parent-space-friendly-pl","14":"product_tag-starry-sparkle-pl","15":"product_tag-statement-wall-pl","16":"product_tag-stripe-rhythm-pl","17":"product_tag-toddler-energy-pl","18":"product_tag-vertical-lift-pl","19":"product_tag-whimsical-details-pl","21":"first","22":"instock","23":"sale","24":"taxable","25":"shipping-taxable","26":"purchasable","27":"product-type-variable","28":"has-default-attributes"},"yoast_head":"<!-- This site is optimized with the Yoast SEO plugin v27.3 - https:\/\/yoast.com\/product\/yoast-seo-wordpress\/ -->\n<title>Maya Stripes Wide Blue Wallpaper | Elegant &amp; Timeless Design<\/title>\n<meta name=\"description\" content=\"Transform your home with Maya Stripes Wide Blue Wallpaper. This elegant, timeless striped design is perfect for nurseries, living rooms &amp; more. Shop now!\" \/>\n<meta name=\"robots\" content=\"index, follow, max-snippet:-1, max-image-preview:large, max-video-preview:-1\" \/>\n<link rel=\"canonical\" href=\"https:\/\/dekornik.com\/pl\/produkt\/maya-stripes-wide-blue-wallpaper\/\" \/>\n<meta property=\"og:locale\" content=\"pl_PL\" \/>\n<meta property=\"og:type\" content=\"article\" \/>\n<meta property=\"og:title\" content=\"Maya Stripes Wide Blue Wallpaper | Elegant &amp; Timeless Design\" \/>\n<meta property=\"og:description\" content=\"Transform your home with Maya Stripes Wide Blue Wallpaper. This elegant, timeless striped design is perfect for nurseries, living rooms &amp; more. Shop now!\" \/>\n<meta property=\"og:url\" content=\"https:\/\/dekornik.com\/pl\/produkt\/maya-stripes-wide-blue-wallpaper\/\" \/>\n<meta property=\"og:site_name\" content=\"Dekornik\" \/>\n<meta property=\"article:publisher\" content=\"https:\/\/www.facebook.com\/DEKORNIK\/\" \/>\n<meta property=\"article:modified_time\" content=\"2026-04-03T16:02:05+00:00\" \/>\n<meta property=\"og:image\" content=\"https:\/\/dekornik.com\/wp-content\/uploads\/2025\/10\/packshot-1_81fc9620-a384-4375-80da-f186868e37a0.png\" \/>\n\t<meta property=\"og:image:width\" content=\"600\" \/>\n\t<meta property=\"og:image:height\" content=\"600\" \/>\n\t<meta property=\"og:image:type\" content=\"image\/png\" \/>\n<script type=\"application\/ld+json\" class=\"yoast-schema-graph\">{\"@context\":\"https:\\\/\\\/schema.org\",\"@graph\":[{\"@type\":\"WebPage\",\"@id\":\"https:\\\/\\\/dekornik.com\\\/pl\\\/produkt\\\/maya-stripes-wide-blue-wallpaper\\\/\",\"url\":\"https:\\\/\\\/dekornik.com\\\/pl\\\/produkt\\\/maya-stripes-wide-blue-wallpaper\\\/\",\"name\":\"Maya Stripes Wide Blue Wallpaper | Elegant & Timeless Design\",\"isPartOf\":{\"@id\":\"https:\\\/\\\/dekornik.com\\\/pl\\\/#website\"},\"primaryImageOfPage\":{\"@id\":\"https:\\\/\\\/dekornik.com\\\/pl\\\/produkt\\\/maya-stripes-wide-blue-wallpaper\\\/#primaryimage\"},\"image\":{\"@id\":\"https:\\\/\\\/dekornik.com\\\/pl\\\/produkt\\\/maya-stripes-wide-blue-wallpaper\\\/#primaryimage\"},\"thumbnailUrl\":\"https:\\\/\\\/dekornik.com\\\/wp-content\\\/uploads\\\/2025\\\/10\\\/packshot-1_81fc9620-a384-4375-80da-f186868e37a0.png\",\"datePublished\":\"2025-10-02T11:18:01+00:00\",\"dateModified\":\"2026-04-03T16:02:05+00:00\",\"description\":\"Transform your home with Maya Stripes Wide Blue Wallpaper. This elegant, timeless striped design is perfect for nurseries, living rooms & more. Shop now!\",\"breadcrumb\":{\"@id\":\"https:\\\/\\\/dekornik.com\\\/pl\\\/produkt\\\/maya-stripes-wide-blue-wallpaper\\\/#breadcrumb\"},\"inLanguage\":\"pl-PL\",\"potentialAction\":[{\"@type\":\"ReadAction\",\"target\":[\"https:\\\/\\\/dekornik.com\\\/pl\\\/produkt\\\/maya-stripes-wide-blue-wallpaper\\\/\"]}]},{\"@type\":\"ImageObject\",\"inLanguage\":\"pl-PL\",\"@id\":\"https:\\\/\\\/dekornik.com\\\/pl\\\/produkt\\\/maya-stripes-wide-blue-wallpaper\\\/#primaryimage\",\"url\":\"https:\\\/\\\/dekornik.com\\\/wp-content\\\/uploads\\\/2025\\\/10\\\/packshot-1_81fc9620-a384-4375-80da-f186868e37a0.png\",\"contentUrl\":\"https:\\\/\\\/dekornik.com\\\/wp-content\\\/uploads\\\/2025\\\/10\\\/packshot-1_81fc9620-a384-4375-80da-f186868e37a0.png\",\"width\":600,\"height\":600,\"caption\":\"Tapeta Maya Stripes Wide Blue\"},{\"@type\":\"BreadcrumbList\",\"@id\":\"https:\\\/\\\/dekornik.com\\\/pl\\\/produkt\\\/maya-stripes-wide-blue-wallpaper\\\/#breadcrumb\",\"itemListElement\":[{\"@type\":\"ListItem\",\"position\":1,\"name\":\"Home\",\"item\":\"https:\\\/\\\/dekornik.com\\\/pl\\\/\"},{\"@type\":\"ListItem\",\"position\":2,\"name\":\"Sklep\",\"item\":\"https:\\\/\\\/dekornik.com\\\/pl\\\/sklep\\\/\"},{\"@type\":\"ListItem\",\"position\":3,\"name\":\"Maya Stripes Wide Blue Tapeta\"}]},{\"@type\":\"WebSite\",\"@id\":\"https:\\\/\\\/dekornik.com\\\/pl\\\/#website\",\"url\":\"https:\\\/\\\/dekornik.com\\\/pl\\\/\",\"name\":\"Dekornik\",\"description\":\"Your little one will love it\\\\!\",\"publisher\":{\"@id\":\"https:\\\/\\\/dekornik.com\\\/pl\\\/#organization\"},\"potentialAction\":[{\"@type\":\"SearchAction\",\"target\":{\"@type\":\"EntryPoint\",\"urlTemplate\":\"https:\\\/\\\/dekornik.com\\\/pl\\\/?s={search_term_string}\"},\"query-input\":{\"@type\":\"PropertyValueSpecification\",\"valueRequired\":true,\"valueName\":\"search_term_string\"}}],\"inLanguage\":\"pl-PL\"},{\"@type\":\"Organization\",\"@id\":\"https:\\\/\\\/dekornik.com\\\/pl\\\/#organization\",\"name\":\"Dekornik sp. z o.o.\",\"url\":\"https:\\\/\\\/dekornik.com\\\/pl\\\/\",\"logo\":{\"@type\":\"ImageObject\",\"inLanguage\":\"pl-PL\",\"@id\":\"https:\\\/\\\/dekornik.com\\\/pl\\\/#\\\/schema\\\/logo\\\/image\\\/\",\"url\":\"http:\\\/\\\/dekornik.com\\\/wp-content\\\/uploads\\\/2026\\\/01\\\/logo_dekornik-01-1.svg\",\"contentUrl\":\"http:\\\/\\\/dekornik.com\\\/wp-content\\\/uploads\\\/2026\\\/01\\\/logo_dekornik-01-1.svg\",\"width\":\"1024\",\"height\":\"1024\",\"caption\":\"Dekornik sp. z o.o.\"},\"image\":{\"@id\":\"https:\\\/\\\/dekornik.com\\\/pl\\\/#\\\/schema\\\/logo\\\/image\\\/\"},\"sameAs\":[\"https:\\\/\\\/www.facebook.com\\\/DEKORNIK\\\/\",\"https:\\\/\\\/instagram.com\\\/dekornik\",\"https:\\\/\\\/www.pinterest.com\\\/dekornikcom\\\/\"]}]}<\/script>\n<!-- \/ Yoast SEO plugin. -->","yoast_head_json":{"title":"Maya Stripes Wide Blue Wallpaper | Elegant & Timeless Design","description":"Transform your home with Maya Stripes Wide Blue Wallpaper. This elegant, timeless striped design is perfect for nurseries, living rooms & more. Shop now!","robots":{"index":"index","follow":"follow","max-snippet":"max-snippet:-1","max-image-preview":"max-image-preview:large","max-video-preview":"max-video-preview:-1"},"canonical":"https:\/\/dekornik.com\/pl\/produkt\/maya-stripes-wide-blue-wallpaper\/","og_locale":"pl_PL","og_type":"article","og_title":"Maya Stripes Wide Blue Wallpaper | Elegant & Timeless Design","og_description":"Transform your home with Maya Stripes Wide Blue Wallpaper. This elegant, timeless striped design is perfect for nurseries, living rooms & more. Shop now!","og_url":"https:\/\/dekornik.com\/pl\/produkt\/maya-stripes-wide-blue-wallpaper\/","og_site_name":"Dekornik","article_publisher":"https:\/\/www.facebook.com\/DEKORNIK\/","article_modified_time":"2026-04-03T16:02:05+00:00","og_image":[{"width":600,"height":600,"url":"https:\/\/dekornik.com\/wp-content\/uploads\/2025\/10\/packshot-1_81fc9620-a384-4375-80da-f186868e37a0.png","type":"image\/png"}],"schema":{"@context":"https:\/\/schema.org","@graph":[{"@type":"WebPage","@id":"https:\/\/dekornik.com\/pl\/produkt\/maya-stripes-wide-blue-wallpaper\/","url":"https:\/\/dekornik.com\/pl\/produkt\/maya-stripes-wide-blue-wallpaper\/","name":"Maya Stripes Wide Blue Wallpaper | Elegant & Timeless Design","isPartOf":{"@id":"https:\/\/dekornik.com\/pl\/#website"},"primaryImageOfPage":{"@id":"https:\/\/dekornik.com\/pl\/produkt\/maya-stripes-wide-blue-wallpaper\/#primaryimage"},"image":{"@id":"https:\/\/dekornik.com\/pl\/produkt\/maya-stripes-wide-blue-wallpaper\/#primaryimage"},"thumbnailUrl":"https:\/\/dekornik.com\/wp-content\/uploads\/2025\/10\/packshot-1_81fc9620-a384-4375-80da-f186868e37a0.png","datePublished":"2025-10-02T11:18:01+00:00","dateModified":"2026-04-03T16:02:05+00:00","description":"Transform your home with Maya Stripes Wide Blue Wallpaper. This elegant, timeless striped design is perfect for nurseries, living rooms & more. Shop now!","breadcrumb":{"@id":"https:\/\/dekornik.com\/pl\/produkt\/maya-stripes-wide-blue-wallpaper\/#breadcrumb"},"inLanguage":"pl-PL","potentialAction":[{"@type":"ReadAction","target":["https:\/\/dekornik.com\/pl\/produkt\/maya-stripes-wide-blue-wallpaper\/"]}]},{"@type":"ImageObject","inLanguage":"pl-PL","@id":"https:\/\/dekornik.com\/pl\/produkt\/maya-stripes-wide-blue-wallpaper\/#primaryimage","url":"https:\/\/dekornik.com\/wp-content\/uploads\/2025\/10\/packshot-1_81fc9620-a384-4375-80da-f186868e37a0.png","contentUrl":"https:\/\/dekornik.com\/wp-content\/uploads\/2025\/10\/packshot-1_81fc9620-a384-4375-80da-f186868e37a0.png","width":600,"height":600,"caption":"Tapeta Maya Stripes Wide Blue"},{"@type":"BreadcrumbList","@id":"https:\/\/dekornik.com\/pl\/produkt\/maya-stripes-wide-blue-wallpaper\/#breadcrumb","itemListElement":[{"@type":"ListItem","position":1,"name":"Home","item":"https:\/\/dekornik.com\/pl\/"},{"@type":"ListItem","position":2,"name":"Sklep","item":"https:\/\/dekornik.com\/pl\/sklep\/"},{"@type":"ListItem","position":3,"name":"Maya Stripes Wide Blue Tapeta"}]},{"@type":"WebSite","@id":"https:\/\/dekornik.com\/pl\/#website","url":"https:\/\/dekornik.com\/pl\/","name":"Dekornik","description":"Your little one will love it\\!","publisher":{"@id":"https:\/\/dekornik.com\/pl\/#organization"},"potentialAction":[{"@type":"SearchAction","target":{"@type":"EntryPoint","urlTemplate":"https:\/\/dekornik.com\/pl\/?s={search_term_string}"},"query-input":{"@type":"PropertyValueSpecification","valueRequired":true,"valueName":"search_term_string"}}],"inLanguage":"pl-PL"},{"@type":"Organization","@id":"https:\/\/dekornik.com\/pl\/#organization","name":"Dekornik sp. z o.o.","url":"https:\/\/dekornik.com\/pl\/","logo":{"@type":"ImageObject","inLanguage":"pl-PL","@id":"https:\/\/dekornik.com\/pl\/#\/schema\/logo\/image\/","url":"http:\/\/dekornik.com\/wp-content\/uploads\/2026\/01\/logo_dekornik-01-1.svg","contentUrl":"http:\/\/dekornik.com\/wp-content\/uploads\/2026\/01\/logo_dekornik-01-1.svg","width":"1024","height":"1024","caption":"Dekornik sp. z o.o."},"image":{"@id":"https:\/\/dekornik.com\/pl\/#\/schema\/logo\/image\/"},"sameAs":["https:\/\/www.facebook.com\/DEKORNIK\/","https:\/\/instagram.com\/dekornik","https:\/\/www.pinterest.com\/dekornikcom\/"]}]}},"_links":{"self":[{"href":"https:\/\/dekornik.com\/pl\/wp-json\/wp\/v2\/product\/9022","targetHints":{"allow":["GET"]}}],"collection":[{"href":"https:\/\/dekornik.com\/pl\/wp-json\/wp\/v2\/product"}],"about":[{"href":"https:\/\/dekornik.com\/pl\/wp-json\/wp\/v2\/types\/product"}],"replies":[{"embeddable":true,"href":"https:\/\/dekornik.com\/pl\/wp-json\/wp\/v2\/comments?post=9022"}],"wp:featuredmedia":[{"embeddable":true,"href":"https:\/\/dekornik.com\/pl\/wp-json\/wp\/v2\/media\/9023"}],"wp:attachment":[{"href":"https:\/\/dekornik.com\/pl\/wp-json\/wp\/v2\/media?parent=9022"}],"wp:term":[{"taxonomy":"product_brand","embeddable":true,"href":"https:\/\/dekornik.com\/pl\/wp-json\/wp\/v2\/product_brand?post=9022"},{"taxonomy":"product_cat","embeddable":true,"href":"https:\/\/dekornik.com\/pl\/wp-json\/wp\/v2\/product_cat?post=9022"},{"taxonomy":"product_tag","embeddable":true,"href":"https:\/\/dekornik.com\/pl\/wp-json\/wp\/v2\/product_tag?post=9022"}],"curies":[{"name":"wp","href":"https:\/\/api.w.org\/{rel}","templated":true}]}}