{"id":9018,"date":"2025-10-02T11:18:01","date_gmt":"2025-10-02T11:18:01","guid":{"rendered":"http:\/\/dekornik.com\/product\/maya-stripes-brown-beige-wallpaper\/"},"modified":"2026-04-03T15:56:28","modified_gmt":"2026-04-03T15:56:28","slug":"maya-stripes-brown-beige-wallpaper","status":"publish","type":"product","link":"https:\/\/dekornik.com\/pl\/produkt\/maya-stripes-brown-beige-wallpaper\/","title":{"rendered":"Maya Stripes Brown Beige Tapeta"},"content":{"rendered":"<p>Pomys\u0142 na to zestawienie kolorystyczne podsun\u0119\u0142a nam Maja Bohosiewicz, st\u0105d nazwa tapety! Eleganckie po\u0142\u0105czenie be\u017cu i br\u0105zu w lekko francuskim stylu pi\u0119knie prezentuje si\u0119 zestawione z lamperi\u0105.<\/p>\n<p>Cienkie pasy w kolorze be\u017cu i ciep\u0142ego br\u0105zu tworz\u0105 subteln\u0105 i harmonijn\u0105 kombinacj\u0119, kt\u00f3ra dzia\u0142a koj\u0105co na zmys\u0142y. Odst\u0119py mi\u0119dzy pasami s\u0105 idealnie wywa\u017cone \u2014 zachowuj\u0105 r\u00f3wnowag\u0119 mi\u0119dzy prostot\u0105, a wyrafinowaniem.<\/p>\n<p>Pasuje zar\u00f3wno do przytulnego domku, eleganckiego loftu, jak i wn\u0119trz w bardziej klasycznym stylu. Maya nie narzuca si\u0119 ani stylem, ani wiekiem \u2014 mo\u017cna j\u0105 dopasowa\u0107 do ka\u017cdego!<\/p>\n<p><strong>TECHNICZNIE:<\/strong><\/p>\n<p>Tapeta podzielona jest na pasy:<br \/>\n\u2022 Wysoko\u015b\u0107: 280 cm<br \/>\n\u2022 Szeroko\u015b\u0107: 50 cm<br \/>\n\u2022 Mamy tak\u017ce opcj\u0119 140 cm na wysoko\u015b\u0107, dla wszystkich, kt\u00f3rzy lubi\u0105 lamperi\u0119 i chc\u0105 tapet\u0119 jedynie od po\u0142owy \u015bciany.<\/p>\n<p>Cena dotyczy jednego pasa.<\/p>\n<p>Te pasy pasuj\u0105 do wi\u0119kszo\u015bci standardowych mieszka\u0144 \u2013 maj\u0105 dodatkowe 20 cm d\u0142ugo\u015bci, wi\u0119c bez problemu przytniesz je do wysoko\u015bci swojej \u015bciany.<\/p>\n<p>Zamawianie tapet w pasach jest szybkie i wygodne. Wystarczy zmierzy\u0107 \u015bcian\u0119 i dobra\u0107 odpowiedni\u0105 liczb\u0119 pas\u00f3w \u2013 bez skomplikowanych oblicze\u0144. Trudno tu o pomy\u0142k\u0119.<\/p>\n<p>W\u0105skie pasy sprawiaj\u0105, \u017ce tapeta niemal idealnie dopasowuje si\u0119 do szeroko\u015bci \u015bciany. Dodatkowo powtarzalny wz\u00f3r \u2013 identyczny na ka\u017cdym pasie \u2013 u\u0142atwia precyzyjne \u0142\u0105czenie od sufitu, dzi\u0119ki czemu materia\u0142 wykorzystujesz niemal w ca\u0142o\u015bci i niewiele si\u0119 marnuje!<\/p>\n","protected":false},"excerpt":{"rendered":"<p>Eleganckie po\u0142\u0105czenie be\u017cu i ciep\u0142ego br\u0105zu w cienkich pasach \u2014 tapeta inspirowana Maj\u0105 Bohosiewicz! Troch\u0119 francuskiego stylu, troch\u0119 ponadczasowej elegancji. Pasuje wsz\u0119dzie \u2014 od loftu po domek wakacyjny!<\/p>\n<p>Pi\u0119knie prezentuje si\u0119 na jednej \u015bcianie akcentowej lub w ca\u0142ym pokoju.<\/p>\n<p>Drukowana na matowym papierze Dekornik \u2014 ekologicznym, grubym 190g\/m2, i bezpiecznym dla dzieci.<\/p>\n","protected":false},"featured_media":9019,"comment_status":"open","ping_status":"closed","template":"","meta":{"inline_featured_image":false},"product_brand":[],"product_cat":[405,393,237,386],"product_tag":[720,726,727,734,735,736,751,753,755,758,760],"class_list":{"0":"post-9018","1":"product","2":"type-product","3":"status-publish","4":"has-post-thumbnail","6":"product_cat-dla-rodzicow","7":"product_cat-paski","8":"product_cat-tapety","9":"product_cat-zywe-kolory","10":"product_tag-match-friendly-pl","11":"product_tag-mix-amp-pl","12":"product_tag-modern-classic-pl","13":"product_tag-pairs-with-borders-pl","14":"product_tag-pairs-with-wall-decals-pl","15":"product_tag-parent-space-friendly-pl","16":"product_tag-statement-wall-pl","17":"product_tag-stripe-rhythm-pl","18":"product_tag-toddler-energy-pl","19":"product_tag-vertical-lift-pl","20":"product_tag-whimsical-details-pl","22":"first","23":"instock","24":"sale","25":"taxable","26":"shipping-taxable","27":"purchasable","28":"product-type-variable","29":"has-default-attributes"},"yoast_head":"<!-- This site is optimized with the Yoast SEO plugin v27.3 - https:\/\/yoast.com\/product\/yoast-seo-wordpress\/ -->\n<title>Maya Stripes Brown Beige Wallpaper | Thin Cherry Striped Design<\/title>\n<meta name=\"description\" content=\"Elevate your home with Maya Stripes Brown Beige Wallpaper. Featuring thin cherry stripes, this elegant design brings character to any room, from kids&#039; spaces to lofts. Shop Dekornik today!\" \/>\n<meta name=\"robots\" content=\"index, follow, max-snippet:-1, max-image-preview:large, max-video-preview:-1\" \/>\n<link rel=\"canonical\" href=\"https:\/\/dekornik.com\/pl\/produkt\/maya-stripes-brown-beige-wallpaper\/\" \/>\n<meta property=\"og:locale\" content=\"pl_PL\" \/>\n<meta property=\"og:type\" content=\"article\" \/>\n<meta property=\"og:title\" content=\"Maya Stripes Brown Beige Wallpaper | Thin Cherry Striped Design\" \/>\n<meta property=\"og:description\" content=\"Elevate your home with Maya Stripes Brown Beige Wallpaper. Featuring thin cherry stripes, this elegant design brings character to any room, from kids&#039; spaces to lofts. Shop Dekornik today!\" \/>\n<meta property=\"og:url\" content=\"https:\/\/dekornik.com\/pl\/produkt\/maya-stripes-brown-beige-wallpaper\/\" \/>\n<meta property=\"og:site_name\" content=\"Dekornik\" \/>\n<meta property=\"article:publisher\" content=\"https:\/\/www.facebook.com\/DEKORNIK\/\" \/>\n<meta property=\"article:modified_time\" content=\"2026-04-03T15:56:28+00:00\" \/>\n<meta property=\"og:image\" content=\"https:\/\/dekornik.com\/wp-content\/uploads\/2025\/10\/packshot-2_b4cdd8cc-852a-4638-9851-c1df0389278b.png\" \/>\n\t<meta property=\"og:image:width\" content=\"600\" \/>\n\t<meta property=\"og:image:height\" content=\"600\" \/>\n\t<meta property=\"og:image:type\" content=\"image\/png\" \/>\n<script type=\"application\/ld+json\" class=\"yoast-schema-graph\">{\"@context\":\"https:\\\/\\\/schema.org\",\"@graph\":[{\"@type\":\"WebPage\",\"@id\":\"https:\\\/\\\/dekornik.com\\\/pl\\\/produkt\\\/maya-stripes-brown-beige-wallpaper\\\/\",\"url\":\"https:\\\/\\\/dekornik.com\\\/pl\\\/produkt\\\/maya-stripes-brown-beige-wallpaper\\\/\",\"name\":\"Maya Stripes Brown Beige Wallpaper | Thin Cherry Striped Design\",\"isPartOf\":{\"@id\":\"https:\\\/\\\/dekornik.com\\\/pl\\\/#website\"},\"primaryImageOfPage\":{\"@id\":\"https:\\\/\\\/dekornik.com\\\/pl\\\/produkt\\\/maya-stripes-brown-beige-wallpaper\\\/#primaryimage\"},\"image\":{\"@id\":\"https:\\\/\\\/dekornik.com\\\/pl\\\/produkt\\\/maya-stripes-brown-beige-wallpaper\\\/#primaryimage\"},\"thumbnailUrl\":\"https:\\\/\\\/dekornik.com\\\/wp-content\\\/uploads\\\/2025\\\/10\\\/packshot-2_b4cdd8cc-852a-4638-9851-c1df0389278b.png\",\"datePublished\":\"2025-10-02T11:18:01+00:00\",\"dateModified\":\"2026-04-03T15:56:28+00:00\",\"description\":\"Elevate your home with Maya Stripes Brown Beige Wallpaper. Featuring thin cherry stripes, this elegant design brings character to any room, from kids' spaces to lofts. Shop Dekornik today!\",\"breadcrumb\":{\"@id\":\"https:\\\/\\\/dekornik.com\\\/pl\\\/produkt\\\/maya-stripes-brown-beige-wallpaper\\\/#breadcrumb\"},\"inLanguage\":\"pl-PL\",\"potentialAction\":[{\"@type\":\"ReadAction\",\"target\":[\"https:\\\/\\\/dekornik.com\\\/pl\\\/produkt\\\/maya-stripes-brown-beige-wallpaper\\\/\"]}]},{\"@type\":\"ImageObject\",\"inLanguage\":\"pl-PL\",\"@id\":\"https:\\\/\\\/dekornik.com\\\/pl\\\/produkt\\\/maya-stripes-brown-beige-wallpaper\\\/#primaryimage\",\"url\":\"https:\\\/\\\/dekornik.com\\\/wp-content\\\/uploads\\\/2025\\\/10\\\/packshot-2_b4cdd8cc-852a-4638-9851-c1df0389278b.png\",\"contentUrl\":\"https:\\\/\\\/dekornik.com\\\/wp-content\\\/uploads\\\/2025\\\/10\\\/packshot-2_b4cdd8cc-852a-4638-9851-c1df0389278b.png\",\"width\":600,\"height\":600,\"caption\":\"Maya Stripes Brown Beige Wallpaper\"},{\"@type\":\"BreadcrumbList\",\"@id\":\"https:\\\/\\\/dekornik.com\\\/pl\\\/produkt\\\/maya-stripes-brown-beige-wallpaper\\\/#breadcrumb\",\"itemListElement\":[{\"@type\":\"ListItem\",\"position\":1,\"name\":\"Home\",\"item\":\"https:\\\/\\\/dekornik.com\\\/pl\\\/\"},{\"@type\":\"ListItem\",\"position\":2,\"name\":\"Sklep\",\"item\":\"https:\\\/\\\/dekornik.com\\\/pl\\\/sklep\\\/\"},{\"@type\":\"ListItem\",\"position\":3,\"name\":\"Maya Stripes Brown Beige Tapeta\"}]},{\"@type\":\"WebSite\",\"@id\":\"https:\\\/\\\/dekornik.com\\\/pl\\\/#website\",\"url\":\"https:\\\/\\\/dekornik.com\\\/pl\\\/\",\"name\":\"Dekornik\",\"description\":\"Your little one will love it\\\\!\",\"publisher\":{\"@id\":\"https:\\\/\\\/dekornik.com\\\/pl\\\/#organization\"},\"potentialAction\":[{\"@type\":\"SearchAction\",\"target\":{\"@type\":\"EntryPoint\",\"urlTemplate\":\"https:\\\/\\\/dekornik.com\\\/pl\\\/?s={search_term_string}\"},\"query-input\":{\"@type\":\"PropertyValueSpecification\",\"valueRequired\":true,\"valueName\":\"search_term_string\"}}],\"inLanguage\":\"pl-PL\"},{\"@type\":\"Organization\",\"@id\":\"https:\\\/\\\/dekornik.com\\\/pl\\\/#organization\",\"name\":\"Dekornik sp. z o.o.\",\"url\":\"https:\\\/\\\/dekornik.com\\\/pl\\\/\",\"logo\":{\"@type\":\"ImageObject\",\"inLanguage\":\"pl-PL\",\"@id\":\"https:\\\/\\\/dekornik.com\\\/pl\\\/#\\\/schema\\\/logo\\\/image\\\/\",\"url\":\"http:\\\/\\\/dekornik.com\\\/wp-content\\\/uploads\\\/2026\\\/01\\\/logo_dekornik-01-1.svg\",\"contentUrl\":\"http:\\\/\\\/dekornik.com\\\/wp-content\\\/uploads\\\/2026\\\/01\\\/logo_dekornik-01-1.svg\",\"width\":\"1024\",\"height\":\"1024\",\"caption\":\"Dekornik sp. z o.o.\"},\"image\":{\"@id\":\"https:\\\/\\\/dekornik.com\\\/pl\\\/#\\\/schema\\\/logo\\\/image\\\/\"},\"sameAs\":[\"https:\\\/\\\/www.facebook.com\\\/DEKORNIK\\\/\",\"https:\\\/\\\/instagram.com\\\/dekornik\",\"https:\\\/\\\/www.pinterest.com\\\/dekornikcom\\\/\"]}]}<\/script>\n<!-- \/ Yoast SEO plugin. -->","yoast_head_json":{"title":"Maya Stripes Brown Beige Wallpaper | Thin Cherry Striped Design","description":"Elevate your home with Maya Stripes Brown Beige Wallpaper. Featuring thin cherry stripes, this elegant design brings character to any room, from kids' spaces to lofts. Shop Dekornik today!","robots":{"index":"index","follow":"follow","max-snippet":"max-snippet:-1","max-image-preview":"max-image-preview:large","max-video-preview":"max-video-preview:-1"},"canonical":"https:\/\/dekornik.com\/pl\/produkt\/maya-stripes-brown-beige-wallpaper\/","og_locale":"pl_PL","og_type":"article","og_title":"Maya Stripes Brown Beige Wallpaper | Thin Cherry Striped Design","og_description":"Elevate your home with Maya Stripes Brown Beige Wallpaper. Featuring thin cherry stripes, this elegant design brings character to any room, from kids' spaces to lofts. Shop Dekornik today!","og_url":"https:\/\/dekornik.com\/pl\/produkt\/maya-stripes-brown-beige-wallpaper\/","og_site_name":"Dekornik","article_publisher":"https:\/\/www.facebook.com\/DEKORNIK\/","article_modified_time":"2026-04-03T15:56:28+00:00","og_image":[{"width":600,"height":600,"url":"https:\/\/dekornik.com\/wp-content\/uploads\/2025\/10\/packshot-2_b4cdd8cc-852a-4638-9851-c1df0389278b.png","type":"image\/png"}],"schema":{"@context":"https:\/\/schema.org","@graph":[{"@type":"WebPage","@id":"https:\/\/dekornik.com\/pl\/produkt\/maya-stripes-brown-beige-wallpaper\/","url":"https:\/\/dekornik.com\/pl\/produkt\/maya-stripes-brown-beige-wallpaper\/","name":"Maya Stripes Brown Beige Wallpaper | Thin Cherry Striped Design","isPartOf":{"@id":"https:\/\/dekornik.com\/pl\/#website"},"primaryImageOfPage":{"@id":"https:\/\/dekornik.com\/pl\/produkt\/maya-stripes-brown-beige-wallpaper\/#primaryimage"},"image":{"@id":"https:\/\/dekornik.com\/pl\/produkt\/maya-stripes-brown-beige-wallpaper\/#primaryimage"},"thumbnailUrl":"https:\/\/dekornik.com\/wp-content\/uploads\/2025\/10\/packshot-2_b4cdd8cc-852a-4638-9851-c1df0389278b.png","datePublished":"2025-10-02T11:18:01+00:00","dateModified":"2026-04-03T15:56:28+00:00","description":"Elevate your home with Maya Stripes Brown Beige Wallpaper. Featuring thin cherry stripes, this elegant design brings character to any room, from kids' spaces to lofts. Shop Dekornik today!","breadcrumb":{"@id":"https:\/\/dekornik.com\/pl\/produkt\/maya-stripes-brown-beige-wallpaper\/#breadcrumb"},"inLanguage":"pl-PL","potentialAction":[{"@type":"ReadAction","target":["https:\/\/dekornik.com\/pl\/produkt\/maya-stripes-brown-beige-wallpaper\/"]}]},{"@type":"ImageObject","inLanguage":"pl-PL","@id":"https:\/\/dekornik.com\/pl\/produkt\/maya-stripes-brown-beige-wallpaper\/#primaryimage","url":"https:\/\/dekornik.com\/wp-content\/uploads\/2025\/10\/packshot-2_b4cdd8cc-852a-4638-9851-c1df0389278b.png","contentUrl":"https:\/\/dekornik.com\/wp-content\/uploads\/2025\/10\/packshot-2_b4cdd8cc-852a-4638-9851-c1df0389278b.png","width":600,"height":600,"caption":"Maya Stripes Brown Beige Wallpaper"},{"@type":"BreadcrumbList","@id":"https:\/\/dekornik.com\/pl\/produkt\/maya-stripes-brown-beige-wallpaper\/#breadcrumb","itemListElement":[{"@type":"ListItem","position":1,"name":"Home","item":"https:\/\/dekornik.com\/pl\/"},{"@type":"ListItem","position":2,"name":"Sklep","item":"https:\/\/dekornik.com\/pl\/sklep\/"},{"@type":"ListItem","position":3,"name":"Maya Stripes Brown Beige Tapeta"}]},{"@type":"WebSite","@id":"https:\/\/dekornik.com\/pl\/#website","url":"https:\/\/dekornik.com\/pl\/","name":"Dekornik","description":"Your little one will love it\\!","publisher":{"@id":"https:\/\/dekornik.com\/pl\/#organization"},"potentialAction":[{"@type":"SearchAction","target":{"@type":"EntryPoint","urlTemplate":"https:\/\/dekornik.com\/pl\/?s={search_term_string}"},"query-input":{"@type":"PropertyValueSpecification","valueRequired":true,"valueName":"search_term_string"}}],"inLanguage":"pl-PL"},{"@type":"Organization","@id":"https:\/\/dekornik.com\/pl\/#organization","name":"Dekornik sp. z o.o.","url":"https:\/\/dekornik.com\/pl\/","logo":{"@type":"ImageObject","inLanguage":"pl-PL","@id":"https:\/\/dekornik.com\/pl\/#\/schema\/logo\/image\/","url":"http:\/\/dekornik.com\/wp-content\/uploads\/2026\/01\/logo_dekornik-01-1.svg","contentUrl":"http:\/\/dekornik.com\/wp-content\/uploads\/2026\/01\/logo_dekornik-01-1.svg","width":"1024","height":"1024","caption":"Dekornik sp. z o.o."},"image":{"@id":"https:\/\/dekornik.com\/pl\/#\/schema\/logo\/image\/"},"sameAs":["https:\/\/www.facebook.com\/DEKORNIK\/","https:\/\/instagram.com\/dekornik","https:\/\/www.pinterest.com\/dekornikcom\/"]}]}},"_links":{"self":[{"href":"https:\/\/dekornik.com\/pl\/wp-json\/wp\/v2\/product\/9018","targetHints":{"allow":["GET"]}}],"collection":[{"href":"https:\/\/dekornik.com\/pl\/wp-json\/wp\/v2\/product"}],"about":[{"href":"https:\/\/dekornik.com\/pl\/wp-json\/wp\/v2\/types\/product"}],"replies":[{"embeddable":true,"href":"https:\/\/dekornik.com\/pl\/wp-json\/wp\/v2\/comments?post=9018"}],"wp:featuredmedia":[{"embeddable":true,"href":"https:\/\/dekornik.com\/pl\/wp-json\/wp\/v2\/media\/9019"}],"wp:attachment":[{"href":"https:\/\/dekornik.com\/pl\/wp-json\/wp\/v2\/media?parent=9018"}],"wp:term":[{"taxonomy":"product_brand","embeddable":true,"href":"https:\/\/dekornik.com\/pl\/wp-json\/wp\/v2\/product_brand?post=9018"},{"taxonomy":"product_cat","embeddable":true,"href":"https:\/\/dekornik.com\/pl\/wp-json\/wp\/v2\/product_cat?post=9018"},{"taxonomy":"product_tag","embeddable":true,"href":"https:\/\/dekornik.com\/pl\/wp-json\/wp\/v2\/product_tag?post=9018"}],"curies":[{"name":"wp","href":"https:\/\/api.w.org\/{rel}","templated":true}]}}