{"id":9004,"date":"2025-10-02T11:18:21","date_gmt":"2025-10-02T11:18:21","guid":{"rendered":"http:\/\/dekornik.com\/product\/miniset-stars-black\/"},"modified":"2026-04-08T20:17:18","modified_gmt":"2026-04-08T20:17:18","slug":"miniset-stars-black","status":"publish","type":"product","link":"https:\/\/dekornik.com\/pl\/produkt\/miniset-stars-black\/","title":{"rendered":"Miniset: Stars Black"},"content":{"rendered":"<p>Podstawowe zestawy naklejek s\u0105 idealne, by rozpocz\u0105\u0107 przygod\u0119 z dekorowaniem! Trzy szablony z wieloma jednokolorowymi naklejkami i kszta\u0142tami wystarcz\u0105, by ozdobi\u0107 ca\u0142\u0105 \u015bcian\u0119. Cho\u0107 mo\u017ce si\u0119 wydawa\u0107, \u017ce to drobnostka, dekoracja \u015bciany gwiazdkami lub chmurkami potrafi ca\u0142kowicie odmieni\u0107 wygl\u0105d pokoju. Najwi\u0119ksz\u0105 zalet\u0105 naszych Minisets jest jednak\u2026 zabawa!<\/p>\n<p>Naklejki s\u0105 bardzo \u0142atwe w aplikacji, dzi\u0119ki czemu dzieci mog\u0105 same w\u0142\u0105cza\u0107 si\u0119 w dekorowanie swojego pokoju. Najlepiej przetestowa\u0107 je najpierw np. na \u015bcianie za drzwiami. W 95% przypadk\u00f3w mo\u017cna je oderwa\u0107 i przyklei\u0107 ponownie bez uszkodzenia powierzchni.<\/p>\n<p><strong>INFORMACJE TECHNICZNE:<\/strong><\/p>\n<p>Zestaw zawiera 3 szablony naklejek<br \/>Wymiary szablonu: ok. 30\u00d730 cm ka\u017cdy<br \/>\u0141\u0105cznie 60 naklejek (po 20 na szablon)<br \/>Rozmiary gwiazdek: 3 cm, 4,5 cm, 6 cm i 8 cm<\/p>\n<p>Jednokolorowe naklejki wycinane s\u0105 z folii z mocnym klejem, ale w wi\u0119kszo\u015bci przypadk\u00f3w mo\u017cna je oderwa\u0107 i przyklei\u0107 ponownie. Wzory wycinane s\u0105 z cienkiej folii, dzi\u0119ki czemu struktura \u015bciany pozostaje delikatnie widoczna po aplikacji. Naklejki chroni\u0105 \u015bcian\u0119 przed drobnymi uszkodzeniami i s\u0105 zmywalne \u2013 wystarczy przetrze\u0107 je wilgotn\u0105 \u015bciereczk\u0105.<\/p>\n<p>Nasze naklejki wykonane s\u0105 z wysokiej jako\u015bci folii importowanej z Belgii \u2013 materia\u0142u u\u017cywanego przez nas od siedmiu lat, najlepszego dost\u0119pnego w Polsce.<\/p>\n<p>Uwaga: przed przyklejeniem naklejki nale\u017cy dok\u0142adnie przygotowa\u0107 \u015bcian\u0119, usuwaj\u0105c kurz i t\u0142uszcz. Naklejki mo\u017cna aplikowa\u0107 dopiero po oko\u0142o 20 dniach od ostatniego malowania, aby zapewni\u0107 najlepsz\u0105 przyczepno\u015b\u0107.<\/p>\n","protected":false},"excerpt":{"rendered":"<p>Miniset: Stars Black to zestaw naklejek \u015bciennych stworzony z my\u015bl\u0105 o dzieci\u0119cym pokoju \u2013 spokojnym, a jednocze\u015bnie pe\u0142nym magii. Ma\u0142e czarne gwiazdki rozsiane po \u015bcianie tworz\u0105 efekt nocnego nieba i wprowadzaj\u0105 do wn\u0119trza magiczny, lekki klimat.<\/p>\n<p>To szybki spos\u00f3b na dekoracj\u0119 bez decyzji o tapecie \u2014 idealny do mieszka\u0144 wynajmowanych i szybkich metamorfoz. \u0141atwo \u0142\u0105cz\u0105 si\u0119 z g\u0142adkimi tekstyliami i meblami z naturalnego drewna. Drukowane na specjalnym, tkanym materiale poliestrowym przeznaczonym do dekoracji \u015bcian (sprawdzona baza naklejek Dekornik!).<\/p>\n","protected":false},"featured_media":9005,"comment_status":"open","ping_status":"closed","template":"","meta":{"inline_featured_image":false},"product_brand":[],"product_cat":[785,287],"product_tag":[698,701,707,735,738,743,750],"class_list":{"0":"post-9004","1":"product","2":"type-product","3":"status-publish","4":"has-post-thumbnail","6":"product_cat-naklejki","7":"product_cat-naklejki-scienne","8":"product_tag-cloudy-sky-pl","9":"product_tag-corner-framing-pl","10":"product_tag-easy-diy-refresh-pl","11":"product_tag-pairs-with-wall-decals-pl","12":"product_tag-photo-ready-backdrop-pl","13":"product_tag-rental-friendly-idea-pl","14":"product_tag-starry-sparkle-pl","16":"first","17":"instock","18":"sale","19":"taxable","20":"shipping-taxable","21":"purchasable","22":"product-type-simple"},"yoast_head":"<!-- This site is optimized with the Yoast SEO plugin v27.3 - https:\/\/yoast.com\/product\/yoast-seo-wordpress\/ -->\n<title>Miniset: Stars Black - Dekornik<\/title>\n<meta name=\"robots\" content=\"index, follow, max-snippet:-1, max-image-preview:large, max-video-preview:-1\" \/>\n<link rel=\"canonical\" href=\"https:\/\/dekornik.com\/pl\/produkt\/miniset-stars-black\/\" \/>\n<meta property=\"og:locale\" content=\"pl_PL\" \/>\n<meta property=\"og:type\" content=\"article\" \/>\n<meta property=\"og:title\" content=\"Miniset: Stars Black - Dekornik\" \/>\n<meta property=\"og:description\" content=\"Miniset: Stars Black to zestaw naklejek \u015bciennych stworzony z my\u015bl\u0105 o dzieci\u0119cym pokoju \u2013 spokojnym, a jednocze\u015bnie pe\u0142nym magii. Ma\u0142e czarne gwiazdki rozsiane po \u015bcianie tworz\u0105 efekt nocnego nieba i wprowadzaj\u0105 do wn\u0119trza magiczny, lekki klimat.To szybki spos\u00f3b na dekoracj\u0119 bez decyzji o tapecie \u2014 idealny do mieszka\u0144 wynajmowanych i szybkich metamorfoz. \u0141atwo \u0142\u0105cz\u0105 si\u0119 z g\u0142adkimi tekstyliami i meblami z naturalnego drewna. Drukowane na specjalnym, tkanym materiale poliestrowym przeznaczonym do dekoracji \u015bcian (sprawdzona baza naklejek Dekornik!).\" \/>\n<meta property=\"og:url\" content=\"https:\/\/dekornik.com\/pl\/produkt\/miniset-stars-black\/\" \/>\n<meta property=\"og:site_name\" content=\"Dekornik\" \/>\n<meta property=\"article:publisher\" content=\"https:\/\/www.facebook.com\/DEKORNIK\/\" \/>\n<meta property=\"article:modified_time\" content=\"2026-04-08T20:17:18+00:00\" \/>\n<meta property=\"og:image\" content=\"https:\/\/dekornik.com\/wp-content\/uploads\/2025\/08\/czarne_gwiazdki1.jpg\" \/>\n\t<meta property=\"og:image:width\" content=\"1200\" \/>\n\t<meta property=\"og:image:height\" content=\"1200\" \/>\n\t<meta property=\"og:image:type\" content=\"image\/jpeg\" \/>\n<script type=\"application\/ld+json\" class=\"yoast-schema-graph\">{\"@context\":\"https:\\\/\\\/schema.org\",\"@graph\":[{\"@type\":\"WebPage\",\"@id\":\"https:\\\/\\\/dekornik.com\\\/pl\\\/produkt\\\/miniset-stars-black\\\/\",\"url\":\"https:\\\/\\\/dekornik.com\\\/pl\\\/produkt\\\/miniset-stars-black\\\/\",\"name\":\"Miniset: Stars Black - Dekornik\",\"isPartOf\":{\"@id\":\"https:\\\/\\\/dekornik.com\\\/pl\\\/#website\"},\"primaryImageOfPage\":{\"@id\":\"https:\\\/\\\/dekornik.com\\\/pl\\\/produkt\\\/miniset-stars-black\\\/#primaryimage\"},\"image\":{\"@id\":\"https:\\\/\\\/dekornik.com\\\/pl\\\/produkt\\\/miniset-stars-black\\\/#primaryimage\"},\"thumbnailUrl\":\"https:\\\/\\\/dekornik.com\\\/wp-content\\\/uploads\\\/2025\\\/08\\\/czarne_gwiazdki1.jpg\",\"datePublished\":\"2025-10-02T11:18:21+00:00\",\"dateModified\":\"2026-04-08T20:17:18+00:00\",\"breadcrumb\":{\"@id\":\"https:\\\/\\\/dekornik.com\\\/pl\\\/produkt\\\/miniset-stars-black\\\/#breadcrumb\"},\"inLanguage\":\"pl-PL\",\"potentialAction\":[{\"@type\":\"ReadAction\",\"target\":[\"https:\\\/\\\/dekornik.com\\\/pl\\\/produkt\\\/miniset-stars-black\\\/\"]}]},{\"@type\":\"ImageObject\",\"inLanguage\":\"pl-PL\",\"@id\":\"https:\\\/\\\/dekornik.com\\\/pl\\\/produkt\\\/miniset-stars-black\\\/#primaryimage\",\"url\":\"https:\\\/\\\/dekornik.com\\\/wp-content\\\/uploads\\\/2025\\\/08\\\/czarne_gwiazdki1.jpg\",\"contentUrl\":\"https:\\\/\\\/dekornik.com\\\/wp-content\\\/uploads\\\/2025\\\/08\\\/czarne_gwiazdki1.jpg\",\"width\":1200,\"height\":1200},{\"@type\":\"BreadcrumbList\",\"@id\":\"https:\\\/\\\/dekornik.com\\\/pl\\\/produkt\\\/miniset-stars-black\\\/#breadcrumb\",\"itemListElement\":[{\"@type\":\"ListItem\",\"position\":1,\"name\":\"Home\",\"item\":\"https:\\\/\\\/dekornik.com\\\/pl\\\/\"},{\"@type\":\"ListItem\",\"position\":2,\"name\":\"Sklep\",\"item\":\"https:\\\/\\\/dekornik.com\\\/pl\\\/sklep\\\/\"},{\"@type\":\"ListItem\",\"position\":3,\"name\":\"Miniset: Stars Black\"}]},{\"@type\":\"WebSite\",\"@id\":\"https:\\\/\\\/dekornik.com\\\/pl\\\/#website\",\"url\":\"https:\\\/\\\/dekornik.com\\\/pl\\\/\",\"name\":\"Dekornik\",\"description\":\"Your little one will love it\\\\!\",\"publisher\":{\"@id\":\"https:\\\/\\\/dekornik.com\\\/pl\\\/#organization\"},\"potentialAction\":[{\"@type\":\"SearchAction\",\"target\":{\"@type\":\"EntryPoint\",\"urlTemplate\":\"https:\\\/\\\/dekornik.com\\\/pl\\\/?s={search_term_string}\"},\"query-input\":{\"@type\":\"PropertyValueSpecification\",\"valueRequired\":true,\"valueName\":\"search_term_string\"}}],\"inLanguage\":\"pl-PL\"},{\"@type\":\"Organization\",\"@id\":\"https:\\\/\\\/dekornik.com\\\/pl\\\/#organization\",\"name\":\"Dekornik sp. z o.o.\",\"url\":\"https:\\\/\\\/dekornik.com\\\/pl\\\/\",\"logo\":{\"@type\":\"ImageObject\",\"inLanguage\":\"pl-PL\",\"@id\":\"https:\\\/\\\/dekornik.com\\\/pl\\\/#\\\/schema\\\/logo\\\/image\\\/\",\"url\":\"http:\\\/\\\/dekornik.com\\\/wp-content\\\/uploads\\\/2026\\\/01\\\/logo_dekornik-01-1.svg\",\"contentUrl\":\"http:\\\/\\\/dekornik.com\\\/wp-content\\\/uploads\\\/2026\\\/01\\\/logo_dekornik-01-1.svg\",\"width\":\"1024\",\"height\":\"1024\",\"caption\":\"Dekornik sp. z o.o.\"},\"image\":{\"@id\":\"https:\\\/\\\/dekornik.com\\\/pl\\\/#\\\/schema\\\/logo\\\/image\\\/\"},\"sameAs\":[\"https:\\\/\\\/www.facebook.com\\\/DEKORNIK\\\/\",\"https:\\\/\\\/instagram.com\\\/dekornik\",\"https:\\\/\\\/www.pinterest.com\\\/dekornikcom\\\/\"]}]}<\/script>\n<!-- \/ Yoast SEO plugin. -->","yoast_head_json":{"title":"Miniset: Stars Black - Dekornik","robots":{"index":"index","follow":"follow","max-snippet":"max-snippet:-1","max-image-preview":"max-image-preview:large","max-video-preview":"max-video-preview:-1"},"canonical":"https:\/\/dekornik.com\/pl\/produkt\/miniset-stars-black\/","og_locale":"pl_PL","og_type":"article","og_title":"Miniset: Stars Black - Dekornik","og_description":"Miniset: Stars Black to zestaw naklejek \u015bciennych stworzony z my\u015bl\u0105 o dzieci\u0119cym pokoju \u2013 spokojnym, a jednocze\u015bnie pe\u0142nym magii. Ma\u0142e czarne gwiazdki rozsiane po \u015bcianie tworz\u0105 efekt nocnego nieba i wprowadzaj\u0105 do wn\u0119trza magiczny, lekki klimat.To szybki spos\u00f3b na dekoracj\u0119 bez decyzji o tapecie \u2014 idealny do mieszka\u0144 wynajmowanych i szybkich metamorfoz. \u0141atwo \u0142\u0105cz\u0105 si\u0119 z g\u0142adkimi tekstyliami i meblami z naturalnego drewna. Drukowane na specjalnym, tkanym materiale poliestrowym przeznaczonym do dekoracji \u015bcian (sprawdzona baza naklejek Dekornik!).","og_url":"https:\/\/dekornik.com\/pl\/produkt\/miniset-stars-black\/","og_site_name":"Dekornik","article_publisher":"https:\/\/www.facebook.com\/DEKORNIK\/","article_modified_time":"2026-04-08T20:17:18+00:00","og_image":[{"width":1200,"height":1200,"url":"https:\/\/dekornik.com\/wp-content\/uploads\/2025\/08\/czarne_gwiazdki1.jpg","type":"image\/jpeg"}],"schema":{"@context":"https:\/\/schema.org","@graph":[{"@type":"WebPage","@id":"https:\/\/dekornik.com\/pl\/produkt\/miniset-stars-black\/","url":"https:\/\/dekornik.com\/pl\/produkt\/miniset-stars-black\/","name":"Miniset: Stars Black - Dekornik","isPartOf":{"@id":"https:\/\/dekornik.com\/pl\/#website"},"primaryImageOfPage":{"@id":"https:\/\/dekornik.com\/pl\/produkt\/miniset-stars-black\/#primaryimage"},"image":{"@id":"https:\/\/dekornik.com\/pl\/produkt\/miniset-stars-black\/#primaryimage"},"thumbnailUrl":"https:\/\/dekornik.com\/wp-content\/uploads\/2025\/08\/czarne_gwiazdki1.jpg","datePublished":"2025-10-02T11:18:21+00:00","dateModified":"2026-04-08T20:17:18+00:00","breadcrumb":{"@id":"https:\/\/dekornik.com\/pl\/produkt\/miniset-stars-black\/#breadcrumb"},"inLanguage":"pl-PL","potentialAction":[{"@type":"ReadAction","target":["https:\/\/dekornik.com\/pl\/produkt\/miniset-stars-black\/"]}]},{"@type":"ImageObject","inLanguage":"pl-PL","@id":"https:\/\/dekornik.com\/pl\/produkt\/miniset-stars-black\/#primaryimage","url":"https:\/\/dekornik.com\/wp-content\/uploads\/2025\/08\/czarne_gwiazdki1.jpg","contentUrl":"https:\/\/dekornik.com\/wp-content\/uploads\/2025\/08\/czarne_gwiazdki1.jpg","width":1200,"height":1200},{"@type":"BreadcrumbList","@id":"https:\/\/dekornik.com\/pl\/produkt\/miniset-stars-black\/#breadcrumb","itemListElement":[{"@type":"ListItem","position":1,"name":"Home","item":"https:\/\/dekornik.com\/pl\/"},{"@type":"ListItem","position":2,"name":"Sklep","item":"https:\/\/dekornik.com\/pl\/sklep\/"},{"@type":"ListItem","position":3,"name":"Miniset: Stars Black"}]},{"@type":"WebSite","@id":"https:\/\/dekornik.com\/pl\/#website","url":"https:\/\/dekornik.com\/pl\/","name":"Dekornik","description":"Your little one will love it\\!","publisher":{"@id":"https:\/\/dekornik.com\/pl\/#organization"},"potentialAction":[{"@type":"SearchAction","target":{"@type":"EntryPoint","urlTemplate":"https:\/\/dekornik.com\/pl\/?s={search_term_string}"},"query-input":{"@type":"PropertyValueSpecification","valueRequired":true,"valueName":"search_term_string"}}],"inLanguage":"pl-PL"},{"@type":"Organization","@id":"https:\/\/dekornik.com\/pl\/#organization","name":"Dekornik sp. z o.o.","url":"https:\/\/dekornik.com\/pl\/","logo":{"@type":"ImageObject","inLanguage":"pl-PL","@id":"https:\/\/dekornik.com\/pl\/#\/schema\/logo\/image\/","url":"http:\/\/dekornik.com\/wp-content\/uploads\/2026\/01\/logo_dekornik-01-1.svg","contentUrl":"http:\/\/dekornik.com\/wp-content\/uploads\/2026\/01\/logo_dekornik-01-1.svg","width":"1024","height":"1024","caption":"Dekornik sp. z o.o."},"image":{"@id":"https:\/\/dekornik.com\/pl\/#\/schema\/logo\/image\/"},"sameAs":["https:\/\/www.facebook.com\/DEKORNIK\/","https:\/\/instagram.com\/dekornik","https:\/\/www.pinterest.com\/dekornikcom\/"]}]}},"_links":{"self":[{"href":"https:\/\/dekornik.com\/pl\/wp-json\/wp\/v2\/product\/9004","targetHints":{"allow":["GET"]}}],"collection":[{"href":"https:\/\/dekornik.com\/pl\/wp-json\/wp\/v2\/product"}],"about":[{"href":"https:\/\/dekornik.com\/pl\/wp-json\/wp\/v2\/types\/product"}],"replies":[{"embeddable":true,"href":"https:\/\/dekornik.com\/pl\/wp-json\/wp\/v2\/comments?post=9004"}],"wp:featuredmedia":[{"embeddable":true,"href":"https:\/\/dekornik.com\/pl\/wp-json\/wp\/v2\/media\/9005"}],"wp:attachment":[{"href":"https:\/\/dekornik.com\/pl\/wp-json\/wp\/v2\/media?parent=9004"}],"wp:term":[{"taxonomy":"product_brand","embeddable":true,"href":"https:\/\/dekornik.com\/pl\/wp-json\/wp\/v2\/product_brand?post=9004"},{"taxonomy":"product_cat","embeddable":true,"href":"https:\/\/dekornik.com\/pl\/wp-json\/wp\/v2\/product_cat?post=9004"},{"taxonomy":"product_tag","embeddable":true,"href":"https:\/\/dekornik.com\/pl\/wp-json\/wp\/v2\/product_tag?post=9004"}],"curies":[{"name":"wp","href":"https:\/\/api.w.org\/{rel}","templated":true}]}}