{"id":8994,"date":"2025-10-02T11:18:29","date_gmt":"2025-10-02T11:18:29","guid":{"rendered":"http:\/\/dekornik.com\/product\/little-sleepy-animals-light-wallpaper\/"},"modified":"2026-04-02T20:24:58","modified_gmt":"2026-04-02T20:24:58","slug":"little-sleepy-animals-light-wallpaper","status":"publish","type":"product","link":"https:\/\/dekornik.com\/pl\/produkt\/little-sleepy-animals-light-wallpaper\/","title":{"rendered":"Little Sleepy Animals Light Tapeta"},"content":{"rendered":"<p>To jedna z naszych pierwszych tapet i darzymy j\u0105 ogromnym sentymentem. Marzyli\u015bmy o niej tak d\u0142ugo\u2026 Chcieli\u015bmy stworzy\u0107 w\u0142asn\u0105 bajk\u0119 \u2014 subteln\u0105, nieco retro, z delikatnym angielskim urokiem. We wsp\u00f3\u0142pracy z nasz\u0105 ukochan\u0105 ilustratork\u0105 Kasi\u0105 Goraj-Str\u00f3\u017cy\u0144sk\u0105 powsta\u0142 wz\u00f3r Sleepy Animals \u2014 i tak zacz\u0119\u0142a si\u0119 nasza pi\u0119kna tapetowa przygoda!<\/p>\n<p>\u015api\u0105ce zwierz\u0105tka tworz\u0105 drobny, uroczy wz\u00f3r na jasnym, ciep\u0142ym tle. Tak delikatna i pe\u0142na wdzi\u0119ku, \u017ce jest wr\u0119cz wymarzonym wzorem do pokoju dziecka. Zobaczcie galeri\u0119 \u2014 zakochacie si\u0119 w niej tak samo jak my!<\/p>\n<p><strong>TECHNICZNIE:<\/strong><\/p>\n<p>Tapeta podzielona jest na pasy:<br \/>\n\u2022 Wysoko\u015b\u0107: 280 cm<br \/>\n\u2022 Szeroko\u015b\u0107: 50 cm<br \/>\n\u2022 Mamy tak\u017ce opcj\u0119 140 cm na wysoko\u015b\u0107, dla wszystkich, kt\u00f3rzy lubi\u0105 lamperi\u0119 i chc\u0105 tapet\u0119 jedynie od po\u0142owy \u015bciany.<\/p>\n<p>Cena dotyczy jednego pasa.<\/p>\n<p>Te pasy pasuj\u0105 do wi\u0119kszo\u015bci standardowych mieszka\u0144 \u2013 maj\u0105 dodatkowe 20 cm d\u0142ugo\u015bci, wi\u0119c bez problemu przytniesz je do wysoko\u015bci swojej \u015bciany.<\/p>\n<p>Zamawianie tapet w pasach jest szybkie i wygodne. Wystarczy zmierzy\u0107 \u015bcian\u0119 i dobra\u0107 odpowiedni\u0105 liczb\u0119 pas\u00f3w \u2013 bez skomplikowanych oblicze\u0144. Trudno tu o pomy\u0142k\u0119.<\/p>\n<p>W\u0105skie pasy sprawiaj\u0105, \u017ce tapeta niemal idealnie dopasowuje si\u0119 do szeroko\u015bci \u015bciany. Dodatkowo powtarzalny wz\u00f3r \u2013 identyczny na ka\u017cdym pasie \u2013 u\u0142atwia precyzyjne \u0142\u0105czenie od sufitu, dzi\u0119ki czemu materia\u0142 wykorzystujesz niemal w ca\u0142o\u015bci i niewiele si\u0119 marnuje!<\/p>\n","protected":false},"excerpt":{"rendered":"<p>\u015api\u0105ce zwierz\u0105tka na jasnym, ciep\u0142ym tle \u2014 drobny, delikatny wz\u00f3r w angielskim stylu, kt\u00f3ry zamieni ka\u017cdy pok\u00f3j w bajkow\u0105 komnat\u0119. Elegancki, s\u0142odki i ponadczasowy. Stworzona we wsp\u00f3\u0142pracy z Kasi\u0105 Goraj-Str\u00f3\u017cy\u0144sk\u0105.<\/p>\n<p>Pi\u0119knie prezentuje si\u0119 na jednej \u015bcianie akcentowej lub w ca\u0142ym pokoju.<\/p>\n<p>Drukowana na matowym papierze Dekornik \u2014 ekologicznym, grubym 190g\/m2, i bezpiecznym dla dzieci.<\/p>\n","protected":false},"featured_media":8995,"comment_status":"open","ping_status":"closed","template":"","meta":{"inline_featured_image":false},"product_brand":[],"product_cat":[401,404,399,388,237,400,384],"product_tag":[687,693,712,717,727,731,744,750,753,755],"class_list":{"0":"post-8994","1":"product","2":"type-product","3":"status-publish","4":"has-post-thumbnail","6":"product_cat-dla-dziewczynek","7":"product_cat-kolorowy-pokoj-malucha","8":"product_cat-kroliki","9":"product_cat-las-i-dzungla","10":"product_cat-tapety","11":"product_cat-vintage-pl","12":"product_cat-zwierzeta","13":"product_tag-animal-friends-pl","14":"product_tag-bunny-love-pl","15":"product_tag-forest-adventure-pl","16":"product_tag-jungle-mood-pl","17":"product_tag-modern-classic-pl","18":"product_tag-nursery-calm-pl","19":"product_tag-retro-charm-pl","20":"product_tag-starry-sparkle-pl","21":"product_tag-stripe-rhythm-pl","22":"product_tag-toddler-energy-pl","24":"first","25":"instock","26":"sale","27":"taxable","28":"shipping-taxable","29":"purchasable","30":"product-type-variable","31":"has-default-attributes"},"yoast_head":"<!-- This site is optimized with the Yoast SEO plugin v27.3 - https:\/\/yoast.com\/product\/yoast-seo-wordpress\/ -->\n<title>Maya Stripes Brown Beige Wallpaper: Elegant &amp; Versatile Decor<\/title>\n<meta name=\"description\" content=\"Elevate your home with Maya Stripes Brown Beige Wallpaper. This elegant, cherry-striped design, inspired by Maja Bohosiewicz, brings versatile style to any room. Shop now!\" \/>\n<meta name=\"robots\" content=\"index, follow, max-snippet:-1, max-image-preview:large, max-video-preview:-1\" \/>\n<link rel=\"canonical\" href=\"https:\/\/dekornik.com\/pl\/produkt\/little-sleepy-animals-light-wallpaper\/\" \/>\n<meta property=\"og:locale\" content=\"pl_PL\" \/>\n<meta property=\"og:type\" content=\"article\" \/>\n<meta property=\"og:title\" content=\"Maya Stripes Brown Beige Wallpaper: Elegant &amp; Versatile Decor\" \/>\n<meta property=\"og:description\" content=\"Elevate your home with Maya Stripes Brown Beige Wallpaper. This elegant, cherry-striped design, inspired by Maja Bohosiewicz, brings versatile style to any room. Shop now!\" \/>\n<meta property=\"og:url\" content=\"https:\/\/dekornik.com\/pl\/produkt\/little-sleepy-animals-light-wallpaper\/\" \/>\n<meta property=\"og:site_name\" content=\"Dekornik\" \/>\n<meta property=\"article:publisher\" content=\"https:\/\/www.facebook.com\/DEKORNIK\/\" \/>\n<meta property=\"article:modified_time\" content=\"2026-04-02T20:24:58+00:00\" \/>\n<meta property=\"og:image\" content=\"https:\/\/dekornik.com\/wp-content\/uploads\/2025\/10\/tapeta_Kasia_GS_jasna_pack-3_d3353d67-2404-4630-9a38-cecdc3868479.jpg\" \/>\n\t<meta property=\"og:image:width\" content=\"1200\" \/>\n\t<meta property=\"og:image:height\" content=\"1200\" \/>\n\t<meta property=\"og:image:type\" content=\"image\/jpeg\" \/>\n<script type=\"application\/ld+json\" class=\"yoast-schema-graph\">{\"@context\":\"https:\\\/\\\/schema.org\",\"@graph\":[{\"@type\":\"WebPage\",\"@id\":\"https:\\\/\\\/dekornik.com\\\/pl\\\/produkt\\\/little-sleepy-animals-light-wallpaper\\\/\",\"url\":\"https:\\\/\\\/dekornik.com\\\/pl\\\/produkt\\\/little-sleepy-animals-light-wallpaper\\\/\",\"name\":\"Maya Stripes Brown Beige Wallpaper: Elegant & Versatile Decor\",\"isPartOf\":{\"@id\":\"https:\\\/\\\/dekornik.com\\\/pl\\\/#website\"},\"primaryImageOfPage\":{\"@id\":\"https:\\\/\\\/dekornik.com\\\/pl\\\/produkt\\\/little-sleepy-animals-light-wallpaper\\\/#primaryimage\"},\"image\":{\"@id\":\"https:\\\/\\\/dekornik.com\\\/pl\\\/produkt\\\/little-sleepy-animals-light-wallpaper\\\/#primaryimage\"},\"thumbnailUrl\":\"https:\\\/\\\/dekornik.com\\\/wp-content\\\/uploads\\\/2025\\\/10\\\/tapeta_Kasia_GS_jasna_pack-3_d3353d67-2404-4630-9a38-cecdc3868479.jpg\",\"datePublished\":\"2025-10-02T11:18:29+00:00\",\"dateModified\":\"2026-04-02T20:24:58+00:00\",\"description\":\"Elevate your home with Maya Stripes Brown Beige Wallpaper. This elegant, cherry-striped design, inspired by Maja Bohosiewicz, brings versatile style to any room. Shop now!\",\"breadcrumb\":{\"@id\":\"https:\\\/\\\/dekornik.com\\\/pl\\\/produkt\\\/little-sleepy-animals-light-wallpaper\\\/#breadcrumb\"},\"inLanguage\":\"pl-PL\",\"potentialAction\":[{\"@type\":\"ReadAction\",\"target\":[\"https:\\\/\\\/dekornik.com\\\/pl\\\/produkt\\\/little-sleepy-animals-light-wallpaper\\\/\"]}]},{\"@type\":\"ImageObject\",\"inLanguage\":\"pl-PL\",\"@id\":\"https:\\\/\\\/dekornik.com\\\/pl\\\/produkt\\\/little-sleepy-animals-light-wallpaper\\\/#primaryimage\",\"url\":\"https:\\\/\\\/dekornik.com\\\/wp-content\\\/uploads\\\/2025\\\/10\\\/tapeta_Kasia_GS_jasna_pack-3_d3353d67-2404-4630-9a38-cecdc3868479.jpg\",\"contentUrl\":\"https:\\\/\\\/dekornik.com\\\/wp-content\\\/uploads\\\/2025\\\/10\\\/tapeta_Kasia_GS_jasna_pack-3_d3353d67-2404-4630-9a38-cecdc3868479.jpg\",\"width\":1200,\"height\":1200},{\"@type\":\"BreadcrumbList\",\"@id\":\"https:\\\/\\\/dekornik.com\\\/pl\\\/produkt\\\/little-sleepy-animals-light-wallpaper\\\/#breadcrumb\",\"itemListElement\":[{\"@type\":\"ListItem\",\"position\":1,\"name\":\"Home\",\"item\":\"https:\\\/\\\/dekornik.com\\\/pl\\\/\"},{\"@type\":\"ListItem\",\"position\":2,\"name\":\"Sklep\",\"item\":\"https:\\\/\\\/dekornik.com\\\/pl\\\/sklep\\\/\"},{\"@type\":\"ListItem\",\"position\":3,\"name\":\"Little Sleepy Animals Light Tapeta\"}]},{\"@type\":\"WebSite\",\"@id\":\"https:\\\/\\\/dekornik.com\\\/pl\\\/#website\",\"url\":\"https:\\\/\\\/dekornik.com\\\/pl\\\/\",\"name\":\"Dekornik\",\"description\":\"Your little one will love it\\\\!\",\"publisher\":{\"@id\":\"https:\\\/\\\/dekornik.com\\\/pl\\\/#organization\"},\"potentialAction\":[{\"@type\":\"SearchAction\",\"target\":{\"@type\":\"EntryPoint\",\"urlTemplate\":\"https:\\\/\\\/dekornik.com\\\/pl\\\/?s={search_term_string}\"},\"query-input\":{\"@type\":\"PropertyValueSpecification\",\"valueRequired\":true,\"valueName\":\"search_term_string\"}}],\"inLanguage\":\"pl-PL\"},{\"@type\":\"Organization\",\"@id\":\"https:\\\/\\\/dekornik.com\\\/pl\\\/#organization\",\"name\":\"Dekornik sp. z o.o.\",\"url\":\"https:\\\/\\\/dekornik.com\\\/pl\\\/\",\"logo\":{\"@type\":\"ImageObject\",\"inLanguage\":\"pl-PL\",\"@id\":\"https:\\\/\\\/dekornik.com\\\/pl\\\/#\\\/schema\\\/logo\\\/image\\\/\",\"url\":\"http:\\\/\\\/dekornik.com\\\/wp-content\\\/uploads\\\/2026\\\/01\\\/logo_dekornik-01-1.svg\",\"contentUrl\":\"http:\\\/\\\/dekornik.com\\\/wp-content\\\/uploads\\\/2026\\\/01\\\/logo_dekornik-01-1.svg\",\"width\":\"1024\",\"height\":\"1024\",\"caption\":\"Dekornik sp. z o.o.\"},\"image\":{\"@id\":\"https:\\\/\\\/dekornik.com\\\/pl\\\/#\\\/schema\\\/logo\\\/image\\\/\"},\"sameAs\":[\"https:\\\/\\\/www.facebook.com\\\/DEKORNIK\\\/\",\"https:\\\/\\\/instagram.com\\\/dekornik\",\"https:\\\/\\\/www.pinterest.com\\\/dekornikcom\\\/\"]}]}<\/script>\n<!-- \/ Yoast SEO plugin. -->","yoast_head_json":{"title":"Maya Stripes Brown Beige Wallpaper: Elegant & Versatile Decor","description":"Elevate your home with Maya Stripes Brown Beige Wallpaper. This elegant, cherry-striped design, inspired by Maja Bohosiewicz, brings versatile style to any room. Shop now!","robots":{"index":"index","follow":"follow","max-snippet":"max-snippet:-1","max-image-preview":"max-image-preview:large","max-video-preview":"max-video-preview:-1"},"canonical":"https:\/\/dekornik.com\/pl\/produkt\/little-sleepy-animals-light-wallpaper\/","og_locale":"pl_PL","og_type":"article","og_title":"Maya Stripes Brown Beige Wallpaper: Elegant & Versatile Decor","og_description":"Elevate your home with Maya Stripes Brown Beige Wallpaper. This elegant, cherry-striped design, inspired by Maja Bohosiewicz, brings versatile style to any room. Shop now!","og_url":"https:\/\/dekornik.com\/pl\/produkt\/little-sleepy-animals-light-wallpaper\/","og_site_name":"Dekornik","article_publisher":"https:\/\/www.facebook.com\/DEKORNIK\/","article_modified_time":"2026-04-02T20:24:58+00:00","og_image":[{"width":1200,"height":1200,"url":"https:\/\/dekornik.com\/wp-content\/uploads\/2025\/10\/tapeta_Kasia_GS_jasna_pack-3_d3353d67-2404-4630-9a38-cecdc3868479.jpg","type":"image\/jpeg"}],"schema":{"@context":"https:\/\/schema.org","@graph":[{"@type":"WebPage","@id":"https:\/\/dekornik.com\/pl\/produkt\/little-sleepy-animals-light-wallpaper\/","url":"https:\/\/dekornik.com\/pl\/produkt\/little-sleepy-animals-light-wallpaper\/","name":"Maya Stripes Brown Beige Wallpaper: Elegant & Versatile Decor","isPartOf":{"@id":"https:\/\/dekornik.com\/pl\/#website"},"primaryImageOfPage":{"@id":"https:\/\/dekornik.com\/pl\/produkt\/little-sleepy-animals-light-wallpaper\/#primaryimage"},"image":{"@id":"https:\/\/dekornik.com\/pl\/produkt\/little-sleepy-animals-light-wallpaper\/#primaryimage"},"thumbnailUrl":"https:\/\/dekornik.com\/wp-content\/uploads\/2025\/10\/tapeta_Kasia_GS_jasna_pack-3_d3353d67-2404-4630-9a38-cecdc3868479.jpg","datePublished":"2025-10-02T11:18:29+00:00","dateModified":"2026-04-02T20:24:58+00:00","description":"Elevate your home with Maya Stripes Brown Beige Wallpaper. This elegant, cherry-striped design, inspired by Maja Bohosiewicz, brings versatile style to any room. Shop now!","breadcrumb":{"@id":"https:\/\/dekornik.com\/pl\/produkt\/little-sleepy-animals-light-wallpaper\/#breadcrumb"},"inLanguage":"pl-PL","potentialAction":[{"@type":"ReadAction","target":["https:\/\/dekornik.com\/pl\/produkt\/little-sleepy-animals-light-wallpaper\/"]}]},{"@type":"ImageObject","inLanguage":"pl-PL","@id":"https:\/\/dekornik.com\/pl\/produkt\/little-sleepy-animals-light-wallpaper\/#primaryimage","url":"https:\/\/dekornik.com\/wp-content\/uploads\/2025\/10\/tapeta_Kasia_GS_jasna_pack-3_d3353d67-2404-4630-9a38-cecdc3868479.jpg","contentUrl":"https:\/\/dekornik.com\/wp-content\/uploads\/2025\/10\/tapeta_Kasia_GS_jasna_pack-3_d3353d67-2404-4630-9a38-cecdc3868479.jpg","width":1200,"height":1200},{"@type":"BreadcrumbList","@id":"https:\/\/dekornik.com\/pl\/produkt\/little-sleepy-animals-light-wallpaper\/#breadcrumb","itemListElement":[{"@type":"ListItem","position":1,"name":"Home","item":"https:\/\/dekornik.com\/pl\/"},{"@type":"ListItem","position":2,"name":"Sklep","item":"https:\/\/dekornik.com\/pl\/sklep\/"},{"@type":"ListItem","position":3,"name":"Little Sleepy Animals Light Tapeta"}]},{"@type":"WebSite","@id":"https:\/\/dekornik.com\/pl\/#website","url":"https:\/\/dekornik.com\/pl\/","name":"Dekornik","description":"Your little one will love it\\!","publisher":{"@id":"https:\/\/dekornik.com\/pl\/#organization"},"potentialAction":[{"@type":"SearchAction","target":{"@type":"EntryPoint","urlTemplate":"https:\/\/dekornik.com\/pl\/?s={search_term_string}"},"query-input":{"@type":"PropertyValueSpecification","valueRequired":true,"valueName":"search_term_string"}}],"inLanguage":"pl-PL"},{"@type":"Organization","@id":"https:\/\/dekornik.com\/pl\/#organization","name":"Dekornik sp. z o.o.","url":"https:\/\/dekornik.com\/pl\/","logo":{"@type":"ImageObject","inLanguage":"pl-PL","@id":"https:\/\/dekornik.com\/pl\/#\/schema\/logo\/image\/","url":"http:\/\/dekornik.com\/wp-content\/uploads\/2026\/01\/logo_dekornik-01-1.svg","contentUrl":"http:\/\/dekornik.com\/wp-content\/uploads\/2026\/01\/logo_dekornik-01-1.svg","width":"1024","height":"1024","caption":"Dekornik sp. z o.o."},"image":{"@id":"https:\/\/dekornik.com\/pl\/#\/schema\/logo\/image\/"},"sameAs":["https:\/\/www.facebook.com\/DEKORNIK\/","https:\/\/instagram.com\/dekornik","https:\/\/www.pinterest.com\/dekornikcom\/"]}]}},"_links":{"self":[{"href":"https:\/\/dekornik.com\/pl\/wp-json\/wp\/v2\/product\/8994","targetHints":{"allow":["GET"]}}],"collection":[{"href":"https:\/\/dekornik.com\/pl\/wp-json\/wp\/v2\/product"}],"about":[{"href":"https:\/\/dekornik.com\/pl\/wp-json\/wp\/v2\/types\/product"}],"replies":[{"embeddable":true,"href":"https:\/\/dekornik.com\/pl\/wp-json\/wp\/v2\/comments?post=8994"}],"wp:featuredmedia":[{"embeddable":true,"href":"https:\/\/dekornik.com\/pl\/wp-json\/wp\/v2\/media\/8995"}],"wp:attachment":[{"href":"https:\/\/dekornik.com\/pl\/wp-json\/wp\/v2\/media?parent=8994"}],"wp:term":[{"taxonomy":"product_brand","embeddable":true,"href":"https:\/\/dekornik.com\/pl\/wp-json\/wp\/v2\/product_brand?post=8994"},{"taxonomy":"product_cat","embeddable":true,"href":"https:\/\/dekornik.com\/pl\/wp-json\/wp\/v2\/product_cat?post=8994"},{"taxonomy":"product_tag","embeddable":true,"href":"https:\/\/dekornik.com\/pl\/wp-json\/wp\/v2\/product_tag?post=8994"}],"curies":[{"name":"wp","href":"https:\/\/api.w.org\/{rel}","templated":true}]}}