{"id":8988,"date":"2025-10-02T11:18:30","date_gmt":"2025-10-02T11:18:30","guid":{"rendered":"http:\/\/dekornik.com\/product\/white-happy-rabbits-wonderland-set\/"},"modified":"2026-04-09T05:52:13","modified_gmt":"2026-04-09T05:52:13","slug":"white-happy-rabbits-wonderland-zestaw-naklejek","status":"publish","type":"product","link":"https:\/\/dekornik.com\/pl\/produkt\/white-happy-rabbits-wonderland-zestaw-naklejek\/","title":{"rendered":"White Happy Rabbits Wonderland zestaw naklejek"},"content":{"rendered":"<p>Kiedy tworzyli\u015bmy nasze klasyczne br\u0105zowe kr\u00f3liczki z Kasi\u0105 Goraj-Str\u00f3\u017cy\u0144sk\u0105, od razu wiedzieli\u015bmy, \u017ce musi powsta\u0107 WERSJA BIA\u0141A. Radosne bia\u0142e kr\u00f3liki w lekko angielskim stylu. Wytyczne dla Kasi by\u0142y proste: pastele, balony i zabawa.<\/p>\n<p>Prawie w naturalnym rozmiarze \u2013 8 kr\u00f3lik\u00f3w w zabawnych, figlarnych pozach.<\/p>\n<p>To \u015bwietny zestaw do roz\u015bwietlenia pokoju malucha. Bia\u0142e kr\u00f3liki nie zdominuj\u0105 wystroju, ale b\u0119d\u0105 jego \u015bwietnym uzupe\u0142nieniem, wnosz\u0105c lekko\u015b\u0107 do wn\u0119trza.<\/p>\n<p><strong>INFORMACJE TECHNICZNE:<\/strong><\/p>\n<p>Wymiary ca\u0142ego arkusza: 100 cm x 70 cm<\/p>\n<p>Przyk\u0142adowe rozmiary zwierz\u0105tek:<\/p>\n<p>\u015api\u0105cy: 31 cm x 19 cm<br \/>Patrz\u0105cy w g\u00f3r\u0119: 18 cm x 24 cm<br \/>Czytaj\u0105cy ksi\u0105\u017ck\u0119: 16 cm x 30 cm<br \/>* Skacz\u0105cy: 32 cm x 25 cm<br \/>* Z balonami: 22 cm x 48 cm<\/p>\n<p>*Gwiazdy widoczne na zdj\u0119ciach pochodz\u0105 z naszego minizestawu Gold Stars.*<\/p>\n<p>Materia\u0142 posiada mocny, akrylowy klej oraz tzw. funkcj\u0119 blokowania (block-out), co oznacza, \u017ce \u017caden kolor \u015bciany nie przebija przez naklejk\u0119.<\/p>\n<p>Naklejka ma delikatn\u0105, ledwo wyczuwaln\u0105 struktur\u0119 (jak sam materia\u0142), a to w\u0142a\u015bnie ona zapewnia mocne i pi\u0119kne odwzorowanie kolor\u00f3w, idealne np. dla zwierz\u0105t \u2013 wygl\u0105daj\u0105 prawie jak \u017cywe!<\/p>\n<p>Nasz materia\u0142 jest wyj\u0105tkowo \u0142atwy do przyklejenia. Klej jest mocny, ale nie tak agresywny jak w przypadku reklamowych folii.<\/p>\n<p>Delikatna struktura powierzchni naklejki pozwala j\u0105 delikatnie zarysowa\u0107, cho\u0107 nie jest to takie \u0142atwe. \ud83d\ude42<\/p>\n<p>Naklejki nie maj\u0105 te\u017c tzw. folii transportowej, kt\u00f3ra do tej pory by\u0142a konieczna przy produkcji wszystkich naklejek. Prosty spos\u00f3b przyklejania naklejek do naszego materia\u0142u pozwala pomin\u0105\u0107 ten dodatkowy, cz\u0119sto zb\u0119dny etap.<\/p>\n<p>Uwaga: Przed przyklejeniem naklejki \u2013 na dowoln\u0105 powierzchni\u0119 \u015bciany \u2013 prosimy dok\u0142adnie przygotowa\u0107 \u015bcian\u0119 i oczy\u015bci\u0107 j\u0105 z kurzu oraz t\u0142uszczu. Naklejki mo\u017cna przykleja\u0107 dopiero po oko\u0142o 20 dniach od ostatniego malowania.<\/p>\n","protected":false},"excerpt":{"rendered":"<p>Radosne bia\u0142e kr\u00f3liczki w lekko angielskim stylu \u2013 8 figurek w figlarnych, niemal naturalnych rozmiarach. Idealny zestaw, kt\u00f3ry wprowadzi lekko\u015b\u0107 i urok do pokoju malucha, nie przyt\u0142aczaj\u0105c wystroju.<\/p>\n<p>To szybki spos\u00f3b na dekoracj\u0119 bez decyzji o tapecie \u2014 idealny do mieszka\u0144 wynajmowanych i szybkich metamorfoz. \u0141atwo \u0142\u0105cz\u0105 si\u0119 z g\u0142adkimi tekstyliami i meblami z naturalnego drewna. Drukowane na specjalnym, tkanym materiale poliestrowym przeznaczonym do dekoracji \u015bcian (sprawdzona baza naklejek Dekornik!)<\/p>\n","protected":false},"featured_media":8989,"comment_status":"open","ping_status":"closed","template":"","meta":{"inline_featured_image":false},"product_brand":[],"product_cat":[785,287],"product_tag":[688,693,701,707,735,738,743,750],"class_list":{"0":"post-8988","1":"product","2":"type-product","3":"status-publish","4":"has-post-thumbnail","6":"product_cat-naklejki","7":"product_cat-naklejki-scienne","8":"product_tag-balloon-parade-pl","9":"product_tag-bunny-love-pl","10":"product_tag-corner-framing-pl","11":"product_tag-easy-diy-refresh-pl","12":"product_tag-pairs-with-wall-decals-pl","13":"product_tag-photo-ready-backdrop-pl","14":"product_tag-rental-friendly-idea-pl","15":"product_tag-starry-sparkle-pl","17":"first","18":"instock","19":"sale","20":"taxable","21":"shipping-taxable","22":"purchasable","23":"product-type-simple"},"yoast_head":"<!-- This site is optimized with the Yoast SEO plugin v27.3 - https:\/\/yoast.com\/product\/yoast-seo-wordpress\/ -->\n<title>White Happy Rabbits Wonderland zestaw naklejek - Dekornik<\/title>\n<meta name=\"robots\" content=\"index, follow, max-snippet:-1, max-image-preview:large, max-video-preview:-1\" \/>\n<link rel=\"canonical\" href=\"https:\/\/dekornik.com\/pl\/produkt\/white-happy-rabbits-wonderland-zestaw-naklejek\/\" \/>\n<meta property=\"og:locale\" content=\"pl_PL\" \/>\n<meta property=\"og:type\" content=\"article\" \/>\n<meta property=\"og:title\" content=\"White Happy Rabbits Wonderland zestaw naklejek - Dekornik\" \/>\n<meta property=\"og:description\" content=\"Radosne bia\u0142e kr\u00f3liczki w lekko angielskim stylu \u2013 8 figurek w figlarnych, niemal naturalnych rozmiarach. Idealny zestaw, kt\u00f3ry wprowadzi lekko\u015b\u0107 i urok do pokoju malucha, nie przyt\u0142aczaj\u0105c wystroju.To szybki spos\u00f3b na dekoracj\u0119 bez decyzji o tapecie \u2014 idealny do mieszka\u0144 wynajmowanych i szybkich metamorfoz. \u0141atwo \u0142\u0105cz\u0105 si\u0119 z g\u0142adkimi tekstyliami i meblami z naturalnego drewna. Drukowane na specjalnym, tkanym materiale poliestrowym przeznaczonym do dekoracji \u015bcian (sprawdzona baza naklejek Dekornik!)\" \/>\n<meta property=\"og:url\" content=\"https:\/\/dekornik.com\/pl\/produkt\/white-happy-rabbits-wonderland-zestaw-naklejek\/\" \/>\n<meta property=\"og:site_name\" content=\"Dekornik\" \/>\n<meta property=\"article:publisher\" content=\"https:\/\/www.facebook.com\/DEKORNIK\/\" \/>\n<meta property=\"article:modified_time\" content=\"2026-04-09T05:52:13+00:00\" \/>\n<meta property=\"og:image\" content=\"https:\/\/dekornik.com\/wp-content\/uploads\/2025\/08\/krolisie-biale-DOCEL.jpg\" \/>\n\t<meta property=\"og:image:width\" content=\"1200\" \/>\n\t<meta property=\"og:image:height\" content=\"1200\" \/>\n\t<meta property=\"og:image:type\" content=\"image\/jpeg\" \/>\n<script type=\"application\/ld+json\" class=\"yoast-schema-graph\">{\"@context\":\"https:\\\/\\\/schema.org\",\"@graph\":[{\"@type\":\"WebPage\",\"@id\":\"https:\\\/\\\/dekornik.com\\\/pl\\\/produkt\\\/white-happy-rabbits-wonderland-zestaw-naklejek\\\/\",\"url\":\"https:\\\/\\\/dekornik.com\\\/pl\\\/produkt\\\/white-happy-rabbits-wonderland-zestaw-naklejek\\\/\",\"name\":\"White Happy Rabbits Wonderland zestaw naklejek - Dekornik\",\"isPartOf\":{\"@id\":\"https:\\\/\\\/dekornik.com\\\/pl\\\/#website\"},\"primaryImageOfPage\":{\"@id\":\"https:\\\/\\\/dekornik.com\\\/pl\\\/produkt\\\/white-happy-rabbits-wonderland-zestaw-naklejek\\\/#primaryimage\"},\"image\":{\"@id\":\"https:\\\/\\\/dekornik.com\\\/pl\\\/produkt\\\/white-happy-rabbits-wonderland-zestaw-naklejek\\\/#primaryimage\"},\"thumbnailUrl\":\"https:\\\/\\\/dekornik.com\\\/wp-content\\\/uploads\\\/2025\\\/08\\\/krolisie-biale-DOCEL.jpg\",\"datePublished\":\"2025-10-02T11:18:30+00:00\",\"dateModified\":\"2026-04-09T05:52:13+00:00\",\"breadcrumb\":{\"@id\":\"https:\\\/\\\/dekornik.com\\\/pl\\\/produkt\\\/white-happy-rabbits-wonderland-zestaw-naklejek\\\/#breadcrumb\"},\"inLanguage\":\"pl-PL\",\"potentialAction\":[{\"@type\":\"ReadAction\",\"target\":[\"https:\\\/\\\/dekornik.com\\\/pl\\\/produkt\\\/white-happy-rabbits-wonderland-zestaw-naklejek\\\/\"]}]},{\"@type\":\"ImageObject\",\"inLanguage\":\"pl-PL\",\"@id\":\"https:\\\/\\\/dekornik.com\\\/pl\\\/produkt\\\/white-happy-rabbits-wonderland-zestaw-naklejek\\\/#primaryimage\",\"url\":\"https:\\\/\\\/dekornik.com\\\/wp-content\\\/uploads\\\/2025\\\/08\\\/krolisie-biale-DOCEL.jpg\",\"contentUrl\":\"https:\\\/\\\/dekornik.com\\\/wp-content\\\/uploads\\\/2025\\\/08\\\/krolisie-biale-DOCEL.jpg\",\"width\":1200,\"height\":1200},{\"@type\":\"BreadcrumbList\",\"@id\":\"https:\\\/\\\/dekornik.com\\\/pl\\\/produkt\\\/white-happy-rabbits-wonderland-zestaw-naklejek\\\/#breadcrumb\",\"itemListElement\":[{\"@type\":\"ListItem\",\"position\":1,\"name\":\"Home\",\"item\":\"https:\\\/\\\/dekornik.com\\\/pl\\\/\"},{\"@type\":\"ListItem\",\"position\":2,\"name\":\"Sklep\",\"item\":\"https:\\\/\\\/dekornik.com\\\/pl\\\/sklep\\\/\"},{\"@type\":\"ListItem\",\"position\":3,\"name\":\"White Happy Rabbits Wonderland zestaw naklejek\"}]},{\"@type\":\"WebSite\",\"@id\":\"https:\\\/\\\/dekornik.com\\\/pl\\\/#website\",\"url\":\"https:\\\/\\\/dekornik.com\\\/pl\\\/\",\"name\":\"Dekornik\",\"description\":\"Your little one will love it\\\\!\",\"publisher\":{\"@id\":\"https:\\\/\\\/dekornik.com\\\/pl\\\/#organization\"},\"potentialAction\":[{\"@type\":\"SearchAction\",\"target\":{\"@type\":\"EntryPoint\",\"urlTemplate\":\"https:\\\/\\\/dekornik.com\\\/pl\\\/?s={search_term_string}\"},\"query-input\":{\"@type\":\"PropertyValueSpecification\",\"valueRequired\":true,\"valueName\":\"search_term_string\"}}],\"inLanguage\":\"pl-PL\"},{\"@type\":\"Organization\",\"@id\":\"https:\\\/\\\/dekornik.com\\\/pl\\\/#organization\",\"name\":\"Dekornik sp. z o.o.\",\"url\":\"https:\\\/\\\/dekornik.com\\\/pl\\\/\",\"logo\":{\"@type\":\"ImageObject\",\"inLanguage\":\"pl-PL\",\"@id\":\"https:\\\/\\\/dekornik.com\\\/pl\\\/#\\\/schema\\\/logo\\\/image\\\/\",\"url\":\"http:\\\/\\\/dekornik.com\\\/wp-content\\\/uploads\\\/2026\\\/01\\\/logo_dekornik-01-1.svg\",\"contentUrl\":\"http:\\\/\\\/dekornik.com\\\/wp-content\\\/uploads\\\/2026\\\/01\\\/logo_dekornik-01-1.svg\",\"width\":\"1024\",\"height\":\"1024\",\"caption\":\"Dekornik sp. z o.o.\"},\"image\":{\"@id\":\"https:\\\/\\\/dekornik.com\\\/pl\\\/#\\\/schema\\\/logo\\\/image\\\/\"},\"sameAs\":[\"https:\\\/\\\/www.facebook.com\\\/DEKORNIK\\\/\",\"https:\\\/\\\/instagram.com\\\/dekornik\",\"https:\\\/\\\/www.pinterest.com\\\/dekornikcom\\\/\"]}]}<\/script>\n<!-- \/ Yoast SEO plugin. -->","yoast_head_json":{"title":"White Happy Rabbits Wonderland zestaw naklejek - Dekornik","robots":{"index":"index","follow":"follow","max-snippet":"max-snippet:-1","max-image-preview":"max-image-preview:large","max-video-preview":"max-video-preview:-1"},"canonical":"https:\/\/dekornik.com\/pl\/produkt\/white-happy-rabbits-wonderland-zestaw-naklejek\/","og_locale":"pl_PL","og_type":"article","og_title":"White Happy Rabbits Wonderland zestaw naklejek - Dekornik","og_description":"Radosne bia\u0142e kr\u00f3liczki w lekko angielskim stylu \u2013 8 figurek w figlarnych, niemal naturalnych rozmiarach. Idealny zestaw, kt\u00f3ry wprowadzi lekko\u015b\u0107 i urok do pokoju malucha, nie przyt\u0142aczaj\u0105c wystroju.To szybki spos\u00f3b na dekoracj\u0119 bez decyzji o tapecie \u2014 idealny do mieszka\u0144 wynajmowanych i szybkich metamorfoz. \u0141atwo \u0142\u0105cz\u0105 si\u0119 z g\u0142adkimi tekstyliami i meblami z naturalnego drewna. Drukowane na specjalnym, tkanym materiale poliestrowym przeznaczonym do dekoracji \u015bcian (sprawdzona baza naklejek Dekornik!)","og_url":"https:\/\/dekornik.com\/pl\/produkt\/white-happy-rabbits-wonderland-zestaw-naklejek\/","og_site_name":"Dekornik","article_publisher":"https:\/\/www.facebook.com\/DEKORNIK\/","article_modified_time":"2026-04-09T05:52:13+00:00","og_image":[{"width":1200,"height":1200,"url":"https:\/\/dekornik.com\/wp-content\/uploads\/2025\/08\/krolisie-biale-DOCEL.jpg","type":"image\/jpeg"}],"schema":{"@context":"https:\/\/schema.org","@graph":[{"@type":"WebPage","@id":"https:\/\/dekornik.com\/pl\/produkt\/white-happy-rabbits-wonderland-zestaw-naklejek\/","url":"https:\/\/dekornik.com\/pl\/produkt\/white-happy-rabbits-wonderland-zestaw-naklejek\/","name":"White Happy Rabbits Wonderland zestaw naklejek - Dekornik","isPartOf":{"@id":"https:\/\/dekornik.com\/pl\/#website"},"primaryImageOfPage":{"@id":"https:\/\/dekornik.com\/pl\/produkt\/white-happy-rabbits-wonderland-zestaw-naklejek\/#primaryimage"},"image":{"@id":"https:\/\/dekornik.com\/pl\/produkt\/white-happy-rabbits-wonderland-zestaw-naklejek\/#primaryimage"},"thumbnailUrl":"https:\/\/dekornik.com\/wp-content\/uploads\/2025\/08\/krolisie-biale-DOCEL.jpg","datePublished":"2025-10-02T11:18:30+00:00","dateModified":"2026-04-09T05:52:13+00:00","breadcrumb":{"@id":"https:\/\/dekornik.com\/pl\/produkt\/white-happy-rabbits-wonderland-zestaw-naklejek\/#breadcrumb"},"inLanguage":"pl-PL","potentialAction":[{"@type":"ReadAction","target":["https:\/\/dekornik.com\/pl\/produkt\/white-happy-rabbits-wonderland-zestaw-naklejek\/"]}]},{"@type":"ImageObject","inLanguage":"pl-PL","@id":"https:\/\/dekornik.com\/pl\/produkt\/white-happy-rabbits-wonderland-zestaw-naklejek\/#primaryimage","url":"https:\/\/dekornik.com\/wp-content\/uploads\/2025\/08\/krolisie-biale-DOCEL.jpg","contentUrl":"https:\/\/dekornik.com\/wp-content\/uploads\/2025\/08\/krolisie-biale-DOCEL.jpg","width":1200,"height":1200},{"@type":"BreadcrumbList","@id":"https:\/\/dekornik.com\/pl\/produkt\/white-happy-rabbits-wonderland-zestaw-naklejek\/#breadcrumb","itemListElement":[{"@type":"ListItem","position":1,"name":"Home","item":"https:\/\/dekornik.com\/pl\/"},{"@type":"ListItem","position":2,"name":"Sklep","item":"https:\/\/dekornik.com\/pl\/sklep\/"},{"@type":"ListItem","position":3,"name":"White Happy Rabbits Wonderland zestaw naklejek"}]},{"@type":"WebSite","@id":"https:\/\/dekornik.com\/pl\/#website","url":"https:\/\/dekornik.com\/pl\/","name":"Dekornik","description":"Your little one will love it\\!","publisher":{"@id":"https:\/\/dekornik.com\/pl\/#organization"},"potentialAction":[{"@type":"SearchAction","target":{"@type":"EntryPoint","urlTemplate":"https:\/\/dekornik.com\/pl\/?s={search_term_string}"},"query-input":{"@type":"PropertyValueSpecification","valueRequired":true,"valueName":"search_term_string"}}],"inLanguage":"pl-PL"},{"@type":"Organization","@id":"https:\/\/dekornik.com\/pl\/#organization","name":"Dekornik sp. z o.o.","url":"https:\/\/dekornik.com\/pl\/","logo":{"@type":"ImageObject","inLanguage":"pl-PL","@id":"https:\/\/dekornik.com\/pl\/#\/schema\/logo\/image\/","url":"http:\/\/dekornik.com\/wp-content\/uploads\/2026\/01\/logo_dekornik-01-1.svg","contentUrl":"http:\/\/dekornik.com\/wp-content\/uploads\/2026\/01\/logo_dekornik-01-1.svg","width":"1024","height":"1024","caption":"Dekornik sp. z o.o."},"image":{"@id":"https:\/\/dekornik.com\/pl\/#\/schema\/logo\/image\/"},"sameAs":["https:\/\/www.facebook.com\/DEKORNIK\/","https:\/\/instagram.com\/dekornik","https:\/\/www.pinterest.com\/dekornikcom\/"]}]}},"_links":{"self":[{"href":"https:\/\/dekornik.com\/pl\/wp-json\/wp\/v2\/product\/8988","targetHints":{"allow":["GET"]}}],"collection":[{"href":"https:\/\/dekornik.com\/pl\/wp-json\/wp\/v2\/product"}],"about":[{"href":"https:\/\/dekornik.com\/pl\/wp-json\/wp\/v2\/types\/product"}],"replies":[{"embeddable":true,"href":"https:\/\/dekornik.com\/pl\/wp-json\/wp\/v2\/comments?post=8988"}],"wp:featuredmedia":[{"embeddable":true,"href":"https:\/\/dekornik.com\/pl\/wp-json\/wp\/v2\/media\/8989"}],"wp:attachment":[{"href":"https:\/\/dekornik.com\/pl\/wp-json\/wp\/v2\/media?parent=8988"}],"wp:term":[{"taxonomy":"product_brand","embeddable":true,"href":"https:\/\/dekornik.com\/pl\/wp-json\/wp\/v2\/product_brand?post=8988"},{"taxonomy":"product_cat","embeddable":true,"href":"https:\/\/dekornik.com\/pl\/wp-json\/wp\/v2\/product_cat?post=8988"},{"taxonomy":"product_tag","embeddable":true,"href":"https:\/\/dekornik.com\/pl\/wp-json\/wp\/v2\/product_tag?post=8988"}],"curies":[{"name":"wp","href":"https:\/\/api.w.org\/{rel}","templated":true}]}}