{"id":8978,"date":"2025-10-02T11:18:32","date_gmt":"2025-10-02T11:18:32","guid":{"rendered":"http:\/\/dekornik.com\/product\/little-mouse-street-set\/"},"modified":"2026-04-08T20:02:39","modified_gmt":"2026-04-08T20:02:39","slug":"little-mouse-street-zestaw-naklejek","status":"publish","type":"product","link":"https:\/\/dekornik.com\/pl\/produkt\/little-mouse-street-zestaw-naklejek\/","title":{"rendered":"Little Mouse Street zestaw naklejek"},"content":{"rendered":"<p>Siedem weso\u0142ych, pracowitych zwierz\u0105tek z Mouse Street \u017cyje w harmonii i rado\u015bci.<\/p>\n<p>W zestawie znajdziesz z\u0142ot\u0105 r\u0105czk\u0119, kuriera, studenta, piekarza, a nawet babci\u0119 karmi\u0105c\u0105 motyle! Historie, kt\u00f3re mo\u017cna stworzy\u0107 z naszymi myszkami, s\u0105 nieograniczone \u2013 wszystko zale\u017cy od Twojej wyobra\u017ani.<\/p>\n<p>Zestaw zawiera 7 myszek, z kt\u00f3rych ka\u017cda umieszczona jest na szablonie o wymiarach 32 \u00d7 32 cm. Ca\u0142o\u015b\u0107 zapakowana jest w estetyczne pude\u0142ko z okienkiem.<\/p>\n<p>Wi\u0119cej inspiracji znajdziesz na Instagramie: @54_metres, @amimami, @sidor.jolanta \u2013 zobacz, jak nasze myszki wygl\u0105daj\u0105 w prawdziwych wn\u0119trzach!<\/p>\n<p><strong>INFORMACJE TECHNICZNE:<\/strong><\/p>\n<p>Mario \u2013 z\u0142ota r\u0105czka: 31 cm z drabin\u0105<br \/>Paul \u2013 piekarz: 30 cm z bagietk\u0105<br \/>Mickey \u2013 kurier: 29 cm z rowerem<br \/>Greta \u2013 babcia: 27 cm<br \/>Mela \u2013 studentka: 31 cm z parasolk\u0105<br \/>Elon \u2013 marzyciel: 26 cm<br \/>Max \u2013 sportowiec: 30 cm z deskorolk\u0105<\/p>\n<p>Ka\u017cd\u0105 myszk\u0119 mo\u017cna przykleja\u0107 w dowolnej konfiguracji. Aplikacja jest wyj\u0105tkowo prosta \u2013 wystarczy zdj\u0105\u0107 naklejk\u0119 z dolnej warstwy i przyklei\u0107 na \u015bcian\u0119. Klej jest mocny, ale w oko\u0142o 70% przypadk\u00f3w naklejk\u0119 mo\u017cna p\u00f3\u017aniej zdj\u0105\u0107 bez uszkodzenia \u015bciany.<\/p>\n<p>Materia\u0142 naklejek posiada mocny klej akrylowy oraz funkcj\u0119 block-out, dzi\u0119ki kt\u00f3rej kolor \u015bciany nie prze\u015bwituje przez grafik\u0119.<\/p>\n<p>Naklejki maj\u0105 delikatn\u0105, niemal niewyczuwaln\u0105 struktur\u0119, kt\u00f3ra jednocze\u015bnie zapewnia doskona\u0142e odwzorowanie kolor\u00f3w \u2013 dzi\u0119ki temu postacie wygl\u0105daj\u0105 niemal jak \u017cywe.<\/p>\n<p>Materia\u0142 jest wyj\u0105tkowo \u0142atwy w aplikacji \u2013 klej dobrze trzyma, ale nie jest tak agresywny jak w przypadku folii reklamowych, kt\u00f3re przywieraj\u0105 natychmiast. Delikatna struktura powierzchni pozwala na lekkie zarysowania, cho\u0107 nie jest to \u0142atwe.<\/p>\n<p>Naklejki nie wymagaj\u0105 dodatkowej folii transportowej, kt\u00f3ra wcze\u015bniej by\u0142a standardem \u2013 dzi\u0119ki temu aplikacja jest prostsza i szybsza.<\/p>\n<p>Uwaga: przed przyklejeniem naklejek nale\u017cy dok\u0142adnie przygotowa\u0107 \u015bcian\u0119 \u2013 oczy\u015bci\u0107 j\u0105 z kurzu i t\u0142uszczu. Naklejki mo\u017cna aplikowa\u0107 dopiero po oko\u0142o 20 dniach od ostatniego malowania, aby zapewni\u0107 najlepsz\u0105 przyczepno\u015b\u0107.<\/p>\n","protected":false},"excerpt":{"rendered":"<p>Siedem weso\u0142ych myszek z Mouse Street wprowadzi do pokoju dzieci\u0119cego rado\u015b\u0107 i zabaw\u0119. Ka\u017cda z postaci \u2013 od piekarza po babci\u0119 Gret\u0119 \u2013 pozwala tworzy\u0107 niesko\u0144czone historie wed\u0142ug wyobra\u017ani malucha!<\/p>\n<p>To szybki spos\u00f3b na dekoracj\u0119 bez decyzji o tapecie \u2014 idealny do mieszka\u0144 wynajmowanych i szybkich metamorfoz. \u0141atwo \u0142\u0105cz\u0105 si\u0119 z g\u0142adkimi tekstyliami i meblami z naturalnego drewna. Drukowane na specjalnym, tkanym materiale poliestrowym przeznaczonym do dekoracji \u015bcian (sprawdzona baza naklejek Dekornik!).<\/p>\n","protected":false},"featured_media":8979,"comment_status":"open","ping_status":"closed","template":"","meta":{"inline_featured_image":false},"product_brand":[],"product_cat":[785,287],"product_tag":[694,696,701,707,735,738,743],"class_list":{"0":"post-8978","1":"product","2":"type-product","3":"status-publish","4":"has-post-thumbnail","6":"product_cat-naklejki","7":"product_cat-naklejki-scienne","8":"product_tag-butterfly-flutter-pl","9":"product_tag-classic-check-pl","10":"product_tag-corner-framing-pl","11":"product_tag-easy-diy-refresh-pl","12":"product_tag-pairs-with-wall-decals-pl","13":"product_tag-photo-ready-backdrop-pl","14":"product_tag-rental-friendly-idea-pl","16":"first","17":"instock","18":"sale","19":"taxable","20":"shipping-taxable","21":"purchasable","22":"product-type-simple"},"yoast_head":"<!-- This site is optimized with the Yoast SEO plugin v27.3 - https:\/\/yoast.com\/product\/yoast-seo-wordpress\/ -->\n<title>Little Mouse Street zestaw naklejek - Dekornik<\/title>\n<meta name=\"robots\" content=\"index, follow, max-snippet:-1, max-image-preview:large, max-video-preview:-1\" \/>\n<link rel=\"canonical\" href=\"https:\/\/dekornik.com\/pl\/produkt\/little-mouse-street-zestaw-naklejek\/\" \/>\n<meta property=\"og:locale\" content=\"pl_PL\" \/>\n<meta property=\"og:type\" content=\"article\" \/>\n<meta property=\"og:title\" content=\"Little Mouse Street zestaw naklejek - Dekornik\" \/>\n<meta property=\"og:description\" content=\"Siedem weso\u0142ych myszek z Mouse Street wprowadzi do pokoju dzieci\u0119cego rado\u015b\u0107 i zabaw\u0119. Ka\u017cda z postaci \u2013 od piekarza po babci\u0119 Gret\u0119 \u2013 pozwala tworzy\u0107 niesko\u0144czone historie wed\u0142ug wyobra\u017ani malucha!To szybki spos\u00f3b na dekoracj\u0119 bez decyzji o tapecie \u2014 idealny do mieszka\u0144 wynajmowanych i szybkich metamorfoz. \u0141atwo \u0142\u0105cz\u0105 si\u0119 z g\u0142adkimi tekstyliami i meblami z naturalnego drewna. Drukowane na specjalnym, tkanym materiale poliestrowym przeznaczonym do dekoracji \u015bcian (sprawdzona baza naklejek Dekornik!).\" \/>\n<meta property=\"og:url\" content=\"https:\/\/dekornik.com\/pl\/produkt\/little-mouse-street-zestaw-naklejek\/\" \/>\n<meta property=\"og:site_name\" content=\"Dekornik\" \/>\n<meta property=\"article:publisher\" content=\"https:\/\/www.facebook.com\/DEKORNIK\/\" \/>\n<meta property=\"article:modified_time\" content=\"2026-04-08T20:02:39+00:00\" \/>\n<meta property=\"og:image\" content=\"https:\/\/dekornik.com\/wp-content\/uploads\/2025\/10\/myszaki_3.jpg\" \/>\n\t<meta property=\"og:image:width\" content=\"1200\" \/>\n\t<meta property=\"og:image:height\" content=\"1200\" \/>\n\t<meta property=\"og:image:type\" content=\"image\/jpeg\" \/>\n<script type=\"application\/ld+json\" class=\"yoast-schema-graph\">{\"@context\":\"https:\\\/\\\/schema.org\",\"@graph\":[{\"@type\":\"WebPage\",\"@id\":\"https:\\\/\\\/dekornik.com\\\/pl\\\/produkt\\\/little-mouse-street-zestaw-naklejek\\\/\",\"url\":\"https:\\\/\\\/dekornik.com\\\/pl\\\/produkt\\\/little-mouse-street-zestaw-naklejek\\\/\",\"name\":\"Little Mouse Street zestaw naklejek - Dekornik\",\"isPartOf\":{\"@id\":\"https:\\\/\\\/dekornik.com\\\/pl\\\/#website\"},\"primaryImageOfPage\":{\"@id\":\"https:\\\/\\\/dekornik.com\\\/pl\\\/produkt\\\/little-mouse-street-zestaw-naklejek\\\/#primaryimage\"},\"image\":{\"@id\":\"https:\\\/\\\/dekornik.com\\\/pl\\\/produkt\\\/little-mouse-street-zestaw-naklejek\\\/#primaryimage\"},\"thumbnailUrl\":\"https:\\\/\\\/dekornik.com\\\/wp-content\\\/uploads\\\/2025\\\/10\\\/myszaki_3.jpg\",\"datePublished\":\"2025-10-02T11:18:32+00:00\",\"dateModified\":\"2026-04-08T20:02:39+00:00\",\"breadcrumb\":{\"@id\":\"https:\\\/\\\/dekornik.com\\\/pl\\\/produkt\\\/little-mouse-street-zestaw-naklejek\\\/#breadcrumb\"},\"inLanguage\":\"pl-PL\",\"potentialAction\":[{\"@type\":\"ReadAction\",\"target\":[\"https:\\\/\\\/dekornik.com\\\/pl\\\/produkt\\\/little-mouse-street-zestaw-naklejek\\\/\"]}]},{\"@type\":\"ImageObject\",\"inLanguage\":\"pl-PL\",\"@id\":\"https:\\\/\\\/dekornik.com\\\/pl\\\/produkt\\\/little-mouse-street-zestaw-naklejek\\\/#primaryimage\",\"url\":\"https:\\\/\\\/dekornik.com\\\/wp-content\\\/uploads\\\/2025\\\/10\\\/myszaki_3.jpg\",\"contentUrl\":\"https:\\\/\\\/dekornik.com\\\/wp-content\\\/uploads\\\/2025\\\/10\\\/myszaki_3.jpg\",\"width\":1200,\"height\":1200},{\"@type\":\"BreadcrumbList\",\"@id\":\"https:\\\/\\\/dekornik.com\\\/pl\\\/produkt\\\/little-mouse-street-zestaw-naklejek\\\/#breadcrumb\",\"itemListElement\":[{\"@type\":\"ListItem\",\"position\":1,\"name\":\"Home\",\"item\":\"https:\\\/\\\/dekornik.com\\\/pl\\\/\"},{\"@type\":\"ListItem\",\"position\":2,\"name\":\"Sklep\",\"item\":\"https:\\\/\\\/dekornik.com\\\/pl\\\/sklep\\\/\"},{\"@type\":\"ListItem\",\"position\":3,\"name\":\"Little Mouse Street zestaw naklejek\"}]},{\"@type\":\"WebSite\",\"@id\":\"https:\\\/\\\/dekornik.com\\\/pl\\\/#website\",\"url\":\"https:\\\/\\\/dekornik.com\\\/pl\\\/\",\"name\":\"Dekornik\",\"description\":\"Your little one will love it\\\\!\",\"publisher\":{\"@id\":\"https:\\\/\\\/dekornik.com\\\/pl\\\/#organization\"},\"potentialAction\":[{\"@type\":\"SearchAction\",\"target\":{\"@type\":\"EntryPoint\",\"urlTemplate\":\"https:\\\/\\\/dekornik.com\\\/pl\\\/?s={search_term_string}\"},\"query-input\":{\"@type\":\"PropertyValueSpecification\",\"valueRequired\":true,\"valueName\":\"search_term_string\"}}],\"inLanguage\":\"pl-PL\"},{\"@type\":\"Organization\",\"@id\":\"https:\\\/\\\/dekornik.com\\\/pl\\\/#organization\",\"name\":\"Dekornik sp. z o.o.\",\"url\":\"https:\\\/\\\/dekornik.com\\\/pl\\\/\",\"logo\":{\"@type\":\"ImageObject\",\"inLanguage\":\"pl-PL\",\"@id\":\"https:\\\/\\\/dekornik.com\\\/pl\\\/#\\\/schema\\\/logo\\\/image\\\/\",\"url\":\"http:\\\/\\\/dekornik.com\\\/wp-content\\\/uploads\\\/2026\\\/01\\\/logo_dekornik-01-1.svg\",\"contentUrl\":\"http:\\\/\\\/dekornik.com\\\/wp-content\\\/uploads\\\/2026\\\/01\\\/logo_dekornik-01-1.svg\",\"width\":\"1024\",\"height\":\"1024\",\"caption\":\"Dekornik sp. z o.o.\"},\"image\":{\"@id\":\"https:\\\/\\\/dekornik.com\\\/pl\\\/#\\\/schema\\\/logo\\\/image\\\/\"},\"sameAs\":[\"https:\\\/\\\/www.facebook.com\\\/DEKORNIK\\\/\",\"https:\\\/\\\/instagram.com\\\/dekornik\",\"https:\\\/\\\/www.pinterest.com\\\/dekornikcom\\\/\"]}]}<\/script>\n<!-- \/ Yoast SEO plugin. -->","yoast_head_json":{"title":"Little Mouse Street zestaw naklejek - Dekornik","robots":{"index":"index","follow":"follow","max-snippet":"max-snippet:-1","max-image-preview":"max-image-preview:large","max-video-preview":"max-video-preview:-1"},"canonical":"https:\/\/dekornik.com\/pl\/produkt\/little-mouse-street-zestaw-naklejek\/","og_locale":"pl_PL","og_type":"article","og_title":"Little Mouse Street zestaw naklejek - Dekornik","og_description":"Siedem weso\u0142ych myszek z Mouse Street wprowadzi do pokoju dzieci\u0119cego rado\u015b\u0107 i zabaw\u0119. Ka\u017cda z postaci \u2013 od piekarza po babci\u0119 Gret\u0119 \u2013 pozwala tworzy\u0107 niesko\u0144czone historie wed\u0142ug wyobra\u017ani malucha!To szybki spos\u00f3b na dekoracj\u0119 bez decyzji o tapecie \u2014 idealny do mieszka\u0144 wynajmowanych i szybkich metamorfoz. \u0141atwo \u0142\u0105cz\u0105 si\u0119 z g\u0142adkimi tekstyliami i meblami z naturalnego drewna. Drukowane na specjalnym, tkanym materiale poliestrowym przeznaczonym do dekoracji \u015bcian (sprawdzona baza naklejek Dekornik!).","og_url":"https:\/\/dekornik.com\/pl\/produkt\/little-mouse-street-zestaw-naklejek\/","og_site_name":"Dekornik","article_publisher":"https:\/\/www.facebook.com\/DEKORNIK\/","article_modified_time":"2026-04-08T20:02:39+00:00","og_image":[{"width":1200,"height":1200,"url":"https:\/\/dekornik.com\/wp-content\/uploads\/2025\/10\/myszaki_3.jpg","type":"image\/jpeg"}],"schema":{"@context":"https:\/\/schema.org","@graph":[{"@type":"WebPage","@id":"https:\/\/dekornik.com\/pl\/produkt\/little-mouse-street-zestaw-naklejek\/","url":"https:\/\/dekornik.com\/pl\/produkt\/little-mouse-street-zestaw-naklejek\/","name":"Little Mouse Street zestaw naklejek - Dekornik","isPartOf":{"@id":"https:\/\/dekornik.com\/pl\/#website"},"primaryImageOfPage":{"@id":"https:\/\/dekornik.com\/pl\/produkt\/little-mouse-street-zestaw-naklejek\/#primaryimage"},"image":{"@id":"https:\/\/dekornik.com\/pl\/produkt\/little-mouse-street-zestaw-naklejek\/#primaryimage"},"thumbnailUrl":"https:\/\/dekornik.com\/wp-content\/uploads\/2025\/10\/myszaki_3.jpg","datePublished":"2025-10-02T11:18:32+00:00","dateModified":"2026-04-08T20:02:39+00:00","breadcrumb":{"@id":"https:\/\/dekornik.com\/pl\/produkt\/little-mouse-street-zestaw-naklejek\/#breadcrumb"},"inLanguage":"pl-PL","potentialAction":[{"@type":"ReadAction","target":["https:\/\/dekornik.com\/pl\/produkt\/little-mouse-street-zestaw-naklejek\/"]}]},{"@type":"ImageObject","inLanguage":"pl-PL","@id":"https:\/\/dekornik.com\/pl\/produkt\/little-mouse-street-zestaw-naklejek\/#primaryimage","url":"https:\/\/dekornik.com\/wp-content\/uploads\/2025\/10\/myszaki_3.jpg","contentUrl":"https:\/\/dekornik.com\/wp-content\/uploads\/2025\/10\/myszaki_3.jpg","width":1200,"height":1200},{"@type":"BreadcrumbList","@id":"https:\/\/dekornik.com\/pl\/produkt\/little-mouse-street-zestaw-naklejek\/#breadcrumb","itemListElement":[{"@type":"ListItem","position":1,"name":"Home","item":"https:\/\/dekornik.com\/pl\/"},{"@type":"ListItem","position":2,"name":"Sklep","item":"https:\/\/dekornik.com\/pl\/sklep\/"},{"@type":"ListItem","position":3,"name":"Little Mouse Street zestaw naklejek"}]},{"@type":"WebSite","@id":"https:\/\/dekornik.com\/pl\/#website","url":"https:\/\/dekornik.com\/pl\/","name":"Dekornik","description":"Your little one will love it\\!","publisher":{"@id":"https:\/\/dekornik.com\/pl\/#organization"},"potentialAction":[{"@type":"SearchAction","target":{"@type":"EntryPoint","urlTemplate":"https:\/\/dekornik.com\/pl\/?s={search_term_string}"},"query-input":{"@type":"PropertyValueSpecification","valueRequired":true,"valueName":"search_term_string"}}],"inLanguage":"pl-PL"},{"@type":"Organization","@id":"https:\/\/dekornik.com\/pl\/#organization","name":"Dekornik sp. z o.o.","url":"https:\/\/dekornik.com\/pl\/","logo":{"@type":"ImageObject","inLanguage":"pl-PL","@id":"https:\/\/dekornik.com\/pl\/#\/schema\/logo\/image\/","url":"http:\/\/dekornik.com\/wp-content\/uploads\/2026\/01\/logo_dekornik-01-1.svg","contentUrl":"http:\/\/dekornik.com\/wp-content\/uploads\/2026\/01\/logo_dekornik-01-1.svg","width":"1024","height":"1024","caption":"Dekornik sp. z o.o."},"image":{"@id":"https:\/\/dekornik.com\/pl\/#\/schema\/logo\/image\/"},"sameAs":["https:\/\/www.facebook.com\/DEKORNIK\/","https:\/\/instagram.com\/dekornik","https:\/\/www.pinterest.com\/dekornikcom\/"]}]}},"_links":{"self":[{"href":"https:\/\/dekornik.com\/pl\/wp-json\/wp\/v2\/product\/8978","targetHints":{"allow":["GET"]}}],"collection":[{"href":"https:\/\/dekornik.com\/pl\/wp-json\/wp\/v2\/product"}],"about":[{"href":"https:\/\/dekornik.com\/pl\/wp-json\/wp\/v2\/types\/product"}],"replies":[{"embeddable":true,"href":"https:\/\/dekornik.com\/pl\/wp-json\/wp\/v2\/comments?post=8978"}],"wp:featuredmedia":[{"embeddable":true,"href":"https:\/\/dekornik.com\/pl\/wp-json\/wp\/v2\/media\/8979"}],"wp:attachment":[{"href":"https:\/\/dekornik.com\/pl\/wp-json\/wp\/v2\/media?parent=8978"}],"wp:term":[{"taxonomy":"product_brand","embeddable":true,"href":"https:\/\/dekornik.com\/pl\/wp-json\/wp\/v2\/product_brand?post=8978"},{"taxonomy":"product_cat","embeddable":true,"href":"https:\/\/dekornik.com\/pl\/wp-json\/wp\/v2\/product_cat?post=8978"},{"taxonomy":"product_tag","embeddable":true,"href":"https:\/\/dekornik.com\/pl\/wp-json\/wp\/v2\/product_tag?post=8978"}],"curies":[{"name":"wp","href":"https:\/\/api.w.org\/{rel}","templated":true}]}}