{"id":8948,"date":"2025-10-02T11:18:47","date_gmt":"2025-10-02T11:18:47","guid":{"rendered":"http:\/\/dekornik.com\/product\/sky-is-the-limit-balloons-set\/"},"modified":"2026-04-08T20:54:01","modified_gmt":"2026-04-08T20:54:01","slug":"sky-is-the-limit-baloons-zestaw-naklejek","status":"publish","type":"product","link":"https:\/\/dekornik.com\/pl\/produkt\/sky-is-the-limit-baloons-zestaw-naklejek\/","title":{"rendered":"Sky Is The Limit Baloons zestaw naklejek"},"content":{"rendered":"<p>Sky is the Limit to zestaw siedmiu du\u017cych element\u00f3w, kt\u00f3re wprowadzaj\u0105 do pokoju atmosfer\u0119 przygody, magii i podr\u00f3\u017cy oraz poczucie niesko\u0144czonych mo\u017cliwo\u015bci. Wybrane przez nas francuskie kolory \u2013 czerwony, bia\u0142y i niebieski \u2013 nadaj\u0105 naklejkom klasyczny, elegancki charakter, unikaj\u0105c dzieci\u0119cej, bajkowej stylistyki.<\/p>\n<p>To idealny zestaw nad \u0142\u00f3\u017ckiem ch\u0142opca, kt\u00f3ry pobudza wyobra\u017ani\u0119 i sprzyja pi\u0119knym snom.<\/p>\n<p><strong>INFORMACJE TECHNICZNE:<\/strong><\/p>\n<p>Szablony dost\u0119pne s\u0105 w dw\u00f3ch rozmiarach (szeroko\u015b\u0107 \u00d7 wysoko\u015b\u0107):<br \/>Rozmiar S: 85 cm \u00d7 70 cm<br \/>Rozmiar L: 120 cm \u00d7 100 cm<\/p>\n<p>Rozmiar S polecamy osobom, kt\u00f3re chc\u0105 udekorowa\u0107 \u015bcian\u0119 nad meblami \u2013 np. nad \u0142\u00f3\u017ceczkiem lub przewijakiem. Taki zestaw spokojnie wystarczy do ozdobienia \u015bciany o szeroko\u015bci ok. 1,5 m. Je\u015bli jednak chcemy przyozdobi\u0107 szersz\u0105 \u015bcian\u0119 (np. stoj\u0105c\u0105 obok \u0142\u00f3\u017ceczka i przewijaka), lepiej wybra\u0107 rozmiar L. R\u00f3\u017cnica w cenie jest niewielka, a efekt wi\u0119kszego szablonu jest naprawd\u0119 spektakularny!<\/p>\n<p>Elementy w szablonie S:<br \/>Najwi\u0119kszy balon, granatowy z wst\u0105\u017ck\u0105: 26 cm \u00d7 42 cm<br \/>Najmniejszy balon granatowo-bia\u0142y w paski: 14 cm \u00d7 21 cm<br \/>Sterowiec: 43 cm \u00d7 19 cm<br \/>Statek z latarni\u0105: 24 cm \u00d7 24 cm<\/p>\n<p>Elementy w szablonie L:<br \/>Najwi\u0119kszy balon, granatowy z wst\u0105\u017ck\u0105: 39 cm \u00d7 63 cm<br \/>Najmniejszy balon granatowo-bia\u0142y w paski: 20 cm \u00d7 32 cm<br \/>Sterowiec: 64 cm \u00d7 28 cm<br \/>Statek z latarni\u0105: 35 cm \u00d7 35 cm<\/p>\n<p>Wa\u017cne: naklejki nie maj\u0105 jasnej obw\u00f3dki, dzi\u0119ki czemu wszystkie elementy mo\u017cna przykleja\u0107 na \u015bciany w dowolnym kolorze. Ze wzgl\u0119du na dob\u00f3r barw polecamy jednak balony raczej na jasne \u015bciany! Jedynymi elementami, kt\u00f3re maj\u0105 wyra\u017any kontur, s\u0105 liny \u2013 s\u0105 zbyt delikatne, aby oderwa\u0107 je od szablonu i przyklei\u0107 ponownie. Dlatego przestrzenie mi\u0119dzy nimi nale\u017cy wype\u0142ni\u0107 biel\u0105.<\/p>\n<p>Naklejki nie wymagaj\u0105 te\u017c tzw. transportowej folii dodatkowej, kt\u00f3ra do tej pory by\u0142a konieczna przy produkcji wszystkich naklejek. Prostota aplikacji na naszym materiale pozwala pomin\u0105\u0107 ten dodatkowy, cz\u0119sto zb\u0119dny etap.<\/p>\n<p>Przed przyklejeniem naklejki \u2013 na dowolny rodzaj \u015bciany \u2013 prosimy o dok\u0142adne przygotowanie powierzchni i oczyszczenie jej z kurzu lub t\u0142uszczu. Naklejki mo\u017cna przykleja\u0107 dopiero po oko\u0142o 20 dniach od ostatniego malowania.<\/p>\n<p>Materia\u0142 ma mocny klej na bazie akrylu oraz tzw. funkcj\u0119 \u201eblock-out\u201d, dzi\u0119ki kt\u00f3rej \u017caden kolor \u015bciany nie przebija przez naklejk\u0119.<\/p>\n<p>Naklejka ma delikatn\u0105 struktur\u0119, ledwo wyczuwaln\u0105 (jak sam materia\u0142), a to w\u0142a\u015bnie ona zapewnia silne i pi\u0119kne odwzorowanie kolor\u00f3w \u2013 idealne np. przy zwierz\u0119tach, kt\u00f3re wygl\u0105daj\u0105 dzi\u0119ki temu jak \u017cywe!<\/p>\n","protected":false},"excerpt":{"rendered":"<p>Sky is The Limit Baloons to naklejki \u015bcienne z balonami i sterowcami w pastelowych, francuskich kolorach, kt\u00f3re wprowadzaj\u0105 do pokoju atmosfer\u0119 przygody i magii. Dzi\u0119ki r\u00f3\u017cnym rozmiarom element\u00f3w mo\u017cna \u0142atwo stworzy\u0107 efektown\u0105 dekoracj\u0119 nad \u0142\u00f3\u017ceczkiem lub przewijakiem, kt\u00f3ra wygl\u0105da jak miniaturka nieba.<\/p>\n<p>To szybki spos\u00f3b na dekoracj\u0119 bez decyzji o tapecie \u2014 idealny do mieszka\u0144 wynajmowanych i szybkich metamorfoz. \u0141atwo \u0142\u0105cz\u0105 si\u0119 z g\u0142adkimi tekstyliami i meblami z naturalnego drewna. Drukowane na specjalnym, tkanym materiale poliestrowym przeznaczonym do dekoracji \u015bcian (sprawdzona baza naklejek Dekornik!).<\/p>\n","protected":false},"featured_media":8949,"comment_status":"open","ping_status":"closed","template":"","meta":{"inline_featured_image":false},"product_brand":[],"product_cat":[785,287],"product_tag":[688,701,707,735,738,743,749,753,757],"class_list":{"0":"post-8948","1":"product","2":"type-product","3":"status-publish","4":"has-post-thumbnail","6":"product_cat-naklejki","7":"product_cat-naklejki-scienne","8":"product_tag-balloon-parade-pl","9":"product_tag-corner-framing-pl","10":"product_tag-easy-diy-refresh-pl","11":"product_tag-pairs-with-wall-decals-pl","12":"product_tag-photo-ready-backdrop-pl","13":"product_tag-rental-friendly-idea-pl","14":"product_tag-space-adventure-pl","15":"product_tag-stripe-rhythm-pl","16":"product_tag-vehicles-club-pl","18":"first","19":"instock","20":"sale","21":"taxable","22":"shipping-taxable","23":"purchasable","24":"product-type-variable"},"yoast_head":"<!-- This site is optimized with the Yoast SEO plugin v27.3 - https:\/\/yoast.com\/product\/yoast-seo-wordpress\/ -->\n<title>Sky Is The Limit Baloons zestaw naklejek - Dekornik<\/title>\n<meta name=\"robots\" content=\"index, follow, max-snippet:-1, max-image-preview:large, max-video-preview:-1\" \/>\n<link rel=\"canonical\" href=\"https:\/\/dekornik.com\/pl\/produkt\/sky-is-the-limit-baloons-zestaw-naklejek\/\" \/>\n<meta property=\"og:locale\" content=\"pl_PL\" \/>\n<meta property=\"og:type\" content=\"article\" \/>\n<meta property=\"og:title\" content=\"Sky Is The Limit Baloons zestaw naklejek - Dekornik\" \/>\n<meta property=\"og:description\" content=\"Sky is The Limit Baloons to naklejki \u015bcienne z balonami i sterowcami w pastelowych, francuskich kolorach, kt\u00f3re wprowadzaj\u0105 do pokoju atmosfer\u0119 przygody i magii. Dzi\u0119ki r\u00f3\u017cnym rozmiarom element\u00f3w mo\u017cna \u0142atwo stworzy\u0107 efektown\u0105 dekoracj\u0119 nad \u0142\u00f3\u017ceczkiem lub przewijakiem, kt\u00f3ra wygl\u0105da jak miniaturka nieba.To szybki spos\u00f3b na dekoracj\u0119 bez decyzji o tapecie \u2014 idealny do mieszka\u0144 wynajmowanych i szybkich metamorfoz. \u0141atwo \u0142\u0105cz\u0105 si\u0119 z g\u0142adkimi tekstyliami i meblami z naturalnego drewna. Drukowane na specjalnym, tkanym materiale poliestrowym przeznaczonym do dekoracji \u015bcian (sprawdzona baza naklejek Dekornik!).\" \/>\n<meta property=\"og:url\" content=\"https:\/\/dekornik.com\/pl\/produkt\/sky-is-the-limit-baloons-zestaw-naklejek\/\" \/>\n<meta property=\"og:site_name\" content=\"Dekornik\" \/>\n<meta property=\"article:publisher\" content=\"https:\/\/www.facebook.com\/DEKORNIK\/\" \/>\n<meta property=\"article:modified_time\" content=\"2026-04-08T20:54:01+00:00\" \/>\n<meta property=\"og:image\" content=\"https:\/\/dekornik.com\/wp-content\/uploads\/2025\/10\/DSC_0951_BALONY.jpg\" \/>\n\t<meta property=\"og:image:width\" content=\"1200\" \/>\n\t<meta property=\"og:image:height\" content=\"1200\" \/>\n\t<meta property=\"og:image:type\" content=\"image\/jpeg\" \/>\n<script type=\"application\/ld+json\" class=\"yoast-schema-graph\">{\"@context\":\"https:\\\/\\\/schema.org\",\"@graph\":[{\"@type\":\"WebPage\",\"@id\":\"https:\\\/\\\/dekornik.com\\\/pl\\\/produkt\\\/sky-is-the-limit-baloons-zestaw-naklejek\\\/\",\"url\":\"https:\\\/\\\/dekornik.com\\\/pl\\\/produkt\\\/sky-is-the-limit-baloons-zestaw-naklejek\\\/\",\"name\":\"Sky Is The Limit Baloons zestaw naklejek - Dekornik\",\"isPartOf\":{\"@id\":\"https:\\\/\\\/dekornik.com\\\/pl\\\/#website\"},\"primaryImageOfPage\":{\"@id\":\"https:\\\/\\\/dekornik.com\\\/pl\\\/produkt\\\/sky-is-the-limit-baloons-zestaw-naklejek\\\/#primaryimage\"},\"image\":{\"@id\":\"https:\\\/\\\/dekornik.com\\\/pl\\\/produkt\\\/sky-is-the-limit-baloons-zestaw-naklejek\\\/#primaryimage\"},\"thumbnailUrl\":\"https:\\\/\\\/dekornik.com\\\/wp-content\\\/uploads\\\/2025\\\/10\\\/DSC_0951_BALONY.jpg\",\"datePublished\":\"2025-10-02T11:18:47+00:00\",\"dateModified\":\"2026-04-08T20:54:01+00:00\",\"breadcrumb\":{\"@id\":\"https:\\\/\\\/dekornik.com\\\/pl\\\/produkt\\\/sky-is-the-limit-baloons-zestaw-naklejek\\\/#breadcrumb\"},\"inLanguage\":\"pl-PL\",\"potentialAction\":[{\"@type\":\"ReadAction\",\"target\":[\"https:\\\/\\\/dekornik.com\\\/pl\\\/produkt\\\/sky-is-the-limit-baloons-zestaw-naklejek\\\/\"]}]},{\"@type\":\"ImageObject\",\"inLanguage\":\"pl-PL\",\"@id\":\"https:\\\/\\\/dekornik.com\\\/pl\\\/produkt\\\/sky-is-the-limit-baloons-zestaw-naklejek\\\/#primaryimage\",\"url\":\"https:\\\/\\\/dekornik.com\\\/wp-content\\\/uploads\\\/2025\\\/10\\\/DSC_0951_BALONY.jpg\",\"contentUrl\":\"https:\\\/\\\/dekornik.com\\\/wp-content\\\/uploads\\\/2025\\\/10\\\/DSC_0951_BALONY.jpg\",\"width\":1200,\"height\":1200},{\"@type\":\"BreadcrumbList\",\"@id\":\"https:\\\/\\\/dekornik.com\\\/pl\\\/produkt\\\/sky-is-the-limit-baloons-zestaw-naklejek\\\/#breadcrumb\",\"itemListElement\":[{\"@type\":\"ListItem\",\"position\":1,\"name\":\"Home\",\"item\":\"https:\\\/\\\/dekornik.com\\\/pl\\\/\"},{\"@type\":\"ListItem\",\"position\":2,\"name\":\"Sklep\",\"item\":\"https:\\\/\\\/dekornik.com\\\/pl\\\/sklep\\\/\"},{\"@type\":\"ListItem\",\"position\":3,\"name\":\"Sky Is The Limit Baloons zestaw naklejek\"}]},{\"@type\":\"WebSite\",\"@id\":\"https:\\\/\\\/dekornik.com\\\/pl\\\/#website\",\"url\":\"https:\\\/\\\/dekornik.com\\\/pl\\\/\",\"name\":\"Dekornik\",\"description\":\"Your little one will love it\\\\!\",\"publisher\":{\"@id\":\"https:\\\/\\\/dekornik.com\\\/pl\\\/#organization\"},\"potentialAction\":[{\"@type\":\"SearchAction\",\"target\":{\"@type\":\"EntryPoint\",\"urlTemplate\":\"https:\\\/\\\/dekornik.com\\\/pl\\\/?s={search_term_string}\"},\"query-input\":{\"@type\":\"PropertyValueSpecification\",\"valueRequired\":true,\"valueName\":\"search_term_string\"}}],\"inLanguage\":\"pl-PL\"},{\"@type\":\"Organization\",\"@id\":\"https:\\\/\\\/dekornik.com\\\/pl\\\/#organization\",\"name\":\"Dekornik sp. z o.o.\",\"url\":\"https:\\\/\\\/dekornik.com\\\/pl\\\/\",\"logo\":{\"@type\":\"ImageObject\",\"inLanguage\":\"pl-PL\",\"@id\":\"https:\\\/\\\/dekornik.com\\\/pl\\\/#\\\/schema\\\/logo\\\/image\\\/\",\"url\":\"http:\\\/\\\/dekornik.com\\\/wp-content\\\/uploads\\\/2026\\\/01\\\/logo_dekornik-01-1.svg\",\"contentUrl\":\"http:\\\/\\\/dekornik.com\\\/wp-content\\\/uploads\\\/2026\\\/01\\\/logo_dekornik-01-1.svg\",\"width\":\"1024\",\"height\":\"1024\",\"caption\":\"Dekornik sp. z o.o.\"},\"image\":{\"@id\":\"https:\\\/\\\/dekornik.com\\\/pl\\\/#\\\/schema\\\/logo\\\/image\\\/\"},\"sameAs\":[\"https:\\\/\\\/www.facebook.com\\\/DEKORNIK\\\/\",\"https:\\\/\\\/instagram.com\\\/dekornik\",\"https:\\\/\\\/www.pinterest.com\\\/dekornikcom\\\/\"]}]}<\/script>\n<!-- \/ Yoast SEO plugin. -->","yoast_head_json":{"title":"Sky Is The Limit Baloons zestaw naklejek - Dekornik","robots":{"index":"index","follow":"follow","max-snippet":"max-snippet:-1","max-image-preview":"max-image-preview:large","max-video-preview":"max-video-preview:-1"},"canonical":"https:\/\/dekornik.com\/pl\/produkt\/sky-is-the-limit-baloons-zestaw-naklejek\/","og_locale":"pl_PL","og_type":"article","og_title":"Sky Is The Limit Baloons zestaw naklejek - Dekornik","og_description":"Sky is The Limit Baloons to naklejki \u015bcienne z balonami i sterowcami w pastelowych, francuskich kolorach, kt\u00f3re wprowadzaj\u0105 do pokoju atmosfer\u0119 przygody i magii. Dzi\u0119ki r\u00f3\u017cnym rozmiarom element\u00f3w mo\u017cna \u0142atwo stworzy\u0107 efektown\u0105 dekoracj\u0119 nad \u0142\u00f3\u017ceczkiem lub przewijakiem, kt\u00f3ra wygl\u0105da jak miniaturka nieba.To szybki spos\u00f3b na dekoracj\u0119 bez decyzji o tapecie \u2014 idealny do mieszka\u0144 wynajmowanych i szybkich metamorfoz. \u0141atwo \u0142\u0105cz\u0105 si\u0119 z g\u0142adkimi tekstyliami i meblami z naturalnego drewna. Drukowane na specjalnym, tkanym materiale poliestrowym przeznaczonym do dekoracji \u015bcian (sprawdzona baza naklejek Dekornik!).","og_url":"https:\/\/dekornik.com\/pl\/produkt\/sky-is-the-limit-baloons-zestaw-naklejek\/","og_site_name":"Dekornik","article_publisher":"https:\/\/www.facebook.com\/DEKORNIK\/","article_modified_time":"2026-04-08T20:54:01+00:00","og_image":[{"width":1200,"height":1200,"url":"https:\/\/dekornik.com\/wp-content\/uploads\/2025\/10\/DSC_0951_BALONY.jpg","type":"image\/jpeg"}],"schema":{"@context":"https:\/\/schema.org","@graph":[{"@type":"WebPage","@id":"https:\/\/dekornik.com\/pl\/produkt\/sky-is-the-limit-baloons-zestaw-naklejek\/","url":"https:\/\/dekornik.com\/pl\/produkt\/sky-is-the-limit-baloons-zestaw-naklejek\/","name":"Sky Is The Limit Baloons zestaw naklejek - Dekornik","isPartOf":{"@id":"https:\/\/dekornik.com\/pl\/#website"},"primaryImageOfPage":{"@id":"https:\/\/dekornik.com\/pl\/produkt\/sky-is-the-limit-baloons-zestaw-naklejek\/#primaryimage"},"image":{"@id":"https:\/\/dekornik.com\/pl\/produkt\/sky-is-the-limit-baloons-zestaw-naklejek\/#primaryimage"},"thumbnailUrl":"https:\/\/dekornik.com\/wp-content\/uploads\/2025\/10\/DSC_0951_BALONY.jpg","datePublished":"2025-10-02T11:18:47+00:00","dateModified":"2026-04-08T20:54:01+00:00","breadcrumb":{"@id":"https:\/\/dekornik.com\/pl\/produkt\/sky-is-the-limit-baloons-zestaw-naklejek\/#breadcrumb"},"inLanguage":"pl-PL","potentialAction":[{"@type":"ReadAction","target":["https:\/\/dekornik.com\/pl\/produkt\/sky-is-the-limit-baloons-zestaw-naklejek\/"]}]},{"@type":"ImageObject","inLanguage":"pl-PL","@id":"https:\/\/dekornik.com\/pl\/produkt\/sky-is-the-limit-baloons-zestaw-naklejek\/#primaryimage","url":"https:\/\/dekornik.com\/wp-content\/uploads\/2025\/10\/DSC_0951_BALONY.jpg","contentUrl":"https:\/\/dekornik.com\/wp-content\/uploads\/2025\/10\/DSC_0951_BALONY.jpg","width":1200,"height":1200},{"@type":"BreadcrumbList","@id":"https:\/\/dekornik.com\/pl\/produkt\/sky-is-the-limit-baloons-zestaw-naklejek\/#breadcrumb","itemListElement":[{"@type":"ListItem","position":1,"name":"Home","item":"https:\/\/dekornik.com\/pl\/"},{"@type":"ListItem","position":2,"name":"Sklep","item":"https:\/\/dekornik.com\/pl\/sklep\/"},{"@type":"ListItem","position":3,"name":"Sky Is The Limit Baloons zestaw naklejek"}]},{"@type":"WebSite","@id":"https:\/\/dekornik.com\/pl\/#website","url":"https:\/\/dekornik.com\/pl\/","name":"Dekornik","description":"Your little one will love it\\!","publisher":{"@id":"https:\/\/dekornik.com\/pl\/#organization"},"potentialAction":[{"@type":"SearchAction","target":{"@type":"EntryPoint","urlTemplate":"https:\/\/dekornik.com\/pl\/?s={search_term_string}"},"query-input":{"@type":"PropertyValueSpecification","valueRequired":true,"valueName":"search_term_string"}}],"inLanguage":"pl-PL"},{"@type":"Organization","@id":"https:\/\/dekornik.com\/pl\/#organization","name":"Dekornik sp. z o.o.","url":"https:\/\/dekornik.com\/pl\/","logo":{"@type":"ImageObject","inLanguage":"pl-PL","@id":"https:\/\/dekornik.com\/pl\/#\/schema\/logo\/image\/","url":"http:\/\/dekornik.com\/wp-content\/uploads\/2026\/01\/logo_dekornik-01-1.svg","contentUrl":"http:\/\/dekornik.com\/wp-content\/uploads\/2026\/01\/logo_dekornik-01-1.svg","width":"1024","height":"1024","caption":"Dekornik sp. z o.o."},"image":{"@id":"https:\/\/dekornik.com\/pl\/#\/schema\/logo\/image\/"},"sameAs":["https:\/\/www.facebook.com\/DEKORNIK\/","https:\/\/instagram.com\/dekornik","https:\/\/www.pinterest.com\/dekornikcom\/"]}]}},"_links":{"self":[{"href":"https:\/\/dekornik.com\/pl\/wp-json\/wp\/v2\/product\/8948","targetHints":{"allow":["GET"]}}],"collection":[{"href":"https:\/\/dekornik.com\/pl\/wp-json\/wp\/v2\/product"}],"about":[{"href":"https:\/\/dekornik.com\/pl\/wp-json\/wp\/v2\/types\/product"}],"replies":[{"embeddable":true,"href":"https:\/\/dekornik.com\/pl\/wp-json\/wp\/v2\/comments?post=8948"}],"wp:featuredmedia":[{"embeddable":true,"href":"https:\/\/dekornik.com\/pl\/wp-json\/wp\/v2\/media\/8949"}],"wp:attachment":[{"href":"https:\/\/dekornik.com\/pl\/wp-json\/wp\/v2\/media?parent=8948"}],"wp:term":[{"taxonomy":"product_brand","embeddable":true,"href":"https:\/\/dekornik.com\/pl\/wp-json\/wp\/v2\/product_brand?post=8948"},{"taxonomy":"product_cat","embeddable":true,"href":"https:\/\/dekornik.com\/pl\/wp-json\/wp\/v2\/product_cat?post=8948"},{"taxonomy":"product_tag","embeddable":true,"href":"https:\/\/dekornik.com\/pl\/wp-json\/wp\/v2\/product_tag?post=8948"}],"curies":[{"name":"wp","href":"https:\/\/api.w.org\/{rel}","templated":true}]}}