{"id":8944,"date":"2025-10-02T11:18:48","date_gmt":"2025-10-02T11:18:48","guid":{"rendered":"http:\/\/dekornik.com\/product\/happy-ocean-wonderland-set\/"},"modified":"2026-04-08T18:46:48","modified_gmt":"2026-04-08T18:46:48","slug":"happy-ocean-wonderland-zestaw-naklejek","status":"publish","type":"product","link":"https:\/\/dekornik.com\/pl\/produkt\/happy-ocean-wonderland-zestaw-naklejek\/","title":{"rendered":"Happy Ocean Wonderland zestaw naklejek"},"content":{"rendered":"<p>Zestaw Happy Ocean Wonderland przedstawia zwierz\u0119ta, kt\u00f3re p\u0142ywaj\u0105 w g\u0142\u0119binach ocean\u00f3w \u2013 rekina, trzy koniki morskie, dwa \u017c\u00f3\u0142wie, o\u015bmiornic\u0119, wieloryba wielkoluda (z kropkami) oraz klasycznego wieloryba. Razem 9 uroczych zwierz\u0105t, kt\u00f3re pi\u0119knie ozdobi\u0105 \u015bcian\u0119!<\/p>\n<p>Zdj\u0119cia pochodz\u0105 cz\u0119\u015bciowo z naszego studia, a cz\u0119\u015bciowo z pokoju w domu @marta_wojtysiak \u2013 tego przepi\u0119knego wn\u0119trza ze z\u0142ot\u0105 ram\u0105!<\/p>\n<p><strong>INFORMACJE TECHNICZNE:<\/strong><\/p>\n<p><strong>Szablon S \u2013 70 \u00d7 70 cm<\/strong><br \/>Rozmiary zwierz\u0105t:<\/p>\n<p>rekin: 48 \u00d7 18 cm<br \/>koniki morskie: 10\u201312 cm wysoko\u015bci<br \/>\u017c\u00f3\u0142wie: du\u017cy 24 cm szeroko\u015bci, ma\u0142y 16 cm<br \/>o\u015bmiornica: 20 \u00d7 22 cm<br \/>wieloryb wielkolud (z kropkami): 48 \u00d7 22 cm<br \/>wieloryb: 44 \u00d7 37 cm<\/p>\n<p><strong>Szablon L \u2013 100 \u00d7 100 cm<\/strong><br \/>Rozmiary zwierz\u0105t:<\/p>\n<p>rekin: 68 \u00d7 27 cm<br \/>koniki morskie: 17\u201321 cm wysoko\u015bci<br \/>\u017c\u00f3\u0142wie: du\u017cy 34 cm szeroko\u015bci, ma\u0142y 24 cm<br \/>o\u015bmiornica: 28 \u00d7 30 cm<br \/>wieloryb wielkolud (z kropkami): 69 \u00d7 31 cm<br \/>wieloryb: 63 \u00d7 56 cm<\/p>\n<p>Zwierz\u0119ta z Happy Ocean Wonderland maj\u0105 idealny rozmiar \u2013 ani za ma\u0142e, ani za du\u017ce \u2013 doskonale sprawdz\u0105 si\u0119 nad \u0142\u00f3\u017ceczkiem (120\u2013140 cm) lub nad biurkiem. To przetestowany i najpopularniejszy rozmiar w naszej ofercie!<\/p>\n<p>Materia\u0142 naklejek posiada mocny klej akrylowy oraz funkcj\u0119 block-out, dzi\u0119ki kt\u00f3rej kolor \u015bciany nie prze\u015bwituje przez grafik\u0119. Powierzchnia ma delikatn\u0105, niemal niewyczuwaln\u0105 struktur\u0119, kt\u00f3ra zapewnia pi\u0119kne i wyraziste odwzorowanie kolor\u00f3w \u2013 zwierz\u0119ta wygl\u0105daj\u0105 niemal jak \u017cywe.<\/p>\n<p>Naklejki s\u0105 wyj\u0105tkowo \u0142atwe w aplikacji \u2013 klej jest mocny, ale nie tak agresywny jak w przypadku folii reklamowych, co pozwala spokojnie dopasowa\u0107 naklejk\u0119 podczas przyklejania. Delikatna struktura sprawia, \u017ce powierzchni\u0119 mo\u017cna zarysowa\u0107, cho\u0107 nie jest to takie \u0142atwe. \ud83d\ude42<\/p>\n<p><p>Dodatkowo naklejki nie wymagaj\u0105 folii transportowej, kt\u00f3ra do tej pory by\u0142a standardem w produkcji, co upraszcza proces aplikacji i eliminuje zb\u0119dny etap monta\u017cu.<\/p>\n<p>Uwaga: przed przyklejeniem naklejki upewnij si\u0119, \u017ce \u015bciana jest odpowiednio przygotowana i wolna od kurzu oraz t\u0142uszczu. Naklejki nale\u017cy aplikowa\u0107 dopiero po oko\u0142o 20 dniach od ostatniego malowania, aby zapewni\u0107 najlepsz\u0105 przyczepno\u015b\u0107.<\/p>\n","protected":false},"excerpt":{"rendered":"<div class=\"entry-content\">\n<p>Happy Ocean Wonderland to naklejki \u015bcienne, kt\u00f3re wprowadzaj\u0105 do wn\u0119trza odrobin\u0119 uroku i stylu. Zestaw przedstawia zwierz\u0119ta zamieszkuj\u0105ce g\u0142\u0119biny ocean\u00f3w \u2013 rekina, trzy koniki morskie, dwa \u017c\u00f3\u0142wie, o\u015bmiornic\u0119 oraz uroczego wieloryba.<\/p>\n<p>Naklejki tworz\u0105 ciep\u0142\u0105, przytuln\u0105 atmosfer\u0119, idealn\u0105 dla mam, kt\u00f3re szukaj\u0105 pi\u0119knych i spokojnych rozwi\u0105za\u0144 do codziennej przestrzeni dziecka. Subtelna kolorystyka, delikatny design i ponadczasowy charakter sprawiaj\u0105, \u017ce to wyj\u0105tkowo lubiany wyb\u00f3r.<\/p>\n<p>To szybki spos\u00f3b na dekoracj\u0119 bez decyzji o tapecie \u2014 idealny do mieszka\u0144 wynajmowanych i szybkich metamorfoz. \u0141atwo \u0142\u0105cz\u0105 si\u0119 z g\u0142adkimi tekstyliami i meblami z naturalnego drewna. Drukowane na specjalnym, tkanym materiale poliestrowym przeznaczonym do dekoracji \u015bcian (sprawdzona baza naklejek Dekornik!).<\/p>\n<\/div>\n","protected":false},"featured_media":8945,"comment_status":"open","ping_status":"closed","template":"","meta":{"inline_featured_image":false},"product_brand":[],"product_cat":[785,287],"product_tag":[699,701,707,716,732,735,738,743],"class_list":{"0":"post-8944","1":"product","2":"type-product","3":"status-publish","4":"has-post-thumbnail","6":"product_cat-naklejki","7":"product_cat-naklejki-scienne","8":"product_tag-confetti-dots-pl","9":"product_tag-corner-framing-pl","10":"product_tag-easy-diy-refresh-pl","11":"product_tag-horse-lover-pl","12":"product_tag-ocean-daydream-pl","13":"product_tag-pairs-with-wall-decals-pl","14":"product_tag-photo-ready-backdrop-pl","15":"product_tag-rental-friendly-idea-pl","17":"first","18":"instock","19":"sale","20":"taxable","21":"shipping-taxable","22":"purchasable","23":"product-type-variable"},"yoast_head":"<!-- This site is optimized with the Yoast SEO plugin v27.3 - https:\/\/yoast.com\/product\/yoast-seo-wordpress\/ -->\n<title>Happy Ocean Wonderland zestaw naklejek - Dekornik<\/title>\n<meta name=\"robots\" content=\"index, follow, max-snippet:-1, max-image-preview:large, max-video-preview:-1\" \/>\n<link rel=\"canonical\" href=\"https:\/\/dekornik.com\/pl\/produkt\/happy-ocean-wonderland-zestaw-naklejek\/\" \/>\n<meta property=\"og:locale\" content=\"pl_PL\" \/>\n<meta property=\"og:type\" content=\"article\" \/>\n<meta property=\"og:title\" content=\"Happy Ocean Wonderland zestaw naklejek - Dekornik\" \/>\n<meta property=\"og:description\" content=\"Happy Ocean Wonderland to naklejki \u015bcienne, kt\u00f3re wprowadzaj\u0105 do wn\u0119trza odrobin\u0119 uroku i stylu. Zestaw przedstawia zwierz\u0119ta zamieszkuj\u0105ce g\u0142\u0119biny ocean\u00f3w \u2013 rekina, trzy koniki morskie, dwa \u017c\u00f3\u0142wie, o\u015bmiornic\u0119 oraz uroczego wieloryba. Naklejki tworz\u0105 ciep\u0142\u0105, przytuln\u0105 atmosfer\u0119, idealn\u0105 dla mam, kt\u00f3re szukaj\u0105 pi\u0119knych i spokojnych rozwi\u0105za\u0144 do codziennej przestrzeni dziecka. Subtelna kolorystyka, delikatny design i ponadczasowy charakter sprawiaj\u0105, \u017ce to wyj\u0105tkowo lubiany wyb\u00f3r. To szybki spos\u00f3b na dekoracj\u0119 bez decyzji o tapecie \u2014 idealny do mieszka\u0144 wynajmowanych i szybkich metamorfoz. \u0141atwo \u0142\u0105cz\u0105 si\u0119 z g\u0142adkimi tekstyliami i meblami z naturalnego drewna. Drukowane na specjalnym, tkanym materiale poliestrowym przeznaczonym do dekoracji \u015bcian (sprawdzona baza naklejek Dekornik!).\" \/>\n<meta property=\"og:url\" content=\"https:\/\/dekornik.com\/pl\/produkt\/happy-ocean-wonderland-zestaw-naklejek\/\" \/>\n<meta property=\"og:site_name\" content=\"Dekornik\" \/>\n<meta property=\"article:publisher\" content=\"https:\/\/www.facebook.com\/DEKORNIK\/\" \/>\n<meta property=\"article:modified_time\" content=\"2026-04-08T18:46:48+00:00\" \/>\n<meta property=\"og:image\" content=\"https:\/\/dekornik.com\/wp-content\/uploads\/2025\/10\/dekornik_underwater_wonderland1.jpg\" \/>\n\t<meta property=\"og:image:width\" content=\"1200\" \/>\n\t<meta property=\"og:image:height\" content=\"1200\" \/>\n\t<meta property=\"og:image:type\" content=\"image\/jpeg\" \/>\n<script type=\"application\/ld+json\" class=\"yoast-schema-graph\">{\"@context\":\"https:\\\/\\\/schema.org\",\"@graph\":[{\"@type\":\"WebPage\",\"@id\":\"https:\\\/\\\/dekornik.com\\\/pl\\\/produkt\\\/happy-ocean-wonderland-zestaw-naklejek\\\/\",\"url\":\"https:\\\/\\\/dekornik.com\\\/pl\\\/produkt\\\/happy-ocean-wonderland-zestaw-naklejek\\\/\",\"name\":\"Happy Ocean Wonderland zestaw naklejek - Dekornik\",\"isPartOf\":{\"@id\":\"https:\\\/\\\/dekornik.com\\\/pl\\\/#website\"},\"primaryImageOfPage\":{\"@id\":\"https:\\\/\\\/dekornik.com\\\/pl\\\/produkt\\\/happy-ocean-wonderland-zestaw-naklejek\\\/#primaryimage\"},\"image\":{\"@id\":\"https:\\\/\\\/dekornik.com\\\/pl\\\/produkt\\\/happy-ocean-wonderland-zestaw-naklejek\\\/#primaryimage\"},\"thumbnailUrl\":\"https:\\\/\\\/dekornik.com\\\/wp-content\\\/uploads\\\/2025\\\/10\\\/dekornik_underwater_wonderland1.jpg\",\"datePublished\":\"2025-10-02T11:18:48+00:00\",\"dateModified\":\"2026-04-08T18:46:48+00:00\",\"breadcrumb\":{\"@id\":\"https:\\\/\\\/dekornik.com\\\/pl\\\/produkt\\\/happy-ocean-wonderland-zestaw-naklejek\\\/#breadcrumb\"},\"inLanguage\":\"pl-PL\",\"potentialAction\":[{\"@type\":\"ReadAction\",\"target\":[\"https:\\\/\\\/dekornik.com\\\/pl\\\/produkt\\\/happy-ocean-wonderland-zestaw-naklejek\\\/\"]}]},{\"@type\":\"ImageObject\",\"inLanguage\":\"pl-PL\",\"@id\":\"https:\\\/\\\/dekornik.com\\\/pl\\\/produkt\\\/happy-ocean-wonderland-zestaw-naklejek\\\/#primaryimage\",\"url\":\"https:\\\/\\\/dekornik.com\\\/wp-content\\\/uploads\\\/2025\\\/10\\\/dekornik_underwater_wonderland1.jpg\",\"contentUrl\":\"https:\\\/\\\/dekornik.com\\\/wp-content\\\/uploads\\\/2025\\\/10\\\/dekornik_underwater_wonderland1.jpg\",\"width\":1200,\"height\":1200},{\"@type\":\"BreadcrumbList\",\"@id\":\"https:\\\/\\\/dekornik.com\\\/pl\\\/produkt\\\/happy-ocean-wonderland-zestaw-naklejek\\\/#breadcrumb\",\"itemListElement\":[{\"@type\":\"ListItem\",\"position\":1,\"name\":\"Home\",\"item\":\"https:\\\/\\\/dekornik.com\\\/pl\\\/\"},{\"@type\":\"ListItem\",\"position\":2,\"name\":\"Sklep\",\"item\":\"https:\\\/\\\/dekornik.com\\\/pl\\\/sklep\\\/\"},{\"@type\":\"ListItem\",\"position\":3,\"name\":\"Happy Ocean Wonderland zestaw naklejek\"}]},{\"@type\":\"WebSite\",\"@id\":\"https:\\\/\\\/dekornik.com\\\/pl\\\/#website\",\"url\":\"https:\\\/\\\/dekornik.com\\\/pl\\\/\",\"name\":\"Dekornik\",\"description\":\"Your little one will love it\\\\!\",\"publisher\":{\"@id\":\"https:\\\/\\\/dekornik.com\\\/pl\\\/#organization\"},\"potentialAction\":[{\"@type\":\"SearchAction\",\"target\":{\"@type\":\"EntryPoint\",\"urlTemplate\":\"https:\\\/\\\/dekornik.com\\\/pl\\\/?s={search_term_string}\"},\"query-input\":{\"@type\":\"PropertyValueSpecification\",\"valueRequired\":true,\"valueName\":\"search_term_string\"}}],\"inLanguage\":\"pl-PL\"},{\"@type\":\"Organization\",\"@id\":\"https:\\\/\\\/dekornik.com\\\/pl\\\/#organization\",\"name\":\"Dekornik sp. z o.o.\",\"url\":\"https:\\\/\\\/dekornik.com\\\/pl\\\/\",\"logo\":{\"@type\":\"ImageObject\",\"inLanguage\":\"pl-PL\",\"@id\":\"https:\\\/\\\/dekornik.com\\\/pl\\\/#\\\/schema\\\/logo\\\/image\\\/\",\"url\":\"http:\\\/\\\/dekornik.com\\\/wp-content\\\/uploads\\\/2026\\\/01\\\/logo_dekornik-01-1.svg\",\"contentUrl\":\"http:\\\/\\\/dekornik.com\\\/wp-content\\\/uploads\\\/2026\\\/01\\\/logo_dekornik-01-1.svg\",\"width\":\"1024\",\"height\":\"1024\",\"caption\":\"Dekornik sp. z o.o.\"},\"image\":{\"@id\":\"https:\\\/\\\/dekornik.com\\\/pl\\\/#\\\/schema\\\/logo\\\/image\\\/\"},\"sameAs\":[\"https:\\\/\\\/www.facebook.com\\\/DEKORNIK\\\/\",\"https:\\\/\\\/instagram.com\\\/dekornik\",\"https:\\\/\\\/www.pinterest.com\\\/dekornikcom\\\/\"]}]}<\/script>\n<!-- \/ Yoast SEO plugin. -->","yoast_head_json":{"title":"Happy Ocean Wonderland zestaw naklejek - Dekornik","robots":{"index":"index","follow":"follow","max-snippet":"max-snippet:-1","max-image-preview":"max-image-preview:large","max-video-preview":"max-video-preview:-1"},"canonical":"https:\/\/dekornik.com\/pl\/produkt\/happy-ocean-wonderland-zestaw-naklejek\/","og_locale":"pl_PL","og_type":"article","og_title":"Happy Ocean Wonderland zestaw naklejek - Dekornik","og_description":"Happy Ocean Wonderland to naklejki \u015bcienne, kt\u00f3re wprowadzaj\u0105 do wn\u0119trza odrobin\u0119 uroku i stylu. Zestaw przedstawia zwierz\u0119ta zamieszkuj\u0105ce g\u0142\u0119biny ocean\u00f3w \u2013 rekina, trzy koniki morskie, dwa \u017c\u00f3\u0142wie, o\u015bmiornic\u0119 oraz uroczego wieloryba. Naklejki tworz\u0105 ciep\u0142\u0105, przytuln\u0105 atmosfer\u0119, idealn\u0105 dla mam, kt\u00f3re szukaj\u0105 pi\u0119knych i spokojnych rozwi\u0105za\u0144 do codziennej przestrzeni dziecka. Subtelna kolorystyka, delikatny design i ponadczasowy charakter sprawiaj\u0105, \u017ce to wyj\u0105tkowo lubiany wyb\u00f3r. To szybki spos\u00f3b na dekoracj\u0119 bez decyzji o tapecie \u2014 idealny do mieszka\u0144 wynajmowanych i szybkich metamorfoz. \u0141atwo \u0142\u0105cz\u0105 si\u0119 z g\u0142adkimi tekstyliami i meblami z naturalnego drewna. Drukowane na specjalnym, tkanym materiale poliestrowym przeznaczonym do dekoracji \u015bcian (sprawdzona baza naklejek Dekornik!).","og_url":"https:\/\/dekornik.com\/pl\/produkt\/happy-ocean-wonderland-zestaw-naklejek\/","og_site_name":"Dekornik","article_publisher":"https:\/\/www.facebook.com\/DEKORNIK\/","article_modified_time":"2026-04-08T18:46:48+00:00","og_image":[{"width":1200,"height":1200,"url":"https:\/\/dekornik.com\/wp-content\/uploads\/2025\/10\/dekornik_underwater_wonderland1.jpg","type":"image\/jpeg"}],"schema":{"@context":"https:\/\/schema.org","@graph":[{"@type":"WebPage","@id":"https:\/\/dekornik.com\/pl\/produkt\/happy-ocean-wonderland-zestaw-naklejek\/","url":"https:\/\/dekornik.com\/pl\/produkt\/happy-ocean-wonderland-zestaw-naklejek\/","name":"Happy Ocean Wonderland zestaw naklejek - Dekornik","isPartOf":{"@id":"https:\/\/dekornik.com\/pl\/#website"},"primaryImageOfPage":{"@id":"https:\/\/dekornik.com\/pl\/produkt\/happy-ocean-wonderland-zestaw-naklejek\/#primaryimage"},"image":{"@id":"https:\/\/dekornik.com\/pl\/produkt\/happy-ocean-wonderland-zestaw-naklejek\/#primaryimage"},"thumbnailUrl":"https:\/\/dekornik.com\/wp-content\/uploads\/2025\/10\/dekornik_underwater_wonderland1.jpg","datePublished":"2025-10-02T11:18:48+00:00","dateModified":"2026-04-08T18:46:48+00:00","breadcrumb":{"@id":"https:\/\/dekornik.com\/pl\/produkt\/happy-ocean-wonderland-zestaw-naklejek\/#breadcrumb"},"inLanguage":"pl-PL","potentialAction":[{"@type":"ReadAction","target":["https:\/\/dekornik.com\/pl\/produkt\/happy-ocean-wonderland-zestaw-naklejek\/"]}]},{"@type":"ImageObject","inLanguage":"pl-PL","@id":"https:\/\/dekornik.com\/pl\/produkt\/happy-ocean-wonderland-zestaw-naklejek\/#primaryimage","url":"https:\/\/dekornik.com\/wp-content\/uploads\/2025\/10\/dekornik_underwater_wonderland1.jpg","contentUrl":"https:\/\/dekornik.com\/wp-content\/uploads\/2025\/10\/dekornik_underwater_wonderland1.jpg","width":1200,"height":1200},{"@type":"BreadcrumbList","@id":"https:\/\/dekornik.com\/pl\/produkt\/happy-ocean-wonderland-zestaw-naklejek\/#breadcrumb","itemListElement":[{"@type":"ListItem","position":1,"name":"Home","item":"https:\/\/dekornik.com\/pl\/"},{"@type":"ListItem","position":2,"name":"Sklep","item":"https:\/\/dekornik.com\/pl\/sklep\/"},{"@type":"ListItem","position":3,"name":"Happy Ocean Wonderland zestaw naklejek"}]},{"@type":"WebSite","@id":"https:\/\/dekornik.com\/pl\/#website","url":"https:\/\/dekornik.com\/pl\/","name":"Dekornik","description":"Your little one will love it\\!","publisher":{"@id":"https:\/\/dekornik.com\/pl\/#organization"},"potentialAction":[{"@type":"SearchAction","target":{"@type":"EntryPoint","urlTemplate":"https:\/\/dekornik.com\/pl\/?s={search_term_string}"},"query-input":{"@type":"PropertyValueSpecification","valueRequired":true,"valueName":"search_term_string"}}],"inLanguage":"pl-PL"},{"@type":"Organization","@id":"https:\/\/dekornik.com\/pl\/#organization","name":"Dekornik sp. z o.o.","url":"https:\/\/dekornik.com\/pl\/","logo":{"@type":"ImageObject","inLanguage":"pl-PL","@id":"https:\/\/dekornik.com\/pl\/#\/schema\/logo\/image\/","url":"http:\/\/dekornik.com\/wp-content\/uploads\/2026\/01\/logo_dekornik-01-1.svg","contentUrl":"http:\/\/dekornik.com\/wp-content\/uploads\/2026\/01\/logo_dekornik-01-1.svg","width":"1024","height":"1024","caption":"Dekornik sp. z o.o."},"image":{"@id":"https:\/\/dekornik.com\/pl\/#\/schema\/logo\/image\/"},"sameAs":["https:\/\/www.facebook.com\/DEKORNIK\/","https:\/\/instagram.com\/dekornik","https:\/\/www.pinterest.com\/dekornikcom\/"]}]}},"_links":{"self":[{"href":"https:\/\/dekornik.com\/pl\/wp-json\/wp\/v2\/product\/8944","targetHints":{"allow":["GET"]}}],"collection":[{"href":"https:\/\/dekornik.com\/pl\/wp-json\/wp\/v2\/product"}],"about":[{"href":"https:\/\/dekornik.com\/pl\/wp-json\/wp\/v2\/types\/product"}],"replies":[{"embeddable":true,"href":"https:\/\/dekornik.com\/pl\/wp-json\/wp\/v2\/comments?post=8944"}],"wp:featuredmedia":[{"embeddable":true,"href":"https:\/\/dekornik.com\/pl\/wp-json\/wp\/v2\/media\/8945"}],"wp:attachment":[{"href":"https:\/\/dekornik.com\/pl\/wp-json\/wp\/v2\/media?parent=8944"}],"wp:term":[{"taxonomy":"product_brand","embeddable":true,"href":"https:\/\/dekornik.com\/pl\/wp-json\/wp\/v2\/product_brand?post=8944"},{"taxonomy":"product_cat","embeddable":true,"href":"https:\/\/dekornik.com\/pl\/wp-json\/wp\/v2\/product_cat?post=8944"},{"taxonomy":"product_tag","embeddable":true,"href":"https:\/\/dekornik.com\/pl\/wp-json\/wp\/v2\/product_tag?post=8944"}],"curies":[{"name":"wp","href":"https:\/\/api.w.org\/{rel}","templated":true}]}}