{"id":8936,"date":"2025-10-02T11:18:51","date_gmt":"2025-10-02T11:18:51","guid":{"rendered":"http:\/\/dekornik.com\/product\/fairytale-forest-wallpaper\/"},"modified":"2026-04-02T19:38:59","modified_gmt":"2026-04-02T19:38:59","slug":"fairytale-forest-wallpaper","status":"publish","type":"product","link":"https:\/\/dekornik.com\/pl\/produkt\/fairytale-forest-wallpaper\/","title":{"rendered":"Fairytale Forest Tapeta"},"content":{"rendered":"<p>Ta tapeta to spe\u0142nienie naszych marze\u0144! Ewa M\u0105ka Nawojczyk stworzy\u0142a bajkowy las pe\u0142en zwierz\u0105t, le\u015bnych \u015bcie\u017cek i trop\u00f3w, drzew, a nawet drogowskazu prowadz\u0105cego nad jezioro. Jakie zwierz\u0105tka mo\u017cna tu odnale\u017a\u0107? Nied\u017awiedzia, lisa, kun\u0119, zaj\u0105ce, myszy, borsuki, je\u017ce, wiewi\u00f3rki, ptaki, a nawet wydry!<\/p>\n<p>Ca\u0142o\u015b\u0107 utrzymana jest w mlecznych, subtelnych barwach \u2014 pastelach i akwarelach. Drobne elementy tworz\u0105 na tapecie urokliw\u0105 map\u0119 lasu, kt\u00f3ra pi\u0119knie dope\u0142nia wn\u0119trze. Wz\u00f3r zachwyca delikatno\u015bci\u0105 i nawi\u0105zuje do stylu dawnych angielskich tapet.<\/p>\n<p><strong>TECHNICZNIE:<\/strong><\/p>\n<p>Tapeta drukowana jest w pasach o szeroko\u015bci 100 cm, \u017ceby wszystkie elementy mia\u0142y odpowiednie proporcje \u2014 nie za g\u0119sto, ale bez pustych przestrzeni.<\/p>\n<p>Przyk\u0142adowe wymiary element\u00f3w:<br \/>\n\u2022 Jezioro z lisem i wydr\u0105: 15 cm<br \/>\n\u2022 Wysokie drzewo z wiewi\u00f3rkami: 20 cm<br \/>\n\u2022 Mi\u015b \u015bpi\u0105cy pod brz\u00f3zkami: 16 cm<\/p>\n<p>Tapeta podzielona jest na pasy:<br \/>\n\u2022 Wysoko\u015b\u0107: 280 cm<br \/>\n\u2022 Szeroko\u015b\u0107: 100 cm<br \/>\n\u2022 Mamy tak\u017ce opcj\u0119 140 cm na wysoko\u015b\u0107, dla wszystkich, kt\u00f3rzy lubi\u0105 lamperi\u0119 i chc\u0105 tapet\u0119 jedynie od po\u0142owy \u015bciany.<\/p>\n<p>Cena dotyczy jednego pasa.<\/p>\n<p>Te pasy pasuj\u0105 do wi\u0119kszo\u015bci standardowych mieszka\u0144 \u2013 maj\u0105 dodatkowe 20 cm d\u0142ugo\u015bci, wi\u0119c bez problemu przytniesz je do wysoko\u015bci swojej \u015bciany.<\/p>\n<p>Zamawianie tapet w pasach jest szybkie i wygodne. Wystarczy zmierzy\u0107 \u015bcian\u0119 i dobra\u0107 odpowiedni\u0105 liczb\u0119 pas\u00f3w \u2013 bez skomplikowanych oblicze\u0144. Trudno tu o pomy\u0142k\u0119.<\/p>\n","protected":false},"excerpt":{"rendered":"<p>Bajkowy las pe\u0142en zwierz\u0105t \u2014 nied\u017awied\u017a, lis, wydra, je\u017c, wiewi\u00f3rka i wiele innych! Delikatne, mleczne kolory w stylu starych angielskich tapet. Tapeta, kt\u00f3ra tworzy cudown\u0105 map\u0119 lasu na \u015bcianie.<\/p>\n<p>Pasuje praktycznie do ka\u017cdego wn\u0119trza \u2014 cudowna z wiklin\u0105, meblami z naturalnego drewna, idealna nad ko\u0142ysk\u0119.<\/p>\n<p>Drukowana na matowym papierze Dekornik \u2014 ekologicznym, grubym 190g\/m2, i bezpiecznym dla dzieci.<\/p>\n","protected":false},"featured_media":8937,"comment_status":"open","ping_status":"closed","template":"","meta":{"inline_featured_image":false},"product_brand":[],"product_cat":[403,404,399,388,237,390,384],"product_tag":[687,689,692,693,712,717,731,749,750,753],"class_list":{"0":"post-8936","1":"product","2":"type-product","3":"status-publish","4":"has-post-thumbnail","6":"product_cat-delikatny-pokoj-dzieciecy","7":"product_cat-kolorowy-pokoj-malucha","8":"product_cat-kroliki","9":"product_cat-las-i-dzungla","10":"product_cat-tapety","11":"product_cat-ziemiste-tony","12":"product_cat-zwierzeta","13":"product_tag-animal-friends-pl","14":"product_tag-bear-hugs-pl","15":"product_tag-bird-flight-pl","16":"product_tag-bunny-love-pl","17":"product_tag-forest-adventure-pl","18":"product_tag-jungle-mood-pl","19":"product_tag-nursery-calm-pl","20":"product_tag-space-adventure-pl","21":"product_tag-starry-sparkle-pl","22":"product_tag-stripe-rhythm-pl","24":"first","25":"instock","26":"sale","27":"taxable","28":"shipping-taxable","29":"purchasable","30":"product-type-variable","31":"has-default-attributes"},"yoast_head":"<!-- This site is optimized with the Yoast SEO plugin v27.3 - https:\/\/yoast.com\/product\/yoast-seo-wordpress\/ -->\n<title>Artistic Watercolour Horses Wallpaper for Girl&#039;s Rooms<\/title>\n<meta name=\"description\" content=\"Transform her room with artistic watercolour horses wallpaper! Perfect for young riders &amp; horse lovers. Easy to apply, high-quality decor. Shop now!\" \/>\n<meta name=\"robots\" content=\"index, follow, max-snippet:-1, max-image-preview:large, max-video-preview:-1\" \/>\n<link rel=\"canonical\" href=\"https:\/\/dekornik.com\/pl\/produkt\/fairytale-forest-wallpaper\/\" \/>\n<meta property=\"og:locale\" content=\"pl_PL\" \/>\n<meta property=\"og:type\" content=\"article\" \/>\n<meta property=\"og:title\" content=\"Artistic Watercolour Horses Wallpaper for Girl&#039;s Rooms\" \/>\n<meta property=\"og:description\" content=\"Transform her room with artistic watercolour horses wallpaper! Perfect for young riders &amp; horse lovers. Easy to apply, high-quality decor. Shop now!\" \/>\n<meta property=\"og:url\" content=\"https:\/\/dekornik.com\/pl\/produkt\/fairytale-forest-wallpaper\/\" \/>\n<meta property=\"og:site_name\" content=\"Dekornik\" \/>\n<meta property=\"article:publisher\" content=\"https:\/\/www.facebook.com\/DEKORNIK\/\" \/>\n<meta property=\"article:modified_time\" content=\"2026-04-02T19:38:59+00:00\" \/>\n<meta property=\"og:image\" content=\"https:\/\/dekornik.com\/wp-content\/uploads\/2025\/10\/tapeta_dekornik_forrest_3ceb0f16-de77-4d3f-91da-a3420f405dfd.jpg\" \/>\n\t<meta property=\"og:image:width\" content=\"1200\" \/>\n\t<meta property=\"og:image:height\" content=\"1201\" \/>\n\t<meta property=\"og:image:type\" content=\"image\/jpeg\" \/>\n<script type=\"application\/ld+json\" class=\"yoast-schema-graph\">{\"@context\":\"https:\\\/\\\/schema.org\",\"@graph\":[{\"@type\":\"WebPage\",\"@id\":\"https:\\\/\\\/dekornik.com\\\/pl\\\/produkt\\\/fairytale-forest-wallpaper\\\/\",\"url\":\"https:\\\/\\\/dekornik.com\\\/pl\\\/produkt\\\/fairytale-forest-wallpaper\\\/\",\"name\":\"Artistic Watercolour Horses Wallpaper for Girl's Rooms\",\"isPartOf\":{\"@id\":\"https:\\\/\\\/dekornik.com\\\/pl\\\/#website\"},\"primaryImageOfPage\":{\"@id\":\"https:\\\/\\\/dekornik.com\\\/pl\\\/produkt\\\/fairytale-forest-wallpaper\\\/#primaryimage\"},\"image\":{\"@id\":\"https:\\\/\\\/dekornik.com\\\/pl\\\/produkt\\\/fairytale-forest-wallpaper\\\/#primaryimage\"},\"thumbnailUrl\":\"https:\\\/\\\/dekornik.com\\\/wp-content\\\/uploads\\\/2025\\\/10\\\/tapeta_dekornik_forrest_3ceb0f16-de77-4d3f-91da-a3420f405dfd.jpg\",\"datePublished\":\"2025-10-02T11:18:51+00:00\",\"dateModified\":\"2026-04-02T19:38:59+00:00\",\"description\":\"Transform her room with artistic watercolour horses wallpaper! Perfect for young riders & horse lovers. Easy to apply, high-quality decor. Shop now!\",\"breadcrumb\":{\"@id\":\"https:\\\/\\\/dekornik.com\\\/pl\\\/produkt\\\/fairytale-forest-wallpaper\\\/#breadcrumb\"},\"inLanguage\":\"pl-PL\",\"potentialAction\":[{\"@type\":\"ReadAction\",\"target\":[\"https:\\\/\\\/dekornik.com\\\/pl\\\/produkt\\\/fairytale-forest-wallpaper\\\/\"]}]},{\"@type\":\"ImageObject\",\"inLanguage\":\"pl-PL\",\"@id\":\"https:\\\/\\\/dekornik.com\\\/pl\\\/produkt\\\/fairytale-forest-wallpaper\\\/#primaryimage\",\"url\":\"https:\\\/\\\/dekornik.com\\\/wp-content\\\/uploads\\\/2025\\\/10\\\/tapeta_dekornik_forrest_3ceb0f16-de77-4d3f-91da-a3420f405dfd.jpg\",\"contentUrl\":\"https:\\\/\\\/dekornik.com\\\/wp-content\\\/uploads\\\/2025\\\/10\\\/tapeta_dekornik_forrest_3ceb0f16-de77-4d3f-91da-a3420f405dfd.jpg\",\"width\":1200,\"height\":1201},{\"@type\":\"BreadcrumbList\",\"@id\":\"https:\\\/\\\/dekornik.com\\\/pl\\\/produkt\\\/fairytale-forest-wallpaper\\\/#breadcrumb\",\"itemListElement\":[{\"@type\":\"ListItem\",\"position\":1,\"name\":\"Home\",\"item\":\"https:\\\/\\\/dekornik.com\\\/pl\\\/\"},{\"@type\":\"ListItem\",\"position\":2,\"name\":\"Sklep\",\"item\":\"https:\\\/\\\/dekornik.com\\\/pl\\\/sklep\\\/\"},{\"@type\":\"ListItem\",\"position\":3,\"name\":\"Fairytale Forest Tapeta\"}]},{\"@type\":\"WebSite\",\"@id\":\"https:\\\/\\\/dekornik.com\\\/pl\\\/#website\",\"url\":\"https:\\\/\\\/dekornik.com\\\/pl\\\/\",\"name\":\"Dekornik\",\"description\":\"Your little one will love it\\\\!\",\"publisher\":{\"@id\":\"https:\\\/\\\/dekornik.com\\\/pl\\\/#organization\"},\"potentialAction\":[{\"@type\":\"SearchAction\",\"target\":{\"@type\":\"EntryPoint\",\"urlTemplate\":\"https:\\\/\\\/dekornik.com\\\/pl\\\/?s={search_term_string}\"},\"query-input\":{\"@type\":\"PropertyValueSpecification\",\"valueRequired\":true,\"valueName\":\"search_term_string\"}}],\"inLanguage\":\"pl-PL\"},{\"@type\":\"Organization\",\"@id\":\"https:\\\/\\\/dekornik.com\\\/pl\\\/#organization\",\"name\":\"Dekornik sp. z o.o.\",\"url\":\"https:\\\/\\\/dekornik.com\\\/pl\\\/\",\"logo\":{\"@type\":\"ImageObject\",\"inLanguage\":\"pl-PL\",\"@id\":\"https:\\\/\\\/dekornik.com\\\/pl\\\/#\\\/schema\\\/logo\\\/image\\\/\",\"url\":\"http:\\\/\\\/dekornik.com\\\/wp-content\\\/uploads\\\/2026\\\/01\\\/logo_dekornik-01-1.svg\",\"contentUrl\":\"http:\\\/\\\/dekornik.com\\\/wp-content\\\/uploads\\\/2026\\\/01\\\/logo_dekornik-01-1.svg\",\"width\":\"1024\",\"height\":\"1024\",\"caption\":\"Dekornik sp. z o.o.\"},\"image\":{\"@id\":\"https:\\\/\\\/dekornik.com\\\/pl\\\/#\\\/schema\\\/logo\\\/image\\\/\"},\"sameAs\":[\"https:\\\/\\\/www.facebook.com\\\/DEKORNIK\\\/\",\"https:\\\/\\\/instagram.com\\\/dekornik\",\"https:\\\/\\\/www.pinterest.com\\\/dekornikcom\\\/\"]}]}<\/script>\n<!-- \/ Yoast SEO plugin. -->","yoast_head_json":{"title":"Artistic Watercolour Horses Wallpaper for Girl's Rooms","description":"Transform her room with artistic watercolour horses wallpaper! Perfect for young riders & horse lovers. Easy to apply, high-quality decor. Shop now!","robots":{"index":"index","follow":"follow","max-snippet":"max-snippet:-1","max-image-preview":"max-image-preview:large","max-video-preview":"max-video-preview:-1"},"canonical":"https:\/\/dekornik.com\/pl\/produkt\/fairytale-forest-wallpaper\/","og_locale":"pl_PL","og_type":"article","og_title":"Artistic Watercolour Horses Wallpaper for Girl's Rooms","og_description":"Transform her room with artistic watercolour horses wallpaper! Perfect for young riders & horse lovers. Easy to apply, high-quality decor. Shop now!","og_url":"https:\/\/dekornik.com\/pl\/produkt\/fairytale-forest-wallpaper\/","og_site_name":"Dekornik","article_publisher":"https:\/\/www.facebook.com\/DEKORNIK\/","article_modified_time":"2026-04-02T19:38:59+00:00","og_image":[{"width":1200,"height":1201,"url":"https:\/\/dekornik.com\/wp-content\/uploads\/2025\/10\/tapeta_dekornik_forrest_3ceb0f16-de77-4d3f-91da-a3420f405dfd.jpg","type":"image\/jpeg"}],"schema":{"@context":"https:\/\/schema.org","@graph":[{"@type":"WebPage","@id":"https:\/\/dekornik.com\/pl\/produkt\/fairytale-forest-wallpaper\/","url":"https:\/\/dekornik.com\/pl\/produkt\/fairytale-forest-wallpaper\/","name":"Artistic Watercolour Horses Wallpaper for Girl's Rooms","isPartOf":{"@id":"https:\/\/dekornik.com\/pl\/#website"},"primaryImageOfPage":{"@id":"https:\/\/dekornik.com\/pl\/produkt\/fairytale-forest-wallpaper\/#primaryimage"},"image":{"@id":"https:\/\/dekornik.com\/pl\/produkt\/fairytale-forest-wallpaper\/#primaryimage"},"thumbnailUrl":"https:\/\/dekornik.com\/wp-content\/uploads\/2025\/10\/tapeta_dekornik_forrest_3ceb0f16-de77-4d3f-91da-a3420f405dfd.jpg","datePublished":"2025-10-02T11:18:51+00:00","dateModified":"2026-04-02T19:38:59+00:00","description":"Transform her room with artistic watercolour horses wallpaper! Perfect for young riders & horse lovers. Easy to apply, high-quality decor. Shop now!","breadcrumb":{"@id":"https:\/\/dekornik.com\/pl\/produkt\/fairytale-forest-wallpaper\/#breadcrumb"},"inLanguage":"pl-PL","potentialAction":[{"@type":"ReadAction","target":["https:\/\/dekornik.com\/pl\/produkt\/fairytale-forest-wallpaper\/"]}]},{"@type":"ImageObject","inLanguage":"pl-PL","@id":"https:\/\/dekornik.com\/pl\/produkt\/fairytale-forest-wallpaper\/#primaryimage","url":"https:\/\/dekornik.com\/wp-content\/uploads\/2025\/10\/tapeta_dekornik_forrest_3ceb0f16-de77-4d3f-91da-a3420f405dfd.jpg","contentUrl":"https:\/\/dekornik.com\/wp-content\/uploads\/2025\/10\/tapeta_dekornik_forrest_3ceb0f16-de77-4d3f-91da-a3420f405dfd.jpg","width":1200,"height":1201},{"@type":"BreadcrumbList","@id":"https:\/\/dekornik.com\/pl\/produkt\/fairytale-forest-wallpaper\/#breadcrumb","itemListElement":[{"@type":"ListItem","position":1,"name":"Home","item":"https:\/\/dekornik.com\/pl\/"},{"@type":"ListItem","position":2,"name":"Sklep","item":"https:\/\/dekornik.com\/pl\/sklep\/"},{"@type":"ListItem","position":3,"name":"Fairytale Forest Tapeta"}]},{"@type":"WebSite","@id":"https:\/\/dekornik.com\/pl\/#website","url":"https:\/\/dekornik.com\/pl\/","name":"Dekornik","description":"Your little one will love it\\!","publisher":{"@id":"https:\/\/dekornik.com\/pl\/#organization"},"potentialAction":[{"@type":"SearchAction","target":{"@type":"EntryPoint","urlTemplate":"https:\/\/dekornik.com\/pl\/?s={search_term_string}"},"query-input":{"@type":"PropertyValueSpecification","valueRequired":true,"valueName":"search_term_string"}}],"inLanguage":"pl-PL"},{"@type":"Organization","@id":"https:\/\/dekornik.com\/pl\/#organization","name":"Dekornik sp. z o.o.","url":"https:\/\/dekornik.com\/pl\/","logo":{"@type":"ImageObject","inLanguage":"pl-PL","@id":"https:\/\/dekornik.com\/pl\/#\/schema\/logo\/image\/","url":"http:\/\/dekornik.com\/wp-content\/uploads\/2026\/01\/logo_dekornik-01-1.svg","contentUrl":"http:\/\/dekornik.com\/wp-content\/uploads\/2026\/01\/logo_dekornik-01-1.svg","width":"1024","height":"1024","caption":"Dekornik sp. z o.o."},"image":{"@id":"https:\/\/dekornik.com\/pl\/#\/schema\/logo\/image\/"},"sameAs":["https:\/\/www.facebook.com\/DEKORNIK\/","https:\/\/instagram.com\/dekornik","https:\/\/www.pinterest.com\/dekornikcom\/"]}]}},"_links":{"self":[{"href":"https:\/\/dekornik.com\/pl\/wp-json\/wp\/v2\/product\/8936","targetHints":{"allow":["GET"]}}],"collection":[{"href":"https:\/\/dekornik.com\/pl\/wp-json\/wp\/v2\/product"}],"about":[{"href":"https:\/\/dekornik.com\/pl\/wp-json\/wp\/v2\/types\/product"}],"replies":[{"embeddable":true,"href":"https:\/\/dekornik.com\/pl\/wp-json\/wp\/v2\/comments?post=8936"}],"wp:featuredmedia":[{"embeddable":true,"href":"https:\/\/dekornik.com\/pl\/wp-json\/wp\/v2\/media\/8937"}],"wp:attachment":[{"href":"https:\/\/dekornik.com\/pl\/wp-json\/wp\/v2\/media?parent=8936"}],"wp:term":[{"taxonomy":"product_brand","embeddable":true,"href":"https:\/\/dekornik.com\/pl\/wp-json\/wp\/v2\/product_brand?post=8936"},{"taxonomy":"product_cat","embeddable":true,"href":"https:\/\/dekornik.com\/pl\/wp-json\/wp\/v2\/product_cat?post=8936"},{"taxonomy":"product_tag","embeddable":true,"href":"https:\/\/dekornik.com\/pl\/wp-json\/wp\/v2\/product_tag?post=8936"}],"curies":[{"name":"wp","href":"https:\/\/api.w.org\/{rel}","templated":true}]}}