{"id":8932,"date":"2025-10-02T11:18:51","date_gmt":"2025-10-02T11:18:51","guid":{"rendered":"http:\/\/dekornik.com\/product\/dandelions-wallpaper\/"},"modified":"2026-04-04T15:24:52","modified_gmt":"2026-04-04T15:24:52","slug":"dandelions-wallpaper","status":"publish","type":"product","link":"https:\/\/dekornik.com\/pl\/produkt\/dandelions-wallpaper\/","title":{"rendered":"Dandelions Tapeta"},"content":{"rendered":"<p>Delikatna tapeta w najbardziej wiosenno-letnim motywie, jaki mo\u017cemy sobie wyobrazi\u0107 \u2014 dmuchawce! Jasnor\u00f3\u017cowy kolor sprawia, \u017ce wz\u00f3r idealnie wpasuje si\u0119 w pok\u00f3j dziewczynki, ale bez nadmiernej s\u0142odyczy. To po prostu urocza, pastelowa tematyka, ale nie przes\u0142odzona!<\/p>\n<p><strong>TECHNICZNIE:<\/strong><br \/>\n\u2022 Dmuchawce \u2014 te najwi\u0119ksze \u2014 mierz\u0105 22-23 cm.<\/p>\n<p>Tapeta podzielona jest na pasy:<br \/>\n\u2022 Wysoko\u015b\u0107: 280 cm<br \/>\n\u2022 Szeroko\u015b\u0107: 50 cm<br \/>\n\u2022 Mamy tak\u017ce opcj\u0119 140 cm na wysoko\u015b\u0107, dla wszystkich, kt\u00f3rzy lubi\u0105 lamperi\u0119 i chc\u0105 tapet\u0119 jedynie od po\u0142owy \u015bciany.<\/p>\n<p>Cena dotyczy jednego pasa.<\/p>\n<p>Te pasy pasuj\u0105 do wi\u0119kszo\u015bci standardowych mieszka\u0144 \u2013 maj\u0105 dodatkowe 20 cm d\u0142ugo\u015bci, wi\u0119c bez problemu przytniesz je do wysoko\u015bci swojej \u015bciany.<\/p>\n<p>Zamawianie tapet w pasach jest szybkie i wygodne. Wystarczy zmierzy\u0107 \u015bcian\u0119 i dobra\u0107 odpowiedni\u0105 liczb\u0119 pas\u00f3w \u2013 bez skomplikowanych oblicze\u0144. Trudno tu o pomy\u0142k\u0119.<\/p>\n<p>W\u0105skie pasy sprawiaj\u0105, \u017ce tapeta niemal idealnie dopasowuje si\u0119 do szeroko\u015bci \u015bciany. Dodatkowo powtarzalny wz\u00f3r \u2013 identyczny na ka\u017cdym pasie \u2013 u\u0142atwia precyzyjne \u0142\u0105czenie od sufitu, dzi\u0119ki czemu materia\u0142 wykorzystujesz niemal w ca\u0142o\u015bci i niewiele si\u0119 marnuje!<\/p>\n","protected":false},"excerpt":{"rendered":"<p>Delikatne dmuchawce w jasnor\u00f3\u017cowym kolorze \u2014 najbardziej wiosenny wz\u00f3r! Najwi\u0119ksze dmuchawce mierz\u0105 22\u201323 cm. Pastelowa, ale niezbyt s\u0142odka tematyka, idealna do pokoju dziewczynki!<\/p>\n<p>Pi\u0119knie prezentuje si\u0119 na jednej \u015bcianie akcentowej lub w ca\u0142ym pokoju.<\/p>\n<p>Drukowana na matowym papierze Dekornik \u2014 ekologicznym, grubym 190g\/m2, i bezpiecznym dla dzieci.<\/p>\n","protected":false},"featured_media":8933,"comment_status":"open","ping_status":"closed","template":"","meta":{"inline_featured_image":false},"product_brand":[],"product_cat":[403,401,397,398,237,395],"product_tag":[714,722,724,725,731,738,750,751,752,753],"class_list":{"0":"post-8932","1":"product","2":"type-product","3":"status-publish","4":"has-post-thumbnail","6":"product_cat-delikatny-pokoj-dzieciecy","7":"product_cat-dla-dziewczynek","8":"product_cat-minimalistyczne","9":"product_cat-pastele","10":"product_cat-tapety","11":"product_cat-urocza-laka","12":"product_tag-graphic-clean-pl","13":"product_tag-meadow-story-pl","14":"product_tag-mini-florals-pl","15":"product_tag-minimal-mood-pl","16":"product_tag-nursery-calm-pl","17":"product_tag-photo-ready-backdrop-pl","18":"product_tag-starry-sparkle-pl","19":"product_tag-statement-wall-pl","20":"product_tag-storybook-scene-pl","21":"product_tag-stripe-rhythm-pl","23":"first","24":"instock","25":"sale","26":"taxable","27":"shipping-taxable","28":"purchasable","29":"product-type-variable","30":"has-default-attributes"},"yoast_head":"<!-- This site is optimized with the Yoast SEO plugin v27.3 - https:\/\/yoast.com\/product\/yoast-seo-wordpress\/ -->\n<title>Maya Stripes Wide Blue Wallpaper | Elegant &amp; Timeless Decor<\/title>\n<meta name=\"description\" content=\"Adorn your home with our elegant Maya Stripes Wide Blue Wallpaper. Co-created with Maya Bohosiewicz, perfect for nurseries, boy&#039;s rooms &amp; living spaces. Discover timeless style now!\" \/>\n<meta name=\"robots\" content=\"index, follow, max-snippet:-1, max-image-preview:large, max-video-preview:-1\" \/>\n<link rel=\"canonical\" href=\"https:\/\/dekornik.com\/pl\/produkt\/dandelions-wallpaper\/\" \/>\n<meta property=\"og:locale\" content=\"pl_PL\" \/>\n<meta property=\"og:type\" content=\"article\" \/>\n<meta property=\"og:title\" content=\"Maya Stripes Wide Blue Wallpaper | Elegant &amp; Timeless Decor\" \/>\n<meta property=\"og:description\" content=\"Adorn your home with our elegant Maya Stripes Wide Blue Wallpaper. Co-created with Maya Bohosiewicz, perfect for nurseries, boy&#039;s rooms &amp; living spaces. Discover timeless style now!\" \/>\n<meta property=\"og:url\" content=\"https:\/\/dekornik.com\/pl\/produkt\/dandelions-wallpaper\/\" \/>\n<meta property=\"og:site_name\" content=\"Dekornik\" \/>\n<meta property=\"article:publisher\" content=\"https:\/\/www.facebook.com\/DEKORNIK\/\" \/>\n<meta property=\"article:modified_time\" content=\"2026-04-04T15:24:52+00:00\" \/>\n<meta property=\"og:image\" content=\"https:\/\/dekornik.com\/wp-content\/uploads\/2025\/10\/dekornik_tapeta_dandelions_packshot_6cbf81a5-ed65-444f-ac49-e948a270d213.jpg\" \/>\n\t<meta property=\"og:image:width\" content=\"1200\" \/>\n\t<meta property=\"og:image:height\" content=\"1200\" \/>\n\t<meta property=\"og:image:type\" content=\"image\/jpeg\" \/>\n<script type=\"application\/ld+json\" class=\"yoast-schema-graph\">{\"@context\":\"https:\\\/\\\/schema.org\",\"@graph\":[{\"@type\":\"WebPage\",\"@id\":\"https:\\\/\\\/dekornik.com\\\/pl\\\/produkt\\\/dandelions-wallpaper\\\/\",\"url\":\"https:\\\/\\\/dekornik.com\\\/pl\\\/produkt\\\/dandelions-wallpaper\\\/\",\"name\":\"Maya Stripes Wide Blue Wallpaper | Elegant & Timeless Decor\",\"isPartOf\":{\"@id\":\"https:\\\/\\\/dekornik.com\\\/pl\\\/#website\"},\"primaryImageOfPage\":{\"@id\":\"https:\\\/\\\/dekornik.com\\\/pl\\\/produkt\\\/dandelions-wallpaper\\\/#primaryimage\"},\"image\":{\"@id\":\"https:\\\/\\\/dekornik.com\\\/pl\\\/produkt\\\/dandelions-wallpaper\\\/#primaryimage\"},\"thumbnailUrl\":\"https:\\\/\\\/dekornik.com\\\/wp-content\\\/uploads\\\/2025\\\/10\\\/dekornik_tapeta_dandelions_packshot_6cbf81a5-ed65-444f-ac49-e948a270d213.jpg\",\"datePublished\":\"2025-10-02T11:18:51+00:00\",\"dateModified\":\"2026-04-04T15:24:52+00:00\",\"description\":\"Adorn your home with our elegant Maya Stripes Wide Blue Wallpaper. Co-created with Maya Bohosiewicz, perfect for nurseries, boy's rooms & living spaces. Discover timeless style now!\",\"breadcrumb\":{\"@id\":\"https:\\\/\\\/dekornik.com\\\/pl\\\/produkt\\\/dandelions-wallpaper\\\/#breadcrumb\"},\"inLanguage\":\"pl-PL\",\"potentialAction\":[{\"@type\":\"ReadAction\",\"target\":[\"https:\\\/\\\/dekornik.com\\\/pl\\\/produkt\\\/dandelions-wallpaper\\\/\"]}]},{\"@type\":\"ImageObject\",\"inLanguage\":\"pl-PL\",\"@id\":\"https:\\\/\\\/dekornik.com\\\/pl\\\/produkt\\\/dandelions-wallpaper\\\/#primaryimage\",\"url\":\"https:\\\/\\\/dekornik.com\\\/wp-content\\\/uploads\\\/2025\\\/10\\\/dekornik_tapeta_dandelions_packshot_6cbf81a5-ed65-444f-ac49-e948a270d213.jpg\",\"contentUrl\":\"https:\\\/\\\/dekornik.com\\\/wp-content\\\/uploads\\\/2025\\\/10\\\/dekornik_tapeta_dandelions_packshot_6cbf81a5-ed65-444f-ac49-e948a270d213.jpg\",\"width\":1200,\"height\":1200},{\"@type\":\"BreadcrumbList\",\"@id\":\"https:\\\/\\\/dekornik.com\\\/pl\\\/produkt\\\/dandelions-wallpaper\\\/#breadcrumb\",\"itemListElement\":[{\"@type\":\"ListItem\",\"position\":1,\"name\":\"Home\",\"item\":\"https:\\\/\\\/dekornik.com\\\/pl\\\/\"},{\"@type\":\"ListItem\",\"position\":2,\"name\":\"Sklep\",\"item\":\"https:\\\/\\\/dekornik.com\\\/pl\\\/sklep\\\/\"},{\"@type\":\"ListItem\",\"position\":3,\"name\":\"Dandelions Tapeta\"}]},{\"@type\":\"WebSite\",\"@id\":\"https:\\\/\\\/dekornik.com\\\/pl\\\/#website\",\"url\":\"https:\\\/\\\/dekornik.com\\\/pl\\\/\",\"name\":\"Dekornik\",\"description\":\"Your little one will love it\\\\!\",\"publisher\":{\"@id\":\"https:\\\/\\\/dekornik.com\\\/pl\\\/#organization\"},\"potentialAction\":[{\"@type\":\"SearchAction\",\"target\":{\"@type\":\"EntryPoint\",\"urlTemplate\":\"https:\\\/\\\/dekornik.com\\\/pl\\\/?s={search_term_string}\"},\"query-input\":{\"@type\":\"PropertyValueSpecification\",\"valueRequired\":true,\"valueName\":\"search_term_string\"}}],\"inLanguage\":\"pl-PL\"},{\"@type\":\"Organization\",\"@id\":\"https:\\\/\\\/dekornik.com\\\/pl\\\/#organization\",\"name\":\"Dekornik sp. z o.o.\",\"url\":\"https:\\\/\\\/dekornik.com\\\/pl\\\/\",\"logo\":{\"@type\":\"ImageObject\",\"inLanguage\":\"pl-PL\",\"@id\":\"https:\\\/\\\/dekornik.com\\\/pl\\\/#\\\/schema\\\/logo\\\/image\\\/\",\"url\":\"http:\\\/\\\/dekornik.com\\\/wp-content\\\/uploads\\\/2026\\\/01\\\/logo_dekornik-01-1.svg\",\"contentUrl\":\"http:\\\/\\\/dekornik.com\\\/wp-content\\\/uploads\\\/2026\\\/01\\\/logo_dekornik-01-1.svg\",\"width\":\"1024\",\"height\":\"1024\",\"caption\":\"Dekornik sp. z o.o.\"},\"image\":{\"@id\":\"https:\\\/\\\/dekornik.com\\\/pl\\\/#\\\/schema\\\/logo\\\/image\\\/\"},\"sameAs\":[\"https:\\\/\\\/www.facebook.com\\\/DEKORNIK\\\/\",\"https:\\\/\\\/instagram.com\\\/dekornik\",\"https:\\\/\\\/www.pinterest.com\\\/dekornikcom\\\/\"]}]}<\/script>\n<!-- \/ Yoast SEO plugin. -->","yoast_head_json":{"title":"Maya Stripes Wide Blue Wallpaper | Elegant & Timeless Decor","description":"Adorn your home with our elegant Maya Stripes Wide Blue Wallpaper. Co-created with Maya Bohosiewicz, perfect for nurseries, boy's rooms & living spaces. Discover timeless style now!","robots":{"index":"index","follow":"follow","max-snippet":"max-snippet:-1","max-image-preview":"max-image-preview:large","max-video-preview":"max-video-preview:-1"},"canonical":"https:\/\/dekornik.com\/pl\/produkt\/dandelions-wallpaper\/","og_locale":"pl_PL","og_type":"article","og_title":"Maya Stripes Wide Blue Wallpaper | Elegant & Timeless Decor","og_description":"Adorn your home with our elegant Maya Stripes Wide Blue Wallpaper. Co-created with Maya Bohosiewicz, perfect for nurseries, boy's rooms & living spaces. Discover timeless style now!","og_url":"https:\/\/dekornik.com\/pl\/produkt\/dandelions-wallpaper\/","og_site_name":"Dekornik","article_publisher":"https:\/\/www.facebook.com\/DEKORNIK\/","article_modified_time":"2026-04-04T15:24:52+00:00","og_image":[{"width":1200,"height":1200,"url":"https:\/\/dekornik.com\/wp-content\/uploads\/2025\/10\/dekornik_tapeta_dandelions_packshot_6cbf81a5-ed65-444f-ac49-e948a270d213.jpg","type":"image\/jpeg"}],"schema":{"@context":"https:\/\/schema.org","@graph":[{"@type":"WebPage","@id":"https:\/\/dekornik.com\/pl\/produkt\/dandelions-wallpaper\/","url":"https:\/\/dekornik.com\/pl\/produkt\/dandelions-wallpaper\/","name":"Maya Stripes Wide Blue Wallpaper | Elegant & Timeless Decor","isPartOf":{"@id":"https:\/\/dekornik.com\/pl\/#website"},"primaryImageOfPage":{"@id":"https:\/\/dekornik.com\/pl\/produkt\/dandelions-wallpaper\/#primaryimage"},"image":{"@id":"https:\/\/dekornik.com\/pl\/produkt\/dandelions-wallpaper\/#primaryimage"},"thumbnailUrl":"https:\/\/dekornik.com\/wp-content\/uploads\/2025\/10\/dekornik_tapeta_dandelions_packshot_6cbf81a5-ed65-444f-ac49-e948a270d213.jpg","datePublished":"2025-10-02T11:18:51+00:00","dateModified":"2026-04-04T15:24:52+00:00","description":"Adorn your home with our elegant Maya Stripes Wide Blue Wallpaper. Co-created with Maya Bohosiewicz, perfect for nurseries, boy's rooms & living spaces. Discover timeless style now!","breadcrumb":{"@id":"https:\/\/dekornik.com\/pl\/produkt\/dandelions-wallpaper\/#breadcrumb"},"inLanguage":"pl-PL","potentialAction":[{"@type":"ReadAction","target":["https:\/\/dekornik.com\/pl\/produkt\/dandelions-wallpaper\/"]}]},{"@type":"ImageObject","inLanguage":"pl-PL","@id":"https:\/\/dekornik.com\/pl\/produkt\/dandelions-wallpaper\/#primaryimage","url":"https:\/\/dekornik.com\/wp-content\/uploads\/2025\/10\/dekornik_tapeta_dandelions_packshot_6cbf81a5-ed65-444f-ac49-e948a270d213.jpg","contentUrl":"https:\/\/dekornik.com\/wp-content\/uploads\/2025\/10\/dekornik_tapeta_dandelions_packshot_6cbf81a5-ed65-444f-ac49-e948a270d213.jpg","width":1200,"height":1200},{"@type":"BreadcrumbList","@id":"https:\/\/dekornik.com\/pl\/produkt\/dandelions-wallpaper\/#breadcrumb","itemListElement":[{"@type":"ListItem","position":1,"name":"Home","item":"https:\/\/dekornik.com\/pl\/"},{"@type":"ListItem","position":2,"name":"Sklep","item":"https:\/\/dekornik.com\/pl\/sklep\/"},{"@type":"ListItem","position":3,"name":"Dandelions Tapeta"}]},{"@type":"WebSite","@id":"https:\/\/dekornik.com\/pl\/#website","url":"https:\/\/dekornik.com\/pl\/","name":"Dekornik","description":"Your little one will love it\\!","publisher":{"@id":"https:\/\/dekornik.com\/pl\/#organization"},"potentialAction":[{"@type":"SearchAction","target":{"@type":"EntryPoint","urlTemplate":"https:\/\/dekornik.com\/pl\/?s={search_term_string}"},"query-input":{"@type":"PropertyValueSpecification","valueRequired":true,"valueName":"search_term_string"}}],"inLanguage":"pl-PL"},{"@type":"Organization","@id":"https:\/\/dekornik.com\/pl\/#organization","name":"Dekornik sp. z o.o.","url":"https:\/\/dekornik.com\/pl\/","logo":{"@type":"ImageObject","inLanguage":"pl-PL","@id":"https:\/\/dekornik.com\/pl\/#\/schema\/logo\/image\/","url":"http:\/\/dekornik.com\/wp-content\/uploads\/2026\/01\/logo_dekornik-01-1.svg","contentUrl":"http:\/\/dekornik.com\/wp-content\/uploads\/2026\/01\/logo_dekornik-01-1.svg","width":"1024","height":"1024","caption":"Dekornik sp. z o.o."},"image":{"@id":"https:\/\/dekornik.com\/pl\/#\/schema\/logo\/image\/"},"sameAs":["https:\/\/www.facebook.com\/DEKORNIK\/","https:\/\/instagram.com\/dekornik","https:\/\/www.pinterest.com\/dekornikcom\/"]}]}},"_links":{"self":[{"href":"https:\/\/dekornik.com\/pl\/wp-json\/wp\/v2\/product\/8932","targetHints":{"allow":["GET"]}}],"collection":[{"href":"https:\/\/dekornik.com\/pl\/wp-json\/wp\/v2\/product"}],"about":[{"href":"https:\/\/dekornik.com\/pl\/wp-json\/wp\/v2\/types\/product"}],"replies":[{"embeddable":true,"href":"https:\/\/dekornik.com\/pl\/wp-json\/wp\/v2\/comments?post=8932"}],"wp:featuredmedia":[{"embeddable":true,"href":"https:\/\/dekornik.com\/pl\/wp-json\/wp\/v2\/media\/8933"}],"wp:attachment":[{"href":"https:\/\/dekornik.com\/pl\/wp-json\/wp\/v2\/media?parent=8932"}],"wp:term":[{"taxonomy":"product_brand","embeddable":true,"href":"https:\/\/dekornik.com\/pl\/wp-json\/wp\/v2\/product_brand?post=8932"},{"taxonomy":"product_cat","embeddable":true,"href":"https:\/\/dekornik.com\/pl\/wp-json\/wp\/v2\/product_cat?post=8932"},{"taxonomy":"product_tag","embeddable":true,"href":"https:\/\/dekornik.com\/pl\/wp-json\/wp\/v2\/product_tag?post=8932"}],"curies":[{"name":"wp","href":"https:\/\/api.w.org\/{rel}","templated":true}]}}