{"id":8928,"date":"2025-10-02T11:18:51","date_gmt":"2025-10-02T11:18:51","guid":{"rendered":"http:\/\/dekornik.com\/product\/happy-dinos-wallpaper\/"},"modified":"2026-04-02T19:50:28","modified_gmt":"2026-04-02T19:50:28","slug":"happy-dinos-wallpaper","status":"publish","type":"product","link":"https:\/\/dekornik.com\/pl\/produkt\/happy-dinos-wallpaper\/","title":{"rendered":"Happy Dinos Tapeta"},"content":{"rendered":"<p>Sze\u015b\u0107 r\u00f3\u017cnych gatunk\u00f3w dinozaur\u00f3w na jednej tapecie! Wz\u00f3r malowany akwarelami, dlatego jest bardzo delikatny. Dinozaury maj\u0105 od 10 do 20 cm \u2014 nie s\u0105 przera\u017caj\u0105co du\u017ce \ud83d\ude0a<\/p>\n<p>A tu ma\u0142a \u015bci\u0105gawka dla rodzic\u00f3w (bo wiemy, \u017ce mali fani dinozaur\u00f3w doskonale znaj\u0105 ka\u017cdego z nich po imieniu, wi\u0119c lepiej si\u0119 przygotowa\u0107):<br \/>\n\u2022 Stegozaur (ten z du\u017cym pancerzem na grzbiecie)<br \/>\n\u2022 Parazaurolof (z grzebyczkiem na g\u0142owie)<br \/>\n\u2022 Pterozaur (lataj\u0105cy)<br \/>\n\u2022 Triceratops (masywny, z trzema rogami)<br \/>\n\u2022 Dyplodok (z d\u0142ug\u0105 szyj\u0105)<br \/>\n\u2022 Tyranozaur Rex (tego chyba nie trzeba przedstawia\u0107)<\/p>\n<p><strong>TECHNICZNIE:<\/strong><\/p>\n<p>Tapeta podzielona jest na pasy:<br \/>\n\u2022 Wysoko\u015b\u0107: 280 cm<br \/>\n\u2022 Szeroko\u015b\u0107: 50 cm<br \/>\n\u2022 Mamy tak\u017ce opcj\u0119 140 cm na wysoko\u015b\u0107, dla wszystkich, kt\u00f3rzy lubi\u0105 lamperi\u0119 i chc\u0105 tapet\u0119 jedynie od po\u0142owy \u015bciany.<\/p>\n<p>Cena dotyczy jednego pasa.<\/p>\n<p>Te pasy pasuj\u0105 do wi\u0119kszo\u015bci standardowych mieszka\u0144 \u2013 maj\u0105 dodatkowe 20 cm d\u0142ugo\u015bci, wi\u0119c bez problemu przytniesz je do wysoko\u015bci swojej \u015bciany.<\/p>\n<p>Zamawianie tapet w pasach jest szybkie i wygodne. Wystarczy zmierzy\u0107 \u015bcian\u0119 i dobra\u0107 odpowiedni\u0105 liczb\u0119 pas\u00f3w \u2013 bez skomplikowanych oblicze\u0144. Trudno tu o pomy\u0142k\u0119.<\/p>\n<p>W\u0105skie pasy sprawiaj\u0105, \u017ce tapeta niemal idealnie dopasowuje si\u0119 do szeroko\u015bci \u015bciany. Dodatkowo powtarzalny wz\u00f3r \u2013 identyczny na ka\u017cdym pasie \u2013 u\u0142atwia precyzyjne \u0142\u0105czenie od sufitu, dzi\u0119ki czemu materia\u0142 wykorzystujesz niemal w ca\u0142o\u015bci i niewiele si\u0119 marnuje!<\/p>\n","protected":false},"excerpt":{"rendered":"<p>Sze\u015b\u0107 akwarelowych dinozaur\u00f3w (10\u201320 cm) w delikatnych kolorach \u2014 tapeta stworzona dla ma\u0142ych fan\u00f3w prehistorii! Wz\u00f3r subtelny i lekki, kt\u00f3ry pi\u0119knie wkomponuje si\u0119 w ka\u017cde wn\u0119trze.<\/p>\n<p>\u015awietnie wygl\u0105da na \u015bcianie akcentowej lub w ca\u0142ym pokoju. Mo\u017cesz po\u0142\u0105czy\u0107 j\u0105 z pasuj\u0105cym borderem lub naklejkami w tym samym klimacie.<\/p>\n<p>Drukowana na matowym papierze Dekornik \u2014 ekologicznym, grubym 190g\/m2, i bezpiecznym dla dzieci.<\/p>\n","protected":false},"featured_media":8929,"comment_status":"open","ping_status":"closed","template":"","meta":{"inline_featured_image":false},"product_brand":[],"product_cat":[404,237,384],"product_tag":[687,705,734,735,750,751,752,753,755,760],"class_list":{"0":"post-8928","1":"product","2":"type-product","3":"status-publish","4":"has-post-thumbnail","6":"product_cat-kolorowy-pokoj-malucha","7":"product_cat-tapety","8":"product_cat-zwierzeta","9":"product_tag-animal-friends-pl","10":"product_tag-dinosaur-world-pl","11":"product_tag-pairs-with-borders-pl","12":"product_tag-pairs-with-wall-decals-pl","13":"product_tag-starry-sparkle-pl","14":"product_tag-statement-wall-pl","15":"product_tag-storybook-scene-pl","16":"product_tag-stripe-rhythm-pl","17":"product_tag-toddler-energy-pl","18":"product_tag-whimsical-details-pl","20":"first","21":"instock","22":"sale","23":"taxable","24":"shipping-taxable","25":"purchasable","26":"product-type-variable","27":"has-default-attributes"},"yoast_head":"<!-- This site is optimized with the Yoast SEO plugin v27.3 - https:\/\/yoast.com\/product\/yoast-seo-wordpress\/ -->\n<title>Maja Bohosiewicz Maya Stripes Wallpaper - Brown &amp; Beige<\/title>\n<meta name=\"description\" content=\"Discover Maya Stripes Brown Beige Wallpaper by Maja Bohosiewicz. Add elegant, versatile cherry-striped character to any room. Shop Dekornik today!\" \/>\n<meta name=\"robots\" content=\"index, follow, max-snippet:-1, max-image-preview:large, max-video-preview:-1\" \/>\n<link rel=\"canonical\" href=\"https:\/\/dekornik.com\/pl\/produkt\/happy-dinos-wallpaper\/\" \/>\n<meta property=\"og:locale\" content=\"pl_PL\" \/>\n<meta property=\"og:type\" content=\"article\" \/>\n<meta property=\"og:title\" content=\"Maja Bohosiewicz Maya Stripes Wallpaper - Brown &amp; Beige\" \/>\n<meta property=\"og:description\" content=\"Discover Maya Stripes Brown Beige Wallpaper by Maja Bohosiewicz. Add elegant, versatile cherry-striped character to any room. Shop Dekornik today!\" \/>\n<meta property=\"og:url\" content=\"https:\/\/dekornik.com\/pl\/produkt\/happy-dinos-wallpaper\/\" \/>\n<meta property=\"og:site_name\" content=\"Dekornik\" \/>\n<meta property=\"article:publisher\" content=\"https:\/\/www.facebook.com\/DEKORNIK\/\" \/>\n<meta property=\"article:modified_time\" content=\"2026-04-02T19:50:28+00:00\" \/>\n<meta property=\"og:image\" content=\"https:\/\/dekornik.com\/wp-content\/uploads\/2025\/10\/dekornik_tapeta_Dinozaury_460fd2df-92ed-4c58-a577-a0c4f21878c8.jpg\" \/>\n\t<meta property=\"og:image:width\" content=\"1200\" \/>\n\t<meta property=\"og:image:height\" content=\"1200\" \/>\n\t<meta property=\"og:image:type\" content=\"image\/jpeg\" \/>\n<script type=\"application\/ld+json\" class=\"yoast-schema-graph\">{\"@context\":\"https:\\\/\\\/schema.org\",\"@graph\":[{\"@type\":\"WebPage\",\"@id\":\"https:\\\/\\\/dekornik.com\\\/pl\\\/produkt\\\/happy-dinos-wallpaper\\\/\",\"url\":\"https:\\\/\\\/dekornik.com\\\/pl\\\/produkt\\\/happy-dinos-wallpaper\\\/\",\"name\":\"Maja Bohosiewicz Maya Stripes Wallpaper - Brown & Beige\",\"isPartOf\":{\"@id\":\"https:\\\/\\\/dekornik.com\\\/pl\\\/#website\"},\"primaryImageOfPage\":{\"@id\":\"https:\\\/\\\/dekornik.com\\\/pl\\\/produkt\\\/happy-dinos-wallpaper\\\/#primaryimage\"},\"image\":{\"@id\":\"https:\\\/\\\/dekornik.com\\\/pl\\\/produkt\\\/happy-dinos-wallpaper\\\/#primaryimage\"},\"thumbnailUrl\":\"https:\\\/\\\/dekornik.com\\\/wp-content\\\/uploads\\\/2025\\\/10\\\/dekornik_tapeta_Dinozaury_460fd2df-92ed-4c58-a577-a0c4f21878c8.jpg\",\"datePublished\":\"2025-10-02T11:18:51+00:00\",\"dateModified\":\"2026-04-02T19:50:28+00:00\",\"description\":\"Discover Maya Stripes Brown Beige Wallpaper by Maja Bohosiewicz. Add elegant, versatile cherry-striped character to any room. Shop Dekornik today!\",\"breadcrumb\":{\"@id\":\"https:\\\/\\\/dekornik.com\\\/pl\\\/produkt\\\/happy-dinos-wallpaper\\\/#breadcrumb\"},\"inLanguage\":\"pl-PL\",\"potentialAction\":[{\"@type\":\"ReadAction\",\"target\":[\"https:\\\/\\\/dekornik.com\\\/pl\\\/produkt\\\/happy-dinos-wallpaper\\\/\"]}]},{\"@type\":\"ImageObject\",\"inLanguage\":\"pl-PL\",\"@id\":\"https:\\\/\\\/dekornik.com\\\/pl\\\/produkt\\\/happy-dinos-wallpaper\\\/#primaryimage\",\"url\":\"https:\\\/\\\/dekornik.com\\\/wp-content\\\/uploads\\\/2025\\\/10\\\/dekornik_tapeta_Dinozaury_460fd2df-92ed-4c58-a577-a0c4f21878c8.jpg\",\"contentUrl\":\"https:\\\/\\\/dekornik.com\\\/wp-content\\\/uploads\\\/2025\\\/10\\\/dekornik_tapeta_Dinozaury_460fd2df-92ed-4c58-a577-a0c4f21878c8.jpg\",\"width\":1200,\"height\":1200},{\"@type\":\"BreadcrumbList\",\"@id\":\"https:\\\/\\\/dekornik.com\\\/pl\\\/produkt\\\/happy-dinos-wallpaper\\\/#breadcrumb\",\"itemListElement\":[{\"@type\":\"ListItem\",\"position\":1,\"name\":\"Home\",\"item\":\"https:\\\/\\\/dekornik.com\\\/pl\\\/\"},{\"@type\":\"ListItem\",\"position\":2,\"name\":\"Sklep\",\"item\":\"https:\\\/\\\/dekornik.com\\\/pl\\\/sklep\\\/\"},{\"@type\":\"ListItem\",\"position\":3,\"name\":\"Happy Dinos Tapeta\"}]},{\"@type\":\"WebSite\",\"@id\":\"https:\\\/\\\/dekornik.com\\\/pl\\\/#website\",\"url\":\"https:\\\/\\\/dekornik.com\\\/pl\\\/\",\"name\":\"Dekornik\",\"description\":\"Your little one will love it\\\\!\",\"publisher\":{\"@id\":\"https:\\\/\\\/dekornik.com\\\/pl\\\/#organization\"},\"potentialAction\":[{\"@type\":\"SearchAction\",\"target\":{\"@type\":\"EntryPoint\",\"urlTemplate\":\"https:\\\/\\\/dekornik.com\\\/pl\\\/?s={search_term_string}\"},\"query-input\":{\"@type\":\"PropertyValueSpecification\",\"valueRequired\":true,\"valueName\":\"search_term_string\"}}],\"inLanguage\":\"pl-PL\"},{\"@type\":\"Organization\",\"@id\":\"https:\\\/\\\/dekornik.com\\\/pl\\\/#organization\",\"name\":\"Dekornik sp. z o.o.\",\"url\":\"https:\\\/\\\/dekornik.com\\\/pl\\\/\",\"logo\":{\"@type\":\"ImageObject\",\"inLanguage\":\"pl-PL\",\"@id\":\"https:\\\/\\\/dekornik.com\\\/pl\\\/#\\\/schema\\\/logo\\\/image\\\/\",\"url\":\"http:\\\/\\\/dekornik.com\\\/wp-content\\\/uploads\\\/2026\\\/01\\\/logo_dekornik-01-1.svg\",\"contentUrl\":\"http:\\\/\\\/dekornik.com\\\/wp-content\\\/uploads\\\/2026\\\/01\\\/logo_dekornik-01-1.svg\",\"width\":\"1024\",\"height\":\"1024\",\"caption\":\"Dekornik sp. z o.o.\"},\"image\":{\"@id\":\"https:\\\/\\\/dekornik.com\\\/pl\\\/#\\\/schema\\\/logo\\\/image\\\/\"},\"sameAs\":[\"https:\\\/\\\/www.facebook.com\\\/DEKORNIK\\\/\",\"https:\\\/\\\/instagram.com\\\/dekornik\",\"https:\\\/\\\/www.pinterest.com\\\/dekornikcom\\\/\"]}]}<\/script>\n<!-- \/ Yoast SEO plugin. -->","yoast_head_json":{"title":"Maja Bohosiewicz Maya Stripes Wallpaper - Brown & Beige","description":"Discover Maya Stripes Brown Beige Wallpaper by Maja Bohosiewicz. Add elegant, versatile cherry-striped character to any room. Shop Dekornik today!","robots":{"index":"index","follow":"follow","max-snippet":"max-snippet:-1","max-image-preview":"max-image-preview:large","max-video-preview":"max-video-preview:-1"},"canonical":"https:\/\/dekornik.com\/pl\/produkt\/happy-dinos-wallpaper\/","og_locale":"pl_PL","og_type":"article","og_title":"Maja Bohosiewicz Maya Stripes Wallpaper - Brown & Beige","og_description":"Discover Maya Stripes Brown Beige Wallpaper by Maja Bohosiewicz. Add elegant, versatile cherry-striped character to any room. Shop Dekornik today!","og_url":"https:\/\/dekornik.com\/pl\/produkt\/happy-dinos-wallpaper\/","og_site_name":"Dekornik","article_publisher":"https:\/\/www.facebook.com\/DEKORNIK\/","article_modified_time":"2026-04-02T19:50:28+00:00","og_image":[{"width":1200,"height":1200,"url":"https:\/\/dekornik.com\/wp-content\/uploads\/2025\/10\/dekornik_tapeta_Dinozaury_460fd2df-92ed-4c58-a577-a0c4f21878c8.jpg","type":"image\/jpeg"}],"schema":{"@context":"https:\/\/schema.org","@graph":[{"@type":"WebPage","@id":"https:\/\/dekornik.com\/pl\/produkt\/happy-dinos-wallpaper\/","url":"https:\/\/dekornik.com\/pl\/produkt\/happy-dinos-wallpaper\/","name":"Maja Bohosiewicz Maya Stripes Wallpaper - Brown & Beige","isPartOf":{"@id":"https:\/\/dekornik.com\/pl\/#website"},"primaryImageOfPage":{"@id":"https:\/\/dekornik.com\/pl\/produkt\/happy-dinos-wallpaper\/#primaryimage"},"image":{"@id":"https:\/\/dekornik.com\/pl\/produkt\/happy-dinos-wallpaper\/#primaryimage"},"thumbnailUrl":"https:\/\/dekornik.com\/wp-content\/uploads\/2025\/10\/dekornik_tapeta_Dinozaury_460fd2df-92ed-4c58-a577-a0c4f21878c8.jpg","datePublished":"2025-10-02T11:18:51+00:00","dateModified":"2026-04-02T19:50:28+00:00","description":"Discover Maya Stripes Brown Beige Wallpaper by Maja Bohosiewicz. Add elegant, versatile cherry-striped character to any room. Shop Dekornik today!","breadcrumb":{"@id":"https:\/\/dekornik.com\/pl\/produkt\/happy-dinos-wallpaper\/#breadcrumb"},"inLanguage":"pl-PL","potentialAction":[{"@type":"ReadAction","target":["https:\/\/dekornik.com\/pl\/produkt\/happy-dinos-wallpaper\/"]}]},{"@type":"ImageObject","inLanguage":"pl-PL","@id":"https:\/\/dekornik.com\/pl\/produkt\/happy-dinos-wallpaper\/#primaryimage","url":"https:\/\/dekornik.com\/wp-content\/uploads\/2025\/10\/dekornik_tapeta_Dinozaury_460fd2df-92ed-4c58-a577-a0c4f21878c8.jpg","contentUrl":"https:\/\/dekornik.com\/wp-content\/uploads\/2025\/10\/dekornik_tapeta_Dinozaury_460fd2df-92ed-4c58-a577-a0c4f21878c8.jpg","width":1200,"height":1200},{"@type":"BreadcrumbList","@id":"https:\/\/dekornik.com\/pl\/produkt\/happy-dinos-wallpaper\/#breadcrumb","itemListElement":[{"@type":"ListItem","position":1,"name":"Home","item":"https:\/\/dekornik.com\/pl\/"},{"@type":"ListItem","position":2,"name":"Sklep","item":"https:\/\/dekornik.com\/pl\/sklep\/"},{"@type":"ListItem","position":3,"name":"Happy Dinos Tapeta"}]},{"@type":"WebSite","@id":"https:\/\/dekornik.com\/pl\/#website","url":"https:\/\/dekornik.com\/pl\/","name":"Dekornik","description":"Your little one will love it\\!","publisher":{"@id":"https:\/\/dekornik.com\/pl\/#organization"},"potentialAction":[{"@type":"SearchAction","target":{"@type":"EntryPoint","urlTemplate":"https:\/\/dekornik.com\/pl\/?s={search_term_string}"},"query-input":{"@type":"PropertyValueSpecification","valueRequired":true,"valueName":"search_term_string"}}],"inLanguage":"pl-PL"},{"@type":"Organization","@id":"https:\/\/dekornik.com\/pl\/#organization","name":"Dekornik sp. z o.o.","url":"https:\/\/dekornik.com\/pl\/","logo":{"@type":"ImageObject","inLanguage":"pl-PL","@id":"https:\/\/dekornik.com\/pl\/#\/schema\/logo\/image\/","url":"http:\/\/dekornik.com\/wp-content\/uploads\/2026\/01\/logo_dekornik-01-1.svg","contentUrl":"http:\/\/dekornik.com\/wp-content\/uploads\/2026\/01\/logo_dekornik-01-1.svg","width":"1024","height":"1024","caption":"Dekornik sp. z o.o."},"image":{"@id":"https:\/\/dekornik.com\/pl\/#\/schema\/logo\/image\/"},"sameAs":["https:\/\/www.facebook.com\/DEKORNIK\/","https:\/\/instagram.com\/dekornik","https:\/\/www.pinterest.com\/dekornikcom\/"]}]}},"_links":{"self":[{"href":"https:\/\/dekornik.com\/pl\/wp-json\/wp\/v2\/product\/8928","targetHints":{"allow":["GET"]}}],"collection":[{"href":"https:\/\/dekornik.com\/pl\/wp-json\/wp\/v2\/product"}],"about":[{"href":"https:\/\/dekornik.com\/pl\/wp-json\/wp\/v2\/types\/product"}],"replies":[{"embeddable":true,"href":"https:\/\/dekornik.com\/pl\/wp-json\/wp\/v2\/comments?post=8928"}],"wp:featuredmedia":[{"embeddable":true,"href":"https:\/\/dekornik.com\/pl\/wp-json\/wp\/v2\/media\/8929"}],"wp:attachment":[{"href":"https:\/\/dekornik.com\/pl\/wp-json\/wp\/v2\/media?parent=8928"}],"wp:term":[{"taxonomy":"product_brand","embeddable":true,"href":"https:\/\/dekornik.com\/pl\/wp-json\/wp\/v2\/product_brand?post=8928"},{"taxonomy":"product_cat","embeddable":true,"href":"https:\/\/dekornik.com\/pl\/wp-json\/wp\/v2\/product_cat?post=8928"},{"taxonomy":"product_tag","embeddable":true,"href":"https:\/\/dekornik.com\/pl\/wp-json\/wp\/v2\/product_tag?post=8928"}],"curies":[{"name":"wp","href":"https:\/\/api.w.org\/{rel}","templated":true}]}}