{"id":8926,"date":"2025-10-02T11:18:54","date_gmt":"2025-10-02T11:18:54","guid":{"rendered":"http:\/\/dekornik.com\/product\/jungle-botanics-plants-template\/"},"modified":"2026-04-08T19:52:34","modified_gmt":"2026-04-08T19:52:34","slug":"jungle-botanics-plants-template","status":"publish","type":"product","link":"https:\/\/dekornik.com\/pl\/produkt\/jungle-botanics-plants-template\/","title":{"rendered":"Jungle Botanic Plants"},"content":{"rendered":"<p>Jungle Botanics Plants to naklejki, kt\u00f3re wprowadzaj\u0105 do pokoju dzieci\u0119cego lekko\u015b\u0107 i przyjazn\u0105 atmosfer\u0119. Motyw ro\u015blinny, powtarzaj\u0105cy si\u0119 niczym wz\u00f3r na tkaninie, jest subtelny, sp\u00f3jny i \u0142atwy do dopasowania do r\u00f3\u017cnych dekoracji i mebli.<\/p>\n<p><strong>INFORMACJE TECHNICZNE:<\/strong><\/p>\n<p>Wymiary szablonu: 87 \u00d7 100 cm<br \/>Najwi\u0119ksza palma: 47 \u00d7 90 cm<br \/>Palma \u201edo g\u00f3ry nogami\u201d: 45 \u00d7 75 cm<br \/>Aloes po prawej stronie szablonu: 15 \u00d7 35 cm<br \/>Krzewy: oko\u0142o 20\u201322 cm<\/p>\n<p>Materia\u0142 naklejek posiada mocny klej akrylowy oraz funkcj\u0119 block-out, dzi\u0119ki kt\u00f3rej kolor \u015bciany nie prze\u015bwituje przez grafik\u0119.<\/p>\n<p>Powierzchnia naklejki ma delikatn\u0105, niemal niewyczuwaln\u0105 struktur\u0119, kt\u00f3ra jednocze\u015bnie zapewnia wyj\u0105tkowe odwzorowanie kolor\u00f3w \u2013 dzi\u0119ki temu ro\u015bliny wygl\u0105daj\u0105 niezwykle realistycznie, jakby \u201eo\u017cywa\u0142y\u201d na \u015bcianie.<\/p>\n<p>Materia\u0142 naklejek jest wyj\u0105tkowo \u0142atwy w aplikacji \u2013 klej jest mocny, ale nie tak agresywny jak w przypadku folii reklamowych, kt\u00f3re od razu mocno przywieraj\u0105.<\/p>\n<p>Delikatna struktura powierzchni pozwala na lekkie zarysowania, cho\u0107 nie jest to \u0142atwe.<\/p>\n<p>Naklejki nie wymagaj\u0105 dodatkowej folii transportowej, kt\u00f3ra dotychczas by\u0142a standardem w produkcji \u2013 prostota aplikacji pozwala pomin\u0105\u0107 ten cz\u0119sto zb\u0119dny etap.<\/p>\n<p>Uwaga: przed przyklejeniem naklejki nale\u017cy dok\u0142adnie przygotowa\u0107 \u015bcian\u0119 \u2013 oczy\u015bci\u0107 j\u0105 z kurzu i t\u0142uszczu. Naklejki mo\u017cna aplikowa\u0107 dopiero po oko\u0142o 20 dniach od ostatniego malowania, aby zapewni\u0107 najlepsz\u0105 przyczepno\u015b\u0107.<\/p>\n","protected":false},"excerpt":{"rendered":"<p>Jungle Botanics Plants to naklejki \u015bcienne stworzone z my\u015bl\u0105 o spokojnym, a jednocze\u015bnie radosnym wn\u0119trzu dzieci\u0119cym. Delikatny, powtarzalny motyw ro\u015blinny przypomina tkanin\u0119 \u2013 subtelny, harmonijny i bardzo \u0142atwy do zestawienia.<\/p>\n<p>To szybki spos\u00f3b na dekoracj\u0119 bez decyzji o tapecie \u2014 idealny do mieszka\u0144 wynajmowanych i szybkich metamorfoz. \u0141atwo \u0142\u0105cz\u0105 si\u0119 z g\u0142adkimi tekstyliami i meblami z naturalnego drewna. Drukowane na specjalnym, tkanym materiale poliestrowym przeznaczonym do dekoracji \u015bcian (sprawdzona baza naklejek Dekornik!).<\/p>\n","protected":false},"featured_media":8927,"comment_status":"open","ping_status":"closed","template":"","meta":{"inline_featured_image":false},"product_brand":[],"product_cat":[785,287],"product_tag":[701,707,717,724,735,738,743,745],"class_list":{"0":"post-8926","1":"product","2":"type-product","3":"status-publish","4":"has-post-thumbnail","6":"product_cat-naklejki","7":"product_cat-naklejki-scienne","8":"product_tag-corner-framing-pl","9":"product_tag-easy-diy-refresh-pl","10":"product_tag-jungle-mood-pl","11":"product_tag-mini-florals-pl","12":"product_tag-pairs-with-wall-decals-pl","13":"product_tag-photo-ready-backdrop-pl","14":"product_tag-rental-friendly-idea-pl","15":"product_tag-savanna-safari-pl","17":"first","18":"instock","19":"sale","20":"taxable","21":"shipping-taxable","22":"purchasable","23":"product-type-simple"},"yoast_head":"<!-- This site is optimized with the Yoast SEO plugin v27.3 - https:\/\/yoast.com\/product\/yoast-seo-wordpress\/ -->\n<title>Jungle Botanic Plants - Dekornik<\/title>\n<meta name=\"robots\" content=\"index, follow, max-snippet:-1, max-image-preview:large, max-video-preview:-1\" \/>\n<link rel=\"canonical\" href=\"https:\/\/dekornik.com\/pl\/produkt\/jungle-botanics-plants-template\/\" \/>\n<meta property=\"og:locale\" content=\"pl_PL\" \/>\n<meta property=\"og:type\" content=\"article\" \/>\n<meta property=\"og:title\" content=\"Jungle Botanic Plants - Dekornik\" \/>\n<meta property=\"og:description\" content=\"Jungle Botanics Plants to naklejki \u015bcienne stworzone z my\u015bl\u0105 o spokojnym, a jednocze\u015bnie radosnym wn\u0119trzu dzieci\u0119cym. Delikatny, powtarzalny motyw ro\u015blinny przypomina tkanin\u0119 \u2013 subtelny, harmonijny i bardzo \u0142atwy do zestawienia.To szybki spos\u00f3b na dekoracj\u0119 bez decyzji o tapecie \u2014 idealny do mieszka\u0144 wynajmowanych i szybkich metamorfoz. \u0141atwo \u0142\u0105cz\u0105 si\u0119 z g\u0142adkimi tekstyliami i meblami z naturalnego drewna. Drukowane na specjalnym, tkanym materiale poliestrowym przeznaczonym do dekoracji \u015bcian (sprawdzona baza naklejek Dekornik!).\" \/>\n<meta property=\"og:url\" content=\"https:\/\/dekornik.com\/pl\/produkt\/jungle-botanics-plants-template\/\" \/>\n<meta property=\"og:site_name\" content=\"Dekornik\" \/>\n<meta property=\"article:publisher\" content=\"https:\/\/www.facebook.com\/DEKORNIK\/\" \/>\n<meta property=\"article:modified_time\" content=\"2026-04-08T19:52:34+00:00\" \/>\n<meta property=\"og:image\" content=\"https:\/\/dekornik.com\/wp-content\/uploads\/2025\/10\/DODATKI_jungle_1200.jpg\" \/>\n\t<meta property=\"og:image:width\" content=\"1200\" \/>\n\t<meta property=\"og:image:height\" content=\"1200\" \/>\n\t<meta property=\"og:image:type\" content=\"image\/jpeg\" \/>\n<script type=\"application\/ld+json\" class=\"yoast-schema-graph\">{\"@context\":\"https:\\\/\\\/schema.org\",\"@graph\":[{\"@type\":\"WebPage\",\"@id\":\"https:\\\/\\\/dekornik.com\\\/pl\\\/produkt\\\/jungle-botanics-plants-template\\\/\",\"url\":\"https:\\\/\\\/dekornik.com\\\/pl\\\/produkt\\\/jungle-botanics-plants-template\\\/\",\"name\":\"Jungle Botanic Plants - Dekornik\",\"isPartOf\":{\"@id\":\"https:\\\/\\\/dekornik.com\\\/pl\\\/#website\"},\"primaryImageOfPage\":{\"@id\":\"https:\\\/\\\/dekornik.com\\\/pl\\\/produkt\\\/jungle-botanics-plants-template\\\/#primaryimage\"},\"image\":{\"@id\":\"https:\\\/\\\/dekornik.com\\\/pl\\\/produkt\\\/jungle-botanics-plants-template\\\/#primaryimage\"},\"thumbnailUrl\":\"https:\\\/\\\/dekornik.com\\\/wp-content\\\/uploads\\\/2025\\\/10\\\/DODATKI_jungle_1200.jpg\",\"datePublished\":\"2025-10-02T11:18:54+00:00\",\"dateModified\":\"2026-04-08T19:52:34+00:00\",\"breadcrumb\":{\"@id\":\"https:\\\/\\\/dekornik.com\\\/pl\\\/produkt\\\/jungle-botanics-plants-template\\\/#breadcrumb\"},\"inLanguage\":\"pl-PL\",\"potentialAction\":[{\"@type\":\"ReadAction\",\"target\":[\"https:\\\/\\\/dekornik.com\\\/pl\\\/produkt\\\/jungle-botanics-plants-template\\\/\"]}]},{\"@type\":\"ImageObject\",\"inLanguage\":\"pl-PL\",\"@id\":\"https:\\\/\\\/dekornik.com\\\/pl\\\/produkt\\\/jungle-botanics-plants-template\\\/#primaryimage\",\"url\":\"https:\\\/\\\/dekornik.com\\\/wp-content\\\/uploads\\\/2025\\\/10\\\/DODATKI_jungle_1200.jpg\",\"contentUrl\":\"https:\\\/\\\/dekornik.com\\\/wp-content\\\/uploads\\\/2025\\\/10\\\/DODATKI_jungle_1200.jpg\",\"width\":1200,\"height\":1200},{\"@type\":\"BreadcrumbList\",\"@id\":\"https:\\\/\\\/dekornik.com\\\/pl\\\/produkt\\\/jungle-botanics-plants-template\\\/#breadcrumb\",\"itemListElement\":[{\"@type\":\"ListItem\",\"position\":1,\"name\":\"Home\",\"item\":\"https:\\\/\\\/dekornik.com\\\/pl\\\/\"},{\"@type\":\"ListItem\",\"position\":2,\"name\":\"Sklep\",\"item\":\"https:\\\/\\\/dekornik.com\\\/pl\\\/sklep\\\/\"},{\"@type\":\"ListItem\",\"position\":3,\"name\":\"Jungle Botanic Plants\"}]},{\"@type\":\"WebSite\",\"@id\":\"https:\\\/\\\/dekornik.com\\\/pl\\\/#website\",\"url\":\"https:\\\/\\\/dekornik.com\\\/pl\\\/\",\"name\":\"Dekornik\",\"description\":\"Your little one will love it\\\\!\",\"publisher\":{\"@id\":\"https:\\\/\\\/dekornik.com\\\/pl\\\/#organization\"},\"potentialAction\":[{\"@type\":\"SearchAction\",\"target\":{\"@type\":\"EntryPoint\",\"urlTemplate\":\"https:\\\/\\\/dekornik.com\\\/pl\\\/?s={search_term_string}\"},\"query-input\":{\"@type\":\"PropertyValueSpecification\",\"valueRequired\":true,\"valueName\":\"search_term_string\"}}],\"inLanguage\":\"pl-PL\"},{\"@type\":\"Organization\",\"@id\":\"https:\\\/\\\/dekornik.com\\\/pl\\\/#organization\",\"name\":\"Dekornik sp. z o.o.\",\"url\":\"https:\\\/\\\/dekornik.com\\\/pl\\\/\",\"logo\":{\"@type\":\"ImageObject\",\"inLanguage\":\"pl-PL\",\"@id\":\"https:\\\/\\\/dekornik.com\\\/pl\\\/#\\\/schema\\\/logo\\\/image\\\/\",\"url\":\"http:\\\/\\\/dekornik.com\\\/wp-content\\\/uploads\\\/2026\\\/01\\\/logo_dekornik-01-1.svg\",\"contentUrl\":\"http:\\\/\\\/dekornik.com\\\/wp-content\\\/uploads\\\/2026\\\/01\\\/logo_dekornik-01-1.svg\",\"width\":\"1024\",\"height\":\"1024\",\"caption\":\"Dekornik sp. z o.o.\"},\"image\":{\"@id\":\"https:\\\/\\\/dekornik.com\\\/pl\\\/#\\\/schema\\\/logo\\\/image\\\/\"},\"sameAs\":[\"https:\\\/\\\/www.facebook.com\\\/DEKORNIK\\\/\",\"https:\\\/\\\/instagram.com\\\/dekornik\",\"https:\\\/\\\/www.pinterest.com\\\/dekornikcom\\\/\"]}]}<\/script>\n<!-- \/ Yoast SEO plugin. -->","yoast_head_json":{"title":"Jungle Botanic Plants - Dekornik","robots":{"index":"index","follow":"follow","max-snippet":"max-snippet:-1","max-image-preview":"max-image-preview:large","max-video-preview":"max-video-preview:-1"},"canonical":"https:\/\/dekornik.com\/pl\/produkt\/jungle-botanics-plants-template\/","og_locale":"pl_PL","og_type":"article","og_title":"Jungle Botanic Plants - Dekornik","og_description":"Jungle Botanics Plants to naklejki \u015bcienne stworzone z my\u015bl\u0105 o spokojnym, a jednocze\u015bnie radosnym wn\u0119trzu dzieci\u0119cym. Delikatny, powtarzalny motyw ro\u015blinny przypomina tkanin\u0119 \u2013 subtelny, harmonijny i bardzo \u0142atwy do zestawienia.To szybki spos\u00f3b na dekoracj\u0119 bez decyzji o tapecie \u2014 idealny do mieszka\u0144 wynajmowanych i szybkich metamorfoz. \u0141atwo \u0142\u0105cz\u0105 si\u0119 z g\u0142adkimi tekstyliami i meblami z naturalnego drewna. Drukowane na specjalnym, tkanym materiale poliestrowym przeznaczonym do dekoracji \u015bcian (sprawdzona baza naklejek Dekornik!).","og_url":"https:\/\/dekornik.com\/pl\/produkt\/jungle-botanics-plants-template\/","og_site_name":"Dekornik","article_publisher":"https:\/\/www.facebook.com\/DEKORNIK\/","article_modified_time":"2026-04-08T19:52:34+00:00","og_image":[{"width":1200,"height":1200,"url":"https:\/\/dekornik.com\/wp-content\/uploads\/2025\/10\/DODATKI_jungle_1200.jpg","type":"image\/jpeg"}],"schema":{"@context":"https:\/\/schema.org","@graph":[{"@type":"WebPage","@id":"https:\/\/dekornik.com\/pl\/produkt\/jungle-botanics-plants-template\/","url":"https:\/\/dekornik.com\/pl\/produkt\/jungle-botanics-plants-template\/","name":"Jungle Botanic Plants - Dekornik","isPartOf":{"@id":"https:\/\/dekornik.com\/pl\/#website"},"primaryImageOfPage":{"@id":"https:\/\/dekornik.com\/pl\/produkt\/jungle-botanics-plants-template\/#primaryimage"},"image":{"@id":"https:\/\/dekornik.com\/pl\/produkt\/jungle-botanics-plants-template\/#primaryimage"},"thumbnailUrl":"https:\/\/dekornik.com\/wp-content\/uploads\/2025\/10\/DODATKI_jungle_1200.jpg","datePublished":"2025-10-02T11:18:54+00:00","dateModified":"2026-04-08T19:52:34+00:00","breadcrumb":{"@id":"https:\/\/dekornik.com\/pl\/produkt\/jungle-botanics-plants-template\/#breadcrumb"},"inLanguage":"pl-PL","potentialAction":[{"@type":"ReadAction","target":["https:\/\/dekornik.com\/pl\/produkt\/jungle-botanics-plants-template\/"]}]},{"@type":"ImageObject","inLanguage":"pl-PL","@id":"https:\/\/dekornik.com\/pl\/produkt\/jungle-botanics-plants-template\/#primaryimage","url":"https:\/\/dekornik.com\/wp-content\/uploads\/2025\/10\/DODATKI_jungle_1200.jpg","contentUrl":"https:\/\/dekornik.com\/wp-content\/uploads\/2025\/10\/DODATKI_jungle_1200.jpg","width":1200,"height":1200},{"@type":"BreadcrumbList","@id":"https:\/\/dekornik.com\/pl\/produkt\/jungle-botanics-plants-template\/#breadcrumb","itemListElement":[{"@type":"ListItem","position":1,"name":"Home","item":"https:\/\/dekornik.com\/pl\/"},{"@type":"ListItem","position":2,"name":"Sklep","item":"https:\/\/dekornik.com\/pl\/sklep\/"},{"@type":"ListItem","position":3,"name":"Jungle Botanic Plants"}]},{"@type":"WebSite","@id":"https:\/\/dekornik.com\/pl\/#website","url":"https:\/\/dekornik.com\/pl\/","name":"Dekornik","description":"Your little one will love it\\!","publisher":{"@id":"https:\/\/dekornik.com\/pl\/#organization"},"potentialAction":[{"@type":"SearchAction","target":{"@type":"EntryPoint","urlTemplate":"https:\/\/dekornik.com\/pl\/?s={search_term_string}"},"query-input":{"@type":"PropertyValueSpecification","valueRequired":true,"valueName":"search_term_string"}}],"inLanguage":"pl-PL"},{"@type":"Organization","@id":"https:\/\/dekornik.com\/pl\/#organization","name":"Dekornik sp. z o.o.","url":"https:\/\/dekornik.com\/pl\/","logo":{"@type":"ImageObject","inLanguage":"pl-PL","@id":"https:\/\/dekornik.com\/pl\/#\/schema\/logo\/image\/","url":"http:\/\/dekornik.com\/wp-content\/uploads\/2026\/01\/logo_dekornik-01-1.svg","contentUrl":"http:\/\/dekornik.com\/wp-content\/uploads\/2026\/01\/logo_dekornik-01-1.svg","width":"1024","height":"1024","caption":"Dekornik sp. z o.o."},"image":{"@id":"https:\/\/dekornik.com\/pl\/#\/schema\/logo\/image\/"},"sameAs":["https:\/\/www.facebook.com\/DEKORNIK\/","https:\/\/instagram.com\/dekornik","https:\/\/www.pinterest.com\/dekornikcom\/"]}]}},"_links":{"self":[{"href":"https:\/\/dekornik.com\/pl\/wp-json\/wp\/v2\/product\/8926","targetHints":{"allow":["GET"]}}],"collection":[{"href":"https:\/\/dekornik.com\/pl\/wp-json\/wp\/v2\/product"}],"about":[{"href":"https:\/\/dekornik.com\/pl\/wp-json\/wp\/v2\/types\/product"}],"replies":[{"embeddable":true,"href":"https:\/\/dekornik.com\/pl\/wp-json\/wp\/v2\/comments?post=8926"}],"wp:featuredmedia":[{"embeddable":true,"href":"https:\/\/dekornik.com\/pl\/wp-json\/wp\/v2\/media\/8927"}],"wp:attachment":[{"href":"https:\/\/dekornik.com\/pl\/wp-json\/wp\/v2\/media?parent=8926"}],"wp:term":[{"taxonomy":"product_brand","embeddable":true,"href":"https:\/\/dekornik.com\/pl\/wp-json\/wp\/v2\/product_brand?post=8926"},{"taxonomy":"product_cat","embeddable":true,"href":"https:\/\/dekornik.com\/pl\/wp-json\/wp\/v2\/product_cat?post=8926"},{"taxonomy":"product_tag","embeddable":true,"href":"https:\/\/dekornik.com\/pl\/wp-json\/wp\/v2\/product_tag?post=8926"}],"curies":[{"name":"wp","href":"https:\/\/api.w.org\/{rel}","templated":true}]}}