{"id":8922,"date":"2025-10-02T11:18:57","date_gmt":"2025-10-02T11:18:57","guid":{"rendered":"http:\/\/dekornik.com\/product\/rainbows-wallpaper\/"},"modified":"2026-04-04T13:17:48","modified_gmt":"2026-04-04T13:17:48","slug":"rainbows-wallpaper","status":"publish","type":"product","link":"https:\/\/dekornik.com\/pl\/produkt\/rainbows-wallpaper\/","title":{"rendered":"Rainbows Tapeta"},"content":{"rendered":"<p>T\u0119 tapet\u0119 wielokrotnie widzieli\u015bmy w pokoikach, kt\u00f3re czeka\u0142y na swojego mieszka\u0144ca. Jest idealna za ko\u0142ysk\u0119 i spokojnie wytrwa do czwartego roku \u017cycia \u2014 zar\u00f3wno w pokoju ch\u0142opca, jak i dziewczynki. Bardzo, bardzo delikatna!<\/p>\n<p><strong>TECHNICZNIE:<\/strong><\/p>\n<p>Tapeta podzielona jest na pasy:<br \/>\n\u2022 Wysoko\u015b\u0107: 280 cm<br \/>\n\u2022 Szeroko\u015b\u0107: 50 cm<br \/>\n\u2022 Mamy tak\u017ce opcj\u0119 140 cm na wysoko\u015b\u0107, dla wszystkich, kt\u00f3rzy lubi\u0105 lamperi\u0119 i chc\u0105 tapet\u0119 jedynie od po\u0142owy \u015bciany.<\/p>\n<p>Cena dotyczy jednego pasa.<\/p>\n<p>Te pasy pasuj\u0105 do wi\u0119kszo\u015bci standardowych mieszka\u0144 \u2013 maj\u0105 dodatkowe 20 cm d\u0142ugo\u015bci, wi\u0119c bez problemu przytniesz je do wysoko\u015bci swojej \u015bciany.<\/p>\n<p>Zamawianie tapet w pasach jest szybkie i wygodne. Wystarczy zmierzy\u0107 \u015bcian\u0119 i dobra\u0107 odpowiedni\u0105 liczb\u0119 pas\u00f3w \u2013 bez skomplikowanych oblicze\u0144. Trudno tu o pomy\u0142k\u0119.<\/p>\n<p>W\u0105skie pasy sprawiaj\u0105, \u017ce tapeta niemal idealnie dopasowuje si\u0119 do szeroko\u015bci \u015bciany. Dodatkowo powtarzalny wz\u00f3r \u2013 identyczny na ka\u017cdym pasie \u2013 u\u0142atwia precyzyjne \u0142\u0105czenie od sufitu, dzi\u0119ki czemu materia\u0142 wykorzystujesz niemal w ca\u0142o\u015bci i niewiele si\u0119 marnuje!<\/p>\n","protected":false},"excerpt":{"rendered":"<p>Delikatne t\u0119cze w pastelowych kolorach \u2014 tapeta idealna do pokoiku noworodka i dziecka do 4 roku \u017cycia. Bardzo subtelna, nie dominuje wystroju, a jednocze\u015bnie dodaje bajkowego charakteru.<\/p>\n<p>Pi\u0119knie prezentuje si\u0119 na jednej \u015bcianie akcentowej lub w ca\u0142ym pokoju.<\/p>\n<p>Drukowana na matowym papierze Dekornik \u2014 ekologicznym, grubym 190g\/m2, i bezpiecznym dla dzieci.<\/p>\n","protected":false},"featured_media":8923,"comment_status":"open","ping_status":"closed","template":"","meta":{"inline_featured_image":false},"product_brand":[],"product_cat":[391,403,402,401,397,398,237],"product_tag":[691,710,714,725,731,738,742,750,751,753],"class_list":{"0":"post-8922","1":"product","2":"type-product","3":"status-publish","4":"has-post-thumbnail","6":"product_cat-basniowe","7":"product_cat-delikatny-pokoj-dzieciecy","8":"product_cat-dla-chlopcow","9":"product_cat-dla-dziewczynek","10":"product_cat-minimalistyczne","11":"product_cat-pastele","12":"product_cat-tapety","13":"product_tag-big-kid-approved-pl","14":"product_tag-fairytale-magic-pl","15":"product_tag-graphic-clean-pl","16":"product_tag-minimal-mood-pl","17":"product_tag-nursery-calm-pl","18":"product_tag-photo-ready-backdrop-pl","19":"product_tag-rainbow-accent-pl","20":"product_tag-starry-sparkle-pl","21":"product_tag-statement-wall-pl","22":"product_tag-stripe-rhythm-pl","24":"first","25":"instock","26":"sale","27":"taxable","28":"shipping-taxable","29":"purchasable","30":"product-type-variable","31":"has-default-attributes"},"yoast_head":"<!-- This site is optimized with the Yoast SEO plugin v27.3 - https:\/\/yoast.com\/product\/yoast-seo-wordpress\/ -->\n<title>Peaceful Teddy Bears &amp; Flowers Wallpaper | Baby Nursery<\/title>\n<meta name=\"description\" content=\"Transform your child&#039;s room with Dekornik&#039;s Teddy Bears &amp; Flowers Wallpaper. Designed to soothe newborns &amp; delight girls. Create a dreamy, innocent space. Explore our quality designs today!\" \/>\n<meta name=\"robots\" content=\"index, follow, max-snippet:-1, max-image-preview:large, max-video-preview:-1\" \/>\n<link rel=\"canonical\" href=\"https:\/\/dekornik.com\/pl\/produkt\/rainbows-wallpaper\/\" \/>\n<meta property=\"og:locale\" content=\"pl_PL\" \/>\n<meta property=\"og:type\" content=\"article\" \/>\n<meta property=\"og:title\" content=\"Peaceful Teddy Bears &amp; Flowers Wallpaper | Baby Nursery\" \/>\n<meta property=\"og:description\" content=\"Transform your child&#039;s room with Dekornik&#039;s Teddy Bears &amp; Flowers Wallpaper. Designed to soothe newborns &amp; delight girls. Create a dreamy, innocent space. Explore our quality designs today!\" \/>\n<meta property=\"og:url\" content=\"https:\/\/dekornik.com\/pl\/produkt\/rainbows-wallpaper\/\" \/>\n<meta property=\"og:site_name\" content=\"Dekornik\" \/>\n<meta property=\"article:publisher\" content=\"https:\/\/www.facebook.com\/DEKORNIK\/\" \/>\n<meta property=\"article:modified_time\" content=\"2026-04-04T13:17:48+00:00\" \/>\n<meta property=\"og:image\" content=\"https:\/\/dekornik.com\/wp-content\/uploads\/2025\/10\/tapeta_tecze_packshot_dekornik_0a27ec1d-379e-4fe5-92e8-fd7208fc1864.jpg\" \/>\n\t<meta property=\"og:image:width\" content=\"1200\" \/>\n\t<meta property=\"og:image:height\" content=\"1200\" \/>\n\t<meta property=\"og:image:type\" content=\"image\/jpeg\" \/>\n<script type=\"application\/ld+json\" class=\"yoast-schema-graph\">{\"@context\":\"https:\\\/\\\/schema.org\",\"@graph\":[{\"@type\":\"WebPage\",\"@id\":\"https:\\\/\\\/dekornik.com\\\/pl\\\/produkt\\\/rainbows-wallpaper\\\/\",\"url\":\"https:\\\/\\\/dekornik.com\\\/pl\\\/produkt\\\/rainbows-wallpaper\\\/\",\"name\":\"Peaceful Teddy Bears & Flowers Wallpaper | Baby Nursery\",\"isPartOf\":{\"@id\":\"https:\\\/\\\/dekornik.com\\\/pl\\\/#website\"},\"primaryImageOfPage\":{\"@id\":\"https:\\\/\\\/dekornik.com\\\/pl\\\/produkt\\\/rainbows-wallpaper\\\/#primaryimage\"},\"image\":{\"@id\":\"https:\\\/\\\/dekornik.com\\\/pl\\\/produkt\\\/rainbows-wallpaper\\\/#primaryimage\"},\"thumbnailUrl\":\"https:\\\/\\\/dekornik.com\\\/wp-content\\\/uploads\\\/2025\\\/10\\\/tapeta_tecze_packshot_dekornik_0a27ec1d-379e-4fe5-92e8-fd7208fc1864.jpg\",\"datePublished\":\"2025-10-02T11:18:57+00:00\",\"dateModified\":\"2026-04-04T13:17:48+00:00\",\"description\":\"Transform your child's room with Dekornik's Teddy Bears & Flowers Wallpaper. Designed to soothe newborns & delight girls. Create a dreamy, innocent space. Explore our quality designs today!\",\"breadcrumb\":{\"@id\":\"https:\\\/\\\/dekornik.com\\\/pl\\\/produkt\\\/rainbows-wallpaper\\\/#breadcrumb\"},\"inLanguage\":\"pl-PL\",\"potentialAction\":[{\"@type\":\"ReadAction\",\"target\":[\"https:\\\/\\\/dekornik.com\\\/pl\\\/produkt\\\/rainbows-wallpaper\\\/\"]}]},{\"@type\":\"ImageObject\",\"inLanguage\":\"pl-PL\",\"@id\":\"https:\\\/\\\/dekornik.com\\\/pl\\\/produkt\\\/rainbows-wallpaper\\\/#primaryimage\",\"url\":\"https:\\\/\\\/dekornik.com\\\/wp-content\\\/uploads\\\/2025\\\/10\\\/tapeta_tecze_packshot_dekornik_0a27ec1d-379e-4fe5-92e8-fd7208fc1864.jpg\",\"contentUrl\":\"https:\\\/\\\/dekornik.com\\\/wp-content\\\/uploads\\\/2025\\\/10\\\/tapeta_tecze_packshot_dekornik_0a27ec1d-379e-4fe5-92e8-fd7208fc1864.jpg\",\"width\":1200,\"height\":1200},{\"@type\":\"BreadcrumbList\",\"@id\":\"https:\\\/\\\/dekornik.com\\\/pl\\\/produkt\\\/rainbows-wallpaper\\\/#breadcrumb\",\"itemListElement\":[{\"@type\":\"ListItem\",\"position\":1,\"name\":\"Home\",\"item\":\"https:\\\/\\\/dekornik.com\\\/pl\\\/\"},{\"@type\":\"ListItem\",\"position\":2,\"name\":\"Sklep\",\"item\":\"https:\\\/\\\/dekornik.com\\\/pl\\\/sklep\\\/\"},{\"@type\":\"ListItem\",\"position\":3,\"name\":\"Rainbows Tapeta\"}]},{\"@type\":\"WebSite\",\"@id\":\"https:\\\/\\\/dekornik.com\\\/pl\\\/#website\",\"url\":\"https:\\\/\\\/dekornik.com\\\/pl\\\/\",\"name\":\"Dekornik\",\"description\":\"Your little one will love it\\\\!\",\"publisher\":{\"@id\":\"https:\\\/\\\/dekornik.com\\\/pl\\\/#organization\"},\"potentialAction\":[{\"@type\":\"SearchAction\",\"target\":{\"@type\":\"EntryPoint\",\"urlTemplate\":\"https:\\\/\\\/dekornik.com\\\/pl\\\/?s={search_term_string}\"},\"query-input\":{\"@type\":\"PropertyValueSpecification\",\"valueRequired\":true,\"valueName\":\"search_term_string\"}}],\"inLanguage\":\"pl-PL\"},{\"@type\":\"Organization\",\"@id\":\"https:\\\/\\\/dekornik.com\\\/pl\\\/#organization\",\"name\":\"Dekornik sp. z o.o.\",\"url\":\"https:\\\/\\\/dekornik.com\\\/pl\\\/\",\"logo\":{\"@type\":\"ImageObject\",\"inLanguage\":\"pl-PL\",\"@id\":\"https:\\\/\\\/dekornik.com\\\/pl\\\/#\\\/schema\\\/logo\\\/image\\\/\",\"url\":\"http:\\\/\\\/dekornik.com\\\/wp-content\\\/uploads\\\/2026\\\/01\\\/logo_dekornik-01-1.svg\",\"contentUrl\":\"http:\\\/\\\/dekornik.com\\\/wp-content\\\/uploads\\\/2026\\\/01\\\/logo_dekornik-01-1.svg\",\"width\":\"1024\",\"height\":\"1024\",\"caption\":\"Dekornik sp. z o.o.\"},\"image\":{\"@id\":\"https:\\\/\\\/dekornik.com\\\/pl\\\/#\\\/schema\\\/logo\\\/image\\\/\"},\"sameAs\":[\"https:\\\/\\\/www.facebook.com\\\/DEKORNIK\\\/\",\"https:\\\/\\\/instagram.com\\\/dekornik\",\"https:\\\/\\\/www.pinterest.com\\\/dekornikcom\\\/\"]}]}<\/script>\n<!-- \/ Yoast SEO plugin. -->","yoast_head_json":{"title":"Peaceful Teddy Bears & Flowers Wallpaper | Baby Nursery","description":"Transform your child's room with Dekornik's Teddy Bears & Flowers Wallpaper. Designed to soothe newborns & delight girls. Create a dreamy, innocent space. Explore our quality designs today!","robots":{"index":"index","follow":"follow","max-snippet":"max-snippet:-1","max-image-preview":"max-image-preview:large","max-video-preview":"max-video-preview:-1"},"canonical":"https:\/\/dekornik.com\/pl\/produkt\/rainbows-wallpaper\/","og_locale":"pl_PL","og_type":"article","og_title":"Peaceful Teddy Bears & Flowers Wallpaper | Baby Nursery","og_description":"Transform your child's room with Dekornik's Teddy Bears & Flowers Wallpaper. Designed to soothe newborns & delight girls. Create a dreamy, innocent space. Explore our quality designs today!","og_url":"https:\/\/dekornik.com\/pl\/produkt\/rainbows-wallpaper\/","og_site_name":"Dekornik","article_publisher":"https:\/\/www.facebook.com\/DEKORNIK\/","article_modified_time":"2026-04-04T13:17:48+00:00","og_image":[{"width":1200,"height":1200,"url":"https:\/\/dekornik.com\/wp-content\/uploads\/2025\/10\/tapeta_tecze_packshot_dekornik_0a27ec1d-379e-4fe5-92e8-fd7208fc1864.jpg","type":"image\/jpeg"}],"schema":{"@context":"https:\/\/schema.org","@graph":[{"@type":"WebPage","@id":"https:\/\/dekornik.com\/pl\/produkt\/rainbows-wallpaper\/","url":"https:\/\/dekornik.com\/pl\/produkt\/rainbows-wallpaper\/","name":"Peaceful Teddy Bears & Flowers Wallpaper | Baby Nursery","isPartOf":{"@id":"https:\/\/dekornik.com\/pl\/#website"},"primaryImageOfPage":{"@id":"https:\/\/dekornik.com\/pl\/produkt\/rainbows-wallpaper\/#primaryimage"},"image":{"@id":"https:\/\/dekornik.com\/pl\/produkt\/rainbows-wallpaper\/#primaryimage"},"thumbnailUrl":"https:\/\/dekornik.com\/wp-content\/uploads\/2025\/10\/tapeta_tecze_packshot_dekornik_0a27ec1d-379e-4fe5-92e8-fd7208fc1864.jpg","datePublished":"2025-10-02T11:18:57+00:00","dateModified":"2026-04-04T13:17:48+00:00","description":"Transform your child's room with Dekornik's Teddy Bears & Flowers Wallpaper. Designed to soothe newborns & delight girls. Create a dreamy, innocent space. Explore our quality designs today!","breadcrumb":{"@id":"https:\/\/dekornik.com\/pl\/produkt\/rainbows-wallpaper\/#breadcrumb"},"inLanguage":"pl-PL","potentialAction":[{"@type":"ReadAction","target":["https:\/\/dekornik.com\/pl\/produkt\/rainbows-wallpaper\/"]}]},{"@type":"ImageObject","inLanguage":"pl-PL","@id":"https:\/\/dekornik.com\/pl\/produkt\/rainbows-wallpaper\/#primaryimage","url":"https:\/\/dekornik.com\/wp-content\/uploads\/2025\/10\/tapeta_tecze_packshot_dekornik_0a27ec1d-379e-4fe5-92e8-fd7208fc1864.jpg","contentUrl":"https:\/\/dekornik.com\/wp-content\/uploads\/2025\/10\/tapeta_tecze_packshot_dekornik_0a27ec1d-379e-4fe5-92e8-fd7208fc1864.jpg","width":1200,"height":1200},{"@type":"BreadcrumbList","@id":"https:\/\/dekornik.com\/pl\/produkt\/rainbows-wallpaper\/#breadcrumb","itemListElement":[{"@type":"ListItem","position":1,"name":"Home","item":"https:\/\/dekornik.com\/pl\/"},{"@type":"ListItem","position":2,"name":"Sklep","item":"https:\/\/dekornik.com\/pl\/sklep\/"},{"@type":"ListItem","position":3,"name":"Rainbows Tapeta"}]},{"@type":"WebSite","@id":"https:\/\/dekornik.com\/pl\/#website","url":"https:\/\/dekornik.com\/pl\/","name":"Dekornik","description":"Your little one will love it\\!","publisher":{"@id":"https:\/\/dekornik.com\/pl\/#organization"},"potentialAction":[{"@type":"SearchAction","target":{"@type":"EntryPoint","urlTemplate":"https:\/\/dekornik.com\/pl\/?s={search_term_string}"},"query-input":{"@type":"PropertyValueSpecification","valueRequired":true,"valueName":"search_term_string"}}],"inLanguage":"pl-PL"},{"@type":"Organization","@id":"https:\/\/dekornik.com\/pl\/#organization","name":"Dekornik sp. z o.o.","url":"https:\/\/dekornik.com\/pl\/","logo":{"@type":"ImageObject","inLanguage":"pl-PL","@id":"https:\/\/dekornik.com\/pl\/#\/schema\/logo\/image\/","url":"http:\/\/dekornik.com\/wp-content\/uploads\/2026\/01\/logo_dekornik-01-1.svg","contentUrl":"http:\/\/dekornik.com\/wp-content\/uploads\/2026\/01\/logo_dekornik-01-1.svg","width":"1024","height":"1024","caption":"Dekornik sp. z o.o."},"image":{"@id":"https:\/\/dekornik.com\/pl\/#\/schema\/logo\/image\/"},"sameAs":["https:\/\/www.facebook.com\/DEKORNIK\/","https:\/\/instagram.com\/dekornik","https:\/\/www.pinterest.com\/dekornikcom\/"]}]}},"_links":{"self":[{"href":"https:\/\/dekornik.com\/pl\/wp-json\/wp\/v2\/product\/8922","targetHints":{"allow":["GET"]}}],"collection":[{"href":"https:\/\/dekornik.com\/pl\/wp-json\/wp\/v2\/product"}],"about":[{"href":"https:\/\/dekornik.com\/pl\/wp-json\/wp\/v2\/types\/product"}],"replies":[{"embeddable":true,"href":"https:\/\/dekornik.com\/pl\/wp-json\/wp\/v2\/comments?post=8922"}],"wp:featuredmedia":[{"embeddable":true,"href":"https:\/\/dekornik.com\/pl\/wp-json\/wp\/v2\/media\/8923"}],"wp:attachment":[{"href":"https:\/\/dekornik.com\/pl\/wp-json\/wp\/v2\/media?parent=8922"}],"wp:term":[{"taxonomy":"product_brand","embeddable":true,"href":"https:\/\/dekornik.com\/pl\/wp-json\/wp\/v2\/product_brand?post=8922"},{"taxonomy":"product_cat","embeddable":true,"href":"https:\/\/dekornik.com\/pl\/wp-json\/wp\/v2\/product_cat?post=8922"},{"taxonomy":"product_tag","embeddable":true,"href":"https:\/\/dekornik.com\/pl\/wp-json\/wp\/v2\/product_tag?post=8922"}],"curies":[{"name":"wp","href":"https:\/\/api.w.org\/{rel}","templated":true}]}}