{"id":8912,"date":"2025-10-02T11:19:00","date_gmt":"2025-10-02T11:19:00","guid":{"rendered":"http:\/\/dekornik.com\/product\/animals-natural-wallpaper\/"},"modified":"2026-04-02T10:41:07","modified_gmt":"2026-04-02T10:41:07","slug":"animals-natural-wallpaper","status":"publish","type":"product","link":"https:\/\/dekornik.com\/pl\/produkt\/animals-natural-wallpaper\/","title":{"rendered":"Animals Natural Tapeta"},"content":{"rendered":"<p>Ta tapeta jest obecna w najpi\u0119kniejszych polskich pokojach. Od czasu wprowadzenia jej do naszej oferty, nie mo\u017cemy napatrze\u0107 si\u0119 na t\u0119 wersj\u0119 i na zdj\u0119cia Waszych wspania\u0142ych wn\u0119trz! Pomys\u0142y naszych klient\u00f3w naprawd\u0119 rz\u0105dz\u0105!<\/p>\n<p><strong>TECHNICZNIE:<\/strong><\/p>\n<p>Tapeta podzielona jest na pasy:<\/p>\n<ul>\n<li>Wysoko\u015b\u0107: 280 cm<\/li>\n<li>Szeroko\u015b\u0107: 100 cm<\/li>\n<li>Mamy tak\u017ce opcj\u0119 140 cm na wysoko\u015b\u0107, dla wszystkich, kt\u00f3rzy lubi\u0105 lamperi\u0119 i chc\u0105 tapet\u0119 jedynie od po\u0142owy \u015bciany.<\/li>\n<\/ul>\n<p>Cena dotyczy jednego pasa.<\/p>\n<p>Te pasy pasuj\u0105 do wi\u0119kszo\u015bci standardowych mieszka\u0144 &#8211; maj\u0105 dodatkowe 20 cm d\u0142ugo\u015bci, wi\u0119c bez problemu przytniesz je do wysoko\u015bci swojej \u015bciany.<\/p>\n<p>Zamawianie tapet w pasach jest szybkie i wygodne. Wystarczy zmierzy\u0107 \u015bcian\u0119 i dobra\u0107 odpowiedni\u0105 liczb\u0119 pas\u00f3w &#8211; bez skomplikowanych oblicze\u0144. Trudno tu o pomy\u0142k\u0119.<\/p>\n","protected":false},"excerpt":{"rendered":"<div class=\"entry-content\">\n<p>Animals Natural Wallpaper to tapeta obecna w najpi\u0119kniejszych polskich domach. Od wprowadzenia jej do naszej oferty nie mo\u017cemy si\u0119 napatrze\u0107 na t\u0119 wersj\u0119 i na zdj\u0119cia Waszych wspania\u0142ych wn\u0119trz!<\/p>\n<p>To dekoracja uniwersalna, kt\u00f3ra pasuje do wielu styl\u00f3w. \u015awietnie sprawdzi si\u0119 jako \u015bciana akcentowa albo w ca\u0142ym pokoju.<\/p>\n<p>Drukowana na matowym papierze Dekornik \u2014 ekologicznym, grubym 190g\/m2, i bezpiecznym dla dzieci.<\/p>\n<\/div>\n","protected":false},"featured_media":8913,"comment_status":"open","ping_status":"closed","template":"","meta":{"inline_featured_image":false},"product_brand":[],"product_cat":[402,404,399,388,237,390,384],"product_tag":[687,691,693,712,717,731,750,751,753,755],"class_list":{"0":"post-8912","1":"product","2":"type-product","3":"status-publish","4":"has-post-thumbnail","6":"product_cat-dla-chlopcow","7":"product_cat-kolorowy-pokoj-malucha","8":"product_cat-kroliki","9":"product_cat-las-i-dzungla","10":"product_cat-tapety","11":"product_cat-ziemiste-tony","12":"product_cat-zwierzeta","13":"product_tag-animal-friends-pl","14":"product_tag-big-kid-approved-pl","15":"product_tag-bunny-love-pl","16":"product_tag-forest-adventure-pl","17":"product_tag-jungle-mood-pl","18":"product_tag-nursery-calm-pl","19":"product_tag-starry-sparkle-pl","20":"product_tag-statement-wall-pl","21":"product_tag-stripe-rhythm-pl","22":"product_tag-toddler-energy-pl","24":"first","25":"instock","26":"sale","27":"taxable","28":"shipping-taxable","29":"purchasable","30":"product-type-variable","31":"has-default-attributes"},"yoast_head":"<!-- This site is optimized with the Yoast SEO plugin v27.3 - https:\/\/yoast.com\/product\/yoast-seo-wordpress\/ -->\n<title>Maya Stripes Brown Beige Wallpaper | Stylish &amp; Versatile<\/title>\n<meta name=\"description\" content=\"Transform your walls with Maya Stripes Brown Beige Wallpaper. Inspired by Maja Bohosiewicz, its elegant cherry brown and cream stripes create a soothing, versatile design for any room. Discover yours!\" \/>\n<meta name=\"robots\" content=\"index, follow, max-snippet:-1, max-image-preview:large, max-video-preview:-1\" \/>\n<link rel=\"canonical\" href=\"https:\/\/dekornik.com\/pl\/produkt\/animals-natural-wallpaper\/\" \/>\n<meta property=\"og:locale\" content=\"pl_PL\" \/>\n<meta property=\"og:type\" content=\"article\" \/>\n<meta property=\"og:title\" content=\"Maya Stripes Brown Beige Wallpaper | Stylish &amp; Versatile\" \/>\n<meta property=\"og:description\" content=\"Transform your walls with Maya Stripes Brown Beige Wallpaper. Inspired by Maja Bohosiewicz, its elegant cherry brown and cream stripes create a soothing, versatile design for any room. Discover yours!\" \/>\n<meta property=\"og:url\" content=\"https:\/\/dekornik.com\/pl\/produkt\/animals-natural-wallpaper\/\" \/>\n<meta property=\"og:site_name\" content=\"Dekornik\" \/>\n<meta property=\"article:publisher\" content=\"https:\/\/www.facebook.com\/DEKORNIK\/\" \/>\n<meta property=\"article:modified_time\" content=\"2026-04-02T10:41:07+00:00\" \/>\n<meta property=\"og:image\" content=\"https:\/\/dekornik.com\/wp-content\/uploads\/2025\/10\/DEKO.TAP_.011_1000x1000_d77df227-88c3-4222-b4f0-1d61ef2b8471.jpg\" \/>\n\t<meta property=\"og:image:width\" content=\"1000\" \/>\n\t<meta property=\"og:image:height\" content=\"1000\" \/>\n\t<meta property=\"og:image:type\" content=\"image\/jpeg\" \/>\n<script type=\"application\/ld+json\" class=\"yoast-schema-graph\">{\"@context\":\"https:\\\/\\\/schema.org\",\"@graph\":[{\"@type\":\"WebPage\",\"@id\":\"https:\\\/\\\/dekornik.com\\\/pl\\\/produkt\\\/animals-natural-wallpaper\\\/\",\"url\":\"https:\\\/\\\/dekornik.com\\\/pl\\\/produkt\\\/animals-natural-wallpaper\\\/\",\"name\":\"Maya Stripes Brown Beige Wallpaper | Stylish & Versatile\",\"isPartOf\":{\"@id\":\"https:\\\/\\\/dekornik.com\\\/pl\\\/#website\"},\"primaryImageOfPage\":{\"@id\":\"https:\\\/\\\/dekornik.com\\\/pl\\\/produkt\\\/animals-natural-wallpaper\\\/#primaryimage\"},\"image\":{\"@id\":\"https:\\\/\\\/dekornik.com\\\/pl\\\/produkt\\\/animals-natural-wallpaper\\\/#primaryimage\"},\"thumbnailUrl\":\"https:\\\/\\\/dekornik.com\\\/wp-content\\\/uploads\\\/2025\\\/10\\\/DEKO.TAP_.011_1000x1000_d77df227-88c3-4222-b4f0-1d61ef2b8471.jpg\",\"datePublished\":\"2025-10-02T11:19:00+00:00\",\"dateModified\":\"2026-04-02T10:41:07+00:00\",\"description\":\"Transform your walls with Maya Stripes Brown Beige Wallpaper. Inspired by Maja Bohosiewicz, its elegant cherry brown and cream stripes create a soothing, versatile design for any room. Discover yours!\",\"breadcrumb\":{\"@id\":\"https:\\\/\\\/dekornik.com\\\/pl\\\/produkt\\\/animals-natural-wallpaper\\\/#breadcrumb\"},\"inLanguage\":\"pl-PL\",\"potentialAction\":[{\"@type\":\"ReadAction\",\"target\":[\"https:\\\/\\\/dekornik.com\\\/pl\\\/produkt\\\/animals-natural-wallpaper\\\/\"]}]},{\"@type\":\"ImageObject\",\"inLanguage\":\"pl-PL\",\"@id\":\"https:\\\/\\\/dekornik.com\\\/pl\\\/produkt\\\/animals-natural-wallpaper\\\/#primaryimage\",\"url\":\"https:\\\/\\\/dekornik.com\\\/wp-content\\\/uploads\\\/2025\\\/10\\\/DEKO.TAP_.011_1000x1000_d77df227-88c3-4222-b4f0-1d61ef2b8471.jpg\",\"contentUrl\":\"https:\\\/\\\/dekornik.com\\\/wp-content\\\/uploads\\\/2025\\\/10\\\/DEKO.TAP_.011_1000x1000_d77df227-88c3-4222-b4f0-1d61ef2b8471.jpg\",\"width\":1000,\"height\":1000},{\"@type\":\"BreadcrumbList\",\"@id\":\"https:\\\/\\\/dekornik.com\\\/pl\\\/produkt\\\/animals-natural-wallpaper\\\/#breadcrumb\",\"itemListElement\":[{\"@type\":\"ListItem\",\"position\":1,\"name\":\"Home\",\"item\":\"https:\\\/\\\/dekornik.com\\\/pl\\\/\"},{\"@type\":\"ListItem\",\"position\":2,\"name\":\"Sklep\",\"item\":\"https:\\\/\\\/dekornik.com\\\/pl\\\/sklep\\\/\"},{\"@type\":\"ListItem\",\"position\":3,\"name\":\"Animals Natural Tapeta\"}]},{\"@type\":\"WebSite\",\"@id\":\"https:\\\/\\\/dekornik.com\\\/pl\\\/#website\",\"url\":\"https:\\\/\\\/dekornik.com\\\/pl\\\/\",\"name\":\"Dekornik\",\"description\":\"Your little one will love it\\\\!\",\"publisher\":{\"@id\":\"https:\\\/\\\/dekornik.com\\\/pl\\\/#organization\"},\"potentialAction\":[{\"@type\":\"SearchAction\",\"target\":{\"@type\":\"EntryPoint\",\"urlTemplate\":\"https:\\\/\\\/dekornik.com\\\/pl\\\/?s={search_term_string}\"},\"query-input\":{\"@type\":\"PropertyValueSpecification\",\"valueRequired\":true,\"valueName\":\"search_term_string\"}}],\"inLanguage\":\"pl-PL\"},{\"@type\":\"Organization\",\"@id\":\"https:\\\/\\\/dekornik.com\\\/pl\\\/#organization\",\"name\":\"Dekornik sp. z o.o.\",\"url\":\"https:\\\/\\\/dekornik.com\\\/pl\\\/\",\"logo\":{\"@type\":\"ImageObject\",\"inLanguage\":\"pl-PL\",\"@id\":\"https:\\\/\\\/dekornik.com\\\/pl\\\/#\\\/schema\\\/logo\\\/image\\\/\",\"url\":\"http:\\\/\\\/dekornik.com\\\/wp-content\\\/uploads\\\/2026\\\/01\\\/logo_dekornik-01-1.svg\",\"contentUrl\":\"http:\\\/\\\/dekornik.com\\\/wp-content\\\/uploads\\\/2026\\\/01\\\/logo_dekornik-01-1.svg\",\"width\":\"1024\",\"height\":\"1024\",\"caption\":\"Dekornik sp. z o.o.\"},\"image\":{\"@id\":\"https:\\\/\\\/dekornik.com\\\/pl\\\/#\\\/schema\\\/logo\\\/image\\\/\"},\"sameAs\":[\"https:\\\/\\\/www.facebook.com\\\/DEKORNIK\\\/\",\"https:\\\/\\\/instagram.com\\\/dekornik\",\"https:\\\/\\\/www.pinterest.com\\\/dekornikcom\\\/\"]}]}<\/script>\n<!-- \/ Yoast SEO plugin. -->","yoast_head_json":{"title":"Maya Stripes Brown Beige Wallpaper | Stylish & Versatile","description":"Transform your walls with Maya Stripes Brown Beige Wallpaper. Inspired by Maja Bohosiewicz, its elegant cherry brown and cream stripes create a soothing, versatile design for any room. Discover yours!","robots":{"index":"index","follow":"follow","max-snippet":"max-snippet:-1","max-image-preview":"max-image-preview:large","max-video-preview":"max-video-preview:-1"},"canonical":"https:\/\/dekornik.com\/pl\/produkt\/animals-natural-wallpaper\/","og_locale":"pl_PL","og_type":"article","og_title":"Maya Stripes Brown Beige Wallpaper | Stylish & Versatile","og_description":"Transform your walls with Maya Stripes Brown Beige Wallpaper. Inspired by Maja Bohosiewicz, its elegant cherry brown and cream stripes create a soothing, versatile design for any room. Discover yours!","og_url":"https:\/\/dekornik.com\/pl\/produkt\/animals-natural-wallpaper\/","og_site_name":"Dekornik","article_publisher":"https:\/\/www.facebook.com\/DEKORNIK\/","article_modified_time":"2026-04-02T10:41:07+00:00","og_image":[{"width":1000,"height":1000,"url":"https:\/\/dekornik.com\/wp-content\/uploads\/2025\/10\/DEKO.TAP_.011_1000x1000_d77df227-88c3-4222-b4f0-1d61ef2b8471.jpg","type":"image\/jpeg"}],"schema":{"@context":"https:\/\/schema.org","@graph":[{"@type":"WebPage","@id":"https:\/\/dekornik.com\/pl\/produkt\/animals-natural-wallpaper\/","url":"https:\/\/dekornik.com\/pl\/produkt\/animals-natural-wallpaper\/","name":"Maya Stripes Brown Beige Wallpaper | Stylish & Versatile","isPartOf":{"@id":"https:\/\/dekornik.com\/pl\/#website"},"primaryImageOfPage":{"@id":"https:\/\/dekornik.com\/pl\/produkt\/animals-natural-wallpaper\/#primaryimage"},"image":{"@id":"https:\/\/dekornik.com\/pl\/produkt\/animals-natural-wallpaper\/#primaryimage"},"thumbnailUrl":"https:\/\/dekornik.com\/wp-content\/uploads\/2025\/10\/DEKO.TAP_.011_1000x1000_d77df227-88c3-4222-b4f0-1d61ef2b8471.jpg","datePublished":"2025-10-02T11:19:00+00:00","dateModified":"2026-04-02T10:41:07+00:00","description":"Transform your walls with Maya Stripes Brown Beige Wallpaper. Inspired by Maja Bohosiewicz, its elegant cherry brown and cream stripes create a soothing, versatile design for any room. Discover yours!","breadcrumb":{"@id":"https:\/\/dekornik.com\/pl\/produkt\/animals-natural-wallpaper\/#breadcrumb"},"inLanguage":"pl-PL","potentialAction":[{"@type":"ReadAction","target":["https:\/\/dekornik.com\/pl\/produkt\/animals-natural-wallpaper\/"]}]},{"@type":"ImageObject","inLanguage":"pl-PL","@id":"https:\/\/dekornik.com\/pl\/produkt\/animals-natural-wallpaper\/#primaryimage","url":"https:\/\/dekornik.com\/wp-content\/uploads\/2025\/10\/DEKO.TAP_.011_1000x1000_d77df227-88c3-4222-b4f0-1d61ef2b8471.jpg","contentUrl":"https:\/\/dekornik.com\/wp-content\/uploads\/2025\/10\/DEKO.TAP_.011_1000x1000_d77df227-88c3-4222-b4f0-1d61ef2b8471.jpg","width":1000,"height":1000},{"@type":"BreadcrumbList","@id":"https:\/\/dekornik.com\/pl\/produkt\/animals-natural-wallpaper\/#breadcrumb","itemListElement":[{"@type":"ListItem","position":1,"name":"Home","item":"https:\/\/dekornik.com\/pl\/"},{"@type":"ListItem","position":2,"name":"Sklep","item":"https:\/\/dekornik.com\/pl\/sklep\/"},{"@type":"ListItem","position":3,"name":"Animals Natural Tapeta"}]},{"@type":"WebSite","@id":"https:\/\/dekornik.com\/pl\/#website","url":"https:\/\/dekornik.com\/pl\/","name":"Dekornik","description":"Your little one will love it\\!","publisher":{"@id":"https:\/\/dekornik.com\/pl\/#organization"},"potentialAction":[{"@type":"SearchAction","target":{"@type":"EntryPoint","urlTemplate":"https:\/\/dekornik.com\/pl\/?s={search_term_string}"},"query-input":{"@type":"PropertyValueSpecification","valueRequired":true,"valueName":"search_term_string"}}],"inLanguage":"pl-PL"},{"@type":"Organization","@id":"https:\/\/dekornik.com\/pl\/#organization","name":"Dekornik sp. z o.o.","url":"https:\/\/dekornik.com\/pl\/","logo":{"@type":"ImageObject","inLanguage":"pl-PL","@id":"https:\/\/dekornik.com\/pl\/#\/schema\/logo\/image\/","url":"http:\/\/dekornik.com\/wp-content\/uploads\/2026\/01\/logo_dekornik-01-1.svg","contentUrl":"http:\/\/dekornik.com\/wp-content\/uploads\/2026\/01\/logo_dekornik-01-1.svg","width":"1024","height":"1024","caption":"Dekornik sp. z o.o."},"image":{"@id":"https:\/\/dekornik.com\/pl\/#\/schema\/logo\/image\/"},"sameAs":["https:\/\/www.facebook.com\/DEKORNIK\/","https:\/\/instagram.com\/dekornik","https:\/\/www.pinterest.com\/dekornikcom\/"]}]}},"_links":{"self":[{"href":"https:\/\/dekornik.com\/pl\/wp-json\/wp\/v2\/product\/8912","targetHints":{"allow":["GET"]}}],"collection":[{"href":"https:\/\/dekornik.com\/pl\/wp-json\/wp\/v2\/product"}],"about":[{"href":"https:\/\/dekornik.com\/pl\/wp-json\/wp\/v2\/types\/product"}],"replies":[{"embeddable":true,"href":"https:\/\/dekornik.com\/pl\/wp-json\/wp\/v2\/comments?post=8912"}],"wp:featuredmedia":[{"embeddable":true,"href":"https:\/\/dekornik.com\/pl\/wp-json\/wp\/v2\/media\/8913"}],"wp:attachment":[{"href":"https:\/\/dekornik.com\/pl\/wp-json\/wp\/v2\/media?parent=8912"}],"wp:term":[{"taxonomy":"product_brand","embeddable":true,"href":"https:\/\/dekornik.com\/pl\/wp-json\/wp\/v2\/product_brand?post=8912"},{"taxonomy":"product_cat","embeddable":true,"href":"https:\/\/dekornik.com\/pl\/wp-json\/wp\/v2\/product_cat?post=8912"},{"taxonomy":"product_tag","embeddable":true,"href":"https:\/\/dekornik.com\/pl\/wp-json\/wp\/v2\/product_tag?post=8912"}],"curies":[{"name":"wp","href":"https:\/\/api.w.org\/{rel}","templated":true}]}}