{"id":8860,"date":"2025-10-02T11:19:32","date_gmt":"2025-10-02T11:19:32","guid":{"rendered":"http:\/\/dekornik.com\/product\/little-bears-wallpaper\/"},"modified":"2026-04-02T20:19:02","modified_gmt":"2026-04-02T20:19:02","slug":"little-bears-wallpaper","status":"publish","type":"product","link":"https:\/\/dekornik.com\/pl\/produkt\/little-bears-wallpaper\/","title":{"rendered":"Little Bears Tapeta"},"content":{"rendered":"<p>Nie zliczymy, ile razy pytali\u015bcie nas o misie i kiedy w ko\u0144cu powstanie tapeta z misiami \u2014 i oto jest! Kasia Goraj-Str\u00f3\u017cy\u0144ska stworzy\u0142a postacie, kt\u00f3rym maluchy mog\u0105 nadawa\u0107 imiona, a rodzice wymy\u015bla\u0107 o nich historie.<\/p>\n<p>Tapeta jest bardzo delikatna i nawi\u0105zuje do angielskich wzor\u00f3w retro. Nie przyt\u0142acza wn\u0119trza pokoju, a pi\u0119knie je dope\u0142nia. T\u0142o ma lekko kawowy, ciep\u0142y odcie\u0144, kt\u00f3ry wprowadza do pomieszczenia s\u0142oneczny klimat. Cudownie prezentuje si\u0119 w zestawieniu ze starymi komodami, baldachimami, a tak\u017ce w po\u0142\u0105czeniu z lamperi\u0105.<\/p>\n<p><strong>TECHNICZNIE:<\/strong><\/p>\n<p>Misie maj\u0105 9\u201312 cm wysoko\u015bci.<\/p>\n<p>Tapeta podzielona jest na pasy:<br \/>\n\u2022 Wysoko\u015b\u0107: 280 cm<br \/>\n\u2022 Szeroko\u015b\u0107: 50 cm<br \/>\n\u2022 Mamy tak\u017ce opcj\u0119 140 cm na wysoko\u015b\u0107, dla wszystkich, kt\u00f3rzy lubi\u0105 lamperi\u0119 i chc\u0105 tapet\u0119 jedynie od po\u0142owy \u015bciany.<\/p>\n<p>Cena dotyczy jednego pasa.<\/p>\n<p>Te pasy pasuj\u0105 do wi\u0119kszo\u015bci standardowych mieszka\u0144 \u2013 maj\u0105 dodatkowe 20 cm d\u0142ugo\u015bci, wi\u0119c bez problemu przytniesz je do wysoko\u015bci swojej \u015bciany.<\/p>\n<p>Zamawianie tapet w pasach jest szybkie i wygodne. Wystarczy zmierzy\u0107 \u015bcian\u0119 i dobra\u0107 odpowiedni\u0105 liczb\u0119 pas\u00f3w \u2013 bez skomplikowanych oblicze\u0144. Trudno tu o pomy\u0142k\u0119.<\/p>\n<p>W\u0105skie pasy sprawiaj\u0105, \u017ce tapeta niemal idealnie dopasowuje si\u0119 do szeroko\u015bci \u015bciany. Dodatkowo powtarzalny wz\u00f3r \u2013 identyczny na ka\u017cdym pasie \u2013 u\u0142atwia precyzyjne \u0142\u0105czenie od sufitu, dzi\u0119ki czemu materia\u0142 wykorzystujesz niemal w ca\u0142o\u015bci i niewiele si\u0119 marnuje!<\/p>\n","protected":false},"excerpt":{"rendered":"<p>\u015aliczne misie (9\u201312 cm) na ciep\u0142ym, lekko kawowym tle \u2014 delikatny wz\u00f3r w stylu angielskiego retro. Maluchy mog\u0105 nadawa\u0107 im imiona, a rodzice wymy\u015bla\u0107 historie! Tapeta pi\u0119knie dope\u0142nia wn\u0119trze, nie przyt\u0142aczaj\u0105c go.<\/p>\n<p>Cudownie wygl\u0105da ze starymi komodami, baldachimami i jako lamperia.<\/p>\n<p>Drukowana na matowym papierze Dekornik \u2014 ekologicznym, grubym 190g\/m2, i bezpiecznym dla dzieci.<\/p>\n","protected":false},"featured_media":8861,"comment_status":"open","ping_status":"closed","template":"","meta":{"inline_featured_image":false},"product_brand":[],"product_cat":[388,384,390,402,404,237],"product_tag":[687,689,691,712,717,750,751,752,753,755],"class_list":{"0":"post-8860","1":"product","2":"type-product","3":"status-publish","4":"has-post-thumbnail","6":"product_cat-las-i-dzungla","7":"product_cat-zwierzeta","8":"product_cat-ziemiste-tony","9":"product_cat-dla-chlopcow","10":"product_cat-kolorowy-pokoj-malucha","11":"product_cat-tapety","12":"product_tag-animal-friends-pl","13":"product_tag-bear-hugs-pl","14":"product_tag-big-kid-approved-pl","15":"product_tag-forest-adventure-pl","16":"product_tag-jungle-mood-pl","17":"product_tag-starry-sparkle-pl","18":"product_tag-statement-wall-pl","19":"product_tag-storybook-scene-pl","20":"product_tag-stripe-rhythm-pl","21":"product_tag-toddler-energy-pl","23":"first","24":"instock","25":"sale","26":"taxable","27":"shipping-taxable","28":"purchasable","29":"product-type-variable","30":"has-default-attributes"},"yoast_head":"<!-- This site is optimized with the Yoast SEO plugin v27.3 - https:\/\/yoast.com\/product\/yoast-seo-wordpress\/ -->\n<title>Maya Stripes Brown Beige Wallpaper | Chic &amp; Calming Design<\/title>\n<meta name=\"description\" content=\"Elevate your home with Maya Stripes Brown Beige Wallpaper. Inspired by Maja Bohosiewicz, this versatile design offers chic, calming thin stripes for any room. Shop elegant striped wallpaper today!\" \/>\n<meta name=\"robots\" content=\"index, follow, max-snippet:-1, max-image-preview:large, max-video-preview:-1\" \/>\n<link rel=\"canonical\" href=\"https:\/\/dekornik.com\/pl\/produkt\/little-bears-wallpaper\/\" \/>\n<meta property=\"og:locale\" content=\"pl_PL\" \/>\n<meta property=\"og:type\" content=\"article\" \/>\n<meta property=\"og:title\" content=\"Maya Stripes Brown Beige Wallpaper | Chic &amp; Calming Design\" \/>\n<meta property=\"og:description\" content=\"Elevate your home with Maya Stripes Brown Beige Wallpaper. Inspired by Maja Bohosiewicz, this versatile design offers chic, calming thin stripes for any room. Shop elegant striped wallpaper today!\" \/>\n<meta property=\"og:url\" content=\"https:\/\/dekornik.com\/pl\/produkt\/little-bears-wallpaper\/\" \/>\n<meta property=\"og:site_name\" content=\"Dekornik\" \/>\n<meta property=\"article:publisher\" content=\"https:\/\/www.facebook.com\/DEKORNIK\/\" \/>\n<meta property=\"article:modified_time\" content=\"2026-04-02T20:19:02+00:00\" \/>\n<meta property=\"og:image\" content=\"https:\/\/dekornik.com\/wp-content\/uploads\/2025\/10\/tap_dekornik_misie_071b40cf-6638-4cbf-acf5-023923e72bd8.jpg\" \/>\n\t<meta property=\"og:image:width\" content=\"1200\" \/>\n\t<meta property=\"og:image:height\" content=\"1200\" \/>\n\t<meta property=\"og:image:type\" content=\"image\/jpeg\" \/>\n<script type=\"application\/ld+json\" class=\"yoast-schema-graph\">{\"@context\":\"https:\\\/\\\/schema.org\",\"@graph\":[{\"@type\":\"WebPage\",\"@id\":\"https:\\\/\\\/dekornik.com\\\/pl\\\/produkt\\\/little-bears-wallpaper\\\/\",\"url\":\"https:\\\/\\\/dekornik.com\\\/pl\\\/produkt\\\/little-bears-wallpaper\\\/\",\"name\":\"Maya Stripes Brown Beige Wallpaper | Chic & Calming Design\",\"isPartOf\":{\"@id\":\"https:\\\/\\\/dekornik.com\\\/pl\\\/#website\"},\"primaryImageOfPage\":{\"@id\":\"https:\\\/\\\/dekornik.com\\\/pl\\\/produkt\\\/little-bears-wallpaper\\\/#primaryimage\"},\"image\":{\"@id\":\"https:\\\/\\\/dekornik.com\\\/pl\\\/produkt\\\/little-bears-wallpaper\\\/#primaryimage\"},\"thumbnailUrl\":\"https:\\\/\\\/dekornik.com\\\/wp-content\\\/uploads\\\/2025\\\/10\\\/tap_dekornik_misie_071b40cf-6638-4cbf-acf5-023923e72bd8.jpg\",\"datePublished\":\"2025-10-02T11:19:32+00:00\",\"dateModified\":\"2026-04-02T20:19:02+00:00\",\"description\":\"Elevate your home with Maya Stripes Brown Beige Wallpaper. Inspired by Maja Bohosiewicz, this versatile design offers chic, calming thin stripes for any room. Shop elegant striped wallpaper today!\",\"breadcrumb\":{\"@id\":\"https:\\\/\\\/dekornik.com\\\/pl\\\/produkt\\\/little-bears-wallpaper\\\/#breadcrumb\"},\"inLanguage\":\"pl-PL\",\"potentialAction\":[{\"@type\":\"ReadAction\",\"target\":[\"https:\\\/\\\/dekornik.com\\\/pl\\\/produkt\\\/little-bears-wallpaper\\\/\"]}]},{\"@type\":\"ImageObject\",\"inLanguage\":\"pl-PL\",\"@id\":\"https:\\\/\\\/dekornik.com\\\/pl\\\/produkt\\\/little-bears-wallpaper\\\/#primaryimage\",\"url\":\"https:\\\/\\\/dekornik.com\\\/wp-content\\\/uploads\\\/2025\\\/10\\\/tap_dekornik_misie_071b40cf-6638-4cbf-acf5-023923e72bd8.jpg\",\"contentUrl\":\"https:\\\/\\\/dekornik.com\\\/wp-content\\\/uploads\\\/2025\\\/10\\\/tap_dekornik_misie_071b40cf-6638-4cbf-acf5-023923e72bd8.jpg\",\"width\":1200,\"height\":1200},{\"@type\":\"BreadcrumbList\",\"@id\":\"https:\\\/\\\/dekornik.com\\\/pl\\\/produkt\\\/little-bears-wallpaper\\\/#breadcrumb\",\"itemListElement\":[{\"@type\":\"ListItem\",\"position\":1,\"name\":\"Home\",\"item\":\"https:\\\/\\\/dekornik.com\\\/pl\\\/\"},{\"@type\":\"ListItem\",\"position\":2,\"name\":\"Sklep\",\"item\":\"https:\\\/\\\/dekornik.com\\\/pl\\\/sklep\\\/\"},{\"@type\":\"ListItem\",\"position\":3,\"name\":\"Little Bears Tapeta\"}]},{\"@type\":\"WebSite\",\"@id\":\"https:\\\/\\\/dekornik.com\\\/pl\\\/#website\",\"url\":\"https:\\\/\\\/dekornik.com\\\/pl\\\/\",\"name\":\"Dekornik\",\"description\":\"Your little one will love it\\\\!\",\"publisher\":{\"@id\":\"https:\\\/\\\/dekornik.com\\\/pl\\\/#organization\"},\"potentialAction\":[{\"@type\":\"SearchAction\",\"target\":{\"@type\":\"EntryPoint\",\"urlTemplate\":\"https:\\\/\\\/dekornik.com\\\/pl\\\/?s={search_term_string}\"},\"query-input\":{\"@type\":\"PropertyValueSpecification\",\"valueRequired\":true,\"valueName\":\"search_term_string\"}}],\"inLanguage\":\"pl-PL\"},{\"@type\":\"Organization\",\"@id\":\"https:\\\/\\\/dekornik.com\\\/pl\\\/#organization\",\"name\":\"Dekornik sp. z o.o.\",\"url\":\"https:\\\/\\\/dekornik.com\\\/pl\\\/\",\"logo\":{\"@type\":\"ImageObject\",\"inLanguage\":\"pl-PL\",\"@id\":\"https:\\\/\\\/dekornik.com\\\/pl\\\/#\\\/schema\\\/logo\\\/image\\\/\",\"url\":\"http:\\\/\\\/dekornik.com\\\/wp-content\\\/uploads\\\/2026\\\/01\\\/logo_dekornik-01-1.svg\",\"contentUrl\":\"http:\\\/\\\/dekornik.com\\\/wp-content\\\/uploads\\\/2026\\\/01\\\/logo_dekornik-01-1.svg\",\"width\":\"1024\",\"height\":\"1024\",\"caption\":\"Dekornik sp. z o.o.\"},\"image\":{\"@id\":\"https:\\\/\\\/dekornik.com\\\/pl\\\/#\\\/schema\\\/logo\\\/image\\\/\"},\"sameAs\":[\"https:\\\/\\\/www.facebook.com\\\/DEKORNIK\\\/\",\"https:\\\/\\\/instagram.com\\\/dekornik\",\"https:\\\/\\\/www.pinterest.com\\\/dekornikcom\\\/\"]}]}<\/script>\n<!-- \/ Yoast SEO plugin. -->","yoast_head_json":{"title":"Maya Stripes Brown Beige Wallpaper | Chic & Calming Design","description":"Elevate your home with Maya Stripes Brown Beige Wallpaper. Inspired by Maja Bohosiewicz, this versatile design offers chic, calming thin stripes for any room. Shop elegant striped wallpaper today!","robots":{"index":"index","follow":"follow","max-snippet":"max-snippet:-1","max-image-preview":"max-image-preview:large","max-video-preview":"max-video-preview:-1"},"canonical":"https:\/\/dekornik.com\/pl\/produkt\/little-bears-wallpaper\/","og_locale":"pl_PL","og_type":"article","og_title":"Maya Stripes Brown Beige Wallpaper | Chic & Calming Design","og_description":"Elevate your home with Maya Stripes Brown Beige Wallpaper. Inspired by Maja Bohosiewicz, this versatile design offers chic, calming thin stripes for any room. Shop elegant striped wallpaper today!","og_url":"https:\/\/dekornik.com\/pl\/produkt\/little-bears-wallpaper\/","og_site_name":"Dekornik","article_publisher":"https:\/\/www.facebook.com\/DEKORNIK\/","article_modified_time":"2026-04-02T20:19:02+00:00","og_image":[{"width":1200,"height":1200,"url":"https:\/\/dekornik.com\/wp-content\/uploads\/2025\/10\/tap_dekornik_misie_071b40cf-6638-4cbf-acf5-023923e72bd8.jpg","type":"image\/jpeg"}],"schema":{"@context":"https:\/\/schema.org","@graph":[{"@type":"WebPage","@id":"https:\/\/dekornik.com\/pl\/produkt\/little-bears-wallpaper\/","url":"https:\/\/dekornik.com\/pl\/produkt\/little-bears-wallpaper\/","name":"Maya Stripes Brown Beige Wallpaper | Chic & Calming Design","isPartOf":{"@id":"https:\/\/dekornik.com\/pl\/#website"},"primaryImageOfPage":{"@id":"https:\/\/dekornik.com\/pl\/produkt\/little-bears-wallpaper\/#primaryimage"},"image":{"@id":"https:\/\/dekornik.com\/pl\/produkt\/little-bears-wallpaper\/#primaryimage"},"thumbnailUrl":"https:\/\/dekornik.com\/wp-content\/uploads\/2025\/10\/tap_dekornik_misie_071b40cf-6638-4cbf-acf5-023923e72bd8.jpg","datePublished":"2025-10-02T11:19:32+00:00","dateModified":"2026-04-02T20:19:02+00:00","description":"Elevate your home with Maya Stripes Brown Beige Wallpaper. Inspired by Maja Bohosiewicz, this versatile design offers chic, calming thin stripes for any room. Shop elegant striped wallpaper today!","breadcrumb":{"@id":"https:\/\/dekornik.com\/pl\/produkt\/little-bears-wallpaper\/#breadcrumb"},"inLanguage":"pl-PL","potentialAction":[{"@type":"ReadAction","target":["https:\/\/dekornik.com\/pl\/produkt\/little-bears-wallpaper\/"]}]},{"@type":"ImageObject","inLanguage":"pl-PL","@id":"https:\/\/dekornik.com\/pl\/produkt\/little-bears-wallpaper\/#primaryimage","url":"https:\/\/dekornik.com\/wp-content\/uploads\/2025\/10\/tap_dekornik_misie_071b40cf-6638-4cbf-acf5-023923e72bd8.jpg","contentUrl":"https:\/\/dekornik.com\/wp-content\/uploads\/2025\/10\/tap_dekornik_misie_071b40cf-6638-4cbf-acf5-023923e72bd8.jpg","width":1200,"height":1200},{"@type":"BreadcrumbList","@id":"https:\/\/dekornik.com\/pl\/produkt\/little-bears-wallpaper\/#breadcrumb","itemListElement":[{"@type":"ListItem","position":1,"name":"Home","item":"https:\/\/dekornik.com\/pl\/"},{"@type":"ListItem","position":2,"name":"Sklep","item":"https:\/\/dekornik.com\/pl\/sklep\/"},{"@type":"ListItem","position":3,"name":"Little Bears Tapeta"}]},{"@type":"WebSite","@id":"https:\/\/dekornik.com\/pl\/#website","url":"https:\/\/dekornik.com\/pl\/","name":"Dekornik","description":"Your little one will love it\\!","publisher":{"@id":"https:\/\/dekornik.com\/pl\/#organization"},"potentialAction":[{"@type":"SearchAction","target":{"@type":"EntryPoint","urlTemplate":"https:\/\/dekornik.com\/pl\/?s={search_term_string}"},"query-input":{"@type":"PropertyValueSpecification","valueRequired":true,"valueName":"search_term_string"}}],"inLanguage":"pl-PL"},{"@type":"Organization","@id":"https:\/\/dekornik.com\/pl\/#organization","name":"Dekornik sp. z o.o.","url":"https:\/\/dekornik.com\/pl\/","logo":{"@type":"ImageObject","inLanguage":"pl-PL","@id":"https:\/\/dekornik.com\/pl\/#\/schema\/logo\/image\/","url":"http:\/\/dekornik.com\/wp-content\/uploads\/2026\/01\/logo_dekornik-01-1.svg","contentUrl":"http:\/\/dekornik.com\/wp-content\/uploads\/2026\/01\/logo_dekornik-01-1.svg","width":"1024","height":"1024","caption":"Dekornik sp. z o.o."},"image":{"@id":"https:\/\/dekornik.com\/pl\/#\/schema\/logo\/image\/"},"sameAs":["https:\/\/www.facebook.com\/DEKORNIK\/","https:\/\/instagram.com\/dekornik","https:\/\/www.pinterest.com\/dekornikcom\/"]}]}},"_links":{"self":[{"href":"https:\/\/dekornik.com\/pl\/wp-json\/wp\/v2\/product\/8860","targetHints":{"allow":["GET"]}}],"collection":[{"href":"https:\/\/dekornik.com\/pl\/wp-json\/wp\/v2\/product"}],"about":[{"href":"https:\/\/dekornik.com\/pl\/wp-json\/wp\/v2\/types\/product"}],"replies":[{"embeddable":true,"href":"https:\/\/dekornik.com\/pl\/wp-json\/wp\/v2\/comments?post=8860"}],"wp:featuredmedia":[{"embeddable":true,"href":"https:\/\/dekornik.com\/pl\/wp-json\/wp\/v2\/media\/8861"}],"wp:attachment":[{"href":"https:\/\/dekornik.com\/pl\/wp-json\/wp\/v2\/media?parent=8860"}],"wp:term":[{"taxonomy":"product_brand","embeddable":true,"href":"https:\/\/dekornik.com\/pl\/wp-json\/wp\/v2\/product_brand?post=8860"},{"taxonomy":"product_cat","embeddable":true,"href":"https:\/\/dekornik.com\/pl\/wp-json\/wp\/v2\/product_cat?post=8860"},{"taxonomy":"product_tag","embeddable":true,"href":"https:\/\/dekornik.com\/pl\/wp-json\/wp\/v2\/product_tag?post=8860"}],"curies":[{"name":"wp","href":"https:\/\/api.w.org\/{rel}","templated":true}]}}