{"id":8848,"date":"2025-10-02T11:19:40","date_gmt":"2025-10-02T11:19:40","guid":{"rendered":"http:\/\/dekornik.com\/product\/cute-forest-animals-dark-wallpaper\/"},"modified":"2026-04-02T10:41:33","modified_gmt":"2026-04-02T10:41:33","slug":"cute-forest-animals-dark-wallpaper","status":"publish","type":"product","link":"https:\/\/dekornik.com\/pl\/produkt\/cute-forest-animals-dark-wallpaper\/","title":{"rendered":"Cute Forest Animals Dark Tapeta"},"content":{"rendered":"<p>Urocze le\u015bne zwierz\u0105tka u\u0142o\u017cone w g\u0119sty, pe\u0142en \u017cycia wz\u00f3r. S\u0105 ca\u0142kiem du\u017ce \u2014 znacznie wi\u0119ksze ni\u017c w naszej klasycznej tapecie Little Sleepy Animals, mierz\u0105 oko\u0142o 25\u201330 cm. To idealna propozycja dla mi\u0142o\u015bnik\u00f3w tapet \u2014 Cute Animals wspaniale sprawdzi si\u0119 jako wyra\u017any akcent, kt\u00f3ry doda charakteru ka\u017cdemu pokojowi.<\/p>\n<p><strong>TECHNICZNIE:<\/strong><\/p>\n<p>Tapeta podzielona jest na pasy:<\/p>\n<ul>\n<li>Wysoko\u015b\u0107: 280 cm<\/li>\n<li>Szeroko\u015b\u0107: 100 cm<\/li>\n<li>Mamy tak\u017ce opcj\u0119 140 cm na wysoko\u015b\u0107, dla wszystkich, kt\u00f3rzy lubi\u0105 lamperi\u0119 i chc\u0105 tapet\u0119 jedynie od po\u0142owy \u015bciany.<\/li>\n<\/ul>\n<p>Cena dotyczy jednego pasa.<\/p>\n<p>Te pasy pasuj\u0105 do wi\u0119kszo\u015bci standardowych mieszka\u0144 &#8211; maj\u0105 dodatkowe 20 cm d\u0142ugo\u015bci, wi\u0119c bez problemu przytniesz je do wysoko\u015bci swojej \u015bciany. Zamawianie tapet w pasach jest szybkie i wygodne. Wystarczy zmierzy\u0107 \u015bcian\u0119 i dobra\u0107 odpowiedni\u0105 liczb\u0119 pas\u00f3w &#8211; bez skomplikowanych oblicze\u0144. Trudno tu o pomy\u0142k\u0119.<\/p>\n","protected":false},"excerpt":{"rendered":"<div class=\"entry-content\">\n<p>Urocze le\u015bne zwierz\u0105tka w g\u0119stym, wyrazistym wzorze \u2014 ka\u017cde ma oko\u0142o 25\u201330 cm, wi\u0119c s\u0105 znacznie wi\u0119ksze ni\u017c w klasycznej tapecie Little Sleepy Animals. To idealny wyb\u00f3r dla tych, kt\u00f3rzy lubi\u0105 wyra\u017ane akcenty i chc\u0105 doda\u0107 pokojowi charakteru.<\/p>\n<p>\u015awietnie sprawdzi si\u0119 zar\u00f3wno na ca\u0142ej \u015bcianie, jak i jako efektowny punkt we wn\u0119trzu!<\/p>\n<p>Drukowana na matowym papierze Dekornik \u2014 ekologicznym, grubym 190g\/m2, i bezpiecznym dla dzieci.<\/p>\n<\/div>\n","protected":false},"featured_media":8849,"comment_status":"open","ping_status":"closed","template":"","meta":{"inline_featured_image":false},"product_brand":[],"product_cat":[402,404,399,388,237,384],"product_tag":[687,691,693,712,717,731,750,751,753,755],"class_list":{"0":"post-8848","1":"product","2":"type-product","3":"status-publish","4":"has-post-thumbnail","6":"product_cat-dla-chlopcow","7":"product_cat-kolorowy-pokoj-malucha","8":"product_cat-kroliki","9":"product_cat-las-i-dzungla","10":"product_cat-tapety","11":"product_cat-zwierzeta","12":"product_tag-animal-friends-pl","13":"product_tag-big-kid-approved-pl","14":"product_tag-bunny-love-pl","15":"product_tag-forest-adventure-pl","16":"product_tag-jungle-mood-pl","17":"product_tag-nursery-calm-pl","18":"product_tag-starry-sparkle-pl","19":"product_tag-statement-wall-pl","20":"product_tag-stripe-rhythm-pl","21":"product_tag-toddler-energy-pl","23":"first","24":"instock","25":"sale","26":"taxable","27":"shipping-taxable","28":"purchasable","29":"product-type-variable","30":"has-default-attributes"},"yoast_head":"<!-- This site is optimized with the Yoast SEO plugin v27.3 - https:\/\/yoast.com\/product\/yoast-seo-wordpress\/ -->\n<title>Maya Stripes Wide Blue Wallpaper | Timeless &amp; Versatile<\/title>\n<meta name=\"description\" content=\"Discover the elegant Maya Stripes Wide Blue Wallpaper. Timeless, versatile design for nurseries, living rooms &amp; hallways. Durable, certified quality. Shop now!\" \/>\n<meta name=\"robots\" content=\"index, follow, max-snippet:-1, max-image-preview:large, max-video-preview:-1\" \/>\n<link rel=\"canonical\" href=\"https:\/\/dekornik.com\/pl\/produkt\/cute-forest-animals-dark-wallpaper\/\" \/>\n<meta property=\"og:locale\" content=\"pl_PL\" \/>\n<meta property=\"og:type\" content=\"article\" \/>\n<meta property=\"og:title\" content=\"Maya Stripes Wide Blue Wallpaper | Timeless &amp; Versatile\" \/>\n<meta property=\"og:description\" content=\"Discover the elegant Maya Stripes Wide Blue Wallpaper. Timeless, versatile design for nurseries, living rooms &amp; hallways. Durable, certified quality. Shop now!\" \/>\n<meta property=\"og:url\" content=\"https:\/\/dekornik.com\/pl\/produkt\/cute-forest-animals-dark-wallpaper\/\" \/>\n<meta property=\"og:site_name\" content=\"Dekornik\" \/>\n<meta property=\"article:publisher\" content=\"https:\/\/www.facebook.com\/DEKORNIK\/\" \/>\n<meta property=\"article:modified_time\" content=\"2026-04-02T10:41:33+00:00\" \/>\n<meta property=\"og:image\" content=\"https:\/\/dekornik.com\/wp-content\/uploads\/2025\/10\/DEKO.TAP_.172_9a369922-6e36-4e6e-88ae-6776fe29fdd7.jpg\" \/>\n\t<meta property=\"og:image:width\" content=\"1200\" \/>\n\t<meta property=\"og:image:height\" content=\"1200\" \/>\n\t<meta property=\"og:image:type\" content=\"image\/jpeg\" \/>\n<script type=\"application\/ld+json\" class=\"yoast-schema-graph\">{\"@context\":\"https:\\\/\\\/schema.org\",\"@graph\":[{\"@type\":\"WebPage\",\"@id\":\"https:\\\/\\\/dekornik.com\\\/pl\\\/produkt\\\/cute-forest-animals-dark-wallpaper\\\/\",\"url\":\"https:\\\/\\\/dekornik.com\\\/pl\\\/produkt\\\/cute-forest-animals-dark-wallpaper\\\/\",\"name\":\"Maya Stripes Wide Blue Wallpaper | Timeless & Versatile\",\"isPartOf\":{\"@id\":\"https:\\\/\\\/dekornik.com\\\/pl\\\/#website\"},\"primaryImageOfPage\":{\"@id\":\"https:\\\/\\\/dekornik.com\\\/pl\\\/produkt\\\/cute-forest-animals-dark-wallpaper\\\/#primaryimage\"},\"image\":{\"@id\":\"https:\\\/\\\/dekornik.com\\\/pl\\\/produkt\\\/cute-forest-animals-dark-wallpaper\\\/#primaryimage\"},\"thumbnailUrl\":\"https:\\\/\\\/dekornik.com\\\/wp-content\\\/uploads\\\/2025\\\/10\\\/DEKO.TAP_.172_9a369922-6e36-4e6e-88ae-6776fe29fdd7.jpg\",\"datePublished\":\"2025-10-02T11:19:40+00:00\",\"dateModified\":\"2026-04-02T10:41:33+00:00\",\"description\":\"Discover the elegant Maya Stripes Wide Blue Wallpaper. Timeless, versatile design for nurseries, living rooms & hallways. Durable, certified quality. Shop now!\",\"breadcrumb\":{\"@id\":\"https:\\\/\\\/dekornik.com\\\/pl\\\/produkt\\\/cute-forest-animals-dark-wallpaper\\\/#breadcrumb\"},\"inLanguage\":\"pl-PL\",\"potentialAction\":[{\"@type\":\"ReadAction\",\"target\":[\"https:\\\/\\\/dekornik.com\\\/pl\\\/produkt\\\/cute-forest-animals-dark-wallpaper\\\/\"]}]},{\"@type\":\"ImageObject\",\"inLanguage\":\"pl-PL\",\"@id\":\"https:\\\/\\\/dekornik.com\\\/pl\\\/produkt\\\/cute-forest-animals-dark-wallpaper\\\/#primaryimage\",\"url\":\"https:\\\/\\\/dekornik.com\\\/wp-content\\\/uploads\\\/2025\\\/10\\\/DEKO.TAP_.172_9a369922-6e36-4e6e-88ae-6776fe29fdd7.jpg\",\"contentUrl\":\"https:\\\/\\\/dekornik.com\\\/wp-content\\\/uploads\\\/2025\\\/10\\\/DEKO.TAP_.172_9a369922-6e36-4e6e-88ae-6776fe29fdd7.jpg\",\"width\":1200,\"height\":1200},{\"@type\":\"BreadcrumbList\",\"@id\":\"https:\\\/\\\/dekornik.com\\\/pl\\\/produkt\\\/cute-forest-animals-dark-wallpaper\\\/#breadcrumb\",\"itemListElement\":[{\"@type\":\"ListItem\",\"position\":1,\"name\":\"Home\",\"item\":\"https:\\\/\\\/dekornik.com\\\/pl\\\/\"},{\"@type\":\"ListItem\",\"position\":2,\"name\":\"Sklep\",\"item\":\"https:\\\/\\\/dekornik.com\\\/pl\\\/sklep\\\/\"},{\"@type\":\"ListItem\",\"position\":3,\"name\":\"Cute Forest Animals Dark Tapeta\"}]},{\"@type\":\"WebSite\",\"@id\":\"https:\\\/\\\/dekornik.com\\\/pl\\\/#website\",\"url\":\"https:\\\/\\\/dekornik.com\\\/pl\\\/\",\"name\":\"Dekornik\",\"description\":\"Your little one will love it\\\\!\",\"publisher\":{\"@id\":\"https:\\\/\\\/dekornik.com\\\/pl\\\/#organization\"},\"potentialAction\":[{\"@type\":\"SearchAction\",\"target\":{\"@type\":\"EntryPoint\",\"urlTemplate\":\"https:\\\/\\\/dekornik.com\\\/pl\\\/?s={search_term_string}\"},\"query-input\":{\"@type\":\"PropertyValueSpecification\",\"valueRequired\":true,\"valueName\":\"search_term_string\"}}],\"inLanguage\":\"pl-PL\"},{\"@type\":\"Organization\",\"@id\":\"https:\\\/\\\/dekornik.com\\\/pl\\\/#organization\",\"name\":\"Dekornik sp. z o.o.\",\"url\":\"https:\\\/\\\/dekornik.com\\\/pl\\\/\",\"logo\":{\"@type\":\"ImageObject\",\"inLanguage\":\"pl-PL\",\"@id\":\"https:\\\/\\\/dekornik.com\\\/pl\\\/#\\\/schema\\\/logo\\\/image\\\/\",\"url\":\"http:\\\/\\\/dekornik.com\\\/wp-content\\\/uploads\\\/2026\\\/01\\\/logo_dekornik-01-1.svg\",\"contentUrl\":\"http:\\\/\\\/dekornik.com\\\/wp-content\\\/uploads\\\/2026\\\/01\\\/logo_dekornik-01-1.svg\",\"width\":\"1024\",\"height\":\"1024\",\"caption\":\"Dekornik sp. z o.o.\"},\"image\":{\"@id\":\"https:\\\/\\\/dekornik.com\\\/pl\\\/#\\\/schema\\\/logo\\\/image\\\/\"},\"sameAs\":[\"https:\\\/\\\/www.facebook.com\\\/DEKORNIK\\\/\",\"https:\\\/\\\/instagram.com\\\/dekornik\",\"https:\\\/\\\/www.pinterest.com\\\/dekornikcom\\\/\"]}]}<\/script>\n<!-- \/ Yoast SEO plugin. -->","yoast_head_json":{"title":"Maya Stripes Wide Blue Wallpaper | Timeless & Versatile","description":"Discover the elegant Maya Stripes Wide Blue Wallpaper. Timeless, versatile design for nurseries, living rooms & hallways. Durable, certified quality. Shop now!","robots":{"index":"index","follow":"follow","max-snippet":"max-snippet:-1","max-image-preview":"max-image-preview:large","max-video-preview":"max-video-preview:-1"},"canonical":"https:\/\/dekornik.com\/pl\/produkt\/cute-forest-animals-dark-wallpaper\/","og_locale":"pl_PL","og_type":"article","og_title":"Maya Stripes Wide Blue Wallpaper | Timeless & Versatile","og_description":"Discover the elegant Maya Stripes Wide Blue Wallpaper. Timeless, versatile design for nurseries, living rooms & hallways. Durable, certified quality. Shop now!","og_url":"https:\/\/dekornik.com\/pl\/produkt\/cute-forest-animals-dark-wallpaper\/","og_site_name":"Dekornik","article_publisher":"https:\/\/www.facebook.com\/DEKORNIK\/","article_modified_time":"2026-04-02T10:41:33+00:00","og_image":[{"width":1200,"height":1200,"url":"https:\/\/dekornik.com\/wp-content\/uploads\/2025\/10\/DEKO.TAP_.172_9a369922-6e36-4e6e-88ae-6776fe29fdd7.jpg","type":"image\/jpeg"}],"schema":{"@context":"https:\/\/schema.org","@graph":[{"@type":"WebPage","@id":"https:\/\/dekornik.com\/pl\/produkt\/cute-forest-animals-dark-wallpaper\/","url":"https:\/\/dekornik.com\/pl\/produkt\/cute-forest-animals-dark-wallpaper\/","name":"Maya Stripes Wide Blue Wallpaper | Timeless & Versatile","isPartOf":{"@id":"https:\/\/dekornik.com\/pl\/#website"},"primaryImageOfPage":{"@id":"https:\/\/dekornik.com\/pl\/produkt\/cute-forest-animals-dark-wallpaper\/#primaryimage"},"image":{"@id":"https:\/\/dekornik.com\/pl\/produkt\/cute-forest-animals-dark-wallpaper\/#primaryimage"},"thumbnailUrl":"https:\/\/dekornik.com\/wp-content\/uploads\/2025\/10\/DEKO.TAP_.172_9a369922-6e36-4e6e-88ae-6776fe29fdd7.jpg","datePublished":"2025-10-02T11:19:40+00:00","dateModified":"2026-04-02T10:41:33+00:00","description":"Discover the elegant Maya Stripes Wide Blue Wallpaper. Timeless, versatile design for nurseries, living rooms & hallways. Durable, certified quality. Shop now!","breadcrumb":{"@id":"https:\/\/dekornik.com\/pl\/produkt\/cute-forest-animals-dark-wallpaper\/#breadcrumb"},"inLanguage":"pl-PL","potentialAction":[{"@type":"ReadAction","target":["https:\/\/dekornik.com\/pl\/produkt\/cute-forest-animals-dark-wallpaper\/"]}]},{"@type":"ImageObject","inLanguage":"pl-PL","@id":"https:\/\/dekornik.com\/pl\/produkt\/cute-forest-animals-dark-wallpaper\/#primaryimage","url":"https:\/\/dekornik.com\/wp-content\/uploads\/2025\/10\/DEKO.TAP_.172_9a369922-6e36-4e6e-88ae-6776fe29fdd7.jpg","contentUrl":"https:\/\/dekornik.com\/wp-content\/uploads\/2025\/10\/DEKO.TAP_.172_9a369922-6e36-4e6e-88ae-6776fe29fdd7.jpg","width":1200,"height":1200},{"@type":"BreadcrumbList","@id":"https:\/\/dekornik.com\/pl\/produkt\/cute-forest-animals-dark-wallpaper\/#breadcrumb","itemListElement":[{"@type":"ListItem","position":1,"name":"Home","item":"https:\/\/dekornik.com\/pl\/"},{"@type":"ListItem","position":2,"name":"Sklep","item":"https:\/\/dekornik.com\/pl\/sklep\/"},{"@type":"ListItem","position":3,"name":"Cute Forest Animals Dark Tapeta"}]},{"@type":"WebSite","@id":"https:\/\/dekornik.com\/pl\/#website","url":"https:\/\/dekornik.com\/pl\/","name":"Dekornik","description":"Your little one will love it\\!","publisher":{"@id":"https:\/\/dekornik.com\/pl\/#organization"},"potentialAction":[{"@type":"SearchAction","target":{"@type":"EntryPoint","urlTemplate":"https:\/\/dekornik.com\/pl\/?s={search_term_string}"},"query-input":{"@type":"PropertyValueSpecification","valueRequired":true,"valueName":"search_term_string"}}],"inLanguage":"pl-PL"},{"@type":"Organization","@id":"https:\/\/dekornik.com\/pl\/#organization","name":"Dekornik sp. z o.o.","url":"https:\/\/dekornik.com\/pl\/","logo":{"@type":"ImageObject","inLanguage":"pl-PL","@id":"https:\/\/dekornik.com\/pl\/#\/schema\/logo\/image\/","url":"http:\/\/dekornik.com\/wp-content\/uploads\/2026\/01\/logo_dekornik-01-1.svg","contentUrl":"http:\/\/dekornik.com\/wp-content\/uploads\/2026\/01\/logo_dekornik-01-1.svg","width":"1024","height":"1024","caption":"Dekornik sp. z o.o."},"image":{"@id":"https:\/\/dekornik.com\/pl\/#\/schema\/logo\/image\/"},"sameAs":["https:\/\/www.facebook.com\/DEKORNIK\/","https:\/\/instagram.com\/dekornik","https:\/\/www.pinterest.com\/dekornikcom\/"]}]}},"_links":{"self":[{"href":"https:\/\/dekornik.com\/pl\/wp-json\/wp\/v2\/product\/8848","targetHints":{"allow":["GET"]}}],"collection":[{"href":"https:\/\/dekornik.com\/pl\/wp-json\/wp\/v2\/product"}],"about":[{"href":"https:\/\/dekornik.com\/pl\/wp-json\/wp\/v2\/types\/product"}],"replies":[{"embeddable":true,"href":"https:\/\/dekornik.com\/pl\/wp-json\/wp\/v2\/comments?post=8848"}],"wp:featuredmedia":[{"embeddable":true,"href":"https:\/\/dekornik.com\/pl\/wp-json\/wp\/v2\/media\/8849"}],"wp:attachment":[{"href":"https:\/\/dekornik.com\/pl\/wp-json\/wp\/v2\/media?parent=8848"}],"wp:term":[{"taxonomy":"product_brand","embeddable":true,"href":"https:\/\/dekornik.com\/pl\/wp-json\/wp\/v2\/product_brand?post=8848"},{"taxonomy":"product_cat","embeddable":true,"href":"https:\/\/dekornik.com\/pl\/wp-json\/wp\/v2\/product_cat?post=8848"},{"taxonomy":"product_tag","embeddable":true,"href":"https:\/\/dekornik.com\/pl\/wp-json\/wp\/v2\/product_tag?post=8848"}],"curies":[{"name":"wp","href":"https:\/\/api.w.org\/{rel}","templated":true}]}}