{"id":8840,"date":"2025-10-02T11:19:41","date_gmt":"2025-10-02T11:19:41","guid":{"rendered":"http:\/\/dekornik.com\/product\/rabbit-day-beige-wallpaper\/"},"modified":"2026-04-02T20:46:00","modified_gmt":"2026-04-02T20:46:00","slug":"rabbit-day-beige-wallpaper","status":"publish","type":"product","link":"https:\/\/dekornik.com\/pl\/produkt\/rabbit-day-beige-wallpaper\/","title":{"rendered":"Rabbit Day Beige Tapeta"},"content":{"rendered":"<p>Jeden kr\u00f3liczek w sze\u015bciu r\u00f3\u017cnych pozach \u2014 od snu, przez zabaw\u0119 i rozgl\u0105danie si\u0119, po gryzienie marchewki \u2014 pokazuje ca\u0142y kr\u00f3liczy dzie\u0144! Przecudowna, bajkowa tapeta, jedna z najbardziej uroczych w naszym sklepie. To nasza wersja brytyjskiego Kr\u00f3liczka Piotrusia \u2014 i naszym zdaniem jeszcze cudowniejsza!<\/p>\n<p>Be\u017c w tle jest bardzo jasny \u2014 nie trzeba si\u0119 obawia\u0107, \u017ce przyciemni pok\u00f3j. Kr\u00f3liczki maj\u0105 ok. 9\u201310 cm wysoko\u015bci.<\/p>\n<p><strong>TECHNICZNIE:<\/strong><\/p>\n<p>Tapeta podzielona jest na pasy:<br \/>\n\u2022 Wysoko\u015b\u0107: 280 cm<br \/>\n\u2022 Szeroko\u015b\u0107: 50 cm<br \/>\n\u2022 Mamy tak\u017ce opcj\u0119 140 cm na wysoko\u015b\u0107, dla wszystkich, kt\u00f3rzy lubi\u0105 lamperi\u0119 i chc\u0105 tapet\u0119 jedynie od po\u0142owy \u015bciany.<\/p>\n<p>Cena dotyczy jednego pasa.<\/p>\n<p>Te pasy pasuj\u0105 do wi\u0119kszo\u015bci standardowych mieszka\u0144 \u2013 maj\u0105 dodatkowe 20 cm d\u0142ugo\u015bci, wi\u0119c bez problemu przytniesz je do wysoko\u015bci swojej \u015bciany.<\/p>\n<p>Zamawianie tapet w pasach jest szybkie i wygodne. Wystarczy zmierzy\u0107 \u015bcian\u0119 i dobra\u0107 odpowiedni\u0105 liczb\u0119 pas\u00f3w \u2013 bez skomplikowanych oblicze\u0144. Trudno tu o pomy\u0142k\u0119.<\/p>\n<p>W\u0105skie pasy sprawiaj\u0105, \u017ce tapeta niemal idealnie dopasowuje si\u0119 do szeroko\u015bci \u015bciany. Dodatkowo powtarzalny wz\u00f3r \u2013 identyczny na ka\u017cdym pasie \u2013 u\u0142atwia precyzyjne \u0142\u0105czenie od sufitu, dzi\u0119ki czemu materia\u0142 wykorzystujesz niemal w ca\u0142o\u015bci i niewiele si\u0119 marnuje!<\/p>\n","protected":false},"excerpt":{"rendered":"<p>Jeden kr\u00f3liczek, sze\u015b\u0107 p\u00f3z i ca\u0142y kr\u00f3liczy dzie\u0144 \u2014 od drzemki po gryzienie marchewki! Nasza wersja Kr\u00f3liczka Piotrusia na jasnym be\u017cowym tle. Jedna z najs\u0142odszych tapet w naszym sklepie, idealna do pokoju z ko\u0142ysk\u0105.<\/p>\n<p>Pi\u0119knie prezentuje si\u0119 na jednej \u015bcianie akcentowej lub w ca\u0142ym pokoju.<\/p>\n<p>Drukowana na matowym papierze Dekornik \u2014 ekologicznym, grubym 190g\/m2, i bezpiecznym dla dzieci.<\/p>\n","protected":false},"featured_media":8841,"comment_status":"open","ping_status":"closed","template":"","meta":{"inline_featured_image":false},"product_brand":[],"product_cat":[384,395,398,399,402,403,237],"product_tag":[687,691,693,722,724,731,750,751,753,757],"class_list":{"0":"post-8840","1":"product","2":"type-product","3":"status-publish","4":"has-post-thumbnail","6":"product_cat-zwierzeta","7":"product_cat-urocza-laka","8":"product_cat-pastele","9":"product_cat-kroliki","10":"product_cat-dla-chlopcow","11":"product_cat-delikatny-pokoj-dzieciecy","12":"product_cat-tapety","13":"product_tag-animal-friends-pl","14":"product_tag-big-kid-approved-pl","15":"product_tag-bunny-love-pl","16":"product_tag-meadow-story-pl","17":"product_tag-mini-florals-pl","18":"product_tag-nursery-calm-pl","19":"product_tag-starry-sparkle-pl","20":"product_tag-statement-wall-pl","21":"product_tag-stripe-rhythm-pl","22":"product_tag-vehicles-club-pl","24":"first","25":"instock","26":"sale","27":"taxable","28":"shipping-taxable","29":"purchasable","30":"product-type-variable","31":"has-default-attributes"},"yoast_head":"<!-- This site is optimized with the Yoast SEO plugin v27.3 - https:\/\/yoast.com\/product\/yoast-seo-wordpress\/ -->\n<title>Old English Flowers Wallpaper | Girl&#039;s Room &amp; Nursery<\/title>\n<meta name=\"description\" content=\"Discover charming Old English Flowers Wallpaper, ideal for a girl&#039;s room or nursery. Delicate wild roses &amp; pastel shades create a cozy, inviting space. Shop now!\" \/>\n<meta name=\"robots\" content=\"index, follow, max-snippet:-1, max-image-preview:large, max-video-preview:-1\" \/>\n<link rel=\"canonical\" href=\"https:\/\/dekornik.com\/pl\/produkt\/rabbit-day-beige-wallpaper\/\" \/>\n<meta property=\"og:locale\" content=\"pl_PL\" \/>\n<meta property=\"og:type\" content=\"article\" \/>\n<meta property=\"og:title\" content=\"Old English Flowers Wallpaper | Girl&#039;s Room &amp; Nursery\" \/>\n<meta property=\"og:description\" content=\"Discover charming Old English Flowers Wallpaper, ideal for a girl&#039;s room or nursery. Delicate wild roses &amp; pastel shades create a cozy, inviting space. Shop now!\" \/>\n<meta property=\"og:url\" content=\"https:\/\/dekornik.com\/pl\/produkt\/rabbit-day-beige-wallpaper\/\" \/>\n<meta property=\"og:site_name\" content=\"Dekornik\" \/>\n<meta property=\"article:publisher\" content=\"https:\/\/www.facebook.com\/DEKORNIK\/\" \/>\n<meta property=\"article:modified_time\" content=\"2026-04-02T20:46:00+00:00\" \/>\n<meta property=\"og:image\" content=\"https:\/\/dekornik.com\/wp-content\/uploads\/2025\/10\/rabbit-beige_f45fc4d4-23ab-4ad7-96f0-e146ad0c5e40.jpg\" \/>\n\t<meta property=\"og:image:width\" content=\"950\" \/>\n\t<meta property=\"og:image:height\" content=\"950\" \/>\n\t<meta property=\"og:image:type\" content=\"image\/jpeg\" \/>\n<script type=\"application\/ld+json\" class=\"yoast-schema-graph\">{\"@context\":\"https:\\\/\\\/schema.org\",\"@graph\":[{\"@type\":\"WebPage\",\"@id\":\"https:\\\/\\\/dekornik.com\\\/pl\\\/produkt\\\/rabbit-day-beige-wallpaper\\\/\",\"url\":\"https:\\\/\\\/dekornik.com\\\/pl\\\/produkt\\\/rabbit-day-beige-wallpaper\\\/\",\"name\":\"Old English Flowers Wallpaper | Girl's Room & Nursery\",\"isPartOf\":{\"@id\":\"https:\\\/\\\/dekornik.com\\\/pl\\\/#website\"},\"primaryImageOfPage\":{\"@id\":\"https:\\\/\\\/dekornik.com\\\/pl\\\/produkt\\\/rabbit-day-beige-wallpaper\\\/#primaryimage\"},\"image\":{\"@id\":\"https:\\\/\\\/dekornik.com\\\/pl\\\/produkt\\\/rabbit-day-beige-wallpaper\\\/#primaryimage\"},\"thumbnailUrl\":\"https:\\\/\\\/dekornik.com\\\/wp-content\\\/uploads\\\/2025\\\/10\\\/rabbit-beige_f45fc4d4-23ab-4ad7-96f0-e146ad0c5e40.jpg\",\"datePublished\":\"2025-10-02T11:19:41+00:00\",\"dateModified\":\"2026-04-02T20:46:00+00:00\",\"description\":\"Discover charming Old English Flowers Wallpaper, ideal for a girl's room or nursery. Delicate wild roses & pastel shades create a cozy, inviting space. Shop now!\",\"breadcrumb\":{\"@id\":\"https:\\\/\\\/dekornik.com\\\/pl\\\/produkt\\\/rabbit-day-beige-wallpaper\\\/#breadcrumb\"},\"inLanguage\":\"pl-PL\",\"potentialAction\":[{\"@type\":\"ReadAction\",\"target\":[\"https:\\\/\\\/dekornik.com\\\/pl\\\/produkt\\\/rabbit-day-beige-wallpaper\\\/\"]}]},{\"@type\":\"ImageObject\",\"inLanguage\":\"pl-PL\",\"@id\":\"https:\\\/\\\/dekornik.com\\\/pl\\\/produkt\\\/rabbit-day-beige-wallpaper\\\/#primaryimage\",\"url\":\"https:\\\/\\\/dekornik.com\\\/wp-content\\\/uploads\\\/2025\\\/10\\\/rabbit-beige_f45fc4d4-23ab-4ad7-96f0-e146ad0c5e40.jpg\",\"contentUrl\":\"https:\\\/\\\/dekornik.com\\\/wp-content\\\/uploads\\\/2025\\\/10\\\/rabbit-beige_f45fc4d4-23ab-4ad7-96f0-e146ad0c5e40.jpg\",\"width\":950,\"height\":950},{\"@type\":\"BreadcrumbList\",\"@id\":\"https:\\\/\\\/dekornik.com\\\/pl\\\/produkt\\\/rabbit-day-beige-wallpaper\\\/#breadcrumb\",\"itemListElement\":[{\"@type\":\"ListItem\",\"position\":1,\"name\":\"Home\",\"item\":\"https:\\\/\\\/dekornik.com\\\/pl\\\/\"},{\"@type\":\"ListItem\",\"position\":2,\"name\":\"Sklep\",\"item\":\"https:\\\/\\\/dekornik.com\\\/pl\\\/sklep\\\/\"},{\"@type\":\"ListItem\",\"position\":3,\"name\":\"Rabbit Day Beige Tapeta\"}]},{\"@type\":\"WebSite\",\"@id\":\"https:\\\/\\\/dekornik.com\\\/pl\\\/#website\",\"url\":\"https:\\\/\\\/dekornik.com\\\/pl\\\/\",\"name\":\"Dekornik\",\"description\":\"Your little one will love it\\\\!\",\"publisher\":{\"@id\":\"https:\\\/\\\/dekornik.com\\\/pl\\\/#organization\"},\"potentialAction\":[{\"@type\":\"SearchAction\",\"target\":{\"@type\":\"EntryPoint\",\"urlTemplate\":\"https:\\\/\\\/dekornik.com\\\/pl\\\/?s={search_term_string}\"},\"query-input\":{\"@type\":\"PropertyValueSpecification\",\"valueRequired\":true,\"valueName\":\"search_term_string\"}}],\"inLanguage\":\"pl-PL\"},{\"@type\":\"Organization\",\"@id\":\"https:\\\/\\\/dekornik.com\\\/pl\\\/#organization\",\"name\":\"Dekornik sp. z o.o.\",\"url\":\"https:\\\/\\\/dekornik.com\\\/pl\\\/\",\"logo\":{\"@type\":\"ImageObject\",\"inLanguage\":\"pl-PL\",\"@id\":\"https:\\\/\\\/dekornik.com\\\/pl\\\/#\\\/schema\\\/logo\\\/image\\\/\",\"url\":\"http:\\\/\\\/dekornik.com\\\/wp-content\\\/uploads\\\/2026\\\/01\\\/logo_dekornik-01-1.svg\",\"contentUrl\":\"http:\\\/\\\/dekornik.com\\\/wp-content\\\/uploads\\\/2026\\\/01\\\/logo_dekornik-01-1.svg\",\"width\":\"1024\",\"height\":\"1024\",\"caption\":\"Dekornik sp. z o.o.\"},\"image\":{\"@id\":\"https:\\\/\\\/dekornik.com\\\/pl\\\/#\\\/schema\\\/logo\\\/image\\\/\"},\"sameAs\":[\"https:\\\/\\\/www.facebook.com\\\/DEKORNIK\\\/\",\"https:\\\/\\\/instagram.com\\\/dekornik\",\"https:\\\/\\\/www.pinterest.com\\\/dekornikcom\\\/\"]}]}<\/script>\n<!-- \/ Yoast SEO plugin. -->","yoast_head_json":{"title":"Old English Flowers Wallpaper | Girl's Room & Nursery","description":"Discover charming Old English Flowers Wallpaper, ideal for a girl's room or nursery. Delicate wild roses & pastel shades create a cozy, inviting space. Shop now!","robots":{"index":"index","follow":"follow","max-snippet":"max-snippet:-1","max-image-preview":"max-image-preview:large","max-video-preview":"max-video-preview:-1"},"canonical":"https:\/\/dekornik.com\/pl\/produkt\/rabbit-day-beige-wallpaper\/","og_locale":"pl_PL","og_type":"article","og_title":"Old English Flowers Wallpaper | Girl's Room & Nursery","og_description":"Discover charming Old English Flowers Wallpaper, ideal for a girl's room or nursery. Delicate wild roses & pastel shades create a cozy, inviting space. Shop now!","og_url":"https:\/\/dekornik.com\/pl\/produkt\/rabbit-day-beige-wallpaper\/","og_site_name":"Dekornik","article_publisher":"https:\/\/www.facebook.com\/DEKORNIK\/","article_modified_time":"2026-04-02T20:46:00+00:00","og_image":[{"width":950,"height":950,"url":"https:\/\/dekornik.com\/wp-content\/uploads\/2025\/10\/rabbit-beige_f45fc4d4-23ab-4ad7-96f0-e146ad0c5e40.jpg","type":"image\/jpeg"}],"schema":{"@context":"https:\/\/schema.org","@graph":[{"@type":"WebPage","@id":"https:\/\/dekornik.com\/pl\/produkt\/rabbit-day-beige-wallpaper\/","url":"https:\/\/dekornik.com\/pl\/produkt\/rabbit-day-beige-wallpaper\/","name":"Old English Flowers Wallpaper | Girl's Room & Nursery","isPartOf":{"@id":"https:\/\/dekornik.com\/pl\/#website"},"primaryImageOfPage":{"@id":"https:\/\/dekornik.com\/pl\/produkt\/rabbit-day-beige-wallpaper\/#primaryimage"},"image":{"@id":"https:\/\/dekornik.com\/pl\/produkt\/rabbit-day-beige-wallpaper\/#primaryimage"},"thumbnailUrl":"https:\/\/dekornik.com\/wp-content\/uploads\/2025\/10\/rabbit-beige_f45fc4d4-23ab-4ad7-96f0-e146ad0c5e40.jpg","datePublished":"2025-10-02T11:19:41+00:00","dateModified":"2026-04-02T20:46:00+00:00","description":"Discover charming Old English Flowers Wallpaper, ideal for a girl's room or nursery. Delicate wild roses & pastel shades create a cozy, inviting space. Shop now!","breadcrumb":{"@id":"https:\/\/dekornik.com\/pl\/produkt\/rabbit-day-beige-wallpaper\/#breadcrumb"},"inLanguage":"pl-PL","potentialAction":[{"@type":"ReadAction","target":["https:\/\/dekornik.com\/pl\/produkt\/rabbit-day-beige-wallpaper\/"]}]},{"@type":"ImageObject","inLanguage":"pl-PL","@id":"https:\/\/dekornik.com\/pl\/produkt\/rabbit-day-beige-wallpaper\/#primaryimage","url":"https:\/\/dekornik.com\/wp-content\/uploads\/2025\/10\/rabbit-beige_f45fc4d4-23ab-4ad7-96f0-e146ad0c5e40.jpg","contentUrl":"https:\/\/dekornik.com\/wp-content\/uploads\/2025\/10\/rabbit-beige_f45fc4d4-23ab-4ad7-96f0-e146ad0c5e40.jpg","width":950,"height":950},{"@type":"BreadcrumbList","@id":"https:\/\/dekornik.com\/pl\/produkt\/rabbit-day-beige-wallpaper\/#breadcrumb","itemListElement":[{"@type":"ListItem","position":1,"name":"Home","item":"https:\/\/dekornik.com\/pl\/"},{"@type":"ListItem","position":2,"name":"Sklep","item":"https:\/\/dekornik.com\/pl\/sklep\/"},{"@type":"ListItem","position":3,"name":"Rabbit Day Beige Tapeta"}]},{"@type":"WebSite","@id":"https:\/\/dekornik.com\/pl\/#website","url":"https:\/\/dekornik.com\/pl\/","name":"Dekornik","description":"Your little one will love it\\!","publisher":{"@id":"https:\/\/dekornik.com\/pl\/#organization"},"potentialAction":[{"@type":"SearchAction","target":{"@type":"EntryPoint","urlTemplate":"https:\/\/dekornik.com\/pl\/?s={search_term_string}"},"query-input":{"@type":"PropertyValueSpecification","valueRequired":true,"valueName":"search_term_string"}}],"inLanguage":"pl-PL"},{"@type":"Organization","@id":"https:\/\/dekornik.com\/pl\/#organization","name":"Dekornik sp. z o.o.","url":"https:\/\/dekornik.com\/pl\/","logo":{"@type":"ImageObject","inLanguage":"pl-PL","@id":"https:\/\/dekornik.com\/pl\/#\/schema\/logo\/image\/","url":"http:\/\/dekornik.com\/wp-content\/uploads\/2026\/01\/logo_dekornik-01-1.svg","contentUrl":"http:\/\/dekornik.com\/wp-content\/uploads\/2026\/01\/logo_dekornik-01-1.svg","width":"1024","height":"1024","caption":"Dekornik sp. z o.o."},"image":{"@id":"https:\/\/dekornik.com\/pl\/#\/schema\/logo\/image\/"},"sameAs":["https:\/\/www.facebook.com\/DEKORNIK\/","https:\/\/instagram.com\/dekornik","https:\/\/www.pinterest.com\/dekornikcom\/"]}]}},"_links":{"self":[{"href":"https:\/\/dekornik.com\/pl\/wp-json\/wp\/v2\/product\/8840","targetHints":{"allow":["GET"]}}],"collection":[{"href":"https:\/\/dekornik.com\/pl\/wp-json\/wp\/v2\/product"}],"about":[{"href":"https:\/\/dekornik.com\/pl\/wp-json\/wp\/v2\/types\/product"}],"replies":[{"embeddable":true,"href":"https:\/\/dekornik.com\/pl\/wp-json\/wp\/v2\/comments?post=8840"}],"wp:featuredmedia":[{"embeddable":true,"href":"https:\/\/dekornik.com\/pl\/wp-json\/wp\/v2\/media\/8841"}],"wp:attachment":[{"href":"https:\/\/dekornik.com\/pl\/wp-json\/wp\/v2\/media?parent=8840"}],"wp:term":[{"taxonomy":"product_brand","embeddable":true,"href":"https:\/\/dekornik.com\/pl\/wp-json\/wp\/v2\/product_brand?post=8840"},{"taxonomy":"product_cat","embeddable":true,"href":"https:\/\/dekornik.com\/pl\/wp-json\/wp\/v2\/product_cat?post=8840"},{"taxonomy":"product_tag","embeddable":true,"href":"https:\/\/dekornik.com\/pl\/wp-json\/wp\/v2\/product_tag?post=8840"}],"curies":[{"name":"wp","href":"https:\/\/api.w.org\/{rel}","templated":true}]}}