{"id":8836,"date":"2025-10-02T11:19:44","date_gmt":"2025-10-02T11:19:44","guid":{"rendered":"http:\/\/dekornik.com\/product\/mini-shelf-lemur\/"},"modified":"2026-04-04T20:18:10","modified_gmt":"2026-04-04T20:18:10","slug":"mini-shelf-lemur","status":"publish","type":"product","link":"https:\/\/dekornik.com\/pl\/produkt\/mini-shelf-lemur\/","title":{"rendered":"Minip\u00f3\u0142ka Lemur"},"content":{"rendered":"<p>Mini p\u00f3\u0142eczki, kt\u00f3re \u015bwietnie sprawdz\u0105 si\u0119 przy \u0142\u00f3\u017ceczkach, przy biurkach czy nawet w przedpokoju. P\u00f3\u0142ki maj\u0105 wymiary ok. 32 cm szeroko\u015bci (ka\u017cdy wz\u00f3r minimalnie r\u00f3\u017cni si\u0119 wymiarem), dlatego nie zajm\u0105 du\u017co miejsca, a pomog\u0105 w porz\u0105dkowaniu codziennych rzeczy oraz dekorowaniu pokoju.<\/p>\n<p>Mini p\u00f3\u0142ka ma zar\u00f3wno p\u00f3\u0142eczk\u0119 poziom\u0105, jak i trzy ko\u0142ki, na kt\u00f3rych mo\u017cna zawiesi\u0107 np. worek z kapciami albo bi\u017cuteri\u0119 ma\u0142ej ksi\u0119\u017cniczki. Pozioma p\u00f3\u0142ka ma za\u015b g\u0142\u0119boko\u015b\u0107 6 cm, wi\u0119c \u015bwietnie nadaje si\u0119 na mini wystaw\u0119 lub przydatn\u0105 p\u00f3\u0142k\u0119 na detale.<\/p>\n<p>Kolorowy front (w tym przypadku Lemur) to po prostu naklejka, naklejona przez nas na powierzchni\u0119 sklejki.<\/p>\n<p>Kilka danych technicznych:<\/p>\n<p>\u2022 Rozmiar p\u00f3\u0142ki: 32 cm \u00d7 32 cm<br \/>\n\u2022 Sklejka ma grubo\u015b\u0107 1 cm. Jest jasna, bez s\u0119k\u00f3w. Wa\u017cy ok. 1 kg.<br \/>\n\u2022 Montowana jest na wkr\u0119ty, kt\u00f3re umieszczamy w otworach zas\u0142oni\u0119tych nast\u0119pnie przez poziome p\u00f3\u0142eczki. Wkr\u0119ty s\u0105 niewidoczne po skr\u0119ceniu ca\u0142ej p\u00f3\u0142ki.<br \/>\n\u2022 D\u0142ugo\u015b\u0107 ko\u0142k\u00f3w do zawieszenia np. woreczka na buty: 4 cm<br \/>\n\u2022 G\u0142\u0119boko\u015b\u0107 p\u00f3\u0142eczki poziomej: 6 cm<\/p>\n<p>Co wa\u017cne: monta\u017c ca\u0142ej p\u00f3\u0142ki NIE wymaga \u017cadnych dodatkowych przyrz\u0105d\u00f3w: nie potrzeba tu \u015brubokr\u0119t\u00f3w, wkr\u0119t\u00f3w, m\u0142otk\u00f3w. Wszystko wystarczy do siebie dopasowa\u0107, a nast\u0119pnie wsun\u0105\u0107 \u2013 p\u00f3\u0142eczka jest solidna. Je\u015bli za\u015b chcemy, aby konstrukcja by\u0142a super hiper solidna, mo\u017cna punkty monta\u017cowe (wyci\u0119te w sklejce) posmarowa\u0107 delikatnym klejem do mebli. Generalnie jednak nie ma takiej konieczno\u015bci.<\/p>\n","protected":false},"excerpt":{"rendered":"<p>Minip\u00f3\u0142ka Lemur \u2014 lemur w pokoju! P\u00f3\u0142ka ze sklejki (32\u00d732 cm) z poziom\u0105 p\u00f3\u0142eczk\u0105 (6 cm g\u0142\u0119boko\u015bci) i 3 ko\u0142kami. Naklejka Lemur na froncie. <\/p>\n<p>Monta\u017c BEZ narz\u0119dzi \u2014 wystarczy wsun\u0105\u0107 elementy!<\/p>\n<p>Idealna przy \u0142\u00f3\u017ceczku, biurku lub w przedpokoju.<\/p>\n","protected":false},"featured_media":8837,"comment_status":"open","ping_status":"closed","template":"","meta":{"inline_featured_image":false},"product_brand":[],"product_cat":[763],"product_tag":[703,708,709,720,721,726,734,735,741,749,751],"class_list":{"0":"post-8836","1":"product","2":"type-product","3":"status-publish","4":"has-post-thumbnail","6":"product_cat-sklejka","7":"product_tag-crisp-print-detail-pl","8":"product_tag-eco-minded-choice-pl","9":"product_tag-eu-safety-focus-pl","10":"product_tag-match-friendly-pl","11":"product_tag-matte-finish-look-pl","12":"product_tag-mix-amp-pl","13":"product_tag-pairs-with-borders-pl","14":"product_tag-pairs-with-wall-decals-pl","15":"product_tag-premium-paper-feel-pl","16":"product_tag-space-adventure-pl","17":"product_tag-statement-wall-pl","19":"first","20":"instock","21":"sale","22":"taxable","23":"shipping-taxable","24":"purchasable","25":"product-type-simple"},"yoast_head":"<!-- This site is optimized with the Yoast SEO plugin v27.3 - https:\/\/yoast.com\/product\/yoast-seo-wordpress\/ -->\n<title>Minip\u00f3\u0142ka Lemur - Dekornik<\/title>\n<meta name=\"robots\" content=\"index, follow, max-snippet:-1, max-image-preview:large, max-video-preview:-1\" \/>\n<link rel=\"canonical\" href=\"https:\/\/dekornik.com\/pl\/produkt\/mini-shelf-lemur\/\" \/>\n<meta property=\"og:locale\" content=\"pl_PL\" \/>\n<meta property=\"og:type\" content=\"article\" \/>\n<meta property=\"og:title\" content=\"Minip\u00f3\u0142ka Lemur - Dekornik\" \/>\n<meta property=\"og:description\" content=\"Minip\u00f3\u0142ka Lemur \u2014 lemur w pokoju! P\u00f3\u0142ka ze sklejki (32\u00d732 cm) z poziom\u0105 p\u00f3\u0142eczk\u0105 (6 cm g\u0142\u0119boko\u015bci) i 3 ko\u0142kami. Naklejka Lemur na froncie.  Monta\u017c BEZ narz\u0119dzi \u2014 wystarczy wsun\u0105\u0107 elementy! Idealna przy \u0142\u00f3\u017ceczku, biurku lub w przedpokoju.\" \/>\n<meta property=\"og:url\" content=\"https:\/\/dekornik.com\/pl\/produkt\/mini-shelf-lemur\/\" \/>\n<meta property=\"og:site_name\" content=\"Dekornik\" \/>\n<meta property=\"article:publisher\" content=\"https:\/\/www.facebook.com\/DEKORNIK\/\" \/>\n<meta property=\"article:modified_time\" content=\"2026-04-04T20:18:10+00:00\" \/>\n<meta property=\"og:image\" content=\"https:\/\/dekornik.com\/wp-content\/uploads\/2025\/10\/1024-1024-max.jpg\" \/>\n\t<meta property=\"og:image:width\" content=\"1024\" \/>\n\t<meta property=\"og:image:height\" content=\"1024\" \/>\n\t<meta property=\"og:image:type\" content=\"image\/jpeg\" \/>\n<script type=\"application\/ld+json\" class=\"yoast-schema-graph\">{\"@context\":\"https:\\\/\\\/schema.org\",\"@graph\":[{\"@type\":\"WebPage\",\"@id\":\"https:\\\/\\\/dekornik.com\\\/pl\\\/produkt\\\/mini-shelf-lemur\\\/\",\"url\":\"https:\\\/\\\/dekornik.com\\\/pl\\\/produkt\\\/mini-shelf-lemur\\\/\",\"name\":\"Minip\u00f3\u0142ka Lemur - Dekornik\",\"isPartOf\":{\"@id\":\"https:\\\/\\\/dekornik.com\\\/pl\\\/#website\"},\"primaryImageOfPage\":{\"@id\":\"https:\\\/\\\/dekornik.com\\\/pl\\\/produkt\\\/mini-shelf-lemur\\\/#primaryimage\"},\"image\":{\"@id\":\"https:\\\/\\\/dekornik.com\\\/pl\\\/produkt\\\/mini-shelf-lemur\\\/#primaryimage\"},\"thumbnailUrl\":\"https:\\\/\\\/dekornik.com\\\/wp-content\\\/uploads\\\/2025\\\/10\\\/1024-1024-max.jpg\",\"datePublished\":\"2025-10-02T11:19:44+00:00\",\"dateModified\":\"2026-04-04T20:18:10+00:00\",\"breadcrumb\":{\"@id\":\"https:\\\/\\\/dekornik.com\\\/pl\\\/produkt\\\/mini-shelf-lemur\\\/#breadcrumb\"},\"inLanguage\":\"pl-PL\",\"potentialAction\":[{\"@type\":\"ReadAction\",\"target\":[\"https:\\\/\\\/dekornik.com\\\/pl\\\/produkt\\\/mini-shelf-lemur\\\/\"]}]},{\"@type\":\"ImageObject\",\"inLanguage\":\"pl-PL\",\"@id\":\"https:\\\/\\\/dekornik.com\\\/pl\\\/produkt\\\/mini-shelf-lemur\\\/#primaryimage\",\"url\":\"https:\\\/\\\/dekornik.com\\\/wp-content\\\/uploads\\\/2025\\\/10\\\/1024-1024-max.jpg\",\"contentUrl\":\"https:\\\/\\\/dekornik.com\\\/wp-content\\\/uploads\\\/2025\\\/10\\\/1024-1024-max.jpg\",\"width\":1024,\"height\":1024},{\"@type\":\"BreadcrumbList\",\"@id\":\"https:\\\/\\\/dekornik.com\\\/pl\\\/produkt\\\/mini-shelf-lemur\\\/#breadcrumb\",\"itemListElement\":[{\"@type\":\"ListItem\",\"position\":1,\"name\":\"Home\",\"item\":\"https:\\\/\\\/dekornik.com\\\/pl\\\/\"},{\"@type\":\"ListItem\",\"position\":2,\"name\":\"Sklep\",\"item\":\"https:\\\/\\\/dekornik.com\\\/pl\\\/sklep\\\/\"},{\"@type\":\"ListItem\",\"position\":3,\"name\":\"Minip\u00f3\u0142ka Lemur\"}]},{\"@type\":\"WebSite\",\"@id\":\"https:\\\/\\\/dekornik.com\\\/pl\\\/#website\",\"url\":\"https:\\\/\\\/dekornik.com\\\/pl\\\/\",\"name\":\"Dekornik\",\"description\":\"Your little one will love it\\\\!\",\"publisher\":{\"@id\":\"https:\\\/\\\/dekornik.com\\\/pl\\\/#organization\"},\"potentialAction\":[{\"@type\":\"SearchAction\",\"target\":{\"@type\":\"EntryPoint\",\"urlTemplate\":\"https:\\\/\\\/dekornik.com\\\/pl\\\/?s={search_term_string}\"},\"query-input\":{\"@type\":\"PropertyValueSpecification\",\"valueRequired\":true,\"valueName\":\"search_term_string\"}}],\"inLanguage\":\"pl-PL\"},{\"@type\":\"Organization\",\"@id\":\"https:\\\/\\\/dekornik.com\\\/pl\\\/#organization\",\"name\":\"Dekornik sp. z o.o.\",\"url\":\"https:\\\/\\\/dekornik.com\\\/pl\\\/\",\"logo\":{\"@type\":\"ImageObject\",\"inLanguage\":\"pl-PL\",\"@id\":\"https:\\\/\\\/dekornik.com\\\/pl\\\/#\\\/schema\\\/logo\\\/image\\\/\",\"url\":\"http:\\\/\\\/dekornik.com\\\/wp-content\\\/uploads\\\/2026\\\/01\\\/logo_dekornik-01-1.svg\",\"contentUrl\":\"http:\\\/\\\/dekornik.com\\\/wp-content\\\/uploads\\\/2026\\\/01\\\/logo_dekornik-01-1.svg\",\"width\":\"1024\",\"height\":\"1024\",\"caption\":\"Dekornik sp. z o.o.\"},\"image\":{\"@id\":\"https:\\\/\\\/dekornik.com\\\/pl\\\/#\\\/schema\\\/logo\\\/image\\\/\"},\"sameAs\":[\"https:\\\/\\\/www.facebook.com\\\/DEKORNIK\\\/\",\"https:\\\/\\\/instagram.com\\\/dekornik\",\"https:\\\/\\\/www.pinterest.com\\\/dekornikcom\\\/\"]}]}<\/script>\n<!-- \/ Yoast SEO plugin. -->","yoast_head_json":{"title":"Minip\u00f3\u0142ka Lemur - Dekornik","robots":{"index":"index","follow":"follow","max-snippet":"max-snippet:-1","max-image-preview":"max-image-preview:large","max-video-preview":"max-video-preview:-1"},"canonical":"https:\/\/dekornik.com\/pl\/produkt\/mini-shelf-lemur\/","og_locale":"pl_PL","og_type":"article","og_title":"Minip\u00f3\u0142ka Lemur - Dekornik","og_description":"Minip\u00f3\u0142ka Lemur \u2014 lemur w pokoju! P\u00f3\u0142ka ze sklejki (32\u00d732 cm) z poziom\u0105 p\u00f3\u0142eczk\u0105 (6 cm g\u0142\u0119boko\u015bci) i 3 ko\u0142kami. Naklejka Lemur na froncie.  Monta\u017c BEZ narz\u0119dzi \u2014 wystarczy wsun\u0105\u0107 elementy! Idealna przy \u0142\u00f3\u017ceczku, biurku lub w przedpokoju.","og_url":"https:\/\/dekornik.com\/pl\/produkt\/mini-shelf-lemur\/","og_site_name":"Dekornik","article_publisher":"https:\/\/www.facebook.com\/DEKORNIK\/","article_modified_time":"2026-04-04T20:18:10+00:00","og_image":[{"width":1024,"height":1024,"url":"https:\/\/dekornik.com\/wp-content\/uploads\/2025\/10\/1024-1024-max.jpg","type":"image\/jpeg"}],"schema":{"@context":"https:\/\/schema.org","@graph":[{"@type":"WebPage","@id":"https:\/\/dekornik.com\/pl\/produkt\/mini-shelf-lemur\/","url":"https:\/\/dekornik.com\/pl\/produkt\/mini-shelf-lemur\/","name":"Minip\u00f3\u0142ka Lemur - Dekornik","isPartOf":{"@id":"https:\/\/dekornik.com\/pl\/#website"},"primaryImageOfPage":{"@id":"https:\/\/dekornik.com\/pl\/produkt\/mini-shelf-lemur\/#primaryimage"},"image":{"@id":"https:\/\/dekornik.com\/pl\/produkt\/mini-shelf-lemur\/#primaryimage"},"thumbnailUrl":"https:\/\/dekornik.com\/wp-content\/uploads\/2025\/10\/1024-1024-max.jpg","datePublished":"2025-10-02T11:19:44+00:00","dateModified":"2026-04-04T20:18:10+00:00","breadcrumb":{"@id":"https:\/\/dekornik.com\/pl\/produkt\/mini-shelf-lemur\/#breadcrumb"},"inLanguage":"pl-PL","potentialAction":[{"@type":"ReadAction","target":["https:\/\/dekornik.com\/pl\/produkt\/mini-shelf-lemur\/"]}]},{"@type":"ImageObject","inLanguage":"pl-PL","@id":"https:\/\/dekornik.com\/pl\/produkt\/mini-shelf-lemur\/#primaryimage","url":"https:\/\/dekornik.com\/wp-content\/uploads\/2025\/10\/1024-1024-max.jpg","contentUrl":"https:\/\/dekornik.com\/wp-content\/uploads\/2025\/10\/1024-1024-max.jpg","width":1024,"height":1024},{"@type":"BreadcrumbList","@id":"https:\/\/dekornik.com\/pl\/produkt\/mini-shelf-lemur\/#breadcrumb","itemListElement":[{"@type":"ListItem","position":1,"name":"Home","item":"https:\/\/dekornik.com\/pl\/"},{"@type":"ListItem","position":2,"name":"Sklep","item":"https:\/\/dekornik.com\/pl\/sklep\/"},{"@type":"ListItem","position":3,"name":"Minip\u00f3\u0142ka Lemur"}]},{"@type":"WebSite","@id":"https:\/\/dekornik.com\/pl\/#website","url":"https:\/\/dekornik.com\/pl\/","name":"Dekornik","description":"Your little one will love it\\!","publisher":{"@id":"https:\/\/dekornik.com\/pl\/#organization"},"potentialAction":[{"@type":"SearchAction","target":{"@type":"EntryPoint","urlTemplate":"https:\/\/dekornik.com\/pl\/?s={search_term_string}"},"query-input":{"@type":"PropertyValueSpecification","valueRequired":true,"valueName":"search_term_string"}}],"inLanguage":"pl-PL"},{"@type":"Organization","@id":"https:\/\/dekornik.com\/pl\/#organization","name":"Dekornik sp. z o.o.","url":"https:\/\/dekornik.com\/pl\/","logo":{"@type":"ImageObject","inLanguage":"pl-PL","@id":"https:\/\/dekornik.com\/pl\/#\/schema\/logo\/image\/","url":"http:\/\/dekornik.com\/wp-content\/uploads\/2026\/01\/logo_dekornik-01-1.svg","contentUrl":"http:\/\/dekornik.com\/wp-content\/uploads\/2026\/01\/logo_dekornik-01-1.svg","width":"1024","height":"1024","caption":"Dekornik sp. z o.o."},"image":{"@id":"https:\/\/dekornik.com\/pl\/#\/schema\/logo\/image\/"},"sameAs":["https:\/\/www.facebook.com\/DEKORNIK\/","https:\/\/instagram.com\/dekornik","https:\/\/www.pinterest.com\/dekornikcom\/"]}]}},"_links":{"self":[{"href":"https:\/\/dekornik.com\/pl\/wp-json\/wp\/v2\/product\/8836","targetHints":{"allow":["GET"]}}],"collection":[{"href":"https:\/\/dekornik.com\/pl\/wp-json\/wp\/v2\/product"}],"about":[{"href":"https:\/\/dekornik.com\/pl\/wp-json\/wp\/v2\/types\/product"}],"replies":[{"embeddable":true,"href":"https:\/\/dekornik.com\/pl\/wp-json\/wp\/v2\/comments?post=8836"}],"wp:featuredmedia":[{"embeddable":true,"href":"https:\/\/dekornik.com\/pl\/wp-json\/wp\/v2\/media\/8837"}],"wp:attachment":[{"href":"https:\/\/dekornik.com\/pl\/wp-json\/wp\/v2\/media?parent=8836"}],"wp:term":[{"taxonomy":"product_brand","embeddable":true,"href":"https:\/\/dekornik.com\/pl\/wp-json\/wp\/v2\/product_brand?post=8836"},{"taxonomy":"product_cat","embeddable":true,"href":"https:\/\/dekornik.com\/pl\/wp-json\/wp\/v2\/product_cat?post=8836"},{"taxonomy":"product_tag","embeddable":true,"href":"https:\/\/dekornik.com\/pl\/wp-json\/wp\/v2\/product_tag?post=8836"}],"curies":[{"name":"wp","href":"https:\/\/api.w.org\/{rel}","templated":true}]}}