{"id":8824,"date":"2025-10-02T11:19:50","date_gmt":"2025-10-02T11:19:50","guid":{"rendered":"http:\/\/dekornik.com\/product\/white-ducks-return-to-innocence\/"},"modified":"2025-12-16T07:36:55","modified_gmt":"2025-12-16T07:36:55","slug":"white-ducks-return-to-innocence","status":"publish","type":"product","link":"https:\/\/dekornik.com\/pl\/produkt\/white-ducks-return-to-innocence\/","title":{"rendered":"White Ducks \/ Return to Innocence"},"content":{"rendered":"<p>To idealne naklejki do pokoju noworodka. Albo na prezent! Bo te kaczuchy s\u0105 po prostu przeuroczem, zabawne, niewinne. Jak z bajki. Malowane akwarelami.\u00a0<\/p>\n<p><strong>TECHNICZNIE:<\/strong><\/p>\n<p>Ca\u0142y szablon mierzy 78 cm x 40 cm<\/p>\n<ul>\n<li>wysoko\u015b\u0107 kaczek: od 34 cm do 39 cm<\/li>\n<li>ma\u0142e kaczuszki: ok. 11 cm\n<\/li>\n<\/ul>\n<p>Naklejka wydrukowana jest na folii samoprzylepnej, przeznaczonej wy\u0142\u0105cznie do dekoracji wn\u0119trz. Posiada wymagane atesty. Jest to folia z leciutk\u0105 struktur\u0105, wyj\u0105tkowo \u0142adny materia\u0142. Ma do\u015b\u0107 mocny klej, jednak w wi\u0119kszo\u015bci przypadk\u00f3w (nie zawsze!) elementy da si\u0119 przeklei\u0107.\u00a0<\/p>\n<p>Jak naklei\u0107 elementy? Wystarczy oderwa\u0107 naklejk\u0119 od szablonu i delikatnie, powoli nakleja\u0107 na \u015bcian\u0119. Na koniec mozna j\u0105 docisn\u0105\u0107, &#8222;rozmasowa\u0107&#8221; such\u0105 szmatk\u0105, tak aby powierzchnia naklejki niemal zla\u0142a si\u0119 z powierzchni\u0105 \u015bciany. Uwaga, naklepiej nakleja\u0107 ten wz\u00f3r w dwie osoby, b\u0119dzie znacznie \u0142atwiej.<\/p>\n","protected":false},"excerpt":{"rendered":"<p>White Ducks \/ Return to Innocence brings a touch of charm and style to your home. White ducks wallsticker is a proposition for all who do not want to apply a wallpaper in the room. The ducks are not 100&#8230; It creates a warm and inviting atmosphere, perfect for young mothers seeking beauty and comfort in everyday life. Soft colors, delicate design, and timeless appeal make it a favorite.<\/p>\n","protected":false},"featured_media":8825,"comment_status":"open","ping_status":"closed","template":"","meta":{"inline_featured_image":false},"product_brand":[],"product_cat":[785,287],"product_tag":[701,706,707,735,738,740,743,746],"class_list":{"0":"post-8824","1":"product","2":"type-product","3":"status-publish","4":"has-post-thumbnail","6":"product_cat-naklejki","7":"product_cat-naklejki-scienne","8":"product_tag-corner-framing-pl","9":"product_tag-ducks-amp-pl","10":"product_tag-easy-diy-refresh-pl","11":"product_tag-pairs-with-wall-decals-pl","12":"product_tag-photo-ready-backdrop-pl","13":"product_tag-pond-pl","14":"product_tag-rental-friendly-idea-pl","15":"product_tag-simple-styling-pl","17":"first","18":"instock","19":"sale","20":"taxable","21":"shipping-taxable","22":"purchasable","23":"product-type-simple"},"yoast_head":"<!-- This site is optimized with the Yoast SEO plugin v27.3 - https:\/\/yoast.com\/product\/yoast-seo-wordpress\/ -->\n<title>White Ducks \/ Return to Innocence - Dekornik<\/title>\n<meta name=\"robots\" content=\"index, follow, max-snippet:-1, max-image-preview:large, max-video-preview:-1\" \/>\n<link rel=\"canonical\" href=\"https:\/\/dekornik.com\/pl\/produkt\/white-ducks-return-to-innocence\/\" \/>\n<meta property=\"og:locale\" content=\"pl_PL\" \/>\n<meta property=\"og:type\" content=\"article\" \/>\n<meta property=\"og:title\" content=\"White Ducks \/ Return to Innocence - Dekornik\" \/>\n<meta property=\"og:description\" content=\"White Ducks \/ Return to Innocence brings a touch of charm and style to your home. White ducks wallsticker is a proposition for all who do not want to apply a wallpaper in the room. The ducks are not 100... It creates a warm and inviting atmosphere, perfect for young mothers seeking beauty and comfort in everyday life. Soft colors, delicate design, and timeless appeal make it a favorite.\" \/>\n<meta property=\"og:url\" content=\"https:\/\/dekornik.com\/pl\/produkt\/white-ducks-return-to-innocence\/\" \/>\n<meta property=\"og:site_name\" content=\"Dekornik\" \/>\n<meta property=\"article:publisher\" content=\"https:\/\/www.facebook.com\/DEKORNIK\/\" \/>\n<meta property=\"article:modified_time\" content=\"2025-12-16T07:36:55+00:00\" \/>\n<meta property=\"og:image\" content=\"https:\/\/dekornik.com\/wp-content\/uploads\/2025\/10\/DEKO.N.NNM_.086_M_90x47-white-ducks.jpg\" \/>\n\t<meta property=\"og:image:width\" content=\"1200\" \/>\n\t<meta property=\"og:image:height\" content=\"1200\" \/>\n\t<meta property=\"og:image:type\" content=\"image\/jpeg\" \/>\n<script type=\"application\/ld+json\" class=\"yoast-schema-graph\">{\"@context\":\"https:\\\/\\\/schema.org\",\"@graph\":[{\"@type\":\"WebPage\",\"@id\":\"https:\\\/\\\/dekornik.com\\\/pl\\\/produkt\\\/white-ducks-return-to-innocence\\\/\",\"url\":\"https:\\\/\\\/dekornik.com\\\/pl\\\/produkt\\\/white-ducks-return-to-innocence\\\/\",\"name\":\"White Ducks \\\/ Return to Innocence - Dekornik\",\"isPartOf\":{\"@id\":\"https:\\\/\\\/dekornik.com\\\/pl\\\/#website\"},\"primaryImageOfPage\":{\"@id\":\"https:\\\/\\\/dekornik.com\\\/pl\\\/produkt\\\/white-ducks-return-to-innocence\\\/#primaryimage\"},\"image\":{\"@id\":\"https:\\\/\\\/dekornik.com\\\/pl\\\/produkt\\\/white-ducks-return-to-innocence\\\/#primaryimage\"},\"thumbnailUrl\":\"https:\\\/\\\/dekornik.com\\\/wp-content\\\/uploads\\\/2025\\\/10\\\/DEKO.N.NNM_.086_M_90x47-white-ducks.jpg\",\"datePublished\":\"2025-10-02T11:19:50+00:00\",\"dateModified\":\"2025-12-16T07:36:55+00:00\",\"breadcrumb\":{\"@id\":\"https:\\\/\\\/dekornik.com\\\/pl\\\/produkt\\\/white-ducks-return-to-innocence\\\/#breadcrumb\"},\"inLanguage\":\"pl-PL\",\"potentialAction\":[{\"@type\":\"ReadAction\",\"target\":[\"https:\\\/\\\/dekornik.com\\\/pl\\\/produkt\\\/white-ducks-return-to-innocence\\\/\"]}]},{\"@type\":\"ImageObject\",\"inLanguage\":\"pl-PL\",\"@id\":\"https:\\\/\\\/dekornik.com\\\/pl\\\/produkt\\\/white-ducks-return-to-innocence\\\/#primaryimage\",\"url\":\"https:\\\/\\\/dekornik.com\\\/wp-content\\\/uploads\\\/2025\\\/10\\\/DEKO.N.NNM_.086_M_90x47-white-ducks.jpg\",\"contentUrl\":\"https:\\\/\\\/dekornik.com\\\/wp-content\\\/uploads\\\/2025\\\/10\\\/DEKO.N.NNM_.086_M_90x47-white-ducks.jpg\",\"width\":1200,\"height\":1200},{\"@type\":\"BreadcrumbList\",\"@id\":\"https:\\\/\\\/dekornik.com\\\/pl\\\/produkt\\\/white-ducks-return-to-innocence\\\/#breadcrumb\",\"itemListElement\":[{\"@type\":\"ListItem\",\"position\":1,\"name\":\"Home\",\"item\":\"https:\\\/\\\/dekornik.com\\\/pl\\\/\"},{\"@type\":\"ListItem\",\"position\":2,\"name\":\"Sklep\",\"item\":\"https:\\\/\\\/dekornik.com\\\/pl\\\/sklep\\\/\"},{\"@type\":\"ListItem\",\"position\":3,\"name\":\"White Ducks \\\/ Return to Innocence\"}]},{\"@type\":\"WebSite\",\"@id\":\"https:\\\/\\\/dekornik.com\\\/pl\\\/#website\",\"url\":\"https:\\\/\\\/dekornik.com\\\/pl\\\/\",\"name\":\"Dekornik\",\"description\":\"Your little one will love it\\\\!\",\"publisher\":{\"@id\":\"https:\\\/\\\/dekornik.com\\\/pl\\\/#organization\"},\"potentialAction\":[{\"@type\":\"SearchAction\",\"target\":{\"@type\":\"EntryPoint\",\"urlTemplate\":\"https:\\\/\\\/dekornik.com\\\/pl\\\/?s={search_term_string}\"},\"query-input\":{\"@type\":\"PropertyValueSpecification\",\"valueRequired\":true,\"valueName\":\"search_term_string\"}}],\"inLanguage\":\"pl-PL\"},{\"@type\":\"Organization\",\"@id\":\"https:\\\/\\\/dekornik.com\\\/pl\\\/#organization\",\"name\":\"Dekornik sp. z o.o.\",\"url\":\"https:\\\/\\\/dekornik.com\\\/pl\\\/\",\"logo\":{\"@type\":\"ImageObject\",\"inLanguage\":\"pl-PL\",\"@id\":\"https:\\\/\\\/dekornik.com\\\/pl\\\/#\\\/schema\\\/logo\\\/image\\\/\",\"url\":\"http:\\\/\\\/dekornik.com\\\/wp-content\\\/uploads\\\/2026\\\/01\\\/logo_dekornik-01-1.svg\",\"contentUrl\":\"http:\\\/\\\/dekornik.com\\\/wp-content\\\/uploads\\\/2026\\\/01\\\/logo_dekornik-01-1.svg\",\"width\":\"1024\",\"height\":\"1024\",\"caption\":\"Dekornik sp. z o.o.\"},\"image\":{\"@id\":\"https:\\\/\\\/dekornik.com\\\/pl\\\/#\\\/schema\\\/logo\\\/image\\\/\"},\"sameAs\":[\"https:\\\/\\\/www.facebook.com\\\/DEKORNIK\\\/\",\"https:\\\/\\\/instagram.com\\\/dekornik\",\"https:\\\/\\\/www.pinterest.com\\\/dekornikcom\\\/\"]}]}<\/script>\n<!-- \/ Yoast SEO plugin. -->","yoast_head_json":{"title":"White Ducks \/ Return to Innocence - Dekornik","robots":{"index":"index","follow":"follow","max-snippet":"max-snippet:-1","max-image-preview":"max-image-preview:large","max-video-preview":"max-video-preview:-1"},"canonical":"https:\/\/dekornik.com\/pl\/produkt\/white-ducks-return-to-innocence\/","og_locale":"pl_PL","og_type":"article","og_title":"White Ducks \/ Return to Innocence - Dekornik","og_description":"White Ducks \/ Return to Innocence brings a touch of charm and style to your home. White ducks wallsticker is a proposition for all who do not want to apply a wallpaper in the room. The ducks are not 100... It creates a warm and inviting atmosphere, perfect for young mothers seeking beauty and comfort in everyday life. Soft colors, delicate design, and timeless appeal make it a favorite.","og_url":"https:\/\/dekornik.com\/pl\/produkt\/white-ducks-return-to-innocence\/","og_site_name":"Dekornik","article_publisher":"https:\/\/www.facebook.com\/DEKORNIK\/","article_modified_time":"2025-12-16T07:36:55+00:00","og_image":[{"width":1200,"height":1200,"url":"https:\/\/dekornik.com\/wp-content\/uploads\/2025\/10\/DEKO.N.NNM_.086_M_90x47-white-ducks.jpg","type":"image\/jpeg"}],"schema":{"@context":"https:\/\/schema.org","@graph":[{"@type":"WebPage","@id":"https:\/\/dekornik.com\/pl\/produkt\/white-ducks-return-to-innocence\/","url":"https:\/\/dekornik.com\/pl\/produkt\/white-ducks-return-to-innocence\/","name":"White Ducks \/ Return to Innocence - Dekornik","isPartOf":{"@id":"https:\/\/dekornik.com\/pl\/#website"},"primaryImageOfPage":{"@id":"https:\/\/dekornik.com\/pl\/produkt\/white-ducks-return-to-innocence\/#primaryimage"},"image":{"@id":"https:\/\/dekornik.com\/pl\/produkt\/white-ducks-return-to-innocence\/#primaryimage"},"thumbnailUrl":"https:\/\/dekornik.com\/wp-content\/uploads\/2025\/10\/DEKO.N.NNM_.086_M_90x47-white-ducks.jpg","datePublished":"2025-10-02T11:19:50+00:00","dateModified":"2025-12-16T07:36:55+00:00","breadcrumb":{"@id":"https:\/\/dekornik.com\/pl\/produkt\/white-ducks-return-to-innocence\/#breadcrumb"},"inLanguage":"pl-PL","potentialAction":[{"@type":"ReadAction","target":["https:\/\/dekornik.com\/pl\/produkt\/white-ducks-return-to-innocence\/"]}]},{"@type":"ImageObject","inLanguage":"pl-PL","@id":"https:\/\/dekornik.com\/pl\/produkt\/white-ducks-return-to-innocence\/#primaryimage","url":"https:\/\/dekornik.com\/wp-content\/uploads\/2025\/10\/DEKO.N.NNM_.086_M_90x47-white-ducks.jpg","contentUrl":"https:\/\/dekornik.com\/wp-content\/uploads\/2025\/10\/DEKO.N.NNM_.086_M_90x47-white-ducks.jpg","width":1200,"height":1200},{"@type":"BreadcrumbList","@id":"https:\/\/dekornik.com\/pl\/produkt\/white-ducks-return-to-innocence\/#breadcrumb","itemListElement":[{"@type":"ListItem","position":1,"name":"Home","item":"https:\/\/dekornik.com\/pl\/"},{"@type":"ListItem","position":2,"name":"Sklep","item":"https:\/\/dekornik.com\/pl\/sklep\/"},{"@type":"ListItem","position":3,"name":"White Ducks \/ Return to Innocence"}]},{"@type":"WebSite","@id":"https:\/\/dekornik.com\/pl\/#website","url":"https:\/\/dekornik.com\/pl\/","name":"Dekornik","description":"Your little one will love it\\!","publisher":{"@id":"https:\/\/dekornik.com\/pl\/#organization"},"potentialAction":[{"@type":"SearchAction","target":{"@type":"EntryPoint","urlTemplate":"https:\/\/dekornik.com\/pl\/?s={search_term_string}"},"query-input":{"@type":"PropertyValueSpecification","valueRequired":true,"valueName":"search_term_string"}}],"inLanguage":"pl-PL"},{"@type":"Organization","@id":"https:\/\/dekornik.com\/pl\/#organization","name":"Dekornik sp. z o.o.","url":"https:\/\/dekornik.com\/pl\/","logo":{"@type":"ImageObject","inLanguage":"pl-PL","@id":"https:\/\/dekornik.com\/pl\/#\/schema\/logo\/image\/","url":"http:\/\/dekornik.com\/wp-content\/uploads\/2026\/01\/logo_dekornik-01-1.svg","contentUrl":"http:\/\/dekornik.com\/wp-content\/uploads\/2026\/01\/logo_dekornik-01-1.svg","width":"1024","height":"1024","caption":"Dekornik sp. z o.o."},"image":{"@id":"https:\/\/dekornik.com\/pl\/#\/schema\/logo\/image\/"},"sameAs":["https:\/\/www.facebook.com\/DEKORNIK\/","https:\/\/instagram.com\/dekornik","https:\/\/www.pinterest.com\/dekornikcom\/"]}]}},"_links":{"self":[{"href":"https:\/\/dekornik.com\/pl\/wp-json\/wp\/v2\/product\/8824","targetHints":{"allow":["GET"]}}],"collection":[{"href":"https:\/\/dekornik.com\/pl\/wp-json\/wp\/v2\/product"}],"about":[{"href":"https:\/\/dekornik.com\/pl\/wp-json\/wp\/v2\/types\/product"}],"replies":[{"embeddable":true,"href":"https:\/\/dekornik.com\/pl\/wp-json\/wp\/v2\/comments?post=8824"}],"wp:featuredmedia":[{"embeddable":true,"href":"https:\/\/dekornik.com\/pl\/wp-json\/wp\/v2\/media\/8825"}],"wp:attachment":[{"href":"https:\/\/dekornik.com\/pl\/wp-json\/wp\/v2\/media?parent=8824"}],"wp:term":[{"taxonomy":"product_brand","embeddable":true,"href":"https:\/\/dekornik.com\/pl\/wp-json\/wp\/v2\/product_brand?post=8824"},{"taxonomy":"product_cat","embeddable":true,"href":"https:\/\/dekornik.com\/pl\/wp-json\/wp\/v2\/product_cat?post=8824"},{"taxonomy":"product_tag","embeddable":true,"href":"https:\/\/dekornik.com\/pl\/wp-json\/wp\/v2\/product_tag?post=8824"}],"curies":[{"name":"wp","href":"https:\/\/api.w.org\/{rel}","templated":true}]}}