{"id":8820,"date":"2025-10-02T11:19:55","date_gmt":"2025-10-02T11:19:55","guid":{"rendered":"http:\/\/dekornik.com\/product\/white-ducks-wallpaper-return-to-innocence\/"},"modified":"2026-04-02T21:16:07","modified_gmt":"2026-04-02T21:16:07","slug":"white-ducks-wallpaper-return-to-innocence","status":"publish","type":"product","link":"https:\/\/dekornik.com\/pl\/produkt\/white-ducks-wallpaper-return-to-innocence\/","title":{"rendered":"White Ducks Tapeta \/ Return to Innocence"},"content":{"rendered":"<p>Tapeta w kaczki to jedna z naszych ulubionych \u2014 i bestseller od 5 lat! Bardzo angielska, delikatna, przypomina materia\u0142y z Wysp. \u015aliczna, a jednocze\u015bnie nie za dzieci\u0119ca.<\/p>\n<p>Idealna do pokoju ch\u0142opca, dziewczynki, a nawet rodze\u0144stwa. Neutralne kolory (be\u017cowe t\u0142o) sprawiaj\u0105, \u017ce pasuje do wszystkiego. Pi\u0119knie prezentuje si\u0119 w pokojach w klimacie vintage: stare drewniane \u0142\u00f3\u017cko, baldachim, dodatki z naturalnych materia\u0142\u00f3w.<\/p>\n<p>Ponadczasowa klasyka, kt\u00f3ra nigdy nie wychodzi z mody!<\/p>\n<p><strong>TECHNICZNIE:<\/strong><\/p>\n<p>Tapeta podzielona jest na pasy:<br \/>\n\u2022 Wysoko\u015b\u0107: 280 cm<br \/>\n\u2022 Szeroko\u015b\u0107: 50 cm<br \/>\n\u2022 Mamy tak\u017ce opcj\u0119 140 cm na wysoko\u015b\u0107, dla wszystkich, kt\u00f3rzy lubi\u0105 lamperi\u0119 i chc\u0105 tapet\u0119 jedynie od po\u0142owy \u015bciany.<\/p>\n<p>Cena dotyczy jednego pasa.<\/p>\n<p>Te pasy pasuj\u0105 do wi\u0119kszo\u015bci standardowych mieszka\u0144 \u2013 maj\u0105 dodatkowe 20 cm d\u0142ugo\u015bci, wi\u0119c bez problemu przytniesz je do wysoko\u015bci swojej \u015bciany.<\/p>\n<p>Zamawianie tapet w pasach jest szybkie i wygodne. Wystarczy zmierzy\u0107 \u015bcian\u0119 i dobra\u0107 odpowiedni\u0105 liczb\u0119 pas\u00f3w \u2013 bez skomplikowanych oblicze\u0144. Trudno tu o pomy\u0142k\u0119.<\/p>\n<p>W\u0105skie pasy sprawiaj\u0105, \u017ce tapeta niemal idealnie dopasowuje si\u0119 do szeroko\u015bci \u015bciany. Dodatkowo powtarzalny wz\u00f3r \u2013 identyczny na ka\u017cdym pasie \u2013 u\u0142atwia precyzyjne \u0142\u0105czenie od sufitu, dzi\u0119ki czemu materia\u0142 wykorzystujesz niemal w ca\u0142o\u015bci i niewiele si\u0119 marnuje!<\/p>\n","protected":false},"excerpt":{"rendered":"<p>Nasz bestseller od 5 lat \u2014 kaczki na be\u017cowym tle w stylu starej angielskiej tapety. \u015aliczna, a zarazem nieprzesadnie dzieci\u0119ca, idealna do pokoju ch\u0142opca, dziewczynki lub rodze\u0144stwa. Ponadczasowa klasyka, kt\u00f3ra nigdy nie wychodzi z mody!<\/p>\n<p>Pi\u0119knie prezentuje si\u0119 na jednej \u015bcianie akcentowej lub w ca\u0142ym pokoju.<\/p>\n<p>Drukowana na matowym papierze Dekornik \u2014 ekologicznym, grubym 190g\/m2, i bezpiecznym dla dzieci.<\/p>\n","protected":false},"featured_media":8821,"comment_status":"open","ping_status":"closed","template":"","meta":{"inline_featured_image":false},"product_brand":[],"product_cat":[384,385,403,237],"product_tag":[687,692,706,715,731,732,740,750,751,752,753],"class_list":{"0":"post-8820","1":"product","2":"type-product","3":"status-publish","4":"has-post-thumbnail","6":"product_cat-zwierzeta","7":"product_cat-ptaki","8":"product_cat-delikatny-pokoj-dzieciecy","9":"product_cat-tapety","10":"product_tag-animal-friends-pl","11":"product_tag-bird-flight-pl","12":"product_tag-ducks-amp-pl","13":"product_tag-hand-drawn-look-pl","14":"product_tag-nursery-calm-pl","15":"product_tag-ocean-daydream-pl","16":"product_tag-pond-pl","17":"product_tag-starry-sparkle-pl","18":"product_tag-statement-wall-pl","19":"product_tag-storybook-scene-pl","20":"product_tag-stripe-rhythm-pl","22":"first","23":"instock","24":"sale","25":"taxable","26":"shipping-taxable","27":"purchasable","28":"product-type-variable","29":"has-default-attributes"},"yoast_head":"<!-- This site is optimized with the Yoast SEO plugin v27.3 - https:\/\/yoast.com\/product\/yoast-seo-wordpress\/ -->\n<title>Maja Bohosiewicz Maya Stripes Wallpaper | Brown Beige<\/title>\n<meta name=\"description\" content=\"Bring style to your home with Maja Bohosiewicz&#039;s Maya Stripes Brown Beige Wallpaper. Elegant thin stripes for a soothing effect. Shop Dekornik today!\" \/>\n<meta name=\"robots\" content=\"index, follow, max-snippet:-1, max-image-preview:large, max-video-preview:-1\" \/>\n<link rel=\"canonical\" href=\"https:\/\/dekornik.com\/pl\/produkt\/white-ducks-wallpaper-return-to-innocence\/\" \/>\n<meta property=\"og:locale\" content=\"pl_PL\" \/>\n<meta property=\"og:type\" content=\"article\" \/>\n<meta property=\"og:title\" content=\"Maja Bohosiewicz Maya Stripes Wallpaper | Brown Beige\" \/>\n<meta property=\"og:description\" content=\"Bring style to your home with Maja Bohosiewicz&#039;s Maya Stripes Brown Beige Wallpaper. Elegant thin stripes for a soothing effect. Shop Dekornik today!\" \/>\n<meta property=\"og:url\" content=\"https:\/\/dekornik.com\/pl\/produkt\/white-ducks-wallpaper-return-to-innocence\/\" \/>\n<meta property=\"og:site_name\" content=\"Dekornik\" \/>\n<meta property=\"article:publisher\" content=\"https:\/\/www.facebook.com\/DEKORNIK\/\" \/>\n<meta property=\"article:modified_time\" content=\"2026-04-02T21:16:07+00:00\" \/>\n<meta property=\"og:image\" content=\"https:\/\/dekornik.com\/wp-content\/uploads\/2025\/10\/DEKO.TAP175_fb2d8c11-74d6-4d63-a06f-d25ab315c34c.jpg\" \/>\n\t<meta property=\"og:image:width\" content=\"1200\" \/>\n\t<meta property=\"og:image:height\" content=\"1200\" \/>\n\t<meta property=\"og:image:type\" content=\"image\/jpeg\" \/>\n<script type=\"application\/ld+json\" class=\"yoast-schema-graph\">{\"@context\":\"https:\\\/\\\/schema.org\",\"@graph\":[{\"@type\":\"WebPage\",\"@id\":\"https:\\\/\\\/dekornik.com\\\/pl\\\/produkt\\\/white-ducks-wallpaper-return-to-innocence\\\/\",\"url\":\"https:\\\/\\\/dekornik.com\\\/pl\\\/produkt\\\/white-ducks-wallpaper-return-to-innocence\\\/\",\"name\":\"Maja Bohosiewicz Maya Stripes Wallpaper | Brown Beige\",\"isPartOf\":{\"@id\":\"https:\\\/\\\/dekornik.com\\\/pl\\\/#website\"},\"primaryImageOfPage\":{\"@id\":\"https:\\\/\\\/dekornik.com\\\/pl\\\/produkt\\\/white-ducks-wallpaper-return-to-innocence\\\/#primaryimage\"},\"image\":{\"@id\":\"https:\\\/\\\/dekornik.com\\\/pl\\\/produkt\\\/white-ducks-wallpaper-return-to-innocence\\\/#primaryimage\"},\"thumbnailUrl\":\"https:\\\/\\\/dekornik.com\\\/wp-content\\\/uploads\\\/2025\\\/10\\\/DEKO.TAP175_fb2d8c11-74d6-4d63-a06f-d25ab315c34c.jpg\",\"datePublished\":\"2025-10-02T11:19:55+00:00\",\"dateModified\":\"2026-04-02T21:16:07+00:00\",\"description\":\"Bring style to your home with Maja Bohosiewicz's Maya Stripes Brown Beige Wallpaper. Elegant thin stripes for a soothing effect. Shop Dekornik today!\",\"breadcrumb\":{\"@id\":\"https:\\\/\\\/dekornik.com\\\/pl\\\/produkt\\\/white-ducks-wallpaper-return-to-innocence\\\/#breadcrumb\"},\"inLanguage\":\"pl-PL\",\"potentialAction\":[{\"@type\":\"ReadAction\",\"target\":[\"https:\\\/\\\/dekornik.com\\\/pl\\\/produkt\\\/white-ducks-wallpaper-return-to-innocence\\\/\"]}]},{\"@type\":\"ImageObject\",\"inLanguage\":\"pl-PL\",\"@id\":\"https:\\\/\\\/dekornik.com\\\/pl\\\/produkt\\\/white-ducks-wallpaper-return-to-innocence\\\/#primaryimage\",\"url\":\"https:\\\/\\\/dekornik.com\\\/wp-content\\\/uploads\\\/2025\\\/10\\\/DEKO.TAP175_fb2d8c11-74d6-4d63-a06f-d25ab315c34c.jpg\",\"contentUrl\":\"https:\\\/\\\/dekornik.com\\\/wp-content\\\/uploads\\\/2025\\\/10\\\/DEKO.TAP175_fb2d8c11-74d6-4d63-a06f-d25ab315c34c.jpg\",\"width\":1200,\"height\":1200},{\"@type\":\"BreadcrumbList\",\"@id\":\"https:\\\/\\\/dekornik.com\\\/pl\\\/produkt\\\/white-ducks-wallpaper-return-to-innocence\\\/#breadcrumb\",\"itemListElement\":[{\"@type\":\"ListItem\",\"position\":1,\"name\":\"Home\",\"item\":\"https:\\\/\\\/dekornik.com\\\/pl\\\/\"},{\"@type\":\"ListItem\",\"position\":2,\"name\":\"Sklep\",\"item\":\"https:\\\/\\\/dekornik.com\\\/pl\\\/sklep\\\/\"},{\"@type\":\"ListItem\",\"position\":3,\"name\":\"White Ducks Tapeta \\\/ Return to Innocence\"}]},{\"@type\":\"WebSite\",\"@id\":\"https:\\\/\\\/dekornik.com\\\/pl\\\/#website\",\"url\":\"https:\\\/\\\/dekornik.com\\\/pl\\\/\",\"name\":\"Dekornik\",\"description\":\"Your little one will love it\\\\!\",\"publisher\":{\"@id\":\"https:\\\/\\\/dekornik.com\\\/pl\\\/#organization\"},\"potentialAction\":[{\"@type\":\"SearchAction\",\"target\":{\"@type\":\"EntryPoint\",\"urlTemplate\":\"https:\\\/\\\/dekornik.com\\\/pl\\\/?s={search_term_string}\"},\"query-input\":{\"@type\":\"PropertyValueSpecification\",\"valueRequired\":true,\"valueName\":\"search_term_string\"}}],\"inLanguage\":\"pl-PL\"},{\"@type\":\"Organization\",\"@id\":\"https:\\\/\\\/dekornik.com\\\/pl\\\/#organization\",\"name\":\"Dekornik sp. z o.o.\",\"url\":\"https:\\\/\\\/dekornik.com\\\/pl\\\/\",\"logo\":{\"@type\":\"ImageObject\",\"inLanguage\":\"pl-PL\",\"@id\":\"https:\\\/\\\/dekornik.com\\\/pl\\\/#\\\/schema\\\/logo\\\/image\\\/\",\"url\":\"http:\\\/\\\/dekornik.com\\\/wp-content\\\/uploads\\\/2026\\\/01\\\/logo_dekornik-01-1.svg\",\"contentUrl\":\"http:\\\/\\\/dekornik.com\\\/wp-content\\\/uploads\\\/2026\\\/01\\\/logo_dekornik-01-1.svg\",\"width\":\"1024\",\"height\":\"1024\",\"caption\":\"Dekornik sp. z o.o.\"},\"image\":{\"@id\":\"https:\\\/\\\/dekornik.com\\\/pl\\\/#\\\/schema\\\/logo\\\/image\\\/\"},\"sameAs\":[\"https:\\\/\\\/www.facebook.com\\\/DEKORNIK\\\/\",\"https:\\\/\\\/instagram.com\\\/dekornik\",\"https:\\\/\\\/www.pinterest.com\\\/dekornikcom\\\/\"]}]}<\/script>\n<!-- \/ Yoast SEO plugin. -->","yoast_head_json":{"title":"Maja Bohosiewicz Maya Stripes Wallpaper | Brown Beige","description":"Bring style to your home with Maja Bohosiewicz's Maya Stripes Brown Beige Wallpaper. Elegant thin stripes for a soothing effect. Shop Dekornik today!","robots":{"index":"index","follow":"follow","max-snippet":"max-snippet:-1","max-image-preview":"max-image-preview:large","max-video-preview":"max-video-preview:-1"},"canonical":"https:\/\/dekornik.com\/pl\/produkt\/white-ducks-wallpaper-return-to-innocence\/","og_locale":"pl_PL","og_type":"article","og_title":"Maja Bohosiewicz Maya Stripes Wallpaper | Brown Beige","og_description":"Bring style to your home with Maja Bohosiewicz's Maya Stripes Brown Beige Wallpaper. Elegant thin stripes for a soothing effect. Shop Dekornik today!","og_url":"https:\/\/dekornik.com\/pl\/produkt\/white-ducks-wallpaper-return-to-innocence\/","og_site_name":"Dekornik","article_publisher":"https:\/\/www.facebook.com\/DEKORNIK\/","article_modified_time":"2026-04-02T21:16:07+00:00","og_image":[{"width":1200,"height":1200,"url":"https:\/\/dekornik.com\/wp-content\/uploads\/2025\/10\/DEKO.TAP175_fb2d8c11-74d6-4d63-a06f-d25ab315c34c.jpg","type":"image\/jpeg"}],"schema":{"@context":"https:\/\/schema.org","@graph":[{"@type":"WebPage","@id":"https:\/\/dekornik.com\/pl\/produkt\/white-ducks-wallpaper-return-to-innocence\/","url":"https:\/\/dekornik.com\/pl\/produkt\/white-ducks-wallpaper-return-to-innocence\/","name":"Maja Bohosiewicz Maya Stripes Wallpaper | Brown Beige","isPartOf":{"@id":"https:\/\/dekornik.com\/pl\/#website"},"primaryImageOfPage":{"@id":"https:\/\/dekornik.com\/pl\/produkt\/white-ducks-wallpaper-return-to-innocence\/#primaryimage"},"image":{"@id":"https:\/\/dekornik.com\/pl\/produkt\/white-ducks-wallpaper-return-to-innocence\/#primaryimage"},"thumbnailUrl":"https:\/\/dekornik.com\/wp-content\/uploads\/2025\/10\/DEKO.TAP175_fb2d8c11-74d6-4d63-a06f-d25ab315c34c.jpg","datePublished":"2025-10-02T11:19:55+00:00","dateModified":"2026-04-02T21:16:07+00:00","description":"Bring style to your home with Maja Bohosiewicz's Maya Stripes Brown Beige Wallpaper. Elegant thin stripes for a soothing effect. Shop Dekornik today!","breadcrumb":{"@id":"https:\/\/dekornik.com\/pl\/produkt\/white-ducks-wallpaper-return-to-innocence\/#breadcrumb"},"inLanguage":"pl-PL","potentialAction":[{"@type":"ReadAction","target":["https:\/\/dekornik.com\/pl\/produkt\/white-ducks-wallpaper-return-to-innocence\/"]}]},{"@type":"ImageObject","inLanguage":"pl-PL","@id":"https:\/\/dekornik.com\/pl\/produkt\/white-ducks-wallpaper-return-to-innocence\/#primaryimage","url":"https:\/\/dekornik.com\/wp-content\/uploads\/2025\/10\/DEKO.TAP175_fb2d8c11-74d6-4d63-a06f-d25ab315c34c.jpg","contentUrl":"https:\/\/dekornik.com\/wp-content\/uploads\/2025\/10\/DEKO.TAP175_fb2d8c11-74d6-4d63-a06f-d25ab315c34c.jpg","width":1200,"height":1200},{"@type":"BreadcrumbList","@id":"https:\/\/dekornik.com\/pl\/produkt\/white-ducks-wallpaper-return-to-innocence\/#breadcrumb","itemListElement":[{"@type":"ListItem","position":1,"name":"Home","item":"https:\/\/dekornik.com\/pl\/"},{"@type":"ListItem","position":2,"name":"Sklep","item":"https:\/\/dekornik.com\/pl\/sklep\/"},{"@type":"ListItem","position":3,"name":"White Ducks Tapeta \/ Return to Innocence"}]},{"@type":"WebSite","@id":"https:\/\/dekornik.com\/pl\/#website","url":"https:\/\/dekornik.com\/pl\/","name":"Dekornik","description":"Your little one will love it\\!","publisher":{"@id":"https:\/\/dekornik.com\/pl\/#organization"},"potentialAction":[{"@type":"SearchAction","target":{"@type":"EntryPoint","urlTemplate":"https:\/\/dekornik.com\/pl\/?s={search_term_string}"},"query-input":{"@type":"PropertyValueSpecification","valueRequired":true,"valueName":"search_term_string"}}],"inLanguage":"pl-PL"},{"@type":"Organization","@id":"https:\/\/dekornik.com\/pl\/#organization","name":"Dekornik sp. z o.o.","url":"https:\/\/dekornik.com\/pl\/","logo":{"@type":"ImageObject","inLanguage":"pl-PL","@id":"https:\/\/dekornik.com\/pl\/#\/schema\/logo\/image\/","url":"http:\/\/dekornik.com\/wp-content\/uploads\/2026\/01\/logo_dekornik-01-1.svg","contentUrl":"http:\/\/dekornik.com\/wp-content\/uploads\/2026\/01\/logo_dekornik-01-1.svg","width":"1024","height":"1024","caption":"Dekornik sp. z o.o."},"image":{"@id":"https:\/\/dekornik.com\/pl\/#\/schema\/logo\/image\/"},"sameAs":["https:\/\/www.facebook.com\/DEKORNIK\/","https:\/\/instagram.com\/dekornik","https:\/\/www.pinterest.com\/dekornikcom\/"]}]}},"_links":{"self":[{"href":"https:\/\/dekornik.com\/pl\/wp-json\/wp\/v2\/product\/8820","targetHints":{"allow":["GET"]}}],"collection":[{"href":"https:\/\/dekornik.com\/pl\/wp-json\/wp\/v2\/product"}],"about":[{"href":"https:\/\/dekornik.com\/pl\/wp-json\/wp\/v2\/types\/product"}],"replies":[{"embeddable":true,"href":"https:\/\/dekornik.com\/pl\/wp-json\/wp\/v2\/comments?post=8820"}],"wp:featuredmedia":[{"embeddable":true,"href":"https:\/\/dekornik.com\/pl\/wp-json\/wp\/v2\/media\/8821"}],"wp:attachment":[{"href":"https:\/\/dekornik.com\/pl\/wp-json\/wp\/v2\/media?parent=8820"}],"wp:term":[{"taxonomy":"product_brand","embeddable":true,"href":"https:\/\/dekornik.com\/pl\/wp-json\/wp\/v2\/product_brand?post=8820"},{"taxonomy":"product_cat","embeddable":true,"href":"https:\/\/dekornik.com\/pl\/wp-json\/wp\/v2\/product_cat?post=8820"},{"taxonomy":"product_tag","embeddable":true,"href":"https:\/\/dekornik.com\/pl\/wp-json\/wp\/v2\/product_tag?post=8820"}],"curies":[{"name":"wp","href":"https:\/\/api.w.org\/{rel}","templated":true}]}}