{"id":8810,"date":"2025-10-02T11:19:59","date_gmt":"2025-10-02T11:19:59","guid":{"rendered":"http:\/\/dekornik.com\/product\/magic-swans-pink-wallpaper\/"},"modified":"2026-04-02T20:36:53","modified_gmt":"2026-04-02T20:36:53","slug":"magic-swans-pink-wallpaper","status":"publish","type":"product","link":"https:\/\/dekornik.com\/pl\/produkt\/magic-swans-pink-wallpaper\/","title":{"rendered":"Magic Swans Pink Tapeta"},"content":{"rendered":"<p>R\u00f3\u017cowa wersja naszej najpopularniejszej tapety, kt\u00f3ra powsta\u0142a specjalnie na \u017cyczenie klient\u00f3w! Po wprowadzeniu wersji be\u017cowej i niebieskiej dostali\u015bmy mn\u00f3stwo pyta\u0144 o wersj\u0119 w r\u00f3\u017cu \u2014 i oto jest! Spe\u0142niamy Wasze marzenia, tak jak Wy spe\u0142niacie nasze!<\/p>\n<p>\u0141ab\u0119dzie w bia\u0142o-szarych odcieniach na stonowanym, delikatnym r\u00f3\u017cowym tle. Pi\u0119knie prezentuj\u0105 si\u0119 w pokoju z bia\u0142ymi meblami lub meblami w naturalnych kolorach, w towarzystwie lnu, niefarbowanej bawe\u0142ny, pasteli i karmelu. Wiklinowe dodatki idealnie dope\u0142niaj\u0105 aran\u017cacj\u0119.<\/p>\n<p>\u0141ab\u0119dzie maj\u0105 ok. 25\u201330 cm szeroko\u015bci. Kolor nieba: r\u00f3\u017cowy \/ \u0142ososiowy.<\/p>\n<p><strong>TECHNICZNIE:<\/strong><\/p>\n<p>Tapeta podzielona jest na pasy:<br \/>\n\u2022 Wysoko\u015b\u0107: 280 cm<br \/>\n\u2022 Szeroko\u015b\u0107: 100 cm<br \/>\n\u2022 Mamy tak\u017ce opcj\u0119 140 cm na wysoko\u015b\u0107, dla wszystkich, kt\u00f3rzy lubi\u0105 lamperi\u0119 i chc\u0105 tapet\u0119 jedynie od po\u0142owy \u015bciany.<\/p>\n<p>Cena dotyczy jednego pasa.<\/p>\n<p>Te pasy pasuj\u0105 do wi\u0119kszo\u015bci standardowych mieszka\u0144 \u2013 maj\u0105 dodatkowe 20 cm d\u0142ugo\u015bci, wi\u0119c bez problemu przytniesz je do wysoko\u015bci swojej \u015bciany.<\/p>\n<p>Zamawianie tapet w pasach jest szybkie i wygodne. Wystarczy zmierzy\u0107 \u015bcian\u0119 i dobra\u0107 odpowiedni\u0105 liczb\u0119 pas\u00f3w \u2013 bez skomplikowanych oblicze\u0144. Trudno tu o pomy\u0142k\u0119.<\/p>\n","protected":false},"excerpt":{"rendered":"<p>\u0141ab\u0119dzie na delikatnym r\u00f3\u017cowym tle \u2014 r\u00f3\u017cowa wersja naszej najpopularniejszej tapety, stworzona na \u017cyczenie klient\u00f3w! Subtelny r\u00f3\u017c pi\u0119knie komponuje si\u0119 z bia\u0142ymi meblami, naturalnymi materia\u0142ami i wiklinowymi dodatkami.<\/p>\n<p>Pi\u0119knie prezentuje si\u0119 na jednej \u015bcianie akcentowej lub w ca\u0142ym pokoju.<\/p>\n<p>Drukowana na matowym papierze Dekornik \u2014 ekologicznym, grubym 190g\/m2, i bezpiecznym dla dzieci.<\/p>\n","protected":false},"featured_media":8811,"comment_status":"open","ping_status":"closed","template":"","meta":{"inline_featured_image":false},"product_brand":[],"product_cat":[391,403,401,389,398,385,237,384],"product_tag":[687,692,700,710,715,731,738,749,751,757],"class_list":{"0":"post-8810","1":"product","2":"type-product","3":"status-publish","4":"has-post-thumbnail","6":"product_cat-basniowe","7":"product_cat-delikatny-pokoj-dzieciecy","8":"product_cat-dla-dziewczynek","9":"product_cat-kosmos-i-niebo","10":"product_cat-pastele","11":"product_cat-ptaki","12":"product_cat-tapety","13":"product_cat-zwierzeta","14":"product_tag-animal-friends-pl","15":"product_tag-bird-flight-pl","16":"product_tag-constellation-mood-pl","17":"product_tag-fairytale-magic-pl","18":"product_tag-hand-drawn-look-pl","19":"product_tag-nursery-calm-pl","20":"product_tag-photo-ready-backdrop-pl","21":"product_tag-space-adventure-pl","22":"product_tag-statement-wall-pl","23":"product_tag-vehicles-club-pl","25":"first","26":"instock","27":"sale","28":"taxable","29":"shipping-taxable","30":"purchasable","31":"product-type-variable","32":"has-default-attributes"},"yoast_head":"<!-- This site is optimized with the Yoast SEO plugin v27.3 - https:\/\/yoast.com\/product\/yoast-seo-wordpress\/ -->\n<title>Watercolour Horses Wallpaper | Green Decor for Riders<\/title>\n<meta name=\"description\" content=\"Transform her room with artistic watercolour horses green wallpaper. Perfect for young riders &amp; horse lovers, this high-quality wall decor brings elegance. Shop now!\" \/>\n<meta name=\"robots\" content=\"index, follow, max-snippet:-1, max-image-preview:large, max-video-preview:-1\" \/>\n<link rel=\"canonical\" href=\"https:\/\/dekornik.com\/pl\/produkt\/magic-swans-pink-wallpaper\/\" \/>\n<meta property=\"og:locale\" content=\"pl_PL\" \/>\n<meta property=\"og:type\" content=\"article\" \/>\n<meta property=\"og:title\" content=\"Watercolour Horses Wallpaper | Green Decor for Riders\" \/>\n<meta property=\"og:description\" content=\"Transform her room with artistic watercolour horses green wallpaper. Perfect for young riders &amp; horse lovers, this high-quality wall decor brings elegance. Shop now!\" \/>\n<meta property=\"og:url\" content=\"https:\/\/dekornik.com\/pl\/produkt\/magic-swans-pink-wallpaper\/\" \/>\n<meta property=\"og:site_name\" content=\"Dekornik\" \/>\n<meta property=\"article:publisher\" content=\"https:\/\/www.facebook.com\/DEKORNIK\/\" \/>\n<meta property=\"article:modified_time\" content=\"2026-04-02T20:36:53+00:00\" \/>\n<meta property=\"og:image\" content=\"https:\/\/dekornik.com\/wp-content\/uploads\/2025\/10\/DEKO.TAP_.SWANS_.PINK2_56eadf1f-6518-45b8-a8c0-6622ebd9e0d6.jpg\" \/>\n\t<meta property=\"og:image:width\" content=\"1200\" \/>\n\t<meta property=\"og:image:height\" content=\"1200\" \/>\n\t<meta property=\"og:image:type\" content=\"image\/jpeg\" \/>\n<script type=\"application\/ld+json\" class=\"yoast-schema-graph\">{\"@context\":\"https:\\\/\\\/schema.org\",\"@graph\":[{\"@type\":\"WebPage\",\"@id\":\"https:\\\/\\\/dekornik.com\\\/pl\\\/produkt\\\/magic-swans-pink-wallpaper\\\/\",\"url\":\"https:\\\/\\\/dekornik.com\\\/pl\\\/produkt\\\/magic-swans-pink-wallpaper\\\/\",\"name\":\"Watercolour Horses Wallpaper | Green Decor for Riders\",\"isPartOf\":{\"@id\":\"https:\\\/\\\/dekornik.com\\\/pl\\\/#website\"},\"primaryImageOfPage\":{\"@id\":\"https:\\\/\\\/dekornik.com\\\/pl\\\/produkt\\\/magic-swans-pink-wallpaper\\\/#primaryimage\"},\"image\":{\"@id\":\"https:\\\/\\\/dekornik.com\\\/pl\\\/produkt\\\/magic-swans-pink-wallpaper\\\/#primaryimage\"},\"thumbnailUrl\":\"https:\\\/\\\/dekornik.com\\\/wp-content\\\/uploads\\\/2025\\\/10\\\/DEKO.TAP_.SWANS_.PINK2_56eadf1f-6518-45b8-a8c0-6622ebd9e0d6.jpg\",\"datePublished\":\"2025-10-02T11:19:59+00:00\",\"dateModified\":\"2026-04-02T20:36:53+00:00\",\"description\":\"Transform her room with artistic watercolour horses green wallpaper. Perfect for young riders & horse lovers, this high-quality wall decor brings elegance. Shop now!\",\"breadcrumb\":{\"@id\":\"https:\\\/\\\/dekornik.com\\\/pl\\\/produkt\\\/magic-swans-pink-wallpaper\\\/#breadcrumb\"},\"inLanguage\":\"pl-PL\",\"potentialAction\":[{\"@type\":\"ReadAction\",\"target\":[\"https:\\\/\\\/dekornik.com\\\/pl\\\/produkt\\\/magic-swans-pink-wallpaper\\\/\"]}]},{\"@type\":\"ImageObject\",\"inLanguage\":\"pl-PL\",\"@id\":\"https:\\\/\\\/dekornik.com\\\/pl\\\/produkt\\\/magic-swans-pink-wallpaper\\\/#primaryimage\",\"url\":\"https:\\\/\\\/dekornik.com\\\/wp-content\\\/uploads\\\/2025\\\/10\\\/DEKO.TAP_.SWANS_.PINK2_56eadf1f-6518-45b8-a8c0-6622ebd9e0d6.jpg\",\"contentUrl\":\"https:\\\/\\\/dekornik.com\\\/wp-content\\\/uploads\\\/2025\\\/10\\\/DEKO.TAP_.SWANS_.PINK2_56eadf1f-6518-45b8-a8c0-6622ebd9e0d6.jpg\",\"width\":1200,\"height\":1200},{\"@type\":\"BreadcrumbList\",\"@id\":\"https:\\\/\\\/dekornik.com\\\/pl\\\/produkt\\\/magic-swans-pink-wallpaper\\\/#breadcrumb\",\"itemListElement\":[{\"@type\":\"ListItem\",\"position\":1,\"name\":\"Home\",\"item\":\"https:\\\/\\\/dekornik.com\\\/pl\\\/\"},{\"@type\":\"ListItem\",\"position\":2,\"name\":\"Sklep\",\"item\":\"https:\\\/\\\/dekornik.com\\\/pl\\\/sklep\\\/\"},{\"@type\":\"ListItem\",\"position\":3,\"name\":\"Magic Swans Pink Tapeta\"}]},{\"@type\":\"WebSite\",\"@id\":\"https:\\\/\\\/dekornik.com\\\/pl\\\/#website\",\"url\":\"https:\\\/\\\/dekornik.com\\\/pl\\\/\",\"name\":\"Dekornik\",\"description\":\"Your little one will love it\\\\!\",\"publisher\":{\"@id\":\"https:\\\/\\\/dekornik.com\\\/pl\\\/#organization\"},\"potentialAction\":[{\"@type\":\"SearchAction\",\"target\":{\"@type\":\"EntryPoint\",\"urlTemplate\":\"https:\\\/\\\/dekornik.com\\\/pl\\\/?s={search_term_string}\"},\"query-input\":{\"@type\":\"PropertyValueSpecification\",\"valueRequired\":true,\"valueName\":\"search_term_string\"}}],\"inLanguage\":\"pl-PL\"},{\"@type\":\"Organization\",\"@id\":\"https:\\\/\\\/dekornik.com\\\/pl\\\/#organization\",\"name\":\"Dekornik sp. z o.o.\",\"url\":\"https:\\\/\\\/dekornik.com\\\/pl\\\/\",\"logo\":{\"@type\":\"ImageObject\",\"inLanguage\":\"pl-PL\",\"@id\":\"https:\\\/\\\/dekornik.com\\\/pl\\\/#\\\/schema\\\/logo\\\/image\\\/\",\"url\":\"http:\\\/\\\/dekornik.com\\\/wp-content\\\/uploads\\\/2026\\\/01\\\/logo_dekornik-01-1.svg\",\"contentUrl\":\"http:\\\/\\\/dekornik.com\\\/wp-content\\\/uploads\\\/2026\\\/01\\\/logo_dekornik-01-1.svg\",\"width\":\"1024\",\"height\":\"1024\",\"caption\":\"Dekornik sp. z o.o.\"},\"image\":{\"@id\":\"https:\\\/\\\/dekornik.com\\\/pl\\\/#\\\/schema\\\/logo\\\/image\\\/\"},\"sameAs\":[\"https:\\\/\\\/www.facebook.com\\\/DEKORNIK\\\/\",\"https:\\\/\\\/instagram.com\\\/dekornik\",\"https:\\\/\\\/www.pinterest.com\\\/dekornikcom\\\/\"]}]}<\/script>\n<!-- \/ Yoast SEO plugin. -->","yoast_head_json":{"title":"Watercolour Horses Wallpaper | Green Decor for Riders","description":"Transform her room with artistic watercolour horses green wallpaper. Perfect for young riders & horse lovers, this high-quality wall decor brings elegance. Shop now!","robots":{"index":"index","follow":"follow","max-snippet":"max-snippet:-1","max-image-preview":"max-image-preview:large","max-video-preview":"max-video-preview:-1"},"canonical":"https:\/\/dekornik.com\/pl\/produkt\/magic-swans-pink-wallpaper\/","og_locale":"pl_PL","og_type":"article","og_title":"Watercolour Horses Wallpaper | Green Decor for Riders","og_description":"Transform her room with artistic watercolour horses green wallpaper. Perfect for young riders & horse lovers, this high-quality wall decor brings elegance. Shop now!","og_url":"https:\/\/dekornik.com\/pl\/produkt\/magic-swans-pink-wallpaper\/","og_site_name":"Dekornik","article_publisher":"https:\/\/www.facebook.com\/DEKORNIK\/","article_modified_time":"2026-04-02T20:36:53+00:00","og_image":[{"width":1200,"height":1200,"url":"https:\/\/dekornik.com\/wp-content\/uploads\/2025\/10\/DEKO.TAP_.SWANS_.PINK2_56eadf1f-6518-45b8-a8c0-6622ebd9e0d6.jpg","type":"image\/jpeg"}],"schema":{"@context":"https:\/\/schema.org","@graph":[{"@type":"WebPage","@id":"https:\/\/dekornik.com\/pl\/produkt\/magic-swans-pink-wallpaper\/","url":"https:\/\/dekornik.com\/pl\/produkt\/magic-swans-pink-wallpaper\/","name":"Watercolour Horses Wallpaper | Green Decor for Riders","isPartOf":{"@id":"https:\/\/dekornik.com\/pl\/#website"},"primaryImageOfPage":{"@id":"https:\/\/dekornik.com\/pl\/produkt\/magic-swans-pink-wallpaper\/#primaryimage"},"image":{"@id":"https:\/\/dekornik.com\/pl\/produkt\/magic-swans-pink-wallpaper\/#primaryimage"},"thumbnailUrl":"https:\/\/dekornik.com\/wp-content\/uploads\/2025\/10\/DEKO.TAP_.SWANS_.PINK2_56eadf1f-6518-45b8-a8c0-6622ebd9e0d6.jpg","datePublished":"2025-10-02T11:19:59+00:00","dateModified":"2026-04-02T20:36:53+00:00","description":"Transform her room with artistic watercolour horses green wallpaper. Perfect for young riders & horse lovers, this high-quality wall decor brings elegance. Shop now!","breadcrumb":{"@id":"https:\/\/dekornik.com\/pl\/produkt\/magic-swans-pink-wallpaper\/#breadcrumb"},"inLanguage":"pl-PL","potentialAction":[{"@type":"ReadAction","target":["https:\/\/dekornik.com\/pl\/produkt\/magic-swans-pink-wallpaper\/"]}]},{"@type":"ImageObject","inLanguage":"pl-PL","@id":"https:\/\/dekornik.com\/pl\/produkt\/magic-swans-pink-wallpaper\/#primaryimage","url":"https:\/\/dekornik.com\/wp-content\/uploads\/2025\/10\/DEKO.TAP_.SWANS_.PINK2_56eadf1f-6518-45b8-a8c0-6622ebd9e0d6.jpg","contentUrl":"https:\/\/dekornik.com\/wp-content\/uploads\/2025\/10\/DEKO.TAP_.SWANS_.PINK2_56eadf1f-6518-45b8-a8c0-6622ebd9e0d6.jpg","width":1200,"height":1200},{"@type":"BreadcrumbList","@id":"https:\/\/dekornik.com\/pl\/produkt\/magic-swans-pink-wallpaper\/#breadcrumb","itemListElement":[{"@type":"ListItem","position":1,"name":"Home","item":"https:\/\/dekornik.com\/pl\/"},{"@type":"ListItem","position":2,"name":"Sklep","item":"https:\/\/dekornik.com\/pl\/sklep\/"},{"@type":"ListItem","position":3,"name":"Magic Swans Pink Tapeta"}]},{"@type":"WebSite","@id":"https:\/\/dekornik.com\/pl\/#website","url":"https:\/\/dekornik.com\/pl\/","name":"Dekornik","description":"Your little one will love it\\!","publisher":{"@id":"https:\/\/dekornik.com\/pl\/#organization"},"potentialAction":[{"@type":"SearchAction","target":{"@type":"EntryPoint","urlTemplate":"https:\/\/dekornik.com\/pl\/?s={search_term_string}"},"query-input":{"@type":"PropertyValueSpecification","valueRequired":true,"valueName":"search_term_string"}}],"inLanguage":"pl-PL"},{"@type":"Organization","@id":"https:\/\/dekornik.com\/pl\/#organization","name":"Dekornik sp. z o.o.","url":"https:\/\/dekornik.com\/pl\/","logo":{"@type":"ImageObject","inLanguage":"pl-PL","@id":"https:\/\/dekornik.com\/pl\/#\/schema\/logo\/image\/","url":"http:\/\/dekornik.com\/wp-content\/uploads\/2026\/01\/logo_dekornik-01-1.svg","contentUrl":"http:\/\/dekornik.com\/wp-content\/uploads\/2026\/01\/logo_dekornik-01-1.svg","width":"1024","height":"1024","caption":"Dekornik sp. z o.o."},"image":{"@id":"https:\/\/dekornik.com\/pl\/#\/schema\/logo\/image\/"},"sameAs":["https:\/\/www.facebook.com\/DEKORNIK\/","https:\/\/instagram.com\/dekornik","https:\/\/www.pinterest.com\/dekornikcom\/"]}]}},"_links":{"self":[{"href":"https:\/\/dekornik.com\/pl\/wp-json\/wp\/v2\/product\/8810","targetHints":{"allow":["GET"]}}],"collection":[{"href":"https:\/\/dekornik.com\/pl\/wp-json\/wp\/v2\/product"}],"about":[{"href":"https:\/\/dekornik.com\/pl\/wp-json\/wp\/v2\/types\/product"}],"replies":[{"embeddable":true,"href":"https:\/\/dekornik.com\/pl\/wp-json\/wp\/v2\/comments?post=8810"}],"wp:featuredmedia":[{"embeddable":true,"href":"https:\/\/dekornik.com\/pl\/wp-json\/wp\/v2\/media\/8811"}],"wp:attachment":[{"href":"https:\/\/dekornik.com\/pl\/wp-json\/wp\/v2\/media?parent=8810"}],"wp:term":[{"taxonomy":"product_brand","embeddable":true,"href":"https:\/\/dekornik.com\/pl\/wp-json\/wp\/v2\/product_brand?post=8810"},{"taxonomy":"product_cat","embeddable":true,"href":"https:\/\/dekornik.com\/pl\/wp-json\/wp\/v2\/product_cat?post=8810"},{"taxonomy":"product_tag","embeddable":true,"href":"https:\/\/dekornik.com\/pl\/wp-json\/wp\/v2\/product_tag?post=8810"}],"curies":[{"name":"wp","href":"https:\/\/api.w.org\/{rel}","templated":true}]}}