{"id":8790,"date":"2025-10-02T11:20:14","date_gmt":"2025-10-02T11:20:14","guid":{"rendered":"http:\/\/dekornik.com\/product\/simple-dots-minimini-cinnamon-blue-wallpaper\/"},"modified":"2026-04-04T16:27:57","modified_gmt":"2026-04-04T16:27:57","slug":"simple-dots-minimini-cinnamon-blue-wallpaper","status":"publish","type":"product","link":"https:\/\/dekornik.com\/pl\/produkt\/simple-dots-minimini-cinnamon-blue-wallpaper\/","title":{"rendered":"Simple Dots Minimini Cinnamon Blue Tapeta"},"content":{"rendered":"<p>Bardzo delikatny wz\u00f3r \u2014 najwi\u0119ksze kropki maj\u0105 zaledwie 1,5 cm! Tapeta w kropki nie przyt\u0142acza wn\u0119trza, a subtelnie podkre\u015bla jego kolory. Przygotowali\u015bmy j\u0105 w dw\u00f3ch wersjach: baza to zawsze be\u017cowo-br\u0105zowa beza, a dodatki to albo granatowe akcenty, albo pastelowy r\u00f3\u017c, na neutralnym bia\u0142ym tle.<\/p>\n<p><strong>TECHNICZNIE:<\/strong><\/p>\n<p>Tapeta podzielona jest na pasy:<br \/>\n\u2022 Wysoko\u015b\u0107: 280 cm<br \/>\n\u2022 Szeroko\u015b\u0107: 50 cm<br \/>\n\u2022 Mamy tak\u017ce opcj\u0119 140 cm na wysoko\u015b\u0107, dla wszystkich, kt\u00f3rzy lubi\u0105 lamperi\u0119 i chc\u0105 tapet\u0119 jedynie od po\u0142owy \u015bciany.<\/p>\n<p>Cena dotyczy jednego pasa.<\/p>\n<p>Te pasy pasuj\u0105 do wi\u0119kszo\u015bci standardowych mieszka\u0144 \u2013 maj\u0105 dodatkowe 20 cm d\u0142ugo\u015bci, wi\u0119c bez problemu przytniesz je do wysoko\u015bci swojej \u015bciany.<\/p>\n<p>Zamawianie tapet w pasach jest szybkie i wygodne. Wystarczy zmierzy\u0107 \u015bcian\u0119 i dobra\u0107 odpowiedni\u0105 liczb\u0119 pas\u00f3w \u2013 bez skomplikowanych oblicze\u0144. Trudno tu o pomy\u0142k\u0119.<\/p>\n<p>W\u0105skie pasy sprawiaj\u0105, \u017ce tapeta niemal idealnie dopasowuje si\u0119 do szeroko\u015bci \u015bciany. Dodatkowo powtarzalny wz\u00f3r \u2013 identyczny na ka\u017cdym pasie \u2013 u\u0142atwia precyzyjne \u0142\u0105czenie od sufitu, dzi\u0119ki czemu materia\u0142 wykorzystujesz niemal w ca\u0142o\u015bci i niewiele si\u0119 marnuje!<\/p>\n","protected":false},"excerpt":{"rendered":"<p>Malutkie kropki (1,5 cm) w be\u017cowo-br\u0105zowej bezie z granatowymi akcentami \u2014 delikatny, minimalistyczny wz\u00f3r. Podkre\u015bla kolory wn\u0119trza, nie przyt\u0142acza. Idealna dla mi\u0142o\u015bnik\u00f3w prostoty i spokoju, uniwersalna dla ch\u0142opca i dziewczynki!<\/p>\n<p>Pi\u0119knie prezentuje si\u0119 na jednej \u015bcianie akcentowej lub w ca\u0142ym pokoju.<\/p>\n<p>Drukowana na matowym papierze Dekornik \u2014 ekologicznym, grubym 190g\/m2, i bezpiecznym dla dzieci.<\/p>\n","protected":false},"featured_media":8791,"comment_status":"open","ping_status":"closed","template":"","meta":{"inline_featured_image":false},"product_brand":[],"product_cat":[403,402,397,237],"product_tag":[691,699,714,725,731,734,750,751,753,760],"class_list":{"0":"post-8790","1":"product","2":"type-product","3":"status-publish","4":"has-post-thumbnail","6":"product_cat-delikatny-pokoj-dzieciecy","7":"product_cat-dla-chlopcow","8":"product_cat-minimalistyczne","9":"product_cat-tapety","10":"product_tag-big-kid-approved-pl","11":"product_tag-confetti-dots-pl","12":"product_tag-graphic-clean-pl","13":"product_tag-minimal-mood-pl","14":"product_tag-nursery-calm-pl","15":"product_tag-pairs-with-borders-pl","16":"product_tag-starry-sparkle-pl","17":"product_tag-statement-wall-pl","18":"product_tag-stripe-rhythm-pl","19":"product_tag-whimsical-details-pl","21":"first","22":"instock","23":"sale","24":"taxable","25":"shipping-taxable","26":"purchasable","27":"product-type-variable","28":"has-default-attributes"},"yoast_head":"<!-- This site is optimized with the Yoast SEO plugin v27.3 - https:\/\/yoast.com\/product\/yoast-seo-wordpress\/ -->\n<title>Maya Stripes Brown Beige Wallpaper - Maja Bohosiewicz Design<\/title>\n<meta name=\"description\" content=\"Elevate your space with Maya Stripes Brown Beige Wallpaper, inspired by Maja Bohosiewicz. These elegant thin cherry brown and beige stripes add character to any room. Shop now!\" \/>\n<meta name=\"robots\" content=\"index, follow, max-snippet:-1, max-image-preview:large, max-video-preview:-1\" \/>\n<link rel=\"canonical\" href=\"https:\/\/dekornik.com\/pl\/produkt\/simple-dots-minimini-cinnamon-blue-wallpaper\/\" \/>\n<meta property=\"og:locale\" content=\"pl_PL\" \/>\n<meta property=\"og:type\" content=\"article\" \/>\n<meta property=\"og:title\" content=\"Maya Stripes Brown Beige Wallpaper - Maja Bohosiewicz Design\" \/>\n<meta property=\"og:description\" content=\"Elevate your space with Maya Stripes Brown Beige Wallpaper, inspired by Maja Bohosiewicz. These elegant thin cherry brown and beige stripes add character to any room. Shop now!\" \/>\n<meta property=\"og:url\" content=\"https:\/\/dekornik.com\/pl\/produkt\/simple-dots-minimini-cinnamon-blue-wallpaper\/\" \/>\n<meta property=\"og:site_name\" content=\"Dekornik\" \/>\n<meta property=\"article:publisher\" content=\"https:\/\/www.facebook.com\/DEKORNIK\/\" \/>\n<meta property=\"article:modified_time\" content=\"2026-04-04T16:27:57+00:00\" \/>\n<meta property=\"og:image\" content=\"https:\/\/dekornik.com\/wp-content\/uploads\/2025\/10\/DEKO.TAP_.243-SIMPLE-dots-minimini-cinnamon-blue-50x280-1_bb079710-3ee5-4b0e-bc38-0df626cd1cb4.jpg\" \/>\n\t<meta property=\"og:image:width\" content=\"1000\" \/>\n\t<meta property=\"og:image:height\" content=\"1000\" \/>\n\t<meta property=\"og:image:type\" content=\"image\/jpeg\" \/>\n<script type=\"application\/ld+json\" class=\"yoast-schema-graph\">{\"@context\":\"https:\\\/\\\/schema.org\",\"@graph\":[{\"@type\":\"WebPage\",\"@id\":\"https:\\\/\\\/dekornik.com\\\/pl\\\/produkt\\\/simple-dots-minimini-cinnamon-blue-wallpaper\\\/\",\"url\":\"https:\\\/\\\/dekornik.com\\\/pl\\\/produkt\\\/simple-dots-minimini-cinnamon-blue-wallpaper\\\/\",\"name\":\"Maya Stripes Brown Beige Wallpaper - Maja Bohosiewicz Design\",\"isPartOf\":{\"@id\":\"https:\\\/\\\/dekornik.com\\\/pl\\\/#website\"},\"primaryImageOfPage\":{\"@id\":\"https:\\\/\\\/dekornik.com\\\/pl\\\/produkt\\\/simple-dots-minimini-cinnamon-blue-wallpaper\\\/#primaryimage\"},\"image\":{\"@id\":\"https:\\\/\\\/dekornik.com\\\/pl\\\/produkt\\\/simple-dots-minimini-cinnamon-blue-wallpaper\\\/#primaryimage\"},\"thumbnailUrl\":\"https:\\\/\\\/dekornik.com\\\/wp-content\\\/uploads\\\/2025\\\/10\\\/DEKO.TAP_.243-SIMPLE-dots-minimini-cinnamon-blue-50x280-1_bb079710-3ee5-4b0e-bc38-0df626cd1cb4.jpg\",\"datePublished\":\"2025-10-02T11:20:14+00:00\",\"dateModified\":\"2026-04-04T16:27:57+00:00\",\"description\":\"Elevate your space with Maya Stripes Brown Beige Wallpaper, inspired by Maja Bohosiewicz. These elegant thin cherry brown and beige stripes add character to any room. Shop now!\",\"breadcrumb\":{\"@id\":\"https:\\\/\\\/dekornik.com\\\/pl\\\/produkt\\\/simple-dots-minimini-cinnamon-blue-wallpaper\\\/#breadcrumb\"},\"inLanguage\":\"pl-PL\",\"potentialAction\":[{\"@type\":\"ReadAction\",\"target\":[\"https:\\\/\\\/dekornik.com\\\/pl\\\/produkt\\\/simple-dots-minimini-cinnamon-blue-wallpaper\\\/\"]}]},{\"@type\":\"ImageObject\",\"inLanguage\":\"pl-PL\",\"@id\":\"https:\\\/\\\/dekornik.com\\\/pl\\\/produkt\\\/simple-dots-minimini-cinnamon-blue-wallpaper\\\/#primaryimage\",\"url\":\"https:\\\/\\\/dekornik.com\\\/wp-content\\\/uploads\\\/2025\\\/10\\\/DEKO.TAP_.243-SIMPLE-dots-minimini-cinnamon-blue-50x280-1_bb079710-3ee5-4b0e-bc38-0df626cd1cb4.jpg\",\"contentUrl\":\"https:\\\/\\\/dekornik.com\\\/wp-content\\\/uploads\\\/2025\\\/10\\\/DEKO.TAP_.243-SIMPLE-dots-minimini-cinnamon-blue-50x280-1_bb079710-3ee5-4b0e-bc38-0df626cd1cb4.jpg\",\"width\":1000,\"height\":1000},{\"@type\":\"BreadcrumbList\",\"@id\":\"https:\\\/\\\/dekornik.com\\\/pl\\\/produkt\\\/simple-dots-minimini-cinnamon-blue-wallpaper\\\/#breadcrumb\",\"itemListElement\":[{\"@type\":\"ListItem\",\"position\":1,\"name\":\"Home\",\"item\":\"https:\\\/\\\/dekornik.com\\\/pl\\\/\"},{\"@type\":\"ListItem\",\"position\":2,\"name\":\"Sklep\",\"item\":\"https:\\\/\\\/dekornik.com\\\/pl\\\/sklep\\\/\"},{\"@type\":\"ListItem\",\"position\":3,\"name\":\"Simple Dots Minimini Cinnamon Blue Tapeta\"}]},{\"@type\":\"WebSite\",\"@id\":\"https:\\\/\\\/dekornik.com\\\/pl\\\/#website\",\"url\":\"https:\\\/\\\/dekornik.com\\\/pl\\\/\",\"name\":\"Dekornik\",\"description\":\"Your little one will love it\\\\!\",\"publisher\":{\"@id\":\"https:\\\/\\\/dekornik.com\\\/pl\\\/#organization\"},\"potentialAction\":[{\"@type\":\"SearchAction\",\"target\":{\"@type\":\"EntryPoint\",\"urlTemplate\":\"https:\\\/\\\/dekornik.com\\\/pl\\\/?s={search_term_string}\"},\"query-input\":{\"@type\":\"PropertyValueSpecification\",\"valueRequired\":true,\"valueName\":\"search_term_string\"}}],\"inLanguage\":\"pl-PL\"},{\"@type\":\"Organization\",\"@id\":\"https:\\\/\\\/dekornik.com\\\/pl\\\/#organization\",\"name\":\"Dekornik sp. z o.o.\",\"url\":\"https:\\\/\\\/dekornik.com\\\/pl\\\/\",\"logo\":{\"@type\":\"ImageObject\",\"inLanguage\":\"pl-PL\",\"@id\":\"https:\\\/\\\/dekornik.com\\\/pl\\\/#\\\/schema\\\/logo\\\/image\\\/\",\"url\":\"http:\\\/\\\/dekornik.com\\\/wp-content\\\/uploads\\\/2026\\\/01\\\/logo_dekornik-01-1.svg\",\"contentUrl\":\"http:\\\/\\\/dekornik.com\\\/wp-content\\\/uploads\\\/2026\\\/01\\\/logo_dekornik-01-1.svg\",\"width\":\"1024\",\"height\":\"1024\",\"caption\":\"Dekornik sp. z o.o.\"},\"image\":{\"@id\":\"https:\\\/\\\/dekornik.com\\\/pl\\\/#\\\/schema\\\/logo\\\/image\\\/\"},\"sameAs\":[\"https:\\\/\\\/www.facebook.com\\\/DEKORNIK\\\/\",\"https:\\\/\\\/instagram.com\\\/dekornik\",\"https:\\\/\\\/www.pinterest.com\\\/dekornikcom\\\/\"]}]}<\/script>\n<!-- \/ Yoast SEO plugin. -->","yoast_head_json":{"title":"Maya Stripes Brown Beige Wallpaper - Maja Bohosiewicz Design","description":"Elevate your space with Maya Stripes Brown Beige Wallpaper, inspired by Maja Bohosiewicz. These elegant thin cherry brown and beige stripes add character to any room. Shop now!","robots":{"index":"index","follow":"follow","max-snippet":"max-snippet:-1","max-image-preview":"max-image-preview:large","max-video-preview":"max-video-preview:-1"},"canonical":"https:\/\/dekornik.com\/pl\/produkt\/simple-dots-minimini-cinnamon-blue-wallpaper\/","og_locale":"pl_PL","og_type":"article","og_title":"Maya Stripes Brown Beige Wallpaper - Maja Bohosiewicz Design","og_description":"Elevate your space with Maya Stripes Brown Beige Wallpaper, inspired by Maja Bohosiewicz. These elegant thin cherry brown and beige stripes add character to any room. Shop now!","og_url":"https:\/\/dekornik.com\/pl\/produkt\/simple-dots-minimini-cinnamon-blue-wallpaper\/","og_site_name":"Dekornik","article_publisher":"https:\/\/www.facebook.com\/DEKORNIK\/","article_modified_time":"2026-04-04T16:27:57+00:00","og_image":[{"width":1000,"height":1000,"url":"https:\/\/dekornik.com\/wp-content\/uploads\/2025\/10\/DEKO.TAP_.243-SIMPLE-dots-minimini-cinnamon-blue-50x280-1_bb079710-3ee5-4b0e-bc38-0df626cd1cb4.jpg","type":"image\/jpeg"}],"schema":{"@context":"https:\/\/schema.org","@graph":[{"@type":"WebPage","@id":"https:\/\/dekornik.com\/pl\/produkt\/simple-dots-minimini-cinnamon-blue-wallpaper\/","url":"https:\/\/dekornik.com\/pl\/produkt\/simple-dots-minimini-cinnamon-blue-wallpaper\/","name":"Maya Stripes Brown Beige Wallpaper - Maja Bohosiewicz Design","isPartOf":{"@id":"https:\/\/dekornik.com\/pl\/#website"},"primaryImageOfPage":{"@id":"https:\/\/dekornik.com\/pl\/produkt\/simple-dots-minimini-cinnamon-blue-wallpaper\/#primaryimage"},"image":{"@id":"https:\/\/dekornik.com\/pl\/produkt\/simple-dots-minimini-cinnamon-blue-wallpaper\/#primaryimage"},"thumbnailUrl":"https:\/\/dekornik.com\/wp-content\/uploads\/2025\/10\/DEKO.TAP_.243-SIMPLE-dots-minimini-cinnamon-blue-50x280-1_bb079710-3ee5-4b0e-bc38-0df626cd1cb4.jpg","datePublished":"2025-10-02T11:20:14+00:00","dateModified":"2026-04-04T16:27:57+00:00","description":"Elevate your space with Maya Stripes Brown Beige Wallpaper, inspired by Maja Bohosiewicz. These elegant thin cherry brown and beige stripes add character to any room. Shop now!","breadcrumb":{"@id":"https:\/\/dekornik.com\/pl\/produkt\/simple-dots-minimini-cinnamon-blue-wallpaper\/#breadcrumb"},"inLanguage":"pl-PL","potentialAction":[{"@type":"ReadAction","target":["https:\/\/dekornik.com\/pl\/produkt\/simple-dots-minimini-cinnamon-blue-wallpaper\/"]}]},{"@type":"ImageObject","inLanguage":"pl-PL","@id":"https:\/\/dekornik.com\/pl\/produkt\/simple-dots-minimini-cinnamon-blue-wallpaper\/#primaryimage","url":"https:\/\/dekornik.com\/wp-content\/uploads\/2025\/10\/DEKO.TAP_.243-SIMPLE-dots-minimini-cinnamon-blue-50x280-1_bb079710-3ee5-4b0e-bc38-0df626cd1cb4.jpg","contentUrl":"https:\/\/dekornik.com\/wp-content\/uploads\/2025\/10\/DEKO.TAP_.243-SIMPLE-dots-minimini-cinnamon-blue-50x280-1_bb079710-3ee5-4b0e-bc38-0df626cd1cb4.jpg","width":1000,"height":1000},{"@type":"BreadcrumbList","@id":"https:\/\/dekornik.com\/pl\/produkt\/simple-dots-minimini-cinnamon-blue-wallpaper\/#breadcrumb","itemListElement":[{"@type":"ListItem","position":1,"name":"Home","item":"https:\/\/dekornik.com\/pl\/"},{"@type":"ListItem","position":2,"name":"Sklep","item":"https:\/\/dekornik.com\/pl\/sklep\/"},{"@type":"ListItem","position":3,"name":"Simple Dots Minimini Cinnamon Blue Tapeta"}]},{"@type":"WebSite","@id":"https:\/\/dekornik.com\/pl\/#website","url":"https:\/\/dekornik.com\/pl\/","name":"Dekornik","description":"Your little one will love it\\!","publisher":{"@id":"https:\/\/dekornik.com\/pl\/#organization"},"potentialAction":[{"@type":"SearchAction","target":{"@type":"EntryPoint","urlTemplate":"https:\/\/dekornik.com\/pl\/?s={search_term_string}"},"query-input":{"@type":"PropertyValueSpecification","valueRequired":true,"valueName":"search_term_string"}}],"inLanguage":"pl-PL"},{"@type":"Organization","@id":"https:\/\/dekornik.com\/pl\/#organization","name":"Dekornik sp. z o.o.","url":"https:\/\/dekornik.com\/pl\/","logo":{"@type":"ImageObject","inLanguage":"pl-PL","@id":"https:\/\/dekornik.com\/pl\/#\/schema\/logo\/image\/","url":"http:\/\/dekornik.com\/wp-content\/uploads\/2026\/01\/logo_dekornik-01-1.svg","contentUrl":"http:\/\/dekornik.com\/wp-content\/uploads\/2026\/01\/logo_dekornik-01-1.svg","width":"1024","height":"1024","caption":"Dekornik sp. z o.o."},"image":{"@id":"https:\/\/dekornik.com\/pl\/#\/schema\/logo\/image\/"},"sameAs":["https:\/\/www.facebook.com\/DEKORNIK\/","https:\/\/instagram.com\/dekornik","https:\/\/www.pinterest.com\/dekornikcom\/"]}]}},"_links":{"self":[{"href":"https:\/\/dekornik.com\/pl\/wp-json\/wp\/v2\/product\/8790","targetHints":{"allow":["GET"]}}],"collection":[{"href":"https:\/\/dekornik.com\/pl\/wp-json\/wp\/v2\/product"}],"about":[{"href":"https:\/\/dekornik.com\/pl\/wp-json\/wp\/v2\/types\/product"}],"replies":[{"embeddable":true,"href":"https:\/\/dekornik.com\/pl\/wp-json\/wp\/v2\/comments?post=8790"}],"wp:featuredmedia":[{"embeddable":true,"href":"https:\/\/dekornik.com\/pl\/wp-json\/wp\/v2\/media\/8791"}],"wp:attachment":[{"href":"https:\/\/dekornik.com\/pl\/wp-json\/wp\/v2\/media?parent=8790"}],"wp:term":[{"taxonomy":"product_brand","embeddable":true,"href":"https:\/\/dekornik.com\/pl\/wp-json\/wp\/v2\/product_brand?post=8790"},{"taxonomy":"product_cat","embeddable":true,"href":"https:\/\/dekornik.com\/pl\/wp-json\/wp\/v2\/product_cat?post=8790"},{"taxonomy":"product_tag","embeddable":true,"href":"https:\/\/dekornik.com\/pl\/wp-json\/wp\/v2\/product_tag?post=8790"}],"curies":[{"name":"wp","href":"https:\/\/api.w.org\/{rel}","templated":true}]}}