{"id":8786,"date":"2025-10-02T11:20:20","date_gmt":"2025-10-02T11:20:20","guid":{"rendered":"http:\/\/dekornik.com\/product\/simple-check-pattern-small-cinnamon-wallpaper\/"},"modified":"2026-04-03T16:27:24","modified_gmt":"2026-04-03T16:27:24","slug":"simple-check-pattern-small-cinnamon-wallpaper","status":"publish","type":"product","link":"https:\/\/dekornik.com\/pl\/produkt\/simple-check-pattern-small-cinnamon-wallpaper\/","title":{"rendered":"Simple Check Pattern Small Cinnamon Tapeta"},"content":{"rendered":"<p>Bardzo delikatny, karmelowy wz\u00f3r \u2014 idealny zar\u00f3wno do pokoju dziewczynki, jak i ch\u0142opca! \u015awietnie sprawdzi si\u0119 nad \u0142\u00f3\u017ckiem lub biurkiem, podkre\u015blaj\u0105c stref\u0119 snu albo przestrze\u0144 do zabawy i nauki.<\/p>\n<p>Kratka jest naprawd\u0119 drobna \u2014 jedno pole ma zaledwie 3,8 cm, tworz\u0105c subteln\u0105 sie\u0107 cienkich linii na \u015bcianie. Delikatna i uniwersalna!<\/p>\n<p><strong>TECHNICZNIE:<\/strong><\/p>\n<p>Tapeta podzielona jest na pasy:<br \/>\n\u2022 Wysoko\u015b\u0107: 280 cm<br \/>\n\u2022 Szeroko\u015b\u0107: 50 cm<br \/>\n\u2022 Mamy tak\u017ce opcj\u0119 140 cm na wysoko\u015b\u0107, dla wszystkich, kt\u00f3rzy lubi\u0105 lamperi\u0119 i chc\u0105 tapet\u0119 jedynie od po\u0142owy \u015bciany.<\/p>\n<p>Cena dotyczy jednego pasa.<\/p>\n<p>Te pasy pasuj\u0105 do wi\u0119kszo\u015bci standardowych mieszka\u0144 \u2013 maj\u0105 dodatkowe 20 cm d\u0142ugo\u015bci, wi\u0119c bez problemu przytniesz je do wysoko\u015bci swojej \u015bciany.<\/p>\n<p>Zamawianie tapet w pasach jest szybkie i wygodne. Wystarczy zmierzy\u0107 \u015bcian\u0119 i dobra\u0107 odpowiedni\u0105 liczb\u0119 pas\u00f3w \u2013 bez skomplikowanych oblicze\u0144. Trudno tu o pomy\u0142k\u0119.<\/p>\n<p>W\u0105skie pasy sprawiaj\u0105, \u017ce tapeta niemal idealnie dopasowuje si\u0119 do szeroko\u015bci \u015bciany. Dodatkowo powtarzalny wz\u00f3r \u2013 identyczny na ka\u017cdym pasie \u2013 u\u0142atwia precyzyjne \u0142\u0105czenie od sufitu, dzi\u0119ki czemu materia\u0142 wykorzystujesz niemal w ca\u0142o\u015bci i niewiele si\u0119 marnuje!<\/p>\n","protected":false},"excerpt":{"rendered":"<p>Delikatna, karmelowa kratka (3,8 cm) \u2014 subtelna sie\u0107 cienkich linii na \u015bcianie. Idealna do pokoju dziewczynki i ch\u0142opca, doskona\u0142a nad \u0142\u00f3\u017ckiem lub biurkiem!<\/p>\n<p>Pi\u0119knie prezentuje si\u0119 na jednej \u015bcianie akcentowej lub w ca\u0142ym pokoju.<\/p>\n<p>Drukowana na matowym papierze Dekornik \u2014 ekologicznym, grubym 190g\/m2, i bezpiecznym dla dzieci.<\/p>\n","protected":false},"featured_media":8787,"comment_status":"open","ping_status":"closed","template":"","meta":{"inline_featured_image":false},"product_brand":[],"product_cat":[387,397,237,386],"product_tag":[696,714,725,748,749,750,751,753,755,760],"class_list":{"0":"post-8786","1":"product","2":"type-product","3":"status-publish","4":"has-post-thumbnail","6":"product_cat-kratka","7":"product_cat-minimalistyczne","8":"product_cat-tapety","9":"product_cat-zywe-kolory","10":"product_tag-classic-check-pl","11":"product_tag-graphic-clean-pl","12":"product_tag-minimal-mood-pl","13":"product_tag-soft-grid-pl","14":"product_tag-space-adventure-pl","15":"product_tag-starry-sparkle-pl","16":"product_tag-statement-wall-pl","17":"product_tag-stripe-rhythm-pl","18":"product_tag-toddler-energy-pl","19":"product_tag-whimsical-details-pl","21":"first","22":"instock","23":"sale","24":"taxable","25":"shipping-taxable","26":"purchasable","27":"product-type-variable","28":"has-default-attributes"},"yoast_head":"<!-- This site is optimized with the Yoast SEO plugin v27.3 - https:\/\/yoast.com\/product\/yoast-seo-wordpress\/ -->\n<title>Charming Old English Flowers Wallpaper for Girls &amp; Nursery<\/title>\n<meta name=\"description\" content=\"Create a sweet nursery or girl&#039;s room with our Old English Flowers Wallpaper. Delicate wild roses &amp; pastel shades on beige bring charm &amp; warmth. Shop this beautiful design!\" \/>\n<meta name=\"robots\" content=\"index, follow, max-snippet:-1, max-image-preview:large, max-video-preview:-1\" \/>\n<link rel=\"canonical\" href=\"https:\/\/dekornik.com\/pl\/produkt\/simple-check-pattern-small-cinnamon-wallpaper\/\" \/>\n<meta property=\"og:locale\" content=\"pl_PL\" \/>\n<meta property=\"og:type\" content=\"article\" \/>\n<meta property=\"og:title\" content=\"Charming Old English Flowers Wallpaper for Girls &amp; Nursery\" \/>\n<meta property=\"og:description\" content=\"Create a sweet nursery or girl&#039;s room with our Old English Flowers Wallpaper. Delicate wild roses &amp; pastel shades on beige bring charm &amp; warmth. Shop this beautiful design!\" \/>\n<meta property=\"og:url\" content=\"https:\/\/dekornik.com\/pl\/produkt\/simple-check-pattern-small-cinnamon-wallpaper\/\" \/>\n<meta property=\"og:site_name\" content=\"Dekornik\" \/>\n<meta property=\"article:publisher\" content=\"https:\/\/www.facebook.com\/DEKORNIK\/\" \/>\n<meta property=\"article:modified_time\" content=\"2026-04-03T16:27:24+00:00\" \/>\n<meta property=\"og:image\" content=\"https:\/\/dekornik.com\/wp-content\/uploads\/2025\/10\/DEKO.TAP_.217-SIMPLE-check-pattern-small-cinnamon-50x280-1_a82e4d4f-5d82-4c02-81c5-8d4ba1e949ca.jpg\" \/>\n\t<meta property=\"og:image:width\" content=\"1000\" \/>\n\t<meta property=\"og:image:height\" content=\"1000\" \/>\n\t<meta property=\"og:image:type\" content=\"image\/jpeg\" \/>\n<script type=\"application\/ld+json\" class=\"yoast-schema-graph\">{\"@context\":\"https:\\\/\\\/schema.org\",\"@graph\":[{\"@type\":\"WebPage\",\"@id\":\"https:\\\/\\\/dekornik.com\\\/pl\\\/produkt\\\/simple-check-pattern-small-cinnamon-wallpaper\\\/\",\"url\":\"https:\\\/\\\/dekornik.com\\\/pl\\\/produkt\\\/simple-check-pattern-small-cinnamon-wallpaper\\\/\",\"name\":\"Charming Old English Flowers Wallpaper for Girls & Nursery\",\"isPartOf\":{\"@id\":\"https:\\\/\\\/dekornik.com\\\/pl\\\/#website\"},\"primaryImageOfPage\":{\"@id\":\"https:\\\/\\\/dekornik.com\\\/pl\\\/produkt\\\/simple-check-pattern-small-cinnamon-wallpaper\\\/#primaryimage\"},\"image\":{\"@id\":\"https:\\\/\\\/dekornik.com\\\/pl\\\/produkt\\\/simple-check-pattern-small-cinnamon-wallpaper\\\/#primaryimage\"},\"thumbnailUrl\":\"https:\\\/\\\/dekornik.com\\\/wp-content\\\/uploads\\\/2025\\\/10\\\/DEKO.TAP_.217-SIMPLE-check-pattern-small-cinnamon-50x280-1_a82e4d4f-5d82-4c02-81c5-8d4ba1e949ca.jpg\",\"datePublished\":\"2025-10-02T11:20:20+00:00\",\"dateModified\":\"2026-04-03T16:27:24+00:00\",\"description\":\"Create a sweet nursery or girl's room with our Old English Flowers Wallpaper. Delicate wild roses & pastel shades on beige bring charm & warmth. Shop this beautiful design!\",\"breadcrumb\":{\"@id\":\"https:\\\/\\\/dekornik.com\\\/pl\\\/produkt\\\/simple-check-pattern-small-cinnamon-wallpaper\\\/#breadcrumb\"},\"inLanguage\":\"pl-PL\",\"potentialAction\":[{\"@type\":\"ReadAction\",\"target\":[\"https:\\\/\\\/dekornik.com\\\/pl\\\/produkt\\\/simple-check-pattern-small-cinnamon-wallpaper\\\/\"]}]},{\"@type\":\"ImageObject\",\"inLanguage\":\"pl-PL\",\"@id\":\"https:\\\/\\\/dekornik.com\\\/pl\\\/produkt\\\/simple-check-pattern-small-cinnamon-wallpaper\\\/#primaryimage\",\"url\":\"https:\\\/\\\/dekornik.com\\\/wp-content\\\/uploads\\\/2025\\\/10\\\/DEKO.TAP_.217-SIMPLE-check-pattern-small-cinnamon-50x280-1_a82e4d4f-5d82-4c02-81c5-8d4ba1e949ca.jpg\",\"contentUrl\":\"https:\\\/\\\/dekornik.com\\\/wp-content\\\/uploads\\\/2025\\\/10\\\/DEKO.TAP_.217-SIMPLE-check-pattern-small-cinnamon-50x280-1_a82e4d4f-5d82-4c02-81c5-8d4ba1e949ca.jpg\",\"width\":1000,\"height\":1000},{\"@type\":\"BreadcrumbList\",\"@id\":\"https:\\\/\\\/dekornik.com\\\/pl\\\/produkt\\\/simple-check-pattern-small-cinnamon-wallpaper\\\/#breadcrumb\",\"itemListElement\":[{\"@type\":\"ListItem\",\"position\":1,\"name\":\"Home\",\"item\":\"https:\\\/\\\/dekornik.com\\\/pl\\\/\"},{\"@type\":\"ListItem\",\"position\":2,\"name\":\"Sklep\",\"item\":\"https:\\\/\\\/dekornik.com\\\/pl\\\/sklep\\\/\"},{\"@type\":\"ListItem\",\"position\":3,\"name\":\"Simple Check Pattern Small Cinnamon Tapeta\"}]},{\"@type\":\"WebSite\",\"@id\":\"https:\\\/\\\/dekornik.com\\\/pl\\\/#website\",\"url\":\"https:\\\/\\\/dekornik.com\\\/pl\\\/\",\"name\":\"Dekornik\",\"description\":\"Your little one will love it\\\\!\",\"publisher\":{\"@id\":\"https:\\\/\\\/dekornik.com\\\/pl\\\/#organization\"},\"potentialAction\":[{\"@type\":\"SearchAction\",\"target\":{\"@type\":\"EntryPoint\",\"urlTemplate\":\"https:\\\/\\\/dekornik.com\\\/pl\\\/?s={search_term_string}\"},\"query-input\":{\"@type\":\"PropertyValueSpecification\",\"valueRequired\":true,\"valueName\":\"search_term_string\"}}],\"inLanguage\":\"pl-PL\"},{\"@type\":\"Organization\",\"@id\":\"https:\\\/\\\/dekornik.com\\\/pl\\\/#organization\",\"name\":\"Dekornik sp. z o.o.\",\"url\":\"https:\\\/\\\/dekornik.com\\\/pl\\\/\",\"logo\":{\"@type\":\"ImageObject\",\"inLanguage\":\"pl-PL\",\"@id\":\"https:\\\/\\\/dekornik.com\\\/pl\\\/#\\\/schema\\\/logo\\\/image\\\/\",\"url\":\"http:\\\/\\\/dekornik.com\\\/wp-content\\\/uploads\\\/2026\\\/01\\\/logo_dekornik-01-1.svg\",\"contentUrl\":\"http:\\\/\\\/dekornik.com\\\/wp-content\\\/uploads\\\/2026\\\/01\\\/logo_dekornik-01-1.svg\",\"width\":\"1024\",\"height\":\"1024\",\"caption\":\"Dekornik sp. z o.o.\"},\"image\":{\"@id\":\"https:\\\/\\\/dekornik.com\\\/pl\\\/#\\\/schema\\\/logo\\\/image\\\/\"},\"sameAs\":[\"https:\\\/\\\/www.facebook.com\\\/DEKORNIK\\\/\",\"https:\\\/\\\/instagram.com\\\/dekornik\",\"https:\\\/\\\/www.pinterest.com\\\/dekornikcom\\\/\"]}]}<\/script>\n<!-- \/ Yoast SEO plugin. -->","yoast_head_json":{"title":"Charming Old English Flowers Wallpaper for Girls & Nursery","description":"Create a sweet nursery or girl's room with our Old English Flowers Wallpaper. Delicate wild roses & pastel shades on beige bring charm & warmth. Shop this beautiful design!","robots":{"index":"index","follow":"follow","max-snippet":"max-snippet:-1","max-image-preview":"max-image-preview:large","max-video-preview":"max-video-preview:-1"},"canonical":"https:\/\/dekornik.com\/pl\/produkt\/simple-check-pattern-small-cinnamon-wallpaper\/","og_locale":"pl_PL","og_type":"article","og_title":"Charming Old English Flowers Wallpaper for Girls & Nursery","og_description":"Create a sweet nursery or girl's room with our Old English Flowers Wallpaper. Delicate wild roses & pastel shades on beige bring charm & warmth. Shop this beautiful design!","og_url":"https:\/\/dekornik.com\/pl\/produkt\/simple-check-pattern-small-cinnamon-wallpaper\/","og_site_name":"Dekornik","article_publisher":"https:\/\/www.facebook.com\/DEKORNIK\/","article_modified_time":"2026-04-03T16:27:24+00:00","og_image":[{"width":1000,"height":1000,"url":"https:\/\/dekornik.com\/wp-content\/uploads\/2025\/10\/DEKO.TAP_.217-SIMPLE-check-pattern-small-cinnamon-50x280-1_a82e4d4f-5d82-4c02-81c5-8d4ba1e949ca.jpg","type":"image\/jpeg"}],"schema":{"@context":"https:\/\/schema.org","@graph":[{"@type":"WebPage","@id":"https:\/\/dekornik.com\/pl\/produkt\/simple-check-pattern-small-cinnamon-wallpaper\/","url":"https:\/\/dekornik.com\/pl\/produkt\/simple-check-pattern-small-cinnamon-wallpaper\/","name":"Charming Old English Flowers Wallpaper for Girls & Nursery","isPartOf":{"@id":"https:\/\/dekornik.com\/pl\/#website"},"primaryImageOfPage":{"@id":"https:\/\/dekornik.com\/pl\/produkt\/simple-check-pattern-small-cinnamon-wallpaper\/#primaryimage"},"image":{"@id":"https:\/\/dekornik.com\/pl\/produkt\/simple-check-pattern-small-cinnamon-wallpaper\/#primaryimage"},"thumbnailUrl":"https:\/\/dekornik.com\/wp-content\/uploads\/2025\/10\/DEKO.TAP_.217-SIMPLE-check-pattern-small-cinnamon-50x280-1_a82e4d4f-5d82-4c02-81c5-8d4ba1e949ca.jpg","datePublished":"2025-10-02T11:20:20+00:00","dateModified":"2026-04-03T16:27:24+00:00","description":"Create a sweet nursery or girl's room with our Old English Flowers Wallpaper. Delicate wild roses & pastel shades on beige bring charm & warmth. Shop this beautiful design!","breadcrumb":{"@id":"https:\/\/dekornik.com\/pl\/produkt\/simple-check-pattern-small-cinnamon-wallpaper\/#breadcrumb"},"inLanguage":"pl-PL","potentialAction":[{"@type":"ReadAction","target":["https:\/\/dekornik.com\/pl\/produkt\/simple-check-pattern-small-cinnamon-wallpaper\/"]}]},{"@type":"ImageObject","inLanguage":"pl-PL","@id":"https:\/\/dekornik.com\/pl\/produkt\/simple-check-pattern-small-cinnamon-wallpaper\/#primaryimage","url":"https:\/\/dekornik.com\/wp-content\/uploads\/2025\/10\/DEKO.TAP_.217-SIMPLE-check-pattern-small-cinnamon-50x280-1_a82e4d4f-5d82-4c02-81c5-8d4ba1e949ca.jpg","contentUrl":"https:\/\/dekornik.com\/wp-content\/uploads\/2025\/10\/DEKO.TAP_.217-SIMPLE-check-pattern-small-cinnamon-50x280-1_a82e4d4f-5d82-4c02-81c5-8d4ba1e949ca.jpg","width":1000,"height":1000},{"@type":"BreadcrumbList","@id":"https:\/\/dekornik.com\/pl\/produkt\/simple-check-pattern-small-cinnamon-wallpaper\/#breadcrumb","itemListElement":[{"@type":"ListItem","position":1,"name":"Home","item":"https:\/\/dekornik.com\/pl\/"},{"@type":"ListItem","position":2,"name":"Sklep","item":"https:\/\/dekornik.com\/pl\/sklep\/"},{"@type":"ListItem","position":3,"name":"Simple Check Pattern Small Cinnamon Tapeta"}]},{"@type":"WebSite","@id":"https:\/\/dekornik.com\/pl\/#website","url":"https:\/\/dekornik.com\/pl\/","name":"Dekornik","description":"Your little one will love it\\!","publisher":{"@id":"https:\/\/dekornik.com\/pl\/#organization"},"potentialAction":[{"@type":"SearchAction","target":{"@type":"EntryPoint","urlTemplate":"https:\/\/dekornik.com\/pl\/?s={search_term_string}"},"query-input":{"@type":"PropertyValueSpecification","valueRequired":true,"valueName":"search_term_string"}}],"inLanguage":"pl-PL"},{"@type":"Organization","@id":"https:\/\/dekornik.com\/pl\/#organization","name":"Dekornik sp. z o.o.","url":"https:\/\/dekornik.com\/pl\/","logo":{"@type":"ImageObject","inLanguage":"pl-PL","@id":"https:\/\/dekornik.com\/pl\/#\/schema\/logo\/image\/","url":"http:\/\/dekornik.com\/wp-content\/uploads\/2026\/01\/logo_dekornik-01-1.svg","contentUrl":"http:\/\/dekornik.com\/wp-content\/uploads\/2026\/01\/logo_dekornik-01-1.svg","width":"1024","height":"1024","caption":"Dekornik sp. z o.o."},"image":{"@id":"https:\/\/dekornik.com\/pl\/#\/schema\/logo\/image\/"},"sameAs":["https:\/\/www.facebook.com\/DEKORNIK\/","https:\/\/instagram.com\/dekornik","https:\/\/www.pinterest.com\/dekornikcom\/"]}]}},"_links":{"self":[{"href":"https:\/\/dekornik.com\/pl\/wp-json\/wp\/v2\/product\/8786","targetHints":{"allow":["GET"]}}],"collection":[{"href":"https:\/\/dekornik.com\/pl\/wp-json\/wp\/v2\/product"}],"about":[{"href":"https:\/\/dekornik.com\/pl\/wp-json\/wp\/v2\/types\/product"}],"replies":[{"embeddable":true,"href":"https:\/\/dekornik.com\/pl\/wp-json\/wp\/v2\/comments?post=8786"}],"wp:featuredmedia":[{"embeddable":true,"href":"https:\/\/dekornik.com\/pl\/wp-json\/wp\/v2\/media\/8787"}],"wp:attachment":[{"href":"https:\/\/dekornik.com\/pl\/wp-json\/wp\/v2\/media?parent=8786"}],"wp:term":[{"taxonomy":"product_brand","embeddable":true,"href":"https:\/\/dekornik.com\/pl\/wp-json\/wp\/v2\/product_brand?post=8786"},{"taxonomy":"product_cat","embeddable":true,"href":"https:\/\/dekornik.com\/pl\/wp-json\/wp\/v2\/product_cat?post=8786"},{"taxonomy":"product_tag","embeddable":true,"href":"https:\/\/dekornik.com\/pl\/wp-json\/wp\/v2\/product_tag?post=8786"}],"curies":[{"name":"wp","href":"https:\/\/api.w.org\/{rel}","templated":true}]}}