{"id":8706,"date":"2025-10-02T11:20:45","date_gmt":"2025-10-02T11:20:45","guid":{"rendered":"http:\/\/dekornik.com\/product\/portofino-stripes-caramelle-wallpaper\/"},"modified":"2026-04-03T16:21:19","modified_gmt":"2026-04-03T16:21:19","slug":"portofino-stripes-caramelle-wallpaper","status":"publish","type":"product","link":"https:\/\/dekornik.com\/pl\/produkt\/portofino-stripes-caramelle-wallpaper\/","title":{"rendered":"Portofino Stripes Caramelle Tapeta"},"content":{"rendered":"<p>Tapeta szaro-karmelowa. Oba kolory maj\u0105 ciep\u0142y podton, dzi\u0119ki czemu szaro\u015b\u0107 nie jest zimna ani nijaka \u2014 wr\u0119cz przeciwnie! Idealna do wiklinowych akcent\u00f3w w pokoju.<\/p>\n<p>Pasy maj\u0105 szeroko\u015b\u0107 12,5 cm \u2014 tworz\u0105 kontrastowy, a jednocze\u015bnie stonowany efekt. Smakowity karmel i szary odcie\u0144 to \u015bwietny wyb\u00f3r do pokoju dziecka z bia\u0142ymi meblami \u2014 t\u0142o idealne!<\/p>\n<p>Prosta, nienarzucaj\u0105ca si\u0119 tapeta w pasy to wz\u00f3r na lata \u2014 ro\u015bnie z dzieckiem i przetrwa zmiany w charakterze pokoju czy nowego mieszka\u0144ca. Uniwersalna i ponadczasowa!<\/p>\n<p><strong>TECHNICZNIE:<\/strong><\/p>\n<p>Tapeta podzielona jest na pasy:<br \/>\n\u2022 Wysoko\u015b\u0107: 280 cm<br \/>\n\u2022 Szeroko\u015b\u0107: 100 cm<br \/>\n\u2022 Mamy tak\u017ce opcj\u0119 140 cm na wysoko\u015b\u0107, dla wszystkich, kt\u00f3rzy lubi\u0105 lamperi\u0119 i chc\u0105 tapet\u0119 jedynie od po\u0142owy \u015bciany.<\/p>\n<p>Cena dotyczy jednego pasa.<\/p>\n<p>Te pasy pasuj\u0105 do wi\u0119kszo\u015bci standardowych mieszka\u0144 \u2013 maj\u0105 dodatkowe 20 cm d\u0142ugo\u015bci, wi\u0119c bez problemu przytniesz je do wysoko\u015bci swojej \u015bciany.<\/p>\n<p>Zamawianie tapet w pasach jest szybkie i wygodne. Wystarczy zmierzy\u0107 \u015bcian\u0119 i dobra\u0107 odpowiedni\u0105 liczb\u0119 pas\u00f3w \u2013 bez skomplikowanych oblicze\u0144. Trudno tu o pomy\u0142k\u0119.<\/p>\n","protected":false},"excerpt":{"rendered":"<p>Szaro-karmelowe pasy (12,5 cm) z ciep\u0142ym podtonem \u2014 tapeta kontrastowa, a jednocze\u015bnie stonowana! Smakowity karmel i szary odcie\u0144 \u015bwietnie komponuj\u0105 si\u0119 z wiklinowymi akcentami i bia\u0142ymi meblami.<\/p>\n<p>Pi\u0119knie prezentuje si\u0119 zar\u00f3wno na jednej \u015bcianie akcentowej, jak i w ca\u0142ym pokoju.<\/p>\n<p>Drukowana na matowym papierze Dekornik \u2014 ekologicznym, grubym 190g\/m2, i bezpiecznym dla dzieci.<\/p>\n","protected":false},"featured_media":8707,"comment_status":"open","ping_status":"closed","template":"","meta":{"inline_featured_image":false},"product_brand":[],"product_cat":[402,404,393,237,386],"product_tag":[691,734,735,750,751,753,755,757,758,760],"class_list":{"0":"post-8706","1":"product","2":"type-product","3":"status-publish","4":"has-post-thumbnail","6":"product_cat-dla-chlopcow","7":"product_cat-kolorowy-pokoj-malucha","8":"product_cat-paski","9":"product_cat-tapety","10":"product_cat-zywe-kolory","11":"product_tag-big-kid-approved-pl","12":"product_tag-pairs-with-borders-pl","13":"product_tag-pairs-with-wall-decals-pl","14":"product_tag-starry-sparkle-pl","15":"product_tag-statement-wall-pl","16":"product_tag-stripe-rhythm-pl","17":"product_tag-toddler-energy-pl","18":"product_tag-vehicles-club-pl","19":"product_tag-vertical-lift-pl","20":"product_tag-whimsical-details-pl","22":"first","23":"instock","24":"sale","25":"taxable","26":"shipping-taxable","27":"purchasable","28":"product-type-variable","29":"has-default-attributes"},"yoast_head":"<!-- This site is optimized with the Yoast SEO plugin v27.3 - https:\/\/yoast.com\/product\/yoast-seo-wordpress\/ -->\n<title>Teddy Bears &amp; Flowers Wallpaper | Nursery Room Decor<\/title>\n<meta name=\"description\" content=\"Transform your child&#039;s room with charming Teddy Bears &amp; Flowers Wallpaper from Dekornik. Perfect for peaceful nurseries &amp; girls&#039; rooms. Explore our unique designs!\" \/>\n<meta name=\"robots\" content=\"index, follow, max-snippet:-1, max-image-preview:large, max-video-preview:-1\" \/>\n<link rel=\"canonical\" href=\"https:\/\/dekornik.com\/pl\/produkt\/portofino-stripes-caramelle-wallpaper\/\" \/>\n<meta property=\"og:locale\" content=\"pl_PL\" \/>\n<meta property=\"og:type\" content=\"article\" \/>\n<meta property=\"og:title\" content=\"Teddy Bears &amp; Flowers Wallpaper | Nursery Room Decor\" \/>\n<meta property=\"og:description\" content=\"Transform your child&#039;s room with charming Teddy Bears &amp; Flowers Wallpaper from Dekornik. Perfect for peaceful nurseries &amp; girls&#039; rooms. Explore our unique designs!\" \/>\n<meta property=\"og:url\" content=\"https:\/\/dekornik.com\/pl\/produkt\/portofino-stripes-caramelle-wallpaper\/\" \/>\n<meta property=\"og:site_name\" content=\"Dekornik\" \/>\n<meta property=\"article:publisher\" content=\"https:\/\/www.facebook.com\/DEKORNIK\/\" \/>\n<meta property=\"article:modified_time\" content=\"2026-04-03T16:21:19+00:00\" \/>\n<meta property=\"og:image\" content=\"https:\/\/dekornik.com\/wp-content\/uploads\/2025\/10\/DEKO.TAP_.379-portofino-stripes-cramelle_16589730-090f-4210-b40f-2d8bb214711b.jpg\" \/>\n\t<meta property=\"og:image:width\" content=\"1000\" \/>\n\t<meta property=\"og:image:height\" content=\"1000\" \/>\n\t<meta property=\"og:image:type\" content=\"image\/jpeg\" \/>\n<script type=\"application\/ld+json\" class=\"yoast-schema-graph\">{\"@context\":\"https:\\\/\\\/schema.org\",\"@graph\":[{\"@type\":\"WebPage\",\"@id\":\"https:\\\/\\\/dekornik.com\\\/pl\\\/produkt\\\/portofino-stripes-caramelle-wallpaper\\\/\",\"url\":\"https:\\\/\\\/dekornik.com\\\/pl\\\/produkt\\\/portofino-stripes-caramelle-wallpaper\\\/\",\"name\":\"Teddy Bears & Flowers Wallpaper | Nursery Room Decor\",\"isPartOf\":{\"@id\":\"https:\\\/\\\/dekornik.com\\\/pl\\\/#website\"},\"primaryImageOfPage\":{\"@id\":\"https:\\\/\\\/dekornik.com\\\/pl\\\/produkt\\\/portofino-stripes-caramelle-wallpaper\\\/#primaryimage\"},\"image\":{\"@id\":\"https:\\\/\\\/dekornik.com\\\/pl\\\/produkt\\\/portofino-stripes-caramelle-wallpaper\\\/#primaryimage\"},\"thumbnailUrl\":\"https:\\\/\\\/dekornik.com\\\/wp-content\\\/uploads\\\/2025\\\/10\\\/DEKO.TAP_.379-portofino-stripes-cramelle_16589730-090f-4210-b40f-2d8bb214711b.jpg\",\"datePublished\":\"2025-10-02T11:20:45+00:00\",\"dateModified\":\"2026-04-03T16:21:19+00:00\",\"description\":\"Transform your child's room with charming Teddy Bears & Flowers Wallpaper from Dekornik. Perfect for peaceful nurseries & girls' rooms. Explore our unique designs!\",\"breadcrumb\":{\"@id\":\"https:\\\/\\\/dekornik.com\\\/pl\\\/produkt\\\/portofino-stripes-caramelle-wallpaper\\\/#breadcrumb\"},\"inLanguage\":\"pl-PL\",\"potentialAction\":[{\"@type\":\"ReadAction\",\"target\":[\"https:\\\/\\\/dekornik.com\\\/pl\\\/produkt\\\/portofino-stripes-caramelle-wallpaper\\\/\"]}]},{\"@type\":\"ImageObject\",\"inLanguage\":\"pl-PL\",\"@id\":\"https:\\\/\\\/dekornik.com\\\/pl\\\/produkt\\\/portofino-stripes-caramelle-wallpaper\\\/#primaryimage\",\"url\":\"https:\\\/\\\/dekornik.com\\\/wp-content\\\/uploads\\\/2025\\\/10\\\/DEKO.TAP_.379-portofino-stripes-cramelle_16589730-090f-4210-b40f-2d8bb214711b.jpg\",\"contentUrl\":\"https:\\\/\\\/dekornik.com\\\/wp-content\\\/uploads\\\/2025\\\/10\\\/DEKO.TAP_.379-portofino-stripes-cramelle_16589730-090f-4210-b40f-2d8bb214711b.jpg\",\"width\":1000,\"height\":1000,\"caption\":\"Portofino Stripes Caramelle Wallpaper\"},{\"@type\":\"BreadcrumbList\",\"@id\":\"https:\\\/\\\/dekornik.com\\\/pl\\\/produkt\\\/portofino-stripes-caramelle-wallpaper\\\/#breadcrumb\",\"itemListElement\":[{\"@type\":\"ListItem\",\"position\":1,\"name\":\"Home\",\"item\":\"https:\\\/\\\/dekornik.com\\\/pl\\\/\"},{\"@type\":\"ListItem\",\"position\":2,\"name\":\"Sklep\",\"item\":\"https:\\\/\\\/dekornik.com\\\/pl\\\/sklep\\\/\"},{\"@type\":\"ListItem\",\"position\":3,\"name\":\"Portofino Stripes Caramelle Tapeta\"}]},{\"@type\":\"WebSite\",\"@id\":\"https:\\\/\\\/dekornik.com\\\/pl\\\/#website\",\"url\":\"https:\\\/\\\/dekornik.com\\\/pl\\\/\",\"name\":\"Dekornik\",\"description\":\"Your little one will love it\\\\!\",\"publisher\":{\"@id\":\"https:\\\/\\\/dekornik.com\\\/pl\\\/#organization\"},\"potentialAction\":[{\"@type\":\"SearchAction\",\"target\":{\"@type\":\"EntryPoint\",\"urlTemplate\":\"https:\\\/\\\/dekornik.com\\\/pl\\\/?s={search_term_string}\"},\"query-input\":{\"@type\":\"PropertyValueSpecification\",\"valueRequired\":true,\"valueName\":\"search_term_string\"}}],\"inLanguage\":\"pl-PL\"},{\"@type\":\"Organization\",\"@id\":\"https:\\\/\\\/dekornik.com\\\/pl\\\/#organization\",\"name\":\"Dekornik sp. z o.o.\",\"url\":\"https:\\\/\\\/dekornik.com\\\/pl\\\/\",\"logo\":{\"@type\":\"ImageObject\",\"inLanguage\":\"pl-PL\",\"@id\":\"https:\\\/\\\/dekornik.com\\\/pl\\\/#\\\/schema\\\/logo\\\/image\\\/\",\"url\":\"http:\\\/\\\/dekornik.com\\\/wp-content\\\/uploads\\\/2026\\\/01\\\/logo_dekornik-01-1.svg\",\"contentUrl\":\"http:\\\/\\\/dekornik.com\\\/wp-content\\\/uploads\\\/2026\\\/01\\\/logo_dekornik-01-1.svg\",\"width\":\"1024\",\"height\":\"1024\",\"caption\":\"Dekornik sp. z o.o.\"},\"image\":{\"@id\":\"https:\\\/\\\/dekornik.com\\\/pl\\\/#\\\/schema\\\/logo\\\/image\\\/\"},\"sameAs\":[\"https:\\\/\\\/www.facebook.com\\\/DEKORNIK\\\/\",\"https:\\\/\\\/instagram.com\\\/dekornik\",\"https:\\\/\\\/www.pinterest.com\\\/dekornikcom\\\/\"]}]}<\/script>\n<!-- \/ Yoast SEO plugin. -->","yoast_head_json":{"title":"Teddy Bears & Flowers Wallpaper | Nursery Room Decor","description":"Transform your child's room with charming Teddy Bears & Flowers Wallpaper from Dekornik. Perfect for peaceful nurseries & girls' rooms. Explore our unique designs!","robots":{"index":"index","follow":"follow","max-snippet":"max-snippet:-1","max-image-preview":"max-image-preview:large","max-video-preview":"max-video-preview:-1"},"canonical":"https:\/\/dekornik.com\/pl\/produkt\/portofino-stripes-caramelle-wallpaper\/","og_locale":"pl_PL","og_type":"article","og_title":"Teddy Bears & Flowers Wallpaper | Nursery Room Decor","og_description":"Transform your child's room with charming Teddy Bears & Flowers Wallpaper from Dekornik. Perfect for peaceful nurseries & girls' rooms. Explore our unique designs!","og_url":"https:\/\/dekornik.com\/pl\/produkt\/portofino-stripes-caramelle-wallpaper\/","og_site_name":"Dekornik","article_publisher":"https:\/\/www.facebook.com\/DEKORNIK\/","article_modified_time":"2026-04-03T16:21:19+00:00","og_image":[{"width":1000,"height":1000,"url":"https:\/\/dekornik.com\/wp-content\/uploads\/2025\/10\/DEKO.TAP_.379-portofino-stripes-cramelle_16589730-090f-4210-b40f-2d8bb214711b.jpg","type":"image\/jpeg"}],"schema":{"@context":"https:\/\/schema.org","@graph":[{"@type":"WebPage","@id":"https:\/\/dekornik.com\/pl\/produkt\/portofino-stripes-caramelle-wallpaper\/","url":"https:\/\/dekornik.com\/pl\/produkt\/portofino-stripes-caramelle-wallpaper\/","name":"Teddy Bears & Flowers Wallpaper | Nursery Room Decor","isPartOf":{"@id":"https:\/\/dekornik.com\/pl\/#website"},"primaryImageOfPage":{"@id":"https:\/\/dekornik.com\/pl\/produkt\/portofino-stripes-caramelle-wallpaper\/#primaryimage"},"image":{"@id":"https:\/\/dekornik.com\/pl\/produkt\/portofino-stripes-caramelle-wallpaper\/#primaryimage"},"thumbnailUrl":"https:\/\/dekornik.com\/wp-content\/uploads\/2025\/10\/DEKO.TAP_.379-portofino-stripes-cramelle_16589730-090f-4210-b40f-2d8bb214711b.jpg","datePublished":"2025-10-02T11:20:45+00:00","dateModified":"2026-04-03T16:21:19+00:00","description":"Transform your child's room with charming Teddy Bears & Flowers Wallpaper from Dekornik. Perfect for peaceful nurseries & girls' rooms. Explore our unique designs!","breadcrumb":{"@id":"https:\/\/dekornik.com\/pl\/produkt\/portofino-stripes-caramelle-wallpaper\/#breadcrumb"},"inLanguage":"pl-PL","potentialAction":[{"@type":"ReadAction","target":["https:\/\/dekornik.com\/pl\/produkt\/portofino-stripes-caramelle-wallpaper\/"]}]},{"@type":"ImageObject","inLanguage":"pl-PL","@id":"https:\/\/dekornik.com\/pl\/produkt\/portofino-stripes-caramelle-wallpaper\/#primaryimage","url":"https:\/\/dekornik.com\/wp-content\/uploads\/2025\/10\/DEKO.TAP_.379-portofino-stripes-cramelle_16589730-090f-4210-b40f-2d8bb214711b.jpg","contentUrl":"https:\/\/dekornik.com\/wp-content\/uploads\/2025\/10\/DEKO.TAP_.379-portofino-stripes-cramelle_16589730-090f-4210-b40f-2d8bb214711b.jpg","width":1000,"height":1000,"caption":"Portofino Stripes Caramelle Wallpaper"},{"@type":"BreadcrumbList","@id":"https:\/\/dekornik.com\/pl\/produkt\/portofino-stripes-caramelle-wallpaper\/#breadcrumb","itemListElement":[{"@type":"ListItem","position":1,"name":"Home","item":"https:\/\/dekornik.com\/pl\/"},{"@type":"ListItem","position":2,"name":"Sklep","item":"https:\/\/dekornik.com\/pl\/sklep\/"},{"@type":"ListItem","position":3,"name":"Portofino Stripes Caramelle Tapeta"}]},{"@type":"WebSite","@id":"https:\/\/dekornik.com\/pl\/#website","url":"https:\/\/dekornik.com\/pl\/","name":"Dekornik","description":"Your little one will love it\\!","publisher":{"@id":"https:\/\/dekornik.com\/pl\/#organization"},"potentialAction":[{"@type":"SearchAction","target":{"@type":"EntryPoint","urlTemplate":"https:\/\/dekornik.com\/pl\/?s={search_term_string}"},"query-input":{"@type":"PropertyValueSpecification","valueRequired":true,"valueName":"search_term_string"}}],"inLanguage":"pl-PL"},{"@type":"Organization","@id":"https:\/\/dekornik.com\/pl\/#organization","name":"Dekornik sp. z o.o.","url":"https:\/\/dekornik.com\/pl\/","logo":{"@type":"ImageObject","inLanguage":"pl-PL","@id":"https:\/\/dekornik.com\/pl\/#\/schema\/logo\/image\/","url":"http:\/\/dekornik.com\/wp-content\/uploads\/2026\/01\/logo_dekornik-01-1.svg","contentUrl":"http:\/\/dekornik.com\/wp-content\/uploads\/2026\/01\/logo_dekornik-01-1.svg","width":"1024","height":"1024","caption":"Dekornik sp. z o.o."},"image":{"@id":"https:\/\/dekornik.com\/pl\/#\/schema\/logo\/image\/"},"sameAs":["https:\/\/www.facebook.com\/DEKORNIK\/","https:\/\/instagram.com\/dekornik","https:\/\/www.pinterest.com\/dekornikcom\/"]}]}},"_links":{"self":[{"href":"https:\/\/dekornik.com\/pl\/wp-json\/wp\/v2\/product\/8706","targetHints":{"allow":["GET"]}}],"collection":[{"href":"https:\/\/dekornik.com\/pl\/wp-json\/wp\/v2\/product"}],"about":[{"href":"https:\/\/dekornik.com\/pl\/wp-json\/wp\/v2\/types\/product"}],"replies":[{"embeddable":true,"href":"https:\/\/dekornik.com\/pl\/wp-json\/wp\/v2\/comments?post=8706"}],"wp:featuredmedia":[{"embeddable":true,"href":"https:\/\/dekornik.com\/pl\/wp-json\/wp\/v2\/media\/8707"}],"wp:attachment":[{"href":"https:\/\/dekornik.com\/pl\/wp-json\/wp\/v2\/media?parent=8706"}],"wp:term":[{"taxonomy":"product_brand","embeddable":true,"href":"https:\/\/dekornik.com\/pl\/wp-json\/wp\/v2\/product_brand?post=8706"},{"taxonomy":"product_cat","embeddable":true,"href":"https:\/\/dekornik.com\/pl\/wp-json\/wp\/v2\/product_cat?post=8706"},{"taxonomy":"product_tag","embeddable":true,"href":"https:\/\/dekornik.com\/pl\/wp-json\/wp\/v2\/product_tag?post=8706"}],"curies":[{"name":"wp","href":"https:\/\/api.w.org\/{rel}","templated":true}]}}