{"id":8694,"date":"2025-10-02T11:20:45","date_gmt":"2025-10-02T11:20:45","guid":{"rendered":"http:\/\/dekornik.com\/product\/portofino-colour-stripes-with-flowers-wallpaper\/"},"modified":"2026-04-03T08:58:38","modified_gmt":"2026-04-03T08:58:38","slug":"portofino-colour-stripes-with-flowers-wallpaper","status":"publish","type":"product","link":"https:\/\/dekornik.com\/pl\/produkt\/portofino-colour-stripes-with-flowers-wallpaper\/","title":{"rendered":"Portofino Colour Stripes with Flowers Tapeta"},"content":{"rendered":"<p>Klasyczna tapeta Portofino ozdobiona kwiatami \u2014 propozycja do pokoju dziewczynki. \u015aliczne, \u017cywe kolory jakby sk\u0105pane w s\u0142o\u0144cu i delikatne kwiatuszki w kolorze be\u017cu i b\u0142\u0119kitu. To jak wpu\u015bci\u0107 lato do pokoju na ca\u0142y rok!<\/p>\n<p>To nasza szalona fantazja \u2014 po\u0142\u0105czyli\u015bmy dwie tapety (French Cottage i Portofino) i zachwyci\u0142 nas efekt. Jasnoniebieski, karmel, be\u017c i wyblak\u0142y r\u00f3\u017c \u2014 dla dziewczynki, kt\u00f3ra kocha kolory. Pasy maj\u0105 szeroko\u015b\u0107 12,5 cm \u2014 w sam raz!<\/p>\n<p><strong>TECHNICZNIE:<\/strong><\/p>\n<p>Tapeta podzielona jest na pasy:<br \/>\n\u2022 Wysoko\u015b\u0107: 280 cm<br \/>\n\u2022 Szeroko\u015b\u0107: 100 cm<br \/>\n\u2022 Mamy tak\u017ce opcj\u0119 140 cm na wysoko\u015b\u0107, dla wszystkich, kt\u00f3rzy lubi\u0105 lamperi\u0119 i chc\u0105 tapet\u0119 jedynie od po\u0142owy \u015bciany.<\/p>\n<p>Cena dotyczy jednego pasa.<\/p>\n<p>Te pasy pasuj\u0105 do wi\u0119kszo\u015bci standardowych mieszka\u0144 \u2013 maj\u0105 dodatkowe 20 cm d\u0142ugo\u015bci, wi\u0119c bez problemu przytniesz je do wysoko\u015bci swojej \u015bciany.<\/p>\n<p>Zamawianie tapet w pasach jest szybkie i wygodne. Wystarczy zmierzy\u0107 \u015bcian\u0119 i dobra\u0107 odpowiedni\u0105 liczb\u0119 pas\u00f3w \u2013 bez skomplikowanych oblicze\u0144. Trudno tu o pomy\u0142k\u0119.<\/p>\n","protected":false},"excerpt":{"rendered":"<p>Portofino z kwiatami \u2014 nasze szalone po\u0142\u0105czenie dw\u00f3ch ulubionych wzor\u00f3w! Jasnoniebieski, karmel, be\u017c i wyblak\u0142y r\u00f3\u017c z delikatnymi kwiatuszkami. Jak wpu\u015bci\u0107 lato do pokoju na ca\u0142y rok!<\/p>\n<p>Pi\u0119knie prezentuje si\u0119 na jednej \u015bcianie akcentowej lub w ca\u0142ym pokoju.<\/p>\n<p>Drukowana na matowym papierze Dekornik \u2014 ekologicznym, grubym 190g\/m2, i bezpiecznym dla dzieci.<\/p>\n","protected":false},"featured_media":8695,"comment_status":"open","ping_status":"closed","template":"","meta":{"inline_featured_image":false},"product_brand":[],"product_cat":[404,393,237,400,386],"product_tag":[724,727,744,750,751,753,755,757,758,760],"class_list":{"0":"post-8694","1":"product","2":"type-product","3":"status-publish","4":"has-post-thumbnail","6":"product_cat-kolorowy-pokoj-malucha","7":"product_cat-paski","8":"product_cat-tapety","9":"product_cat-vintage-pl","10":"product_cat-zywe-kolory","11":"product_tag-mini-florals-pl","12":"product_tag-modern-classic-pl","13":"product_tag-retro-charm-pl","14":"product_tag-starry-sparkle-pl","15":"product_tag-statement-wall-pl","16":"product_tag-stripe-rhythm-pl","17":"product_tag-toddler-energy-pl","18":"product_tag-vehicles-club-pl","19":"product_tag-vertical-lift-pl","20":"product_tag-whimsical-details-pl","22":"first","23":"instock","24":"sale","25":"taxable","26":"shipping-taxable","27":"purchasable","28":"product-type-variable","29":"has-default-attributes"},"yoast_head":"<!-- This site is optimized with the Yoast SEO plugin v27.3 - https:\/\/yoast.com\/product\/yoast-seo-wordpress\/ -->\n<title>Maya Stripes Blue Wallpaper | Chic &amp; Timeless Design<\/title>\n<meta name=\"description\" content=\"Elevate your home with Maya Stripes Blue Wallpaper. This elegant, timeless striped design, commissioned by Maya Bohosiewicz, suits nurseries, living rooms &amp; more. Shop now!\" \/>\n<meta name=\"robots\" content=\"index, follow, max-snippet:-1, max-image-preview:large, max-video-preview:-1\" \/>\n<link rel=\"canonical\" href=\"https:\/\/dekornik.com\/pl\/produkt\/portofino-colour-stripes-with-flowers-wallpaper\/\" \/>\n<meta property=\"og:locale\" content=\"pl_PL\" \/>\n<meta property=\"og:type\" content=\"article\" \/>\n<meta property=\"og:title\" content=\"Maya Stripes Blue Wallpaper | Chic &amp; Timeless Design\" \/>\n<meta property=\"og:description\" content=\"Elevate your home with Maya Stripes Blue Wallpaper. This elegant, timeless striped design, commissioned by Maya Bohosiewicz, suits nurseries, living rooms &amp; more. Shop now!\" \/>\n<meta property=\"og:url\" content=\"https:\/\/dekornik.com\/pl\/produkt\/portofino-colour-stripes-with-flowers-wallpaper\/\" \/>\n<meta property=\"og:site_name\" content=\"Dekornik\" \/>\n<meta property=\"article:publisher\" content=\"https:\/\/www.facebook.com\/DEKORNIK\/\" \/>\n<meta property=\"article:modified_time\" content=\"2026-04-03T08:58:38+00:00\" \/>\n<meta property=\"og:image\" content=\"https:\/\/dekornik.com\/wp-content\/uploads\/2025\/10\/photo_2023-08-30_09-11-10-3_c8942634-139c-422a-bdb9-98d607cb5b21.jpg\" \/>\n\t<meta property=\"og:image:width\" content=\"1280\" \/>\n\t<meta property=\"og:image:height\" content=\"1280\" \/>\n\t<meta property=\"og:image:type\" content=\"image\/jpeg\" \/>\n<script type=\"application\/ld+json\" class=\"yoast-schema-graph\">{\"@context\":\"https:\\\/\\\/schema.org\",\"@graph\":[{\"@type\":\"WebPage\",\"@id\":\"https:\\\/\\\/dekornik.com\\\/pl\\\/produkt\\\/portofino-colour-stripes-with-flowers-wallpaper\\\/\",\"url\":\"https:\\\/\\\/dekornik.com\\\/pl\\\/produkt\\\/portofino-colour-stripes-with-flowers-wallpaper\\\/\",\"name\":\"Maya Stripes Blue Wallpaper | Chic & Timeless Design\",\"isPartOf\":{\"@id\":\"https:\\\/\\\/dekornik.com\\\/pl\\\/#website\"},\"primaryImageOfPage\":{\"@id\":\"https:\\\/\\\/dekornik.com\\\/pl\\\/produkt\\\/portofino-colour-stripes-with-flowers-wallpaper\\\/#primaryimage\"},\"image\":{\"@id\":\"https:\\\/\\\/dekornik.com\\\/pl\\\/produkt\\\/portofino-colour-stripes-with-flowers-wallpaper\\\/#primaryimage\"},\"thumbnailUrl\":\"https:\\\/\\\/dekornik.com\\\/wp-content\\\/uploads\\\/2025\\\/10\\\/photo_2023-08-30_09-11-10-3_c8942634-139c-422a-bdb9-98d607cb5b21.jpg\",\"datePublished\":\"2025-10-02T11:20:45+00:00\",\"dateModified\":\"2026-04-03T08:58:38+00:00\",\"description\":\"Elevate your home with Maya Stripes Blue Wallpaper. This elegant, timeless striped design, commissioned by Maya Bohosiewicz, suits nurseries, living rooms & more. Shop now!\",\"breadcrumb\":{\"@id\":\"https:\\\/\\\/dekornik.com\\\/pl\\\/produkt\\\/portofino-colour-stripes-with-flowers-wallpaper\\\/#breadcrumb\"},\"inLanguage\":\"pl-PL\",\"potentialAction\":[{\"@type\":\"ReadAction\",\"target\":[\"https:\\\/\\\/dekornik.com\\\/pl\\\/produkt\\\/portofino-colour-stripes-with-flowers-wallpaper\\\/\"]}]},{\"@type\":\"ImageObject\",\"inLanguage\":\"pl-PL\",\"@id\":\"https:\\\/\\\/dekornik.com\\\/pl\\\/produkt\\\/portofino-colour-stripes-with-flowers-wallpaper\\\/#primaryimage\",\"url\":\"https:\\\/\\\/dekornik.com\\\/wp-content\\\/uploads\\\/2025\\\/10\\\/photo_2023-08-30_09-11-10-3_c8942634-139c-422a-bdb9-98d607cb5b21.jpg\",\"contentUrl\":\"https:\\\/\\\/dekornik.com\\\/wp-content\\\/uploads\\\/2025\\\/10\\\/photo_2023-08-30_09-11-10-3_c8942634-139c-422a-bdb9-98d607cb5b21.jpg\",\"width\":1280,\"height\":1280,\"caption\":\"Portofino Colour Stripes with flowers\"},{\"@type\":\"BreadcrumbList\",\"@id\":\"https:\\\/\\\/dekornik.com\\\/pl\\\/produkt\\\/portofino-colour-stripes-with-flowers-wallpaper\\\/#breadcrumb\",\"itemListElement\":[{\"@type\":\"ListItem\",\"position\":1,\"name\":\"Home\",\"item\":\"https:\\\/\\\/dekornik.com\\\/pl\\\/\"},{\"@type\":\"ListItem\",\"position\":2,\"name\":\"Sklep\",\"item\":\"https:\\\/\\\/dekornik.com\\\/pl\\\/sklep\\\/\"},{\"@type\":\"ListItem\",\"position\":3,\"name\":\"Portofino Colour Stripes with Flowers Tapeta\"}]},{\"@type\":\"WebSite\",\"@id\":\"https:\\\/\\\/dekornik.com\\\/pl\\\/#website\",\"url\":\"https:\\\/\\\/dekornik.com\\\/pl\\\/\",\"name\":\"Dekornik\",\"description\":\"Your little one will love it\\\\!\",\"publisher\":{\"@id\":\"https:\\\/\\\/dekornik.com\\\/pl\\\/#organization\"},\"potentialAction\":[{\"@type\":\"SearchAction\",\"target\":{\"@type\":\"EntryPoint\",\"urlTemplate\":\"https:\\\/\\\/dekornik.com\\\/pl\\\/?s={search_term_string}\"},\"query-input\":{\"@type\":\"PropertyValueSpecification\",\"valueRequired\":true,\"valueName\":\"search_term_string\"}}],\"inLanguage\":\"pl-PL\"},{\"@type\":\"Organization\",\"@id\":\"https:\\\/\\\/dekornik.com\\\/pl\\\/#organization\",\"name\":\"Dekornik sp. z o.o.\",\"url\":\"https:\\\/\\\/dekornik.com\\\/pl\\\/\",\"logo\":{\"@type\":\"ImageObject\",\"inLanguage\":\"pl-PL\",\"@id\":\"https:\\\/\\\/dekornik.com\\\/pl\\\/#\\\/schema\\\/logo\\\/image\\\/\",\"url\":\"http:\\\/\\\/dekornik.com\\\/wp-content\\\/uploads\\\/2026\\\/01\\\/logo_dekornik-01-1.svg\",\"contentUrl\":\"http:\\\/\\\/dekornik.com\\\/wp-content\\\/uploads\\\/2026\\\/01\\\/logo_dekornik-01-1.svg\",\"width\":\"1024\",\"height\":\"1024\",\"caption\":\"Dekornik sp. z o.o.\"},\"image\":{\"@id\":\"https:\\\/\\\/dekornik.com\\\/pl\\\/#\\\/schema\\\/logo\\\/image\\\/\"},\"sameAs\":[\"https:\\\/\\\/www.facebook.com\\\/DEKORNIK\\\/\",\"https:\\\/\\\/instagram.com\\\/dekornik\",\"https:\\\/\\\/www.pinterest.com\\\/dekornikcom\\\/\"]}]}<\/script>\n<!-- \/ Yoast SEO plugin. -->","yoast_head_json":{"title":"Maya Stripes Blue Wallpaper | Chic & Timeless Design","description":"Elevate your home with Maya Stripes Blue Wallpaper. This elegant, timeless striped design, commissioned by Maya Bohosiewicz, suits nurseries, living rooms & more. Shop now!","robots":{"index":"index","follow":"follow","max-snippet":"max-snippet:-1","max-image-preview":"max-image-preview:large","max-video-preview":"max-video-preview:-1"},"canonical":"https:\/\/dekornik.com\/pl\/produkt\/portofino-colour-stripes-with-flowers-wallpaper\/","og_locale":"pl_PL","og_type":"article","og_title":"Maya Stripes Blue Wallpaper | Chic & Timeless Design","og_description":"Elevate your home with Maya Stripes Blue Wallpaper. This elegant, timeless striped design, commissioned by Maya Bohosiewicz, suits nurseries, living rooms & more. Shop now!","og_url":"https:\/\/dekornik.com\/pl\/produkt\/portofino-colour-stripes-with-flowers-wallpaper\/","og_site_name":"Dekornik","article_publisher":"https:\/\/www.facebook.com\/DEKORNIK\/","article_modified_time":"2026-04-03T08:58:38+00:00","og_image":[{"width":1280,"height":1280,"url":"https:\/\/dekornik.com\/wp-content\/uploads\/2025\/10\/photo_2023-08-30_09-11-10-3_c8942634-139c-422a-bdb9-98d607cb5b21.jpg","type":"image\/jpeg"}],"schema":{"@context":"https:\/\/schema.org","@graph":[{"@type":"WebPage","@id":"https:\/\/dekornik.com\/pl\/produkt\/portofino-colour-stripes-with-flowers-wallpaper\/","url":"https:\/\/dekornik.com\/pl\/produkt\/portofino-colour-stripes-with-flowers-wallpaper\/","name":"Maya Stripes Blue Wallpaper | Chic & Timeless Design","isPartOf":{"@id":"https:\/\/dekornik.com\/pl\/#website"},"primaryImageOfPage":{"@id":"https:\/\/dekornik.com\/pl\/produkt\/portofino-colour-stripes-with-flowers-wallpaper\/#primaryimage"},"image":{"@id":"https:\/\/dekornik.com\/pl\/produkt\/portofino-colour-stripes-with-flowers-wallpaper\/#primaryimage"},"thumbnailUrl":"https:\/\/dekornik.com\/wp-content\/uploads\/2025\/10\/photo_2023-08-30_09-11-10-3_c8942634-139c-422a-bdb9-98d607cb5b21.jpg","datePublished":"2025-10-02T11:20:45+00:00","dateModified":"2026-04-03T08:58:38+00:00","description":"Elevate your home with Maya Stripes Blue Wallpaper. This elegant, timeless striped design, commissioned by Maya Bohosiewicz, suits nurseries, living rooms & more. Shop now!","breadcrumb":{"@id":"https:\/\/dekornik.com\/pl\/produkt\/portofino-colour-stripes-with-flowers-wallpaper\/#breadcrumb"},"inLanguage":"pl-PL","potentialAction":[{"@type":"ReadAction","target":["https:\/\/dekornik.com\/pl\/produkt\/portofino-colour-stripes-with-flowers-wallpaper\/"]}]},{"@type":"ImageObject","inLanguage":"pl-PL","@id":"https:\/\/dekornik.com\/pl\/produkt\/portofino-colour-stripes-with-flowers-wallpaper\/#primaryimage","url":"https:\/\/dekornik.com\/wp-content\/uploads\/2025\/10\/photo_2023-08-30_09-11-10-3_c8942634-139c-422a-bdb9-98d607cb5b21.jpg","contentUrl":"https:\/\/dekornik.com\/wp-content\/uploads\/2025\/10\/photo_2023-08-30_09-11-10-3_c8942634-139c-422a-bdb9-98d607cb5b21.jpg","width":1280,"height":1280,"caption":"Portofino Colour Stripes with flowers"},{"@type":"BreadcrumbList","@id":"https:\/\/dekornik.com\/pl\/produkt\/portofino-colour-stripes-with-flowers-wallpaper\/#breadcrumb","itemListElement":[{"@type":"ListItem","position":1,"name":"Home","item":"https:\/\/dekornik.com\/pl\/"},{"@type":"ListItem","position":2,"name":"Sklep","item":"https:\/\/dekornik.com\/pl\/sklep\/"},{"@type":"ListItem","position":3,"name":"Portofino Colour Stripes with Flowers Tapeta"}]},{"@type":"WebSite","@id":"https:\/\/dekornik.com\/pl\/#website","url":"https:\/\/dekornik.com\/pl\/","name":"Dekornik","description":"Your little one will love it\\!","publisher":{"@id":"https:\/\/dekornik.com\/pl\/#organization"},"potentialAction":[{"@type":"SearchAction","target":{"@type":"EntryPoint","urlTemplate":"https:\/\/dekornik.com\/pl\/?s={search_term_string}"},"query-input":{"@type":"PropertyValueSpecification","valueRequired":true,"valueName":"search_term_string"}}],"inLanguage":"pl-PL"},{"@type":"Organization","@id":"https:\/\/dekornik.com\/pl\/#organization","name":"Dekornik sp. z o.o.","url":"https:\/\/dekornik.com\/pl\/","logo":{"@type":"ImageObject","inLanguage":"pl-PL","@id":"https:\/\/dekornik.com\/pl\/#\/schema\/logo\/image\/","url":"http:\/\/dekornik.com\/wp-content\/uploads\/2026\/01\/logo_dekornik-01-1.svg","contentUrl":"http:\/\/dekornik.com\/wp-content\/uploads\/2026\/01\/logo_dekornik-01-1.svg","width":"1024","height":"1024","caption":"Dekornik sp. z o.o."},"image":{"@id":"https:\/\/dekornik.com\/pl\/#\/schema\/logo\/image\/"},"sameAs":["https:\/\/www.facebook.com\/DEKORNIK\/","https:\/\/instagram.com\/dekornik","https:\/\/www.pinterest.com\/dekornikcom\/"]}]}},"_links":{"self":[{"href":"https:\/\/dekornik.com\/pl\/wp-json\/wp\/v2\/product\/8694","targetHints":{"allow":["GET"]}}],"collection":[{"href":"https:\/\/dekornik.com\/pl\/wp-json\/wp\/v2\/product"}],"about":[{"href":"https:\/\/dekornik.com\/pl\/wp-json\/wp\/v2\/types\/product"}],"replies":[{"embeddable":true,"href":"https:\/\/dekornik.com\/pl\/wp-json\/wp\/v2\/comments?post=8694"}],"wp:featuredmedia":[{"embeddable":true,"href":"https:\/\/dekornik.com\/pl\/wp-json\/wp\/v2\/media\/8695"}],"wp:attachment":[{"href":"https:\/\/dekornik.com\/pl\/wp-json\/wp\/v2\/media?parent=8694"}],"wp:term":[{"taxonomy":"product_brand","embeddable":true,"href":"https:\/\/dekornik.com\/pl\/wp-json\/wp\/v2\/product_brand?post=8694"},{"taxonomy":"product_cat","embeddable":true,"href":"https:\/\/dekornik.com\/pl\/wp-json\/wp\/v2\/product_cat?post=8694"},{"taxonomy":"product_tag","embeddable":true,"href":"https:\/\/dekornik.com\/pl\/wp-json\/wp\/v2\/product_tag?post=8694"}],"curies":[{"name":"wp","href":"https:\/\/api.w.org\/{rel}","templated":true}]}}