{"id":8682,"date":"2025-10-02T11:20:48","date_gmt":"2025-10-02T11:20:48","guid":{"rendered":"http:\/\/dekornik.com\/product\/portofino-stripes-blue-wallpaper\/"},"modified":"2026-04-03T16:10:05","modified_gmt":"2026-04-03T16:10:05","slug":"portofino-stripes-blue-wallpaper","status":"publish","type":"product","link":"https:\/\/dekornik.com\/pl\/produkt\/portofino-stripes-blue-wallpaper\/","title":{"rendered":"Portofino Stripes Blue Tapeta"},"content":{"rendered":"<p>Szaro-niebieskie pasy o szeroko\u015bci 12,5 cm. Niebieski ma odcie\u0144 jasnego nieba w s\u0142oneczny dzie\u0144 \u2014 \u015bwie\u017cy i o\u017cywczy, idealny do pokoik\u00f3w ch\u0142opc\u00f3w!<\/p>\n<p>Klasyczna tapeta w pasy do pokoju dziecka, kt\u00f3r\u0105 warto zestawi\u0107 z bia\u0142ymi lub naturalnymi meblami \u2014 tak, jak pokazali\u015bmy w naszym showroomie. Doskonale sprawdzi si\u0119 zar\u00f3wno w wn\u0119trzach urz\u0105dzonych w stylu klasycznym i vintage, jak i w pokojach ma\u0142ych odkrywc\u00f3w i podr\u00f3\u017cnik\u00f3w.<\/p>\n<p>Pi\u0119kno prostych, klasycznych wzor\u00f3w tkwi w uniwersalno\u015bci \u2014 tapeta w pasy znajdzie swoje miejsce w ka\u017cdym pokoju i o ka\u017cdej porze. Nie poddaje si\u0119 modom, jest ponadczasowa i subtelna. To wz\u00f3r na lata \u2014 przetrwa pr\u00f3b\u0119 czasu i kr\u00f3tkotrwa\u0142e trendy!<\/p>\n<p><strong>TECHNICZNIE:<\/strong><\/p>\n<p>Tapeta podzielona jest na pasy:<br \/>\n\u2022 Wysoko\u015b\u0107: 280 cm<br \/>\n\u2022 Szeroko\u015b\u0107: 100 cm<br \/>\n\u2022 Mamy tak\u017ce opcj\u0119 140 cm na wysoko\u015b\u0107, dla wszystkich, kt\u00f3rzy lubi\u0105 lamperi\u0119 i chc\u0105 tapet\u0119 jedynie od po\u0142owy \u015bciany.<\/p>\n<p>Cena dotyczy jednego pasa.<\/p>\n<p>Te pasy pasuj\u0105 do wi\u0119kszo\u015bci standardowych mieszka\u0144 \u2013 maj\u0105 dodatkowe 20 cm d\u0142ugo\u015bci, wi\u0119c bez problemu przytniesz je do wysoko\u015bci swojej \u015bciany.<\/p>\n<p>Zamawianie tapet w pasach jest szybkie i wygodne. Wystarczy zmierzy\u0107 \u015bcian\u0119 i dobra\u0107 odpowiedni\u0105 liczb\u0119 pas\u00f3w \u2013 bez skomplikowanych oblicze\u0144. Trudno tu o pomy\u0142k\u0119.<\/p>\n","protected":false},"excerpt":{"rendered":"<p>Szaro-niebieskie pasy (12,5 cm) w odcieniu jasnego nieba \u2014 klasyczna, ponadczasowa tapeta, idealna do pokoju ch\u0142opca! Pasuje do wn\u0119trz w stylu klasycznym, vintage i podr\u00f3\u017cniczym.<\/p>\n<p>Pi\u0119knie prezentuje si\u0119 na jednej \u015bcianie akcentowej lub w ca\u0142ym pokoju.<\/p>\n<p>Drukowana na matowym papierze Dekornik \u2014 ekologicznym, grubym 190g\/m2, i bezpiecznym dla dzieci.<\/p>\n","protected":false},"featured_media":8683,"comment_status":"open","ping_status":"closed","template":"","meta":{"inline_featured_image":false},"product_brand":[],"product_cat":[402,404,393,237,386],"product_tag":[691,720,726,734,735,750,751,753,755,758,760],"class_list":{"0":"post-8682","1":"product","2":"type-product","3":"status-publish","4":"has-post-thumbnail","6":"product_cat-dla-chlopcow","7":"product_cat-kolorowy-pokoj-malucha","8":"product_cat-paski","9":"product_cat-tapety","10":"product_cat-zywe-kolory","11":"product_tag-big-kid-approved-pl","12":"product_tag-match-friendly-pl","13":"product_tag-mix-amp-pl","14":"product_tag-pairs-with-borders-pl","15":"product_tag-pairs-with-wall-decals-pl","16":"product_tag-starry-sparkle-pl","17":"product_tag-statement-wall-pl","18":"product_tag-stripe-rhythm-pl","19":"product_tag-toddler-energy-pl","20":"product_tag-vertical-lift-pl","21":"product_tag-whimsical-details-pl","23":"first","24":"instock","25":"sale","26":"taxable","27":"shipping-taxable","28":"purchasable","29":"product-type-variable","30":"has-default-attributes"},"yoast_head":"<!-- This site is optimized with the Yoast SEO plugin v27.3 - https:\/\/yoast.com\/product\/yoast-seo-wordpress\/ -->\n<title>Watercolour Horses Green Wallpaper | Art for Young Riders<\/title>\n<meta name=\"description\" content=\"Adorn your young rider&#039;s room with stunning Watercolour Horses Green Wallpaper. This artistic design is perfect for horse lovers &amp; easy to install. Shop now!\" \/>\n<meta name=\"robots\" content=\"index, follow, max-snippet:-1, max-image-preview:large, max-video-preview:-1\" \/>\n<link rel=\"canonical\" href=\"https:\/\/dekornik.com\/pl\/produkt\/portofino-stripes-blue-wallpaper\/\" \/>\n<meta property=\"og:locale\" content=\"pl_PL\" \/>\n<meta property=\"og:type\" content=\"article\" \/>\n<meta property=\"og:title\" content=\"Watercolour Horses Green Wallpaper | Art for Young Riders\" \/>\n<meta property=\"og:description\" content=\"Adorn your young rider&#039;s room with stunning Watercolour Horses Green Wallpaper. This artistic design is perfect for horse lovers &amp; easy to install. Shop now!\" \/>\n<meta property=\"og:url\" content=\"https:\/\/dekornik.com\/pl\/produkt\/portofino-stripes-blue-wallpaper\/\" \/>\n<meta property=\"og:site_name\" content=\"Dekornik\" \/>\n<meta property=\"article:publisher\" content=\"https:\/\/www.facebook.com\/DEKORNIK\/\" \/>\n<meta property=\"article:modified_time\" content=\"2026-04-03T16:10:05+00:00\" \/>\n<meta property=\"og:image\" content=\"https:\/\/dekornik.com\/wp-content\/uploads\/2025\/10\/DEKO.TAP_.382_100x280-Portofino-stripes-blue_8b83835c-e675-4729-a041-8aef17740cfd.jpg\" \/>\n\t<meta property=\"og:image:width\" content=\"1000\" \/>\n\t<meta property=\"og:image:height\" content=\"1000\" \/>\n\t<meta property=\"og:image:type\" content=\"image\/jpeg\" \/>\n<script type=\"application\/ld+json\" class=\"yoast-schema-graph\">{\"@context\":\"https:\\\/\\\/schema.org\",\"@graph\":[{\"@type\":\"WebPage\",\"@id\":\"https:\\\/\\\/dekornik.com\\\/pl\\\/produkt\\\/portofino-stripes-blue-wallpaper\\\/\",\"url\":\"https:\\\/\\\/dekornik.com\\\/pl\\\/produkt\\\/portofino-stripes-blue-wallpaper\\\/\",\"name\":\"Watercolour Horses Green Wallpaper | Art for Young Riders\",\"isPartOf\":{\"@id\":\"https:\\\/\\\/dekornik.com\\\/pl\\\/#website\"},\"primaryImageOfPage\":{\"@id\":\"https:\\\/\\\/dekornik.com\\\/pl\\\/produkt\\\/portofino-stripes-blue-wallpaper\\\/#primaryimage\"},\"image\":{\"@id\":\"https:\\\/\\\/dekornik.com\\\/pl\\\/produkt\\\/portofino-stripes-blue-wallpaper\\\/#primaryimage\"},\"thumbnailUrl\":\"https:\\\/\\\/dekornik.com\\\/wp-content\\\/uploads\\\/2025\\\/10\\\/DEKO.TAP_.382_100x280-Portofino-stripes-blue_8b83835c-e675-4729-a041-8aef17740cfd.jpg\",\"datePublished\":\"2025-10-02T11:20:48+00:00\",\"dateModified\":\"2026-04-03T16:10:05+00:00\",\"description\":\"Adorn your young rider's room with stunning Watercolour Horses Green Wallpaper. This artistic design is perfect for horse lovers & easy to install. Shop now!\",\"breadcrumb\":{\"@id\":\"https:\\\/\\\/dekornik.com\\\/pl\\\/produkt\\\/portofino-stripes-blue-wallpaper\\\/#breadcrumb\"},\"inLanguage\":\"pl-PL\",\"potentialAction\":[{\"@type\":\"ReadAction\",\"target\":[\"https:\\\/\\\/dekornik.com\\\/pl\\\/produkt\\\/portofino-stripes-blue-wallpaper\\\/\"]}]},{\"@type\":\"ImageObject\",\"inLanguage\":\"pl-PL\",\"@id\":\"https:\\\/\\\/dekornik.com\\\/pl\\\/produkt\\\/portofino-stripes-blue-wallpaper\\\/#primaryimage\",\"url\":\"https:\\\/\\\/dekornik.com\\\/wp-content\\\/uploads\\\/2025\\\/10\\\/DEKO.TAP_.382_100x280-Portofino-stripes-blue_8b83835c-e675-4729-a041-8aef17740cfd.jpg\",\"contentUrl\":\"https:\\\/\\\/dekornik.com\\\/wp-content\\\/uploads\\\/2025\\\/10\\\/DEKO.TAP_.382_100x280-Portofino-stripes-blue_8b83835c-e675-4729-a041-8aef17740cfd.jpg\",\"width\":1000,\"height\":1000,\"caption\":\"Portofino Stripes Blue\"},{\"@type\":\"BreadcrumbList\",\"@id\":\"https:\\\/\\\/dekornik.com\\\/pl\\\/produkt\\\/portofino-stripes-blue-wallpaper\\\/#breadcrumb\",\"itemListElement\":[{\"@type\":\"ListItem\",\"position\":1,\"name\":\"Home\",\"item\":\"https:\\\/\\\/dekornik.com\\\/pl\\\/\"},{\"@type\":\"ListItem\",\"position\":2,\"name\":\"Sklep\",\"item\":\"https:\\\/\\\/dekornik.com\\\/pl\\\/sklep\\\/\"},{\"@type\":\"ListItem\",\"position\":3,\"name\":\"Portofino Stripes Blue Tapeta\"}]},{\"@type\":\"WebSite\",\"@id\":\"https:\\\/\\\/dekornik.com\\\/pl\\\/#website\",\"url\":\"https:\\\/\\\/dekornik.com\\\/pl\\\/\",\"name\":\"Dekornik\",\"description\":\"Your little one will love it\\\\!\",\"publisher\":{\"@id\":\"https:\\\/\\\/dekornik.com\\\/pl\\\/#organization\"},\"potentialAction\":[{\"@type\":\"SearchAction\",\"target\":{\"@type\":\"EntryPoint\",\"urlTemplate\":\"https:\\\/\\\/dekornik.com\\\/pl\\\/?s={search_term_string}\"},\"query-input\":{\"@type\":\"PropertyValueSpecification\",\"valueRequired\":true,\"valueName\":\"search_term_string\"}}],\"inLanguage\":\"pl-PL\"},{\"@type\":\"Organization\",\"@id\":\"https:\\\/\\\/dekornik.com\\\/pl\\\/#organization\",\"name\":\"Dekornik sp. z o.o.\",\"url\":\"https:\\\/\\\/dekornik.com\\\/pl\\\/\",\"logo\":{\"@type\":\"ImageObject\",\"inLanguage\":\"pl-PL\",\"@id\":\"https:\\\/\\\/dekornik.com\\\/pl\\\/#\\\/schema\\\/logo\\\/image\\\/\",\"url\":\"http:\\\/\\\/dekornik.com\\\/wp-content\\\/uploads\\\/2026\\\/01\\\/logo_dekornik-01-1.svg\",\"contentUrl\":\"http:\\\/\\\/dekornik.com\\\/wp-content\\\/uploads\\\/2026\\\/01\\\/logo_dekornik-01-1.svg\",\"width\":\"1024\",\"height\":\"1024\",\"caption\":\"Dekornik sp. z o.o.\"},\"image\":{\"@id\":\"https:\\\/\\\/dekornik.com\\\/pl\\\/#\\\/schema\\\/logo\\\/image\\\/\"},\"sameAs\":[\"https:\\\/\\\/www.facebook.com\\\/DEKORNIK\\\/\",\"https:\\\/\\\/instagram.com\\\/dekornik\",\"https:\\\/\\\/www.pinterest.com\\\/dekornikcom\\\/\"]}]}<\/script>\n<!-- \/ Yoast SEO plugin. -->","yoast_head_json":{"title":"Watercolour Horses Green Wallpaper | Art for Young Riders","description":"Adorn your young rider's room with stunning Watercolour Horses Green Wallpaper. This artistic design is perfect for horse lovers & easy to install. Shop now!","robots":{"index":"index","follow":"follow","max-snippet":"max-snippet:-1","max-image-preview":"max-image-preview:large","max-video-preview":"max-video-preview:-1"},"canonical":"https:\/\/dekornik.com\/pl\/produkt\/portofino-stripes-blue-wallpaper\/","og_locale":"pl_PL","og_type":"article","og_title":"Watercolour Horses Green Wallpaper | Art for Young Riders","og_description":"Adorn your young rider's room with stunning Watercolour Horses Green Wallpaper. This artistic design is perfect for horse lovers & easy to install. Shop now!","og_url":"https:\/\/dekornik.com\/pl\/produkt\/portofino-stripes-blue-wallpaper\/","og_site_name":"Dekornik","article_publisher":"https:\/\/www.facebook.com\/DEKORNIK\/","article_modified_time":"2026-04-03T16:10:05+00:00","og_image":[{"width":1000,"height":1000,"url":"https:\/\/dekornik.com\/wp-content\/uploads\/2025\/10\/DEKO.TAP_.382_100x280-Portofino-stripes-blue_8b83835c-e675-4729-a041-8aef17740cfd.jpg","type":"image\/jpeg"}],"schema":{"@context":"https:\/\/schema.org","@graph":[{"@type":"WebPage","@id":"https:\/\/dekornik.com\/pl\/produkt\/portofino-stripes-blue-wallpaper\/","url":"https:\/\/dekornik.com\/pl\/produkt\/portofino-stripes-blue-wallpaper\/","name":"Watercolour Horses Green Wallpaper | Art for Young Riders","isPartOf":{"@id":"https:\/\/dekornik.com\/pl\/#website"},"primaryImageOfPage":{"@id":"https:\/\/dekornik.com\/pl\/produkt\/portofino-stripes-blue-wallpaper\/#primaryimage"},"image":{"@id":"https:\/\/dekornik.com\/pl\/produkt\/portofino-stripes-blue-wallpaper\/#primaryimage"},"thumbnailUrl":"https:\/\/dekornik.com\/wp-content\/uploads\/2025\/10\/DEKO.TAP_.382_100x280-Portofino-stripes-blue_8b83835c-e675-4729-a041-8aef17740cfd.jpg","datePublished":"2025-10-02T11:20:48+00:00","dateModified":"2026-04-03T16:10:05+00:00","description":"Adorn your young rider's room with stunning Watercolour Horses Green Wallpaper. This artistic design is perfect for horse lovers & easy to install. Shop now!","breadcrumb":{"@id":"https:\/\/dekornik.com\/pl\/produkt\/portofino-stripes-blue-wallpaper\/#breadcrumb"},"inLanguage":"pl-PL","potentialAction":[{"@type":"ReadAction","target":["https:\/\/dekornik.com\/pl\/produkt\/portofino-stripes-blue-wallpaper\/"]}]},{"@type":"ImageObject","inLanguage":"pl-PL","@id":"https:\/\/dekornik.com\/pl\/produkt\/portofino-stripes-blue-wallpaper\/#primaryimage","url":"https:\/\/dekornik.com\/wp-content\/uploads\/2025\/10\/DEKO.TAP_.382_100x280-Portofino-stripes-blue_8b83835c-e675-4729-a041-8aef17740cfd.jpg","contentUrl":"https:\/\/dekornik.com\/wp-content\/uploads\/2025\/10\/DEKO.TAP_.382_100x280-Portofino-stripes-blue_8b83835c-e675-4729-a041-8aef17740cfd.jpg","width":1000,"height":1000,"caption":"Portofino Stripes Blue"},{"@type":"BreadcrumbList","@id":"https:\/\/dekornik.com\/pl\/produkt\/portofino-stripes-blue-wallpaper\/#breadcrumb","itemListElement":[{"@type":"ListItem","position":1,"name":"Home","item":"https:\/\/dekornik.com\/pl\/"},{"@type":"ListItem","position":2,"name":"Sklep","item":"https:\/\/dekornik.com\/pl\/sklep\/"},{"@type":"ListItem","position":3,"name":"Portofino Stripes Blue Tapeta"}]},{"@type":"WebSite","@id":"https:\/\/dekornik.com\/pl\/#website","url":"https:\/\/dekornik.com\/pl\/","name":"Dekornik","description":"Your little one will love it\\!","publisher":{"@id":"https:\/\/dekornik.com\/pl\/#organization"},"potentialAction":[{"@type":"SearchAction","target":{"@type":"EntryPoint","urlTemplate":"https:\/\/dekornik.com\/pl\/?s={search_term_string}"},"query-input":{"@type":"PropertyValueSpecification","valueRequired":true,"valueName":"search_term_string"}}],"inLanguage":"pl-PL"},{"@type":"Organization","@id":"https:\/\/dekornik.com\/pl\/#organization","name":"Dekornik sp. z o.o.","url":"https:\/\/dekornik.com\/pl\/","logo":{"@type":"ImageObject","inLanguage":"pl-PL","@id":"https:\/\/dekornik.com\/pl\/#\/schema\/logo\/image\/","url":"http:\/\/dekornik.com\/wp-content\/uploads\/2026\/01\/logo_dekornik-01-1.svg","contentUrl":"http:\/\/dekornik.com\/wp-content\/uploads\/2026\/01\/logo_dekornik-01-1.svg","width":"1024","height":"1024","caption":"Dekornik sp. z o.o."},"image":{"@id":"https:\/\/dekornik.com\/pl\/#\/schema\/logo\/image\/"},"sameAs":["https:\/\/www.facebook.com\/DEKORNIK\/","https:\/\/instagram.com\/dekornik","https:\/\/www.pinterest.com\/dekornikcom\/"]}]}},"_links":{"self":[{"href":"https:\/\/dekornik.com\/pl\/wp-json\/wp\/v2\/product\/8682","targetHints":{"allow":["GET"]}}],"collection":[{"href":"https:\/\/dekornik.com\/pl\/wp-json\/wp\/v2\/product"}],"about":[{"href":"https:\/\/dekornik.com\/pl\/wp-json\/wp\/v2\/types\/product"}],"replies":[{"embeddable":true,"href":"https:\/\/dekornik.com\/pl\/wp-json\/wp\/v2\/comments?post=8682"}],"wp:featuredmedia":[{"embeddable":true,"href":"https:\/\/dekornik.com\/pl\/wp-json\/wp\/v2\/media\/8683"}],"wp:attachment":[{"href":"https:\/\/dekornik.com\/pl\/wp-json\/wp\/v2\/media?parent=8682"}],"wp:term":[{"taxonomy":"product_brand","embeddable":true,"href":"https:\/\/dekornik.com\/pl\/wp-json\/wp\/v2\/product_brand?post=8682"},{"taxonomy":"product_cat","embeddable":true,"href":"https:\/\/dekornik.com\/pl\/wp-json\/wp\/v2\/product_cat?post=8682"},{"taxonomy":"product_tag","embeddable":true,"href":"https:\/\/dekornik.com\/pl\/wp-json\/wp\/v2\/product_tag?post=8682"}],"curies":[{"name":"wp","href":"https:\/\/api.w.org\/{rel}","templated":true}]}}