{"id":8666,"date":"2025-10-02T11:21:03","date_gmt":"2025-10-02T11:21:03","guid":{"rendered":"http:\/\/dekornik.com\/product\/hide-and-seek-rabbits-wallpaper\/"},"modified":"2026-04-02T19:56:39","modified_gmt":"2026-04-02T19:56:39","slug":"hide-and-seek-rabbits-wallpaper","status":"publish","type":"product","link":"https:\/\/dekornik.com\/pl\/produkt\/hide-and-seek-rabbits-wallpaper\/","title":{"rendered":"Hide and Seek Rabbits Tapeta"},"content":{"rendered":"<p>Nie znajdziecie dzi\u015b nic s\u0142odszego ni\u017c ta tapeta! Nasz hit \u2014 kr\u00f3liczki ukrywaj\u0105ce si\u0119 w g\u0105szczu peonii. Cudowny, kolorowy wz\u00f3r z du\u017cymi, ale nieprzyt\u0142aczaj\u0105cymi kwiatami w odcieniach musztardy, fuksji i ceg\u0142y na be\u017cowo-\u017c\u00f3\u0142tym tle.<\/p>\n<p>Wz\u00f3r jest niezwykle uniwersalny \u2014 pi\u0119knie prezentuje si\u0119 w pokoju niemowlaka, u 4\u20135-letniej dziewczynki, nastolatki, a nawet w sypialni rodzic\u00f3w, je\u015bli noworodek \u015bpi z Wami!<\/p>\n<p><strong>TECHNICZNIE:<\/strong><\/p>\n<p>Tapeta podzielona jest na pasy:<br \/>\n\u2022 Wysoko\u015b\u0107: 280 cm<br \/>\n\u2022 Szeroko\u015b\u0107: 100 cm<br \/>\n\u2022 Mamy tak\u017ce opcj\u0119 140 cm na wysoko\u015b\u0107, dla wszystkich, kt\u00f3rzy lubi\u0105 lamperi\u0119 i chc\u0105 tapet\u0119 jedynie od po\u0142owy \u015bciany.<\/p>\n<p>Cena dotyczy jednego pasa.<\/p>\n<p>Te pasy pasuj\u0105 do wi\u0119kszo\u015bci standardowych mieszka\u0144 \u2013 maj\u0105 dodatkowe 20 cm d\u0142ugo\u015bci, wi\u0119c bez problemu przytniesz je do wysoko\u015bci swojej \u015bciany.<\/p>\n<p>Zamawianie tapet w pasach jest szybkie i wygodne. Wystarczy zmierzy\u0107 \u015bcian\u0119 i dobra\u0107 odpowiedni\u0105 liczb\u0119 pas\u00f3w \u2013 bez skomplikowanych oblicze\u0144. Trudno tu o pomy\u0142k\u0119.<\/p>\n","protected":false},"excerpt":{"rendered":"<p>Kr\u00f3liczki ukryte w g\u0105szczu peonii \u2014 nasz absolutny hit! Kolorowy wz\u00f3r w odcieniach musztardy, fuksji i ceg\u0142y pasuje zar\u00f3wno do pokoju niemowlaka, jak i do sypialni rodzic\u00f3w. Uniwersalny i zachwycaj\u0105cy.<\/p>\n<p>Pi\u0119knie prezentuje si\u0119 na jednej \u015bcianie akcentowej lub w ca\u0142ym wn\u0119trzu.<\/p>\n<p>Drukowana na matowym papierze Dekornik \u2014 ekologicznym, grubym 190g\/m2, i bezpiecznym dla dzieci.<\/p>\n","protected":false},"featured_media":8667,"comment_status":"open","ping_status":"closed","template":"","meta":{"inline_featured_image":false},"product_brand":[],"product_cat":[403,401,404,399,392,398,237,395,384],"product_tag":[687,693,711,715,722,724,731,750,753,755],"class_list":{"0":"post-8666","1":"product","2":"type-product","3":"status-publish","4":"has-post-thumbnail","6":"product_cat-delikatny-pokoj-dzieciecy","7":"product_cat-dla-dziewczynek","8":"product_cat-kolorowy-pokoj-malucha","9":"product_cat-kroliki","10":"product_cat-kwiatowe","11":"product_cat-pastele","12":"product_cat-tapety","13":"product_cat-urocza-laka","14":"product_cat-zwierzeta","15":"product_tag-animal-friends-pl","16":"product_tag-bunny-love-pl","17":"product_tag-floral-bouquet-pl","18":"product_tag-hand-drawn-look-pl","19":"product_tag-meadow-story-pl","20":"product_tag-mini-florals-pl","21":"product_tag-nursery-calm-pl","22":"product_tag-starry-sparkle-pl","23":"product_tag-stripe-rhythm-pl","24":"product_tag-toddler-energy-pl","26":"first","27":"instock","28":"sale","29":"taxable","30":"shipping-taxable","31":"purchasable","32":"product-type-variable","33":"has-default-attributes"},"yoast_head":"<!-- This site is optimized with the Yoast SEO plugin v27.3 - https:\/\/yoast.com\/product\/yoast-seo-wordpress\/ -->\n<title>Old English Flowers Wallpaper | Girl&#039;s Room &amp; Nursery<\/title>\n<meta name=\"description\" content=\"Adorn your little girl&#039;s room with charming Old English Flowers Wallpaper. Delicate wild roses on a beige background create a cozy nursery. Shop our quality designs!\" \/>\n<meta name=\"robots\" content=\"index, follow, max-snippet:-1, max-image-preview:large, max-video-preview:-1\" \/>\n<link rel=\"canonical\" href=\"https:\/\/dekornik.com\/pl\/produkt\/hide-and-seek-rabbits-wallpaper\/\" \/>\n<meta property=\"og:locale\" content=\"pl_PL\" \/>\n<meta property=\"og:type\" content=\"article\" \/>\n<meta property=\"og:title\" content=\"Old English Flowers Wallpaper | Girl&#039;s Room &amp; Nursery\" \/>\n<meta property=\"og:description\" content=\"Adorn your little girl&#039;s room with charming Old English Flowers Wallpaper. Delicate wild roses on a beige background create a cozy nursery. Shop our quality designs!\" \/>\n<meta property=\"og:url\" content=\"https:\/\/dekornik.com\/pl\/produkt\/hide-and-seek-rabbits-wallpaper\/\" \/>\n<meta property=\"og:site_name\" content=\"Dekornik\" \/>\n<meta property=\"article:publisher\" content=\"https:\/\/www.facebook.com\/DEKORNIK\/\" \/>\n<meta property=\"article:modified_time\" content=\"2026-04-02T19:56:39+00:00\" \/>\n<meta property=\"og:image\" content=\"https:\/\/dekornik.com\/wp-content\/uploads\/2025\/10\/DEKO.TAP_.356_hide-and-seek-rabbits-walpaper_366f26a1-eb63-4ef0-845e-f18aa55aa80a.jpg\" \/>\n\t<meta property=\"og:image:width\" content=\"1000\" \/>\n\t<meta property=\"og:image:height\" content=\"1000\" \/>\n\t<meta property=\"og:image:type\" content=\"image\/jpeg\" \/>\n<script type=\"application\/ld+json\" class=\"yoast-schema-graph\">{\"@context\":\"https:\\\/\\\/schema.org\",\"@graph\":[{\"@type\":\"WebPage\",\"@id\":\"https:\\\/\\\/dekornik.com\\\/pl\\\/produkt\\\/hide-and-seek-rabbits-wallpaper\\\/\",\"url\":\"https:\\\/\\\/dekornik.com\\\/pl\\\/produkt\\\/hide-and-seek-rabbits-wallpaper\\\/\",\"name\":\"Old English Flowers Wallpaper | Girl's Room & Nursery\",\"isPartOf\":{\"@id\":\"https:\\\/\\\/dekornik.com\\\/pl\\\/#website\"},\"primaryImageOfPage\":{\"@id\":\"https:\\\/\\\/dekornik.com\\\/pl\\\/produkt\\\/hide-and-seek-rabbits-wallpaper\\\/#primaryimage\"},\"image\":{\"@id\":\"https:\\\/\\\/dekornik.com\\\/pl\\\/produkt\\\/hide-and-seek-rabbits-wallpaper\\\/#primaryimage\"},\"thumbnailUrl\":\"https:\\\/\\\/dekornik.com\\\/wp-content\\\/uploads\\\/2025\\\/10\\\/DEKO.TAP_.356_hide-and-seek-rabbits-walpaper_366f26a1-eb63-4ef0-845e-f18aa55aa80a.jpg\",\"datePublished\":\"2025-10-02T11:21:03+00:00\",\"dateModified\":\"2026-04-02T19:56:39+00:00\",\"description\":\"Adorn your little girl's room with charming Old English Flowers Wallpaper. Delicate wild roses on a beige background create a cozy nursery. Shop our quality designs!\",\"breadcrumb\":{\"@id\":\"https:\\\/\\\/dekornik.com\\\/pl\\\/produkt\\\/hide-and-seek-rabbits-wallpaper\\\/#breadcrumb\"},\"inLanguage\":\"pl-PL\",\"potentialAction\":[{\"@type\":\"ReadAction\",\"target\":[\"https:\\\/\\\/dekornik.com\\\/pl\\\/produkt\\\/hide-and-seek-rabbits-wallpaper\\\/\"]}]},{\"@type\":\"ImageObject\",\"inLanguage\":\"pl-PL\",\"@id\":\"https:\\\/\\\/dekornik.com\\\/pl\\\/produkt\\\/hide-and-seek-rabbits-wallpaper\\\/#primaryimage\",\"url\":\"https:\\\/\\\/dekornik.com\\\/wp-content\\\/uploads\\\/2025\\\/10\\\/DEKO.TAP_.356_hide-and-seek-rabbits-walpaper_366f26a1-eb63-4ef0-845e-f18aa55aa80a.jpg\",\"contentUrl\":\"https:\\\/\\\/dekornik.com\\\/wp-content\\\/uploads\\\/2025\\\/10\\\/DEKO.TAP_.356_hide-and-seek-rabbits-walpaper_366f26a1-eb63-4ef0-845e-f18aa55aa80a.jpg\",\"width\":1000,\"height\":1000,\"caption\":\"Hide and Seek Rabbits Wallpaper\"},{\"@type\":\"BreadcrumbList\",\"@id\":\"https:\\\/\\\/dekornik.com\\\/pl\\\/produkt\\\/hide-and-seek-rabbits-wallpaper\\\/#breadcrumb\",\"itemListElement\":[{\"@type\":\"ListItem\",\"position\":1,\"name\":\"Home\",\"item\":\"https:\\\/\\\/dekornik.com\\\/pl\\\/\"},{\"@type\":\"ListItem\",\"position\":2,\"name\":\"Sklep\",\"item\":\"https:\\\/\\\/dekornik.com\\\/pl\\\/sklep\\\/\"},{\"@type\":\"ListItem\",\"position\":3,\"name\":\"Hide and Seek Rabbits Tapeta\"}]},{\"@type\":\"WebSite\",\"@id\":\"https:\\\/\\\/dekornik.com\\\/pl\\\/#website\",\"url\":\"https:\\\/\\\/dekornik.com\\\/pl\\\/\",\"name\":\"Dekornik\",\"description\":\"Your little one will love it\\\\!\",\"publisher\":{\"@id\":\"https:\\\/\\\/dekornik.com\\\/pl\\\/#organization\"},\"potentialAction\":[{\"@type\":\"SearchAction\",\"target\":{\"@type\":\"EntryPoint\",\"urlTemplate\":\"https:\\\/\\\/dekornik.com\\\/pl\\\/?s={search_term_string}\"},\"query-input\":{\"@type\":\"PropertyValueSpecification\",\"valueRequired\":true,\"valueName\":\"search_term_string\"}}],\"inLanguage\":\"pl-PL\"},{\"@type\":\"Organization\",\"@id\":\"https:\\\/\\\/dekornik.com\\\/pl\\\/#organization\",\"name\":\"Dekornik sp. z o.o.\",\"url\":\"https:\\\/\\\/dekornik.com\\\/pl\\\/\",\"logo\":{\"@type\":\"ImageObject\",\"inLanguage\":\"pl-PL\",\"@id\":\"https:\\\/\\\/dekornik.com\\\/pl\\\/#\\\/schema\\\/logo\\\/image\\\/\",\"url\":\"http:\\\/\\\/dekornik.com\\\/wp-content\\\/uploads\\\/2026\\\/01\\\/logo_dekornik-01-1.svg\",\"contentUrl\":\"http:\\\/\\\/dekornik.com\\\/wp-content\\\/uploads\\\/2026\\\/01\\\/logo_dekornik-01-1.svg\",\"width\":\"1024\",\"height\":\"1024\",\"caption\":\"Dekornik sp. z o.o.\"},\"image\":{\"@id\":\"https:\\\/\\\/dekornik.com\\\/pl\\\/#\\\/schema\\\/logo\\\/image\\\/\"},\"sameAs\":[\"https:\\\/\\\/www.facebook.com\\\/DEKORNIK\\\/\",\"https:\\\/\\\/instagram.com\\\/dekornik\",\"https:\\\/\\\/www.pinterest.com\\\/dekornikcom\\\/\"]}]}<\/script>\n<!-- \/ Yoast SEO plugin. -->","yoast_head_json":{"title":"Old English Flowers Wallpaper | Girl's Room & Nursery","description":"Adorn your little girl's room with charming Old English Flowers Wallpaper. Delicate wild roses on a beige background create a cozy nursery. Shop our quality designs!","robots":{"index":"index","follow":"follow","max-snippet":"max-snippet:-1","max-image-preview":"max-image-preview:large","max-video-preview":"max-video-preview:-1"},"canonical":"https:\/\/dekornik.com\/pl\/produkt\/hide-and-seek-rabbits-wallpaper\/","og_locale":"pl_PL","og_type":"article","og_title":"Old English Flowers Wallpaper | Girl's Room & Nursery","og_description":"Adorn your little girl's room with charming Old English Flowers Wallpaper. Delicate wild roses on a beige background create a cozy nursery. Shop our quality designs!","og_url":"https:\/\/dekornik.com\/pl\/produkt\/hide-and-seek-rabbits-wallpaper\/","og_site_name":"Dekornik","article_publisher":"https:\/\/www.facebook.com\/DEKORNIK\/","article_modified_time":"2026-04-02T19:56:39+00:00","og_image":[{"width":1000,"height":1000,"url":"https:\/\/dekornik.com\/wp-content\/uploads\/2025\/10\/DEKO.TAP_.356_hide-and-seek-rabbits-walpaper_366f26a1-eb63-4ef0-845e-f18aa55aa80a.jpg","type":"image\/jpeg"}],"schema":{"@context":"https:\/\/schema.org","@graph":[{"@type":"WebPage","@id":"https:\/\/dekornik.com\/pl\/produkt\/hide-and-seek-rabbits-wallpaper\/","url":"https:\/\/dekornik.com\/pl\/produkt\/hide-and-seek-rabbits-wallpaper\/","name":"Old English Flowers Wallpaper | Girl's Room & Nursery","isPartOf":{"@id":"https:\/\/dekornik.com\/pl\/#website"},"primaryImageOfPage":{"@id":"https:\/\/dekornik.com\/pl\/produkt\/hide-and-seek-rabbits-wallpaper\/#primaryimage"},"image":{"@id":"https:\/\/dekornik.com\/pl\/produkt\/hide-and-seek-rabbits-wallpaper\/#primaryimage"},"thumbnailUrl":"https:\/\/dekornik.com\/wp-content\/uploads\/2025\/10\/DEKO.TAP_.356_hide-and-seek-rabbits-walpaper_366f26a1-eb63-4ef0-845e-f18aa55aa80a.jpg","datePublished":"2025-10-02T11:21:03+00:00","dateModified":"2026-04-02T19:56:39+00:00","description":"Adorn your little girl's room with charming Old English Flowers Wallpaper. Delicate wild roses on a beige background create a cozy nursery. Shop our quality designs!","breadcrumb":{"@id":"https:\/\/dekornik.com\/pl\/produkt\/hide-and-seek-rabbits-wallpaper\/#breadcrumb"},"inLanguage":"pl-PL","potentialAction":[{"@type":"ReadAction","target":["https:\/\/dekornik.com\/pl\/produkt\/hide-and-seek-rabbits-wallpaper\/"]}]},{"@type":"ImageObject","inLanguage":"pl-PL","@id":"https:\/\/dekornik.com\/pl\/produkt\/hide-and-seek-rabbits-wallpaper\/#primaryimage","url":"https:\/\/dekornik.com\/wp-content\/uploads\/2025\/10\/DEKO.TAP_.356_hide-and-seek-rabbits-walpaper_366f26a1-eb63-4ef0-845e-f18aa55aa80a.jpg","contentUrl":"https:\/\/dekornik.com\/wp-content\/uploads\/2025\/10\/DEKO.TAP_.356_hide-and-seek-rabbits-walpaper_366f26a1-eb63-4ef0-845e-f18aa55aa80a.jpg","width":1000,"height":1000,"caption":"Hide and Seek Rabbits Wallpaper"},{"@type":"BreadcrumbList","@id":"https:\/\/dekornik.com\/pl\/produkt\/hide-and-seek-rabbits-wallpaper\/#breadcrumb","itemListElement":[{"@type":"ListItem","position":1,"name":"Home","item":"https:\/\/dekornik.com\/pl\/"},{"@type":"ListItem","position":2,"name":"Sklep","item":"https:\/\/dekornik.com\/pl\/sklep\/"},{"@type":"ListItem","position":3,"name":"Hide and Seek Rabbits Tapeta"}]},{"@type":"WebSite","@id":"https:\/\/dekornik.com\/pl\/#website","url":"https:\/\/dekornik.com\/pl\/","name":"Dekornik","description":"Your little one will love it\\!","publisher":{"@id":"https:\/\/dekornik.com\/pl\/#organization"},"potentialAction":[{"@type":"SearchAction","target":{"@type":"EntryPoint","urlTemplate":"https:\/\/dekornik.com\/pl\/?s={search_term_string}"},"query-input":{"@type":"PropertyValueSpecification","valueRequired":true,"valueName":"search_term_string"}}],"inLanguage":"pl-PL"},{"@type":"Organization","@id":"https:\/\/dekornik.com\/pl\/#organization","name":"Dekornik sp. z o.o.","url":"https:\/\/dekornik.com\/pl\/","logo":{"@type":"ImageObject","inLanguage":"pl-PL","@id":"https:\/\/dekornik.com\/pl\/#\/schema\/logo\/image\/","url":"http:\/\/dekornik.com\/wp-content\/uploads\/2026\/01\/logo_dekornik-01-1.svg","contentUrl":"http:\/\/dekornik.com\/wp-content\/uploads\/2026\/01\/logo_dekornik-01-1.svg","width":"1024","height":"1024","caption":"Dekornik sp. z o.o."},"image":{"@id":"https:\/\/dekornik.com\/pl\/#\/schema\/logo\/image\/"},"sameAs":["https:\/\/www.facebook.com\/DEKORNIK\/","https:\/\/instagram.com\/dekornik","https:\/\/www.pinterest.com\/dekornikcom\/"]}]}},"_links":{"self":[{"href":"https:\/\/dekornik.com\/pl\/wp-json\/wp\/v2\/product\/8666","targetHints":{"allow":["GET"]}}],"collection":[{"href":"https:\/\/dekornik.com\/pl\/wp-json\/wp\/v2\/product"}],"about":[{"href":"https:\/\/dekornik.com\/pl\/wp-json\/wp\/v2\/types\/product"}],"replies":[{"embeddable":true,"href":"https:\/\/dekornik.com\/pl\/wp-json\/wp\/v2\/comments?post=8666"}],"wp:featuredmedia":[{"embeddable":true,"href":"https:\/\/dekornik.com\/pl\/wp-json\/wp\/v2\/media\/8667"}],"wp:attachment":[{"href":"https:\/\/dekornik.com\/pl\/wp-json\/wp\/v2\/media?parent=8666"}],"wp:term":[{"taxonomy":"product_brand","embeddable":true,"href":"https:\/\/dekornik.com\/pl\/wp-json\/wp\/v2\/product_brand?post=8666"},{"taxonomy":"product_cat","embeddable":true,"href":"https:\/\/dekornik.com\/pl\/wp-json\/wp\/v2\/product_cat?post=8666"},{"taxonomy":"product_tag","embeddable":true,"href":"https:\/\/dekornik.com\/pl\/wp-json\/wp\/v2\/product_tag?post=8666"}],"curies":[{"name":"wp","href":"https:\/\/api.w.org\/{rel}","templated":true}]}}