{"id":8658,"date":"2025-10-02T11:21:06","date_gmt":"2025-10-02T11:21:06","guid":{"rendered":"http:\/\/dekornik.com\/product\/happy-dino-wonderland-set\/"},"modified":"2026-04-08T16:38:56","modified_gmt":"2026-04-08T16:38:56","slug":"happy-dino-wonderland-zestaw-naklejek","status":"publish","type":"product","link":"https:\/\/dekornik.com\/pl\/produkt\/happy-dino-wonderland-zestaw-naklejek\/","title":{"rendered":"Happy Dino Wonderland zestaw naklejek"},"content":{"rendered":"<p>Czekali\u015bmy na te dinozaury naprawd\u0119 d\u0142ugo! W ko\u0144cu na Instagramie trafili\u015bmy na Ew\u0119 M\u0105k\u0119 \u2013 ilustratork\u0119, kt\u00f3rej prace od razu nas zachwyci\u0142y. Bez wahania zaprosili\u015bmy j\u0105 do stworzenia zestawu Happy Dino Wonderland. Dinozaury wysz\u0142y absolutnie urocze \u2013 pastelowe, delikatne, ale nie infantylne, dzi\u0119ki czemu tworz\u0105 idealnie wywa\u017cony styl.<\/p>\n<p>A dla rodzic\u00f3w ma\u0142a \u015bci\u0105gawka (bo dzieci zazwyczaj znaj\u0105 je doskonale!):<\/p>\n<ul>\n<li>stegozaur \u2013 z charakterystycznymi p\u0142ytkami na grzbiecie<\/li>\n<li>parazaulof \u2013 z grzebieniem na g\u0142owie<\/li>\n<li>pterozaur \u2013 ten lataj\u0105cy<\/li>\n<li>triceratops \u2013 z trzema rogami<\/li>\n<li>diplodok \u2013 z d\u0142ug\u0105 szyj\u0105<\/li>\n<li>tyranozaur Rex \u2013 tego nikomu nie trzeba przedstawia\u0107<\/li>\n<\/ul>\n<p>\u017byczymy wspania\u0142ej zabawy z naszymi dinozaurowymi naklejkami!<\/p>\n<p><strong>INFORMACJE TECHNICZNE:<\/strong><\/p>\n<p>Dinozaury dost\u0119pne s\u0105 w dw\u00f3ch rozmiarach:<\/p>\n<p><strong>Szablon S: 70 \u00d7 70 cm<\/strong><br \/>\u2013 dinozaury: od 17 cm do 28 cm<br \/>Idealne jako subtelna dekoracja nad \u0142\u00f3\u017ceczkiem lub biurkiem.<\/p>\n<p><strong>Szablon L: 100 \u00d7 100 cm<\/strong><br \/>\u2013 dinozaury: od 25 cm do 40 cm<br \/>\u015awietnie sprawdz\u0105 si\u0119 jako efektowna dekoracja wi\u0119kszej powierzchni, nawet ca\u0142ej \u015bciany.<\/p>\n<p>Materia\u0142 posiada mocny klej na bazie akrylu oraz funkcj\u0119 block-out, dzi\u0119ki kt\u00f3rej kolor \u015bciany nie prze\u015bwituje przez naklejk\u0119.<\/p>\n<p>Powierzchnia naklejki ma delikatn\u0105, niemal niewyczuwaln\u0105 struktur\u0119, kt\u00f3ra zapewnia doskona\u0142e odwzorowanie kolor\u00f3w \u2013 dzi\u0119ki temu ilustracje wygl\u0105daj\u0105 wyj\u0105tkowo \u017cywo i naturalnie.<\/p>\n<p>Materia\u0142 jest bardzo \u0142atwy w aplikacji \u2013 klej dobrze trzyma, ale nie jest zbyt agresywny, co pozwala na spokojne dopasowanie naklejki podczas przyklejania. Delikatna struktura sprawia, \u017ce powierzchni\u0119 mo\u017cna zarysowa\u0107, cho\u0107 nie jest to takie \u0142atwe. \ud83d\ude42<\/p>\n<p>&nbsp;<\/p>\n<p>Naklejki nie posiadaj\u0105 tak\u017ce tzw. folii transportowej, kt\u00f3ra do tej pory by\u0142a standardem w produkcji. Dzi\u0119ki \u0142atwo\u015bci aplikacji naszego materia\u0142u mo\u017cna pomin\u0105\u0107 ten dodatkowy, cz\u0119sto zb\u0119dny etap.<\/p>\n<p>Uwaga: przed przyklejeniem naklejki nale\u017cy odpowiednio przygotowa\u0107 \u015bcian\u0119 \u2013 powinna by\u0107 dok\u0142adnie oczyszczona z kurzu i t\u0142uszczu. Naklejki mo\u017cna aplikowa\u0107 dopiero po oko\u0142o 20 dniach od ostatniego malowania.<\/p>\n","protected":false},"excerpt":{"rendered":"<p>Happy Dino Wonderland to naklejki \u015bcienne stworzone z my\u015bl\u0105 o spokojnym, ale pe\u0142nym rado\u015bci wn\u0119trzu dzieci\u0119cym. Przyjazne, niegro\u017ane dinozaury wprowadzaj\u0105 do pokoju zabawny klimat i szybko staj\u0105 si\u0119 ulubion\u0105 ozdob\u0105 ka\u017cdej dzieci\u0119cej przestrzeni \u2013 szczeg\u00f3lnie w pokoju zabaw!<\/p>\n<p>To szybki spos\u00f3b na dekoracj\u0119 bez decyzji o tapecie \u2014 idealny do mieszka\u0144 wynajmowanych i szybkich metamorfoz. \u0141atwo \u0142\u0105cz\u0105 si\u0119 z g\u0142adkimi tekstyliami i meblami z naturalnego drewna. Drukowane na specjalnym, tkanym materiale poliestrowym przeznaczonym do dekoracji \u015bcian (sprawdzona baza naklejek Dekornik!).<\/p>\n","protected":false},"featured_media":8659,"comment_status":"open","ping_status":"closed","template":"","meta":{"inline_featured_image":false},"product_brand":[],"product_cat":[785,287],"product_tag":[701,705,707,735,738,743,746],"class_list":{"0":"post-8658","1":"product","2":"type-product","3":"status-publish","4":"has-post-thumbnail","6":"product_cat-naklejki","7":"product_cat-naklejki-scienne","8":"product_tag-corner-framing-pl","9":"product_tag-dinosaur-world-pl","10":"product_tag-easy-diy-refresh-pl","11":"product_tag-pairs-with-wall-decals-pl","12":"product_tag-photo-ready-backdrop-pl","13":"product_tag-rental-friendly-idea-pl","14":"product_tag-simple-styling-pl","16":"first","17":"instock","18":"sale","19":"taxable","20":"shipping-taxable","21":"purchasable","22":"product-type-variable"},"yoast_head":"<!-- This site is optimized with the Yoast SEO plugin v27.3 - https:\/\/yoast.com\/product\/yoast-seo-wordpress\/ -->\n<title>Happy Dino Wonderland zestaw naklejek - Dekornik<\/title>\n<meta name=\"robots\" content=\"index, follow, max-snippet:-1, max-image-preview:large, max-video-preview:-1\" \/>\n<link rel=\"canonical\" href=\"https:\/\/dekornik.com\/pl\/produkt\/happy-dino-wonderland-zestaw-naklejek\/\" \/>\n<meta property=\"og:locale\" content=\"pl_PL\" \/>\n<meta property=\"og:type\" content=\"article\" \/>\n<meta property=\"og:title\" content=\"Happy Dino Wonderland zestaw naklejek - Dekornik\" \/>\n<meta property=\"og:description\" content=\"Happy Dino Wonderland to naklejki \u015bcienne stworzone z my\u015bl\u0105 o spokojnym, ale pe\u0142nym rado\u015bci wn\u0119trzu dzieci\u0119cym. Przyjazne, niegro\u017ane dinozaury wprowadzaj\u0105 do pokoju zabawny klimat i szybko staj\u0105 si\u0119 ulubion\u0105 ozdob\u0105 ka\u017cdej dzieci\u0119cej przestrzeni \u2013 szczeg\u00f3lnie w pokoju zabaw!To szybki spos\u00f3b na dekoracj\u0119 bez decyzji o tapecie \u2014 idealny do mieszka\u0144 wynajmowanych i szybkich metamorfoz. \u0141atwo \u0142\u0105cz\u0105 si\u0119 z g\u0142adkimi tekstyliami i meblami z naturalnego drewna. Drukowane na specjalnym, tkanym materiale poliestrowym przeznaczonym do dekoracji \u015bcian (sprawdzona baza naklejek Dekornik!).\" \/>\n<meta property=\"og:url\" content=\"https:\/\/dekornik.com\/pl\/produkt\/happy-dino-wonderland-zestaw-naklejek\/\" \/>\n<meta property=\"og:site_name\" content=\"Dekornik\" \/>\n<meta property=\"article:publisher\" content=\"https:\/\/www.facebook.com\/DEKORNIK\/\" \/>\n<meta property=\"article:modified_time\" content=\"2026-04-08T16:38:56+00:00\" \/>\n<meta property=\"og:image\" content=\"https:\/\/dekornik.com\/wp-content\/uploads\/2025\/10\/dekornik_happy_dino_1.jpg\" \/>\n\t<meta property=\"og:image:width\" content=\"1200\" \/>\n\t<meta property=\"og:image:height\" content=\"1200\" \/>\n\t<meta property=\"og:image:type\" content=\"image\/jpeg\" \/>\n<script type=\"application\/ld+json\" class=\"yoast-schema-graph\">{\"@context\":\"https:\\\/\\\/schema.org\",\"@graph\":[{\"@type\":\"WebPage\",\"@id\":\"https:\\\/\\\/dekornik.com\\\/pl\\\/produkt\\\/happy-dino-wonderland-zestaw-naklejek\\\/\",\"url\":\"https:\\\/\\\/dekornik.com\\\/pl\\\/produkt\\\/happy-dino-wonderland-zestaw-naklejek\\\/\",\"name\":\"Happy Dino Wonderland zestaw naklejek - Dekornik\",\"isPartOf\":{\"@id\":\"https:\\\/\\\/dekornik.com\\\/pl\\\/#website\"},\"primaryImageOfPage\":{\"@id\":\"https:\\\/\\\/dekornik.com\\\/pl\\\/produkt\\\/happy-dino-wonderland-zestaw-naklejek\\\/#primaryimage\"},\"image\":{\"@id\":\"https:\\\/\\\/dekornik.com\\\/pl\\\/produkt\\\/happy-dino-wonderland-zestaw-naklejek\\\/#primaryimage\"},\"thumbnailUrl\":\"https:\\\/\\\/dekornik.com\\\/wp-content\\\/uploads\\\/2025\\\/10\\\/dekornik_happy_dino_1.jpg\",\"datePublished\":\"2025-10-02T11:21:06+00:00\",\"dateModified\":\"2026-04-08T16:38:56+00:00\",\"breadcrumb\":{\"@id\":\"https:\\\/\\\/dekornik.com\\\/pl\\\/produkt\\\/happy-dino-wonderland-zestaw-naklejek\\\/#breadcrumb\"},\"inLanguage\":\"pl-PL\",\"potentialAction\":[{\"@type\":\"ReadAction\",\"target\":[\"https:\\\/\\\/dekornik.com\\\/pl\\\/produkt\\\/happy-dino-wonderland-zestaw-naklejek\\\/\"]}]},{\"@type\":\"ImageObject\",\"inLanguage\":\"pl-PL\",\"@id\":\"https:\\\/\\\/dekornik.com\\\/pl\\\/produkt\\\/happy-dino-wonderland-zestaw-naklejek\\\/#primaryimage\",\"url\":\"https:\\\/\\\/dekornik.com\\\/wp-content\\\/uploads\\\/2025\\\/10\\\/dekornik_happy_dino_1.jpg\",\"contentUrl\":\"https:\\\/\\\/dekornik.com\\\/wp-content\\\/uploads\\\/2025\\\/10\\\/dekornik_happy_dino_1.jpg\",\"width\":1200,\"height\":1200},{\"@type\":\"BreadcrumbList\",\"@id\":\"https:\\\/\\\/dekornik.com\\\/pl\\\/produkt\\\/happy-dino-wonderland-zestaw-naklejek\\\/#breadcrumb\",\"itemListElement\":[{\"@type\":\"ListItem\",\"position\":1,\"name\":\"Home\",\"item\":\"https:\\\/\\\/dekornik.com\\\/pl\\\/\"},{\"@type\":\"ListItem\",\"position\":2,\"name\":\"Sklep\",\"item\":\"https:\\\/\\\/dekornik.com\\\/pl\\\/sklep\\\/\"},{\"@type\":\"ListItem\",\"position\":3,\"name\":\"Happy Dino Wonderland zestaw naklejek\"}]},{\"@type\":\"WebSite\",\"@id\":\"https:\\\/\\\/dekornik.com\\\/pl\\\/#website\",\"url\":\"https:\\\/\\\/dekornik.com\\\/pl\\\/\",\"name\":\"Dekornik\",\"description\":\"Your little one will love it\\\\!\",\"publisher\":{\"@id\":\"https:\\\/\\\/dekornik.com\\\/pl\\\/#organization\"},\"potentialAction\":[{\"@type\":\"SearchAction\",\"target\":{\"@type\":\"EntryPoint\",\"urlTemplate\":\"https:\\\/\\\/dekornik.com\\\/pl\\\/?s={search_term_string}\"},\"query-input\":{\"@type\":\"PropertyValueSpecification\",\"valueRequired\":true,\"valueName\":\"search_term_string\"}}],\"inLanguage\":\"pl-PL\"},{\"@type\":\"Organization\",\"@id\":\"https:\\\/\\\/dekornik.com\\\/pl\\\/#organization\",\"name\":\"Dekornik sp. z o.o.\",\"url\":\"https:\\\/\\\/dekornik.com\\\/pl\\\/\",\"logo\":{\"@type\":\"ImageObject\",\"inLanguage\":\"pl-PL\",\"@id\":\"https:\\\/\\\/dekornik.com\\\/pl\\\/#\\\/schema\\\/logo\\\/image\\\/\",\"url\":\"http:\\\/\\\/dekornik.com\\\/wp-content\\\/uploads\\\/2026\\\/01\\\/logo_dekornik-01-1.svg\",\"contentUrl\":\"http:\\\/\\\/dekornik.com\\\/wp-content\\\/uploads\\\/2026\\\/01\\\/logo_dekornik-01-1.svg\",\"width\":\"1024\",\"height\":\"1024\",\"caption\":\"Dekornik sp. z o.o.\"},\"image\":{\"@id\":\"https:\\\/\\\/dekornik.com\\\/pl\\\/#\\\/schema\\\/logo\\\/image\\\/\"},\"sameAs\":[\"https:\\\/\\\/www.facebook.com\\\/DEKORNIK\\\/\",\"https:\\\/\\\/instagram.com\\\/dekornik\",\"https:\\\/\\\/www.pinterest.com\\\/dekornikcom\\\/\"]}]}<\/script>\n<!-- \/ Yoast SEO plugin. -->","yoast_head_json":{"title":"Happy Dino Wonderland zestaw naklejek - Dekornik","robots":{"index":"index","follow":"follow","max-snippet":"max-snippet:-1","max-image-preview":"max-image-preview:large","max-video-preview":"max-video-preview:-1"},"canonical":"https:\/\/dekornik.com\/pl\/produkt\/happy-dino-wonderland-zestaw-naklejek\/","og_locale":"pl_PL","og_type":"article","og_title":"Happy Dino Wonderland zestaw naklejek - Dekornik","og_description":"Happy Dino Wonderland to naklejki \u015bcienne stworzone z my\u015bl\u0105 o spokojnym, ale pe\u0142nym rado\u015bci wn\u0119trzu dzieci\u0119cym. Przyjazne, niegro\u017ane dinozaury wprowadzaj\u0105 do pokoju zabawny klimat i szybko staj\u0105 si\u0119 ulubion\u0105 ozdob\u0105 ka\u017cdej dzieci\u0119cej przestrzeni \u2013 szczeg\u00f3lnie w pokoju zabaw!To szybki spos\u00f3b na dekoracj\u0119 bez decyzji o tapecie \u2014 idealny do mieszka\u0144 wynajmowanych i szybkich metamorfoz. \u0141atwo \u0142\u0105cz\u0105 si\u0119 z g\u0142adkimi tekstyliami i meblami z naturalnego drewna. Drukowane na specjalnym, tkanym materiale poliestrowym przeznaczonym do dekoracji \u015bcian (sprawdzona baza naklejek Dekornik!).","og_url":"https:\/\/dekornik.com\/pl\/produkt\/happy-dino-wonderland-zestaw-naklejek\/","og_site_name":"Dekornik","article_publisher":"https:\/\/www.facebook.com\/DEKORNIK\/","article_modified_time":"2026-04-08T16:38:56+00:00","og_image":[{"width":1200,"height":1200,"url":"https:\/\/dekornik.com\/wp-content\/uploads\/2025\/10\/dekornik_happy_dino_1.jpg","type":"image\/jpeg"}],"schema":{"@context":"https:\/\/schema.org","@graph":[{"@type":"WebPage","@id":"https:\/\/dekornik.com\/pl\/produkt\/happy-dino-wonderland-zestaw-naklejek\/","url":"https:\/\/dekornik.com\/pl\/produkt\/happy-dino-wonderland-zestaw-naklejek\/","name":"Happy Dino Wonderland zestaw naklejek - Dekornik","isPartOf":{"@id":"https:\/\/dekornik.com\/pl\/#website"},"primaryImageOfPage":{"@id":"https:\/\/dekornik.com\/pl\/produkt\/happy-dino-wonderland-zestaw-naklejek\/#primaryimage"},"image":{"@id":"https:\/\/dekornik.com\/pl\/produkt\/happy-dino-wonderland-zestaw-naklejek\/#primaryimage"},"thumbnailUrl":"https:\/\/dekornik.com\/wp-content\/uploads\/2025\/10\/dekornik_happy_dino_1.jpg","datePublished":"2025-10-02T11:21:06+00:00","dateModified":"2026-04-08T16:38:56+00:00","breadcrumb":{"@id":"https:\/\/dekornik.com\/pl\/produkt\/happy-dino-wonderland-zestaw-naklejek\/#breadcrumb"},"inLanguage":"pl-PL","potentialAction":[{"@type":"ReadAction","target":["https:\/\/dekornik.com\/pl\/produkt\/happy-dino-wonderland-zestaw-naklejek\/"]}]},{"@type":"ImageObject","inLanguage":"pl-PL","@id":"https:\/\/dekornik.com\/pl\/produkt\/happy-dino-wonderland-zestaw-naklejek\/#primaryimage","url":"https:\/\/dekornik.com\/wp-content\/uploads\/2025\/10\/dekornik_happy_dino_1.jpg","contentUrl":"https:\/\/dekornik.com\/wp-content\/uploads\/2025\/10\/dekornik_happy_dino_1.jpg","width":1200,"height":1200},{"@type":"BreadcrumbList","@id":"https:\/\/dekornik.com\/pl\/produkt\/happy-dino-wonderland-zestaw-naklejek\/#breadcrumb","itemListElement":[{"@type":"ListItem","position":1,"name":"Home","item":"https:\/\/dekornik.com\/pl\/"},{"@type":"ListItem","position":2,"name":"Sklep","item":"https:\/\/dekornik.com\/pl\/sklep\/"},{"@type":"ListItem","position":3,"name":"Happy Dino Wonderland zestaw naklejek"}]},{"@type":"WebSite","@id":"https:\/\/dekornik.com\/pl\/#website","url":"https:\/\/dekornik.com\/pl\/","name":"Dekornik","description":"Your little one will love it\\!","publisher":{"@id":"https:\/\/dekornik.com\/pl\/#organization"},"potentialAction":[{"@type":"SearchAction","target":{"@type":"EntryPoint","urlTemplate":"https:\/\/dekornik.com\/pl\/?s={search_term_string}"},"query-input":{"@type":"PropertyValueSpecification","valueRequired":true,"valueName":"search_term_string"}}],"inLanguage":"pl-PL"},{"@type":"Organization","@id":"https:\/\/dekornik.com\/pl\/#organization","name":"Dekornik sp. z o.o.","url":"https:\/\/dekornik.com\/pl\/","logo":{"@type":"ImageObject","inLanguage":"pl-PL","@id":"https:\/\/dekornik.com\/pl\/#\/schema\/logo\/image\/","url":"http:\/\/dekornik.com\/wp-content\/uploads\/2026\/01\/logo_dekornik-01-1.svg","contentUrl":"http:\/\/dekornik.com\/wp-content\/uploads\/2026\/01\/logo_dekornik-01-1.svg","width":"1024","height":"1024","caption":"Dekornik sp. z o.o."},"image":{"@id":"https:\/\/dekornik.com\/pl\/#\/schema\/logo\/image\/"},"sameAs":["https:\/\/www.facebook.com\/DEKORNIK\/","https:\/\/instagram.com\/dekornik","https:\/\/www.pinterest.com\/dekornikcom\/"]}]}},"_links":{"self":[{"href":"https:\/\/dekornik.com\/pl\/wp-json\/wp\/v2\/product\/8658","targetHints":{"allow":["GET"]}}],"collection":[{"href":"https:\/\/dekornik.com\/pl\/wp-json\/wp\/v2\/product"}],"about":[{"href":"https:\/\/dekornik.com\/pl\/wp-json\/wp\/v2\/types\/product"}],"replies":[{"embeddable":true,"href":"https:\/\/dekornik.com\/pl\/wp-json\/wp\/v2\/comments?post=8658"}],"wp:featuredmedia":[{"embeddable":true,"href":"https:\/\/dekornik.com\/pl\/wp-json\/wp\/v2\/media\/8659"}],"wp:attachment":[{"href":"https:\/\/dekornik.com\/pl\/wp-json\/wp\/v2\/media?parent=8658"}],"wp:term":[{"taxonomy":"product_brand","embeddable":true,"href":"https:\/\/dekornik.com\/pl\/wp-json\/wp\/v2\/product_brand?post=8658"},{"taxonomy":"product_cat","embeddable":true,"href":"https:\/\/dekornik.com\/pl\/wp-json\/wp\/v2\/product_cat?post=8658"},{"taxonomy":"product_tag","embeddable":true,"href":"https:\/\/dekornik.com\/pl\/wp-json\/wp\/v2\/product_tag?post=8658"}],"curies":[{"name":"wp","href":"https:\/\/api.w.org\/{rel}","templated":true}]}}