{"id":8627,"date":"2025-10-02T11:21:31","date_gmt":"2025-10-02T11:21:31","guid":{"rendered":"http:\/\/dekornik.com\/product\/provence-check-beige-blue-big-wallpaper\/"},"modified":"2026-04-03T19:29:08","modified_gmt":"2026-04-03T19:29:08","slug":"provence-check-beige-blue-big-wallpaper","status":"publish","type":"product","link":"https:\/\/dekornik.com\/pl\/produkt\/provence-check-beige-blue-big-wallpaper\/","title":{"rendered":"Provence Check Beige Blue Big Tapeta"},"content":{"rendered":"<p>Du\u017ca be\u017cowo-niebieska kratka (25 cm) z pasami w kolorach: be\u017c, bia\u0142y, niebieski, bia\u0142y. Jasna, subtelna i elegancka \u2014 klasyka w najlepszym wydaniu. Przywodzi na my\u015bl urok francuskich dom\u00f3w w Prowansji!<\/p>\n<p><strong>TECHNICZNIE:<\/strong><\/p>\n<p>Tapeta podzielona jest na pasy:<br \/>\n\u2022 Wysoko\u015b\u0107: 280 cm<br \/>\n\u2022 Szeroko\u015b\u0107: 100 cm<\/p>\n<p>Cena dotyczy jednego pasa.<\/p>\n<p>Te pasy pasuj\u0105 do wi\u0119kszo\u015bci standardowych mieszka\u0144 \u2013 maj\u0105 dodatkowe 20 cm d\u0142ugo\u015bci, wi\u0119c bez problemu przytniesz je do wysoko\u015bci swojej \u015bciany.<\/p>\n<p>Zamawianie tapet w pasach jest szybkie i wygodne. Wystarczy zmierzy\u0107 \u015bcian\u0119 i dobra\u0107 odpowiedni\u0105 liczb\u0119 pas\u00f3w \u2013 bez skomplikowanych oblicze\u0144. Trudno tu o pomy\u0142k\u0119.<\/p>\n<p>Dodatkowo powtarzalny wz\u00f3r \u2013 identyczny na ka\u017cdym pasie \u2013 u\u0142atwia precyzyjne \u0142\u0105czenie od sufitu, dzi\u0119ki czemu materia\u0142 wykorzystujesz niemal w ca\u0142o\u015bci i niewiele si\u0119 marnuje!<\/p>\n","protected":false},"excerpt":{"rendered":"<p>Du\u017ca be\u017cowo-niebieska kratka (pasy 25 cm) \u2014 szlachetna, klasyczna i subtelna. Przywodzi na my\u015bl francuskie domy w Prowansji, idealnie komponuje si\u0119 z pastelami i naturalnymi meblami!<\/p>\n<p>\u015awietnie sprawdza si\u0119 na jednej \u015bcianie akcentowej lub w ca\u0142ym pokoju.<\/p>\n<p>Drukowana na matowym papierze Dekornik \u2014 ekologicznym, grubym 190g\/m2, i bezpiecznym dla dzieci.<\/p>\n","protected":false},"featured_media":8628,"comment_status":"open","ping_status":"closed","template":"","meta":{"inline_featured_image":false},"product_brand":[],"product_cat":[387,397,398,402,403,405,237],"product_tag":[696,714,725,727,731,748,749,750,753,754],"class_list":{"0":"post-8627","1":"product","2":"type-product","3":"status-publish","4":"has-post-thumbnail","6":"product_cat-kratka","7":"product_cat-minimalistyczne","8":"product_cat-pastele","9":"product_cat-dla-chlopcow","10":"product_cat-delikatny-pokoj-dzieciecy","11":"product_cat-dla-rodzicow","12":"product_cat-tapety","13":"product_tag-classic-check-pl","14":"product_tag-graphic-clean-pl","15":"product_tag-minimal-mood-pl","16":"product_tag-modern-classic-pl","17":"product_tag-nursery-calm-pl","18":"product_tag-soft-grid-pl","19":"product_tag-space-adventure-pl","20":"product_tag-starry-sparkle-pl","21":"product_tag-stripe-rhythm-pl","22":"product_tag-tiny-hearts-pl","24":"first","25":"instock","26":"sale","27":"taxable","28":"shipping-taxable","29":"purchasable","30":"product-type-variable"},"yoast_head":"<!-- This site is optimized with the Yoast SEO plugin v27.3 - https:\/\/yoast.com\/product\/yoast-seo-wordpress\/ -->\n<title>Maya Stripes Wide Blue Wallpaper | Elegant &amp; Timeless<\/title>\n<meta name=\"description\" content=\"Enhance your home with Maya Stripes Wide Blue Wallpaper. This elegant, timeless design, commissioned by Maya Bohosiewicz, is perfect for nurseries, living rooms &amp; more. Discover quality today!\" \/>\n<meta name=\"robots\" content=\"index, follow, max-snippet:-1, max-image-preview:large, max-video-preview:-1\" \/>\n<link rel=\"canonical\" href=\"https:\/\/dekornik.com\/pl\/produkt\/provence-check-beige-blue-big-wallpaper\/\" \/>\n<meta property=\"og:locale\" content=\"pl_PL\" \/>\n<meta property=\"og:type\" content=\"article\" \/>\n<meta property=\"og:title\" content=\"Maya Stripes Wide Blue Wallpaper | Elegant &amp; Timeless\" \/>\n<meta property=\"og:description\" content=\"Enhance your home with Maya Stripes Wide Blue Wallpaper. This elegant, timeless design, commissioned by Maya Bohosiewicz, is perfect for nurseries, living rooms &amp; more. Discover quality today!\" \/>\n<meta property=\"og:url\" content=\"https:\/\/dekornik.com\/pl\/produkt\/provence-check-beige-blue-big-wallpaper\/\" \/>\n<meta property=\"og:site_name\" content=\"Dekornik\" \/>\n<meta property=\"article:publisher\" content=\"https:\/\/www.facebook.com\/DEKORNIK\/\" \/>\n<meta property=\"article:modified_time\" content=\"2026-04-03T19:29:08+00:00\" \/>\n<meta property=\"og:image\" content=\"https:\/\/dekornik.com\/wp-content\/uploads\/2025\/10\/DEKO.TAP_.368_provence_check_big_f4d0ffe7-8289-449a-9f8e-d3c46277248a.jpg\" \/>\n\t<meta property=\"og:image:width\" content=\"1000\" \/>\n\t<meta property=\"og:image:height\" content=\"1000\" \/>\n\t<meta property=\"og:image:type\" content=\"image\/jpeg\" \/>\n<script type=\"application\/ld+json\" class=\"yoast-schema-graph\">{\"@context\":\"https:\\\/\\\/schema.org\",\"@graph\":[{\"@type\":\"WebPage\",\"@id\":\"https:\\\/\\\/dekornik.com\\\/pl\\\/produkt\\\/provence-check-beige-blue-big-wallpaper\\\/\",\"url\":\"https:\\\/\\\/dekornik.com\\\/pl\\\/produkt\\\/provence-check-beige-blue-big-wallpaper\\\/\",\"name\":\"Maya Stripes Wide Blue Wallpaper | Elegant & Timeless\",\"isPartOf\":{\"@id\":\"https:\\\/\\\/dekornik.com\\\/pl\\\/#website\"},\"primaryImageOfPage\":{\"@id\":\"https:\\\/\\\/dekornik.com\\\/pl\\\/produkt\\\/provence-check-beige-blue-big-wallpaper\\\/#primaryimage\"},\"image\":{\"@id\":\"https:\\\/\\\/dekornik.com\\\/pl\\\/produkt\\\/provence-check-beige-blue-big-wallpaper\\\/#primaryimage\"},\"thumbnailUrl\":\"https:\\\/\\\/dekornik.com\\\/wp-content\\\/uploads\\\/2025\\\/10\\\/DEKO.TAP_.368_provence_check_big_f4d0ffe7-8289-449a-9f8e-d3c46277248a.jpg\",\"datePublished\":\"2025-10-02T11:21:31+00:00\",\"dateModified\":\"2026-04-03T19:29:08+00:00\",\"description\":\"Enhance your home with Maya Stripes Wide Blue Wallpaper. This elegant, timeless design, commissioned by Maya Bohosiewicz, is perfect for nurseries, living rooms & more. Discover quality today!\",\"breadcrumb\":{\"@id\":\"https:\\\/\\\/dekornik.com\\\/pl\\\/produkt\\\/provence-check-beige-blue-big-wallpaper\\\/#breadcrumb\"},\"inLanguage\":\"pl-PL\",\"potentialAction\":[{\"@type\":\"ReadAction\",\"target\":[\"https:\\\/\\\/dekornik.com\\\/pl\\\/produkt\\\/provence-check-beige-blue-big-wallpaper\\\/\"]}]},{\"@type\":\"ImageObject\",\"inLanguage\":\"pl-PL\",\"@id\":\"https:\\\/\\\/dekornik.com\\\/pl\\\/produkt\\\/provence-check-beige-blue-big-wallpaper\\\/#primaryimage\",\"url\":\"https:\\\/\\\/dekornik.com\\\/wp-content\\\/uploads\\\/2025\\\/10\\\/DEKO.TAP_.368_provence_check_big_f4d0ffe7-8289-449a-9f8e-d3c46277248a.jpg\",\"contentUrl\":\"https:\\\/\\\/dekornik.com\\\/wp-content\\\/uploads\\\/2025\\\/10\\\/DEKO.TAP_.368_provence_check_big_f4d0ffe7-8289-449a-9f8e-d3c46277248a.jpg\",\"width\":1000,\"height\":1000,\"caption\":\"Provence check beige blue BIG Wallpaper for boy's and girl's room\"},{\"@type\":\"BreadcrumbList\",\"@id\":\"https:\\\/\\\/dekornik.com\\\/pl\\\/produkt\\\/provence-check-beige-blue-big-wallpaper\\\/#breadcrumb\",\"itemListElement\":[{\"@type\":\"ListItem\",\"position\":1,\"name\":\"Home\",\"item\":\"https:\\\/\\\/dekornik.com\\\/pl\\\/\"},{\"@type\":\"ListItem\",\"position\":2,\"name\":\"Sklep\",\"item\":\"https:\\\/\\\/dekornik.com\\\/pl\\\/sklep\\\/\"},{\"@type\":\"ListItem\",\"position\":3,\"name\":\"Provence Check Beige Blue Big Tapeta\"}]},{\"@type\":\"WebSite\",\"@id\":\"https:\\\/\\\/dekornik.com\\\/pl\\\/#website\",\"url\":\"https:\\\/\\\/dekornik.com\\\/pl\\\/\",\"name\":\"Dekornik\",\"description\":\"Your little one will love it\\\\!\",\"publisher\":{\"@id\":\"https:\\\/\\\/dekornik.com\\\/pl\\\/#organization\"},\"potentialAction\":[{\"@type\":\"SearchAction\",\"target\":{\"@type\":\"EntryPoint\",\"urlTemplate\":\"https:\\\/\\\/dekornik.com\\\/pl\\\/?s={search_term_string}\"},\"query-input\":{\"@type\":\"PropertyValueSpecification\",\"valueRequired\":true,\"valueName\":\"search_term_string\"}}],\"inLanguage\":\"pl-PL\"},{\"@type\":\"Organization\",\"@id\":\"https:\\\/\\\/dekornik.com\\\/pl\\\/#organization\",\"name\":\"Dekornik sp. z o.o.\",\"url\":\"https:\\\/\\\/dekornik.com\\\/pl\\\/\",\"logo\":{\"@type\":\"ImageObject\",\"inLanguage\":\"pl-PL\",\"@id\":\"https:\\\/\\\/dekornik.com\\\/pl\\\/#\\\/schema\\\/logo\\\/image\\\/\",\"url\":\"http:\\\/\\\/dekornik.com\\\/wp-content\\\/uploads\\\/2026\\\/01\\\/logo_dekornik-01-1.svg\",\"contentUrl\":\"http:\\\/\\\/dekornik.com\\\/wp-content\\\/uploads\\\/2026\\\/01\\\/logo_dekornik-01-1.svg\",\"width\":\"1024\",\"height\":\"1024\",\"caption\":\"Dekornik sp. z o.o.\"},\"image\":{\"@id\":\"https:\\\/\\\/dekornik.com\\\/pl\\\/#\\\/schema\\\/logo\\\/image\\\/\"},\"sameAs\":[\"https:\\\/\\\/www.facebook.com\\\/DEKORNIK\\\/\",\"https:\\\/\\\/instagram.com\\\/dekornik\",\"https:\\\/\\\/www.pinterest.com\\\/dekornikcom\\\/\"]}]}<\/script>\n<!-- \/ Yoast SEO plugin. -->","yoast_head_json":{"title":"Maya Stripes Wide Blue Wallpaper | Elegant & Timeless","description":"Enhance your home with Maya Stripes Wide Blue Wallpaper. This elegant, timeless design, commissioned by Maya Bohosiewicz, is perfect for nurseries, living rooms & more. Discover quality today!","robots":{"index":"index","follow":"follow","max-snippet":"max-snippet:-1","max-image-preview":"max-image-preview:large","max-video-preview":"max-video-preview:-1"},"canonical":"https:\/\/dekornik.com\/pl\/produkt\/provence-check-beige-blue-big-wallpaper\/","og_locale":"pl_PL","og_type":"article","og_title":"Maya Stripes Wide Blue Wallpaper | Elegant & Timeless","og_description":"Enhance your home with Maya Stripes Wide Blue Wallpaper. This elegant, timeless design, commissioned by Maya Bohosiewicz, is perfect for nurseries, living rooms & more. Discover quality today!","og_url":"https:\/\/dekornik.com\/pl\/produkt\/provence-check-beige-blue-big-wallpaper\/","og_site_name":"Dekornik","article_publisher":"https:\/\/www.facebook.com\/DEKORNIK\/","article_modified_time":"2026-04-03T19:29:08+00:00","og_image":[{"width":1000,"height":1000,"url":"https:\/\/dekornik.com\/wp-content\/uploads\/2025\/10\/DEKO.TAP_.368_provence_check_big_f4d0ffe7-8289-449a-9f8e-d3c46277248a.jpg","type":"image\/jpeg"}],"schema":{"@context":"https:\/\/schema.org","@graph":[{"@type":"WebPage","@id":"https:\/\/dekornik.com\/pl\/produkt\/provence-check-beige-blue-big-wallpaper\/","url":"https:\/\/dekornik.com\/pl\/produkt\/provence-check-beige-blue-big-wallpaper\/","name":"Maya Stripes Wide Blue Wallpaper | Elegant & Timeless","isPartOf":{"@id":"https:\/\/dekornik.com\/pl\/#website"},"primaryImageOfPage":{"@id":"https:\/\/dekornik.com\/pl\/produkt\/provence-check-beige-blue-big-wallpaper\/#primaryimage"},"image":{"@id":"https:\/\/dekornik.com\/pl\/produkt\/provence-check-beige-blue-big-wallpaper\/#primaryimage"},"thumbnailUrl":"https:\/\/dekornik.com\/wp-content\/uploads\/2025\/10\/DEKO.TAP_.368_provence_check_big_f4d0ffe7-8289-449a-9f8e-d3c46277248a.jpg","datePublished":"2025-10-02T11:21:31+00:00","dateModified":"2026-04-03T19:29:08+00:00","description":"Enhance your home with Maya Stripes Wide Blue Wallpaper. This elegant, timeless design, commissioned by Maya Bohosiewicz, is perfect for nurseries, living rooms & more. Discover quality today!","breadcrumb":{"@id":"https:\/\/dekornik.com\/pl\/produkt\/provence-check-beige-blue-big-wallpaper\/#breadcrumb"},"inLanguage":"pl-PL","potentialAction":[{"@type":"ReadAction","target":["https:\/\/dekornik.com\/pl\/produkt\/provence-check-beige-blue-big-wallpaper\/"]}]},{"@type":"ImageObject","inLanguage":"pl-PL","@id":"https:\/\/dekornik.com\/pl\/produkt\/provence-check-beige-blue-big-wallpaper\/#primaryimage","url":"https:\/\/dekornik.com\/wp-content\/uploads\/2025\/10\/DEKO.TAP_.368_provence_check_big_f4d0ffe7-8289-449a-9f8e-d3c46277248a.jpg","contentUrl":"https:\/\/dekornik.com\/wp-content\/uploads\/2025\/10\/DEKO.TAP_.368_provence_check_big_f4d0ffe7-8289-449a-9f8e-d3c46277248a.jpg","width":1000,"height":1000,"caption":"Provence check beige blue BIG Wallpaper for boy's and girl's room"},{"@type":"BreadcrumbList","@id":"https:\/\/dekornik.com\/pl\/produkt\/provence-check-beige-blue-big-wallpaper\/#breadcrumb","itemListElement":[{"@type":"ListItem","position":1,"name":"Home","item":"https:\/\/dekornik.com\/pl\/"},{"@type":"ListItem","position":2,"name":"Sklep","item":"https:\/\/dekornik.com\/pl\/sklep\/"},{"@type":"ListItem","position":3,"name":"Provence Check Beige Blue Big Tapeta"}]},{"@type":"WebSite","@id":"https:\/\/dekornik.com\/pl\/#website","url":"https:\/\/dekornik.com\/pl\/","name":"Dekornik","description":"Your little one will love it\\!","publisher":{"@id":"https:\/\/dekornik.com\/pl\/#organization"},"potentialAction":[{"@type":"SearchAction","target":{"@type":"EntryPoint","urlTemplate":"https:\/\/dekornik.com\/pl\/?s={search_term_string}"},"query-input":{"@type":"PropertyValueSpecification","valueRequired":true,"valueName":"search_term_string"}}],"inLanguage":"pl-PL"},{"@type":"Organization","@id":"https:\/\/dekornik.com\/pl\/#organization","name":"Dekornik sp. z o.o.","url":"https:\/\/dekornik.com\/pl\/","logo":{"@type":"ImageObject","inLanguage":"pl-PL","@id":"https:\/\/dekornik.com\/pl\/#\/schema\/logo\/image\/","url":"http:\/\/dekornik.com\/wp-content\/uploads\/2026\/01\/logo_dekornik-01-1.svg","contentUrl":"http:\/\/dekornik.com\/wp-content\/uploads\/2026\/01\/logo_dekornik-01-1.svg","width":"1024","height":"1024","caption":"Dekornik sp. z o.o."},"image":{"@id":"https:\/\/dekornik.com\/pl\/#\/schema\/logo\/image\/"},"sameAs":["https:\/\/www.facebook.com\/DEKORNIK\/","https:\/\/instagram.com\/dekornik","https:\/\/www.pinterest.com\/dekornikcom\/"]}]}},"_links":{"self":[{"href":"https:\/\/dekornik.com\/pl\/wp-json\/wp\/v2\/product\/8627","targetHints":{"allow":["GET"]}}],"collection":[{"href":"https:\/\/dekornik.com\/pl\/wp-json\/wp\/v2\/product"}],"about":[{"href":"https:\/\/dekornik.com\/pl\/wp-json\/wp\/v2\/types\/product"}],"replies":[{"embeddable":true,"href":"https:\/\/dekornik.com\/pl\/wp-json\/wp\/v2\/comments?post=8627"}],"wp:featuredmedia":[{"embeddable":true,"href":"https:\/\/dekornik.com\/pl\/wp-json\/wp\/v2\/media\/8628"}],"wp:attachment":[{"href":"https:\/\/dekornik.com\/pl\/wp-json\/wp\/v2\/media?parent=8627"}],"wp:term":[{"taxonomy":"product_brand","embeddable":true,"href":"https:\/\/dekornik.com\/pl\/wp-json\/wp\/v2\/product_brand?post=8627"},{"taxonomy":"product_cat","embeddable":true,"href":"https:\/\/dekornik.com\/pl\/wp-json\/wp\/v2\/product_cat?post=8627"},{"taxonomy":"product_tag","embeddable":true,"href":"https:\/\/dekornik.com\/pl\/wp-json\/wp\/v2\/product_tag?post=8627"}],"curies":[{"name":"wp","href":"https:\/\/api.w.org\/{rel}","templated":true}]}}