{"id":13018,"date":"2026-04-30T09:21:53","date_gmt":"2026-04-30T09:21:53","guid":{"rendered":"https:\/\/dekornik.com\/?post_type=product&#038;p=13018"},"modified":"2026-04-30T09:53:52","modified_gmt":"2026-04-30T09:53:52","slug":"stripes-happy-cherry-pink-and-sunny-yellow-tapeta","status":"publish","type":"product","link":"https:\/\/dekornik.com\/pl\/produkt\/stripes-happy-cherry-pink-and-sunny-yellow-tapeta\/","title":{"rendered":"Stripes happy cherry pink and sunny yellow Tapeta"},"content":{"rendered":"<p>Ta kombinacja r\u00f3\u017cu i s\u0142onecznego \u017c\u00f3\u0142tego jest wyj\u0105tkowo niewinna i niezbyt s\u0142odka. Nazwali\u015bmy j\u0105 \u201ewi\u015bniow\u0105&#8221;, poniewa\u017c wyobra\u017camy sobie wi\u015bniowe elementy w pokoju z t\u0105 tapet\u0105 \u2014 to by\u0142oby mistrzowskie po\u0142\u0105czenie! Ale ecru, be\u017ce, br\u0105zy i odcienie \u017c\u00f3\u0142tego r\u00f3wnie\u017c \u015bwietnie sprawdzi\u0142yby si\u0119 w tym pokoju.<\/p>\n<p>Tapeta podzielona jest na pasy:<\/p>\n<ul>\n<li>Wysoko\u015b\u0107: 280 cm<\/li>\n<li>Szeroko\u015b\u0107: 50 cm<\/li>\n<\/ul>\n<p>Cena dotyczy jednego pasa.<\/p>\n<p>Te pasy pasuj\u0105 do ka\u017cdego standardowego mieszkania. Zamawianie tapet w pasach jest szybsze i prostsze. Wystarczy zmierzy\u0107 \u015bcian\u0119 i zam\u00f3wi\u0107 potrzebn\u0105 liczb\u0119 pas\u00f3w. Nie potrzebujesz ju\u017c rozbudowanych konsultacji specjalistycznych. Tutaj nie mo\u017cna si\u0119 pomyli\u0107.<\/p>\n<p>W\u0105skie pasy tapety gwarantuj\u0105, \u017ce tapeta niemal idealnie dopasuje si\u0119 do szeroko\u015bci \u015bciany. Co wi\u0119cej, powtarzaj\u0105cy si\u0119 wz\u00f3r, w kt\u00f3rym ka\u017cdy pas wygl\u0105da identycznie, pozwala elementom wzoru bezb\u0142\u0119dnie u\u0142o\u017cy\u0107 si\u0119 na \u015bcianie po przyklejeniu tapety od sufitu. Dzi\u0119ki temu pozostaje bardzo ma\u0142o nadmiarowego materia\u0142u.<\/p>\n","protected":false},"excerpt":{"rendered":"<p>Ta tapeta jest po prostu&#8230; radosna! Wprowadza do pokoiku tyle s\u0142o\u0144ca. Bardzo delikatne kolory bazowe: ja\u015bniutki, ciep\u0142y r\u00f3\u017c oraz s\u0142oneczny, ja\u015bniusie\u0144ki \u017c\u00f3\u0142ty nie uczyni\u0105 pokoju pstrokatym. Zobaczcie nasz\u0105 wizualizacj\u0119!<\/p>\n<p>Tapeta Stripes happy cherry pink and sunny yellow stworzona jest do spokojnego, lecz radosnego wn\u0119trza dla dzieci. Czysty, powtarzaj\u0105cy si\u0119 wz\u00f3r w paski, kt\u00f3ry pi\u0119knie prezentuje si\u0119 zar\u00f3wno z daleka, jak i z bliska. Idealna jako \u015bciana akcentowa za \u0142\u00f3\u017ceczkiem lub \u0142\u00f3\u017ckiem \u2014 mo\u017cesz te\u017c oklei\u0107 ca\u0142y pok\u00f3j, je\u015bli kochasz ten wz\u00f3r. Drukowana na wyrafinowanym papierze matowym z recyklingu Dekornik (190 g\/m\u00b2), wykonana z my\u015bl\u0105 o ekologii i bezpiecze\u0144stwie.<\/p>\n","protected":false},"featured_media":11032,"comment_status":"open","ping_status":"closed","template":"","meta":{"inline_featured_image":false},"product_brand":[],"product_cat":[401,404,393,237,400,386],"product_tag":[690],"class_list":{"0":"post-13018","1":"product","2":"type-product","3":"status-publish","4":"has-post-thumbnail","6":"product_cat-dla-dziewczynek","7":"product_cat-kolorowy-pokoj-malucha","8":"product_cat-paski","9":"product_cat-tapety","10":"product_cat-vintage-pl","11":"product_cat-zywe-kolory","12":"product_tag-best2025-pl","14":"first","15":"instock","16":"sale","17":"taxable","18":"shipping-taxable","19":"purchasable","20":"product-type-variable"},"yoast_head":"<!-- This site is optimized with the Yoast SEO plugin v27.3 - https:\/\/yoast.com\/product\/yoast-seo-wordpress\/ -->\n<title>Stripes happy cherry pink and sunny yellow Tapeta - Dekornik<\/title>\n<meta name=\"robots\" content=\"index, follow, max-snippet:-1, max-image-preview:large, max-video-preview:-1\" \/>\n<link rel=\"canonical\" href=\"https:\/\/dekornik.com\/pl\/produkt\/stripes-happy-cherry-pink-and-sunny-yellow-tapeta\/\" \/>\n<meta property=\"og:locale\" content=\"pl_PL\" \/>\n<meta property=\"og:type\" content=\"article\" \/>\n<meta property=\"og:title\" content=\"Stripes happy cherry pink and sunny yellow Tapeta - Dekornik\" \/>\n<meta property=\"og:description\" content=\"Ta tapeta jest po prostu... radosna! Wprowadza do pokoiku tyle s\u0142o\u0144ca. Bardzo delikatne kolory bazowe: ja\u015bniutki, ciep\u0142y r\u00f3\u017c oraz s\u0142oneczny, ja\u015bniusie\u0144ki \u017c\u00f3\u0142ty nie uczyni\u0105 pokoju pstrokatym. Zobaczcie nasz\u0105 wizualizacj\u0119!Tapeta Stripes happy cherry pink and sunny yellow stworzona jest do spokojnego, lecz radosnego wn\u0119trza dla dzieci. Czysty, powtarzaj\u0105cy si\u0119 wz\u00f3r w paski, kt\u00f3ry pi\u0119knie prezentuje si\u0119 zar\u00f3wno z daleka, jak i z bliska. Idealna jako \u015bciana akcentowa za \u0142\u00f3\u017ceczkiem lub \u0142\u00f3\u017ckiem \u2014 mo\u017cesz te\u017c oklei\u0107 ca\u0142y pok\u00f3j, je\u015bli kochasz ten wz\u00f3r. Drukowana na wyrafinowanym papierze matowym z recyklingu Dekornik (190 g\/m\u00b2), wykonana z my\u015bl\u0105 o ekologii i bezpiecze\u0144stwie.\" \/>\n<meta property=\"og:url\" content=\"https:\/\/dekornik.com\/pl\/produkt\/stripes-happy-cherry-pink-and-sunny-yellow-tapeta\/\" \/>\n<meta property=\"og:site_name\" content=\"Dekornik\" \/>\n<meta property=\"article:publisher\" content=\"https:\/\/www.facebook.com\/DEKORNIK\/\" \/>\n<meta property=\"article:modified_time\" content=\"2026-04-30T09:53:52+00:00\" \/>\n<meta property=\"og:image\" content=\"https:\/\/dekornik.com\/wp-content\/uploads\/2026\/01\/DEKO.TAP_.559-Stripes-happy-cherry-pink-and-sunny-yellow_50x280.jpg\" \/>\n\t<meta property=\"og:image:width\" content=\"1200\" \/>\n\t<meta property=\"og:image:height\" content=\"1200\" \/>\n\t<meta property=\"og:image:type\" content=\"image\/jpeg\" \/>\n<script type=\"application\/ld+json\" class=\"yoast-schema-graph\">{\"@context\":\"https:\\\/\\\/schema.org\",\"@graph\":[{\"@type\":\"WebPage\",\"@id\":\"https:\\\/\\\/dekornik.com\\\/pl\\\/produkt\\\/stripes-happy-cherry-pink-and-sunny-yellow-tapeta\\\/\",\"url\":\"https:\\\/\\\/dekornik.com\\\/pl\\\/produkt\\\/stripes-happy-cherry-pink-and-sunny-yellow-tapeta\\\/\",\"name\":\"Stripes happy cherry pink and sunny yellow Tapeta - Dekornik\",\"isPartOf\":{\"@id\":\"https:\\\/\\\/dekornik.com\\\/pl\\\/#website\"},\"primaryImageOfPage\":{\"@id\":\"https:\\\/\\\/dekornik.com\\\/pl\\\/produkt\\\/stripes-happy-cherry-pink-and-sunny-yellow-tapeta\\\/#primaryimage\"},\"image\":{\"@id\":\"https:\\\/\\\/dekornik.com\\\/pl\\\/produkt\\\/stripes-happy-cherry-pink-and-sunny-yellow-tapeta\\\/#primaryimage\"},\"thumbnailUrl\":\"https:\\\/\\\/dekornik.com\\\/wp-content\\\/uploads\\\/2026\\\/01\\\/DEKO.TAP_.559-Stripes-happy-cherry-pink-and-sunny-yellow_50x280.jpg\",\"datePublished\":\"2026-04-30T09:21:53+00:00\",\"dateModified\":\"2026-04-30T09:53:52+00:00\",\"breadcrumb\":{\"@id\":\"https:\\\/\\\/dekornik.com\\\/pl\\\/produkt\\\/stripes-happy-cherry-pink-and-sunny-yellow-tapeta\\\/#breadcrumb\"},\"inLanguage\":\"pl-PL\",\"potentialAction\":[{\"@type\":\"ReadAction\",\"target\":[\"https:\\\/\\\/dekornik.com\\\/pl\\\/produkt\\\/stripes-happy-cherry-pink-and-sunny-yellow-tapeta\\\/\"]}]},{\"@type\":\"ImageObject\",\"inLanguage\":\"pl-PL\",\"@id\":\"https:\\\/\\\/dekornik.com\\\/pl\\\/produkt\\\/stripes-happy-cherry-pink-and-sunny-yellow-tapeta\\\/#primaryimage\",\"url\":\"https:\\\/\\\/dekornik.com\\\/wp-content\\\/uploads\\\/2026\\\/01\\\/DEKO.TAP_.559-Stripes-happy-cherry-pink-and-sunny-yellow_50x280.jpg\",\"contentUrl\":\"https:\\\/\\\/dekornik.com\\\/wp-content\\\/uploads\\\/2026\\\/01\\\/DEKO.TAP_.559-Stripes-happy-cherry-pink-and-sunny-yellow_50x280.jpg\",\"width\":1200,\"height\":1200},{\"@type\":\"BreadcrumbList\",\"@id\":\"https:\\\/\\\/dekornik.com\\\/pl\\\/produkt\\\/stripes-happy-cherry-pink-and-sunny-yellow-tapeta\\\/#breadcrumb\",\"itemListElement\":[{\"@type\":\"ListItem\",\"position\":1,\"name\":\"Home\",\"item\":\"https:\\\/\\\/dekornik.com\\\/pl\\\/\"},{\"@type\":\"ListItem\",\"position\":2,\"name\":\"Sklep\",\"item\":\"https:\\\/\\\/dekornik.com\\\/pl\\\/sklep\\\/\"},{\"@type\":\"ListItem\",\"position\":3,\"name\":\"Stripes happy cherry pink and sunny yellow Tapeta\"}]},{\"@type\":\"WebSite\",\"@id\":\"https:\\\/\\\/dekornik.com\\\/pl\\\/#website\",\"url\":\"https:\\\/\\\/dekornik.com\\\/pl\\\/\",\"name\":\"Dekornik\",\"description\":\"Your little one will love it\\\\!\",\"publisher\":{\"@id\":\"https:\\\/\\\/dekornik.com\\\/pl\\\/#organization\"},\"potentialAction\":[{\"@type\":\"SearchAction\",\"target\":{\"@type\":\"EntryPoint\",\"urlTemplate\":\"https:\\\/\\\/dekornik.com\\\/pl\\\/?s={search_term_string}\"},\"query-input\":{\"@type\":\"PropertyValueSpecification\",\"valueRequired\":true,\"valueName\":\"search_term_string\"}}],\"inLanguage\":\"pl-PL\"},{\"@type\":\"Organization\",\"@id\":\"https:\\\/\\\/dekornik.com\\\/pl\\\/#organization\",\"name\":\"Dekornik sp. z o.o.\",\"url\":\"https:\\\/\\\/dekornik.com\\\/pl\\\/\",\"logo\":{\"@type\":\"ImageObject\",\"inLanguage\":\"pl-PL\",\"@id\":\"https:\\\/\\\/dekornik.com\\\/pl\\\/#\\\/schema\\\/logo\\\/image\\\/\",\"url\":\"http:\\\/\\\/dekornik.com\\\/wp-content\\\/uploads\\\/2026\\\/01\\\/logo_dekornik-01-1.svg\",\"contentUrl\":\"http:\\\/\\\/dekornik.com\\\/wp-content\\\/uploads\\\/2026\\\/01\\\/logo_dekornik-01-1.svg\",\"width\":\"1024\",\"height\":\"1024\",\"caption\":\"Dekornik sp. z o.o.\"},\"image\":{\"@id\":\"https:\\\/\\\/dekornik.com\\\/pl\\\/#\\\/schema\\\/logo\\\/image\\\/\"},\"sameAs\":[\"https:\\\/\\\/www.facebook.com\\\/DEKORNIK\\\/\",\"https:\\\/\\\/instagram.com\\\/dekornik\",\"https:\\\/\\\/www.pinterest.com\\\/dekornikcom\\\/\"]}]}<\/script>\n<!-- \/ Yoast SEO plugin. -->","yoast_head_json":{"title":"Stripes happy cherry pink and sunny yellow Tapeta - Dekornik","robots":{"index":"index","follow":"follow","max-snippet":"max-snippet:-1","max-image-preview":"max-image-preview:large","max-video-preview":"max-video-preview:-1"},"canonical":"https:\/\/dekornik.com\/pl\/produkt\/stripes-happy-cherry-pink-and-sunny-yellow-tapeta\/","og_locale":"pl_PL","og_type":"article","og_title":"Stripes happy cherry pink and sunny yellow Tapeta - Dekornik","og_description":"Ta tapeta jest po prostu... radosna! Wprowadza do pokoiku tyle s\u0142o\u0144ca. Bardzo delikatne kolory bazowe: ja\u015bniutki, ciep\u0142y r\u00f3\u017c oraz s\u0142oneczny, ja\u015bniusie\u0144ki \u017c\u00f3\u0142ty nie uczyni\u0105 pokoju pstrokatym. Zobaczcie nasz\u0105 wizualizacj\u0119!Tapeta Stripes happy cherry pink and sunny yellow stworzona jest do spokojnego, lecz radosnego wn\u0119trza dla dzieci. Czysty, powtarzaj\u0105cy si\u0119 wz\u00f3r w paski, kt\u00f3ry pi\u0119knie prezentuje si\u0119 zar\u00f3wno z daleka, jak i z bliska. Idealna jako \u015bciana akcentowa za \u0142\u00f3\u017ceczkiem lub \u0142\u00f3\u017ckiem \u2014 mo\u017cesz te\u017c oklei\u0107 ca\u0142y pok\u00f3j, je\u015bli kochasz ten wz\u00f3r. Drukowana na wyrafinowanym papierze matowym z recyklingu Dekornik (190 g\/m\u00b2), wykonana z my\u015bl\u0105 o ekologii i bezpiecze\u0144stwie.","og_url":"https:\/\/dekornik.com\/pl\/produkt\/stripes-happy-cherry-pink-and-sunny-yellow-tapeta\/","og_site_name":"Dekornik","article_publisher":"https:\/\/www.facebook.com\/DEKORNIK\/","article_modified_time":"2026-04-30T09:53:52+00:00","og_image":[{"width":1200,"height":1200,"url":"https:\/\/dekornik.com\/wp-content\/uploads\/2026\/01\/DEKO.TAP_.559-Stripes-happy-cherry-pink-and-sunny-yellow_50x280.jpg","type":"image\/jpeg"}],"schema":{"@context":"https:\/\/schema.org","@graph":[{"@type":"WebPage","@id":"https:\/\/dekornik.com\/pl\/produkt\/stripes-happy-cherry-pink-and-sunny-yellow-tapeta\/","url":"https:\/\/dekornik.com\/pl\/produkt\/stripes-happy-cherry-pink-and-sunny-yellow-tapeta\/","name":"Stripes happy cherry pink and sunny yellow Tapeta - Dekornik","isPartOf":{"@id":"https:\/\/dekornik.com\/pl\/#website"},"primaryImageOfPage":{"@id":"https:\/\/dekornik.com\/pl\/produkt\/stripes-happy-cherry-pink-and-sunny-yellow-tapeta\/#primaryimage"},"image":{"@id":"https:\/\/dekornik.com\/pl\/produkt\/stripes-happy-cherry-pink-and-sunny-yellow-tapeta\/#primaryimage"},"thumbnailUrl":"https:\/\/dekornik.com\/wp-content\/uploads\/2026\/01\/DEKO.TAP_.559-Stripes-happy-cherry-pink-and-sunny-yellow_50x280.jpg","datePublished":"2026-04-30T09:21:53+00:00","dateModified":"2026-04-30T09:53:52+00:00","breadcrumb":{"@id":"https:\/\/dekornik.com\/pl\/produkt\/stripes-happy-cherry-pink-and-sunny-yellow-tapeta\/#breadcrumb"},"inLanguage":"pl-PL","potentialAction":[{"@type":"ReadAction","target":["https:\/\/dekornik.com\/pl\/produkt\/stripes-happy-cherry-pink-and-sunny-yellow-tapeta\/"]}]},{"@type":"ImageObject","inLanguage":"pl-PL","@id":"https:\/\/dekornik.com\/pl\/produkt\/stripes-happy-cherry-pink-and-sunny-yellow-tapeta\/#primaryimage","url":"https:\/\/dekornik.com\/wp-content\/uploads\/2026\/01\/DEKO.TAP_.559-Stripes-happy-cherry-pink-and-sunny-yellow_50x280.jpg","contentUrl":"https:\/\/dekornik.com\/wp-content\/uploads\/2026\/01\/DEKO.TAP_.559-Stripes-happy-cherry-pink-and-sunny-yellow_50x280.jpg","width":1200,"height":1200},{"@type":"BreadcrumbList","@id":"https:\/\/dekornik.com\/pl\/produkt\/stripes-happy-cherry-pink-and-sunny-yellow-tapeta\/#breadcrumb","itemListElement":[{"@type":"ListItem","position":1,"name":"Home","item":"https:\/\/dekornik.com\/pl\/"},{"@type":"ListItem","position":2,"name":"Sklep","item":"https:\/\/dekornik.com\/pl\/sklep\/"},{"@type":"ListItem","position":3,"name":"Stripes happy cherry pink and sunny yellow Tapeta"}]},{"@type":"WebSite","@id":"https:\/\/dekornik.com\/pl\/#website","url":"https:\/\/dekornik.com\/pl\/","name":"Dekornik","description":"Your little one will love it\\!","publisher":{"@id":"https:\/\/dekornik.com\/pl\/#organization"},"potentialAction":[{"@type":"SearchAction","target":{"@type":"EntryPoint","urlTemplate":"https:\/\/dekornik.com\/pl\/?s={search_term_string}"},"query-input":{"@type":"PropertyValueSpecification","valueRequired":true,"valueName":"search_term_string"}}],"inLanguage":"pl-PL"},{"@type":"Organization","@id":"https:\/\/dekornik.com\/pl\/#organization","name":"Dekornik sp. z o.o.","url":"https:\/\/dekornik.com\/pl\/","logo":{"@type":"ImageObject","inLanguage":"pl-PL","@id":"https:\/\/dekornik.com\/pl\/#\/schema\/logo\/image\/","url":"http:\/\/dekornik.com\/wp-content\/uploads\/2026\/01\/logo_dekornik-01-1.svg","contentUrl":"http:\/\/dekornik.com\/wp-content\/uploads\/2026\/01\/logo_dekornik-01-1.svg","width":"1024","height":"1024","caption":"Dekornik sp. z o.o."},"image":{"@id":"https:\/\/dekornik.com\/pl\/#\/schema\/logo\/image\/"},"sameAs":["https:\/\/www.facebook.com\/DEKORNIK\/","https:\/\/instagram.com\/dekornik","https:\/\/www.pinterest.com\/dekornikcom\/"]}]}},"_links":{"self":[{"href":"https:\/\/dekornik.com\/pl\/wp-json\/wp\/v2\/product\/13018","targetHints":{"allow":["GET"]}}],"collection":[{"href":"https:\/\/dekornik.com\/pl\/wp-json\/wp\/v2\/product"}],"about":[{"href":"https:\/\/dekornik.com\/pl\/wp-json\/wp\/v2\/types\/product"}],"replies":[{"embeddable":true,"href":"https:\/\/dekornik.com\/pl\/wp-json\/wp\/v2\/comments?post=13018"}],"wp:featuredmedia":[{"embeddable":true,"href":"https:\/\/dekornik.com\/pl\/wp-json\/wp\/v2\/media\/11032"}],"wp:attachment":[{"href":"https:\/\/dekornik.com\/pl\/wp-json\/wp\/v2\/media?parent=13018"}],"wp:term":[{"taxonomy":"product_brand","embeddable":true,"href":"https:\/\/dekornik.com\/pl\/wp-json\/wp\/v2\/product_brand?post=13018"},{"taxonomy":"product_cat","embeddable":true,"href":"https:\/\/dekornik.com\/pl\/wp-json\/wp\/v2\/product_cat?post=13018"},{"taxonomy":"product_tag","embeddable":true,"href":"https:\/\/dekornik.com\/pl\/wp-json\/wp\/v2\/product_tag?post=13018"}],"curies":[{"name":"wp","href":"https:\/\/api.w.org\/{rel}","templated":true}]}}