{"id":11811,"date":"2026-02-20T13:38:38","date_gmt":"2026-02-20T13:38:38","guid":{"rendered":"http:\/\/dekornik.com\/?post_type=product&#038;p=11811"},"modified":"2026-04-08T16:22:25","modified_gmt":"2026-04-08T16:22:25","slug":"ducklings-hearts-red-zestaw-naklejek","status":"publish","type":"product","link":"https:\/\/dekornik.com\/pl\/produkt\/ducklings-hearts-red-zestaw-naklejek\/","title":{"rendered":"Ducklings hearts red zestaw naklejek"},"content":{"rendered":"<p>Urocze naklejki z ma\u0142ymi kacz\u0105tkami to szybki spos\u00f3b na ozdobienie \u015bciany i stworzenie przytulnego k\u0105cika w pokoju. Ich aplikacja jest bardzo prosta \u2014 wystarczy odklei\u0107 wierzchni\u0105 warstw\u0119 i przyklei\u0107 je w wybranym miejscu. W zale\u017cno\u015bci od powierzchni \u015bciany, naklejki mo\u017cna zdj\u0105\u0107 bez wi\u0119kszego trudu.<\/p>\n<p><strong>INFORMACJE TECHNICZNE:<\/strong><\/p>\n<p>Kacz\u0105tka maj\u0105 oko\u0142o 10\u201320 cm, a serduszka od 2,5 do 4 cm.<\/p>\n<p>Naklejki s\u0105 wykonane z wysokiej jako\u015bci materia\u0142u, kt\u00f3ry dobrze trzyma si\u0119 \u015bciany, a jednocze\u015bnie \u2014 w zale\u017cno\u015bci od powierzchni \u2014 mo\u017cna go usun\u0105\u0107 bez wi\u0119kszego trudu.<\/p>\n<p>Przed aplikacj\u0105:<br \/>\u2022 dok\u0142adnie oczy\u015b\u0107 \u015bcian\u0119 z kurzu i t\u0142uszczu,<br \/>\u2022 naklejaj minimum 20 dni po malowaniu.<\/p>\n","protected":false},"excerpt":{"rendered":"<p>Delikatne naklejki z kacz\u0105tkami w kilka chwil pomog\u0105 stworzy\u0107 przytulny k\u0105cik w ka\u017cdym pokoju. Kacz\u0105tka maj\u0105 oko\u0142o 15\u201320 cm, a serduszka od 2,5 do 4 cm.<\/p>\n<p>Ich aplikacja jest wyj\u0105tkowo prosta \u2014 wystarczy odklei\u0107 wierzchni\u0105 warstw\u0119 i przyklei\u0107 naklejk\u0119 do \u015bciany. Na wi\u0119kszo\u015bci powierzchni mo\u017cna je r\u00f3wnie\u017c bez problemu usun\u0105\u0107, bez ryzyka uszkodzenia.<\/p>\n","protected":false},"featured_media":11812,"comment_status":"open","ping_status":"closed","template":"","meta":{"inline_featured_image":false},"product_brand":[],"product_cat":[785,287],"product_tag":[687,715,731,743,752,760],"class_list":{"0":"post-11811","1":"product","2":"type-product","3":"status-publish","4":"has-post-thumbnail","6":"product_cat-naklejki","7":"product_cat-naklejki-scienne","8":"product_tag-animal-friends-pl","9":"product_tag-hand-drawn-look-pl","10":"product_tag-nursery-calm-pl","11":"product_tag-rental-friendly-idea-pl","12":"product_tag-storybook-scene-pl","13":"product_tag-whimsical-details-pl","15":"first","16":"instock","17":"sale","18":"taxable","19":"shipping-taxable","20":"purchasable","21":"product-type-simple"},"yoast_head":"<!-- This site is optimized with the Yoast SEO plugin v27.3 - https:\/\/yoast.com\/product\/yoast-seo-wordpress\/ -->\n<title>Ducklings hearts red zestaw naklejek - Dekornik<\/title>\n<meta name=\"robots\" content=\"index, follow, max-snippet:-1, max-image-preview:large, max-video-preview:-1\" \/>\n<link rel=\"canonical\" href=\"https:\/\/dekornik.com\/pl\/produkt\/ducklings-hearts-red-zestaw-naklejek\/\" \/>\n<meta property=\"og:locale\" content=\"pl_PL\" \/>\n<meta property=\"og:type\" content=\"article\" \/>\n<meta property=\"og:title\" content=\"Ducklings hearts red zestaw naklejek - Dekornik\" \/>\n<meta property=\"og:description\" content=\"Delikatne naklejki z kacz\u0105tkami w kilka chwil pomog\u0105 stworzy\u0107 przytulny k\u0105cik w ka\u017cdym pokoju. Kacz\u0105tka maj\u0105 oko\u0142o 15\u201320 cm, a serduszka od 2,5 do 4 cm.Ich aplikacja jest wyj\u0105tkowo prosta \u2014 wystarczy odklei\u0107 wierzchni\u0105 warstw\u0119 i przyklei\u0107 naklejk\u0119 do \u015bciany. Na wi\u0119kszo\u015bci powierzchni mo\u017cna je r\u00f3wnie\u017c bez problemu usun\u0105\u0107, bez ryzyka uszkodzenia.\" \/>\n<meta property=\"og:url\" content=\"https:\/\/dekornik.com\/pl\/produkt\/ducklings-hearts-red-zestaw-naklejek\/\" \/>\n<meta property=\"og:site_name\" content=\"Dekornik\" \/>\n<meta property=\"article:publisher\" content=\"https:\/\/www.facebook.com\/DEKORNIK\/\" \/>\n<meta property=\"article:modified_time\" content=\"2026-04-08T16:22:25+00:00\" \/>\n<meta property=\"og:image\" content=\"https:\/\/dekornik.com\/wp-content\/uploads\/2026\/02\/DEKO.N.NNM_.106.jpg\" \/>\n\t<meta property=\"og:image:width\" content=\"1000\" \/>\n\t<meta property=\"og:image:height\" content=\"1000\" \/>\n\t<meta property=\"og:image:type\" content=\"image\/jpeg\" \/>\n<script type=\"application\/ld+json\" class=\"yoast-schema-graph\">{\"@context\":\"https:\\\/\\\/schema.org\",\"@graph\":[{\"@type\":\"WebPage\",\"@id\":\"https:\\\/\\\/dekornik.com\\\/pl\\\/produkt\\\/ducklings-hearts-red-zestaw-naklejek\\\/\",\"url\":\"https:\\\/\\\/dekornik.com\\\/pl\\\/produkt\\\/ducklings-hearts-red-zestaw-naklejek\\\/\",\"name\":\"Ducklings hearts red zestaw naklejek - Dekornik\",\"isPartOf\":{\"@id\":\"https:\\\/\\\/dekornik.com\\\/pl\\\/#website\"},\"primaryImageOfPage\":{\"@id\":\"https:\\\/\\\/dekornik.com\\\/pl\\\/produkt\\\/ducklings-hearts-red-zestaw-naklejek\\\/#primaryimage\"},\"image\":{\"@id\":\"https:\\\/\\\/dekornik.com\\\/pl\\\/produkt\\\/ducklings-hearts-red-zestaw-naklejek\\\/#primaryimage\"},\"thumbnailUrl\":\"https:\\\/\\\/dekornik.com\\\/wp-content\\\/uploads\\\/2026\\\/02\\\/DEKO.N.NNM_.106.jpg\",\"datePublished\":\"2026-02-20T13:38:38+00:00\",\"dateModified\":\"2026-04-08T16:22:25+00:00\",\"breadcrumb\":{\"@id\":\"https:\\\/\\\/dekornik.com\\\/pl\\\/produkt\\\/ducklings-hearts-red-zestaw-naklejek\\\/#breadcrumb\"},\"inLanguage\":\"pl-PL\",\"potentialAction\":[{\"@type\":\"ReadAction\",\"target\":[\"https:\\\/\\\/dekornik.com\\\/pl\\\/produkt\\\/ducklings-hearts-red-zestaw-naklejek\\\/\"]}]},{\"@type\":\"ImageObject\",\"inLanguage\":\"pl-PL\",\"@id\":\"https:\\\/\\\/dekornik.com\\\/pl\\\/produkt\\\/ducklings-hearts-red-zestaw-naklejek\\\/#primaryimage\",\"url\":\"https:\\\/\\\/dekornik.com\\\/wp-content\\\/uploads\\\/2026\\\/02\\\/DEKO.N.NNM_.106.jpg\",\"contentUrl\":\"https:\\\/\\\/dekornik.com\\\/wp-content\\\/uploads\\\/2026\\\/02\\\/DEKO.N.NNM_.106.jpg\",\"width\":1000,\"height\":1000},{\"@type\":\"BreadcrumbList\",\"@id\":\"https:\\\/\\\/dekornik.com\\\/pl\\\/produkt\\\/ducklings-hearts-red-zestaw-naklejek\\\/#breadcrumb\",\"itemListElement\":[{\"@type\":\"ListItem\",\"position\":1,\"name\":\"Home\",\"item\":\"https:\\\/\\\/dekornik.com\\\/pl\\\/\"},{\"@type\":\"ListItem\",\"position\":2,\"name\":\"Sklep\",\"item\":\"https:\\\/\\\/dekornik.com\\\/pl\\\/sklep\\\/\"},{\"@type\":\"ListItem\",\"position\":3,\"name\":\"Ducklings hearts red zestaw naklejek\"}]},{\"@type\":\"WebSite\",\"@id\":\"https:\\\/\\\/dekornik.com\\\/pl\\\/#website\",\"url\":\"https:\\\/\\\/dekornik.com\\\/pl\\\/\",\"name\":\"Dekornik\",\"description\":\"Your little one will love it\\\\!\",\"publisher\":{\"@id\":\"https:\\\/\\\/dekornik.com\\\/pl\\\/#organization\"},\"potentialAction\":[{\"@type\":\"SearchAction\",\"target\":{\"@type\":\"EntryPoint\",\"urlTemplate\":\"https:\\\/\\\/dekornik.com\\\/pl\\\/?s={search_term_string}\"},\"query-input\":{\"@type\":\"PropertyValueSpecification\",\"valueRequired\":true,\"valueName\":\"search_term_string\"}}],\"inLanguage\":\"pl-PL\"},{\"@type\":\"Organization\",\"@id\":\"https:\\\/\\\/dekornik.com\\\/pl\\\/#organization\",\"name\":\"Dekornik sp. z o.o.\",\"url\":\"https:\\\/\\\/dekornik.com\\\/pl\\\/\",\"logo\":{\"@type\":\"ImageObject\",\"inLanguage\":\"pl-PL\",\"@id\":\"https:\\\/\\\/dekornik.com\\\/pl\\\/#\\\/schema\\\/logo\\\/image\\\/\",\"url\":\"http:\\\/\\\/dekornik.com\\\/wp-content\\\/uploads\\\/2026\\\/01\\\/logo_dekornik-01-1.svg\",\"contentUrl\":\"http:\\\/\\\/dekornik.com\\\/wp-content\\\/uploads\\\/2026\\\/01\\\/logo_dekornik-01-1.svg\",\"width\":\"1024\",\"height\":\"1024\",\"caption\":\"Dekornik sp. z o.o.\"},\"image\":{\"@id\":\"https:\\\/\\\/dekornik.com\\\/pl\\\/#\\\/schema\\\/logo\\\/image\\\/\"},\"sameAs\":[\"https:\\\/\\\/www.facebook.com\\\/DEKORNIK\\\/\",\"https:\\\/\\\/instagram.com\\\/dekornik\",\"https:\\\/\\\/www.pinterest.com\\\/dekornikcom\\\/\"]}]}<\/script>\n<!-- \/ Yoast SEO plugin. -->","yoast_head_json":{"title":"Ducklings hearts red zestaw naklejek - Dekornik","robots":{"index":"index","follow":"follow","max-snippet":"max-snippet:-1","max-image-preview":"max-image-preview:large","max-video-preview":"max-video-preview:-1"},"canonical":"https:\/\/dekornik.com\/pl\/produkt\/ducklings-hearts-red-zestaw-naklejek\/","og_locale":"pl_PL","og_type":"article","og_title":"Ducklings hearts red zestaw naklejek - Dekornik","og_description":"Delikatne naklejki z kacz\u0105tkami w kilka chwil pomog\u0105 stworzy\u0107 przytulny k\u0105cik w ka\u017cdym pokoju. Kacz\u0105tka maj\u0105 oko\u0142o 15\u201320 cm, a serduszka od 2,5 do 4 cm.Ich aplikacja jest wyj\u0105tkowo prosta \u2014 wystarczy odklei\u0107 wierzchni\u0105 warstw\u0119 i przyklei\u0107 naklejk\u0119 do \u015bciany. Na wi\u0119kszo\u015bci powierzchni mo\u017cna je r\u00f3wnie\u017c bez problemu usun\u0105\u0107, bez ryzyka uszkodzenia.","og_url":"https:\/\/dekornik.com\/pl\/produkt\/ducklings-hearts-red-zestaw-naklejek\/","og_site_name":"Dekornik","article_publisher":"https:\/\/www.facebook.com\/DEKORNIK\/","article_modified_time":"2026-04-08T16:22:25+00:00","og_image":[{"width":1000,"height":1000,"url":"https:\/\/dekornik.com\/wp-content\/uploads\/2026\/02\/DEKO.N.NNM_.106.jpg","type":"image\/jpeg"}],"schema":{"@context":"https:\/\/schema.org","@graph":[{"@type":"WebPage","@id":"https:\/\/dekornik.com\/pl\/produkt\/ducklings-hearts-red-zestaw-naklejek\/","url":"https:\/\/dekornik.com\/pl\/produkt\/ducklings-hearts-red-zestaw-naklejek\/","name":"Ducklings hearts red zestaw naklejek - Dekornik","isPartOf":{"@id":"https:\/\/dekornik.com\/pl\/#website"},"primaryImageOfPage":{"@id":"https:\/\/dekornik.com\/pl\/produkt\/ducklings-hearts-red-zestaw-naklejek\/#primaryimage"},"image":{"@id":"https:\/\/dekornik.com\/pl\/produkt\/ducklings-hearts-red-zestaw-naklejek\/#primaryimage"},"thumbnailUrl":"https:\/\/dekornik.com\/wp-content\/uploads\/2026\/02\/DEKO.N.NNM_.106.jpg","datePublished":"2026-02-20T13:38:38+00:00","dateModified":"2026-04-08T16:22:25+00:00","breadcrumb":{"@id":"https:\/\/dekornik.com\/pl\/produkt\/ducklings-hearts-red-zestaw-naklejek\/#breadcrumb"},"inLanguage":"pl-PL","potentialAction":[{"@type":"ReadAction","target":["https:\/\/dekornik.com\/pl\/produkt\/ducklings-hearts-red-zestaw-naklejek\/"]}]},{"@type":"ImageObject","inLanguage":"pl-PL","@id":"https:\/\/dekornik.com\/pl\/produkt\/ducklings-hearts-red-zestaw-naklejek\/#primaryimage","url":"https:\/\/dekornik.com\/wp-content\/uploads\/2026\/02\/DEKO.N.NNM_.106.jpg","contentUrl":"https:\/\/dekornik.com\/wp-content\/uploads\/2026\/02\/DEKO.N.NNM_.106.jpg","width":1000,"height":1000},{"@type":"BreadcrumbList","@id":"https:\/\/dekornik.com\/pl\/produkt\/ducklings-hearts-red-zestaw-naklejek\/#breadcrumb","itemListElement":[{"@type":"ListItem","position":1,"name":"Home","item":"https:\/\/dekornik.com\/pl\/"},{"@type":"ListItem","position":2,"name":"Sklep","item":"https:\/\/dekornik.com\/pl\/sklep\/"},{"@type":"ListItem","position":3,"name":"Ducklings hearts red zestaw naklejek"}]},{"@type":"WebSite","@id":"https:\/\/dekornik.com\/pl\/#website","url":"https:\/\/dekornik.com\/pl\/","name":"Dekornik","description":"Your little one will love it\\!","publisher":{"@id":"https:\/\/dekornik.com\/pl\/#organization"},"potentialAction":[{"@type":"SearchAction","target":{"@type":"EntryPoint","urlTemplate":"https:\/\/dekornik.com\/pl\/?s={search_term_string}"},"query-input":{"@type":"PropertyValueSpecification","valueRequired":true,"valueName":"search_term_string"}}],"inLanguage":"pl-PL"},{"@type":"Organization","@id":"https:\/\/dekornik.com\/pl\/#organization","name":"Dekornik sp. z o.o.","url":"https:\/\/dekornik.com\/pl\/","logo":{"@type":"ImageObject","inLanguage":"pl-PL","@id":"https:\/\/dekornik.com\/pl\/#\/schema\/logo\/image\/","url":"http:\/\/dekornik.com\/wp-content\/uploads\/2026\/01\/logo_dekornik-01-1.svg","contentUrl":"http:\/\/dekornik.com\/wp-content\/uploads\/2026\/01\/logo_dekornik-01-1.svg","width":"1024","height":"1024","caption":"Dekornik sp. z o.o."},"image":{"@id":"https:\/\/dekornik.com\/pl\/#\/schema\/logo\/image\/"},"sameAs":["https:\/\/www.facebook.com\/DEKORNIK\/","https:\/\/instagram.com\/dekornik","https:\/\/www.pinterest.com\/dekornikcom\/"]}]}},"_links":{"self":[{"href":"https:\/\/dekornik.com\/pl\/wp-json\/wp\/v2\/product\/11811","targetHints":{"allow":["GET"]}}],"collection":[{"href":"https:\/\/dekornik.com\/pl\/wp-json\/wp\/v2\/product"}],"about":[{"href":"https:\/\/dekornik.com\/pl\/wp-json\/wp\/v2\/types\/product"}],"replies":[{"embeddable":true,"href":"https:\/\/dekornik.com\/pl\/wp-json\/wp\/v2\/comments?post=11811"}],"wp:featuredmedia":[{"embeddable":true,"href":"https:\/\/dekornik.com\/pl\/wp-json\/wp\/v2\/media\/11812"}],"wp:attachment":[{"href":"https:\/\/dekornik.com\/pl\/wp-json\/wp\/v2\/media?parent=11811"}],"wp:term":[{"taxonomy":"product_brand","embeddable":true,"href":"https:\/\/dekornik.com\/pl\/wp-json\/wp\/v2\/product_brand?post=11811"},{"taxonomy":"product_cat","embeddable":true,"href":"https:\/\/dekornik.com\/pl\/wp-json\/wp\/v2\/product_cat?post=11811"},{"taxonomy":"product_tag","embeddable":true,"href":"https:\/\/dekornik.com\/pl\/wp-json\/wp\/v2\/product_tag?post=11811"}],"curies":[{"name":"wp","href":"https:\/\/api.w.org\/{rel}","templated":true}]}}