{"id":10930,"date":"2026-01-10T10:58:11","date_gmt":"2026-01-10T10:58:11","guid":{"rendered":"http:\/\/dekornik.com\/?post_type=product&#038;p=10930"},"modified":"2026-04-03T18:08:19","modified_gmt":"2026-04-03T18:08:19","slug":"gelati-rosa-wallpaper-copy-copy-copy-copy-copy","status":"publish","type":"product","link":"https:\/\/dekornik.com\/pl\/produkt\/gelati-rosa-wallpaper-copy-copy-copy-copy-copy\/","title":{"rendered":"Wide Stripes Classy Brown and Misty Blue Tapeta"},"content":{"rendered":"<p>Po\u0142\u0105czenie sezonu! Widzieli\u015bmy je w modzie wiele razy, a teraz wkracza do mainstreamu. Podstaw\u0105 jest klasyczny br\u0105z (nie ciemny, nie jasny) z burgundem. A pastele \u015bwietnie wygl\u0105daj\u0105 z tym kolorem \u2014 tutaj bardzo delikatny, &#8222;romantyczny&#8221; niebieski.<\/p>\n<p><strong>TECHNICZNIE:<\/strong><\/p>\n<p>Tapeta podzielona jest na pasy:<br \/>\n\u2022 Wysoko\u015b\u0107: 280 cm<br \/>\n\u2022 Szeroko\u015b\u0107: 50 cm<br \/>\n\u2022 Mamy tak\u017ce opcj\u0119 140 cm na wysoko\u015b\u0107, dla wszystkich, kt\u00f3rzy lubi\u0105 lamperi\u0119 i chc\u0105 tapet\u0119 jedynie od po\u0142owy \u015bciany.<\/p>\n<p>Cena dotyczy jednego pasa.<\/p>\n<p>Te pasy pasuj\u0105 do wi\u0119kszo\u015bci standardowych mieszka\u0144 \u2013 maj\u0105 dodatkowe 20 cm d\u0142ugo\u015bci, wi\u0119c bez problemu przytniesz je do wysoko\u015bci swojej \u015bciany.<\/p>\n<p>Zamawianie tapet w pasach jest szybkie i wygodne. Wystarczy zmierzy\u0107 \u015bcian\u0119 i dobra\u0107 odpowiedni\u0105 liczb\u0119 pas\u00f3w \u2013 bez skomplikowanych oblicze\u0144. Trudno tu o pomy\u0142k\u0119.<\/p>\n<p>W\u0105skie pasy sprawiaj\u0105, \u017ce tapeta niemal idealnie dopasowuje si\u0119 do szeroko\u015bci \u015bciany. Dodatkowo powtarzalny wz\u00f3r \u2013 identyczny na ka\u017cdym pasie \u2013 u\u0142atwia precyzyjne \u0142\u0105czenie od sufitu, dzi\u0119ki czemu materia\u0142 wykorzystujesz niemal w ca\u0142o\u015bci i niewiele si\u0119 marnuje!<\/p>\n","protected":false},"excerpt":{"rendered":"<p>Klasyczny br\u0105z + burgund + delikatny &#8222;romantyczny&#8221; niebieski = po\u0142\u0105czenie sezonu, prosto z modowych wybieg\u00f3w! Pastele \u015bwietnie komponuj\u0105 si\u0119 tu z ciep\u0142ym br\u0105zem.<\/p>\n<p>Pi\u0119knie prezentuje si\u0119 na jednej \u015bcianie akcentowej lub w ca\u0142ym pokoju.<\/p>\n<p>Drukowana na matowym papierze Dekornik \u2014 ekologicznym, grubym 190g\/m2, i bezpiecznym dla dzieci.<\/p>\n","protected":false},"featured_media":10944,"comment_status":"open","ping_status":"closed","template":"","meta":{"inline_featured_image":false},"product_brand":[],"product_cat":[402,401,404,393,237,400,386],"product_tag":[690],"class_list":{"0":"post-10930","1":"product","2":"type-product","3":"status-publish","4":"has-post-thumbnail","6":"product_cat-dla-chlopcow","7":"product_cat-dla-dziewczynek","8":"product_cat-kolorowy-pokoj-malucha","9":"product_cat-paski","10":"product_cat-tapety","11":"product_cat-vintage-pl","12":"product_cat-zywe-kolory","13":"product_tag-best2025-pl","15":"first","16":"instock","17":"sale","18":"taxable","19":"shipping-taxable","20":"purchasable","21":"product-type-variable","22":"has-default-attributes"},"yoast_head":"<!-- This site is optimized with the Yoast SEO plugin v27.3 - https:\/\/yoast.com\/product\/yoast-seo-wordpress\/ -->\n<title>Gelati Rosa Wallpaper: Pink Stripes for Charming Rooms<\/title>\n<meta name=\"description\" content=\"Transform your space with Gelati Rosa Wallpaper! Delicate pink &amp; beige stripes create a warm, inviting atmosphere. Easy-to-install, perfect for a girl&#039;s room. Shop charming pink wallpaper now!\" \/>\n<meta name=\"robots\" content=\"index, follow, max-snippet:-1, max-image-preview:large, max-video-preview:-1\" \/>\n<link rel=\"canonical\" href=\"https:\/\/dekornik.com\/pl\/produkt\/gelati-rosa-wallpaper-copy-copy-copy-copy-copy\/\" \/>\n<meta property=\"og:locale\" content=\"pl_PL\" \/>\n<meta property=\"og:type\" content=\"article\" \/>\n<meta property=\"og:title\" content=\"Gelati Rosa Wallpaper: Pink Stripes for Charming Rooms\" \/>\n<meta property=\"og:description\" content=\"Transform your space with Gelati Rosa Wallpaper! Delicate pink &amp; beige stripes create a warm, inviting atmosphere. Easy-to-install, perfect for a girl&#039;s room. Shop charming pink wallpaper now!\" \/>\n<meta property=\"og:url\" content=\"https:\/\/dekornik.com\/pl\/produkt\/gelati-rosa-wallpaper-copy-copy-copy-copy-copy\/\" \/>\n<meta property=\"og:site_name\" content=\"Dekornik\" \/>\n<meta property=\"article:publisher\" content=\"https:\/\/www.facebook.com\/DEKORNIK\/\" \/>\n<meta property=\"article:modified_time\" content=\"2026-04-03T18:08:19+00:00\" \/>\n<meta property=\"og:image\" content=\"https:\/\/dekornik.com\/wp-content\/uploads\/2026\/01\/DEKO.TAP_.553-_Wide-stripes-classy-brown-and-misty-blue__50x280_1_72ad7d30-3178-4dd2-8f00-0161964f5c7a.jpg\" \/>\n\t<meta property=\"og:image:width\" content=\"1000\" \/>\n\t<meta property=\"og:image:height\" content=\"1000\" \/>\n\t<meta property=\"og:image:type\" content=\"image\/jpeg\" \/>\n<script type=\"application\/ld+json\" class=\"yoast-schema-graph\">{\"@context\":\"https:\\\/\\\/schema.org\",\"@graph\":[{\"@type\":\"WebPage\",\"@id\":\"https:\\\/\\\/dekornik.com\\\/pl\\\/produkt\\\/gelati-rosa-wallpaper-copy-copy-copy-copy-copy\\\/\",\"url\":\"https:\\\/\\\/dekornik.com\\\/pl\\\/produkt\\\/gelati-rosa-wallpaper-copy-copy-copy-copy-copy\\\/\",\"name\":\"Gelati Rosa Wallpaper: Pink Stripes for Charming Rooms\",\"isPartOf\":{\"@id\":\"https:\\\/\\\/dekornik.com\\\/pl\\\/#website\"},\"primaryImageOfPage\":{\"@id\":\"https:\\\/\\\/dekornik.com\\\/pl\\\/produkt\\\/gelati-rosa-wallpaper-copy-copy-copy-copy-copy\\\/#primaryimage\"},\"image\":{\"@id\":\"https:\\\/\\\/dekornik.com\\\/pl\\\/produkt\\\/gelati-rosa-wallpaper-copy-copy-copy-copy-copy\\\/#primaryimage\"},\"thumbnailUrl\":\"https:\\\/\\\/dekornik.com\\\/wp-content\\\/uploads\\\/2026\\\/01\\\/DEKO.TAP_.553-_Wide-stripes-classy-brown-and-misty-blue__50x280_1_72ad7d30-3178-4dd2-8f00-0161964f5c7a.jpg\",\"datePublished\":\"2026-01-10T10:58:11+00:00\",\"dateModified\":\"2026-04-03T18:08:19+00:00\",\"description\":\"Transform your space with Gelati Rosa Wallpaper! Delicate pink & beige stripes create a warm, inviting atmosphere. Easy-to-install, perfect for a girl's room. Shop charming pink wallpaper now!\",\"breadcrumb\":{\"@id\":\"https:\\\/\\\/dekornik.com\\\/pl\\\/produkt\\\/gelati-rosa-wallpaper-copy-copy-copy-copy-copy\\\/#breadcrumb\"},\"inLanguage\":\"pl-PL\",\"potentialAction\":[{\"@type\":\"ReadAction\",\"target\":[\"https:\\\/\\\/dekornik.com\\\/pl\\\/produkt\\\/gelati-rosa-wallpaper-copy-copy-copy-copy-copy\\\/\"]}]},{\"@type\":\"ImageObject\",\"inLanguage\":\"pl-PL\",\"@id\":\"https:\\\/\\\/dekornik.com\\\/pl\\\/produkt\\\/gelati-rosa-wallpaper-copy-copy-copy-copy-copy\\\/#primaryimage\",\"url\":\"https:\\\/\\\/dekornik.com\\\/wp-content\\\/uploads\\\/2026\\\/01\\\/DEKO.TAP_.553-_Wide-stripes-classy-brown-and-misty-blue__50x280_1_72ad7d30-3178-4dd2-8f00-0161964f5c7a.jpg\",\"contentUrl\":\"https:\\\/\\\/dekornik.com\\\/wp-content\\\/uploads\\\/2026\\\/01\\\/DEKO.TAP_.553-_Wide-stripes-classy-brown-and-misty-blue__50x280_1_72ad7d30-3178-4dd2-8f00-0161964f5c7a.jpg\",\"width\":1000,\"height\":1000},{\"@type\":\"BreadcrumbList\",\"@id\":\"https:\\\/\\\/dekornik.com\\\/pl\\\/produkt\\\/gelati-rosa-wallpaper-copy-copy-copy-copy-copy\\\/#breadcrumb\",\"itemListElement\":[{\"@type\":\"ListItem\",\"position\":1,\"name\":\"Home\",\"item\":\"https:\\\/\\\/dekornik.com\\\/pl\\\/\"},{\"@type\":\"ListItem\",\"position\":2,\"name\":\"Sklep\",\"item\":\"https:\\\/\\\/dekornik.com\\\/pl\\\/sklep\\\/\"},{\"@type\":\"ListItem\",\"position\":3,\"name\":\"Wide Stripes Classy Brown and Misty Blue Tapeta\"}]},{\"@type\":\"WebSite\",\"@id\":\"https:\\\/\\\/dekornik.com\\\/pl\\\/#website\",\"url\":\"https:\\\/\\\/dekornik.com\\\/pl\\\/\",\"name\":\"Dekornik\",\"description\":\"Your little one will love it\\\\!\",\"publisher\":{\"@id\":\"https:\\\/\\\/dekornik.com\\\/pl\\\/#organization\"},\"potentialAction\":[{\"@type\":\"SearchAction\",\"target\":{\"@type\":\"EntryPoint\",\"urlTemplate\":\"https:\\\/\\\/dekornik.com\\\/pl\\\/?s={search_term_string}\"},\"query-input\":{\"@type\":\"PropertyValueSpecification\",\"valueRequired\":true,\"valueName\":\"search_term_string\"}}],\"inLanguage\":\"pl-PL\"},{\"@type\":\"Organization\",\"@id\":\"https:\\\/\\\/dekornik.com\\\/pl\\\/#organization\",\"name\":\"Dekornik sp. z o.o.\",\"url\":\"https:\\\/\\\/dekornik.com\\\/pl\\\/\",\"logo\":{\"@type\":\"ImageObject\",\"inLanguage\":\"pl-PL\",\"@id\":\"https:\\\/\\\/dekornik.com\\\/pl\\\/#\\\/schema\\\/logo\\\/image\\\/\",\"url\":\"http:\\\/\\\/dekornik.com\\\/wp-content\\\/uploads\\\/2026\\\/01\\\/logo_dekornik-01-1.svg\",\"contentUrl\":\"http:\\\/\\\/dekornik.com\\\/wp-content\\\/uploads\\\/2026\\\/01\\\/logo_dekornik-01-1.svg\",\"width\":\"1024\",\"height\":\"1024\",\"caption\":\"Dekornik sp. z o.o.\"},\"image\":{\"@id\":\"https:\\\/\\\/dekornik.com\\\/pl\\\/#\\\/schema\\\/logo\\\/image\\\/\"},\"sameAs\":[\"https:\\\/\\\/www.facebook.com\\\/DEKORNIK\\\/\",\"https:\\\/\\\/instagram.com\\\/dekornik\",\"https:\\\/\\\/www.pinterest.com\\\/dekornikcom\\\/\"]}]}<\/script>\n<!-- \/ Yoast SEO plugin. -->","yoast_head_json":{"title":"Gelati Rosa Wallpaper: Pink Stripes for Charming Rooms","description":"Transform your space with Gelati Rosa Wallpaper! Delicate pink & beige stripes create a warm, inviting atmosphere. Easy-to-install, perfect for a girl's room. Shop charming pink wallpaper now!","robots":{"index":"index","follow":"follow","max-snippet":"max-snippet:-1","max-image-preview":"max-image-preview:large","max-video-preview":"max-video-preview:-1"},"canonical":"https:\/\/dekornik.com\/pl\/produkt\/gelati-rosa-wallpaper-copy-copy-copy-copy-copy\/","og_locale":"pl_PL","og_type":"article","og_title":"Gelati Rosa Wallpaper: Pink Stripes for Charming Rooms","og_description":"Transform your space with Gelati Rosa Wallpaper! Delicate pink & beige stripes create a warm, inviting atmosphere. Easy-to-install, perfect for a girl's room. Shop charming pink wallpaper now!","og_url":"https:\/\/dekornik.com\/pl\/produkt\/gelati-rosa-wallpaper-copy-copy-copy-copy-copy\/","og_site_name":"Dekornik","article_publisher":"https:\/\/www.facebook.com\/DEKORNIK\/","article_modified_time":"2026-04-03T18:08:19+00:00","og_image":[{"width":1000,"height":1000,"url":"https:\/\/dekornik.com\/wp-content\/uploads\/2026\/01\/DEKO.TAP_.553-_Wide-stripes-classy-brown-and-misty-blue__50x280_1_72ad7d30-3178-4dd2-8f00-0161964f5c7a.jpg","type":"image\/jpeg"}],"schema":{"@context":"https:\/\/schema.org","@graph":[{"@type":"WebPage","@id":"https:\/\/dekornik.com\/pl\/produkt\/gelati-rosa-wallpaper-copy-copy-copy-copy-copy\/","url":"https:\/\/dekornik.com\/pl\/produkt\/gelati-rosa-wallpaper-copy-copy-copy-copy-copy\/","name":"Gelati Rosa Wallpaper: Pink Stripes for Charming Rooms","isPartOf":{"@id":"https:\/\/dekornik.com\/pl\/#website"},"primaryImageOfPage":{"@id":"https:\/\/dekornik.com\/pl\/produkt\/gelati-rosa-wallpaper-copy-copy-copy-copy-copy\/#primaryimage"},"image":{"@id":"https:\/\/dekornik.com\/pl\/produkt\/gelati-rosa-wallpaper-copy-copy-copy-copy-copy\/#primaryimage"},"thumbnailUrl":"https:\/\/dekornik.com\/wp-content\/uploads\/2026\/01\/DEKO.TAP_.553-_Wide-stripes-classy-brown-and-misty-blue__50x280_1_72ad7d30-3178-4dd2-8f00-0161964f5c7a.jpg","datePublished":"2026-01-10T10:58:11+00:00","dateModified":"2026-04-03T18:08:19+00:00","description":"Transform your space with Gelati Rosa Wallpaper! Delicate pink & beige stripes create a warm, inviting atmosphere. Easy-to-install, perfect for a girl's room. Shop charming pink wallpaper now!","breadcrumb":{"@id":"https:\/\/dekornik.com\/pl\/produkt\/gelati-rosa-wallpaper-copy-copy-copy-copy-copy\/#breadcrumb"},"inLanguage":"pl-PL","potentialAction":[{"@type":"ReadAction","target":["https:\/\/dekornik.com\/pl\/produkt\/gelati-rosa-wallpaper-copy-copy-copy-copy-copy\/"]}]},{"@type":"ImageObject","inLanguage":"pl-PL","@id":"https:\/\/dekornik.com\/pl\/produkt\/gelati-rosa-wallpaper-copy-copy-copy-copy-copy\/#primaryimage","url":"https:\/\/dekornik.com\/wp-content\/uploads\/2026\/01\/DEKO.TAP_.553-_Wide-stripes-classy-brown-and-misty-blue__50x280_1_72ad7d30-3178-4dd2-8f00-0161964f5c7a.jpg","contentUrl":"https:\/\/dekornik.com\/wp-content\/uploads\/2026\/01\/DEKO.TAP_.553-_Wide-stripes-classy-brown-and-misty-blue__50x280_1_72ad7d30-3178-4dd2-8f00-0161964f5c7a.jpg","width":1000,"height":1000},{"@type":"BreadcrumbList","@id":"https:\/\/dekornik.com\/pl\/produkt\/gelati-rosa-wallpaper-copy-copy-copy-copy-copy\/#breadcrumb","itemListElement":[{"@type":"ListItem","position":1,"name":"Home","item":"https:\/\/dekornik.com\/pl\/"},{"@type":"ListItem","position":2,"name":"Sklep","item":"https:\/\/dekornik.com\/pl\/sklep\/"},{"@type":"ListItem","position":3,"name":"Wide Stripes Classy Brown and Misty Blue Tapeta"}]},{"@type":"WebSite","@id":"https:\/\/dekornik.com\/pl\/#website","url":"https:\/\/dekornik.com\/pl\/","name":"Dekornik","description":"Your little one will love it\\!","publisher":{"@id":"https:\/\/dekornik.com\/pl\/#organization"},"potentialAction":[{"@type":"SearchAction","target":{"@type":"EntryPoint","urlTemplate":"https:\/\/dekornik.com\/pl\/?s={search_term_string}"},"query-input":{"@type":"PropertyValueSpecification","valueRequired":true,"valueName":"search_term_string"}}],"inLanguage":"pl-PL"},{"@type":"Organization","@id":"https:\/\/dekornik.com\/pl\/#organization","name":"Dekornik sp. z o.o.","url":"https:\/\/dekornik.com\/pl\/","logo":{"@type":"ImageObject","inLanguage":"pl-PL","@id":"https:\/\/dekornik.com\/pl\/#\/schema\/logo\/image\/","url":"http:\/\/dekornik.com\/wp-content\/uploads\/2026\/01\/logo_dekornik-01-1.svg","contentUrl":"http:\/\/dekornik.com\/wp-content\/uploads\/2026\/01\/logo_dekornik-01-1.svg","width":"1024","height":"1024","caption":"Dekornik sp. z o.o."},"image":{"@id":"https:\/\/dekornik.com\/pl\/#\/schema\/logo\/image\/"},"sameAs":["https:\/\/www.facebook.com\/DEKORNIK\/","https:\/\/instagram.com\/dekornik","https:\/\/www.pinterest.com\/dekornikcom\/"]}]}},"_links":{"self":[{"href":"https:\/\/dekornik.com\/pl\/wp-json\/wp\/v2\/product\/10930","targetHints":{"allow":["GET"]}}],"collection":[{"href":"https:\/\/dekornik.com\/pl\/wp-json\/wp\/v2\/product"}],"about":[{"href":"https:\/\/dekornik.com\/pl\/wp-json\/wp\/v2\/types\/product"}],"replies":[{"embeddable":true,"href":"https:\/\/dekornik.com\/pl\/wp-json\/wp\/v2\/comments?post=10930"}],"wp:featuredmedia":[{"embeddable":true,"href":"https:\/\/dekornik.com\/pl\/wp-json\/wp\/v2\/media\/10944"}],"wp:attachment":[{"href":"https:\/\/dekornik.com\/pl\/wp-json\/wp\/v2\/media?parent=10930"}],"wp:term":[{"taxonomy":"product_brand","embeddable":true,"href":"https:\/\/dekornik.com\/pl\/wp-json\/wp\/v2\/product_brand?post=10930"},{"taxonomy":"product_cat","embeddable":true,"href":"https:\/\/dekornik.com\/pl\/wp-json\/wp\/v2\/product_cat?post=10930"},{"taxonomy":"product_tag","embeddable":true,"href":"https:\/\/dekornik.com\/pl\/wp-json\/wp\/v2\/product_tag?post=10930"}],"curies":[{"name":"wp","href":"https:\/\/api.w.org\/{rel}","templated":true}]}}