{"id":12365,"date":"2019-03-20T04:12:33","date_gmt":"2019-03-20T04:12:33","guid":{"rendered":"http:\/\/dekornik.com\/about-us\/"},"modified":"2026-03-30T15:20:51","modified_gmt":"2026-03-30T15:20:51","slug":"about-us","status":"publish","type":"page","link":"https:\/\/dekornik.com\/pl\/about-us\/","title":{"rendered":"O nas"},"content":{"rendered":"<div class=\"wpb-content-wrapper\">[vc_row et_full_width=&#8221;true&#8221; et_row_padding=&#8221;true&#8221; css=&#8221;.vc_custom_1588128835660{padding-top: 60px !important;padding-bottom: 60px !important;}&#8221;][vc_column][vc_row_inner content_placement=&#8221;middle&#8221; el_class=&#8221;align-center&#8221;][vc_column_inner animation=&#8221;animation left-to-right&#8221; offset=&#8221;vc_col-md-7&#8243;][vc_single_image image=&#8221;12348&#8243; img_size=&#8221;600&#215;600&#8243; alignment=&#8221;center&#8221; css=&#8221;&#8221;][\/vc_column_inner][vc_column_inner animation=&#8221;animation right-to-left&#8221; offset=&#8221;vc_col-md-5&#8243; css=&#8221;.vc_custom_1578532669392{padding-top: 40px !important;}&#8221;][vc_column_text css=&#8221;&#8221;]\n<h5 class=\"fancy-title\">Poznaj nas<\/h5>\n<h2>Cze\u015b\u0107 wszystkim!<\/h2>\n<p>Dekornik jest prowadzony przez dwie kobiety \u2014 Kasi\u0119 i Paulin\u0119. Dzia\u0142amy z Warszawy (gdzie znajduje si\u0119 g\u0142\u00f3wne biuro), Londynu i&#8230; Sycylii! Dlatego nasze wzory tapet s\u0105 tak kolorowe, radosne i r\u00f3\u017cnorodne. Zaczyna\u0142y\u015bmy jako ma\u0142a firma, a teraz sprzedajemy w ponad 20 krajach na ca\u0142ym \u015bwiecie!<\/p>\n<p>Design, oryginalno\u015b\u0107, komfort i bezpiecze\u0144stwo. Prawie wszystkie nasze wzory s\u0105 tworzone przez nas. U\u017cywamy wy\u0142\u0105cznie ekologicznych farb i specjalnego papieru do produkcji naszych tapet. Jeste\u015bmy szczere i staramy si\u0119 znajdowa\u0107 rado\u015b\u0107 we wszystkim, co robimy. Zupe\u0142nie jak dzieci \u2014 nasza najwi\u0119ksza inspiracja.<\/p>\n[\/vc_column_text][\/vc_column_inner][\/vc_row_inner][\/vc_column][\/vc_row][vc_row][vc_column][vc_masonry_media_grid gap=&#8221;0&#8243; css=&#8221;&#8221; grid_id=&#8221;vc_gid:1762864975159-fab4c147-1793-10&#8243; include=&#8221;12349,12350,12351,12352,12353,12354,12355,12356,12357,12358,12359,12360,12361,12362,12363&#8243;][\/vc_column][\/vc_row][vc_row et_full_width=&#8221;true&#8221; css=&#8221;.vc_custom_1579114943204{padding-top: 80px !important;padding-bottom: 60px !important;background-color: #f6f6f6 !important;}&#8221;][vc_column][vc_row_inner et_column_align=&#8221;align-center&#8221; css=&#8221;.vc_custom_1578532916555{margin-bottom: 25px !important;}&#8221;][vc_column_inner animation=&#8221;animation bottom-to-top&#8221; offset=&#8221;vc_col-lg-6&#8243;][vc_column_text css=&#8221;&#8221;][\/vc_column_text][\/vc_column_inner][\/vc_row_inner]\t<div id=\"et-icon-holder-36\" class=\"et-icon-holder row center-true lg-block-grid-3 md-block-grid-2 block-grid-1 \">\n\t\t\r\n\t<div id=\"et-iconbox-434\" class=\"et-iconbox layout-centered icon-style-simple bottom-spacing-none icon-color- text-color-  \"> \r\n\t\t<div class=\"et-icon-inner\">\r\n\t\t\t\t\t\t<figure class=\"et-feature-icon\">\r\n\t\t\t\t\t\t\t\t<span class=\"pe-7s-trash\"><\/span>\r\n\t\t\t\t\t\t\t<\/figure>\r\n\t\t\t\t\t\t<div class=\"et-feature-content\"> \r\n\t\t\t\t\t\t\t\t\t\t\t\t\t\t\t\t\t<h4 class=\"title\">TW\u00d3RZ Z RADO\u015aCI\u0104<\/h4>\r\n\t\t\t\t\t\t\t\t\t\t\t\t<div class=\"wpb_text_column\"><p>\u017bycie jest za kr\u00f3tkie na nudne projekty, prawda? R\u00f3b wszystko na 100% i r\u00f3b to z u\u015bmiechem na twarzy.<\/p>\n<\/div>\r\n\t\t\t<\/div>\r\n\t\t<\/div>\r\n\t<\/div>\r\n\r\n\t\r\n\t<div id=\"et-iconbox-471\" class=\"et-iconbox layout-centered icon-style-simple bottom-spacing-none icon-color- text-color-  \"> \r\n\t\t<div class=\"et-icon-inner\">\r\n\t\t\t\t\t\t<figure class=\"et-feature-icon\">\r\n\t\t\t\t\t\t\t\t<span class=\"pe-7s-signal\"><\/span>\r\n\t\t\t\t\t\t\t<\/figure>\r\n\t\t\t\t\t\t<div class=\"et-feature-content\"> \r\n\t\t\t\t\t\t\t\t\t\t\t\t\t\t\t\t\t<h4 class=\"title\">PRODUKUJ LOKALNIE<\/h4>\r\n\t\t\t\t\t\t\t\t\t\t\t\t<div class=\"wpb_text_column\"><p>Projektujemy i produkujemy wszystko w Europie (W\u0142ochy i Polska). Przepraszamy, ale masowa produkcja nas nie interesuje.<\/p>\n<\/div>\r\n\t\t\t<\/div>\r\n\t\t<\/div>\r\n\t<\/div>\r\n\r\n\t\r\n\t<div id=\"et-iconbox-318\" class=\"et-iconbox layout-centered icon-style-simple bottom-spacing-none icon-color- text-color-  \"> \r\n\t\t<div class=\"et-icon-inner\">\r\n\t\t\t\t\t\t<figure class=\"et-feature-icon\">\r\n\t\t\t\t\t\t\t\t<span class=\"pe-7s-share\"><\/span>\r\n\t\t\t\t\t\t\t<\/figure>\r\n\t\t\t\t\t\t<div class=\"et-feature-content\"> \r\n\t\t\t\t\t\t\t\t\t\t\t\t\t\t\t\t\t<h4 class=\"title\">\u017bYJ NATURALNIE<\/h4>\r\n\t\t\t\t\t\t\t\t\t\t\t\t<div class=\"wpb_text_column\"><p>&#8230;wierz\u0105c w zr\u00f3wnowa\u017cony rozw\u00f3j, prostot\u0119 i uczciwo\u015b\u0107. Wszyscy staramy si\u0119 znale\u017a\u0107 r\u00f3wnowag\u0119 mi\u0119dzy kreatywno\u015bci\u0105 a dolce far niente.<\/p>\n<\/div>\r\n\t\t\t<\/div>\r\n\t\t<\/div>\r\n\t<\/div>\r\n\r\n\t\t<\/div>\n\t[\/vc_column][\/vc_row]\n<\/div>","protected":false},"excerpt":{"rendered":"<p>[vc_row et_full_width=&#8221;true&#8221; et_row_padding=&#8221;true&#8221; css=&#8221;.vc_custom_1588128835660{padding-top: 60px !important;padding-bottom: 60px !important;}&#8221;][vc_column][vc_row_inner content_placement=&#8221;middle&#8221; el_class=&#8221;align-center&#8221;][vc_column_inner animation=&#8221;animation left-to-right&#8221; offset=&#8221;vc_col-md-7&#8243;][vc_single_image image=&#8221;12348&#8243; img_size=&#8221;600&#215;600&#8243; alignment=&#8221;center&#8221; css=&#8221;&#8221;][\/vc_column_inner][vc_column_inner animation=&#8221;animation right-to-left&#8221; offset=&#8221;vc_col-md-5&#8243; css=&#8221;.vc_custom_1578532669392{padding-top: 40px !important;}&#8221;][vc_column_text css=&#8221;&#8221;] Poznaj nas Cze\u015b\u0107 wszystkim! Dekornik jest prowadzony przez dwie kobiety \u2014 Kasi\u0119 i Paulin\u0119. Dzia\u0142amy z Warszawy (gdzie znajduje si\u0119 g\u0142\u00f3wne biuro), Londynu i&#8230; Sycylii! Dlatego [&hellip;]<\/p>\n","protected":false},"author":1,"featured_media":0,"parent":0,"menu_order":0,"comment_status":"closed","ping_status":"closed","template":"","meta":{"inline_featured_image":false,"footnotes":""},"class_list":["post-12365","page","type-page","status-publish","hentry"],"yoast_head":"<!-- This site is optimized with the Yoast SEO plugin v27.3 - https:\/\/yoast.com\/product\/yoast-seo-wordpress\/ -->\n<title>O nas - Dekornik<\/title>\n<meta name=\"robots\" content=\"index, follow, max-snippet:-1, max-image-preview:large, max-video-preview:-1\" \/>\n<link rel=\"canonical\" href=\"https:\/\/dekornik.com\/pl\/about-us\/\" \/>\n<meta property=\"og:locale\" content=\"pl_PL\" \/>\n<meta property=\"og:type\" content=\"article\" \/>\n<meta property=\"og:title\" content=\"O nas - Dekornik\" \/>\n<meta property=\"og:description\" content=\"[vc_row et_full_width=&#8221;true&#8221; et_row_padding=&#8221;true&#8221; css=&#8221;.vc_custom_1588128835660{padding-top: 60px !important;padding-bottom: 60px !important;}&#8221;][vc_column][vc_row_inner content_placement=&#8221;middle&#8221; el_class=&#8221;align-center&#8221;][vc_column_inner animation=&#8221;animation left-to-right&#8221; offset=&#8221;vc_col-md-7&#8243;][vc_single_image image=&#8221;12348&#8243; img_size=&#8221;600&#215;600&#8243; alignment=&#8221;center&#8221; css=&#8221;&#8221;][\/vc_column_inner][vc_column_inner animation=&#8221;animation right-to-left&#8221; offset=&#8221;vc_col-md-5&#8243; css=&#8221;.vc_custom_1578532669392{padding-top: 40px !important;}&#8221;][vc_column_text css=&#8221;&#8221;] Poznaj nas Cze\u015b\u0107 wszystkim! Dekornik jest prowadzony przez dwie kobiety \u2014 Kasi\u0119 i Paulin\u0119. Dzia\u0142amy z Warszawy (gdzie znajduje si\u0119 g\u0142\u00f3wne biuro), Londynu i&#8230; Sycylii! Dlatego [&hellip;]\" \/>\n<meta property=\"og:url\" content=\"https:\/\/dekornik.com\/pl\/about-us\/\" \/>\n<meta property=\"og:site_name\" content=\"Dekornik\" \/>\n<meta property=\"article:publisher\" content=\"https:\/\/www.facebook.com\/DEKORNIK\/\" \/>\n<meta property=\"article:modified_time\" content=\"2026-03-30T15:20:51+00:00\" \/>\n<script type=\"application\/ld+json\" class=\"yoast-schema-graph\">{\"@context\":\"https:\\\/\\\/schema.org\",\"@graph\":[{\"@type\":\"WebPage\",\"@id\":\"https:\\\/\\\/dekornik.com\\\/pl\\\/about-us\\\/\",\"url\":\"https:\\\/\\\/dekornik.com\\\/pl\\\/about-us\\\/\",\"name\":\"O nas - Dekornik\",\"isPartOf\":{\"@id\":\"https:\\\/\\\/dekornik.com\\\/pl\\\/#website\"},\"datePublished\":\"2019-03-20T04:12:33+00:00\",\"dateModified\":\"2026-03-30T15:20:51+00:00\",\"breadcrumb\":{\"@id\":\"https:\\\/\\\/dekornik.com\\\/pl\\\/about-us\\\/#breadcrumb\"},\"inLanguage\":\"pl-PL\",\"potentialAction\":[{\"@type\":\"ReadAction\",\"target\":[\"https:\\\/\\\/dekornik.com\\\/pl\\\/about-us\\\/\"]}]},{\"@type\":\"BreadcrumbList\",\"@id\":\"https:\\\/\\\/dekornik.com\\\/pl\\\/about-us\\\/#breadcrumb\",\"itemListElement\":[{\"@type\":\"ListItem\",\"position\":1,\"name\":\"Home\",\"item\":\"https:\\\/\\\/dekornik.com\\\/pl\\\/\"},{\"@type\":\"ListItem\",\"position\":2,\"name\":\"O nas\"}]},{\"@type\":\"WebSite\",\"@id\":\"https:\\\/\\\/dekornik.com\\\/pl\\\/#website\",\"url\":\"https:\\\/\\\/dekornik.com\\\/pl\\\/\",\"name\":\"Dekornik\",\"description\":\"Your little one will love it\\\\!\",\"publisher\":{\"@id\":\"https:\\\/\\\/dekornik.com\\\/pl\\\/#organization\"},\"potentialAction\":[{\"@type\":\"SearchAction\",\"target\":{\"@type\":\"EntryPoint\",\"urlTemplate\":\"https:\\\/\\\/dekornik.com\\\/pl\\\/?s={search_term_string}\"},\"query-input\":{\"@type\":\"PropertyValueSpecification\",\"valueRequired\":true,\"valueName\":\"search_term_string\"}}],\"inLanguage\":\"pl-PL\"},{\"@type\":\"Organization\",\"@id\":\"https:\\\/\\\/dekornik.com\\\/pl\\\/#organization\",\"name\":\"Dekornik sp. z o.o.\",\"url\":\"https:\\\/\\\/dekornik.com\\\/pl\\\/\",\"logo\":{\"@type\":\"ImageObject\",\"inLanguage\":\"pl-PL\",\"@id\":\"https:\\\/\\\/dekornik.com\\\/pl\\\/#\\\/schema\\\/logo\\\/image\\\/\",\"url\":\"http:\\\/\\\/dekornik.com\\\/wp-content\\\/uploads\\\/2026\\\/01\\\/logo_dekornik-01-1.svg\",\"contentUrl\":\"http:\\\/\\\/dekornik.com\\\/wp-content\\\/uploads\\\/2026\\\/01\\\/logo_dekornik-01-1.svg\",\"width\":\"1024\",\"height\":\"1024\",\"caption\":\"Dekornik sp. z o.o.\"},\"image\":{\"@id\":\"https:\\\/\\\/dekornik.com\\\/pl\\\/#\\\/schema\\\/logo\\\/image\\\/\"},\"sameAs\":[\"https:\\\/\\\/www.facebook.com\\\/DEKORNIK\\\/\",\"https:\\\/\\\/instagram.com\\\/dekornik\",\"https:\\\/\\\/www.pinterest.com\\\/dekornikcom\\\/\"]}]}<\/script>\n<!-- \/ Yoast SEO plugin. -->","yoast_head_json":{"title":"O nas - Dekornik","robots":{"index":"index","follow":"follow","max-snippet":"max-snippet:-1","max-image-preview":"max-image-preview:large","max-video-preview":"max-video-preview:-1"},"canonical":"https:\/\/dekornik.com\/pl\/about-us\/","og_locale":"pl_PL","og_type":"article","og_title":"O nas - Dekornik","og_description":"[vc_row et_full_width=&#8221;true&#8221; et_row_padding=&#8221;true&#8221; css=&#8221;.vc_custom_1588128835660{padding-top: 60px !important;padding-bottom: 60px !important;}&#8221;][vc_column][vc_row_inner content_placement=&#8221;middle&#8221; el_class=&#8221;align-center&#8221;][vc_column_inner animation=&#8221;animation left-to-right&#8221; offset=&#8221;vc_col-md-7&#8243;][vc_single_image image=&#8221;12348&#8243; img_size=&#8221;600&#215;600&#8243; alignment=&#8221;center&#8221; css=&#8221;&#8221;][\/vc_column_inner][vc_column_inner animation=&#8221;animation right-to-left&#8221; offset=&#8221;vc_col-md-5&#8243; css=&#8221;.vc_custom_1578532669392{padding-top: 40px !important;}&#8221;][vc_column_text css=&#8221;&#8221;] Poznaj nas Cze\u015b\u0107 wszystkim! Dekornik jest prowadzony przez dwie kobiety \u2014 Kasi\u0119 i Paulin\u0119. Dzia\u0142amy z Warszawy (gdzie znajduje si\u0119 g\u0142\u00f3wne biuro), Londynu i&#8230; Sycylii! Dlatego [&hellip;]","og_url":"https:\/\/dekornik.com\/pl\/about-us\/","og_site_name":"Dekornik","article_publisher":"https:\/\/www.facebook.com\/DEKORNIK\/","article_modified_time":"2026-03-30T15:20:51+00:00","schema":{"@context":"https:\/\/schema.org","@graph":[{"@type":"WebPage","@id":"https:\/\/dekornik.com\/pl\/about-us\/","url":"https:\/\/dekornik.com\/pl\/about-us\/","name":"O nas - Dekornik","isPartOf":{"@id":"https:\/\/dekornik.com\/pl\/#website"},"datePublished":"2019-03-20T04:12:33+00:00","dateModified":"2026-03-30T15:20:51+00:00","breadcrumb":{"@id":"https:\/\/dekornik.com\/pl\/about-us\/#breadcrumb"},"inLanguage":"pl-PL","potentialAction":[{"@type":"ReadAction","target":["https:\/\/dekornik.com\/pl\/about-us\/"]}]},{"@type":"BreadcrumbList","@id":"https:\/\/dekornik.com\/pl\/about-us\/#breadcrumb","itemListElement":[{"@type":"ListItem","position":1,"name":"Home","item":"https:\/\/dekornik.com\/pl\/"},{"@type":"ListItem","position":2,"name":"O nas"}]},{"@type":"WebSite","@id":"https:\/\/dekornik.com\/pl\/#website","url":"https:\/\/dekornik.com\/pl\/","name":"Dekornik","description":"Your little one will love it\\!","publisher":{"@id":"https:\/\/dekornik.com\/pl\/#organization"},"potentialAction":[{"@type":"SearchAction","target":{"@type":"EntryPoint","urlTemplate":"https:\/\/dekornik.com\/pl\/?s={search_term_string}"},"query-input":{"@type":"PropertyValueSpecification","valueRequired":true,"valueName":"search_term_string"}}],"inLanguage":"pl-PL"},{"@type":"Organization","@id":"https:\/\/dekornik.com\/pl\/#organization","name":"Dekornik sp. z o.o.","url":"https:\/\/dekornik.com\/pl\/","logo":{"@type":"ImageObject","inLanguage":"pl-PL","@id":"https:\/\/dekornik.com\/pl\/#\/schema\/logo\/image\/","url":"http:\/\/dekornik.com\/wp-content\/uploads\/2026\/01\/logo_dekornik-01-1.svg","contentUrl":"http:\/\/dekornik.com\/wp-content\/uploads\/2026\/01\/logo_dekornik-01-1.svg","width":"1024","height":"1024","caption":"Dekornik sp. z o.o."},"image":{"@id":"https:\/\/dekornik.com\/pl\/#\/schema\/logo\/image\/"},"sameAs":["https:\/\/www.facebook.com\/DEKORNIK\/","https:\/\/instagram.com\/dekornik","https:\/\/www.pinterest.com\/dekornikcom\/"]}]}},"_links":{"self":[{"href":"https:\/\/dekornik.com\/pl\/wp-json\/wp\/v2\/pages\/12365","targetHints":{"allow":["GET"]}}],"collection":[{"href":"https:\/\/dekornik.com\/pl\/wp-json\/wp\/v2\/pages"}],"about":[{"href":"https:\/\/dekornik.com\/pl\/wp-json\/wp\/v2\/types\/page"}],"author":[{"embeddable":true,"href":"https:\/\/dekornik.com\/pl\/wp-json\/wp\/v2\/users\/1"}],"replies":[{"embeddable":true,"href":"https:\/\/dekornik.com\/pl\/wp-json\/wp\/v2\/comments?post=12365"}],"version-history":[{"count":3,"href":"https:\/\/dekornik.com\/pl\/wp-json\/wp\/v2\/pages\/12365\/revisions"}],"predecessor-version":[{"id":12397,"href":"https:\/\/dekornik.com\/pl\/wp-json\/wp\/v2\/pages\/12365\/revisions\/12397"}],"wp:attachment":[{"href":"https:\/\/dekornik.com\/pl\/wp-json\/wp\/v2\/media?parent=12365"}],"curies":[{"name":"wp","href":"https:\/\/api.w.org\/{rel}","templated":true}]}}